{"id":1826,"date":"2025-01-27T13:35:00","date_gmt":"2025-01-27T10:35:00","guid":{"rendered":"https:\/\/ticaret.edu.tr\/mimarlik\/?page_id=1826"},"modified":"2025-10-20T12:20:52","modified_gmt":"2025-10-20T09:20:52","slug":"tasarim-projesi-bitirme-projesi","status":"publish","type":"page","link":"http:\/\/ticaret.edu.tr\/mimarlik\/tasarim-projesi-bitirme-projesi\/","title":{"rendered":"Tasar\u0131m Projesi\/Bitirme Projesi"},"content":{"rendered":"<p>Bitirme projesi de\u011ferlendirme s\u00fcreci; \u00f6\u011frencilerin hem vize hem de final a\u015famalar\u0131nda \u00e7ok a\u015famal\u0131 ve \u00f6l\u00e7ekli \u00e7al\u0131\u015fmalar \u00fczerinden \u00f6l\u00e7\u00fclmektedir.<\/p>\n<p><strong>Vize a\u015famas\u0131nda;<\/strong> et\u00fct ve inceleme \u00e7al\u0131\u015fmalar\u0131, pafta tasar\u0131m\u0131\/sunum tekni\u011fi, leke et\u00fctleri ile 1\/500 plan \u00e7al\u0131\u015fmalar\u0131, 1. j\u00fcri performans\u0131 ve maket \u00fcretimleri (1\/1000 veya 1\/500 \u00f6l\u00e7ek) de\u011ferlendirilmekte; bu s\u00fcre\u00e7te proje finali ve derse kat\u0131l\u0131m performans\u0131 da not ortalamas\u0131na yans\u0131t\u0131lmaktad\u0131r.<\/p>\n<p><strong>Final a\u015famas\u0131nda ise;<\/strong> \u00f6\u011frencilerden 1\/500 ve 1\/200 plan \u00e7al\u0131\u015fmalar\u0131, 1\/100 avan proje, 1\/50 proje detay\u0131, maket ve 3D \u00e7al\u0131\u015fmalar ile 2. j\u00fcri sunumu tamamlamalar\u0131 beklenmektedir.<\/p>\n<p>Bu iki a\u015faman\u0131n birle\u015fimi, \u00f6\u011frencilerin tasar\u0131m s\u00fcrecini kavramsal ara\u015ft\u0131rmadan detay \u00e7\u00f6z\u00fcmlemesine kadar g\u00f6t\u00fcren b\u00fct\u00fcnc\u00fcl bir performans de\u011ferlendirmesi sa\u011flamaktad\u0131r.<\/p>\n","protected":false},"excerpt":{"rendered":"<p>Bitirme projesi de\u011ferlendirme s\u00fcreci; \u00f6\u011frencilerin hem vize hem de final a\u015famalar\u0131nda \u00e7ok a\u015famal\u0131 ve \u00f6l\u00e7ekli \u00e7al\u0131\u015fmalar \u00fczerinden \u00f6l\u00e7\u00fclmektedir. Vize a\u015famas\u0131nda; et\u00fct ve inceleme \u00e7al\u0131\u015fmalar\u0131, pafta tasar\u0131m\u0131\/sunum tekni\u011fi, leke et\u00fctleri ile 1\/500 plan \u00e7al\u0131\u015fmalar\u0131, 1. j\u00fcri performans\u0131 ve maket \u00fcretimleri (1\/1000 veya 1\/500 \u00f6l\u00e7ek) de\u011ferlendirilmekte; bu s\u00fcre\u00e7te proje finali ve derse kat\u0131l\u0131m performans\u0131 da not ortalamas\u0131na [&hellip;]<\/p>\n","protected":false},"author":225,"featured_media":0,"parent":0,"menu_order":0,"comment_status":"closed","ping_status":"closed","template":"genel_sayfa.php","meta":{"footnotes":""},"yoast_head":"<!-- This site is optimized with the Yoast SEO Premium plugin v22.1 (Yoast SEO v22.1) - https:\/\/yoast.com\/wordpress\/plugins\/seo\/ -->\n<title>Tasar\u0131m Projesi\/Bitirme Projesi - Mimarl\u0131k<\/title>\n<meta name=\"description\" content=\"Bitirme projesi, vize ve final a\u015famalar\u0131nda \u00e7ok \u00f6l\u00e7ekli \u00e7al\u0131\u015fmalarla de\u011ferlendirilir; \u00f6\u011frencilerden kavramsal ara\u015ft\u0131rmadan detay \u00e7\u00f6z\u00fcmlemesine kadar ilerleyen, maket, plan, avan proje ve j\u00fcri sunumlar\u0131n\u0131 i\u00e7eren b\u00fct\u00fcnc\u00fcl bir tasar\u0131m s\u00fcreci y\u00fcr\u00fctmeleri beklenir.\" \/>\n<meta name=\"robots\" content=\"index, follow, max-snippet:-1, max-image-preview:large, max-video-preview:-1\" \/>\n<link rel=\"canonical\" href=\"https:\/\/ticaret.edu.tr\/mimarlik\/tasarim-projesi-bitirme-projesi\/\" \/>\n<meta property=\"og:locale\" content=\"tr_TR\" \/>\n<meta property=\"og:type\" content=\"article\" \/>\n<meta property=\"og:title\" content=\"Tasar\u0131m Projesi\/Bitirme Projesi\" \/>\n<meta property=\"og:description\" content=\"Bitirme projesi, vize ve final a\u015famalar\u0131nda \u00e7ok \u00f6l\u00e7ekli \u00e7al\u0131\u015fmalarla de\u011ferlendirilir; \u00f6\u011frencilerden kavramsal ara\u015ft\u0131rmadan detay \u00e7\u00f6z\u00fcmlemesine kadar ilerleyen, maket, plan, avan proje ve j\u00fcri sunumlar\u0131n\u0131 i\u00e7eren b\u00fct\u00fcnc\u00fcl bir tasar\u0131m s\u00fcreci y\u00fcr\u00fctmeleri beklenir.\" \/>\n<meta property=\"og:url\" content=\"https:\/\/ticaret.edu.tr\/mimarlik\/tasarim-projesi-bitirme-projesi\/\" \/>\n<meta property=\"og:site_name\" content=\"Mimarl\u0131k\" \/>\n<meta property=\"article:publisher\" content=\"https:\/\/www.facebook.com\/ticaretedutr\" \/>\n<meta property=\"article:modified_time\" content=\"2025-10-20T09:20:52+00:00\" \/>\n<meta name=\"twitter:card\" content=\"summary_large_image\" \/>\n<meta name=\"twitter:site\" content=\"@ticaretedutr\" \/>\n<meta name=\"twitter:label1\" content=\"Tahmini okuma s\u00fcresi\" \/>\n\t<meta name=\"twitter:data1\" content=\"1 dakika\" \/>\n<script type=\"application\/ld+json\" class=\"yoast-schema-graph\">{\"@context\":\"https:\/\/schema.org\",\"@graph\":[{\"@type\":\"WebPage\",\"@id\":\"https:\/\/ticaret.edu.tr\/mimarlik\/tasarim-projesi-bitirme-projesi\/\",\"url\":\"https:\/\/ticaret.edu.tr\/mimarlik\/tasarim-projesi-bitirme-projesi\/\",\"name\":\"Tasar\u0131m Projesi\/Bitirme Projesi - Mimarl\u0131k\",\"isPartOf\":{\"@id\":\"https:\/\/ticaret.edu.tr\/mimarlik\/#website\"},\"datePublished\":\"2025-01-27T10:35:00+00:00\",\"dateModified\":\"2025-10-20T09:20:52+00:00\",\"description\":\"Bitirme projesi, vize ve final a\u015famalar\u0131nda \u00e7ok \u00f6l\u00e7ekli \u00e7al\u0131\u015fmalarla de\u011ferlendirilir; \u00f6\u011frencilerden kavramsal ara\u015ft\u0131rmadan detay \u00e7\u00f6z\u00fcmlemesine kadar ilerleyen, maket, plan, avan proje ve j\u00fcri sunumlar\u0131n\u0131 i\u00e7eren b\u00fct\u00fcnc\u00fcl bir tasar\u0131m s\u00fcreci y\u00fcr\u00fctmeleri beklenir.\",\"breadcrumb\":{\"@id\":\"https:\/\/ticaret.edu.tr\/mimarlik\/tasarim-projesi-bitirme-projesi\/#breadcrumb\"},\"inLanguage\":\"tr\",\"potentialAction\":[{\"@type\":\"ReadAction\",\"target\":[\"https:\/\/ticaret.edu.tr\/mimarlik\/tasarim-projesi-bitirme-projesi\/\"]}]},{\"@type\":\"BreadcrumbList\",\"@id\":\"https:\/\/ticaret.edu.tr\/mimarlik\/tasarim-projesi-bitirme-projesi\/#breadcrumb\",\"itemListElement\":[{\"@type\":\"ListItem\",\"position\":1,\"name\":\"Ana sayfa\",\"item\":\"https:\/\/ticaret.edu.tr\/mimarlik\/\"},{\"@type\":\"ListItem\",\"position\":2,\"name\":\"Tasar\u0131m Projesi\/Bitirme Projesi\"}]},{\"@type\":\"WebSite\",\"@id\":\"https:\/\/ticaret.edu.tr\/mimarlik\/#website\",\"url\":\"https:\/\/ticaret.edu.tr\/mimarlik\/\",\"name\":\"Mimarl\u0131k\",\"description\":\"\",\"potentialAction\":[{\"@type\":\"SearchAction\",\"target\":{\"@type\":\"EntryPoint\",\"urlTemplate\":\"https:\/\/ticaret.edu.tr\/mimarlik\/?s={search_term_string}\"},\"query-input\":\"required name=search_term_string\"}],\"inLanguage\":\"tr\"}]}<\/script>\n<!-- \/ Yoast SEO Premium plugin. -->","yoast_head_json":{"title":"Tasar\u0131m Projesi\/Bitirme Projesi - Mimarl\u0131k","description":"Bitirme projesi, vize ve final a\u015famalar\u0131nda \u00e7ok \u00f6l\u00e7ekli \u00e7al\u0131\u015fmalarla de\u011ferlendirilir; \u00f6\u011frencilerden kavramsal ara\u015ft\u0131rmadan detay \u00e7\u00f6z\u00fcmlemesine kadar ilerleyen, maket, plan, avan proje ve j\u00fcri sunumlar\u0131n\u0131 i\u00e7eren b\u00fct\u00fcnc\u00fcl bir tasar\u0131m s\u00fcreci y\u00fcr\u00fctmeleri beklenir.","robots":{"index":"index","follow":"follow","max-snippet":"max-snippet:-1","max-image-preview":"max-image-preview:large","max-video-preview":"max-video-preview:-1"},"canonical":"https:\/\/ticaret.edu.tr\/mimarlik\/tasarim-projesi-bitirme-projesi\/","og_locale":"tr_TR","og_type":"article","og_title":"Tasar\u0131m Projesi\/Bitirme Projesi","og_description":"Bitirme projesi, vize ve final a\u015famalar\u0131nda \u00e7ok \u00f6l\u00e7ekli \u00e7al\u0131\u015fmalarla de\u011ferlendirilir; \u00f6\u011frencilerden kavramsal ara\u015ft\u0131rmadan detay \u00e7\u00f6z\u00fcmlemesine kadar ilerleyen, maket, plan, avan proje ve j\u00fcri sunumlar\u0131n\u0131 i\u00e7eren b\u00fct\u00fcnc\u00fcl bir tasar\u0131m s\u00fcreci y\u00fcr\u00fctmeleri beklenir.","og_url":"https:\/\/ticaret.edu.tr\/mimarlik\/tasarim-projesi-bitirme-projesi\/","og_site_name":"Mimarl\u0131k","article_publisher":"https:\/\/www.facebook.com\/ticaretedutr","article_modified_time":"2025-10-20T09:20:52+00:00","twitter_card":"summary_large_image","twitter_site":"@ticaretedutr","twitter_misc":{"Tahmini okuma s\u00fcresi":"1 dakika"},"schema":{"@context":"https:\/\/schema.org","@graph":[{"@type":"WebPage","@id":"https:\/\/ticaret.edu.tr\/mimarlik\/tasarim-projesi-bitirme-projesi\/","url":"https:\/\/ticaret.edu.tr\/mimarlik\/tasarim-projesi-bitirme-projesi\/","name":"Tasar\u0131m Projesi\/Bitirme Projesi - Mimarl\u0131k","isPartOf":{"@id":"https:\/\/ticaret.edu.tr\/mimarlik\/#website"},"datePublished":"2025-01-27T10:35:00+00:00","dateModified":"2025-10-20T09:20:52+00:00","description":"Bitirme projesi, vize ve final a\u015famalar\u0131nda \u00e7ok \u00f6l\u00e7ekli \u00e7al\u0131\u015fmalarla de\u011ferlendirilir; \u00f6\u011frencilerden kavramsal ara\u015ft\u0131rmadan detay \u00e7\u00f6z\u00fcmlemesine kadar ilerleyen, maket, plan, avan proje ve j\u00fcri sunumlar\u0131n\u0131 i\u00e7eren b\u00fct\u00fcnc\u00fcl bir tasar\u0131m s\u00fcreci y\u00fcr\u00fctmeleri beklenir.","breadcrumb":{"@id":"https:\/\/ticaret.edu.tr\/mimarlik\/tasarim-projesi-bitirme-projesi\/#breadcrumb"},"inLanguage":"tr","potentialAction":[{"@type":"ReadAction","target":["https:\/\/ticaret.edu.tr\/mimarlik\/tasarim-projesi-bitirme-projesi\/"]}]},{"@type":"BreadcrumbList","@id":"https:\/\/ticaret.edu.tr\/mimarlik\/tasarim-projesi-bitirme-projesi\/#breadcrumb","itemListElement":[{"@type":"ListItem","position":1,"name":"Ana sayfa","item":"https:\/\/ticaret.edu.tr\/mimarlik\/"},{"@type":"ListItem","position":2,"name":"Tasar\u0131m Projesi\/Bitirme Projesi"}]},{"@type":"WebSite","@id":"https:\/\/ticaret.edu.tr\/mimarlik\/#website","url":"https:\/\/ticaret.edu.tr\/mimarlik\/","name":"Mimarl\u0131k","description":"","potentialAction":[{"@type":"SearchAction","target":{"@type":"EntryPoint","urlTemplate":"https:\/\/ticaret.edu.tr\/mimarlik\/?s={search_term_string}"},"query-input":"required name=search_term_string"}],"inLanguage":"tr"}]}},"lang":"tr","translations":{"tr":1826,"en":1997},"pll_sync_post":[],"_links":{"self":[{"href":"http:\/\/ticaret.edu.tr\/mimarlik\/wp-json\/wp\/v2\/pages\/1826"}],"collection":[{"href":"http:\/\/ticaret.edu.tr\/mimarlik\/wp-json\/wp\/v2\/pages"}],"about":[{"href":"http:\/\/ticaret.edu.tr\/mimarlik\/wp-json\/wp\/v2\/types\/page"}],"author":[{"embeddable":true,"href":"http:\/\/ticaret.edu.tr\/mimarlik\/wp-json\/wp\/v2\/users\/225"}],"replies":[{"embeddable":true,"href":"http:\/\/ticaret.edu.tr\/mimarlik\/wp-json\/wp\/v2\/comments?post=1826"}],"version-history":[{"count":4,"href":"http:\/\/ticaret.edu.tr\/mimarlik\/wp-json\/wp\/v2\/pages\/1826\/revisions"}],"predecessor-version":[{"id":2552,"href":"http:\/\/ticaret.edu.tr\/mimarlik\/wp-json\/wp\/v2\/pages\/1826\/revisions\/2552"}],"wp:attachment":[{"href":"http:\/\/ticaret.edu.tr\/mimarlik\/wp-json\/wp\/v2\/media?parent=1826"}],"curies":[{"name":"wp","href":"https:\/\/api.w.org\/{rel}","templated":true}]}}