{"id":1828,"date":"2025-01-27T13:35:11","date_gmt":"2025-01-27T10:35:11","guid":{"rendered":"https:\/\/ticaret.edu.tr\/mimarlik\/?page_id=1828"},"modified":"2025-10-20T16:48:29","modified_gmt":"2025-10-20T13:48:29","slug":"staj","status":"publish","type":"page","link":"http:\/\/ticaret.edu.tr\/mimarlik\/staj\/","title":{"rendered":"Staj"},"content":{"rendered":"<p>Mimarl\u0131k B\u00f6l\u00fcm\u00fcnde; Akademik E\u011fitim ve \u00d6\u011fretim y\u0131l\u0131 boyunca toplam 60 i\u015f g\u00fcn\u00fc olmak \u00fczere; <strong>\u201c1. Staj &#8211; \u015eantiye Staj\u0131 30 i\u015f g\u00fcn\u00fc\u201d \u2013 \u201c2. Staj &#8211; Ofis Staj\u0131 30 i\u015f g\u00fcn\u00fc\u201d<\/strong> olarak yap\u0131lmas\u0131 \u00f6nerilir.<br \/>\n<strong>\u2003<\/strong><br \/>\n<strong>\u015eANT\u0130YE STAJI<\/strong><br \/>\n4. Yar\u0131y\u0131l sonunda (yaz d\u00f6nemi) 30 i\u015f g\u00fcn\u00fc yap\u0131lmas\u0131 \u00f6nerilen stajd\u0131r. B\u00f6l\u00fcmle ilgili temel kavramlar\u0131n i\u015f hayat\u0131ndaki uygulamalar\u0131n\u0131 kapsar.<\/p>\n<p><strong>\u015eantiye Staj\u0131n\u0131n Amac\u0131:<\/strong><br \/>\n\u2022 \u00d6\u011frencinin staj yapt\u0131\u011f\u0131 \u015fantiyede s\u00fcrd\u00fcr\u00fclen uygulamada \u00e7al\u0131\u015fan insan g\u00fcc\u00fcn\u00fc, ekiplerin birbirleriyle ili\u015fkilerini, \u015fantiyede veya \u00fcretim tesisinde i\u015flerin nas\u0131l y\u00fcr\u00fct\u00fcld\u00fc\u011f\u00fcn\u00fc g\u00f6rerek \u00f6\u011frenmesidir.<br \/>\n\u2022 \u00d6\u011frencinin \u015fantiyede veya \u00fcretim tesisinde ayn\u0131 anda y\u00fcr\u00fct\u00fclen farkl\u0131 i\u015fler hakk\u0131nda bilgi sahibi olmas\u0131 ve bu i\u015flerden en az birinde rol alarak<\/p>\n<p><strong>\u015eantiye Staj\u0131n\u0131n \u0130\u00e7eri\u011fi:<\/strong><br \/>\n\u2022 Staj defterinde \u015fantiyenin a\u00e7\u0131k ad\u0131 ve adresi yazmal\u0131 ve firma d\u00f6k\u00fcm\u00fc yer almal\u0131d\u0131r.<br \/>\n\u2022 Defterde anlat\u0131lanlar her g\u00fcn \u00fczerinde tarih bulunan en az 1 foto\u011frafla belgelenecektir. Ekteki foto\u011fraflara numara verilmeli ve bu numara defterde ilgili metin i\u00e7inde de belirtilmelidir.<br \/>\n\u2022 \u015eantiyede g\u00fcn boyunca yap\u0131lanlarla birlikte, ki\u015finin o g\u00fcn yapt\u0131klar\u0131n\u0131 da staj defterine yazmas\u0131 gerekmektedir.<\/p>\n<p><strong>\u015eantiye Staj\u0131 Yap\u0131labilecek \u00c7al\u0131\u015fma Alanlar\u0131:<\/strong><br \/>\n\u2022 Staj; fabrika, at\u00f6lye ve \u015fantiyelerde ger\u00e7ekle\u015ftirilir.<br \/>\n\u2022 Kamu kurulu\u015flar\u0131 (\u00dcniversitelerin ara\u015ft\u0131rma birimleri ve ilgili b\u00f6l\u00fcmleri, Belediyelerin ilgili b\u00f6l\u00fcmleri, Bakanl\u0131klar\u0131n veya Bakanl\u0131klara ba\u011fl\u0131 genel m\u00fcd\u00fcrl\u00fcklerin ilgili birimleri ve di\u011fer kamu kurulu\u015flar\u0131n\u0131n ilgili birimleri),<br \/>\n\u2022 Mimarl\u0131k ve\/veya \u00e7evre d\u00fczenleme projelerini tasarlama, uygulama ve \u00fcretme hizmetlerinin en az birini veren kurulu\u015flar, \u00e7e\u015fitli kurulu\u015flar\u0131n veya \u00dcniversitemizin d\u00fczenledikleri at\u00f6lyeler veya di\u011fer mesleki etkinlikler, uygulamal\u0131 yaz okullar\u0131, arkeolojik kaz\u0131lar, m\u00fczeler, tarihi sit alanlar\u0131nda veya tarihi yap\u0131larda y\u00fcr\u00fct\u00fclen yap\u0131 veya \u00e7evre \u00f6l\u00e7e\u011findeki belgeleme, ara\u015ft\u0131rma ve alan \u00e7al\u0131\u015fmalar\u0131,<br \/>\n\u2022 Mimari tasar\u0131m elemanlar\u0131 ile ilgili \u00fcretim ve \/ veya uygulama ile ilgili alanlarda yap\u0131l\u0131r.<\/p>\n<p><strong>OF\u0130S STAJI: <\/strong><br \/>\n6. Yar\u0131y\u0131l sonunda (yaz d\u00f6nemi) 30 i\u015f g\u00fcn\u00fc yap\u0131lmas\u0131 \u00f6nerilen stajd\u0131r. B\u00f6l\u00fcmle ilgili temel kavramlar\u0131n i\u015f hayat\u0131ndaki uygulamalar\u0131n\u0131 kapsar.<br \/>\n2.2.1. Ofis Staj\u0131n\u0131n Amac\u0131:<br \/>\n\u2022 Mimari tasar\u0131m, i\u00e7 mimari, peyzaj tasar\u0131m\u0131, \u00e7evre tasar\u0131m\u0131 gibi alanlarda beceri ve tecr\u00fcbeyi artt\u0131r\u0131c\u0131 pratik yapma olana\u011f\u0131d\u0131r.<br \/>\n\u2022 Ger\u00e7ek tasar\u0131m, projelendirme ve uygulamalar\u0131 yerinde g\u00f6rmek ve disiplinler aras\u0131 yeni bilgi ve becerilerin kazan\u0131lmas\u0131 esast\u0131r.<br \/>\n\u2022 \u00d6\u011frencinin meslek hayat\u0131nda yapabilece\u011fi i\u015fler ve \u00e7al\u0131\u015fabilece\u011fi alanlar konusunda yol g\u00f6sterici olmakt\u0131r.<\/p>\n<p><strong>Ofis Staj\u0131n\u0131n \u0130\u00e7eri\u011fi:<\/strong><br \/>\n\u2022 Her \u00f6\u011frenci \u00e7al\u0131\u015ft\u0131\u011f\u0131 kurumdaki t\u00fcm \u00e7al\u0131\u015fanlar\u0131 ve di\u011fer stajyer \u00f6\u011frencileri tan\u0131tan bir belge haz\u0131rlayacak ve imzal\u0131 olarak staj dosyas\u0131 ile teslim edecektir.<br \/>\n\u2022 Staj yapan \u00f6\u011frenci her g\u00fcn yapt\u0131\u011f\u0131 \u00e7al\u0131\u015fmalar\u0131 a\u015famal\u0131 olarak kroki, foto\u011fraf gibi teknikler kullanarak belgeleyecektir. Her belgede (kroki, proje vb.) \u00e7izim tarihi ve imza bulunacakt\u0131r.<\/p>\n<p><strong>Ofis Staj\u0131 Yap\u0131labilecek \u00c7al\u0131\u015fma Alanlar\u0131:<\/strong><br \/>\n\u2022 Mimari tasar\u0131ma y\u00f6nelik alanlarda ve firmalar\u0131n ilgili birimlerinde yap\u0131l\u0131r.<br \/>\n\u2022 \u00c7e\u015fitli kurulu\u015flar\u0131n d\u00fczenledikleri mimarl\u0131k alan\u0131na y\u00f6nelik olan at\u00f6lye veya di\u011fer mesleki etkinlikler, mimarl\u0131k ile ilgili belgeleme, ara\u015ft\u0131rma ve alan \u00e7al\u0131\u015fmalar\u0131 bu kapsamda bulunmaktad\u0131r.<br \/>\n\u2022 Kamu kurulu\u015flar\u0131 (\u00dcniversitelerin ara\u015ft\u0131rma birimleri ve ilgili b\u00f6l\u00fcmleri, belediyelerin ilgili b\u00f6l\u00fcmleri, Bakanl\u0131klar\u0131n veya Bakanl\u0131klara ba\u011fl\u0131 genel m\u00fcd\u00fcrl\u00fcklerin ilgili birimleri ve di\u011fer kamu kurulu\u015flar\u0131n\u0131n ilgili birimleri),<br \/>\n\u2022 Mimarl\u0131k projelerini tasarlama, uygulama ve \u00fcretme hizmetlerinin en az birini veren kurulu\u015flar, mimarl\u0131k ofisleri, \u00e7e\u015fitli kurulu\u015flar\u0131n v e \u00fcniversitemizin d\u00fczenledi\u011fi at\u00f6lyeler veya di\u011fer mesleki etkinlikler, uygulamal\u0131 yaz okullar\u0131, arkeolojik kaz\u0131lar, tarihi sit alanlar\u0131nda veya tarihi yap\u0131larda y\u00fcr\u00fct\u00fclen yap\u0131 veya \u00e7evre \u00f6l\u00e7e\u011findeki belgeleme, ara\u015ft\u0131rma ve alan \u00e7al\u0131\u015fmalar\u0131.<\/p>\n<p><strong><em>***\u015eantiye staj\u0131n\u0131 onaylayacak ki\u015finin, ilgili meslek odas\u0131na kay\u0131tl\u0131 ve en az 5 y\u0131l mesleki deneyime sahip mimar veya in\u015faat m\u00fchendisi olmas\u0131 gerekmektedir.<\/em><\/strong><\/p>\n<p><strong><em>***Ofis staj\u0131n\u0131 onaylayacak ki\u015finin ise, ilgili meslek odas\u0131na kay\u0131tl\u0131 ve en az 5 y\u0131l mesleki deneyime sahip mimar olmas\u0131 zorunludur<\/em>.<\/strong><\/p>\n<p><strong>\u0130stanbul Ticaret \u00dcniversitesi Staj Y\u00f6nergesi:<\/strong>\u00a0<a href=\"https:\/\/ticaret.edu.tr\/wp-content\/uploads\/2025\/05\/Istanbul-Ticaret-Universitesi-Staj-Yonergesi.pdf\" target=\"_blank\" rel=\"noopener\">Staj Y\u00f6nergesi i\u00e7in t\u0131klay\u0131n\u0131z.<\/a><\/p>\n<p>&nbsp;<\/p>\n","protected":false},"excerpt":{"rendered":"<p>Mimarl\u0131k B\u00f6l\u00fcm\u00fcnde; Akademik E\u011fitim ve \u00d6\u011fretim y\u0131l\u0131 boyunca toplam 60 i\u015f g\u00fcn\u00fc olmak \u00fczere; \u201c1. Staj &#8211; \u015eantiye Staj\u0131 30 i\u015f g\u00fcn\u00fc\u201d \u2013 \u201c2. Staj &#8211; Ofis Staj\u0131 30 i\u015f g\u00fcn\u00fc\u201d olarak yap\u0131lmas\u0131 \u00f6nerilir. \u2003 \u015eANT\u0130YE STAJI 4. Yar\u0131y\u0131l sonunda (yaz d\u00f6nemi) 30 i\u015f g\u00fcn\u00fc yap\u0131lmas\u0131 \u00f6nerilen stajd\u0131r. B\u00f6l\u00fcmle ilgili temel kavramlar\u0131n i\u015f hayat\u0131ndaki uygulamalar\u0131n\u0131 [&hellip;]<\/p>\n","protected":false},"author":225,"featured_media":0,"parent":0,"menu_order":0,"comment_status":"closed","ping_status":"closed","template":"genel_sayfa.php","meta":{"footnotes":""},"yoast_head":"<!-- This site is optimized with the Yoast SEO Premium plugin v22.1 (Yoast SEO v22.1) - https:\/\/yoast.com\/wordpress\/plugins\/seo\/ -->\n<title>Staj - Mimarl\u0131k<\/title>\n<meta name=\"description\" content=\"Mimarl\u0131k B\u00f6l\u00fcm\u00fcnde; Akademik E\u011fitim ve \u00d6\u011fretim y\u0131l\u0131 boyunca toplam altm\u0131\u015f i\u015f g\u00fcn\u00fc olmak \u00fczere; \u015fantiye ve ofis olarak yap\u0131lmas\u0131 \u00f6nerilmektedir.\" \/>\n<meta name=\"robots\" content=\"index, follow, max-snippet:-1, max-image-preview:large, max-video-preview:-1\" \/>\n<link rel=\"canonical\" href=\"https:\/\/ticaret.edu.tr\/mimarlik\/staj\/\" \/>\n<meta property=\"og:locale\" content=\"tr_TR\" \/>\n<meta property=\"og:type\" content=\"article\" \/>\n<meta property=\"og:title\" content=\"Staj\" \/>\n<meta property=\"og:description\" content=\"Mimarl\u0131k B\u00f6l\u00fcm\u00fcnde; Akademik E\u011fitim ve \u00d6\u011fretim y\u0131l\u0131 boyunca toplam altm\u0131\u015f i\u015f g\u00fcn\u00fc olmak \u00fczere; \u015fantiye ve ofis olarak yap\u0131lmas\u0131 \u00f6nerilmektedir.\" \/>\n<meta property=\"og:url\" content=\"https:\/\/ticaret.edu.tr\/mimarlik\/staj\/\" \/>\n<meta property=\"og:site_name\" content=\"Mimarl\u0131k\" \/>\n<meta property=\"article:publisher\" content=\"https:\/\/www.facebook.com\/ticaretedutr\" \/>\n<meta property=\"article:modified_time\" content=\"2025-10-20T13:48:29+00:00\" \/>\n<meta name=\"twitter:card\" content=\"summary_large_image\" \/>\n<meta name=\"twitter:site\" content=\"@ticaretedutr\" \/>\n<meta name=\"twitter:label1\" content=\"Tahmini okuma s\u00fcresi\" \/>\n\t<meta name=\"twitter:data1\" content=\"4 dakika\" \/>\n<script type=\"application\/ld+json\" class=\"yoast-schema-graph\">{\"@context\":\"https:\/\/schema.org\",\"@graph\":[{\"@type\":\"WebPage\",\"@id\":\"https:\/\/ticaret.edu.tr\/mimarlik\/staj\/\",\"url\":\"https:\/\/ticaret.edu.tr\/mimarlik\/staj\/\",\"name\":\"Staj - Mimarl\u0131k\",\"isPartOf\":{\"@id\":\"https:\/\/ticaret.edu.tr\/mimarlik\/#website\"},\"datePublished\":\"2025-01-27T10:35:11+00:00\",\"dateModified\":\"2025-10-20T13:48:29+00:00\",\"description\":\"Mimarl\u0131k B\u00f6l\u00fcm\u00fcnde; Akademik E\u011fitim ve \u00d6\u011fretim y\u0131l\u0131 boyunca toplam altm\u0131\u015f i\u015f g\u00fcn\u00fc olmak \u00fczere; \u015fantiye ve ofis olarak yap\u0131lmas\u0131 \u00f6nerilmektedir.\",\"breadcrumb\":{\"@id\":\"https:\/\/ticaret.edu.tr\/mimarlik\/staj\/#breadcrumb\"},\"inLanguage\":\"tr\",\"potentialAction\":[{\"@type\":\"ReadAction\",\"target\":[\"https:\/\/ticaret.edu.tr\/mimarlik\/staj\/\"]}]},{\"@type\":\"BreadcrumbList\",\"@id\":\"https:\/\/ticaret.edu.tr\/mimarlik\/staj\/#breadcrumb\",\"itemListElement\":[{\"@type\":\"ListItem\",\"position\":1,\"name\":\"Ana sayfa\",\"item\":\"https:\/\/ticaret.edu.tr\/mimarlik\/\"},{\"@type\":\"ListItem\",\"position\":2,\"name\":\"Staj\"}]},{\"@type\":\"WebSite\",\"@id\":\"https:\/\/ticaret.edu.tr\/mimarlik\/#website\",\"url\":\"https:\/\/ticaret.edu.tr\/mimarlik\/\",\"name\":\"Mimarl\u0131k\",\"description\":\"\",\"potentialAction\":[{\"@type\":\"SearchAction\",\"target\":{\"@type\":\"EntryPoint\",\"urlTemplate\":\"https:\/\/ticaret.edu.tr\/mimarlik\/?s={search_term_string}\"},\"query-input\":\"required name=search_term_string\"}],\"inLanguage\":\"tr\"}]}<\/script>\n<!-- \/ Yoast SEO Premium plugin. -->","yoast_head_json":{"title":"Staj - Mimarl\u0131k","description":"Mimarl\u0131k B\u00f6l\u00fcm\u00fcnde; Akademik E\u011fitim ve \u00d6\u011fretim y\u0131l\u0131 boyunca toplam altm\u0131\u015f i\u015f g\u00fcn\u00fc olmak \u00fczere; \u015fantiye ve ofis olarak yap\u0131lmas\u0131 \u00f6nerilmektedir.","robots":{"index":"index","follow":"follow","max-snippet":"max-snippet:-1","max-image-preview":"max-image-preview:large","max-video-preview":"max-video-preview:-1"},"canonical":"https:\/\/ticaret.edu.tr\/mimarlik\/staj\/","og_locale":"tr_TR","og_type":"article","og_title":"Staj","og_description":"Mimarl\u0131k B\u00f6l\u00fcm\u00fcnde; Akademik E\u011fitim ve \u00d6\u011fretim y\u0131l\u0131 boyunca toplam altm\u0131\u015f i\u015f g\u00fcn\u00fc olmak \u00fczere; \u015fantiye ve ofis olarak yap\u0131lmas\u0131 \u00f6nerilmektedir.","og_url":"https:\/\/ticaret.edu.tr\/mimarlik\/staj\/","og_site_name":"Mimarl\u0131k","article_publisher":"https:\/\/www.facebook.com\/ticaretedutr","article_modified_time":"2025-10-20T13:48:29+00:00","twitter_card":"summary_large_image","twitter_site":"@ticaretedutr","twitter_misc":{"Tahmini okuma s\u00fcresi":"4 dakika"},"schema":{"@context":"https:\/\/schema.org","@graph":[{"@type":"WebPage","@id":"https:\/\/ticaret.edu.tr\/mimarlik\/staj\/","url":"https:\/\/ticaret.edu.tr\/mimarlik\/staj\/","name":"Staj - Mimarl\u0131k","isPartOf":{"@id":"https:\/\/ticaret.edu.tr\/mimarlik\/#website"},"datePublished":"2025-01-27T10:35:11+00:00","dateModified":"2025-10-20T13:48:29+00:00","description":"Mimarl\u0131k B\u00f6l\u00fcm\u00fcnde; Akademik E\u011fitim ve \u00d6\u011fretim y\u0131l\u0131 boyunca toplam altm\u0131\u015f i\u015f g\u00fcn\u00fc olmak \u00fczere; \u015fantiye ve ofis olarak yap\u0131lmas\u0131 \u00f6nerilmektedir.","breadcrumb":{"@id":"https:\/\/ticaret.edu.tr\/mimarlik\/staj\/#breadcrumb"},"inLanguage":"tr","potentialAction":[{"@type":"ReadAction","target":["https:\/\/ticaret.edu.tr\/mimarlik\/staj\/"]}]},{"@type":"BreadcrumbList","@id":"https:\/\/ticaret.edu.tr\/mimarlik\/staj\/#breadcrumb","itemListElement":[{"@type":"ListItem","position":1,"name":"Ana sayfa","item":"https:\/\/ticaret.edu.tr\/mimarlik\/"},{"@type":"ListItem","position":2,"name":"Staj"}]},{"@type":"WebSite","@id":"https:\/\/ticaret.edu.tr\/mimarlik\/#website","url":"https:\/\/ticaret.edu.tr\/mimarlik\/","name":"Mimarl\u0131k","description":"","potentialAction":[{"@type":"SearchAction","target":{"@type":"EntryPoint","urlTemplate":"https:\/\/ticaret.edu.tr\/mimarlik\/?s={search_term_string}"},"query-input":"required name=search_term_string"}],"inLanguage":"tr"}]}},"lang":"tr","translations":{"tr":1828,"en":1999},"pll_sync_post":[],"_links":{"self":[{"href":"http:\/\/ticaret.edu.tr\/mimarlik\/wp-json\/wp\/v2\/pages\/1828"}],"collection":[{"href":"http:\/\/ticaret.edu.tr\/mimarlik\/wp-json\/wp\/v2\/pages"}],"about":[{"href":"http:\/\/ticaret.edu.tr\/mimarlik\/wp-json\/wp\/v2\/types\/page"}],"author":[{"embeddable":true,"href":"http:\/\/ticaret.edu.tr\/mimarlik\/wp-json\/wp\/v2\/users\/225"}],"replies":[{"embeddable":true,"href":"http:\/\/ticaret.edu.tr\/mimarlik\/wp-json\/wp\/v2\/comments?post=1828"}],"version-history":[{"count":7,"href":"http:\/\/ticaret.edu.tr\/mimarlik\/wp-json\/wp\/v2\/pages\/1828\/revisions"}],"predecessor-version":[{"id":2615,"href":"http:\/\/ticaret.edu.tr\/mimarlik\/wp-json\/wp\/v2\/pages\/1828\/revisions\/2615"}],"wp:attachment":[{"href":"http:\/\/ticaret.edu.tr\/mimarlik\/wp-json\/wp\/v2\/media?parent=1828"}],"curies":[{"name":"wp","href":"https:\/\/api.w.org\/{rel}","templated":true}]}}