{"id":1830,"date":"2025-01-27T13:35:24","date_gmt":"2025-01-27T10:35:24","guid":{"rendered":"https:\/\/ticaret.edu.tr\/mimarlik\/?page_id=1830"},"modified":"2025-10-20T16:52:00","modified_gmt":"2025-10-20T13:52:00","slug":"mazunlar","status":"publish","type":"page","link":"http:\/\/ticaret.edu.tr\/mimarlik\/mazunlar\/","title":{"rendered":"Mezunlar"},"content":{"rendered":"<p><strong>\u0130stanbul Ticaret \u00dcniversitesi mezunlar\u0131 i\u00e7in t\u0131klayabilirsiniz:<\/strong>\u00a0<a href=\"https:\/\/kariyer.ticaret.edu.tr\/#\" target=\"_blank\" rel=\"noopener\">\u00dcniversite Mezun Platformu<\/a><\/p>\n","protected":false},"excerpt":{"rendered":"<p>\u0130stanbul Ticaret \u00dcniversitesi mezunlar\u0131 i\u00e7in t\u0131klayabilirsiniz:\u00a0\u00dcniversite Mezun Platformu<\/p>\n","protected":false},"author":225,"featured_media":0,"parent":0,"menu_order":0,"comment_status":"closed","ping_status":"closed","template":"genel_sayfa.php","meta":{"footnotes":""},"yoast_head":"<!-- This site is optimized with the Yoast SEO Premium plugin v22.1 (Yoast SEO v22.1) - https:\/\/yoast.com\/wordpress\/plugins\/seo\/ -->\n<title>Mezunlar - Mimarl\u0131k<\/title>\n<meta name=\"robots\" content=\"index, follow, max-snippet:-1, max-image-preview:large, max-video-preview:-1\" \/>\n<link rel=\"canonical\" href=\"http:\/\/ticaret.edu.tr\/mimarlik\/mazunlar\/\" \/>\n<meta property=\"og:locale\" content=\"tr_TR\" \/>\n<meta property=\"og:type\" content=\"article\" \/>\n<meta property=\"og:title\" content=\"Mezunlar\" \/>\n<meta property=\"og:description\" content=\"\u0130stanbul Ticaret \u00dcniversitesi mezunlar\u0131 i\u00e7in t\u0131klayabilirsiniz:\u00a0\u00dcniversite Mezun Platformu\" \/>\n<meta property=\"og:url\" content=\"http:\/\/ticaret.edu.tr\/mimarlik\/mazunlar\/\" \/>\n<meta property=\"og:site_name\" content=\"Mimarl\u0131k\" \/>\n<meta property=\"article:publisher\" content=\"https:\/\/www.facebook.com\/ticaretedutr\" \/>\n<meta property=\"article:modified_time\" content=\"2025-10-20T13:52:00+00:00\" \/>\n<meta name=\"twitter:card\" content=\"summary_large_image\" \/>\n<meta name=\"twitter:site\" content=\"@ticaretedutr\" \/>\n<meta name=\"twitter:label1\" content=\"Tahmini okuma s\u00fcresi\" \/>\n\t<meta name=\"twitter:data1\" content=\"1 dakika\" \/>\n<script type=\"application\/ld+json\" class=\"yoast-schema-graph\">{\"@context\":\"https:\/\/schema.org\",\"@graph\":[{\"@type\":\"WebPage\",\"@id\":\"http:\/\/ticaret.edu.tr\/mimarlik\/mazunlar\/\",\"url\":\"http:\/\/ticaret.edu.tr\/mimarlik\/mazunlar\/\",\"name\":\"Mezunlar - Mimarl\u0131k\",\"isPartOf\":{\"@id\":\"http:\/\/ticaret.edu.tr\/mimarlik\/#website\"},\"datePublished\":\"2025-01-27T10:35:24+00:00\",\"dateModified\":\"2025-10-20T13:52:00+00:00\",\"breadcrumb\":{\"@id\":\"http:\/\/ticaret.edu.tr\/mimarlik\/mazunlar\/#breadcrumb\"},\"inLanguage\":\"tr\",\"potentialAction\":[{\"@type\":\"ReadAction\",\"target\":[\"http:\/\/ticaret.edu.tr\/mimarlik\/mazunlar\/\"]}]},{\"@type\":\"BreadcrumbList\",\"@id\":\"http:\/\/ticaret.edu.tr\/mimarlik\/mazunlar\/#breadcrumb\",\"itemListElement\":[{\"@type\":\"ListItem\",\"position\":1,\"name\":\"Ana sayfa\",\"item\":\"http:\/\/ticaret.edu.tr\/mimarlik\/\"},{\"@type\":\"ListItem\",\"position\":2,\"name\":\"Mezunlar\"}]},{\"@type\":\"WebSite\",\"@id\":\"http:\/\/ticaret.edu.tr\/mimarlik\/#website\",\"url\":\"http:\/\/ticaret.edu.tr\/mimarlik\/\",\"name\":\"Mimarl\u0131k\",\"description\":\"\",\"potentialAction\":[{\"@type\":\"SearchAction\",\"target\":{\"@type\":\"EntryPoint\",\"urlTemplate\":\"http:\/\/ticaret.edu.tr\/mimarlik\/?s={search_term_string}\"},\"query-input\":\"required name=search_term_string\"}],\"inLanguage\":\"tr\"}]}<\/script>\n<!-- \/ Yoast SEO Premium plugin. -->","yoast_head_json":{"title":"Mezunlar - Mimarl\u0131k","robots":{"index":"index","follow":"follow","max-snippet":"max-snippet:-1","max-image-preview":"max-image-preview:large","max-video-preview":"max-video-preview:-1"},"canonical":"http:\/\/ticaret.edu.tr\/mimarlik\/mazunlar\/","og_locale":"tr_TR","og_type":"article","og_title":"Mezunlar","og_description":"\u0130stanbul Ticaret \u00dcniversitesi mezunlar\u0131 i\u00e7in t\u0131klayabilirsiniz:\u00a0\u00dcniversite Mezun Platformu","og_url":"http:\/\/ticaret.edu.tr\/mimarlik\/mazunlar\/","og_site_name":"Mimarl\u0131k","article_publisher":"https:\/\/www.facebook.com\/ticaretedutr","article_modified_time":"2025-10-20T13:52:00+00:00","twitter_card":"summary_large_image","twitter_site":"@ticaretedutr","twitter_misc":{"Tahmini okuma s\u00fcresi":"1 dakika"},"schema":{"@context":"https:\/\/schema.org","@graph":[{"@type":"WebPage","@id":"http:\/\/ticaret.edu.tr\/mimarlik\/mazunlar\/","url":"http:\/\/ticaret.edu.tr\/mimarlik\/mazunlar\/","name":"Mezunlar - Mimarl\u0131k","isPartOf":{"@id":"http:\/\/ticaret.edu.tr\/mimarlik\/#website"},"datePublished":"2025-01-27T10:35:24+00:00","dateModified":"2025-10-20T13:52:00+00:00","breadcrumb":{"@id":"http:\/\/ticaret.edu.tr\/mimarlik\/mazunlar\/#breadcrumb"},"inLanguage":"tr","potentialAction":[{"@type":"ReadAction","target":["http:\/\/ticaret.edu.tr\/mimarlik\/mazunlar\/"]}]},{"@type":"BreadcrumbList","@id":"http:\/\/ticaret.edu.tr\/mimarlik\/mazunlar\/#breadcrumb","itemListElement":[{"@type":"ListItem","position":1,"name":"Ana sayfa","item":"http:\/\/ticaret.edu.tr\/mimarlik\/"},{"@type":"ListItem","position":2,"name":"Mezunlar"}]},{"@type":"WebSite","@id":"http:\/\/ticaret.edu.tr\/mimarlik\/#website","url":"http:\/\/ticaret.edu.tr\/mimarlik\/","name":"Mimarl\u0131k","description":"","potentialAction":[{"@type":"SearchAction","target":{"@type":"EntryPoint","urlTemplate":"http:\/\/ticaret.edu.tr\/mimarlik\/?s={search_term_string}"},"query-input":"required name=search_term_string"}],"inLanguage":"tr"}]}},"lang":"tr","translations":{"tr":1830,"en":2001},"pll_sync_post":[],"_links":{"self":[{"href":"http:\/\/ticaret.edu.tr\/mimarlik\/wp-json\/wp\/v2\/pages\/1830"}],"collection":[{"href":"http:\/\/ticaret.edu.tr\/mimarlik\/wp-json\/wp\/v2\/pages"}],"about":[{"href":"http:\/\/ticaret.edu.tr\/mimarlik\/wp-json\/wp\/v2\/types\/page"}],"author":[{"embeddable":true,"href":"http:\/\/ticaret.edu.tr\/mimarlik\/wp-json\/wp\/v2\/users\/225"}],"replies":[{"embeddable":true,"href":"http:\/\/ticaret.edu.tr\/mimarlik\/wp-json\/wp\/v2\/comments?post=1830"}],"version-history":[{"count":4,"href":"http:\/\/ticaret.edu.tr\/mimarlik\/wp-json\/wp\/v2\/pages\/1830\/revisions"}],"predecessor-version":[{"id":2617,"href":"http:\/\/ticaret.edu.tr\/mimarlik\/wp-json\/wp\/v2\/pages\/1830\/revisions\/2617"}],"wp:attachment":[{"href":"http:\/\/ticaret.edu.tr\/mimarlik\/wp-json\/wp\/v2\/media?parent=1830"}],"curies":[{"name":"wp","href":"https:\/\/api.w.org\/{rel}","templated":true}]}}