{"id":1838,"date":"2025-01-27T13:36:13","date_gmt":"2025-01-27T10:36:13","guid":{"rendered":"https:\/\/ticaret.edu.tr\/mimarlik\/?page_id=1838"},"modified":"2025-10-20T11:43:59","modified_gmt":"2025-10-20T08:43:59","slug":"basvuru-kosullari","status":"publish","type":"page","link":"http:\/\/ticaret.edu.tr\/mimarlik\/basvuru-kosullari\/","title":{"rendered":"Ba\u015fvuru Ko\u015fullar\u0131"},"content":{"rendered":"<table border=\"1\" width=\"709\" cellspacing=\"0\" cellpadding=\"0\">\n<tbody>\n<tr>\n<td colspan=\"2\"><strong>Ba\u015fvurabilecek Mezunlar<\/strong><\/td>\n<\/tr>\n<tr>\n<td>Mimarl\u0131k,<br \/>\n\u0130\u00e7 Mimarl\u0131k,<br \/>\n\u015eehir ve B\u00f6lge Planlama,<br \/>\n\u0130n\u015faat M\u00fchendisli\u011fi,<br \/>\nPeyzaj Mimarl\u0131\u011f\u0131<br \/>\n\u0130\u00e7 Mimarl\u0131k ve \u00c7evre Tasar\u0131m\u0131 b\u00f6l\u00fcmlerinden lisans mezunlar\u0131<\/td>\n<td>Bilimsel Haz\u0131rl\u0131k Gerekmez<\/td>\n<\/tr>\n<tr>\n<td colspan=\"2\">Alan D\u0131\u015f\u0131ndan Programa \u00d6\u011frenci Kabul Edilmemektedir.<\/td>\n<\/tr>\n<tr>\n<td colspan=\"2\">\u00a0Tezsiz Y\u00fcksek Lisans programlar\u0131nda ALES puan \u015fart\u0131 aranmamaktad\u0131r.<\/td>\n<\/tr>\n<\/tbody>\n<\/table>\n<p>&nbsp;<\/p>\n<table border=\"1\" width=\"\" cellspacing=\"0\" cellpadding=\"0\">\n<tbody>\n<tr>\n<td><strong>\u00a0Adaylarda Aranan Genel Ko\u015fullar<\/strong><\/td>\n<\/tr>\n<tr>\n<td>\u00a0ALES: 55 ve \u00fcst\u00fc Say\u0131sal Puan<\/td>\n<\/tr>\n<tr>\n<td>\u00a0Yabanc\u0131 Dil: Gerekmez.<\/td>\n<\/tr>\n<tr>\n<td>\u00a0Lisans Mezuniyet Not Ortalamas\u0131: Alt s\u0131n\u0131r belirlenmemi\u015ftir<\/td>\n<\/tr>\n<\/tbody>\n<\/table>\n","protected":false},"excerpt":{"rendered":"<p>Ba\u015fvurabilecek Mezunlar Mimarl\u0131k, \u0130\u00e7 Mimarl\u0131k, \u015eehir ve B\u00f6lge Planlama, \u0130n\u015faat M\u00fchendisli\u011fi, Peyzaj Mimarl\u0131\u011f\u0131 \u0130\u00e7 Mimarl\u0131k ve \u00c7evre Tasar\u0131m\u0131 b\u00f6l\u00fcmlerinden lisans mezunlar\u0131 Bilimsel Haz\u0131rl\u0131k Gerekmez Alan D\u0131\u015f\u0131ndan Programa \u00d6\u011frenci Kabul Edilmemektedir. \u00a0Tezsiz Y\u00fcksek Lisans programlar\u0131nda ALES puan \u015fart\u0131 aranmamaktad\u0131r. &nbsp; \u00a0Adaylarda Aranan Genel Ko\u015fullar \u00a0ALES: 55 ve \u00fcst\u00fc Say\u0131sal Puan \u00a0Yabanc\u0131 Dil: Gerekmez. \u00a0Lisans Mezuniyet Not [&hellip;]<\/p>\n","protected":false},"author":225,"featured_media":0,"parent":0,"menu_order":0,"comment_status":"closed","ping_status":"closed","template":"genel_sayfa.php","meta":{"footnotes":""},"yoast_head":"<!-- This site is optimized with the Yoast SEO Premium plugin v22.1 (Yoast SEO v22.1) - https:\/\/yoast.com\/wordpress\/plugins\/seo\/ -->\n<title>Ba\u015fvuru Ko\u015fullar\u0131 - Mimarl\u0131k<\/title>\n<meta name=\"description\" content=\"Programa Mimarl\u0131k, \u0130\u00e7 Mimarl\u0131k, \u015eehir ve B\u00f6lge Planlama, \u0130n\u015faat M\u00fchendisli\u011fi, Peyzaj Mimarl\u0131\u011f\u0131 ile \u0130\u00e7 Mimarl\u0131k ve \u00c7evre Tasar\u0131m\u0131 mezunlar\u0131 ba\u015fvurabilir; alan d\u0131\u015f\u0131ndan \u00f6\u011frenci al\u0131nmaz.\" \/>\n<meta name=\"robots\" content=\"index, follow, max-snippet:-1, max-image-preview:large, max-video-preview:-1\" \/>\n<link rel=\"canonical\" href=\"http:\/\/ticaret.edu.tr\/mimarlik\/basvuru-kosullari\/\" \/>\n<meta property=\"og:locale\" content=\"tr_TR\" \/>\n<meta property=\"og:type\" content=\"article\" \/>\n<meta property=\"og:title\" content=\"Ba\u015fvuru Ko\u015fullar\u0131\" \/>\n<meta property=\"og:description\" content=\"Programa Mimarl\u0131k, \u0130\u00e7 Mimarl\u0131k, \u015eehir ve B\u00f6lge Planlama, \u0130n\u015faat M\u00fchendisli\u011fi, Peyzaj Mimarl\u0131\u011f\u0131 ile \u0130\u00e7 Mimarl\u0131k ve \u00c7evre Tasar\u0131m\u0131 mezunlar\u0131 ba\u015fvurabilir; alan d\u0131\u015f\u0131ndan \u00f6\u011frenci al\u0131nmaz.\" \/>\n<meta property=\"og:url\" content=\"http:\/\/ticaret.edu.tr\/mimarlik\/basvuru-kosullari\/\" \/>\n<meta property=\"og:site_name\" content=\"Mimarl\u0131k\" \/>\n<meta property=\"article:publisher\" content=\"https:\/\/www.facebook.com\/ticaretedutr\" \/>\n<meta property=\"article:modified_time\" content=\"2025-10-20T08:43:59+00:00\" \/>\n<meta name=\"twitter:card\" content=\"summary_large_image\" \/>\n<meta name=\"twitter:site\" content=\"@ticaretedutr\" \/>\n<meta name=\"twitter:label1\" content=\"Tahmini okuma s\u00fcresi\" \/>\n\t<meta name=\"twitter:data1\" content=\"1 dakika\" \/>\n<script type=\"application\/ld+json\" class=\"yoast-schema-graph\">{\"@context\":\"https:\/\/schema.org\",\"@graph\":[{\"@type\":\"WebPage\",\"@id\":\"http:\/\/ticaret.edu.tr\/mimarlik\/basvuru-kosullari\/\",\"url\":\"http:\/\/ticaret.edu.tr\/mimarlik\/basvuru-kosullari\/\",\"name\":\"Ba\u015fvuru Ko\u015fullar\u0131 - Mimarl\u0131k\",\"isPartOf\":{\"@id\":\"https:\/\/ticaret.edu.tr\/mimarlik\/en\/#website\"},\"datePublished\":\"2025-01-27T10:36:13+00:00\",\"dateModified\":\"2025-10-20T08:43:59+00:00\",\"description\":\"Programa Mimarl\u0131k, \u0130\u00e7 Mimarl\u0131k, \u015eehir ve B\u00f6lge Planlama, \u0130n\u015faat M\u00fchendisli\u011fi, Peyzaj Mimarl\u0131\u011f\u0131 ile \u0130\u00e7 Mimarl\u0131k ve \u00c7evre Tasar\u0131m\u0131 mezunlar\u0131 ba\u015fvurabilir; alan d\u0131\u015f\u0131ndan \u00f6\u011frenci al\u0131nmaz.\",\"breadcrumb\":{\"@id\":\"http:\/\/ticaret.edu.tr\/mimarlik\/basvuru-kosullari\/#breadcrumb\"},\"inLanguage\":\"tr\",\"potentialAction\":[{\"@type\":\"ReadAction\",\"target\":[\"http:\/\/ticaret.edu.tr\/mimarlik\/basvuru-kosullari\/\"]}]},{\"@type\":\"BreadcrumbList\",\"@id\":\"http:\/\/ticaret.edu.tr\/mimarlik\/basvuru-kosullari\/#breadcrumb\",\"itemListElement\":[{\"@type\":\"ListItem\",\"position\":1,\"name\":\"Ana sayfa\",\"item\":\"https:\/\/ticaret.edu.tr\/mimarlik\/\"},{\"@type\":\"ListItem\",\"position\":2,\"name\":\"Ba\u015fvuru Ko\u015fullar\u0131\"}]},{\"@type\":\"WebSite\",\"@id\":\"https:\/\/ticaret.edu.tr\/mimarlik\/en\/#website\",\"url\":\"https:\/\/ticaret.edu.tr\/mimarlik\/en\/\",\"name\":\"Mimarl\u0131k\",\"description\":\"\",\"potentialAction\":[{\"@type\":\"SearchAction\",\"target\":{\"@type\":\"EntryPoint\",\"urlTemplate\":\"https:\/\/ticaret.edu.tr\/mimarlik\/en\/?s={search_term_string}\"},\"query-input\":\"required name=search_term_string\"}],\"inLanguage\":\"tr\"}]}<\/script>\n<!-- \/ Yoast SEO Premium plugin. -->","yoast_head_json":{"title":"Ba\u015fvuru Ko\u015fullar\u0131 - Mimarl\u0131k","description":"Programa Mimarl\u0131k, \u0130\u00e7 Mimarl\u0131k, \u015eehir ve B\u00f6lge Planlama, \u0130n\u015faat M\u00fchendisli\u011fi, Peyzaj Mimarl\u0131\u011f\u0131 ile \u0130\u00e7 Mimarl\u0131k ve \u00c7evre Tasar\u0131m\u0131 mezunlar\u0131 ba\u015fvurabilir; alan d\u0131\u015f\u0131ndan \u00f6\u011frenci al\u0131nmaz.","robots":{"index":"index","follow":"follow","max-snippet":"max-snippet:-1","max-image-preview":"max-image-preview:large","max-video-preview":"max-video-preview:-1"},"canonical":"http:\/\/ticaret.edu.tr\/mimarlik\/basvuru-kosullari\/","og_locale":"tr_TR","og_type":"article","og_title":"Ba\u015fvuru Ko\u015fullar\u0131","og_description":"Programa Mimarl\u0131k, \u0130\u00e7 Mimarl\u0131k, \u015eehir ve B\u00f6lge Planlama, \u0130n\u015faat M\u00fchendisli\u011fi, Peyzaj Mimarl\u0131\u011f\u0131 ile \u0130\u00e7 Mimarl\u0131k ve \u00c7evre Tasar\u0131m\u0131 mezunlar\u0131 ba\u015fvurabilir; alan d\u0131\u015f\u0131ndan \u00f6\u011frenci al\u0131nmaz.","og_url":"http:\/\/ticaret.edu.tr\/mimarlik\/basvuru-kosullari\/","og_site_name":"Mimarl\u0131k","article_publisher":"https:\/\/www.facebook.com\/ticaretedutr","article_modified_time":"2025-10-20T08:43:59+00:00","twitter_card":"summary_large_image","twitter_site":"@ticaretedutr","twitter_misc":{"Tahmini okuma s\u00fcresi":"1 dakika"},"schema":{"@context":"https:\/\/schema.org","@graph":[{"@type":"WebPage","@id":"http:\/\/ticaret.edu.tr\/mimarlik\/basvuru-kosullari\/","url":"http:\/\/ticaret.edu.tr\/mimarlik\/basvuru-kosullari\/","name":"Ba\u015fvuru Ko\u015fullar\u0131 - Mimarl\u0131k","isPartOf":{"@id":"https:\/\/ticaret.edu.tr\/mimarlik\/en\/#website"},"datePublished":"2025-01-27T10:36:13+00:00","dateModified":"2025-10-20T08:43:59+00:00","description":"Programa Mimarl\u0131k, \u0130\u00e7 Mimarl\u0131k, \u015eehir ve B\u00f6lge Planlama, \u0130n\u015faat M\u00fchendisli\u011fi, Peyzaj Mimarl\u0131\u011f\u0131 ile \u0130\u00e7 Mimarl\u0131k ve \u00c7evre Tasar\u0131m\u0131 mezunlar\u0131 ba\u015fvurabilir; alan d\u0131\u015f\u0131ndan \u00f6\u011frenci al\u0131nmaz.","breadcrumb":{"@id":"http:\/\/ticaret.edu.tr\/mimarlik\/basvuru-kosullari\/#breadcrumb"},"inLanguage":"tr","potentialAction":[{"@type":"ReadAction","target":["http:\/\/ticaret.edu.tr\/mimarlik\/basvuru-kosullari\/"]}]},{"@type":"BreadcrumbList","@id":"http:\/\/ticaret.edu.tr\/mimarlik\/basvuru-kosullari\/#breadcrumb","itemListElement":[{"@type":"ListItem","position":1,"name":"Ana sayfa","item":"https:\/\/ticaret.edu.tr\/mimarlik\/"},{"@type":"ListItem","position":2,"name":"Ba\u015fvuru Ko\u015fullar\u0131"}]},{"@type":"WebSite","@id":"https:\/\/ticaret.edu.tr\/mimarlik\/en\/#website","url":"https:\/\/ticaret.edu.tr\/mimarlik\/en\/","name":"Mimarl\u0131k","description":"","potentialAction":[{"@type":"SearchAction","target":{"@type":"EntryPoint","urlTemplate":"https:\/\/ticaret.edu.tr\/mimarlik\/en\/?s={search_term_string}"},"query-input":"required name=search_term_string"}],"inLanguage":"tr"}]}},"lang":"tr","translations":{"tr":1838,"en":2009},"pll_sync_post":[],"_links":{"self":[{"href":"http:\/\/ticaret.edu.tr\/mimarlik\/wp-json\/wp\/v2\/pages\/1838"}],"collection":[{"href":"http:\/\/ticaret.edu.tr\/mimarlik\/wp-json\/wp\/v2\/pages"}],"about":[{"href":"http:\/\/ticaret.edu.tr\/mimarlik\/wp-json\/wp\/v2\/types\/page"}],"author":[{"embeddable":true,"href":"http:\/\/ticaret.edu.tr\/mimarlik\/wp-json\/wp\/v2\/users\/225"}],"replies":[{"embeddable":true,"href":"http:\/\/ticaret.edu.tr\/mimarlik\/wp-json\/wp\/v2\/comments?post=1838"}],"version-history":[{"count":4,"href":"http:\/\/ticaret.edu.tr\/mimarlik\/wp-json\/wp\/v2\/pages\/1838\/revisions"}],"predecessor-version":[{"id":2535,"href":"http:\/\/ticaret.edu.tr\/mimarlik\/wp-json\/wp\/v2\/pages\/1838\/revisions\/2535"}],"wp:attachment":[{"href":"http:\/\/ticaret.edu.tr\/mimarlik\/wp-json\/wp\/v2\/media?parent=1838"}],"curies":[{"name":"wp","href":"https:\/\/api.w.org\/{rel}","templated":true}]}}