{"id":1840,"date":"2025-01-27T13:36:24","date_gmt":"2025-01-27T10:36:24","guid":{"rendered":"https:\/\/ticaret.edu.tr\/mimarlik\/?page_id=1840"},"modified":"2025-10-20T14:12:32","modified_gmt":"2025-10-20T11:12:32","slug":"lisansustu-ders-icerikleri","status":"publish","type":"page","link":"http:\/\/ticaret.edu.tr\/mimarlik\/lisansustu-ders-icerikleri\/","title":{"rendered":"Ders \u0130\u00e7erikleri"},"content":{"rendered":"<p><strong>Koruma ve Restorasyon Program\u0131 Ders \u0130\u00e7erikleri ve Ders Tan\u0131t\u0131m Formlar\u0131<\/strong><\/p>\n<p>Koruma ve Restorasyon Program\u0131 Tezli: <strong><a href=\"https:\/\/obs.ticaret.edu.tr\/oibs\/bologna\/progCourses.aspx?lang=tr&amp;curSunit=40788\" target=\"_blank\" rel=\"noopener\">Koruma ve Restorasyon Program\u0131 Tezli<\/a><\/strong><\/p>\n<p>Koruma ve Restorasyon Program\u0131 Tezsiz:\u00a0\u00a0<strong><a href=\"https:\/\/obs.ticaret.edu.tr\/oibs\/bologna\/progCourses.aspx?lang=tr&amp;curSunit=40836\" target=\"_blank\" rel=\"noopener\">Koruma ve Restorasyon Program\u0131 Tezsiz<\/a><\/strong><\/p>\n","protected":false},"excerpt":{"rendered":"<p>Koruma ve Restorasyon Program\u0131 Ders \u0130\u00e7erikleri ve Ders Tan\u0131t\u0131m Formlar\u0131 Koruma ve Restorasyon Program\u0131 Tezli: Koruma ve Restorasyon Program\u0131 Tezli Koruma ve Restorasyon Program\u0131 Tezsiz:\u00a0\u00a0Koruma ve Restorasyon Program\u0131 Tezsiz<\/p>\n","protected":false},"author":225,"featured_media":0,"parent":0,"menu_order":0,"comment_status":"closed","ping_status":"closed","template":"genel_sayfa.php","meta":{"footnotes":""},"yoast_head":"<!-- This site is optimized with the Yoast SEO Premium plugin v22.1 (Yoast SEO v22.1) - https:\/\/yoast.com\/wordpress\/plugins\/seo\/ -->\n<title>Ders \u0130\u00e7erikleri - Mimarl\u0131k<\/title>\n<meta name=\"description\" content=\"Koruma ve Restorasyon Y\u00fcksek Lisans Program\u0131 tezli ve tezsiz ders i\u00e7erikleri ve ders tan\u0131t\u0131m formlar\u0131 a\u015fa\u011f\u0131daki gibidir.\" \/>\n<meta name=\"robots\" content=\"index, follow, max-snippet:-1, max-image-preview:large, max-video-preview:-1\" \/>\n<link rel=\"canonical\" href=\"http:\/\/ticaret.edu.tr\/mimarlik\/lisansustu-ders-icerikleri\/\" \/>\n<meta property=\"og:locale\" content=\"tr_TR\" \/>\n<meta property=\"og:type\" content=\"article\" \/>\n<meta property=\"og:title\" content=\"Ders \u0130\u00e7erikleri\" \/>\n<meta property=\"og:description\" content=\"Koruma ve Restorasyon Y\u00fcksek Lisans Program\u0131 tezli ve tezsiz ders i\u00e7erikleri ve ders tan\u0131t\u0131m formlar\u0131 a\u015fa\u011f\u0131daki gibidir.\" \/>\n<meta property=\"og:url\" content=\"http:\/\/ticaret.edu.tr\/mimarlik\/lisansustu-ders-icerikleri\/\" \/>\n<meta property=\"og:site_name\" content=\"Mimarl\u0131k\" \/>\n<meta property=\"article:publisher\" content=\"https:\/\/www.facebook.com\/ticaretedutr\" \/>\n<meta property=\"article:modified_time\" content=\"2025-10-20T11:12:32+00:00\" \/>\n<meta name=\"twitter:card\" content=\"summary_large_image\" \/>\n<meta name=\"twitter:site\" content=\"@ticaretedutr\" \/>\n<meta name=\"twitter:label1\" content=\"Tahmini okuma s\u00fcresi\" \/>\n\t<meta name=\"twitter:data1\" content=\"1 dakika\" \/>\n<script type=\"application\/ld+json\" class=\"yoast-schema-graph\">{\"@context\":\"https:\/\/schema.org\",\"@graph\":[{\"@type\":\"WebPage\",\"@id\":\"http:\/\/ticaret.edu.tr\/mimarlik\/lisansustu-ders-icerikleri\/\",\"url\":\"http:\/\/ticaret.edu.tr\/mimarlik\/lisansustu-ders-icerikleri\/\",\"name\":\"Ders \u0130\u00e7erikleri - Mimarl\u0131k\",\"isPartOf\":{\"@id\":\"http:\/\/ticaret.edu.tr\/mimarlik\/#website\"},\"datePublished\":\"2025-01-27T10:36:24+00:00\",\"dateModified\":\"2025-10-20T11:12:32+00:00\",\"description\":\"Koruma ve Restorasyon Y\u00fcksek Lisans Program\u0131 tezli ve tezsiz ders i\u00e7erikleri ve ders tan\u0131t\u0131m formlar\u0131 a\u015fa\u011f\u0131daki gibidir.\",\"breadcrumb\":{\"@id\":\"http:\/\/ticaret.edu.tr\/mimarlik\/lisansustu-ders-icerikleri\/#breadcrumb\"},\"inLanguage\":\"tr\",\"potentialAction\":[{\"@type\":\"ReadAction\",\"target\":[\"http:\/\/ticaret.edu.tr\/mimarlik\/lisansustu-ders-icerikleri\/\"]}]},{\"@type\":\"BreadcrumbList\",\"@id\":\"http:\/\/ticaret.edu.tr\/mimarlik\/lisansustu-ders-icerikleri\/#breadcrumb\",\"itemListElement\":[{\"@type\":\"ListItem\",\"position\":1,\"name\":\"Ana sayfa\",\"item\":\"http:\/\/ticaret.edu.tr\/mimarlik\/\"},{\"@type\":\"ListItem\",\"position\":2,\"name\":\"Ders \u0130\u00e7erikleri\"}]},{\"@type\":\"WebSite\",\"@id\":\"http:\/\/ticaret.edu.tr\/mimarlik\/#website\",\"url\":\"http:\/\/ticaret.edu.tr\/mimarlik\/\",\"name\":\"Mimarl\u0131k\",\"description\":\"\",\"potentialAction\":[{\"@type\":\"SearchAction\",\"target\":{\"@type\":\"EntryPoint\",\"urlTemplate\":\"http:\/\/ticaret.edu.tr\/mimarlik\/?s={search_term_string}\"},\"query-input\":\"required name=search_term_string\"}],\"inLanguage\":\"tr\"}]}<\/script>\n<!-- \/ Yoast SEO Premium plugin. -->","yoast_head_json":{"title":"Ders \u0130\u00e7erikleri - Mimarl\u0131k","description":"Koruma ve Restorasyon Y\u00fcksek Lisans Program\u0131 tezli ve tezsiz ders i\u00e7erikleri ve ders tan\u0131t\u0131m formlar\u0131 a\u015fa\u011f\u0131daki gibidir.","robots":{"index":"index","follow":"follow","max-snippet":"max-snippet:-1","max-image-preview":"max-image-preview:large","max-video-preview":"max-video-preview:-1"},"canonical":"http:\/\/ticaret.edu.tr\/mimarlik\/lisansustu-ders-icerikleri\/","og_locale":"tr_TR","og_type":"article","og_title":"Ders \u0130\u00e7erikleri","og_description":"Koruma ve Restorasyon Y\u00fcksek Lisans Program\u0131 tezli ve tezsiz ders i\u00e7erikleri ve ders tan\u0131t\u0131m formlar\u0131 a\u015fa\u011f\u0131daki gibidir.","og_url":"http:\/\/ticaret.edu.tr\/mimarlik\/lisansustu-ders-icerikleri\/","og_site_name":"Mimarl\u0131k","article_publisher":"https:\/\/www.facebook.com\/ticaretedutr","article_modified_time":"2025-10-20T11:12:32+00:00","twitter_card":"summary_large_image","twitter_site":"@ticaretedutr","twitter_misc":{"Tahmini okuma s\u00fcresi":"1 dakika"},"schema":{"@context":"https:\/\/schema.org","@graph":[{"@type":"WebPage","@id":"http:\/\/ticaret.edu.tr\/mimarlik\/lisansustu-ders-icerikleri\/","url":"http:\/\/ticaret.edu.tr\/mimarlik\/lisansustu-ders-icerikleri\/","name":"Ders \u0130\u00e7erikleri - Mimarl\u0131k","isPartOf":{"@id":"http:\/\/ticaret.edu.tr\/mimarlik\/#website"},"datePublished":"2025-01-27T10:36:24+00:00","dateModified":"2025-10-20T11:12:32+00:00","description":"Koruma ve Restorasyon Y\u00fcksek Lisans Program\u0131 tezli ve tezsiz ders i\u00e7erikleri ve ders tan\u0131t\u0131m formlar\u0131 a\u015fa\u011f\u0131daki gibidir.","breadcrumb":{"@id":"http:\/\/ticaret.edu.tr\/mimarlik\/lisansustu-ders-icerikleri\/#breadcrumb"},"inLanguage":"tr","potentialAction":[{"@type":"ReadAction","target":["http:\/\/ticaret.edu.tr\/mimarlik\/lisansustu-ders-icerikleri\/"]}]},{"@type":"BreadcrumbList","@id":"http:\/\/ticaret.edu.tr\/mimarlik\/lisansustu-ders-icerikleri\/#breadcrumb","itemListElement":[{"@type":"ListItem","position":1,"name":"Ana sayfa","item":"http:\/\/ticaret.edu.tr\/mimarlik\/"},{"@type":"ListItem","position":2,"name":"Ders \u0130\u00e7erikleri"}]},{"@type":"WebSite","@id":"http:\/\/ticaret.edu.tr\/mimarlik\/#website","url":"http:\/\/ticaret.edu.tr\/mimarlik\/","name":"Mimarl\u0131k","description":"","potentialAction":[{"@type":"SearchAction","target":{"@type":"EntryPoint","urlTemplate":"http:\/\/ticaret.edu.tr\/mimarlik\/?s={search_term_string}"},"query-input":"required name=search_term_string"}],"inLanguage":"tr"}]}},"lang":"tr","translations":{"tr":1840,"en":2011},"pll_sync_post":[],"_links":{"self":[{"href":"http:\/\/ticaret.edu.tr\/mimarlik\/wp-json\/wp\/v2\/pages\/1840"}],"collection":[{"href":"http:\/\/ticaret.edu.tr\/mimarlik\/wp-json\/wp\/v2\/pages"}],"about":[{"href":"http:\/\/ticaret.edu.tr\/mimarlik\/wp-json\/wp\/v2\/types\/page"}],"author":[{"embeddable":true,"href":"http:\/\/ticaret.edu.tr\/mimarlik\/wp-json\/wp\/v2\/users\/225"}],"replies":[{"embeddable":true,"href":"http:\/\/ticaret.edu.tr\/mimarlik\/wp-json\/wp\/v2\/comments?post=1840"}],"version-history":[{"count":8,"href":"http:\/\/ticaret.edu.tr\/mimarlik\/wp-json\/wp\/v2\/pages\/1840\/revisions"}],"predecessor-version":[{"id":2570,"href":"http:\/\/ticaret.edu.tr\/mimarlik\/wp-json\/wp\/v2\/pages\/1840\/revisions\/2570"}],"wp:attachment":[{"href":"http:\/\/ticaret.edu.tr\/mimarlik\/wp-json\/wp\/v2\/media?parent=1840"}],"curies":[{"name":"wp","href":"https:\/\/api.w.org\/{rel}","templated":true}]}}