{"id":1846,"date":"2025-01-27T13:37:04","date_gmt":"2025-01-27T10:37:04","guid":{"rendered":"https:\/\/ticaret.edu.tr\/mimarlik\/?page_id=1846"},"modified":"2025-10-20T14:14:45","modified_gmt":"2025-10-20T11:14:45","slug":"lisansustu-ogrenci-degisim-programlari-erasmus","status":"publish","type":"page","link":"http:\/\/ticaret.edu.tr\/mimarlik\/lisansustu-ogrenci-degisim-programlari-erasmus\/","title":{"rendered":"\u00d6\u011frenci De\u011fi\u015fim Programlar\u0131\/Erasmus"},"content":{"rendered":"<p><strong>\u0130<\/strong><strong>stanbul Ticaret \u00dcniversitesi Uluslararas\u0131 Ofis: <\/strong><a href=\"https:\/\/international.ticaret.edu.tr\/\" target=\"_blank\" rel=\"noopener\">Uluslararas\u0131 Ofis hakk\u0131nda detayl\u0131 bilgi i\u00e7in t\u0131klay\u0131n\u0131z.<\/a><\/p>\n<p><strong>\u0130<\/strong><strong>stanbul Ticaret \u00dcniversitesi Erasmus Program\u0131: <\/strong><a href=\"https:\/\/erasmusoffice.ticaret.edu.tr\/\" target=\"_blank\" rel=\"noopener\">Erasmus Program\u0131 hakk\u0131nda detayl\u0131 bilgi i\u00e7in t\u0131klay\u0131n\u0131z.<\/a><\/p>\n","protected":false},"excerpt":{"rendered":"<p>\u0130stanbul Ticaret \u00dcniversitesi Uluslararas\u0131 Ofis: Uluslararas\u0131 Ofis hakk\u0131nda detayl\u0131 bilgi i\u00e7in t\u0131klay\u0131n\u0131z. \u0130stanbul Ticaret \u00dcniversitesi Erasmus Program\u0131: Erasmus Program\u0131 hakk\u0131nda detayl\u0131 bilgi i\u00e7in t\u0131klay\u0131n\u0131z.<\/p>\n","protected":false},"author":225,"featured_media":0,"parent":0,"menu_order":0,"comment_status":"closed","ping_status":"closed","template":"genel_sayfa.php","meta":{"footnotes":""},"yoast_head":"<!-- This site is optimized with the Yoast SEO Premium plugin v22.1 (Yoast SEO v22.1) - https:\/\/yoast.com\/wordpress\/plugins\/seo\/ -->\n<title>\u00d6\u011frenci De\u011fi\u015fim Programlar\u0131\/Erasmus - Mimarl\u0131k<\/title>\n<meta name=\"description\" content=\"\u00d6\u011frenci de\u011fi\u015fim programlar\u0131 hakk\u0131nda bilgi almak i\u00e7in t\u0131klayabilirsiniz.\" \/>\n<meta name=\"robots\" content=\"index, follow, max-snippet:-1, max-image-preview:large, max-video-preview:-1\" \/>\n<link rel=\"canonical\" href=\"https:\/\/ticaret.edu.tr\/mimarlik\/lisansustu-ogrenci-degisim-programlari-erasmus\/\" \/>\n<meta property=\"og:locale\" content=\"tr_TR\" \/>\n<meta property=\"og:type\" content=\"article\" \/>\n<meta property=\"og:title\" content=\"\u00d6\u011frenci De\u011fi\u015fim Programlar\u0131\/Erasmus\" \/>\n<meta property=\"og:description\" content=\"\u00d6\u011frenci de\u011fi\u015fim programlar\u0131 hakk\u0131nda bilgi almak i\u00e7in t\u0131klayabilirsiniz.\" \/>\n<meta property=\"og:url\" content=\"https:\/\/ticaret.edu.tr\/mimarlik\/lisansustu-ogrenci-degisim-programlari-erasmus\/\" \/>\n<meta property=\"og:site_name\" content=\"Mimarl\u0131k\" \/>\n<meta property=\"article:publisher\" content=\"https:\/\/www.facebook.com\/ticaretedutr\" \/>\n<meta property=\"article:modified_time\" content=\"2025-10-20T11:14:45+00:00\" \/>\n<meta name=\"twitter:card\" content=\"summary_large_image\" \/>\n<meta name=\"twitter:site\" content=\"@ticaretedutr\" \/>\n<meta name=\"twitter:label1\" content=\"Tahmini okuma s\u00fcresi\" \/>\n\t<meta name=\"twitter:data1\" content=\"1 dakika\" \/>\n<script type=\"application\/ld+json\" class=\"yoast-schema-graph\">{\"@context\":\"https:\/\/schema.org\",\"@graph\":[{\"@type\":\"WebPage\",\"@id\":\"https:\/\/ticaret.edu.tr\/mimarlik\/lisansustu-ogrenci-degisim-programlari-erasmus\/\",\"url\":\"https:\/\/ticaret.edu.tr\/mimarlik\/lisansustu-ogrenci-degisim-programlari-erasmus\/\",\"name\":\"\u00d6\u011frenci De\u011fi\u015fim Programlar\u0131\/Erasmus - Mimarl\u0131k\",\"isPartOf\":{\"@id\":\"https:\/\/ticaret.edu.tr\/mimarlik\/#website\"},\"datePublished\":\"2025-01-27T10:37:04+00:00\",\"dateModified\":\"2025-10-20T11:14:45+00:00\",\"description\":\"\u00d6\u011frenci de\u011fi\u015fim programlar\u0131 hakk\u0131nda bilgi almak i\u00e7in t\u0131klayabilirsiniz.\",\"breadcrumb\":{\"@id\":\"https:\/\/ticaret.edu.tr\/mimarlik\/lisansustu-ogrenci-degisim-programlari-erasmus\/#breadcrumb\"},\"inLanguage\":\"tr\",\"potentialAction\":[{\"@type\":\"ReadAction\",\"target\":[\"https:\/\/ticaret.edu.tr\/mimarlik\/lisansustu-ogrenci-degisim-programlari-erasmus\/\"]}]},{\"@type\":\"BreadcrumbList\",\"@id\":\"https:\/\/ticaret.edu.tr\/mimarlik\/lisansustu-ogrenci-degisim-programlari-erasmus\/#breadcrumb\",\"itemListElement\":[{\"@type\":\"ListItem\",\"position\":1,\"name\":\"Ana sayfa\",\"item\":\"https:\/\/ticaret.edu.tr\/mimarlik\/\"},{\"@type\":\"ListItem\",\"position\":2,\"name\":\"\u00d6\u011frenci De\u011fi\u015fim Programlar\u0131\/Erasmus\"}]},{\"@type\":\"WebSite\",\"@id\":\"https:\/\/ticaret.edu.tr\/mimarlik\/#website\",\"url\":\"https:\/\/ticaret.edu.tr\/mimarlik\/\",\"name\":\"Mimarl\u0131k\",\"description\":\"\",\"potentialAction\":[{\"@type\":\"SearchAction\",\"target\":{\"@type\":\"EntryPoint\",\"urlTemplate\":\"https:\/\/ticaret.edu.tr\/mimarlik\/?s={search_term_string}\"},\"query-input\":\"required name=search_term_string\"}],\"inLanguage\":\"tr\"}]}<\/script>\n<!-- \/ Yoast SEO Premium plugin. -->","yoast_head_json":{"title":"\u00d6\u011frenci De\u011fi\u015fim Programlar\u0131\/Erasmus - Mimarl\u0131k","description":"\u00d6\u011frenci de\u011fi\u015fim programlar\u0131 hakk\u0131nda bilgi almak i\u00e7in t\u0131klayabilirsiniz.","robots":{"index":"index","follow":"follow","max-snippet":"max-snippet:-1","max-image-preview":"max-image-preview:large","max-video-preview":"max-video-preview:-1"},"canonical":"https:\/\/ticaret.edu.tr\/mimarlik\/lisansustu-ogrenci-degisim-programlari-erasmus\/","og_locale":"tr_TR","og_type":"article","og_title":"\u00d6\u011frenci De\u011fi\u015fim Programlar\u0131\/Erasmus","og_description":"\u00d6\u011frenci de\u011fi\u015fim programlar\u0131 hakk\u0131nda bilgi almak i\u00e7in t\u0131klayabilirsiniz.","og_url":"https:\/\/ticaret.edu.tr\/mimarlik\/lisansustu-ogrenci-degisim-programlari-erasmus\/","og_site_name":"Mimarl\u0131k","article_publisher":"https:\/\/www.facebook.com\/ticaretedutr","article_modified_time":"2025-10-20T11:14:45+00:00","twitter_card":"summary_large_image","twitter_site":"@ticaretedutr","twitter_misc":{"Tahmini okuma s\u00fcresi":"1 dakika"},"schema":{"@context":"https:\/\/schema.org","@graph":[{"@type":"WebPage","@id":"https:\/\/ticaret.edu.tr\/mimarlik\/lisansustu-ogrenci-degisim-programlari-erasmus\/","url":"https:\/\/ticaret.edu.tr\/mimarlik\/lisansustu-ogrenci-degisim-programlari-erasmus\/","name":"\u00d6\u011frenci De\u011fi\u015fim Programlar\u0131\/Erasmus - Mimarl\u0131k","isPartOf":{"@id":"https:\/\/ticaret.edu.tr\/mimarlik\/#website"},"datePublished":"2025-01-27T10:37:04+00:00","dateModified":"2025-10-20T11:14:45+00:00","description":"\u00d6\u011frenci de\u011fi\u015fim programlar\u0131 hakk\u0131nda bilgi almak i\u00e7in t\u0131klayabilirsiniz.","breadcrumb":{"@id":"https:\/\/ticaret.edu.tr\/mimarlik\/lisansustu-ogrenci-degisim-programlari-erasmus\/#breadcrumb"},"inLanguage":"tr","potentialAction":[{"@type":"ReadAction","target":["https:\/\/ticaret.edu.tr\/mimarlik\/lisansustu-ogrenci-degisim-programlari-erasmus\/"]}]},{"@type":"BreadcrumbList","@id":"https:\/\/ticaret.edu.tr\/mimarlik\/lisansustu-ogrenci-degisim-programlari-erasmus\/#breadcrumb","itemListElement":[{"@type":"ListItem","position":1,"name":"Ana sayfa","item":"https:\/\/ticaret.edu.tr\/mimarlik\/"},{"@type":"ListItem","position":2,"name":"\u00d6\u011frenci De\u011fi\u015fim Programlar\u0131\/Erasmus"}]},{"@type":"WebSite","@id":"https:\/\/ticaret.edu.tr\/mimarlik\/#website","url":"https:\/\/ticaret.edu.tr\/mimarlik\/","name":"Mimarl\u0131k","description":"","potentialAction":[{"@type":"SearchAction","target":{"@type":"EntryPoint","urlTemplate":"https:\/\/ticaret.edu.tr\/mimarlik\/?s={search_term_string}"},"query-input":"required name=search_term_string"}],"inLanguage":"tr"}]}},"lang":"tr","translations":{"tr":1846,"en":2017},"pll_sync_post":[],"_links":{"self":[{"href":"http:\/\/ticaret.edu.tr\/mimarlik\/wp-json\/wp\/v2\/pages\/1846"}],"collection":[{"href":"http:\/\/ticaret.edu.tr\/mimarlik\/wp-json\/wp\/v2\/pages"}],"about":[{"href":"http:\/\/ticaret.edu.tr\/mimarlik\/wp-json\/wp\/v2\/types\/page"}],"author":[{"embeddable":true,"href":"http:\/\/ticaret.edu.tr\/mimarlik\/wp-json\/wp\/v2\/users\/225"}],"replies":[{"embeddable":true,"href":"http:\/\/ticaret.edu.tr\/mimarlik\/wp-json\/wp\/v2\/comments?post=1846"}],"version-history":[{"count":3,"href":"http:\/\/ticaret.edu.tr\/mimarlik\/wp-json\/wp\/v2\/pages\/1846\/revisions"}],"predecessor-version":[{"id":2573,"href":"http:\/\/ticaret.edu.tr\/mimarlik\/wp-json\/wp\/v2\/pages\/1846\/revisions\/2573"}],"wp:attachment":[{"href":"http:\/\/ticaret.edu.tr\/mimarlik\/wp-json\/wp\/v2\/media?parent=1846"}],"curies":[{"name":"wp","href":"https:\/\/api.w.org\/{rel}","templated":true}]}}