{"id":1850,"date":"2025-01-27T13:37:32","date_gmt":"2025-01-27T10:37:32","guid":{"rendered":"https:\/\/ticaret.edu.tr\/mimarlik\/?page_id=1850"},"modified":"2025-10-20T16:14:04","modified_gmt":"2025-10-20T13:14:04","slug":"ogretim-planlari","status":"publish","type":"page","link":"http:\/\/ticaret.edu.tr\/mimarlik\/ogretim-planlari\/","title":{"rendered":"\u00d6\u011fretim Planlar\u0131"},"content":{"rendered":"<table style=\"height: 574px\" width=\"1047\">\n<tbody>\n<tr>\n<td width=\"829\"><strong>Bilimsel Haz\u0131rl\u0131k Dersleri<\/strong><\/td>\n<\/tr>\n<tr>\n<td width=\"829\">Bilimsel Haz\u0131rl\u0131k dersleri ve say\u0131s\u0131 \u00f6\u011frencinin lisans transkriptine g\u00f6re m\u00fclakat s\u0131ras\u0131nda belirlenir. Dersler lisans program\u0131ndan\u00a0 al\u0131n\u0131r ve o program\u0131n e\u011fitim dilinde yap\u0131l\u0131r.<br \/>\nBilimsel Haz\u0131rl\u0131k dersleri kredisizdir.<\/td>\n<\/tr>\n<tr>\n<td width=\"829\"><strong>Y\u00fcksek Lisans Dersleri<\/strong><\/td>\n<\/tr>\n<tr>\n<td width=\"829\">Tezli program, en az 7 ders (24 kredi), Seminer, Tez \u00c7al\u0131\u015fmas\u0131 ve Yay\u0131n \u015eart\u0131ndan olu\u015fur.<br \/>\n<strong>Tezli Y\u00fcksek Lisans Yay\u0131n \u015eart\u0131 Bilgilendirmesi\u00a0<\/strong>\u00dcniversitemiz Lisans\u00fcst\u00fc E\u011fitim ve \u00d6\u011fretim Y\u00f6netmeli\u011finin\u00a0Madde 10-2 (Tezli Y\u00fcksek Lisans Programlar\u0131 \u0130\u00e7in)\u00a0bendinde yer\u00a0 alan; makale yay\u0131n \u015fart\u0131na ili\u015fkin olarak; Tezli Y\u00fcksek Lisans program\u0131 \u00f6\u011frencilerinin Dan\u0131\u015fman \u00d6\u011fretim Elemanlar\u0131yla beraber\u00a0 yay\u0131nlayacaklar\u0131 makalelerinin bas\u0131laca\u011f\u0131 dergilerin tarand\u0131klar\u0131 endekslerin i\u00e7inde\u00a0T\u00dcB\u0130TAK-ULAKB\u0130M-UVT\u00a0endeksinin\u00a0 bulunmas\u0131 \u015fart\u0131 aranmaktad\u0131r.Tezsiz program,\u00a0en az 10 ders (30 kredi)\u00a0\u00a0ve D\u00f6nem Projesi\u2019nden olu\u015fur.<\/p>\n<p>Y\u00fcksek Lisans e\u011fitim dili T\u00fcrk\u00e7e\u2019dir.<\/td>\n<\/tr>\n<tr>\n<td width=\"829\"><strong>\u00a0Y\u00fcksek Lisans Derslerinin Yap\u0131ld\u0131\u011f\u0131 G\u00fcn ve Saatler<\/strong><\/td>\n<\/tr>\n<tr>\n<td width=\"829\">\u00a0Dersler hafta i\u00e7i ve gerekirse hafta sonu (Cumartesi) 18:30-21:10\u00a0saatleri aras\u0131nda yap\u0131l\u0131r.<br \/>\nDerslere %70 devam zorunlulu\u011fu vard\u0131r.<\/td>\n<\/tr>\n<tr>\n<td width=\"829\"><strong><a href=\"https:\/\/lisansustuaday.ticaret.edu.tr\/burslar-ucretler\">\u00a0 \u00a0\u00a0\u00d6\u011frenim \u00dccreti ve \u0130ndirimler i\u00e7in t\u0131klay\u0131n\u0131z.<\/a><\/strong><\/td>\n<\/tr>\n<tr>\n<td width=\"829\"><strong><a href=\"https:\/\/www.ticaret.edu.tr\/uploads\/dosyalar\/1360\/protokol%20listesi.pdf\">\u00a0 \u00a0\u00a0E\u011fitim \u0130\u015fbirli\u011fi ve \u0130ndirimleri i\u00e7in t\u0131klay\u0131n\u0131z.<\/a><\/strong><\/td>\n<\/tr>\n<tr>\n<td width=\"829\">(Anla\u015fmal\u0131 oldu\u011fumuz kurumlardan al\u0131nan resmi yaz\u0131 ile belgelenmesi durumunda, ba\u015fvuru sahibi indirimden \u00a0yararlanabilmektedir.)<br \/>\nErkek adaylar i\u00e7in Askerlik Durum Belgesinin TEC\u0130LL\u0130 olarak ibraz edilmesi gerekir.<\/td>\n<\/tr>\n<\/tbody>\n<\/table>\n","protected":false},"excerpt":{"rendered":"<p>Bilimsel Haz\u0131rl\u0131k Dersleri Bilimsel Haz\u0131rl\u0131k dersleri ve say\u0131s\u0131 \u00f6\u011frencinin lisans transkriptine g\u00f6re m\u00fclakat s\u0131ras\u0131nda belirlenir. Dersler lisans program\u0131ndan\u00a0 al\u0131n\u0131r ve o program\u0131n e\u011fitim dilinde yap\u0131l\u0131r. Bilimsel Haz\u0131rl\u0131k dersleri kredisizdir. Y\u00fcksek Lisans Dersleri Tezli program, en az 7 ders (24 kredi), Seminer, Tez \u00c7al\u0131\u015fmas\u0131 ve Yay\u0131n \u015eart\u0131ndan olu\u015fur. Tezli Y\u00fcksek Lisans Yay\u0131n \u015eart\u0131 Bilgilendirmesi\u00a0\u00dcniversitemiz Lisans\u00fcst\u00fc E\u011fitim [&hellip;]<\/p>\n","protected":false},"author":225,"featured_media":0,"parent":0,"menu_order":0,"comment_status":"closed","ping_status":"closed","template":"genel_sayfa.php","meta":{"footnotes":""},"yoast_head":"<!-- This site is optimized with the Yoast SEO Premium plugin v22.1 (Yoast SEO v22.1) - https:\/\/yoast.com\/wordpress\/plugins\/seo\/ -->\n<title>\u00d6\u011fretim Planlar\u0131 - Mimarl\u0131k<\/title>\n<meta name=\"description\" content=\"Dersler hafta i\u00e7i 18.30\u201321.30 saatlerinde, gerekti\u011finde hafta sonu yap\u0131l\u0131r; e\u011fitim S\u00fctl\u00fcce ve K\u00fc\u00e7\u00fckyal\u0131 yerle\u015fkelerinde y\u00fcr\u00fct\u00fcl\u00fcr.\" \/>\n<meta name=\"robots\" content=\"index, follow, max-snippet:-1, max-image-preview:large, max-video-preview:-1\" \/>\n<link rel=\"canonical\" href=\"https:\/\/ticaret.edu.tr\/mimarlik\/ogretim-planlari\/\" \/>\n<meta property=\"og:locale\" content=\"tr_TR\" \/>\n<meta property=\"og:type\" content=\"article\" \/>\n<meta property=\"og:title\" content=\"\u00d6\u011fretim Planlar\u0131\" \/>\n<meta property=\"og:description\" content=\"Dersler hafta i\u00e7i 18.30\u201321.30 saatlerinde, gerekti\u011finde hafta sonu yap\u0131l\u0131r; e\u011fitim S\u00fctl\u00fcce ve K\u00fc\u00e7\u00fckyal\u0131 yerle\u015fkelerinde y\u00fcr\u00fct\u00fcl\u00fcr.\" \/>\n<meta property=\"og:url\" content=\"https:\/\/ticaret.edu.tr\/mimarlik\/ogretim-planlari\/\" \/>\n<meta property=\"og:site_name\" content=\"Mimarl\u0131k\" \/>\n<meta property=\"article:publisher\" content=\"https:\/\/www.facebook.com\/ticaretedutr\" \/>\n<meta property=\"article:modified_time\" content=\"2025-10-20T13:14:04+00:00\" \/>\n<meta name=\"twitter:card\" content=\"summary_large_image\" \/>\n<meta name=\"twitter:site\" content=\"@ticaretedutr\" \/>\n<meta name=\"twitter:label1\" content=\"Tahmini okuma s\u00fcresi\" \/>\n\t<meta name=\"twitter:data1\" content=\"2 dakika\" \/>\n<script type=\"application\/ld+json\" class=\"yoast-schema-graph\">{\"@context\":\"https:\/\/schema.org\",\"@graph\":[{\"@type\":\"WebPage\",\"@id\":\"https:\/\/ticaret.edu.tr\/mimarlik\/ogretim-planlari\/\",\"url\":\"https:\/\/ticaret.edu.tr\/mimarlik\/ogretim-planlari\/\",\"name\":\"\u00d6\u011fretim Planlar\u0131 - Mimarl\u0131k\",\"isPartOf\":{\"@id\":\"https:\/\/ticaret.edu.tr\/mimarlik\/#website\"},\"datePublished\":\"2025-01-27T10:37:32+00:00\",\"dateModified\":\"2025-10-20T13:14:04+00:00\",\"description\":\"Dersler hafta i\u00e7i 18.30\u201321.30 saatlerinde, gerekti\u011finde hafta sonu yap\u0131l\u0131r; e\u011fitim S\u00fctl\u00fcce ve K\u00fc\u00e7\u00fckyal\u0131 yerle\u015fkelerinde y\u00fcr\u00fct\u00fcl\u00fcr.\",\"breadcrumb\":{\"@id\":\"https:\/\/ticaret.edu.tr\/mimarlik\/ogretim-planlari\/#breadcrumb\"},\"inLanguage\":\"tr\",\"potentialAction\":[{\"@type\":\"ReadAction\",\"target\":[\"https:\/\/ticaret.edu.tr\/mimarlik\/ogretim-planlari\/\"]}]},{\"@type\":\"BreadcrumbList\",\"@id\":\"https:\/\/ticaret.edu.tr\/mimarlik\/ogretim-planlari\/#breadcrumb\",\"itemListElement\":[{\"@type\":\"ListItem\",\"position\":1,\"name\":\"Ana sayfa\",\"item\":\"https:\/\/ticaret.edu.tr\/mimarlik\/\"},{\"@type\":\"ListItem\",\"position\":2,\"name\":\"\u00d6\u011fretim Planlar\u0131\"}]},{\"@type\":\"WebSite\",\"@id\":\"https:\/\/ticaret.edu.tr\/mimarlik\/#website\",\"url\":\"https:\/\/ticaret.edu.tr\/mimarlik\/\",\"name\":\"Mimarl\u0131k\",\"description\":\"\",\"potentialAction\":[{\"@type\":\"SearchAction\",\"target\":{\"@type\":\"EntryPoint\",\"urlTemplate\":\"https:\/\/ticaret.edu.tr\/mimarlik\/?s={search_term_string}\"},\"query-input\":\"required name=search_term_string\"}],\"inLanguage\":\"tr\"}]}<\/script>\n<!-- \/ Yoast SEO Premium plugin. -->","yoast_head_json":{"title":"\u00d6\u011fretim Planlar\u0131 - Mimarl\u0131k","description":"Dersler hafta i\u00e7i 18.30\u201321.30 saatlerinde, gerekti\u011finde hafta sonu yap\u0131l\u0131r; e\u011fitim S\u00fctl\u00fcce ve K\u00fc\u00e7\u00fckyal\u0131 yerle\u015fkelerinde y\u00fcr\u00fct\u00fcl\u00fcr.","robots":{"index":"index","follow":"follow","max-snippet":"max-snippet:-1","max-image-preview":"max-image-preview:large","max-video-preview":"max-video-preview:-1"},"canonical":"https:\/\/ticaret.edu.tr\/mimarlik\/ogretim-planlari\/","og_locale":"tr_TR","og_type":"article","og_title":"\u00d6\u011fretim Planlar\u0131","og_description":"Dersler hafta i\u00e7i 18.30\u201321.30 saatlerinde, gerekti\u011finde hafta sonu yap\u0131l\u0131r; e\u011fitim S\u00fctl\u00fcce ve K\u00fc\u00e7\u00fckyal\u0131 yerle\u015fkelerinde y\u00fcr\u00fct\u00fcl\u00fcr.","og_url":"https:\/\/ticaret.edu.tr\/mimarlik\/ogretim-planlari\/","og_site_name":"Mimarl\u0131k","article_publisher":"https:\/\/www.facebook.com\/ticaretedutr","article_modified_time":"2025-10-20T13:14:04+00:00","twitter_card":"summary_large_image","twitter_site":"@ticaretedutr","twitter_misc":{"Tahmini okuma s\u00fcresi":"2 dakika"},"schema":{"@context":"https:\/\/schema.org","@graph":[{"@type":"WebPage","@id":"https:\/\/ticaret.edu.tr\/mimarlik\/ogretim-planlari\/","url":"https:\/\/ticaret.edu.tr\/mimarlik\/ogretim-planlari\/","name":"\u00d6\u011fretim Planlar\u0131 - Mimarl\u0131k","isPartOf":{"@id":"https:\/\/ticaret.edu.tr\/mimarlik\/#website"},"datePublished":"2025-01-27T10:37:32+00:00","dateModified":"2025-10-20T13:14:04+00:00","description":"Dersler hafta i\u00e7i 18.30\u201321.30 saatlerinde, gerekti\u011finde hafta sonu yap\u0131l\u0131r; e\u011fitim S\u00fctl\u00fcce ve K\u00fc\u00e7\u00fckyal\u0131 yerle\u015fkelerinde y\u00fcr\u00fct\u00fcl\u00fcr.","breadcrumb":{"@id":"https:\/\/ticaret.edu.tr\/mimarlik\/ogretim-planlari\/#breadcrumb"},"inLanguage":"tr","potentialAction":[{"@type":"ReadAction","target":["https:\/\/ticaret.edu.tr\/mimarlik\/ogretim-planlari\/"]}]},{"@type":"BreadcrumbList","@id":"https:\/\/ticaret.edu.tr\/mimarlik\/ogretim-planlari\/#breadcrumb","itemListElement":[{"@type":"ListItem","position":1,"name":"Ana sayfa","item":"https:\/\/ticaret.edu.tr\/mimarlik\/"},{"@type":"ListItem","position":2,"name":"\u00d6\u011fretim Planlar\u0131"}]},{"@type":"WebSite","@id":"https:\/\/ticaret.edu.tr\/mimarlik\/#website","url":"https:\/\/ticaret.edu.tr\/mimarlik\/","name":"Mimarl\u0131k","description":"","potentialAction":[{"@type":"SearchAction","target":{"@type":"EntryPoint","urlTemplate":"https:\/\/ticaret.edu.tr\/mimarlik\/?s={search_term_string}"},"query-input":"required name=search_term_string"}],"inLanguage":"tr"}]}},"lang":"tr","translations":{"tr":1850,"en":2021},"pll_sync_post":[],"_links":{"self":[{"href":"http:\/\/ticaret.edu.tr\/mimarlik\/wp-json\/wp\/v2\/pages\/1850"}],"collection":[{"href":"http:\/\/ticaret.edu.tr\/mimarlik\/wp-json\/wp\/v2\/pages"}],"about":[{"href":"http:\/\/ticaret.edu.tr\/mimarlik\/wp-json\/wp\/v2\/types\/page"}],"author":[{"embeddable":true,"href":"http:\/\/ticaret.edu.tr\/mimarlik\/wp-json\/wp\/v2\/users\/225"}],"replies":[{"embeddable":true,"href":"http:\/\/ticaret.edu.tr\/mimarlik\/wp-json\/wp\/v2\/comments?post=1850"}],"version-history":[{"count":6,"href":"http:\/\/ticaret.edu.tr\/mimarlik\/wp-json\/wp\/v2\/pages\/1850\/revisions"}],"predecessor-version":[{"id":2607,"href":"http:\/\/ticaret.edu.tr\/mimarlik\/wp-json\/wp\/v2\/pages\/1850\/revisions\/2607"}],"wp:attachment":[{"href":"http:\/\/ticaret.edu.tr\/mimarlik\/wp-json\/wp\/v2\/media?parent=1850"}],"curies":[{"name":"wp","href":"https:\/\/api.w.org\/{rel}","templated":true}]}}