{"id":1854,"date":"2025-01-27T13:37:58","date_gmt":"2025-01-27T10:37:58","guid":{"rendered":"https:\/\/ticaret.edu.tr\/mimarlik\/?page_id=1854"},"modified":"2025-10-20T14:38:30","modified_gmt":"2025-10-20T11:38:30","slug":"laboratuvarlar","status":"publish","type":"page","link":"http:\/\/ticaret.edu.tr\/mimarlik\/laboratuvarlar\/","title":{"rendered":"Laboratuvarlar"},"content":{"rendered":"<p style=\"text-align: left\">\u0130stanbul Ticaret \u00dcniversitesi, \u00f6\u011frencilerine mesleki uygulamalarda kullanabilecekleri modern ara\u00e7lar\u0131 \u00f6\u011frenmeleri ve tan\u0131malar\u0131 i\u00e7in kapsaml\u0131 bir teknolojik altyap\u0131 sunmaktad\u0131r. \u00dcniversitemizin bilgisayar ve enformatik altyap\u0131s\u0131 a\u015fa\u011f\u0131daki unsurlardan olu\u015fmaktad\u0131r.<\/p>\n<p style=\"text-align: left\"><strong>Altyap\u0131n\u0131n Yeterlili\u011fi<\/strong><\/p>\n<p style=\"text-align: left\">Mevcut yaz\u0131l\u0131m ve donan\u0131m altyap\u0131s\u0131, program\u0131m\u0131z\u0131n hedefleri ve \u00f6\u011frenci say\u0131s\u0131 dikkate al\u0131nd\u0131\u011f\u0131nda olduk\u00e7a kapsaml\u0131 ve yeterli d\u00fczeydedir. 15 Gbit\/sn h\u0131z\u0131ndaki kesintisiz ve yedekli internet altyap\u0131s\u0131 sayesinde online dersler, video konferanslar ve bulut tabanl\u0131 ara\u015ft\u0131rma platformlar\u0131na sorunsuz eri\u015fim m\u00fcmk\u00fcnd\u00fcr. 17 farkl\u0131 Professional yaz\u0131l\u0131m ve sistem ile \u00f6\u011frencilerimiz sekt\u00f6r standard\u0131 ara\u00e7lar\u0131 kullanma imkan\u0131na sahiptir. Microsoft Kamp\u00fcs Anla\u015fmas\u0131 sayesinde t\u00fcm Microsoft \u00fcr\u00fcnlerine tam eri\u015fim, Adobe Creative Cloud ile profesyonel tasar\u0131m ara\u00e7lar\u0131, IBM SPSS ve MATLAB ile ileri d\u00fczey analiz imkanlar\u0131 sunulmaktad\u0131r. Virtualizasyon teknolojileri ile esnek \u00f6\u011frenme ortamlar\u0131, kapsaml\u0131 g\u00fcvenlik yaz\u0131l\u0131mlar\u0131 ile g\u00fcvenli \u00e7al\u0131\u015fma alanlar\u0131 sa\u011flanmaktad\u0131r. Y\u00fcksek h\u0131zl\u0131 internet ba\u011flant\u0131s\u0131 sayesinde bulut tabanl\u0131 uygulamalar sorunsuz \u00e7al\u0131\u015fmakta, g\u00fcncel donan\u0131m ise t\u00fcm yaz\u0131l\u0131m gereksinimlerini kar\u015f\u0131lamaktad\u0131r.<\/p>\n<p><strong>K\u00fc\u00e7\u00fckyal\u0131 Kamp\u00fcs\u00fc Mimarl\u0131k B\u00f6l\u00fcm\u00fc&#8217;n\u00fcn Kulland\u0131\u011f\u0131 Bilgisayar Laboratuvarlar\u0131<\/strong><\/p>\n<table width=\"642\">\n<tbody>\n<tr>\n<td width=\"46\"><strong>B\u0130NA<\/strong><\/td>\n<td width=\"42\"><strong>KAT<\/strong><\/td>\n<td width=\"70\"><strong>NO<\/strong><\/td>\n<td width=\"95\"><strong>DERSL\u0130K<\/strong><\/td>\n<\/tr>\n<tr>\n<td width=\"46\">A<\/td>\n<td width=\"42\">2.Kat<\/td>\n<td width=\"70\">233<\/td>\n<td width=\"95\">Windows Lab.<\/td>\n<\/tr>\n<tr>\n<td width=\"46\">A<\/td>\n<td width=\"42\">2.Kat<\/td>\n<td width=\"70\">234<\/td>\n<td width=\"95\">Windows Lab.<\/td>\n<\/tr>\n<tr>\n<td width=\"46\">C<\/td>\n<td width=\"42\">2.Kat<\/td>\n<td width=\"70\">203-204<\/td>\n<td width=\"95\">Mac Lab<\/td>\n<\/tr>\n<tr>\n<td width=\"46\">C<\/td>\n<td width=\"42\">2.Kat<\/td>\n<td width=\"70\">205-206<\/td>\n<td width=\"95\">Windows Lab<\/td>\n<\/tr>\n<\/tbody>\n<\/table>\n","protected":false},"excerpt":{"rendered":"<p>\u0130stanbul Ticaret \u00dcniversitesi, \u00f6\u011frencilerine mesleki uygulamalarda kullanabilecekleri modern ara\u00e7lar\u0131 \u00f6\u011frenmeleri ve tan\u0131malar\u0131 i\u00e7in kapsaml\u0131 bir teknolojik altyap\u0131 sunmaktad\u0131r. \u00dcniversitemizin bilgisayar ve enformatik altyap\u0131s\u0131 a\u015fa\u011f\u0131daki unsurlardan olu\u015fmaktad\u0131r. Altyap\u0131n\u0131n Yeterlili\u011fi Mevcut yaz\u0131l\u0131m ve donan\u0131m altyap\u0131s\u0131, program\u0131m\u0131z\u0131n hedefleri ve \u00f6\u011frenci say\u0131s\u0131 dikkate al\u0131nd\u0131\u011f\u0131nda olduk\u00e7a kapsaml\u0131 ve yeterli d\u00fczeydedir. 15 Gbit\/sn h\u0131z\u0131ndaki kesintisiz ve yedekli internet altyap\u0131s\u0131 sayesinde online [&hellip;]<\/p>\n","protected":false},"author":225,"featured_media":0,"parent":0,"menu_order":0,"comment_status":"closed","ping_status":"closed","template":"genel_sayfa.php","meta":{"footnotes":""},"yoast_head":"<!-- This site is optimized with the Yoast SEO Premium plugin v22.1 (Yoast SEO v22.1) - https:\/\/yoast.com\/wordpress\/plugins\/seo\/ -->\n<title>Laboratuvarlar - Mimarl\u0131k<\/title>\n<meta name=\"description\" content=\"Laboratuvarlar at\u00f6lyeler ve bilgisayar laboratuvarlar olmak \u00fczere ikiye ayr\u0131lmaktad\u0131r.\" \/>\n<meta name=\"robots\" content=\"index, follow, max-snippet:-1, max-image-preview:large, max-video-preview:-1\" \/>\n<link rel=\"canonical\" href=\"https:\/\/ticaret.edu.tr\/mimarlik\/laboratuvarlar\/\" \/>\n<meta property=\"og:locale\" content=\"tr_TR\" \/>\n<meta property=\"og:type\" content=\"article\" \/>\n<meta property=\"og:title\" content=\"Laboratuvarlar\" \/>\n<meta property=\"og:description\" content=\"Laboratuvarlar at\u00f6lyeler ve bilgisayar laboratuvarlar olmak \u00fczere ikiye ayr\u0131lmaktad\u0131r.\" \/>\n<meta property=\"og:url\" content=\"https:\/\/ticaret.edu.tr\/mimarlik\/laboratuvarlar\/\" \/>\n<meta property=\"og:site_name\" content=\"Mimarl\u0131k\" \/>\n<meta property=\"article:publisher\" content=\"https:\/\/www.facebook.com\/ticaretedutr\" \/>\n<meta property=\"article:modified_time\" content=\"2025-10-20T11:38:30+00:00\" \/>\n<meta name=\"twitter:card\" content=\"summary_large_image\" \/>\n<meta name=\"twitter:site\" content=\"@ticaretedutr\" \/>\n<meta name=\"twitter:label1\" content=\"Tahmini okuma s\u00fcresi\" \/>\n\t<meta name=\"twitter:data1\" content=\"2 dakika\" \/>\n<script type=\"application\/ld+json\" class=\"yoast-schema-graph\">{\"@context\":\"https:\/\/schema.org\",\"@graph\":[{\"@type\":\"WebPage\",\"@id\":\"https:\/\/ticaret.edu.tr\/mimarlik\/laboratuvarlar\/\",\"url\":\"https:\/\/ticaret.edu.tr\/mimarlik\/laboratuvarlar\/\",\"name\":\"Laboratuvarlar - Mimarl\u0131k\",\"isPartOf\":{\"@id\":\"https:\/\/ticaret.edu.tr\/mimarlik\/#website\"},\"datePublished\":\"2025-01-27T10:37:58+00:00\",\"dateModified\":\"2025-10-20T11:38:30+00:00\",\"description\":\"Laboratuvarlar at\u00f6lyeler ve bilgisayar laboratuvarlar olmak \u00fczere ikiye ayr\u0131lmaktad\u0131r.\",\"breadcrumb\":{\"@id\":\"https:\/\/ticaret.edu.tr\/mimarlik\/laboratuvarlar\/#breadcrumb\"},\"inLanguage\":\"tr\",\"potentialAction\":[{\"@type\":\"ReadAction\",\"target\":[\"https:\/\/ticaret.edu.tr\/mimarlik\/laboratuvarlar\/\"]}]},{\"@type\":\"BreadcrumbList\",\"@id\":\"https:\/\/ticaret.edu.tr\/mimarlik\/laboratuvarlar\/#breadcrumb\",\"itemListElement\":[{\"@type\":\"ListItem\",\"position\":1,\"name\":\"Ana sayfa\",\"item\":\"https:\/\/ticaret.edu.tr\/mimarlik\/\"},{\"@type\":\"ListItem\",\"position\":2,\"name\":\"Laboratuvarlar\"}]},{\"@type\":\"WebSite\",\"@id\":\"https:\/\/ticaret.edu.tr\/mimarlik\/#website\",\"url\":\"https:\/\/ticaret.edu.tr\/mimarlik\/\",\"name\":\"Mimarl\u0131k\",\"description\":\"\",\"potentialAction\":[{\"@type\":\"SearchAction\",\"target\":{\"@type\":\"EntryPoint\",\"urlTemplate\":\"https:\/\/ticaret.edu.tr\/mimarlik\/?s={search_term_string}\"},\"query-input\":\"required name=search_term_string\"}],\"inLanguage\":\"tr\"}]}<\/script>\n<!-- \/ Yoast SEO Premium plugin. -->","yoast_head_json":{"title":"Laboratuvarlar - Mimarl\u0131k","description":"Laboratuvarlar at\u00f6lyeler ve bilgisayar laboratuvarlar olmak \u00fczere ikiye ayr\u0131lmaktad\u0131r.","robots":{"index":"index","follow":"follow","max-snippet":"max-snippet:-1","max-image-preview":"max-image-preview:large","max-video-preview":"max-video-preview:-1"},"canonical":"https:\/\/ticaret.edu.tr\/mimarlik\/laboratuvarlar\/","og_locale":"tr_TR","og_type":"article","og_title":"Laboratuvarlar","og_description":"Laboratuvarlar at\u00f6lyeler ve bilgisayar laboratuvarlar olmak \u00fczere ikiye ayr\u0131lmaktad\u0131r.","og_url":"https:\/\/ticaret.edu.tr\/mimarlik\/laboratuvarlar\/","og_site_name":"Mimarl\u0131k","article_publisher":"https:\/\/www.facebook.com\/ticaretedutr","article_modified_time":"2025-10-20T11:38:30+00:00","twitter_card":"summary_large_image","twitter_site":"@ticaretedutr","twitter_misc":{"Tahmini okuma s\u00fcresi":"2 dakika"},"schema":{"@context":"https:\/\/schema.org","@graph":[{"@type":"WebPage","@id":"https:\/\/ticaret.edu.tr\/mimarlik\/laboratuvarlar\/","url":"https:\/\/ticaret.edu.tr\/mimarlik\/laboratuvarlar\/","name":"Laboratuvarlar - Mimarl\u0131k","isPartOf":{"@id":"https:\/\/ticaret.edu.tr\/mimarlik\/#website"},"datePublished":"2025-01-27T10:37:58+00:00","dateModified":"2025-10-20T11:38:30+00:00","description":"Laboratuvarlar at\u00f6lyeler ve bilgisayar laboratuvarlar olmak \u00fczere ikiye ayr\u0131lmaktad\u0131r.","breadcrumb":{"@id":"https:\/\/ticaret.edu.tr\/mimarlik\/laboratuvarlar\/#breadcrumb"},"inLanguage":"tr","potentialAction":[{"@type":"ReadAction","target":["https:\/\/ticaret.edu.tr\/mimarlik\/laboratuvarlar\/"]}]},{"@type":"BreadcrumbList","@id":"https:\/\/ticaret.edu.tr\/mimarlik\/laboratuvarlar\/#breadcrumb","itemListElement":[{"@type":"ListItem","position":1,"name":"Ana sayfa","item":"https:\/\/ticaret.edu.tr\/mimarlik\/"},{"@type":"ListItem","position":2,"name":"Laboratuvarlar"}]},{"@type":"WebSite","@id":"https:\/\/ticaret.edu.tr\/mimarlik\/#website","url":"https:\/\/ticaret.edu.tr\/mimarlik\/","name":"Mimarl\u0131k","description":"","potentialAction":[{"@type":"SearchAction","target":{"@type":"EntryPoint","urlTemplate":"https:\/\/ticaret.edu.tr\/mimarlik\/?s={search_term_string}"},"query-input":"required name=search_term_string"}],"inLanguage":"tr"}]}},"lang":"tr","translations":{"tr":1854,"en":2025},"pll_sync_post":[],"_links":{"self":[{"href":"http:\/\/ticaret.edu.tr\/mimarlik\/wp-json\/wp\/v2\/pages\/1854"}],"collection":[{"href":"http:\/\/ticaret.edu.tr\/mimarlik\/wp-json\/wp\/v2\/pages"}],"about":[{"href":"http:\/\/ticaret.edu.tr\/mimarlik\/wp-json\/wp\/v2\/types\/page"}],"author":[{"embeddable":true,"href":"http:\/\/ticaret.edu.tr\/mimarlik\/wp-json\/wp\/v2\/users\/225"}],"replies":[{"embeddable":true,"href":"http:\/\/ticaret.edu.tr\/mimarlik\/wp-json\/wp\/v2\/comments?post=1854"}],"version-history":[{"count":5,"href":"http:\/\/ticaret.edu.tr\/mimarlik\/wp-json\/wp\/v2\/pages\/1854\/revisions"}],"predecessor-version":[{"id":2577,"href":"http:\/\/ticaret.edu.tr\/mimarlik\/wp-json\/wp\/v2\/pages\/1854\/revisions\/2577"}],"wp:attachment":[{"href":"http:\/\/ticaret.edu.tr\/mimarlik\/wp-json\/wp\/v2\/media?parent=1854"}],"curies":[{"name":"wp","href":"https:\/\/api.w.org\/{rel}","templated":true}]}}