{"id":1862,"date":"2025-01-27T13:38:48","date_gmt":"2025-01-27T10:38:48","guid":{"rendered":"https:\/\/ticaret.edu.tr\/mimarlik\/?page_id=1862"},"modified":"2025-10-20T14:46:53","modified_gmt":"2025-10-20T11:46:53","slug":"bilimsel-etkinlikler","status":"publish","type":"page","link":"http:\/\/ticaret.edu.tr\/mimarlik\/bilimsel-etkinlikler\/","title":{"rendered":"Bilimsel Etkinlikler"},"content":{"rendered":"<table style=\"height: 497px\" width=\"1042\">\n<tbody>\n<tr>\n<td width=\"247\"><strong>AKADEM\u0130K KADRO<\/strong><\/td>\n<td width=\"391\"><strong>B\u0130L\u0130MSEL VE MESLEK\u0130 FAAL\u0130YETLER<\/strong><\/td>\n<\/tr>\n<tr>\n<td><strong>Dr. \u00d6\u011fr. \u00dcyesi SAC\u0130DE AKIN<\/strong><\/td>\n<td><a href=\"https:\/\/avesis.ticaret.edu.tr\/sakin\/bilimselfaaliyetler\">https:\/\/avesis.ticaret.edu.tr\/sakin\/bilimselfaaliyetler<\/a><\/td>\n<\/tr>\n<tr>\n<td><strong>Do\u00e7. Dr. LEYLA SUR\u0130<\/strong><\/td>\n<td><a href=\"https:\/\/avesis.ticaret.edu.tr\/lsuri\/bilimselfaaliyetler\">https:\/\/avesis.ticaret.edu.tr\/lsuri\/bilimselfaaliyetler<\/a><\/td>\n<\/tr>\n<tr>\n<td><strong>Dr. \u00d6\u011fr. \u00dcyesi AYL\u0130N \u015eENT\u00dcRK<\/strong><\/td>\n<td><a href=\"https:\/\/avesis.ticaret.edu.tr\/asenturk\/bilimselfaaliyetler\">https:\/\/avesis.ticaret.edu.tr\/asenturk\/bilimselfaaliyetler<\/a><\/td>\n<\/tr>\n<tr>\n<td><strong>Dr. \u00d6\u011fr. \u00dcyesi EM\u0130NE AKCAN \u015e\u0130R\u0130N<\/strong><\/td>\n<td><a href=\"https:\/\/avesis.ticaret.edu.tr\/easirin\/bilimselfaaliyetler\">https:\/\/avesis.ticaret.edu.tr\/easirin\/bilimselfaaliyetler<\/a><\/td>\n<\/tr>\n<tr>\n<td><strong>Dr. \u00d6\u011fr. \u00dcyesi MURAT ERDAL DERE<\/strong><\/td>\n<td><a href=\"https:\/\/avesis.ticaret.edu.tr\/merdal.dere\/bilimselfaaliyetler\">https:\/\/avesis.ticaret.edu.tr\/merdal.dere\/bilimselfaaliyetler<\/a><\/td>\n<\/tr>\n<tr>\n<td><strong>\u00d6\u011fr. G\u00f6r. NUR S\u00dcMEYYE YAL\u00c7IN KO\u00c7AK<\/strong><\/td>\n<td><a href=\"https:\/\/avesis.ticaret.edu.tr\/nsykocak\/bilimselfaaliyetler\">https:\/\/avesis.ticaret.edu.tr\/nsykocak\/bilimselfaaliyetler<\/a><\/td>\n<\/tr>\n<tr>\n<td><strong>\u00d6\u011fr. G\u00f6r. NURDAN SEZG\u0130N TORUK<\/strong><\/td>\n<td><a href=\"https:\/\/avesis.ticaret.edu.tr\/nsezgin\/bilimselfaaliyetler\">https:\/\/avesis.ticaret.edu.tr\/nsezgin\/bilimselfaaliyetler<\/a><\/td>\n<\/tr>\n<tr>\n<td><strong>\u00d6\u011fr. G\u00f6r. \u00d6ZNUR SAY\u0130<\/strong><\/td>\n<td><a href=\"https:\/\/avesis.ticaret.edu.tr\/osayi\/bilimselfaaliyetler\">https:\/\/avesis.ticaret.edu.tr\/osayi\/bilimselfaaliyetler<\/a><\/td>\n<\/tr>\n<tr>\n<td><strong>\u00d6\u011fr. G\u00f6r. PINAR GE\u00c7K\u0130L\u0130 KARAMAN<\/strong><\/td>\n<td><a href=\"https:\/\/avesis.ticaret.edu.tr\/pgkaraman\/bilimselfaaliyetler\">https:\/\/avesis.ticaret.edu.tr\/pgkaraman\/bilimselfaaliyetler<\/a><\/td>\n<\/tr>\n<tr>\n<td><strong>Ar\u015f. G\u00f6r. G\u0130ZEM \u00d6ZT\u00dcRK<\/strong><\/td>\n<td><a href=\"https:\/\/avesis.ticaret.edu.tr\/gizemozturk\/bilimselfaaliyetler\">https:\/\/avesis.ticaret.edu.tr\/gizemozturk\/bilimselfaaliyetler<\/a><\/td>\n<\/tr>\n<\/tbody>\n<\/table>\n","protected":false},"excerpt":{"rendered":"<p>AKADEM\u0130K KADRO B\u0130L\u0130MSEL VE MESLEK\u0130 FAAL\u0130YETLER Dr. \u00d6\u011fr. \u00dcyesi SAC\u0130DE AKIN https:\/\/avesis.ticaret.edu.tr\/sakin\/bilimselfaaliyetler Do\u00e7. Dr. LEYLA SUR\u0130 https:\/\/avesis.ticaret.edu.tr\/lsuri\/bilimselfaaliyetler Dr. \u00d6\u011fr. \u00dcyesi AYL\u0130N \u015eENT\u00dcRK https:\/\/avesis.ticaret.edu.tr\/asenturk\/bilimselfaaliyetler Dr. \u00d6\u011fr. \u00dcyesi EM\u0130NE AKCAN \u015e\u0130R\u0130N https:\/\/avesis.ticaret.edu.tr\/easirin\/bilimselfaaliyetler Dr. \u00d6\u011fr. \u00dcyesi MURAT ERDAL DERE https:\/\/avesis.ticaret.edu.tr\/merdal.dere\/bilimselfaaliyetler \u00d6\u011fr. G\u00f6r. NUR S\u00dcMEYYE YAL\u00c7IN KO\u00c7AK https:\/\/avesis.ticaret.edu.tr\/nsykocak\/bilimselfaaliyetler \u00d6\u011fr. G\u00f6r. NURDAN SEZG\u0130N TORUK https:\/\/avesis.ticaret.edu.tr\/nsezgin\/bilimselfaaliyetler \u00d6\u011fr. G\u00f6r. \u00d6ZNUR SAY\u0130 https:\/\/avesis.ticaret.edu.tr\/osayi\/bilimselfaaliyetler [&hellip;]<\/p>\n","protected":false},"author":225,"featured_media":0,"parent":0,"menu_order":0,"comment_status":"closed","ping_status":"closed","template":"genel_sayfa.php","meta":{"footnotes":""},"yoast_head":"<!-- This site is optimized with the Yoast SEO Premium plugin v22.1 (Yoast SEO v22.1) - https:\/\/yoast.com\/wordpress\/plugins\/seo\/ -->\n<title>Bilimsel Etkinlikler - Mimarl\u0131k<\/title>\n<meta name=\"description\" content=\"Mimarl\u0131k B\u00f6l\u00fcm\u00fc akademik kadromuzun ger\u00e7ekle\u015ftirmi\u015f oldu\u011fu bilimsel etkinlik ve mesleki faaliyetler a\u015fa\u011f\u0131daki gibidir.\" \/>\n<meta name=\"robots\" content=\"index, follow, max-snippet:-1, max-image-preview:large, max-video-preview:-1\" \/>\n<link rel=\"canonical\" href=\"https:\/\/ticaret.edu.tr\/mimarlik\/bilimsel-etkinlikler\/\" \/>\n<meta property=\"og:locale\" content=\"tr_TR\" \/>\n<meta property=\"og:type\" content=\"article\" \/>\n<meta property=\"og:title\" content=\"Bilimsel Etkinlikler\" \/>\n<meta property=\"og:description\" content=\"Mimarl\u0131k B\u00f6l\u00fcm\u00fc akademik kadromuzun ger\u00e7ekle\u015ftirmi\u015f oldu\u011fu bilimsel etkinlik ve mesleki faaliyetler a\u015fa\u011f\u0131daki gibidir.\" \/>\n<meta property=\"og:url\" content=\"https:\/\/ticaret.edu.tr\/mimarlik\/bilimsel-etkinlikler\/\" \/>\n<meta property=\"og:site_name\" content=\"Mimarl\u0131k\" \/>\n<meta property=\"article:publisher\" content=\"https:\/\/www.facebook.com\/ticaretedutr\" \/>\n<meta property=\"article:modified_time\" content=\"2025-10-20T11:46:53+00:00\" \/>\n<meta name=\"twitter:card\" content=\"summary_large_image\" \/>\n<meta name=\"twitter:site\" content=\"@ticaretedutr\" \/>\n<meta name=\"twitter:label1\" content=\"Tahmini okuma s\u00fcresi\" \/>\n\t<meta name=\"twitter:data1\" content=\"1 dakika\" \/>\n<script type=\"application\/ld+json\" class=\"yoast-schema-graph\">{\"@context\":\"https:\/\/schema.org\",\"@graph\":[{\"@type\":\"WebPage\",\"@id\":\"https:\/\/ticaret.edu.tr\/mimarlik\/bilimsel-etkinlikler\/\",\"url\":\"https:\/\/ticaret.edu.tr\/mimarlik\/bilimsel-etkinlikler\/\",\"name\":\"Bilimsel Etkinlikler - Mimarl\u0131k\",\"isPartOf\":{\"@id\":\"http:\/\/ticaret.edu.tr\/mimarlik\/#website\"},\"datePublished\":\"2025-01-27T10:38:48+00:00\",\"dateModified\":\"2025-10-20T11:46:53+00:00\",\"description\":\"Mimarl\u0131k B\u00f6l\u00fcm\u00fc akademik kadromuzun ger\u00e7ekle\u015ftirmi\u015f oldu\u011fu bilimsel etkinlik ve mesleki faaliyetler a\u015fa\u011f\u0131daki gibidir.\",\"breadcrumb\":{\"@id\":\"https:\/\/ticaret.edu.tr\/mimarlik\/bilimsel-etkinlikler\/#breadcrumb\"},\"inLanguage\":\"tr\",\"potentialAction\":[{\"@type\":\"ReadAction\",\"target\":[\"https:\/\/ticaret.edu.tr\/mimarlik\/bilimsel-etkinlikler\/\"]}]},{\"@type\":\"BreadcrumbList\",\"@id\":\"https:\/\/ticaret.edu.tr\/mimarlik\/bilimsel-etkinlikler\/#breadcrumb\",\"itemListElement\":[{\"@type\":\"ListItem\",\"position\":1,\"name\":\"Ana sayfa\",\"item\":\"http:\/\/ticaret.edu.tr\/mimarlik\/\"},{\"@type\":\"ListItem\",\"position\":2,\"name\":\"Bilimsel Etkinlikler\"}]},{\"@type\":\"WebSite\",\"@id\":\"http:\/\/ticaret.edu.tr\/mimarlik\/#website\",\"url\":\"http:\/\/ticaret.edu.tr\/mimarlik\/\",\"name\":\"Mimarl\u0131k\",\"description\":\"\",\"potentialAction\":[{\"@type\":\"SearchAction\",\"target\":{\"@type\":\"EntryPoint\",\"urlTemplate\":\"http:\/\/ticaret.edu.tr\/mimarlik\/?s={search_term_string}\"},\"query-input\":\"required name=search_term_string\"}],\"inLanguage\":\"tr\"}]}<\/script>\n<!-- \/ Yoast SEO Premium plugin. -->","yoast_head_json":{"title":"Bilimsel Etkinlikler - Mimarl\u0131k","description":"Mimarl\u0131k B\u00f6l\u00fcm\u00fc akademik kadromuzun ger\u00e7ekle\u015ftirmi\u015f oldu\u011fu bilimsel etkinlik ve mesleki faaliyetler a\u015fa\u011f\u0131daki gibidir.","robots":{"index":"index","follow":"follow","max-snippet":"max-snippet:-1","max-image-preview":"max-image-preview:large","max-video-preview":"max-video-preview:-1"},"canonical":"https:\/\/ticaret.edu.tr\/mimarlik\/bilimsel-etkinlikler\/","og_locale":"tr_TR","og_type":"article","og_title":"Bilimsel Etkinlikler","og_description":"Mimarl\u0131k B\u00f6l\u00fcm\u00fc akademik kadromuzun ger\u00e7ekle\u015ftirmi\u015f oldu\u011fu bilimsel etkinlik ve mesleki faaliyetler a\u015fa\u011f\u0131daki gibidir.","og_url":"https:\/\/ticaret.edu.tr\/mimarlik\/bilimsel-etkinlikler\/","og_site_name":"Mimarl\u0131k","article_publisher":"https:\/\/www.facebook.com\/ticaretedutr","article_modified_time":"2025-10-20T11:46:53+00:00","twitter_card":"summary_large_image","twitter_site":"@ticaretedutr","twitter_misc":{"Tahmini okuma s\u00fcresi":"1 dakika"},"schema":{"@context":"https:\/\/schema.org","@graph":[{"@type":"WebPage","@id":"https:\/\/ticaret.edu.tr\/mimarlik\/bilimsel-etkinlikler\/","url":"https:\/\/ticaret.edu.tr\/mimarlik\/bilimsel-etkinlikler\/","name":"Bilimsel Etkinlikler - Mimarl\u0131k","isPartOf":{"@id":"http:\/\/ticaret.edu.tr\/mimarlik\/#website"},"datePublished":"2025-01-27T10:38:48+00:00","dateModified":"2025-10-20T11:46:53+00:00","description":"Mimarl\u0131k B\u00f6l\u00fcm\u00fc akademik kadromuzun ger\u00e7ekle\u015ftirmi\u015f oldu\u011fu bilimsel etkinlik ve mesleki faaliyetler a\u015fa\u011f\u0131daki gibidir.","breadcrumb":{"@id":"https:\/\/ticaret.edu.tr\/mimarlik\/bilimsel-etkinlikler\/#breadcrumb"},"inLanguage":"tr","potentialAction":[{"@type":"ReadAction","target":["https:\/\/ticaret.edu.tr\/mimarlik\/bilimsel-etkinlikler\/"]}]},{"@type":"BreadcrumbList","@id":"https:\/\/ticaret.edu.tr\/mimarlik\/bilimsel-etkinlikler\/#breadcrumb","itemListElement":[{"@type":"ListItem","position":1,"name":"Ana sayfa","item":"http:\/\/ticaret.edu.tr\/mimarlik\/"},{"@type":"ListItem","position":2,"name":"Bilimsel Etkinlikler"}]},{"@type":"WebSite","@id":"http:\/\/ticaret.edu.tr\/mimarlik\/#website","url":"http:\/\/ticaret.edu.tr\/mimarlik\/","name":"Mimarl\u0131k","description":"","potentialAction":[{"@type":"SearchAction","target":{"@type":"EntryPoint","urlTemplate":"http:\/\/ticaret.edu.tr\/mimarlik\/?s={search_term_string}"},"query-input":"required name=search_term_string"}],"inLanguage":"tr"}]}},"lang":"tr","translations":{"tr":1862,"en":2033},"pll_sync_post":[],"_links":{"self":[{"href":"http:\/\/ticaret.edu.tr\/mimarlik\/wp-json\/wp\/v2\/pages\/1862"}],"collection":[{"href":"http:\/\/ticaret.edu.tr\/mimarlik\/wp-json\/wp\/v2\/pages"}],"about":[{"href":"http:\/\/ticaret.edu.tr\/mimarlik\/wp-json\/wp\/v2\/types\/page"}],"author":[{"embeddable":true,"href":"http:\/\/ticaret.edu.tr\/mimarlik\/wp-json\/wp\/v2\/users\/225"}],"replies":[{"embeddable":true,"href":"http:\/\/ticaret.edu.tr\/mimarlik\/wp-json\/wp\/v2\/comments?post=1862"}],"version-history":[{"count":4,"href":"http:\/\/ticaret.edu.tr\/mimarlik\/wp-json\/wp\/v2\/pages\/1862\/revisions"}],"predecessor-version":[{"id":2585,"href":"http:\/\/ticaret.edu.tr\/mimarlik\/wp-json\/wp\/v2\/pages\/1862\/revisions\/2585"}],"wp:attachment":[{"href":"http:\/\/ticaret.edu.tr\/mimarlik\/wp-json\/wp\/v2\/media?parent=1862"}],"curies":[{"name":"wp","href":"https:\/\/api.w.org\/{rel}","templated":true}]}}