{"id":1866,"date":"2025-01-27T13:39:23","date_gmt":"2025-01-27T10:39:23","guid":{"rendered":"https:\/\/ticaret.edu.tr\/mimarlik\/?page_id=1866"},"modified":"2026-02-27T10:28:16","modified_gmt":"2026-02-27T07:28:16","slug":"akreditasyon","status":"publish","type":"page","link":"http:\/\/ticaret.edu.tr\/mimarlik\/akreditasyon\/","title":{"rendered":"Akreditasyon"},"content":{"rendered":"<p>Mimarl\u0131k B\u00f6l\u00fcm\u00fc olarak MIAK Akreditasyonuna ba\u015fvurulmas\u0131 planlanmaktad\u0131r.<\/p>\n<p><strong>\u0130leti\u015fim adresi:<\/strong>\u00a0<a href=\"http:\/\/miak.org\/\" target=\"_blank\" rel=\"noopener\">MIAK Akreditasyon detayl\u0131 bilgi i\u00e7in t\u0131klay\u0131n\u0131z<\/a><\/p>\n<p>Kalite g\u00fcvencesi \u00e7al\u0131\u015fmalar\u0131 kapsam\u0131nda, Mimarl\u0131k B\u00f6l\u00fcm\u00fc Dan\u0131\u015fma Kurulu i\u00e7 payda\u015flar\u0131 (B\u00f6l\u00fcm Ba\u015fkan\u0131, B\u00f6l\u00fcm \u00d6\u011fretim \u00dcyeleri, B\u00f6l\u00fcm Kalite El\u00e7isi, B\u00f6l\u00fcm \u00d6\u011frenci Temsilcisi) \u00a0ile akreditasyon \u00e7al\u0131\u015fmalar\u0131 kapsam\u0131nda \u00e7al\u0131\u015fmalara ba\u015flanm\u0131\u015ft\u0131r.<\/p>\n<p><strong>MIAK Akreditasyon Toplant\u0131lar\u0131:<\/strong><\/p>\n<table dir=\"ltr\" border=\"1\" cellspacing=\"0\" cellpadding=\"0\" data-sheets-root=\"1\" data-sheets-baot=\"1\">\n<colgroup>\n<col width=\"105\" \/>\n<col width=\"122\" \/>\n<col width=\"530\" \/><\/colgroup>\n<tbody>\n<tr>\n<td style=\"text-align: center\"><strong>Toplant\u0131 No<\/strong><\/td>\n<td style=\"text-align: center\"><strong>Tarih<\/strong><\/td>\n<td style=\"text-align: center\"><strong>A\u00e7\u0131klamalar<\/strong><\/td>\n<\/tr>\n<tr>\n<td>T1<\/td>\n<td>02.05.2025<\/td>\n<td>12:00-13:30 (ger\u00e7ekle\u015ftirilmi\u015f ve kay\u0131t alt\u0131na al\u0131nm\u0131\u015ft\u0131r).<\/td>\n<\/tr>\n<tr>\n<td>T2<\/td>\n<td>25.06.2025<\/td>\n<td>12:00-13:00 (ger\u00e7ekle\u015ftirilmi\u015f ve kay\u0131t alt\u0131na al\u0131nm\u0131\u015ft\u0131r).<\/td>\n<\/tr>\n<tr>\n<td>T3<\/td>\n<td>17.10.2025<\/td>\n<td>15:00-16:00 (ger\u00e7ekle\u015ftirilmi\u015f ve tutanak mevcuttur).<\/td>\n<\/tr>\n<tr>\n<td>T4<\/td>\n<td>14.11.2025<\/td>\n<td>12:00-13:30 (ger\u00e7ekle\u015ftirilmi\u015f ve tutanak mevcuttur).<\/td>\n<\/tr>\n<tr>\n<td>T5<\/td>\n<td>27.01.2026<\/td>\n<td>16:00-17:00 (ger\u00e7ekle\u015ftirilmi\u015f, kay\u0131t alt\u0131na al\u0131nm\u0131\u015f ve tutanak mevcuttur).<\/td>\n<\/tr>\n<tr>\n<td>T6<\/td>\n<td>04.02.2026<\/td>\n<td>16:00-17:00 (ger\u00e7ekle\u015ftirilmi\u015f, kay\u0131t alt\u0131na al\u0131nm\u0131\u015f ve tutanak mevcuttur).<\/td>\n<\/tr>\n<tr>\n<td>T7<\/td>\n<td>11.02.2026<\/td>\n<td>16:00-17:00 (ger\u00e7ekle\u015ftirilmi\u015f, kay\u0131t alt\u0131na al\u0131nm\u0131\u015f ve tutanak mevcuttur).<\/td>\n<\/tr>\n<tr>\n<td>T8<\/td>\n<td>20.02.2026<\/td>\n<td>\u00a016:00-17:00 (ger\u00e7ekle\u015ftirilmi\u015f, kay\u0131t alt\u0131na al\u0131nm\u0131\u015f ve tutanak mevcuttur).<\/td>\n<\/tr>\n<tr>\n<td>T9<\/td>\n<td>27.02.2026<\/td>\n<td>11:00-12:00 (ger\u00e7ekle\u015ftirilmi\u015f, kay\u0131t alt\u0131na al\u0131nm\u0131\u015f ve tutanak mevcuttur).<\/td>\n<\/tr>\n<tr>\n<td>T10<\/td>\n<td>06.03.2026<\/td>\n<td>Planlanmaktad\u0131r.<\/td>\n<\/tr>\n<tr>\n<td>T11<\/td>\n<td>13.03.2026<\/td>\n<td>Planlanmaktad\u0131r.<\/td>\n<\/tr>\n<tr>\n<td>T12<\/td>\n<td>20.03.2026<\/td>\n<td>Planlanmaktad\u0131r.<\/td>\n<\/tr>\n<tr>\n<td>T13<\/td>\n<td>27.03.2026<\/td>\n<td>Planlanmaktad\u0131r.<\/td>\n<\/tr>\n<tr>\n<td>T14<\/td>\n<td>03.04.2026<\/td>\n<td>Planlanmaktad\u0131r.<\/td>\n<\/tr>\n<\/tbody>\n<\/table>\n","protected":false},"excerpt":{"rendered":"<p>Mimarl\u0131k B\u00f6l\u00fcm\u00fc olarak MIAK Akreditasyonuna ba\u015fvurulmas\u0131 planlanmaktad\u0131r. \u0130leti\u015fim adresi:\u00a0MIAK Akreditasyon detayl\u0131 bilgi i\u00e7in t\u0131klay\u0131n\u0131z Kalite g\u00fcvencesi \u00e7al\u0131\u015fmalar\u0131 kapsam\u0131nda, Mimarl\u0131k B\u00f6l\u00fcm\u00fc Dan\u0131\u015fma Kurulu i\u00e7 payda\u015flar\u0131 (B\u00f6l\u00fcm Ba\u015fkan\u0131, B\u00f6l\u00fcm \u00d6\u011fretim \u00dcyeleri, B\u00f6l\u00fcm Kalite El\u00e7isi, B\u00f6l\u00fcm \u00d6\u011frenci Temsilcisi) \u00a0ile akreditasyon \u00e7al\u0131\u015fmalar\u0131 kapsam\u0131nda \u00e7al\u0131\u015fmalara ba\u015flanm\u0131\u015ft\u0131r. MIAK Akreditasyon Toplant\u0131lar\u0131: Toplant\u0131 No Tarih A\u00e7\u0131klamalar T1 02.05.2025 12:00-13:30 (ger\u00e7ekle\u015ftirilmi\u015f ve kay\u0131t alt\u0131na [&hellip;]<\/p>\n","protected":false},"author":225,"featured_media":0,"parent":0,"menu_order":0,"comment_status":"closed","ping_status":"closed","template":"genel_sayfa.php","meta":{"footnotes":""},"yoast_head":"<!-- This site is optimized with the Yoast SEO Premium plugin v22.1 (Yoast SEO v22.1) - https:\/\/yoast.com\/wordpress\/plugins\/seo\/ -->\n<title>Akreditasyon - Mimarl\u0131k<\/title>\n<meta name=\"description\" content=\"Kalite g\u00fcvencesi \u00e7al\u0131\u015fmalar\u0131 kapsam\u0131nda, Mimarl\u0131k B\u00f6l\u00fcm\u00fc Dan\u0131\u015fma Kurulu i\u00e7 payda\u015flar\u0131\u00a0ile akreditasyon \u00e7al\u0131\u015fmalar\u0131 kapsam\u0131nda; MIAK akreditasyonu alan okullar\u0131n raporlar\u0131 incelenmi\u015f ve \u00f6n \u00e7al\u0131\u015fmalara ba\u015flanm\u0131\u015ft\u0131r.\u00a0\" \/>\n<meta name=\"robots\" content=\"index, follow, max-snippet:-1, max-image-preview:large, max-video-preview:-1\" \/>\n<link rel=\"canonical\" href=\"https:\/\/ticaret.edu.tr\/mimarlik\/akreditasyon\/\" \/>\n<meta property=\"og:locale\" content=\"tr_TR\" \/>\n<meta property=\"og:type\" content=\"article\" \/>\n<meta property=\"og:title\" content=\"Akreditasyon\" \/>\n<meta property=\"og:description\" content=\"Kalite g\u00fcvencesi \u00e7al\u0131\u015fmalar\u0131 kapsam\u0131nda, Mimarl\u0131k B\u00f6l\u00fcm\u00fc Dan\u0131\u015fma Kurulu i\u00e7 payda\u015flar\u0131\u00a0ile akreditasyon \u00e7al\u0131\u015fmalar\u0131 kapsam\u0131nda; MIAK akreditasyonu alan okullar\u0131n raporlar\u0131 incelenmi\u015f ve \u00f6n \u00e7al\u0131\u015fmalara ba\u015flanm\u0131\u015ft\u0131r.\u00a0\" \/>\n<meta property=\"og:url\" content=\"https:\/\/ticaret.edu.tr\/mimarlik\/akreditasyon\/\" \/>\n<meta property=\"og:site_name\" content=\"Mimarl\u0131k\" \/>\n<meta property=\"article:publisher\" content=\"https:\/\/www.facebook.com\/ticaretedutr\" \/>\n<meta property=\"article:modified_time\" content=\"2026-02-27T07:28:16+00:00\" \/>\n<meta name=\"twitter:card\" content=\"summary_large_image\" \/>\n<meta name=\"twitter:site\" content=\"@ticaretedutr\" \/>\n<meta name=\"twitter:label1\" content=\"Tahmini okuma s\u00fcresi\" \/>\n\t<meta name=\"twitter:data1\" content=\"1 dakika\" \/>\n<script type=\"application\/ld+json\" class=\"yoast-schema-graph\">{\"@context\":\"https:\/\/schema.org\",\"@graph\":[{\"@type\":\"WebPage\",\"@id\":\"https:\/\/ticaret.edu.tr\/mimarlik\/akreditasyon\/\",\"url\":\"https:\/\/ticaret.edu.tr\/mimarlik\/akreditasyon\/\",\"name\":\"Akreditasyon - Mimarl\u0131k\",\"isPartOf\":{\"@id\":\"http:\/\/ticaret.edu.tr\/mimarlik\/#website\"},\"datePublished\":\"2025-01-27T10:39:23+00:00\",\"dateModified\":\"2026-02-27T07:28:16+00:00\",\"description\":\"Kalite g\u00fcvencesi \u00e7al\u0131\u015fmalar\u0131 kapsam\u0131nda, Mimarl\u0131k B\u00f6l\u00fcm\u00fc Dan\u0131\u015fma Kurulu i\u00e7 payda\u015flar\u0131\u00a0ile akreditasyon \u00e7al\u0131\u015fmalar\u0131 kapsam\u0131nda; MIAK akreditasyonu alan okullar\u0131n raporlar\u0131 incelenmi\u015f ve \u00f6n \u00e7al\u0131\u015fmalara ba\u015flanm\u0131\u015ft\u0131r.\u00a0\",\"breadcrumb\":{\"@id\":\"https:\/\/ticaret.edu.tr\/mimarlik\/akreditasyon\/#breadcrumb\"},\"inLanguage\":\"tr\",\"potentialAction\":[{\"@type\":\"ReadAction\",\"target\":[\"https:\/\/ticaret.edu.tr\/mimarlik\/akreditasyon\/\"]}]},{\"@type\":\"BreadcrumbList\",\"@id\":\"https:\/\/ticaret.edu.tr\/mimarlik\/akreditasyon\/#breadcrumb\",\"itemListElement\":[{\"@type\":\"ListItem\",\"position\":1,\"name\":\"Ana sayfa\",\"item\":\"http:\/\/ticaret.edu.tr\/mimarlik\/\"},{\"@type\":\"ListItem\",\"position\":2,\"name\":\"Akreditasyon\"}]},{\"@type\":\"WebSite\",\"@id\":\"http:\/\/ticaret.edu.tr\/mimarlik\/#website\",\"url\":\"http:\/\/ticaret.edu.tr\/mimarlik\/\",\"name\":\"Mimarl\u0131k\",\"description\":\"\",\"potentialAction\":[{\"@type\":\"SearchAction\",\"target\":{\"@type\":\"EntryPoint\",\"urlTemplate\":\"http:\/\/ticaret.edu.tr\/mimarlik\/?s={search_term_string}\"},\"query-input\":\"required name=search_term_string\"}],\"inLanguage\":\"tr\"}]}<\/script>\n<!-- \/ Yoast SEO Premium plugin. -->","yoast_head_json":{"title":"Akreditasyon - Mimarl\u0131k","description":"Kalite g\u00fcvencesi \u00e7al\u0131\u015fmalar\u0131 kapsam\u0131nda, Mimarl\u0131k B\u00f6l\u00fcm\u00fc Dan\u0131\u015fma Kurulu i\u00e7 payda\u015flar\u0131\u00a0ile akreditasyon \u00e7al\u0131\u015fmalar\u0131 kapsam\u0131nda; MIAK akreditasyonu alan okullar\u0131n raporlar\u0131 incelenmi\u015f ve \u00f6n \u00e7al\u0131\u015fmalara ba\u015flanm\u0131\u015ft\u0131r.\u00a0","robots":{"index":"index","follow":"follow","max-snippet":"max-snippet:-1","max-image-preview":"max-image-preview:large","max-video-preview":"max-video-preview:-1"},"canonical":"https:\/\/ticaret.edu.tr\/mimarlik\/akreditasyon\/","og_locale":"tr_TR","og_type":"article","og_title":"Akreditasyon","og_description":"Kalite g\u00fcvencesi \u00e7al\u0131\u015fmalar\u0131 kapsam\u0131nda, Mimarl\u0131k B\u00f6l\u00fcm\u00fc Dan\u0131\u015fma Kurulu i\u00e7 payda\u015flar\u0131\u00a0ile akreditasyon \u00e7al\u0131\u015fmalar\u0131 kapsam\u0131nda; MIAK akreditasyonu alan okullar\u0131n raporlar\u0131 incelenmi\u015f ve \u00f6n \u00e7al\u0131\u015fmalara ba\u015flanm\u0131\u015ft\u0131r.\u00a0","og_url":"https:\/\/ticaret.edu.tr\/mimarlik\/akreditasyon\/","og_site_name":"Mimarl\u0131k","article_publisher":"https:\/\/www.facebook.com\/ticaretedutr","article_modified_time":"2026-02-27T07:28:16+00:00","twitter_card":"summary_large_image","twitter_site":"@ticaretedutr","twitter_misc":{"Tahmini okuma s\u00fcresi":"1 dakika"},"schema":{"@context":"https:\/\/schema.org","@graph":[{"@type":"WebPage","@id":"https:\/\/ticaret.edu.tr\/mimarlik\/akreditasyon\/","url":"https:\/\/ticaret.edu.tr\/mimarlik\/akreditasyon\/","name":"Akreditasyon - Mimarl\u0131k","isPartOf":{"@id":"http:\/\/ticaret.edu.tr\/mimarlik\/#website"},"datePublished":"2025-01-27T10:39:23+00:00","dateModified":"2026-02-27T07:28:16+00:00","description":"Kalite g\u00fcvencesi \u00e7al\u0131\u015fmalar\u0131 kapsam\u0131nda, Mimarl\u0131k B\u00f6l\u00fcm\u00fc Dan\u0131\u015fma Kurulu i\u00e7 payda\u015flar\u0131\u00a0ile akreditasyon \u00e7al\u0131\u015fmalar\u0131 kapsam\u0131nda; MIAK akreditasyonu alan okullar\u0131n raporlar\u0131 incelenmi\u015f ve \u00f6n \u00e7al\u0131\u015fmalara ba\u015flanm\u0131\u015ft\u0131r.\u00a0","breadcrumb":{"@id":"https:\/\/ticaret.edu.tr\/mimarlik\/akreditasyon\/#breadcrumb"},"inLanguage":"tr","potentialAction":[{"@type":"ReadAction","target":["https:\/\/ticaret.edu.tr\/mimarlik\/akreditasyon\/"]}]},{"@type":"BreadcrumbList","@id":"https:\/\/ticaret.edu.tr\/mimarlik\/akreditasyon\/#breadcrumb","itemListElement":[{"@type":"ListItem","position":1,"name":"Ana sayfa","item":"http:\/\/ticaret.edu.tr\/mimarlik\/"},{"@type":"ListItem","position":2,"name":"Akreditasyon"}]},{"@type":"WebSite","@id":"http:\/\/ticaret.edu.tr\/mimarlik\/#website","url":"http:\/\/ticaret.edu.tr\/mimarlik\/","name":"Mimarl\u0131k","description":"","potentialAction":[{"@type":"SearchAction","target":{"@type":"EntryPoint","urlTemplate":"http:\/\/ticaret.edu.tr\/mimarlik\/?s={search_term_string}"},"query-input":"required name=search_term_string"}],"inLanguage":"tr"}]}},"lang":"tr","translations":{"tr":1866,"en":2037},"pll_sync_post":[],"_links":{"self":[{"href":"http:\/\/ticaret.edu.tr\/mimarlik\/wp-json\/wp\/v2\/pages\/1866"}],"collection":[{"href":"http:\/\/ticaret.edu.tr\/mimarlik\/wp-json\/wp\/v2\/pages"}],"about":[{"href":"http:\/\/ticaret.edu.tr\/mimarlik\/wp-json\/wp\/v2\/types\/page"}],"author":[{"embeddable":true,"href":"http:\/\/ticaret.edu.tr\/mimarlik\/wp-json\/wp\/v2\/users\/225"}],"replies":[{"embeddable":true,"href":"http:\/\/ticaret.edu.tr\/mimarlik\/wp-json\/wp\/v2\/comments?post=1866"}],"version-history":[{"count":10,"href":"http:\/\/ticaret.edu.tr\/mimarlik\/wp-json\/wp\/v2\/pages\/1866\/revisions"}],"predecessor-version":[{"id":2744,"href":"http:\/\/ticaret.edu.tr\/mimarlik\/wp-json\/wp\/v2\/pages\/1866\/revisions\/2744"}],"wp:attachment":[{"href":"http:\/\/ticaret.edu.tr\/mimarlik\/wp-json\/wp\/v2\/media?parent=1866"}],"curies":[{"name":"wp","href":"https:\/\/api.w.org\/{rel}","templated":true}]}}