{"id":1870,"date":"2025-01-27T13:39:51","date_gmt":"2025-01-27T10:39:51","guid":{"rendered":"https:\/\/ticaret.edu.tr\/mimarlik\/?page_id=1870"},"modified":"2025-10-21T14:16:43","modified_gmt":"2025-10-21T11:16:43","slug":"birim-ozdegerlendirme-raporu","status":"publish","type":"page","link":"http:\/\/ticaret.edu.tr\/mimarlik\/birim-ozdegerlendirme-raporu\/","title":{"rendered":"Birim \u00d6zde\u011ferlendirme Raporu"},"content":{"rendered":"<p><strong>2024-2025 E\u011fitim \u00d6\u011fretim Y\u0131l\u0131 Mimarl\u0131k B\u00f6l\u00fcm\u00fc \u00d6z De\u011ferlendirme Raporu:\u00a0 <\/strong><a href=\"http:\/\/ticaret.edu.tr\/mimarlik\/wp-content\/uploads\/sites\/25\/2025\/10\/MIM_Oz-Degerlendirme-Raporu_Ek_KLT.RPR_.02-1.pdf\">MIM_\u00d6z De\u011ferlendirme Raporu_Ek_KLT.RPR.02<\/a><\/p>\n","protected":false},"excerpt":{"rendered":"<p>2024-2025 E\u011fitim \u00d6\u011fretim Y\u0131l\u0131 Mimarl\u0131k B\u00f6l\u00fcm\u00fc \u00d6z De\u011ferlendirme Raporu:\u00a0 MIM_\u00d6z De\u011ferlendirme Raporu_Ek_KLT.RPR.02<\/p>\n","protected":false},"author":225,"featured_media":0,"parent":0,"menu_order":0,"comment_status":"closed","ping_status":"closed","template":"genel_sayfa.php","meta":{"footnotes":""},"yoast_head":"<!-- This site is optimized with the Yoast SEO Premium plugin v22.1 (Yoast SEO v22.1) - https:\/\/yoast.com\/wordpress\/plugins\/seo\/ -->\n<title>Birim \u00d6zde\u011ferlendirme Raporu - Mimarl\u0131k<\/title>\n<meta name=\"description\" content=\"2024-2025 E\u011fitim \u00d6\u011fretim Y\u0131l\u0131 Mimarl\u0131k B\u00f6l\u00fcm\u00fc \u00d6z De\u011ferlendirme Raporu ektedir.\" \/>\n<meta name=\"robots\" content=\"index, follow, max-snippet:-1, max-image-preview:large, max-video-preview:-1\" \/>\n<link rel=\"canonical\" href=\"http:\/\/ticaret.edu.tr\/mimarlik\/birim-ozdegerlendirme-raporu\/\" \/>\n<meta property=\"og:locale\" content=\"tr_TR\" \/>\n<meta property=\"og:type\" content=\"article\" \/>\n<meta property=\"og:title\" content=\"Birim \u00d6zde\u011ferlendirme Raporu\" \/>\n<meta property=\"og:description\" content=\"2024-2025 E\u011fitim \u00d6\u011fretim Y\u0131l\u0131 Mimarl\u0131k B\u00f6l\u00fcm\u00fc \u00d6z De\u011ferlendirme Raporu ektedir.\" \/>\n<meta property=\"og:url\" content=\"http:\/\/ticaret.edu.tr\/mimarlik\/birim-ozdegerlendirme-raporu\/\" \/>\n<meta property=\"og:site_name\" content=\"Mimarl\u0131k\" \/>\n<meta property=\"article:publisher\" content=\"https:\/\/www.facebook.com\/ticaretedutr\" \/>\n<meta property=\"article:modified_time\" content=\"2025-10-21T11:16:43+00:00\" \/>\n<meta name=\"twitter:card\" content=\"summary_large_image\" \/>\n<meta name=\"twitter:site\" content=\"@ticaretedutr\" \/>\n<meta name=\"twitter:label1\" content=\"Tahmini okuma s\u00fcresi\" \/>\n\t<meta name=\"twitter:data1\" content=\"1 dakika\" \/>\n<script type=\"application\/ld+json\" class=\"yoast-schema-graph\">{\"@context\":\"https:\/\/schema.org\",\"@graph\":[{\"@type\":\"WebPage\",\"@id\":\"http:\/\/ticaret.edu.tr\/mimarlik\/birim-ozdegerlendirme-raporu\/\",\"url\":\"http:\/\/ticaret.edu.tr\/mimarlik\/birim-ozdegerlendirme-raporu\/\",\"name\":\"Birim \u00d6zde\u011ferlendirme Raporu - Mimarl\u0131k\",\"isPartOf\":{\"@id\":\"https:\/\/ticaret.edu.tr\/mimarlik\/#website\"},\"datePublished\":\"2025-01-27T10:39:51+00:00\",\"dateModified\":\"2025-10-21T11:16:43+00:00\",\"description\":\"2024-2025 E\u011fitim \u00d6\u011fretim Y\u0131l\u0131 Mimarl\u0131k B\u00f6l\u00fcm\u00fc \u00d6z De\u011ferlendirme Raporu ektedir.\",\"breadcrumb\":{\"@id\":\"http:\/\/ticaret.edu.tr\/mimarlik\/birim-ozdegerlendirme-raporu\/#breadcrumb\"},\"inLanguage\":\"tr\",\"potentialAction\":[{\"@type\":\"ReadAction\",\"target\":[\"http:\/\/ticaret.edu.tr\/mimarlik\/birim-ozdegerlendirme-raporu\/\"]}]},{\"@type\":\"BreadcrumbList\",\"@id\":\"http:\/\/ticaret.edu.tr\/mimarlik\/birim-ozdegerlendirme-raporu\/#breadcrumb\",\"itemListElement\":[{\"@type\":\"ListItem\",\"position\":1,\"name\":\"Ana sayfa\",\"item\":\"https:\/\/ticaret.edu.tr\/mimarlik\/\"},{\"@type\":\"ListItem\",\"position\":2,\"name\":\"Birim \u00d6zde\u011ferlendirme Raporu\"}]},{\"@type\":\"WebSite\",\"@id\":\"https:\/\/ticaret.edu.tr\/mimarlik\/#website\",\"url\":\"https:\/\/ticaret.edu.tr\/mimarlik\/\",\"name\":\"Mimarl\u0131k\",\"description\":\"\",\"potentialAction\":[{\"@type\":\"SearchAction\",\"target\":{\"@type\":\"EntryPoint\",\"urlTemplate\":\"https:\/\/ticaret.edu.tr\/mimarlik\/?s={search_term_string}\"},\"query-input\":\"required name=search_term_string\"}],\"inLanguage\":\"tr\"}]}<\/script>\n<!-- \/ Yoast SEO Premium plugin. -->","yoast_head_json":{"title":"Birim \u00d6zde\u011ferlendirme Raporu - Mimarl\u0131k","description":"2024-2025 E\u011fitim \u00d6\u011fretim Y\u0131l\u0131 Mimarl\u0131k B\u00f6l\u00fcm\u00fc \u00d6z De\u011ferlendirme Raporu ektedir.","robots":{"index":"index","follow":"follow","max-snippet":"max-snippet:-1","max-image-preview":"max-image-preview:large","max-video-preview":"max-video-preview:-1"},"canonical":"http:\/\/ticaret.edu.tr\/mimarlik\/birim-ozdegerlendirme-raporu\/","og_locale":"tr_TR","og_type":"article","og_title":"Birim \u00d6zde\u011ferlendirme Raporu","og_description":"2024-2025 E\u011fitim \u00d6\u011fretim Y\u0131l\u0131 Mimarl\u0131k B\u00f6l\u00fcm\u00fc \u00d6z De\u011ferlendirme Raporu ektedir.","og_url":"http:\/\/ticaret.edu.tr\/mimarlik\/birim-ozdegerlendirme-raporu\/","og_site_name":"Mimarl\u0131k","article_publisher":"https:\/\/www.facebook.com\/ticaretedutr","article_modified_time":"2025-10-21T11:16:43+00:00","twitter_card":"summary_large_image","twitter_site":"@ticaretedutr","twitter_misc":{"Tahmini okuma s\u00fcresi":"1 dakika"},"schema":{"@context":"https:\/\/schema.org","@graph":[{"@type":"WebPage","@id":"http:\/\/ticaret.edu.tr\/mimarlik\/birim-ozdegerlendirme-raporu\/","url":"http:\/\/ticaret.edu.tr\/mimarlik\/birim-ozdegerlendirme-raporu\/","name":"Birim \u00d6zde\u011ferlendirme Raporu - Mimarl\u0131k","isPartOf":{"@id":"https:\/\/ticaret.edu.tr\/mimarlik\/#website"},"datePublished":"2025-01-27T10:39:51+00:00","dateModified":"2025-10-21T11:16:43+00:00","description":"2024-2025 E\u011fitim \u00d6\u011fretim Y\u0131l\u0131 Mimarl\u0131k B\u00f6l\u00fcm\u00fc \u00d6z De\u011ferlendirme Raporu ektedir.","breadcrumb":{"@id":"http:\/\/ticaret.edu.tr\/mimarlik\/birim-ozdegerlendirme-raporu\/#breadcrumb"},"inLanguage":"tr","potentialAction":[{"@type":"ReadAction","target":["http:\/\/ticaret.edu.tr\/mimarlik\/birim-ozdegerlendirme-raporu\/"]}]},{"@type":"BreadcrumbList","@id":"http:\/\/ticaret.edu.tr\/mimarlik\/birim-ozdegerlendirme-raporu\/#breadcrumb","itemListElement":[{"@type":"ListItem","position":1,"name":"Ana sayfa","item":"https:\/\/ticaret.edu.tr\/mimarlik\/"},{"@type":"ListItem","position":2,"name":"Birim \u00d6zde\u011ferlendirme Raporu"}]},{"@type":"WebSite","@id":"https:\/\/ticaret.edu.tr\/mimarlik\/#website","url":"https:\/\/ticaret.edu.tr\/mimarlik\/","name":"Mimarl\u0131k","description":"","potentialAction":[{"@type":"SearchAction","target":{"@type":"EntryPoint","urlTemplate":"https:\/\/ticaret.edu.tr\/mimarlik\/?s={search_term_string}"},"query-input":"required name=search_term_string"}],"inLanguage":"tr"}]}},"lang":"tr","translations":{"tr":1870,"en":2041},"pll_sync_post":[],"_links":{"self":[{"href":"http:\/\/ticaret.edu.tr\/mimarlik\/wp-json\/wp\/v2\/pages\/1870"}],"collection":[{"href":"http:\/\/ticaret.edu.tr\/mimarlik\/wp-json\/wp\/v2\/pages"}],"about":[{"href":"http:\/\/ticaret.edu.tr\/mimarlik\/wp-json\/wp\/v2\/types\/page"}],"author":[{"embeddable":true,"href":"http:\/\/ticaret.edu.tr\/mimarlik\/wp-json\/wp\/v2\/users\/225"}],"replies":[{"embeddable":true,"href":"http:\/\/ticaret.edu.tr\/mimarlik\/wp-json\/wp\/v2\/comments?post=1870"}],"version-history":[{"count":3,"href":"http:\/\/ticaret.edu.tr\/mimarlik\/wp-json\/wp\/v2\/pages\/1870\/revisions"}],"predecessor-version":[{"id":2632,"href":"http:\/\/ticaret.edu.tr\/mimarlik\/wp-json\/wp\/v2\/pages\/1870\/revisions\/2632"}],"wp:attachment":[{"href":"http:\/\/ticaret.edu.tr\/mimarlik\/wp-json\/wp\/v2\/media?parent=1870"}],"curies":[{"name":"wp","href":"https:\/\/api.w.org\/{rel}","templated":true}]}}