{"id":1872,"date":"2025-01-27T13:40:07","date_gmt":"2025-01-27T10:40:07","guid":{"rendered":"https:\/\/ticaret.edu.tr\/mimarlik\/?page_id=1872"},"modified":"2025-12-19T14:42:13","modified_gmt":"2025-12-19T11:42:13","slug":"bolum-kalite-komisyonu","status":"publish","type":"page","link":"http:\/\/ticaret.edu.tr\/mimarlik\/bolum-kalite-komisyonu\/","title":{"rendered":"B\u00f6l\u00fcm Kalite Komisyonu"},"content":{"rendered":"<table style=\"height: 199px\" width=\"556\">\n<tbody>\n<tr>\n<td style=\"text-align: center\" colspan=\"2\" width=\"341\"><strong>M\u0130MARLIK B\u00d6L\u00dcM\u00dc KAL\u0130TE KOM\u0130SYONU<\/strong><\/td>\n<\/tr>\n<tr>\n<td>Do\u00e7. Dr. LEYLA SUR\u0130<\/td>\n<td>B\u00f6l\u00fcm Ba\u015fkan\u0131<\/td>\n<\/tr>\n<tr>\n<td>Dr. \u00d6\u011fr. \u00dcyesi SAC\u0130DE AKIN<\/td>\n<td>Se\u00e7ilmi\u015f \u00dcye<\/td>\n<\/tr>\n<tr>\n<td>Ar\u015f. G\u00f6r. G\u0130ZEM \u00d6ZT\u00dcRK<\/td>\n<td>Kalite El\u00e7isi<\/td>\n<\/tr>\n<tr>\n<td>AZRA S\u00d6NMEZ<\/td>\n<td>\u00d6\u011frenci Temsilcisi<\/td>\n<\/tr>\n<\/tbody>\n<\/table>\n<p><a href=\"http:\/\/ticaret.edu.tr\/mimarlik\/wp-content\/uploads\/sites\/25\/2025\/12\/24.10.25_Birim-Kalite-Komisyonu-Toplanti-Tutanagi.pdf\">24.10.25_Birim Kalite Komisyonu Toplant\u0131 Tutana\u011f\u0131<\/a><\/p>\n","protected":false},"excerpt":{"rendered":"<p>M\u0130MARLIK B\u00d6L\u00dcM\u00dc KAL\u0130TE KOM\u0130SYONU Do\u00e7. Dr. LEYLA SUR\u0130 B\u00f6l\u00fcm Ba\u015fkan\u0131 Dr. \u00d6\u011fr. \u00dcyesi SAC\u0130DE AKIN Se\u00e7ilmi\u015f \u00dcye Ar\u015f. G\u00f6r. G\u0130ZEM \u00d6ZT\u00dcRK Kalite El\u00e7isi AZRA S\u00d6NMEZ \u00d6\u011frenci Temsilcisi 24.10.25_Birim Kalite Komisyonu Toplant\u0131 Tutana\u011f\u0131<\/p>\n","protected":false},"author":225,"featured_media":0,"parent":0,"menu_order":0,"comment_status":"closed","ping_status":"closed","template":"genel_sayfa.php","meta":{"footnotes":""},"yoast_head":"<!-- This site is optimized with the Yoast SEO Premium plugin v22.1 (Yoast SEO v22.1) - https:\/\/yoast.com\/wordpress\/plugins\/seo\/ -->\n<title>B\u00f6l\u00fcm Kalite Komisyonu - Mimarl\u0131k<\/title>\n<meta name=\"robots\" content=\"index, follow, max-snippet:-1, max-image-preview:large, max-video-preview:-1\" \/>\n<link rel=\"canonical\" href=\"http:\/\/ticaret.edu.tr\/mimarlik\/bolum-kalite-komisyonu\/\" \/>\n<meta property=\"og:locale\" content=\"tr_TR\" \/>\n<meta property=\"og:type\" content=\"article\" \/>\n<meta property=\"og:title\" content=\"B\u00f6l\u00fcm Kalite Komisyonu\" \/>\n<meta property=\"og:description\" content=\"M\u0130MARLIK B\u00d6L\u00dcM\u00dc KAL\u0130TE KOM\u0130SYONU Do\u00e7. Dr. LEYLA SUR\u0130 B\u00f6l\u00fcm Ba\u015fkan\u0131 Dr. \u00d6\u011fr. \u00dcyesi SAC\u0130DE AKIN Se\u00e7ilmi\u015f \u00dcye Ar\u015f. G\u00f6r. G\u0130ZEM \u00d6ZT\u00dcRK Kalite El\u00e7isi AZRA S\u00d6NMEZ \u00d6\u011frenci Temsilcisi 24.10.25_Birim Kalite Komisyonu Toplant\u0131 Tutana\u011f\u0131\" \/>\n<meta property=\"og:url\" content=\"http:\/\/ticaret.edu.tr\/mimarlik\/bolum-kalite-komisyonu\/\" \/>\n<meta property=\"og:site_name\" content=\"Mimarl\u0131k\" \/>\n<meta property=\"article:publisher\" content=\"https:\/\/www.facebook.com\/ticaretedutr\" \/>\n<meta property=\"article:modified_time\" content=\"2025-12-19T11:42:13+00:00\" \/>\n<meta name=\"twitter:card\" content=\"summary_large_image\" \/>\n<meta name=\"twitter:site\" content=\"@ticaretedutr\" \/>\n<meta name=\"twitter:label1\" content=\"Tahmini okuma s\u00fcresi\" \/>\n\t<meta name=\"twitter:data1\" content=\"1 dakika\" \/>\n<script type=\"application\/ld+json\" class=\"yoast-schema-graph\">{\"@context\":\"https:\/\/schema.org\",\"@graph\":[{\"@type\":\"WebPage\",\"@id\":\"http:\/\/ticaret.edu.tr\/mimarlik\/bolum-kalite-komisyonu\/\",\"url\":\"http:\/\/ticaret.edu.tr\/mimarlik\/bolum-kalite-komisyonu\/\",\"name\":\"B\u00f6l\u00fcm Kalite Komisyonu - Mimarl\u0131k\",\"isPartOf\":{\"@id\":\"http:\/\/ticaret.edu.tr\/mimarlik\/#website\"},\"datePublished\":\"2025-01-27T10:40:07+00:00\",\"dateModified\":\"2025-12-19T11:42:13+00:00\",\"breadcrumb\":{\"@id\":\"http:\/\/ticaret.edu.tr\/mimarlik\/bolum-kalite-komisyonu\/#breadcrumb\"},\"inLanguage\":\"tr\",\"potentialAction\":[{\"@type\":\"ReadAction\",\"target\":[\"http:\/\/ticaret.edu.tr\/mimarlik\/bolum-kalite-komisyonu\/\"]}]},{\"@type\":\"BreadcrumbList\",\"@id\":\"http:\/\/ticaret.edu.tr\/mimarlik\/bolum-kalite-komisyonu\/#breadcrumb\",\"itemListElement\":[{\"@type\":\"ListItem\",\"position\":1,\"name\":\"Ana sayfa\",\"item\":\"http:\/\/ticaret.edu.tr\/mimarlik\/\"},{\"@type\":\"ListItem\",\"position\":2,\"name\":\"B\u00f6l\u00fcm Kalite Komisyonu\"}]},{\"@type\":\"WebSite\",\"@id\":\"http:\/\/ticaret.edu.tr\/mimarlik\/#website\",\"url\":\"http:\/\/ticaret.edu.tr\/mimarlik\/\",\"name\":\"Mimarl\u0131k\",\"description\":\"\",\"potentialAction\":[{\"@type\":\"SearchAction\",\"target\":{\"@type\":\"EntryPoint\",\"urlTemplate\":\"http:\/\/ticaret.edu.tr\/mimarlik\/?s={search_term_string}\"},\"query-input\":\"required name=search_term_string\"}],\"inLanguage\":\"tr\"}]}<\/script>\n<!-- \/ Yoast SEO Premium plugin. -->","yoast_head_json":{"title":"B\u00f6l\u00fcm Kalite Komisyonu - Mimarl\u0131k","robots":{"index":"index","follow":"follow","max-snippet":"max-snippet:-1","max-image-preview":"max-image-preview:large","max-video-preview":"max-video-preview:-1"},"canonical":"http:\/\/ticaret.edu.tr\/mimarlik\/bolum-kalite-komisyonu\/","og_locale":"tr_TR","og_type":"article","og_title":"B\u00f6l\u00fcm Kalite Komisyonu","og_description":"M\u0130MARLIK B\u00d6L\u00dcM\u00dc KAL\u0130TE KOM\u0130SYONU Do\u00e7. Dr. LEYLA SUR\u0130 B\u00f6l\u00fcm Ba\u015fkan\u0131 Dr. \u00d6\u011fr. \u00dcyesi SAC\u0130DE AKIN Se\u00e7ilmi\u015f \u00dcye Ar\u015f. G\u00f6r. G\u0130ZEM \u00d6ZT\u00dcRK Kalite El\u00e7isi AZRA S\u00d6NMEZ \u00d6\u011frenci Temsilcisi 24.10.25_Birim Kalite Komisyonu Toplant\u0131 Tutana\u011f\u0131","og_url":"http:\/\/ticaret.edu.tr\/mimarlik\/bolum-kalite-komisyonu\/","og_site_name":"Mimarl\u0131k","article_publisher":"https:\/\/www.facebook.com\/ticaretedutr","article_modified_time":"2025-12-19T11:42:13+00:00","twitter_card":"summary_large_image","twitter_site":"@ticaretedutr","twitter_misc":{"Tahmini okuma s\u00fcresi":"1 dakika"},"schema":{"@context":"https:\/\/schema.org","@graph":[{"@type":"WebPage","@id":"http:\/\/ticaret.edu.tr\/mimarlik\/bolum-kalite-komisyonu\/","url":"http:\/\/ticaret.edu.tr\/mimarlik\/bolum-kalite-komisyonu\/","name":"B\u00f6l\u00fcm Kalite Komisyonu - Mimarl\u0131k","isPartOf":{"@id":"http:\/\/ticaret.edu.tr\/mimarlik\/#website"},"datePublished":"2025-01-27T10:40:07+00:00","dateModified":"2025-12-19T11:42:13+00:00","breadcrumb":{"@id":"http:\/\/ticaret.edu.tr\/mimarlik\/bolum-kalite-komisyonu\/#breadcrumb"},"inLanguage":"tr","potentialAction":[{"@type":"ReadAction","target":["http:\/\/ticaret.edu.tr\/mimarlik\/bolum-kalite-komisyonu\/"]}]},{"@type":"BreadcrumbList","@id":"http:\/\/ticaret.edu.tr\/mimarlik\/bolum-kalite-komisyonu\/#breadcrumb","itemListElement":[{"@type":"ListItem","position":1,"name":"Ana sayfa","item":"http:\/\/ticaret.edu.tr\/mimarlik\/"},{"@type":"ListItem","position":2,"name":"B\u00f6l\u00fcm Kalite Komisyonu"}]},{"@type":"WebSite","@id":"http:\/\/ticaret.edu.tr\/mimarlik\/#website","url":"http:\/\/ticaret.edu.tr\/mimarlik\/","name":"Mimarl\u0131k","description":"","potentialAction":[{"@type":"SearchAction","target":{"@type":"EntryPoint","urlTemplate":"http:\/\/ticaret.edu.tr\/mimarlik\/?s={search_term_string}"},"query-input":"required name=search_term_string"}],"inLanguage":"tr"}]}},"lang":"tr","translations":{"tr":1872,"en":2043},"pll_sync_post":[],"_links":{"self":[{"href":"http:\/\/ticaret.edu.tr\/mimarlik\/wp-json\/wp\/v2\/pages\/1872"}],"collection":[{"href":"http:\/\/ticaret.edu.tr\/mimarlik\/wp-json\/wp\/v2\/pages"}],"about":[{"href":"http:\/\/ticaret.edu.tr\/mimarlik\/wp-json\/wp\/v2\/types\/page"}],"author":[{"embeddable":true,"href":"http:\/\/ticaret.edu.tr\/mimarlik\/wp-json\/wp\/v2\/users\/225"}],"replies":[{"embeddable":true,"href":"http:\/\/ticaret.edu.tr\/mimarlik\/wp-json\/wp\/v2\/comments?post=1872"}],"version-history":[{"count":7,"href":"http:\/\/ticaret.edu.tr\/mimarlik\/wp-json\/wp\/v2\/pages\/1872\/revisions"}],"predecessor-version":[{"id":2683,"href":"http:\/\/ticaret.edu.tr\/mimarlik\/wp-json\/wp\/v2\/pages\/1872\/revisions\/2683"}],"wp:attachment":[{"href":"http:\/\/ticaret.edu.tr\/mimarlik\/wp-json\/wp\/v2\/media?parent=1872"}],"curies":[{"name":"wp","href":"https:\/\/api.w.org\/{rel}","templated":true}]}}