{"id":1874,"date":"2025-01-27T13:40:20","date_gmt":"2025-01-27T10:40:20","guid":{"rendered":"https:\/\/ticaret.edu.tr\/mimarlik\/?page_id=1874"},"modified":"2025-12-16T11:32:48","modified_gmt":"2025-12-16T08:32:48","slug":"bolum-danisma-kurulu","status":"publish","type":"page","link":"http:\/\/ticaret.edu.tr\/mimarlik\/bolum-danisma-kurulu\/","title":{"rendered":"B\u00f6l\u00fcm Dan\u0131\u015fma Kurulu"},"content":{"rendered":"<table style=\"height: 505px\" width=\"967\">\n<tbody>\n<tr>\n<td style=\"text-align: center\" colspan=\"3\" width=\"858\"><strong>M\u0130MARLIK B\u00d6L\u00dcM\u00dc DANI\u015eMA KURULU ( E-91623288-900-338943 )<\/strong><\/td>\n<\/tr>\n<tr>\n<td style=\"text-align: center\" width=\"192\"><strong>Unvan \/Ad Soyad<\/strong><\/td>\n<td style=\"text-align: center\" width=\"277\"><strong>\u00c7al\u0131\u015ft\u0131\u011f\u0131\u00a0Kurum<\/strong><\/td>\n<td style=\"text-align: center\" width=\"389\"><strong>G\u00f6revi<\/strong><\/td>\n<\/tr>\n<tr>\n<td width=\"192\"><\/td>\n<td width=\"277\">\u0130stanbul Ticaret \u00dcniversitesi<\/td>\n<td width=\"389\">B\u00f6l\u00fcm Ba\u015fkan\u0131<\/td>\n<\/tr>\n<tr>\n<td width=\"192\"><\/td>\n<td width=\"277\">\u0130stanbul Ticaret \u00dcniversitesi<\/td>\n<td width=\"389\">B\u00f6l\u00fcm \u00d6\u011fretim \u00dcyeleri<\/td>\n<\/tr>\n<tr>\n<td width=\"192\"><\/td>\n<td width=\"277\">\u0130stanbul Ticaret \u00dcniversitesi<\/td>\n<td width=\"389\">B\u00f6l\u00fcm Kalite El\u00e7isi<\/td>\n<\/tr>\n<tr>\n<td width=\"192\"><\/td>\n<td width=\"277\">\u0130stanbul Ticaret \u00dcniversitesi<\/td>\n<td width=\"389\">B\u00f6l\u00fcm \u00d6\u011frenci Temsilcisi<\/td>\n<\/tr>\n<tr>\n<td style=\"text-align: center\" width=\"192\"><strong>Unvan \/Ad Soyad<\/strong><\/td>\n<td style=\"text-align: center\" width=\"277\"><strong>\u00c7al\u0131\u015ft\u0131\u011f\u0131\u00a0Kurum<\/strong><\/td>\n<td style=\"text-align: center\" width=\"389\"><strong>G\u00f6revi<\/strong><\/td>\n<\/tr>\n<tr>\n<td width=\"192\">Prof. Dr. Selma \u00c7EL\u0130KYAY<\/td>\n<td width=\"277\">Karab\u00fck \u00dcniversitesi<\/td>\n<td width=\"389\">Mimar-YL Enstit\u00fc M\u00fcd\u00fcr\u00fc-\u00d6\u011fretim \u00dcyesi<\/td>\n<\/tr>\n<tr>\n<td width=\"192\">Prof Dr. Kemal Kutg\u00fcn EY\u00dcPG\u0130LLER<\/td>\n<td width=\"277\">\u0130stanbul \u00dcniversitesi<\/td>\n<td width=\"389\">Mimar-Mimarl\u0131k Fak\u00fcltesi Dekan\u0131 Mimarl\u0131k B\u00f6l\u00fcm Ba\u015fkan\u0131<\/td>\n<\/tr>\n<tr>\n<td width=\"192\">Kadem EK\u015e\u0130<\/td>\n<td width=\"277\">\u0130TO Meclis \u00dcyesi<\/td>\n<td width=\"389\">Ofisi Kurucusu \/ Mimar, \u0130TO Mimarl\u0131k M\u00fch. Mesl. Kom. Ba\u015fkan\u0131<\/td>\n<\/tr>\n<tr>\n<td width=\"192\">Birsen Parlar ERKAN<\/td>\n<td width=\"277\">Parlar M\u00fchendislik-BPE Mimarl\u0131k<\/td>\n<td width=\"389\">Ofisi Kurucusu \/ Y\u00fcksek Mimar<\/td>\n<\/tr>\n<tr>\n<td width=\"192\">Osman BALTA<\/td>\n<td width=\"277\">MMG Eski Ba\u015fkan\u0131<\/td>\n<td width=\"389\"><\/td>\n<\/tr>\n<tr>\n<td width=\"192\">Avni \u00c7EB\u0130<\/td>\n<td width=\"277\">MMG Eski Ba\u015fkan\u0131<\/td>\n<td width=\"389\"><\/td>\n<\/tr>\n<tr>\n<td width=\"192\">Yavuz SARI<\/td>\n<td width=\"277\">MMG Ba\u015fkan\u0131<\/td>\n<td width=\"389\"><\/td>\n<\/tr>\n<\/tbody>\n<\/table>\n<p><a href=\"http:\/\/ticaret.edu.tr\/mimarlik\/wp-content\/uploads\/sites\/25\/2025\/12\/17-Ekim-2025-Danisma-Kurulu-Toplantisi.pdf\">17 Ekim 2025 Dan\u0131\u015fma Kurulu Toplant\u0131s\u0131<\/a><\/p>\n","protected":false},"excerpt":{"rendered":"<p>M\u0130MARLIK B\u00d6L\u00dcM\u00dc DANI\u015eMA KURULU ( E-91623288-900-338943 ) Unvan \/Ad Soyad \u00c7al\u0131\u015ft\u0131\u011f\u0131\u00a0Kurum G\u00f6revi \u0130stanbul Ticaret \u00dcniversitesi B\u00f6l\u00fcm Ba\u015fkan\u0131 \u0130stanbul Ticaret \u00dcniversitesi B\u00f6l\u00fcm \u00d6\u011fretim \u00dcyeleri \u0130stanbul Ticaret \u00dcniversitesi B\u00f6l\u00fcm Kalite El\u00e7isi \u0130stanbul Ticaret \u00dcniversitesi B\u00f6l\u00fcm \u00d6\u011frenci Temsilcisi Unvan \/Ad Soyad \u00c7al\u0131\u015ft\u0131\u011f\u0131\u00a0Kurum G\u00f6revi Prof. Dr. Selma \u00c7EL\u0130KYAY Karab\u00fck \u00dcniversitesi Mimar-YL Enstit\u00fc M\u00fcd\u00fcr\u00fc-\u00d6\u011fretim \u00dcyesi Prof Dr. Kemal Kutg\u00fcn EY\u00dcPG\u0130LLER [&hellip;]<\/p>\n","protected":false},"author":225,"featured_media":0,"parent":0,"menu_order":0,"comment_status":"closed","ping_status":"closed","template":"genel_sayfa.php","meta":{"footnotes":""},"yoast_head":"<!-- This site is optimized with the Yoast SEO Premium plugin v22.1 (Yoast SEO v22.1) - https:\/\/yoast.com\/wordpress\/plugins\/seo\/ -->\n<title>B\u00f6l\u00fcm Dan\u0131\u015fma Kurulu - Mimarl\u0131k<\/title>\n<meta name=\"robots\" content=\"index, follow, max-snippet:-1, max-image-preview:large, max-video-preview:-1\" \/>\n<link rel=\"canonical\" href=\"https:\/\/ticaret.edu.tr\/mimarlik\/bolum-danisma-kurulu\/\" \/>\n<meta property=\"og:locale\" content=\"tr_TR\" \/>\n<meta property=\"og:type\" content=\"article\" \/>\n<meta property=\"og:title\" content=\"B\u00f6l\u00fcm Dan\u0131\u015fma Kurulu\" \/>\n<meta property=\"og:description\" content=\"M\u0130MARLIK B\u00d6L\u00dcM\u00dc DANI\u015eMA KURULU ( E-91623288-900-338943 ) Unvan \/Ad Soyad \u00c7al\u0131\u015ft\u0131\u011f\u0131\u00a0Kurum G\u00f6revi \u0130stanbul Ticaret \u00dcniversitesi B\u00f6l\u00fcm Ba\u015fkan\u0131 \u0130stanbul Ticaret \u00dcniversitesi B\u00f6l\u00fcm \u00d6\u011fretim \u00dcyeleri \u0130stanbul Ticaret \u00dcniversitesi B\u00f6l\u00fcm Kalite El\u00e7isi \u0130stanbul Ticaret \u00dcniversitesi B\u00f6l\u00fcm \u00d6\u011frenci Temsilcisi Unvan \/Ad Soyad \u00c7al\u0131\u015ft\u0131\u011f\u0131\u00a0Kurum G\u00f6revi Prof. Dr. Selma \u00c7EL\u0130KYAY Karab\u00fck \u00dcniversitesi Mimar-YL Enstit\u00fc M\u00fcd\u00fcr\u00fc-\u00d6\u011fretim \u00dcyesi Prof Dr. Kemal Kutg\u00fcn EY\u00dcPG\u0130LLER [&hellip;]\" \/>\n<meta property=\"og:url\" content=\"https:\/\/ticaret.edu.tr\/mimarlik\/bolum-danisma-kurulu\/\" \/>\n<meta property=\"og:site_name\" content=\"Mimarl\u0131k\" \/>\n<meta property=\"article:publisher\" content=\"https:\/\/www.facebook.com\/ticaretedutr\" \/>\n<meta property=\"article:modified_time\" content=\"2025-12-16T08:32:48+00:00\" \/>\n<meta name=\"twitter:card\" content=\"summary_large_image\" \/>\n<meta name=\"twitter:site\" content=\"@ticaretedutr\" \/>\n<meta name=\"twitter:label1\" content=\"Tahmini okuma s\u00fcresi\" \/>\n\t<meta name=\"twitter:data1\" content=\"1 dakika\" \/>\n<script type=\"application\/ld+json\" class=\"yoast-schema-graph\">{\"@context\":\"https:\/\/schema.org\",\"@graph\":[{\"@type\":\"WebPage\",\"@id\":\"https:\/\/ticaret.edu.tr\/mimarlik\/bolum-danisma-kurulu\/\",\"url\":\"https:\/\/ticaret.edu.tr\/mimarlik\/bolum-danisma-kurulu\/\",\"name\":\"B\u00f6l\u00fcm Dan\u0131\u015fma Kurulu - Mimarl\u0131k\",\"isPartOf\":{\"@id\":\"https:\/\/ticaret.edu.tr\/mimarlik\/#website\"},\"datePublished\":\"2025-01-27T10:40:20+00:00\",\"dateModified\":\"2025-12-16T08:32:48+00:00\",\"breadcrumb\":{\"@id\":\"https:\/\/ticaret.edu.tr\/mimarlik\/bolum-danisma-kurulu\/#breadcrumb\"},\"inLanguage\":\"tr\",\"potentialAction\":[{\"@type\":\"ReadAction\",\"target\":[\"https:\/\/ticaret.edu.tr\/mimarlik\/bolum-danisma-kurulu\/\"]}]},{\"@type\":\"BreadcrumbList\",\"@id\":\"https:\/\/ticaret.edu.tr\/mimarlik\/bolum-danisma-kurulu\/#breadcrumb\",\"itemListElement\":[{\"@type\":\"ListItem\",\"position\":1,\"name\":\"Ana sayfa\",\"item\":\"https:\/\/ticaret.edu.tr\/mimarlik\/\"},{\"@type\":\"ListItem\",\"position\":2,\"name\":\"B\u00f6l\u00fcm Dan\u0131\u015fma Kurulu\"}]},{\"@type\":\"WebSite\",\"@id\":\"https:\/\/ticaret.edu.tr\/mimarlik\/#website\",\"url\":\"https:\/\/ticaret.edu.tr\/mimarlik\/\",\"name\":\"Mimarl\u0131k\",\"description\":\"\",\"potentialAction\":[{\"@type\":\"SearchAction\",\"target\":{\"@type\":\"EntryPoint\",\"urlTemplate\":\"https:\/\/ticaret.edu.tr\/mimarlik\/?s={search_term_string}\"},\"query-input\":\"required name=search_term_string\"}],\"inLanguage\":\"tr\"}]}<\/script>\n<!-- \/ Yoast SEO Premium plugin. -->","yoast_head_json":{"title":"B\u00f6l\u00fcm Dan\u0131\u015fma Kurulu - Mimarl\u0131k","robots":{"index":"index","follow":"follow","max-snippet":"max-snippet:-1","max-image-preview":"max-image-preview:large","max-video-preview":"max-video-preview:-1"},"canonical":"https:\/\/ticaret.edu.tr\/mimarlik\/bolum-danisma-kurulu\/","og_locale":"tr_TR","og_type":"article","og_title":"B\u00f6l\u00fcm Dan\u0131\u015fma Kurulu","og_description":"M\u0130MARLIK B\u00d6L\u00dcM\u00dc DANI\u015eMA KURULU ( E-91623288-900-338943 ) Unvan \/Ad Soyad \u00c7al\u0131\u015ft\u0131\u011f\u0131\u00a0Kurum G\u00f6revi \u0130stanbul Ticaret \u00dcniversitesi B\u00f6l\u00fcm Ba\u015fkan\u0131 \u0130stanbul Ticaret \u00dcniversitesi B\u00f6l\u00fcm \u00d6\u011fretim \u00dcyeleri \u0130stanbul Ticaret \u00dcniversitesi B\u00f6l\u00fcm Kalite El\u00e7isi \u0130stanbul Ticaret \u00dcniversitesi B\u00f6l\u00fcm \u00d6\u011frenci Temsilcisi Unvan \/Ad Soyad \u00c7al\u0131\u015ft\u0131\u011f\u0131\u00a0Kurum G\u00f6revi Prof. Dr. Selma \u00c7EL\u0130KYAY Karab\u00fck \u00dcniversitesi Mimar-YL Enstit\u00fc M\u00fcd\u00fcr\u00fc-\u00d6\u011fretim \u00dcyesi Prof Dr. Kemal Kutg\u00fcn EY\u00dcPG\u0130LLER [&hellip;]","og_url":"https:\/\/ticaret.edu.tr\/mimarlik\/bolum-danisma-kurulu\/","og_site_name":"Mimarl\u0131k","article_publisher":"https:\/\/www.facebook.com\/ticaretedutr","article_modified_time":"2025-12-16T08:32:48+00:00","twitter_card":"summary_large_image","twitter_site":"@ticaretedutr","twitter_misc":{"Tahmini okuma s\u00fcresi":"1 dakika"},"schema":{"@context":"https:\/\/schema.org","@graph":[{"@type":"WebPage","@id":"https:\/\/ticaret.edu.tr\/mimarlik\/bolum-danisma-kurulu\/","url":"https:\/\/ticaret.edu.tr\/mimarlik\/bolum-danisma-kurulu\/","name":"B\u00f6l\u00fcm Dan\u0131\u015fma Kurulu - Mimarl\u0131k","isPartOf":{"@id":"https:\/\/ticaret.edu.tr\/mimarlik\/#website"},"datePublished":"2025-01-27T10:40:20+00:00","dateModified":"2025-12-16T08:32:48+00:00","breadcrumb":{"@id":"https:\/\/ticaret.edu.tr\/mimarlik\/bolum-danisma-kurulu\/#breadcrumb"},"inLanguage":"tr","potentialAction":[{"@type":"ReadAction","target":["https:\/\/ticaret.edu.tr\/mimarlik\/bolum-danisma-kurulu\/"]}]},{"@type":"BreadcrumbList","@id":"https:\/\/ticaret.edu.tr\/mimarlik\/bolum-danisma-kurulu\/#breadcrumb","itemListElement":[{"@type":"ListItem","position":1,"name":"Ana sayfa","item":"https:\/\/ticaret.edu.tr\/mimarlik\/"},{"@type":"ListItem","position":2,"name":"B\u00f6l\u00fcm Dan\u0131\u015fma Kurulu"}]},{"@type":"WebSite","@id":"https:\/\/ticaret.edu.tr\/mimarlik\/#website","url":"https:\/\/ticaret.edu.tr\/mimarlik\/","name":"Mimarl\u0131k","description":"","potentialAction":[{"@type":"SearchAction","target":{"@type":"EntryPoint","urlTemplate":"https:\/\/ticaret.edu.tr\/mimarlik\/?s={search_term_string}"},"query-input":"required name=search_term_string"}],"inLanguage":"tr"}]}},"lang":"tr","translations":{"tr":1874,"en":2045},"pll_sync_post":[],"_links":{"self":[{"href":"http:\/\/ticaret.edu.tr\/mimarlik\/wp-json\/wp\/v2\/pages\/1874"}],"collection":[{"href":"http:\/\/ticaret.edu.tr\/mimarlik\/wp-json\/wp\/v2\/pages"}],"about":[{"href":"http:\/\/ticaret.edu.tr\/mimarlik\/wp-json\/wp\/v2\/types\/page"}],"author":[{"embeddable":true,"href":"http:\/\/ticaret.edu.tr\/mimarlik\/wp-json\/wp\/v2\/users\/225"}],"replies":[{"embeddable":true,"href":"http:\/\/ticaret.edu.tr\/mimarlik\/wp-json\/wp\/v2\/comments?post=1874"}],"version-history":[{"count":11,"href":"http:\/\/ticaret.edu.tr\/mimarlik\/wp-json\/wp\/v2\/pages\/1874\/revisions"}],"predecessor-version":[{"id":2681,"href":"http:\/\/ticaret.edu.tr\/mimarlik\/wp-json\/wp\/v2\/pages\/1874\/revisions\/2681"}],"wp:attachment":[{"href":"http:\/\/ticaret.edu.tr\/mimarlik\/wp-json\/wp\/v2\/media?parent=1874"}],"curies":[{"name":"wp","href":"https:\/\/api.w.org\/{rel}","templated":true}]}}