{"id":1876,"date":"2025-01-27T13:40:31","date_gmt":"2025-01-27T10:40:31","guid":{"rendered":"https:\/\/ticaret.edu.tr\/mimarlik\/?page_id=1876"},"modified":"2025-10-10T10:58:14","modified_gmt":"2025-10-10T07:58:14","slug":"iletisim-ulasim","status":"publish","type":"page","link":"http:\/\/ticaret.edu.tr\/mimarlik\/iletisim-ulasim\/","title":{"rendered":"\u0130leti\u015fim &amp; Ula\u015f\u0131m"},"content":{"rendered":"<p>Mimarl\u0131k B\u00f6l\u00fcm\u00fc; <strong>K\u00fc\u00e7\u00fckyal\u0131 Hezarfen Kamp\u00fcs\u00fc <\/strong>i\u00e7erisinde yer almaktad\u0131r.<\/p>\n<p><strong>K\u00fc\u00e7\u00fckyal\u0131 Hezarfen Kamp\u00fcs\u00fc<\/strong><br \/>\n<strong>Adres :<\/strong>\u00a0Ayd\u0131nevler Mh. \u0130smet \u0130n\u00f6n\u00fc Cd. No: 4 34840 Maltepe, \u0130stanbul<br \/>\n<strong>Telefon:<\/strong>\u00a0444 0 413<br \/>\n<strong>Whatsapp:<\/strong>\u00a00507 157 70 17<br \/>\n<strong>Mail:<\/strong>\u00a0bilgi@ticaret.edu.tr<br \/>\n<strong>Fax :<\/strong>\u00a0+90 (216) 489 02 69<br \/>\n<strong>Harita :\u00a0<\/strong><a href=\"https:\/\/www.google.com\/maps\/place\/%C4%B0stanbul+Ticaret+%C3%9Cniversitesi+K%C3%BC%C3%A7%C3%BCkyal%C4%B1+Kamp%C3%BCs%C3%BC\/@40.9528776,29.1174267,17z\/data=!3m1!4b1!4m5!3m4!1s0x0:0x419102a05b857d03!8m2!3d40.9528776!4d29.1196154?hl=en\">K\u00fc\u00e7\u00fckyal\u0131 Yerle\u015fkesi Harita bilgisi i\u00e7in\u00a0<strong>t\u0131klay\u0131n\u0131z!<\/strong>\u00a0[Google]<\/a><br \/>\n<a href=\"https:\/\/sehirharitasi.ibb.gov.tr\/\">Harita bilgisi i\u00e7in\u00a0<strong>t\u0131klay\u0131n\u0131z!<\/strong>\u00a0[\u0130stanbul B\u00fcy\u00fck\u015fehir Belediyesi]<\/a><\/p>\n","protected":false},"excerpt":{"rendered":"<p>Mimarl\u0131k B\u00f6l\u00fcm\u00fc; K\u00fc\u00e7\u00fckyal\u0131 Hezarfen Kamp\u00fcs\u00fc i\u00e7erisinde yer almaktad\u0131r. K\u00fc\u00e7\u00fckyal\u0131 Hezarfen Kamp\u00fcs\u00fc Adres :\u00a0Ayd\u0131nevler Mh. \u0130smet \u0130n\u00f6n\u00fc Cd. No: 4 34840 Maltepe, \u0130stanbul Telefon:\u00a0444 0 413 Whatsapp:\u00a00507 157 70 17 Mail:\u00a0bilgi@ticaret.edu.tr Fax :\u00a0+90 (216) 489 02 69 Harita :\u00a0K\u00fc\u00e7\u00fckyal\u0131 Yerle\u015fkesi Harita bilgisi i\u00e7in\u00a0t\u0131klay\u0131n\u0131z!\u00a0[Google] Harita bilgisi i\u00e7in\u00a0t\u0131klay\u0131n\u0131z!\u00a0[\u0130stanbul B\u00fcy\u00fck\u015fehir Belediyesi]<\/p>\n","protected":false},"author":225,"featured_media":0,"parent":0,"menu_order":0,"comment_status":"closed","ping_status":"closed","template":"genel_sayfa.php","meta":{"footnotes":""},"yoast_head":"<!-- This site is optimized with the Yoast SEO Premium plugin v22.1 (Yoast SEO v22.1) - https:\/\/yoast.com\/wordpress\/plugins\/seo\/ -->\n<title>\u0130leti\u015fim &amp; Ula\u015f\u0131m - Mimarl\u0131k<\/title>\n<meta name=\"robots\" content=\"index, follow, max-snippet:-1, max-image-preview:large, max-video-preview:-1\" \/>\n<link rel=\"canonical\" href=\"http:\/\/ticaret.edu.tr\/mimarlik\/iletisim-ulasim\/\" \/>\n<meta property=\"og:locale\" content=\"tr_TR\" \/>\n<meta property=\"og:type\" content=\"article\" \/>\n<meta property=\"og:title\" content=\"\u0130leti\u015fim &amp; Ula\u015f\u0131m\" \/>\n<meta property=\"og:description\" content=\"Mimarl\u0131k B\u00f6l\u00fcm\u00fc; K\u00fc\u00e7\u00fckyal\u0131 Hezarfen Kamp\u00fcs\u00fc i\u00e7erisinde yer almaktad\u0131r. K\u00fc\u00e7\u00fckyal\u0131 Hezarfen Kamp\u00fcs\u00fc Adres :\u00a0Ayd\u0131nevler Mh. \u0130smet \u0130n\u00f6n\u00fc Cd. No: 4 34840 Maltepe, \u0130stanbul Telefon:\u00a0444 0 413 Whatsapp:\u00a00507 157 70 17 Mail:\u00a0bilgi@ticaret.edu.tr Fax :\u00a0+90 (216) 489 02 69 Harita :\u00a0K\u00fc\u00e7\u00fckyal\u0131 Yerle\u015fkesi Harita bilgisi i\u00e7in\u00a0t\u0131klay\u0131n\u0131z!\u00a0[Google] Harita bilgisi i\u00e7in\u00a0t\u0131klay\u0131n\u0131z!\u00a0[\u0130stanbul B\u00fcy\u00fck\u015fehir Belediyesi]\" \/>\n<meta property=\"og:url\" content=\"http:\/\/ticaret.edu.tr\/mimarlik\/iletisim-ulasim\/\" \/>\n<meta property=\"og:site_name\" content=\"Mimarl\u0131k\" \/>\n<meta property=\"article:publisher\" content=\"https:\/\/www.facebook.com\/ticaretedutr\" \/>\n<meta property=\"article:modified_time\" content=\"2025-10-10T07:58:14+00:00\" \/>\n<meta name=\"twitter:card\" content=\"summary_large_image\" \/>\n<meta name=\"twitter:site\" content=\"@ticaretedutr\" \/>\n<meta name=\"twitter:label1\" content=\"Tahmini okuma s\u00fcresi\" \/>\n\t<meta name=\"twitter:data1\" content=\"1 dakika\" \/>\n<script type=\"application\/ld+json\" class=\"yoast-schema-graph\">{\"@context\":\"https:\/\/schema.org\",\"@graph\":[{\"@type\":\"WebPage\",\"@id\":\"http:\/\/ticaret.edu.tr\/mimarlik\/iletisim-ulasim\/\",\"url\":\"http:\/\/ticaret.edu.tr\/mimarlik\/iletisim-ulasim\/\",\"name\":\"\u0130leti\u015fim &amp; Ula\u015f\u0131m - Mimarl\u0131k\",\"isPartOf\":{\"@id\":\"https:\/\/ticaret.edu.tr\/mimarlik\/#website\"},\"datePublished\":\"2025-01-27T10:40:31+00:00\",\"dateModified\":\"2025-10-10T07:58:14+00:00\",\"breadcrumb\":{\"@id\":\"http:\/\/ticaret.edu.tr\/mimarlik\/iletisim-ulasim\/#breadcrumb\"},\"inLanguage\":\"tr\",\"potentialAction\":[{\"@type\":\"ReadAction\",\"target\":[\"http:\/\/ticaret.edu.tr\/mimarlik\/iletisim-ulasim\/\"]}]},{\"@type\":\"BreadcrumbList\",\"@id\":\"http:\/\/ticaret.edu.tr\/mimarlik\/iletisim-ulasim\/#breadcrumb\",\"itemListElement\":[{\"@type\":\"ListItem\",\"position\":1,\"name\":\"Ana sayfa\",\"item\":\"https:\/\/ticaret.edu.tr\/mimarlik\/\"},{\"@type\":\"ListItem\",\"position\":2,\"name\":\"\u0130leti\u015fim &amp; Ula\u015f\u0131m\"}]},{\"@type\":\"WebSite\",\"@id\":\"https:\/\/ticaret.edu.tr\/mimarlik\/#website\",\"url\":\"https:\/\/ticaret.edu.tr\/mimarlik\/\",\"name\":\"Mimarl\u0131k\",\"description\":\"\",\"potentialAction\":[{\"@type\":\"SearchAction\",\"target\":{\"@type\":\"EntryPoint\",\"urlTemplate\":\"https:\/\/ticaret.edu.tr\/mimarlik\/?s={search_term_string}\"},\"query-input\":\"required name=search_term_string\"}],\"inLanguage\":\"tr\"}]}<\/script>\n<!-- \/ Yoast SEO Premium plugin. -->","yoast_head_json":{"title":"\u0130leti\u015fim &amp; Ula\u015f\u0131m - Mimarl\u0131k","robots":{"index":"index","follow":"follow","max-snippet":"max-snippet:-1","max-image-preview":"max-image-preview:large","max-video-preview":"max-video-preview:-1"},"canonical":"http:\/\/ticaret.edu.tr\/mimarlik\/iletisim-ulasim\/","og_locale":"tr_TR","og_type":"article","og_title":"\u0130leti\u015fim &amp; Ula\u015f\u0131m","og_description":"Mimarl\u0131k B\u00f6l\u00fcm\u00fc; K\u00fc\u00e7\u00fckyal\u0131 Hezarfen Kamp\u00fcs\u00fc i\u00e7erisinde yer almaktad\u0131r. K\u00fc\u00e7\u00fckyal\u0131 Hezarfen Kamp\u00fcs\u00fc Adres :\u00a0Ayd\u0131nevler Mh. \u0130smet \u0130n\u00f6n\u00fc Cd. No: 4 34840 Maltepe, \u0130stanbul Telefon:\u00a0444 0 413 Whatsapp:\u00a00507 157 70 17 Mail:\u00a0bilgi@ticaret.edu.tr Fax :\u00a0+90 (216) 489 02 69 Harita :\u00a0K\u00fc\u00e7\u00fckyal\u0131 Yerle\u015fkesi Harita bilgisi i\u00e7in\u00a0t\u0131klay\u0131n\u0131z!\u00a0[Google] Harita bilgisi i\u00e7in\u00a0t\u0131klay\u0131n\u0131z!\u00a0[\u0130stanbul B\u00fcy\u00fck\u015fehir Belediyesi]","og_url":"http:\/\/ticaret.edu.tr\/mimarlik\/iletisim-ulasim\/","og_site_name":"Mimarl\u0131k","article_publisher":"https:\/\/www.facebook.com\/ticaretedutr","article_modified_time":"2025-10-10T07:58:14+00:00","twitter_card":"summary_large_image","twitter_site":"@ticaretedutr","twitter_misc":{"Tahmini okuma s\u00fcresi":"1 dakika"},"schema":{"@context":"https:\/\/schema.org","@graph":[{"@type":"WebPage","@id":"http:\/\/ticaret.edu.tr\/mimarlik\/iletisim-ulasim\/","url":"http:\/\/ticaret.edu.tr\/mimarlik\/iletisim-ulasim\/","name":"\u0130leti\u015fim &amp; Ula\u015f\u0131m - Mimarl\u0131k","isPartOf":{"@id":"https:\/\/ticaret.edu.tr\/mimarlik\/#website"},"datePublished":"2025-01-27T10:40:31+00:00","dateModified":"2025-10-10T07:58:14+00:00","breadcrumb":{"@id":"http:\/\/ticaret.edu.tr\/mimarlik\/iletisim-ulasim\/#breadcrumb"},"inLanguage":"tr","potentialAction":[{"@type":"ReadAction","target":["http:\/\/ticaret.edu.tr\/mimarlik\/iletisim-ulasim\/"]}]},{"@type":"BreadcrumbList","@id":"http:\/\/ticaret.edu.tr\/mimarlik\/iletisim-ulasim\/#breadcrumb","itemListElement":[{"@type":"ListItem","position":1,"name":"Ana sayfa","item":"https:\/\/ticaret.edu.tr\/mimarlik\/"},{"@type":"ListItem","position":2,"name":"\u0130leti\u015fim &amp; Ula\u015f\u0131m"}]},{"@type":"WebSite","@id":"https:\/\/ticaret.edu.tr\/mimarlik\/#website","url":"https:\/\/ticaret.edu.tr\/mimarlik\/","name":"Mimarl\u0131k","description":"","potentialAction":[{"@type":"SearchAction","target":{"@type":"EntryPoint","urlTemplate":"https:\/\/ticaret.edu.tr\/mimarlik\/?s={search_term_string}"},"query-input":"required name=search_term_string"}],"inLanguage":"tr"}]}},"lang":"tr","translations":{"tr":1876,"en":2047},"pll_sync_post":[],"_links":{"self":[{"href":"http:\/\/ticaret.edu.tr\/mimarlik\/wp-json\/wp\/v2\/pages\/1876"}],"collection":[{"href":"http:\/\/ticaret.edu.tr\/mimarlik\/wp-json\/wp\/v2\/pages"}],"about":[{"href":"http:\/\/ticaret.edu.tr\/mimarlik\/wp-json\/wp\/v2\/types\/page"}],"author":[{"embeddable":true,"href":"http:\/\/ticaret.edu.tr\/mimarlik\/wp-json\/wp\/v2\/users\/225"}],"replies":[{"embeddable":true,"href":"http:\/\/ticaret.edu.tr\/mimarlik\/wp-json\/wp\/v2\/comments?post=1876"}],"version-history":[{"count":4,"href":"http:\/\/ticaret.edu.tr\/mimarlik\/wp-json\/wp\/v2\/pages\/1876\/revisions"}],"predecessor-version":[{"id":2491,"href":"http:\/\/ticaret.edu.tr\/mimarlik\/wp-json\/wp\/v2\/pages\/1876\/revisions\/2491"}],"wp:attachment":[{"href":"http:\/\/ticaret.edu.tr\/mimarlik\/wp-json\/wp\/v2\/media?parent=1876"}],"curies":[{"name":"wp","href":"https:\/\/api.w.org\/{rel}","templated":true}]}}