{"id":7,"date":"2020-05-03T20:04:30","date_gmt":"2020-05-03T17:04:30","guid":{"rendered":"http:\/\/ticaret.edu.tr\/mimarlik\/?page_id=7"},"modified":"2025-10-20T11:04:40","modified_gmt":"2025-10-20T08:04:40","slug":"mufredat","status":"publish","type":"page","link":"http:\/\/ticaret.edu.tr\/mimarlik\/mufredat\/","title":{"rendered":"M\u00fcfredat"},"content":{"rendered":"<p><u><a href=\"\/mimarlik\/wp-content\/uploads\/sites\/25\/2021\/06\/2020-2021MIM-M\u00dcFREDAT.pdf\" target=\"_blank\" rel=\"noopener\">2020-2021 Akademik Y\u0131l\u0131 M\u00fcfredat\u0131<\/a><\/u><\/p>\n<p><a href=\"http:\/\/ticaret.edu.tr\/mimarlik\/wp-content\/uploads\/sites\/25\/2022\/01\/2021-2022-Akademik-Yili-Mudredati.pdf\" target=\"_blank\" rel=\"noopener\">2021-2022 Akademik Y\u0131l\u0131 M\u00fcfredat\u0131<\/a><\/p>\n<p><a href=\"http:\/\/ticaret.edu.tr\/mimarlik\/wp-content\/uploads\/sites\/25\/2022\/08\/2022-2023-Akademik-Yili-Mufredat.pdf\" target=\"_blank\" rel=\"noopener\">2022-2023 Akademik Y\u0131l\u0131 M\u00fcfredat<\/a><\/p>\n<p><a href=\"http:\/\/ticaret.edu.tr\/mimarlik\/wp-content\/uploads\/sites\/25\/2024\/05\/2023-2024-AKADEMIK-YILI-MUFREDATI.pdf\" target=\"_blank\" rel=\"noopener\">2023-2024 Akademik Y\u0131l\u0131 M\u00fcfredat\u0131\u00a0<\/a><\/p>\n<p><a href=\"http:\/\/ticaret.edu.tr\/mimarlik\/wp-content\/uploads\/sites\/25\/2025\/10\/2024-2025-AKADEMIK-YILI-MUFREDATI.pdf\" target=\"_blank\" rel=\"noopener\">2024-2025 Akademik Y\u0131l\u0131 M\u00fcfredat\u0131<\/a><\/p>\n<p><a href=\"http:\/\/ticaret.edu.tr\/mimarlik\/wp-content\/uploads\/sites\/25\/2025\/10\/2025-2026-AKADEMIK-YILI-MUFREDATI.pdf\" target=\"_blank\" rel=\"noopener\">2025-2026 Akademik Y\u0131l\u0131 M\u00fcfredat\u0131<\/a><\/p>\n<p>&nbsp;<\/p>\n","protected":false},"excerpt":{"rendered":"<p>2020-2021 Akademik Y\u0131l\u0131 M\u00fcfredat\u0131 2021-2022 Akademik Y\u0131l\u0131 M\u00fcfredat\u0131 2022-2023 Akademik Y\u0131l\u0131 M\u00fcfredat 2023-2024 Akademik Y\u0131l\u0131 M\u00fcfredat\u0131\u00a0 2024-2025 Akademik Y\u0131l\u0131 M\u00fcfredat\u0131 2025-2026 Akademik Y\u0131l\u0131 M\u00fcfredat\u0131 &nbsp;<\/p>\n","protected":false},"author":1,"featured_media":0,"parent":0,"menu_order":0,"comment_status":"closed","ping_status":"closed","template":"genel_sayfa.php","meta":{"footnotes":""},"yoast_head":"<!-- This site is optimized with the Yoast SEO Premium plugin v22.1 (Yoast SEO v22.1) - https:\/\/yoast.com\/wordpress\/plugins\/seo\/ -->\n<title>M\u00fcfredat - Mimarl\u0131k<\/title>\n<meta name=\"description\" content=\"Mimarl\u0131k B\u00f6l\u00fcm\u00fc M\u00fcfredatlar\u0131\" \/>\n<meta name=\"robots\" content=\"index, follow, max-snippet:-1, max-image-preview:large, max-video-preview:-1\" \/>\n<link rel=\"canonical\" href=\"http:\/\/ticaret.edu.tr\/mimarlik\/mufredat\/\" \/>\n<meta property=\"og:locale\" content=\"tr_TR\" \/>\n<meta property=\"og:type\" content=\"article\" \/>\n<meta property=\"og:title\" content=\"M\u00fcfredat\" \/>\n<meta property=\"og:description\" content=\"Mimarl\u0131k B\u00f6l\u00fcm\u00fc M\u00fcfredatlar\u0131\" \/>\n<meta property=\"og:url\" content=\"http:\/\/ticaret.edu.tr\/mimarlik\/mufredat\/\" \/>\n<meta property=\"og:site_name\" content=\"Mimarl\u0131k\" \/>\n<meta property=\"article:publisher\" content=\"https:\/\/www.facebook.com\/ticaretedutr\" \/>\n<meta property=\"article:modified_time\" content=\"2025-10-20T08:04:40+00:00\" \/>\n<meta name=\"twitter:card\" content=\"summary_large_image\" \/>\n<meta name=\"twitter:site\" content=\"@ticaretedutr\" \/>\n<meta name=\"twitter:label1\" content=\"Tahmini okuma s\u00fcresi\" \/>\n\t<meta name=\"twitter:data1\" content=\"1 dakika\" \/>\n<script type=\"application\/ld+json\" class=\"yoast-schema-graph\">{\"@context\":\"https:\/\/schema.org\",\"@graph\":[{\"@type\":\"WebPage\",\"@id\":\"http:\/\/ticaret.edu.tr\/mimarlik\/mufredat\/\",\"url\":\"http:\/\/ticaret.edu.tr\/mimarlik\/mufredat\/\",\"name\":\"M\u00fcfredat - Mimarl\u0131k\",\"isPartOf\":{\"@id\":\"https:\/\/ticaret.edu.tr\/mimarlik\/#website\"},\"datePublished\":\"2020-05-03T17:04:30+00:00\",\"dateModified\":\"2025-10-20T08:04:40+00:00\",\"description\":\"Mimarl\u0131k B\u00f6l\u00fcm\u00fc M\u00fcfredatlar\u0131\",\"breadcrumb\":{\"@id\":\"http:\/\/ticaret.edu.tr\/mimarlik\/mufredat\/#breadcrumb\"},\"inLanguage\":\"tr\",\"potentialAction\":[{\"@type\":\"ReadAction\",\"target\":[\"http:\/\/ticaret.edu.tr\/mimarlik\/mufredat\/\"]}]},{\"@type\":\"BreadcrumbList\",\"@id\":\"http:\/\/ticaret.edu.tr\/mimarlik\/mufredat\/#breadcrumb\",\"itemListElement\":[{\"@type\":\"ListItem\",\"position\":1,\"name\":\"Ana sayfa\",\"item\":\"https:\/\/ticaret.edu.tr\/mimarlik\/\"},{\"@type\":\"ListItem\",\"position\":2,\"name\":\"M\u00fcfredat\"}]},{\"@type\":\"WebSite\",\"@id\":\"https:\/\/ticaret.edu.tr\/mimarlik\/#website\",\"url\":\"https:\/\/ticaret.edu.tr\/mimarlik\/\",\"name\":\"Mimarl\u0131k\",\"description\":\"\",\"potentialAction\":[{\"@type\":\"SearchAction\",\"target\":{\"@type\":\"EntryPoint\",\"urlTemplate\":\"https:\/\/ticaret.edu.tr\/mimarlik\/?s={search_term_string}\"},\"query-input\":\"required name=search_term_string\"}],\"inLanguage\":\"tr\"}]}<\/script>\n<!-- \/ Yoast SEO Premium plugin. -->","yoast_head_json":{"title":"M\u00fcfredat - Mimarl\u0131k","description":"Mimarl\u0131k B\u00f6l\u00fcm\u00fc M\u00fcfredatlar\u0131","robots":{"index":"index","follow":"follow","max-snippet":"max-snippet:-1","max-image-preview":"max-image-preview:large","max-video-preview":"max-video-preview:-1"},"canonical":"http:\/\/ticaret.edu.tr\/mimarlik\/mufredat\/","og_locale":"tr_TR","og_type":"article","og_title":"M\u00fcfredat","og_description":"Mimarl\u0131k B\u00f6l\u00fcm\u00fc M\u00fcfredatlar\u0131","og_url":"http:\/\/ticaret.edu.tr\/mimarlik\/mufredat\/","og_site_name":"Mimarl\u0131k","article_publisher":"https:\/\/www.facebook.com\/ticaretedutr","article_modified_time":"2025-10-20T08:04:40+00:00","twitter_card":"summary_large_image","twitter_site":"@ticaretedutr","twitter_misc":{"Tahmini okuma s\u00fcresi":"1 dakika"},"schema":{"@context":"https:\/\/schema.org","@graph":[{"@type":"WebPage","@id":"http:\/\/ticaret.edu.tr\/mimarlik\/mufredat\/","url":"http:\/\/ticaret.edu.tr\/mimarlik\/mufredat\/","name":"M\u00fcfredat - Mimarl\u0131k","isPartOf":{"@id":"https:\/\/ticaret.edu.tr\/mimarlik\/#website"},"datePublished":"2020-05-03T17:04:30+00:00","dateModified":"2025-10-20T08:04:40+00:00","description":"Mimarl\u0131k B\u00f6l\u00fcm\u00fc M\u00fcfredatlar\u0131","breadcrumb":{"@id":"http:\/\/ticaret.edu.tr\/mimarlik\/mufredat\/#breadcrumb"},"inLanguage":"tr","potentialAction":[{"@type":"ReadAction","target":["http:\/\/ticaret.edu.tr\/mimarlik\/mufredat\/"]}]},{"@type":"BreadcrumbList","@id":"http:\/\/ticaret.edu.tr\/mimarlik\/mufredat\/#breadcrumb","itemListElement":[{"@type":"ListItem","position":1,"name":"Ana sayfa","item":"https:\/\/ticaret.edu.tr\/mimarlik\/"},{"@type":"ListItem","position":2,"name":"M\u00fcfredat"}]},{"@type":"WebSite","@id":"https:\/\/ticaret.edu.tr\/mimarlik\/#website","url":"https:\/\/ticaret.edu.tr\/mimarlik\/","name":"Mimarl\u0131k","description":"","potentialAction":[{"@type":"SearchAction","target":{"@type":"EntryPoint","urlTemplate":"https:\/\/ticaret.edu.tr\/mimarlik\/?s={search_term_string}"},"query-input":"required name=search_term_string"}],"inLanguage":"tr"}]}},"lang":"tr","translations":{"en":856,"tr":7},"pll_sync_post":[],"_links":{"self":[{"href":"http:\/\/ticaret.edu.tr\/mimarlik\/wp-json\/wp\/v2\/pages\/7"}],"collection":[{"href":"http:\/\/ticaret.edu.tr\/mimarlik\/wp-json\/wp\/v2\/pages"}],"about":[{"href":"http:\/\/ticaret.edu.tr\/mimarlik\/wp-json\/wp\/v2\/types\/page"}],"author":[{"embeddable":true,"href":"http:\/\/ticaret.edu.tr\/mimarlik\/wp-json\/wp\/v2\/users\/1"}],"replies":[{"embeddable":true,"href":"http:\/\/ticaret.edu.tr\/mimarlik\/wp-json\/wp\/v2\/comments?post=7"}],"version-history":[{"count":10,"href":"http:\/\/ticaret.edu.tr\/mimarlik\/wp-json\/wp\/v2\/pages\/7\/revisions"}],"predecessor-version":[{"id":2516,"href":"http:\/\/ticaret.edu.tr\/mimarlik\/wp-json\/wp\/v2\/pages\/7\/revisions\/2516"}],"wp:attachment":[{"href":"http:\/\/ticaret.edu.tr\/mimarlik\/wp-json\/wp\/v2\/media?parent=7"}],"curies":[{"name":"wp","href":"https:\/\/api.w.org\/{rel}","templated":true}]}}