{"id":19,"date":"2020-04-26T17:56:15","date_gmt":"2020-04-26T14:56:15","guid":{"rendered":"http:\/\/ticaret.edu.tr\/muhendislik\/?page_id=19"},"modified":"2025-02-07T08:41:55","modified_gmt":"2025-02-07T05:41:55","slug":"ana-sayfa","status":"publish","type":"page","link":"http:\/\/ticaret.edu.tr\/muhendislik-fakultesi\/","title":{"rendered":"Ana Sayfa"},"content":{"rendered":"","protected":false},"excerpt":{"rendered":"","protected":false},"author":1,"featured_media":0,"parent":0,"menu_order":0,"comment_status":"closed","ping_status":"closed","template":"pages\/homepage.php","meta":{"footnotes":""},"yoast_head":"<!-- This site is optimized with the Yoast SEO Premium plugin v22.1 (Yoast SEO v22.1) - https:\/\/yoast.com\/wordpress\/plugins\/seo\/ -->\n<title>\u0130stanbul Ticaret \u00dcniversitesi M\u00fchendislik Fak\u00fcltesi<\/title>\n<meta name=\"description\" content=\"\u0130stanbul Ticaret \u00dcniversitesi M\u00fchendislik Fak\u00fcltesi, Bilgisayar M\u00fchendisli\u011fi, Mekatronik M\u00fchendisli\u011fi, End\u00fcstri M\u00fchendisli\u011fi, Elektrik Elektronik M\u00fchendisli\u011fi %\" \/>\n<meta name=\"robots\" content=\"index, follow, max-snippet:-1, max-image-preview:large, max-video-preview:-1\" \/>\n<link rel=\"canonical\" href=\"http:\/\/ticaret.edu.tr\/muhendislik-fakultesi\/\" \/>\n<meta property=\"og:locale\" content=\"tr_TR\" \/>\n<meta property=\"og:type\" content=\"article\" \/>\n<meta property=\"og:title\" content=\"Ana Sayfa\" \/>\n<meta property=\"og:description\" content=\"\u0130stanbul Ticaret \u00dcniversitesi M\u00fchendislik Fak\u00fcltesi, Bilgisayar M\u00fchendisli\u011fi, Mekatronik M\u00fchendisli\u011fi, End\u00fcstri M\u00fchendisli\u011fi, Elektrik Elektronik M\u00fchendisli\u011fi %\" \/>\n<meta property=\"og:url\" content=\"http:\/\/ticaret.edu.tr\/muhendislik-fakultesi\/\" \/>\n<meta property=\"og:site_name\" content=\"M\u00fchendislik Fak\u00fcltesi\" \/>\n<meta property=\"article:publisher\" content=\"https:\/\/www.facebook.com\/ticaretedutr\" \/>\n<meta property=\"article:modified_time\" content=\"2025-02-07T05:41:55+00:00\" \/>\n<meta property=\"og:image\" content=\"http:\/\/ticaret.edu.tr\/muhendislik-fakultesi\/wp-content\/uploads\/sites\/5\/2021\/11\/web_logo-01.jpg\" \/>\n\t<meta property=\"og:image:width\" content=\"1250\" \/>\n\t<meta property=\"og:image:height\" content=\"833\" \/>\n\t<meta property=\"og:image:type\" content=\"image\/jpeg\" \/>\n<meta name=\"twitter:card\" content=\"summary_large_image\" \/>\n<meta name=\"twitter:site\" content=\"@ticaretedutr\" \/>\n<script type=\"application\/ld+json\" class=\"yoast-schema-graph\">{\"@context\":\"https:\/\/schema.org\",\"@graph\":[{\"@type\":\"WebPage\",\"@id\":\"http:\/\/ticaret.edu.tr\/muhendislik-fakultesi\/\",\"url\":\"http:\/\/ticaret.edu.tr\/muhendislik-fakultesi\/\",\"name\":\"\u0130stanbul Ticaret \u00dcniversitesi M\u00fchendislik Fak\u00fcltesi\",\"isPartOf\":{\"@id\":\"http:\/\/ticaret.edu.tr\/muhendislik-fakultesi\/#website\"},\"datePublished\":\"2020-04-26T14:56:15+00:00\",\"dateModified\":\"2025-02-07T05:41:55+00:00\",\"description\":\"\u0130stanbul Ticaret \u00dcniversitesi M\u00fchendislik Fak\u00fcltesi, Bilgisayar M\u00fchendisli\u011fi, Mekatronik M\u00fchendisli\u011fi, End\u00fcstri M\u00fchendisli\u011fi, Elektrik Elektronik M\u00fchendisli\u011fi %\",\"breadcrumb\":{\"@id\":\"http:\/\/ticaret.edu.tr\/muhendislik-fakultesi\/#breadcrumb\"},\"inLanguage\":\"tr\",\"potentialAction\":[{\"@type\":\"ReadAction\",\"target\":[\"http:\/\/ticaret.edu.tr\/muhendislik-fakultesi\/\"]}]},{\"@type\":\"BreadcrumbList\",\"@id\":\"http:\/\/ticaret.edu.tr\/muhendislik-fakultesi\/#breadcrumb\",\"itemListElement\":[{\"@type\":\"ListItem\",\"position\":1,\"name\":\"Ana sayfa\",\"item\":\"http:\/\/ticaret.edu.tr\/muhendislik-fakultesi\/\"},{\"@type\":\"ListItem\",\"position\":2,\"name\":\"Ana Sayfa\"}]},{\"@type\":\"WebSite\",\"@id\":\"http:\/\/ticaret.edu.tr\/muhendislik-fakultesi\/#website\",\"url\":\"http:\/\/ticaret.edu.tr\/muhendislik-fakultesi\/\",\"name\":\"M\u00fchendislik Fak\u00fcltesi\",\"description\":\"\",\"potentialAction\":[{\"@type\":\"SearchAction\",\"target\":{\"@type\":\"EntryPoint\",\"urlTemplate\":\"http:\/\/ticaret.edu.tr\/muhendislik-fakultesi\/?s={search_term_string}\"},\"query-input\":\"required name=search_term_string\"}],\"inLanguage\":\"tr\"}]}<\/script>\n<!-- \/ Yoast SEO Premium plugin. -->","yoast_head_json":{"title":"\u0130stanbul Ticaret \u00dcniversitesi M\u00fchendislik Fak\u00fcltesi","description":"\u0130stanbul Ticaret \u00dcniversitesi M\u00fchendislik Fak\u00fcltesi, Bilgisayar M\u00fchendisli\u011fi, Mekatronik M\u00fchendisli\u011fi, End\u00fcstri M\u00fchendisli\u011fi, Elektrik Elektronik M\u00fchendisli\u011fi %","robots":{"index":"index","follow":"follow","max-snippet":"max-snippet:-1","max-image-preview":"max-image-preview:large","max-video-preview":"max-video-preview:-1"},"canonical":"http:\/\/ticaret.edu.tr\/muhendislik-fakultesi\/","og_locale":"tr_TR","og_type":"article","og_title":"Ana Sayfa","og_description":"\u0130stanbul Ticaret \u00dcniversitesi M\u00fchendislik Fak\u00fcltesi, Bilgisayar M\u00fchendisli\u011fi, Mekatronik M\u00fchendisli\u011fi, End\u00fcstri M\u00fchendisli\u011fi, Elektrik Elektronik M\u00fchendisli\u011fi %","og_url":"http:\/\/ticaret.edu.tr\/muhendislik-fakultesi\/","og_site_name":"M\u00fchendislik Fak\u00fcltesi","article_publisher":"https:\/\/www.facebook.com\/ticaretedutr","article_modified_time":"2025-02-07T05:41:55+00:00","og_image":[{"width":1250,"height":833,"url":"http:\/\/ticaret.edu.tr\/muhendislik-fakultesi\/wp-content\/uploads\/sites\/5\/2021\/11\/web_logo-01.jpg","type":"image\/jpeg"}],"twitter_card":"summary_large_image","twitter_site":"@ticaretedutr","schema":{"@context":"https:\/\/schema.org","@graph":[{"@type":"WebPage","@id":"http:\/\/ticaret.edu.tr\/muhendislik-fakultesi\/","url":"http:\/\/ticaret.edu.tr\/muhendislik-fakultesi\/","name":"\u0130stanbul Ticaret \u00dcniversitesi M\u00fchendislik Fak\u00fcltesi","isPartOf":{"@id":"http:\/\/ticaret.edu.tr\/muhendislik-fakultesi\/#website"},"datePublished":"2020-04-26T14:56:15+00:00","dateModified":"2025-02-07T05:41:55+00:00","description":"\u0130stanbul Ticaret \u00dcniversitesi M\u00fchendislik Fak\u00fcltesi, Bilgisayar M\u00fchendisli\u011fi, Mekatronik M\u00fchendisli\u011fi, End\u00fcstri M\u00fchendisli\u011fi, Elektrik Elektronik M\u00fchendisli\u011fi %","breadcrumb":{"@id":"http:\/\/ticaret.edu.tr\/muhendislik-fakultesi\/#breadcrumb"},"inLanguage":"tr","potentialAction":[{"@type":"ReadAction","target":["http:\/\/ticaret.edu.tr\/muhendislik-fakultesi\/"]}]},{"@type":"BreadcrumbList","@id":"http:\/\/ticaret.edu.tr\/muhendislik-fakultesi\/#breadcrumb","itemListElement":[{"@type":"ListItem","position":1,"name":"Ana sayfa","item":"http:\/\/ticaret.edu.tr\/muhendislik-fakultesi\/"},{"@type":"ListItem","position":2,"name":"Ana Sayfa"}]},{"@type":"WebSite","@id":"http:\/\/ticaret.edu.tr\/muhendislik-fakultesi\/#website","url":"http:\/\/ticaret.edu.tr\/muhendislik-fakultesi\/","name":"M\u00fchendislik Fak\u00fcltesi","description":"","potentialAction":[{"@type":"SearchAction","target":{"@type":"EntryPoint","urlTemplate":"http:\/\/ticaret.edu.tr\/muhendislik-fakultesi\/?s={search_term_string}"},"query-input":"required name=search_term_string"}],"inLanguage":"tr"}]}},"lang":"tr","translations":{"en":199,"tr":19},"pll_sync_post":[],"_links":{"self":[{"href":"http:\/\/ticaret.edu.tr\/muhendislik-fakultesi\/wp-json\/wp\/v2\/pages\/19"}],"collection":[{"href":"http:\/\/ticaret.edu.tr\/muhendislik-fakultesi\/wp-json\/wp\/v2\/pages"}],"about":[{"href":"http:\/\/ticaret.edu.tr\/muhendislik-fakultesi\/wp-json\/wp\/v2\/types\/page"}],"author":[{"embeddable":true,"href":"http:\/\/ticaret.edu.tr\/muhendislik-fakultesi\/wp-json\/wp\/v2\/users\/1"}],"replies":[{"embeddable":true,"href":"http:\/\/ticaret.edu.tr\/muhendislik-fakultesi\/wp-json\/wp\/v2\/comments?post=19"}],"version-history":[{"count":4,"href":"http:\/\/ticaret.edu.tr\/muhendislik-fakultesi\/wp-json\/wp\/v2\/pages\/19\/revisions"}],"predecessor-version":[{"id":931,"href":"http:\/\/ticaret.edu.tr\/muhendislik-fakultesi\/wp-json\/wp\/v2\/pages\/19\/revisions\/931"}],"wp:attachment":[{"href":"http:\/\/ticaret.edu.tr\/muhendislik-fakultesi\/wp-json\/wp\/v2\/media?parent=19"}],"curies":[{"name":"wp","href":"https:\/\/api.w.org\/{rel}","templated":true}]}}