{"id":324,"date":"2022-01-04T14:26:19","date_gmt":"2022-01-04T11:26:19","guid":{"rendered":"https:\/\/ticaret.edu.tr\/muhendislik-fakultesi\/?page_id=324"},"modified":"2025-02-11T15:21:21","modified_gmt":"2025-02-11T12:21:21","slug":"dean","status":"publish","type":"page","link":"http:\/\/ticaret.edu.tr\/muhendislik-fakultesi\/en\/dean\/","title":{"rendered":"DEAN"},"content":{"rendered":"<p>Our Faculty of Engineering, which was founded with the establishment of our University in 2001, maintains academic flexibility and can carry out interdisciplinary studies, which are indispensable for the information age, both at the undergraduate and graduate level, takes an active and decisive role in scientific and social activities both nationally and internationally, and is respected in every platform. It aims to be a leading academic unit.<\/p>\n<p>Our faculty is located in K\u00fc\u00e7\u00fckyal\u0131, on the E-5 side ISTANBUL, where it can be reached very easily by public transportation such as metro and metrobus. There are Computer and Industrial Engineering Departments that actively accept students, with 30% English-supported education, and Electrical-Electronics and Mechatronics Engineering departments that provide 100% English education. New student registrations are not accepted for previously opened Jewelry Engineering and Civil Engineering programs.<\/p>\n<p>Depending on the mission of our university to adapt quickly to global trends and to respond to changing needs, our faculty has student and faculty exchange agreements with distinguished universities in Europe within the scope of Erasmus program and programs that can carry out joint studies with universities and institutions in America and Japan.<\/p>\n<p>Engineering plays an important role in solving the fundamental problems in our life, it also plays a vital role in technological and economic growth and is one of the most important professions in raising the level of development and innovation of our country.<\/p>\n<p><a href=\"http:\/\/tubis.ticaret.edu.tr\/_Adek\/CV\/CV.aspx?adi=\/KTUzbbcwarC8aHcNS0Y44tFKuFT2DW6GU6qvn8QakF0v\/agG4X6OHdEzRv\/me1bjrvJsVUw818hI+i4NyaJfA==\">Prof. Dr. M. Hakan Hocao\u011flu<\/a><br \/>\nDean of the Faculty of Engineering<\/p>\n","protected":false},"excerpt":{"rendered":"<p>Our Faculty of Engineering, which was founded with the establishment of our University in 2001, maintains academic flexibility and can carry out interdisciplinary studies, which are indispensable for the information age, both at the undergraduate and graduate level, takes an active and decisive role in scientific and social activities both nationally and internationally, and is [&hellip;]<\/p>\n","protected":false},"author":149,"featured_media":0,"parent":0,"menu_order":0,"comment_status":"closed","ping_status":"closed","template":"genel_sayfa.php","meta":{"footnotes":""},"yoast_head":"<!-- This site is optimized with the Yoast SEO Premium plugin v22.1 (Yoast SEO v22.1) - https:\/\/yoast.com\/wordpress\/plugins\/seo\/ -->\n<title>Dekan Mesaj\u0131- M\u00fchendislik Fak\u00fcltesi<\/title>\n<meta name=\"description\" content=\"\u0130stanbul Ticaret \u00dcniversitesi M\u00fchendislik Fak\u00fcltesi i\u00e7indeki b\u00f6l\u00fcmlerin ve meslek \u00f6zellikleri k\u0131sa tan\u0131m\u0131 i\u00e7erir.\" \/>\n<meta name=\"robots\" content=\"index, follow, max-snippet:-1, max-image-preview:large, max-video-preview:-1\" \/>\n<link rel=\"canonical\" href=\"http:\/\/ticaret.edu.tr\/muhendislik-fakultesi\/en\/dean\/\" \/>\n<meta property=\"og:locale\" content=\"tr_TR\" \/>\n<meta property=\"og:type\" content=\"article\" \/>\n<meta property=\"og:title\" content=\"DEAN\" \/>\n<meta property=\"og:description\" content=\"\u0130stanbul Ticaret \u00dcniversitesi M\u00fchendislik Fak\u00fcltesi i\u00e7indeki b\u00f6l\u00fcmlerin ve meslek \u00f6zellikleri k\u0131sa tan\u0131m\u0131 i\u00e7erir.\" \/>\n<meta property=\"og:url\" content=\"http:\/\/ticaret.edu.tr\/muhendislik-fakultesi\/en\/dean\/\" \/>\n<meta property=\"og:site_name\" content=\"M\u00fchendislik Fak\u00fcltesi\" \/>\n<meta property=\"article:publisher\" content=\"https:\/\/www.facebook.com\/ticaretedutr\" \/>\n<meta property=\"article:modified_time\" content=\"2025-02-11T12:21:21+00:00\" \/>\n<meta property=\"og:image\" content=\"http:\/\/ticaret.edu.tr\/muhendislik-fakultesi\/wp-content\/uploads\/sites\/5\/2021\/11\/web_logo-01.jpg\" \/>\n\t<meta property=\"og:image:width\" content=\"1250\" \/>\n\t<meta property=\"og:image:height\" content=\"833\" \/>\n\t<meta property=\"og:image:type\" content=\"image\/jpeg\" \/>\n<meta name=\"twitter:card\" content=\"summary_large_image\" \/>\n<meta name=\"twitter:site\" content=\"@ticaretedutr\" \/>\n<meta name=\"twitter:label1\" content=\"Tahmini okuma s\u00fcresi\" \/>\n\t<meta name=\"twitter:data1\" content=\"2 dakika\" \/>\n<script type=\"application\/ld+json\" class=\"yoast-schema-graph\">{\"@context\":\"https:\/\/schema.org\",\"@graph\":[{\"@type\":\"WebPage\",\"@id\":\"http:\/\/ticaret.edu.tr\/muhendislik-fakultesi\/en\/dean\/\",\"url\":\"http:\/\/ticaret.edu.tr\/muhendislik-fakultesi\/en\/dean\/\",\"name\":\"Dekan Mesaj\u0131- M\u00fchendislik Fak\u00fcltesi\",\"isPartOf\":{\"@id\":\"http:\/\/ticaret.edu.tr\/muhendislik-fakultesi\/en\/#website\"},\"datePublished\":\"2022-01-04T11:26:19+00:00\",\"dateModified\":\"2025-02-11T12:21:21+00:00\",\"description\":\"\u0130stanbul Ticaret \u00dcniversitesi M\u00fchendislik Fak\u00fcltesi i\u00e7indeki b\u00f6l\u00fcmlerin ve meslek \u00f6zellikleri k\u0131sa tan\u0131m\u0131 i\u00e7erir.\",\"breadcrumb\":{\"@id\":\"http:\/\/ticaret.edu.tr\/muhendislik-fakultesi\/en\/dean\/#breadcrumb\"},\"inLanguage\":\"tr\",\"potentialAction\":[{\"@type\":\"ReadAction\",\"target\":[\"http:\/\/ticaret.edu.tr\/muhendislik-fakultesi\/en\/dean\/\"]}]},{\"@type\":\"BreadcrumbList\",\"@id\":\"http:\/\/ticaret.edu.tr\/muhendislik-fakultesi\/en\/dean\/#breadcrumb\",\"itemListElement\":[{\"@type\":\"ListItem\",\"position\":1,\"name\":\"Ana sayfa\",\"item\":\"https:\/\/ticaret.edu.tr\/muhendislik-fakultesi\/\"},{\"@type\":\"ListItem\",\"position\":2,\"name\":\"DEAN\"}]},{\"@type\":\"WebSite\",\"@id\":\"http:\/\/ticaret.edu.tr\/muhendislik-fakultesi\/en\/#website\",\"url\":\"http:\/\/ticaret.edu.tr\/muhendislik-fakultesi\/en\/\",\"name\":\"M\u00fchendislik Fak\u00fcltesi\",\"description\":\"\",\"potentialAction\":[{\"@type\":\"SearchAction\",\"target\":{\"@type\":\"EntryPoint\",\"urlTemplate\":\"http:\/\/ticaret.edu.tr\/muhendislik-fakultesi\/en\/?s={search_term_string}\"},\"query-input\":\"required name=search_term_string\"}],\"inLanguage\":\"tr\"}]}<\/script>\n<!-- \/ Yoast SEO Premium plugin. -->","yoast_head_json":{"title":"Dekan Mesaj\u0131- M\u00fchendislik Fak\u00fcltesi","description":"\u0130stanbul Ticaret \u00dcniversitesi M\u00fchendislik Fak\u00fcltesi i\u00e7indeki b\u00f6l\u00fcmlerin ve meslek \u00f6zellikleri k\u0131sa tan\u0131m\u0131 i\u00e7erir.","robots":{"index":"index","follow":"follow","max-snippet":"max-snippet:-1","max-image-preview":"max-image-preview:large","max-video-preview":"max-video-preview:-1"},"canonical":"http:\/\/ticaret.edu.tr\/muhendislik-fakultesi\/en\/dean\/","og_locale":"tr_TR","og_type":"article","og_title":"DEAN","og_description":"\u0130stanbul Ticaret \u00dcniversitesi M\u00fchendislik Fak\u00fcltesi i\u00e7indeki b\u00f6l\u00fcmlerin ve meslek \u00f6zellikleri k\u0131sa tan\u0131m\u0131 i\u00e7erir.","og_url":"http:\/\/ticaret.edu.tr\/muhendislik-fakultesi\/en\/dean\/","og_site_name":"M\u00fchendislik Fak\u00fcltesi","article_publisher":"https:\/\/www.facebook.com\/ticaretedutr","article_modified_time":"2025-02-11T12:21:21+00:00","og_image":[{"width":1250,"height":833,"url":"http:\/\/ticaret.edu.tr\/muhendislik-fakultesi\/wp-content\/uploads\/sites\/5\/2021\/11\/web_logo-01.jpg","type":"image\/jpeg"}],"twitter_card":"summary_large_image","twitter_site":"@ticaretedutr","twitter_misc":{"Tahmini okuma s\u00fcresi":"2 dakika"},"schema":{"@context":"https:\/\/schema.org","@graph":[{"@type":"WebPage","@id":"http:\/\/ticaret.edu.tr\/muhendislik-fakultesi\/en\/dean\/","url":"http:\/\/ticaret.edu.tr\/muhendislik-fakultesi\/en\/dean\/","name":"Dekan Mesaj\u0131- M\u00fchendislik Fak\u00fcltesi","isPartOf":{"@id":"http:\/\/ticaret.edu.tr\/muhendislik-fakultesi\/en\/#website"},"datePublished":"2022-01-04T11:26:19+00:00","dateModified":"2025-02-11T12:21:21+00:00","description":"\u0130stanbul Ticaret \u00dcniversitesi M\u00fchendislik Fak\u00fcltesi i\u00e7indeki b\u00f6l\u00fcmlerin ve meslek \u00f6zellikleri k\u0131sa tan\u0131m\u0131 i\u00e7erir.","breadcrumb":{"@id":"http:\/\/ticaret.edu.tr\/muhendislik-fakultesi\/en\/dean\/#breadcrumb"},"inLanguage":"tr","potentialAction":[{"@type":"ReadAction","target":["http:\/\/ticaret.edu.tr\/muhendislik-fakultesi\/en\/dean\/"]}]},{"@type":"BreadcrumbList","@id":"http:\/\/ticaret.edu.tr\/muhendislik-fakultesi\/en\/dean\/#breadcrumb","itemListElement":[{"@type":"ListItem","position":1,"name":"Ana sayfa","item":"https:\/\/ticaret.edu.tr\/muhendislik-fakultesi\/"},{"@type":"ListItem","position":2,"name":"DEAN"}]},{"@type":"WebSite","@id":"http:\/\/ticaret.edu.tr\/muhendislik-fakultesi\/en\/#website","url":"http:\/\/ticaret.edu.tr\/muhendislik-fakultesi\/en\/","name":"M\u00fchendislik Fak\u00fcltesi","description":"","potentialAction":[{"@type":"SearchAction","target":{"@type":"EntryPoint","urlTemplate":"http:\/\/ticaret.edu.tr\/muhendislik-fakultesi\/en\/?s={search_term_string}"},"query-input":"required name=search_term_string"}],"inLanguage":"tr"}]}},"lang":"en","translations":{"en":324,"tr":15},"pll_sync_post":[],"_links":{"self":[{"href":"http:\/\/ticaret.edu.tr\/muhendislik-fakultesi\/wp-json\/wp\/v2\/pages\/324"}],"collection":[{"href":"http:\/\/ticaret.edu.tr\/muhendislik-fakultesi\/wp-json\/wp\/v2\/pages"}],"about":[{"href":"http:\/\/ticaret.edu.tr\/muhendislik-fakultesi\/wp-json\/wp\/v2\/types\/page"}],"author":[{"embeddable":true,"href":"http:\/\/ticaret.edu.tr\/muhendislik-fakultesi\/wp-json\/wp\/v2\/users\/149"}],"replies":[{"embeddable":true,"href":"http:\/\/ticaret.edu.tr\/muhendislik-fakultesi\/wp-json\/wp\/v2\/comments?post=324"}],"version-history":[{"count":9,"href":"http:\/\/ticaret.edu.tr\/muhendislik-fakultesi\/wp-json\/wp\/v2\/pages\/324\/revisions"}],"predecessor-version":[{"id":387,"href":"http:\/\/ticaret.edu.tr\/muhendislik-fakultesi\/wp-json\/wp\/v2\/pages\/324\/revisions\/387"}],"wp:attachment":[{"href":"http:\/\/ticaret.edu.tr\/muhendislik-fakultesi\/wp-json\/wp\/v2\/media?parent=324"}],"curies":[{"name":"wp","href":"https:\/\/api.w.org\/{rel}","templated":true}]}}