{"id":27,"date":"2021-06-16T13:47:47","date_gmt":"2021-06-16T10:47:47","guid":{"rendered":"http:\/\/ticaret.edu.tr\/ogrenciisleri\/?page_id=27"},"modified":"2026-04-01T11:14:23","modified_gmt":"2026-04-01T08:14:23","slug":"bizi-taniyin","status":"publish","type":"page","link":"http:\/\/ticaret.edu.tr\/ogrenci-isleri-daire-baskanligi\/bizi-taniyin\/","title":{"rendered":"Bizi Tan\u0131y\u0131n"},"content":{"rendered":"<p style=\"text-align: center;\"><strong>\u00d6\u011eRENC\u0130 \u0130\u015eLER\u0130 DA\u0130RE BA\u015eKANLI\u011eI PERSONEL\u0130<\/strong><\/p>\n<table style=\"width=\"100%;\">\n<tbody>\n<tr>\n<td width=\"208\"><strong>SORUMLU OLDU\u011eU FAK\u00dcLTE\/MYO<\/strong><\/td>\n<td width=\"132\"><strong>ADI VE SOYADI<\/strong><\/td>\n<td width=\"182\"><strong>MA\u0130L ADRES\u0130<\/strong><\/td>\n<td width=\"83\"><strong>DAH\u0130L\u0130 TELEFON<\/strong><\/td>\n<\/tr>\n<tr>\n<td width=\"208\">Daire Ba\u015fkan\u0131<\/td>\n<td width=\"132\">A\u015fk\u0131m BAYRAMO\u011eLU<\/td>\n<td width=\"182\"><a href=\"mailto:aemanet@ticaret.edu.tr\">aemanet@ticaret.edu.tr<\/a><\/td>\n<td width=\"83\">4434<\/td>\n<\/tr>\n<tr>\n<td width=\"208\">M\u00fcd\u00fcr V.<\/td>\n<td width=\"132\">G\u00f6k\u00e7e HASCAN<\/td>\n<td width=\"182\"><a href=\"mailto:ghascan@ticaret.edu.tr\">ghascan@ticaret.edu.tr<\/a><\/td>\n<td width=\"83\">4432<\/td>\n<\/tr>\n<tr>\n<td width=\"208\">\u015eef<\/td>\n<td width=\"132\">Nesrin SARICI<\/td>\n<td width=\"182\"><a href=\"mailto:nsarici@ticaret.edu.tr\">nsarici@ticaret.edu.tr<\/a><\/td>\n<td width=\"83\">4425<\/td>\n<\/tr>\n<tr>\n<td width=\"208\">\u00d6\u011frenci \u0130\u015fleri ile T\u00fcm \u0130\u015flemler (Burs, Kay\u0131t \u0130\u015flemleri ve Yaz\u0131\u015fmalar<\/td>\n<td width=\"132\">Tansu KARAB\u0130BER<\/td>\n<td width=\"182\"><a href=\"mailto:tkarabiber@ticaret.edu.tr\">tkarabiber@ticaret.edu.tr<\/a><\/td>\n<td width=\"83\">4435<\/td>\n<\/tr>\n<tr>\n<td width=\"208\">Hukuk Fak\u00fcltesi<\/td>\n<td width=\"132\">Can T\u00dcMERO\u011eLU<\/td>\n<td width=\"182\"><a href=\"mailto:ctumeroglu@ticaret.edu.tr\">ctumeroglu@ticaret.edu.tr<\/a><\/td>\n<td width=\"83\">4424<\/td>\n<\/tr>\n<tr>\n<td width=\"208\">\u0130leti\u015fim Fak\u00fcltesi<\/td>\n<td width=\"132\">Nesrin BA\u011eIRMAZ<\/td>\n<td width=\"182\"><a href=\"mailto:yemet@ticaret.edu.tr\">nbagirmaz@ticaret.edu.tr<\/a><\/td>\n<td width=\"83\">4428<\/td>\n<\/tr>\n<tr>\n<td width=\"208\">\u0130nsan ve Toplum Bilimleri Fak\u00fcltesi<\/td>\n<td width=\"132\">Nur\u015fah YES\u0130R<\/td>\n<td width=\"182\"><a href=\"mailto:anaslan@ticaret.edu.tr\">nbulutoglu@ticaret.edu.tr<\/a><\/td>\n<td width=\"83\">4445<\/td>\n<\/tr>\n<tr>\n<td rowspan=\"2\" width=\"208\">\u0130\u015fletme Fak\u00fcltesi<\/td>\n<td width=\"132\">Nesrin SARICI<\/td>\n<td width=\"182\"><a href=\"mailto:nsarici@ticaret.edu.tr\">nsarici@ticaret.edu.tr<\/a><\/td>\n<td width=\"83\">4425<\/td>\n<\/tr>\n<tr>\n<td width=\"132\">\u0130lker YILDIRIM<\/td>\n<td width=\"182\"><a href=\"mailto:iyildirim@ticaret.edu.tr\">iyildirim@ticaret.edu.tr<\/a><\/td>\n<td width=\"83\">4468<\/td>\n<\/tr>\n<tr>\n<td rowspan=\"2\" width=\"208\">Mimarl\u0131k ve Tasar\u0131m Fak\u00fcltesi<\/td>\n<td width=\"132\">Bur\u00e7in SARI AGOPYAN<\/td>\n<td width=\"182\"><a href=\"mailto:bsari@ticaret.edu.tr\">bsari@ticaret.edu.tr<\/a><\/td>\n<td width=\"83\">4756<\/td>\n<\/tr>\n<tr>\n<td width=\"132\">Ahmet Nuri ASLAN<\/td>\n<td width=\"182\"><a href=\"mailto:anaslan@ticaret.edu.tr\">anaslan@ticaret.edu.tr<\/a><\/td>\n<td width=\"83\">4431<\/td>\n<\/tr>\n<tr>\n<td rowspan=\"2\" width=\"208\">Meslek Y\u00fcksekokulu<\/td>\n<td width=\"132\">Bur\u00e7in SARI AGOPYAN<\/td>\n<td width=\"182\"><a href=\"mailto:bsari@ticaret.edu.tr\">bsari@ticaret.edu.tr<\/a><\/td>\n<td width=\"83\">4756<\/td>\n<\/tr>\n<tr>\n<td width=\"132\">Ahmet Nuri ASLAN<\/td>\n<td width=\"182\"><a href=\"mailto:anaslan@ticaret.edu.tr\">anaslan@ticaret.edu.tr<\/a><\/td>\n<td width=\"83\">4431<\/td>\n<\/tr>\n<tr>\n<td width=\"208\">M\u00fchendislik Fak\u00fcltesi<\/td>\n<td width=\"132\">Yekta EMET<\/td>\n<td width=\"182\"><a href=\"mailto:yemet@ticaret.edu.tr\">yemet@ticaret.edu.tr<\/a><\/td>\n<td width=\"83\">4427<\/td>\n<\/tr>\n<\/tbody>\n<\/table>\n<p style=\"text-align: center; margin-top: 40px;\"><strong>\u00d6\u011eRENC\u0130 DANI\u015eMA<\/strong><\/p>\n<table style=\"width: 100%;\">\n<tbody>\n<tr>\n<td width=\"208\"><strong>SORUMLU OLDU\u011eU KAMP\u00dcS<\/strong><\/td>\n<td width=\"132\"><strong>ADI VE SOYADI<\/strong><\/td>\n<td width=\"182\"><strong>MA\u0130L ADRES\u0130<\/strong><\/td>\n<td width=\"83\"><strong>DAH\u0130L\u0130 TELEFON<\/strong><\/td>\n<\/tr>\n<tr>\n<td width=\"208\">S\u00e2d\u00e2b\u00e2d Kamp\u00fcs\u00fc S\u00fctl\u00fcce<\/td>\n<td width=\"132\">Didem \u00d6ZTUNA<\/td>\n<td width=\"182\"><a href=\"mailto:doztuna@ticaret.edu.tr\">doztuna@ticaret.edu.tr<\/a><\/td>\n<td width=\"83\">4426<\/td>\n<\/tr>\n<tr>\n<td width=\"208\">Hezarfen Kamp\u00fcs\u00fc K\u00fc\u00e7\u00fckyal\u0131<\/td>\n<td width=\"132\">Ay\u015fenur ORAL<\/td>\n<td width=\"182\"><a href=\"mailto:aoral@ticaret.edu.tr\">aoral@ticaret.edu.tr<\/a><\/td>\n<td width=\"83\">3155<\/td>\n<\/tr>\n<\/tbody>\n<\/table>\n<p><strong>ADRES<\/strong><\/p>\n<p><strong>S\u00e2d\u00e2b\u00e2d Kamp\u00fcs\u00fc S\u00fctl\u00fcce:<\/strong><\/p>\n<p><strong>\u00d6rnektepe Mah. \u0130mrahor Cad. NO:88\/2 BEYO\u011eLU\/\u0130STANBUL\u00a0<\/strong><\/p>\n<p><strong>TELEFON NO: 444 0 413<\/strong><\/p>\n<p><strong>********************************<br \/>\nHezarfen Kamp\u00fcs\u00fc K\u00fc\u00e7\u00fckyal\u0131:<\/strong><\/p>\n<p><strong>Ayd\u0131nevler Mah. \u0130smet \u0130n\u00f6n\u00fc Cad. No: 4 <\/strong><strong>MALTEPE\/\u0130STANBUL 34840<\/strong><\/p>\n<p><strong>TELEFON NO: 444 0 413<\/strong><\/p>\n<p>&nbsp;<\/p>\n<p><strong>Her t\u00fcrl\u00fc a\u015fa\u011f\u0131da belirtilen <\/strong><a href=\"https:\/\/cozummerkezi.ticaret.edu.tr\/\"><strong>cozummerkezi.ticaret.edu.tr<\/strong><\/a>\u2019<strong>den<\/strong> <strong>sorununuzu ve talebinizi bildirebilirsiniz.<\/strong><\/p>\n<p>&nbsp;<\/p>\n","protected":false},"excerpt":{"rendered":"<p>\u00d6\u011eRENC\u0130 \u0130\u015eLER\u0130 DA\u0130RE BA\u015eKANLI\u011eI PERSONEL\u0130<\/p>\n","protected":false},"author":149,"featured_media":0,"parent":0,"menu_order":0,"comment_status":"closed","ping_status":"closed","template":"genel_sayfa.php","meta":{"footnotes":""},"yoast_head":"<!-- This site is optimized with the Yoast SEO Premium plugin v22.1 (Yoast SEO v22.1) - https:\/\/yoast.com\/wordpress\/plugins\/seo\/ -->\n<title>Bizi Tan\u0131y\u0131n - \u00d6\u011frenci \u0130\u015fleri Daire Ba\u015fkanl\u0131\u011f\u0131<\/title>\n<meta name=\"robots\" content=\"index, follow, max-snippet:-1, max-image-preview:large, max-video-preview:-1\" \/>\n<link rel=\"canonical\" href=\"http:\/\/ticaret.edu.tr\/ogrenci-isleri-daire-baskanligi\/bizi-taniyin\/\" \/>\n<meta property=\"og:locale\" content=\"tr_TR\" \/>\n<meta property=\"og:type\" content=\"article\" \/>\n<meta property=\"og:title\" content=\"Bizi Tan\u0131y\u0131n\" \/>\n<meta property=\"og:description\" content=\"\u00d6\u011eRENC\u0130 \u0130\u015eLER\u0130 DA\u0130RE BA\u015eKANLI\u011eI PERSONEL\u0130\" \/>\n<meta property=\"og:url\" content=\"http:\/\/ticaret.edu.tr\/ogrenci-isleri-daire-baskanligi\/bizi-taniyin\/\" \/>\n<meta property=\"og:site_name\" content=\"\u00d6\u011frenci \u0130\u015fleri Daire Ba\u015fkanl\u0131\u011f\u0131\" \/>\n<meta property=\"article:publisher\" content=\"https:\/\/www.facebook.com\/ticaretedutr\" \/>\n<meta property=\"article:modified_time\" content=\"2026-04-01T08:14:23+00:00\" \/>\n<meta property=\"og:image\" content=\"http:\/\/ticaret.edu.tr\/ogrenci-isleri-daire-baskanligi\/wp-content\/uploads\/sites\/68\/2021\/11\/web_logo-01.jpg\" \/>\n\t<meta property=\"og:image:width\" content=\"1250\" \/>\n\t<meta property=\"og:image:height\" content=\"833\" \/>\n\t<meta property=\"og:image:type\" content=\"image\/jpeg\" \/>\n<meta name=\"twitter:card\" content=\"summary_large_image\" \/>\n<meta name=\"twitter:site\" content=\"@ticaretedutr\" \/>\n<meta name=\"twitter:label1\" content=\"Tahmini okuma s\u00fcresi\" \/>\n\t<meta name=\"twitter:data1\" content=\"2 dakika\" \/>\n<script type=\"application\/ld+json\" class=\"yoast-schema-graph\">{\"@context\":\"https:\/\/schema.org\",\"@graph\":[{\"@type\":\"WebPage\",\"@id\":\"http:\/\/ticaret.edu.tr\/ogrenci-isleri-daire-baskanligi\/bizi-taniyin\/\",\"url\":\"http:\/\/ticaret.edu.tr\/ogrenci-isleri-daire-baskanligi\/bizi-taniyin\/\",\"name\":\"Bizi Tan\u0131y\u0131n - \u00d6\u011frenci \u0130\u015fleri Daire Ba\u015fkanl\u0131\u011f\u0131\",\"isPartOf\":{\"@id\":\"https:\/\/ticaret.edu.tr\/ogrenci-isleri-daire-baskanligi\/#website\"},\"datePublished\":\"2021-06-16T10:47:47+00:00\",\"dateModified\":\"2026-04-01T08:14:23+00:00\",\"breadcrumb\":{\"@id\":\"http:\/\/ticaret.edu.tr\/ogrenci-isleri-daire-baskanligi\/bizi-taniyin\/#breadcrumb\"},\"inLanguage\":\"tr\",\"potentialAction\":[{\"@type\":\"ReadAction\",\"target\":[\"http:\/\/ticaret.edu.tr\/ogrenci-isleri-daire-baskanligi\/bizi-taniyin\/\"]}]},{\"@type\":\"BreadcrumbList\",\"@id\":\"http:\/\/ticaret.edu.tr\/ogrenci-isleri-daire-baskanligi\/bizi-taniyin\/#breadcrumb\",\"itemListElement\":[{\"@type\":\"ListItem\",\"position\":1,\"name\":\"Anasayfa\",\"item\":\"https:\/\/ticaret.edu.tr\/ogrenci-isleri-daire-baskanligi\/\"},{\"@type\":\"ListItem\",\"position\":2,\"name\":\"Bizi Tan\u0131y\u0131n\"}]},{\"@type\":\"WebSite\",\"@id\":\"https:\/\/ticaret.edu.tr\/ogrenci-isleri-daire-baskanligi\/#website\",\"url\":\"https:\/\/ticaret.edu.tr\/ogrenci-isleri-daire-baskanligi\/\",\"name\":\"\u00d6\u011frenci \u0130\u015fleri Daire Ba\u015fkanl\u0131\u011f\u0131\",\"description\":\"Bir ba\u015fka \u0130stanbul Ticaret \u00dcniversitesi site sitesi\",\"potentialAction\":[{\"@type\":\"SearchAction\",\"target\":{\"@type\":\"EntryPoint\",\"urlTemplate\":\"https:\/\/ticaret.edu.tr\/ogrenci-isleri-daire-baskanligi\/?s={search_term_string}\"},\"query-input\":\"required name=search_term_string\"}],\"inLanguage\":\"tr\"}]}<\/script>\n<!-- \/ Yoast SEO Premium plugin. -->","yoast_head_json":{"title":"Bizi Tan\u0131y\u0131n - \u00d6\u011frenci \u0130\u015fleri Daire Ba\u015fkanl\u0131\u011f\u0131","robots":{"index":"index","follow":"follow","max-snippet":"max-snippet:-1","max-image-preview":"max-image-preview:large","max-video-preview":"max-video-preview:-1"},"canonical":"http:\/\/ticaret.edu.tr\/ogrenci-isleri-daire-baskanligi\/bizi-taniyin\/","og_locale":"tr_TR","og_type":"article","og_title":"Bizi Tan\u0131y\u0131n","og_description":"\u00d6\u011eRENC\u0130 \u0130\u015eLER\u0130 DA\u0130RE BA\u015eKANLI\u011eI PERSONEL\u0130","og_url":"http:\/\/ticaret.edu.tr\/ogrenci-isleri-daire-baskanligi\/bizi-taniyin\/","og_site_name":"\u00d6\u011frenci \u0130\u015fleri Daire Ba\u015fkanl\u0131\u011f\u0131","article_publisher":"https:\/\/www.facebook.com\/ticaretedutr","article_modified_time":"2026-04-01T08:14:23+00:00","og_image":[{"width":1250,"height":833,"url":"http:\/\/ticaret.edu.tr\/ogrenci-isleri-daire-baskanligi\/wp-content\/uploads\/sites\/68\/2021\/11\/web_logo-01.jpg","type":"image\/jpeg"}],"twitter_card":"summary_large_image","twitter_site":"@ticaretedutr","twitter_misc":{"Tahmini okuma s\u00fcresi":"2 dakika"},"schema":{"@context":"https:\/\/schema.org","@graph":[{"@type":"WebPage","@id":"http:\/\/ticaret.edu.tr\/ogrenci-isleri-daire-baskanligi\/bizi-taniyin\/","url":"http:\/\/ticaret.edu.tr\/ogrenci-isleri-daire-baskanligi\/bizi-taniyin\/","name":"Bizi Tan\u0131y\u0131n - \u00d6\u011frenci \u0130\u015fleri Daire Ba\u015fkanl\u0131\u011f\u0131","isPartOf":{"@id":"https:\/\/ticaret.edu.tr\/ogrenci-isleri-daire-baskanligi\/#website"},"datePublished":"2021-06-16T10:47:47+00:00","dateModified":"2026-04-01T08:14:23+00:00","breadcrumb":{"@id":"http:\/\/ticaret.edu.tr\/ogrenci-isleri-daire-baskanligi\/bizi-taniyin\/#breadcrumb"},"inLanguage":"tr","potentialAction":[{"@type":"ReadAction","target":["http:\/\/ticaret.edu.tr\/ogrenci-isleri-daire-baskanligi\/bizi-taniyin\/"]}]},{"@type":"BreadcrumbList","@id":"http:\/\/ticaret.edu.tr\/ogrenci-isleri-daire-baskanligi\/bizi-taniyin\/#breadcrumb","itemListElement":[{"@type":"ListItem","position":1,"name":"Anasayfa","item":"https:\/\/ticaret.edu.tr\/ogrenci-isleri-daire-baskanligi\/"},{"@type":"ListItem","position":2,"name":"Bizi Tan\u0131y\u0131n"}]},{"@type":"WebSite","@id":"https:\/\/ticaret.edu.tr\/ogrenci-isleri-daire-baskanligi\/#website","url":"https:\/\/ticaret.edu.tr\/ogrenci-isleri-daire-baskanligi\/","name":"\u00d6\u011frenci \u0130\u015fleri Daire Ba\u015fkanl\u0131\u011f\u0131","description":"Bir ba\u015fka \u0130stanbul Ticaret \u00dcniversitesi site sitesi","potentialAction":[{"@type":"SearchAction","target":{"@type":"EntryPoint","urlTemplate":"https:\/\/ticaret.edu.tr\/ogrenci-isleri-daire-baskanligi\/?s={search_term_string}"},"query-input":"required name=search_term_string"}],"inLanguage":"tr"}]}},"lang":"tr","translations":{"tr":27},"pll_sync_post":[],"_links":{"self":[{"href":"http:\/\/ticaret.edu.tr\/ogrenci-isleri-daire-baskanligi\/wp-json\/wp\/v2\/pages\/27"}],"collection":[{"href":"http:\/\/ticaret.edu.tr\/ogrenci-isleri-daire-baskanligi\/wp-json\/wp\/v2\/pages"}],"about":[{"href":"http:\/\/ticaret.edu.tr\/ogrenci-isleri-daire-baskanligi\/wp-json\/wp\/v2\/types\/page"}],"author":[{"embeddable":true,"href":"http:\/\/ticaret.edu.tr\/ogrenci-isleri-daire-baskanligi\/wp-json\/wp\/v2\/users\/149"}],"replies":[{"embeddable":true,"href":"http:\/\/ticaret.edu.tr\/ogrenci-isleri-daire-baskanligi\/wp-json\/wp\/v2\/comments?post=27"}],"version-history":[{"count":56,"href":"http:\/\/ticaret.edu.tr\/ogrenci-isleri-daire-baskanligi\/wp-json\/wp\/v2\/pages\/27\/revisions"}],"predecessor-version":[{"id":812,"href":"http:\/\/ticaret.edu.tr\/ogrenci-isleri-daire-baskanligi\/wp-json\/wp\/v2\/pages\/27\/revisions\/812"}],"wp:attachment":[{"href":"http:\/\/ticaret.edu.tr\/ogrenci-isleri-daire-baskanligi\/wp-json\/wp\/v2\/media?parent=27"}],"curies":[{"name":"wp","href":"https:\/\/api.w.org\/{rel}","templated":true}]}}