{"id":381,"date":"2023-03-07T09:46:09","date_gmt":"2023-03-07T06:46:09","guid":{"rendered":"https:\/\/ticaret.edu.tr\/ogrenci-isleri-daire-baskanligi\/?page_id=381"},"modified":"2025-02-28T14:28:39","modified_gmt":"2025-02-28T11:28:39","slug":"ogrenci-belgesi-ve-transkript-talebi-olusturma","status":"publish","type":"page","link":"http:\/\/ticaret.edu.tr\/ogrenci-isleri-daire-baskanligi\/ogrenci-belgesi-ve-transkript-talebi-olusturma\/","title":{"rendered":"\u00d6\u011eRENC\u0130 BELGES\u0130 VE TRANSKR\u0130PT TALEB\u0130 OLU\u015eTURMA"},"content":{"rendered":"<p>\u00d6\u011frenci Belgesi, Transkript ve di\u011fer belge talepleriniz i\u00e7in 2 g\u00fcn \u00f6nce \u00d6\u011frenci Bilgi Sistemi (\u00d6BS) \u00fczerinden a\u015fa\u011f\u0131da belirtilen \u015fekilde ba\u015fvuru yap\u0131lmas\u0131 gerekmektedir:<\/p>\n<p><strong>Not: Ders kay\u0131tlar\u0131n\u0131 ger\u00e7ekle\u015ftirerek \u00f6\u011frencilik stat\u00fcs\u00fc \u201cAktif\u201d \u00a0olan \u00f6\u011frencilerimiz \u00f6\u011frenci belgesi ve transkript taleplerini e-devlet \u00fczerinden de temin edebilirler.<\/strong><\/p>\n<p>\u00d6\u011frenci Bilgi Sistemine giri\u015f i\u00e7in ve kullan\u0131c\u0131 ad\u0131n\u0131z\u0131 \u00f6\u011frenmek i\u00e7in \u00dcniversitemizin resm\u00ee web sitesini (<a href=\"http:\/\/www.ticaret.edu.tr\">www.ticaret.edu.tr<\/a>) ziyaret ederek \u00d6\u011frenci ba\u015fl\u0131\u011f\u0131 alt\u0131nda yer alan KULLANICI ADI SORGULAMA butonuna bas\u0131n\u0131z. T.C. Kimlik numaran\u0131z ile \u00d6BS Kullan\u0131c\u0131 ad\u0131 ve e-posta adresinizi \u00f6\u011frenebilirsiniz.<\/p>\n<ol>\n<li>\u00d6\u011frenci Belgesi ve Transkript Belge taleplerinizi \u00d6BS \u00fczerinden a\u015fa\u011f\u0131daki \u201cBelge Talebi\u201d ba\u015fl\u0131\u011f\u0131nda belirtilen ad\u0131mlar\u0131 izleyerek talep olu\u015fturabilirsiniz.<\/li>\n<li>Talep Eden Kurum Ad\u0131\u2019 ve \u2018Talep Nedeni\u2019 alanlar\u0131n\u0131 doldurduktan sonra \u2018Belge T\u00fcr\u00fc\/Tipi\u2019 se\u00e7iniz.<\/li>\n<li>Belgeler ile ilgili talep adedi ve eklemek istedi\u011finiz ekstra a\u00e7\u0131klama var ise mutlaka \u2018Talep Nedeni\u2019 alan\u0131nda belirtiniz. \u00d6rne\u011fin; \u2018Belgemin \u2026. mail adresine g\u00f6nderilmesini istiyorum.\u2019 , \u2018\u00d6\u011frenci belgesinde \u00d6SYM bursumun belirtilmesini istiyorum.\u2019 vb..<\/li>\n<li>Belge taleplerinizin mail olarak taraf\u0131n\u0131za ula\u015fmas\u0131n\u0131 istemeniz halinde, Talep Nedeni k\u0131sm\u0131na aktif mail adresinizi de yazarak mutlaka belirtiniz.<\/li>\n<li>Belge talebi olu\u015ftururken \u201cTalep Nedeni\u201d k\u0131sm\u0131na hangi belgeyi hangi dilde istedi\u011finizi net bir \u015fekilde belirtmeniz gerekmektedir. Aksi takdirde belge talebi ba\u015fvurusunda bulunmu\u015f olmayacaks\u0131n\u0131z.<\/li>\n<li>\u2018Belge Talebi g\u00f6nder\u2019 butonuna basarak talebinizi ger\u00e7ekle\u015ftiriniz.<\/li>\n<li>Talep etmi\u015f oldu\u011funuz belgelerinizi 2 i\u015f g\u00fcn\u00fc i\u00e7erisinde S\u00fctl\u00fcce (\u0130\u015fletme\/Hukuk\/\u0130leti\u015fim\/\u0130nsan ve Toplum Bilimleri) &amp; K\u00fc\u00e7\u00fckyal\u0131 (Haz\u0131rl\u0131k Okulu\/Mimarl\u0131k\/M\u00fchendislik\/MYO) Kamp\u00fcsleri \u00d6\u011frenci \u0130\u015fleri birimlerinden \u015fahsen teslim alabilirsiniz.<\/li>\n<li>Belgeniz reddedildi\u011finde ret nedeni do\u011frultusunda tekrar talep olu\u015fturabilirsiniz.<\/li>\n<\/ol>\n<p><a href=\"http:\/\/ticaret.edu.tr\/ogrenci-isleri-daire-baskanligi\/wp-content\/uploads\/sites\/68\/2023\/09\/Belge-Talebi-Hk.pdf\"><strong>Belge Talebi<\/strong><\/a><\/p>\n<p>&nbsp;<\/p>\n","protected":false},"excerpt":{"rendered":"<p>\u00d6\u011frenci Belgesi, Transkript ve di\u011fer belge talepleriniz i\u00e7in 2 g\u00fcn \u00f6nce \u00d6\u011frenci Bilgi Sistemi (\u00d6BS) \u00fczerinden a\u015fa\u011f\u0131da belirtilen \u015fekilde ba\u015fvuru yap\u0131lmas\u0131 gerekmektedir: Not: Ders kay\u0131tlar\u0131n\u0131 ger\u00e7ekle\u015ftirerek \u00f6\u011frencilik stat\u00fcs\u00fc \u201cAktif\u201d \u00a0olan \u00f6\u011frencilerimiz \u00f6\u011frenci belgesi ve transkript taleplerini e-devlet \u00fczerinden de temin edebilirler. \u00d6\u011frenci Bilgi Sistemine giri\u015f i\u00e7in ve kullan\u0131c\u0131 ad\u0131n\u0131z\u0131 \u00f6\u011frenmek i\u00e7in \u00dcniversitemizin resm\u00ee web sitesini [&hellip;]<\/p>\n","protected":false},"author":149,"featured_media":0,"parent":0,"menu_order":0,"comment_status":"closed","ping_status":"closed","template":"genel_sayfa.php","meta":{"footnotes":""},"yoast_head":"<!-- This site is optimized with the Yoast SEO Premium plugin v22.1 (Yoast SEO v22.1) - https:\/\/yoast.com\/wordpress\/plugins\/seo\/ -->\n<title>\u00d6\u011eRENC\u0130 BELGES\u0130 VE TRANSKR\u0130PT TALEB\u0130 OLU\u015eTURMA - \u00d6\u011frenci \u0130\u015fleri Daire Ba\u015fkanl\u0131\u011f\u0131<\/title>\n<meta name=\"robots\" content=\"index, follow, max-snippet:-1, max-image-preview:large, max-video-preview:-1\" \/>\n<link rel=\"canonical\" href=\"http:\/\/ticaret.edu.tr\/ogrenci-isleri-daire-baskanligi\/ogrenci-belgesi-ve-transkript-talebi-olusturma\/\" \/>\n<meta property=\"og:locale\" content=\"tr_TR\" \/>\n<meta property=\"og:type\" content=\"article\" \/>\n<meta property=\"og:title\" content=\"\u00d6\u011eRENC\u0130 BELGES\u0130 VE TRANSKR\u0130PT TALEB\u0130 OLU\u015eTURMA\" \/>\n<meta property=\"og:description\" content=\"\u00d6\u011frenci Belgesi, Transkript ve di\u011fer belge talepleriniz i\u00e7in 2 g\u00fcn \u00f6nce \u00d6\u011frenci Bilgi Sistemi (\u00d6BS) \u00fczerinden a\u015fa\u011f\u0131da belirtilen \u015fekilde ba\u015fvuru yap\u0131lmas\u0131 gerekmektedir: Not: Ders kay\u0131tlar\u0131n\u0131 ger\u00e7ekle\u015ftirerek \u00f6\u011frencilik stat\u00fcs\u00fc \u201cAktif\u201d \u00a0olan \u00f6\u011frencilerimiz \u00f6\u011frenci belgesi ve transkript taleplerini e-devlet \u00fczerinden de temin edebilirler. \u00d6\u011frenci Bilgi Sistemine giri\u015f i\u00e7in ve kullan\u0131c\u0131 ad\u0131n\u0131z\u0131 \u00f6\u011frenmek i\u00e7in \u00dcniversitemizin resm\u00ee web sitesini [&hellip;]\" \/>\n<meta property=\"og:url\" content=\"http:\/\/ticaret.edu.tr\/ogrenci-isleri-daire-baskanligi\/ogrenci-belgesi-ve-transkript-talebi-olusturma\/\" \/>\n<meta property=\"og:site_name\" content=\"\u00d6\u011frenci \u0130\u015fleri Daire Ba\u015fkanl\u0131\u011f\u0131\" \/>\n<meta property=\"article:publisher\" content=\"https:\/\/www.facebook.com\/ticaretedutr\" \/>\n<meta property=\"article:modified_time\" content=\"2025-02-28T11:28:39+00:00\" \/>\n<meta property=\"og:image\" content=\"http:\/\/ticaret.edu.tr\/ogrenci-isleri-daire-baskanligi\/wp-content\/uploads\/sites\/68\/2021\/11\/web_logo-01.jpg\" \/>\n\t<meta property=\"og:image:width\" content=\"1250\" \/>\n\t<meta property=\"og:image:height\" content=\"833\" \/>\n\t<meta property=\"og:image:type\" content=\"image\/jpeg\" \/>\n<meta name=\"twitter:card\" content=\"summary_large_image\" \/>\n<meta name=\"twitter:site\" content=\"@ticaretedutr\" \/>\n<meta name=\"twitter:label1\" content=\"Tahmini okuma s\u00fcresi\" \/>\n\t<meta name=\"twitter:data1\" content=\"1 dakika\" \/>\n<script type=\"application\/ld+json\" class=\"yoast-schema-graph\">{\"@context\":\"https:\/\/schema.org\",\"@graph\":[{\"@type\":\"WebPage\",\"@id\":\"http:\/\/ticaret.edu.tr\/ogrenci-isleri-daire-baskanligi\/ogrenci-belgesi-ve-transkript-talebi-olusturma\/\",\"url\":\"http:\/\/ticaret.edu.tr\/ogrenci-isleri-daire-baskanligi\/ogrenci-belgesi-ve-transkript-talebi-olusturma\/\",\"name\":\"\u00d6\u011eRENC\u0130 BELGES\u0130 VE TRANSKR\u0130PT TALEB\u0130 OLU\u015eTURMA - \u00d6\u011frenci \u0130\u015fleri Daire Ba\u015fkanl\u0131\u011f\u0131\",\"isPartOf\":{\"@id\":\"https:\/\/ticaret.edu.tr\/ogrenci-isleri-daire-baskanligi\/#website\"},\"datePublished\":\"2023-03-07T06:46:09+00:00\",\"dateModified\":\"2025-02-28T11:28:39+00:00\",\"breadcrumb\":{\"@id\":\"http:\/\/ticaret.edu.tr\/ogrenci-isleri-daire-baskanligi\/ogrenci-belgesi-ve-transkript-talebi-olusturma\/#breadcrumb\"},\"inLanguage\":\"tr\",\"potentialAction\":[{\"@type\":\"ReadAction\",\"target\":[\"http:\/\/ticaret.edu.tr\/ogrenci-isleri-daire-baskanligi\/ogrenci-belgesi-ve-transkript-talebi-olusturma\/\"]}]},{\"@type\":\"BreadcrumbList\",\"@id\":\"http:\/\/ticaret.edu.tr\/ogrenci-isleri-daire-baskanligi\/ogrenci-belgesi-ve-transkript-talebi-olusturma\/#breadcrumb\",\"itemListElement\":[{\"@type\":\"ListItem\",\"position\":1,\"name\":\"Anasayfa\",\"item\":\"https:\/\/ticaret.edu.tr\/ogrenci-isleri-daire-baskanligi\/\"},{\"@type\":\"ListItem\",\"position\":2,\"name\":\"\u00d6\u011eRENC\u0130 BELGES\u0130 VE TRANSKR\u0130PT TALEB\u0130 OLU\u015eTURMA\"}]},{\"@type\":\"WebSite\",\"@id\":\"https:\/\/ticaret.edu.tr\/ogrenci-isleri-daire-baskanligi\/#website\",\"url\":\"https:\/\/ticaret.edu.tr\/ogrenci-isleri-daire-baskanligi\/\",\"name\":\"\u00d6\u011frenci \u0130\u015fleri Daire Ba\u015fkanl\u0131\u011f\u0131\",\"description\":\"Bir ba\u015fka \u0130stanbul Ticaret \u00dcniversitesi site sitesi\",\"potentialAction\":[{\"@type\":\"SearchAction\",\"target\":{\"@type\":\"EntryPoint\",\"urlTemplate\":\"https:\/\/ticaret.edu.tr\/ogrenci-isleri-daire-baskanligi\/?s={search_term_string}\"},\"query-input\":\"required name=search_term_string\"}],\"inLanguage\":\"tr\"}]}<\/script>\n<!-- \/ Yoast SEO Premium plugin. -->","yoast_head_json":{"title":"\u00d6\u011eRENC\u0130 BELGES\u0130 VE TRANSKR\u0130PT TALEB\u0130 OLU\u015eTURMA - \u00d6\u011frenci \u0130\u015fleri Daire Ba\u015fkanl\u0131\u011f\u0131","robots":{"index":"index","follow":"follow","max-snippet":"max-snippet:-1","max-image-preview":"max-image-preview:large","max-video-preview":"max-video-preview:-1"},"canonical":"http:\/\/ticaret.edu.tr\/ogrenci-isleri-daire-baskanligi\/ogrenci-belgesi-ve-transkript-talebi-olusturma\/","og_locale":"tr_TR","og_type":"article","og_title":"\u00d6\u011eRENC\u0130 BELGES\u0130 VE TRANSKR\u0130PT TALEB\u0130 OLU\u015eTURMA","og_description":"\u00d6\u011frenci Belgesi, Transkript ve di\u011fer belge talepleriniz i\u00e7in 2 g\u00fcn \u00f6nce \u00d6\u011frenci Bilgi Sistemi (\u00d6BS) \u00fczerinden a\u015fa\u011f\u0131da belirtilen \u015fekilde ba\u015fvuru yap\u0131lmas\u0131 gerekmektedir: Not: Ders kay\u0131tlar\u0131n\u0131 ger\u00e7ekle\u015ftirerek \u00f6\u011frencilik stat\u00fcs\u00fc \u201cAktif\u201d \u00a0olan \u00f6\u011frencilerimiz \u00f6\u011frenci belgesi ve transkript taleplerini e-devlet \u00fczerinden de temin edebilirler. \u00d6\u011frenci Bilgi Sistemine giri\u015f i\u00e7in ve kullan\u0131c\u0131 ad\u0131n\u0131z\u0131 \u00f6\u011frenmek i\u00e7in \u00dcniversitemizin resm\u00ee web sitesini [&hellip;]","og_url":"http:\/\/ticaret.edu.tr\/ogrenci-isleri-daire-baskanligi\/ogrenci-belgesi-ve-transkript-talebi-olusturma\/","og_site_name":"\u00d6\u011frenci \u0130\u015fleri Daire Ba\u015fkanl\u0131\u011f\u0131","article_publisher":"https:\/\/www.facebook.com\/ticaretedutr","article_modified_time":"2025-02-28T11:28:39+00:00","og_image":[{"width":1250,"height":833,"url":"http:\/\/ticaret.edu.tr\/ogrenci-isleri-daire-baskanligi\/wp-content\/uploads\/sites\/68\/2021\/11\/web_logo-01.jpg","type":"image\/jpeg"}],"twitter_card":"summary_large_image","twitter_site":"@ticaretedutr","twitter_misc":{"Tahmini okuma s\u00fcresi":"1 dakika"},"schema":{"@context":"https:\/\/schema.org","@graph":[{"@type":"WebPage","@id":"http:\/\/ticaret.edu.tr\/ogrenci-isleri-daire-baskanligi\/ogrenci-belgesi-ve-transkript-talebi-olusturma\/","url":"http:\/\/ticaret.edu.tr\/ogrenci-isleri-daire-baskanligi\/ogrenci-belgesi-ve-transkript-talebi-olusturma\/","name":"\u00d6\u011eRENC\u0130 BELGES\u0130 VE TRANSKR\u0130PT TALEB\u0130 OLU\u015eTURMA - \u00d6\u011frenci \u0130\u015fleri Daire Ba\u015fkanl\u0131\u011f\u0131","isPartOf":{"@id":"https:\/\/ticaret.edu.tr\/ogrenci-isleri-daire-baskanligi\/#website"},"datePublished":"2023-03-07T06:46:09+00:00","dateModified":"2025-02-28T11:28:39+00:00","breadcrumb":{"@id":"http:\/\/ticaret.edu.tr\/ogrenci-isleri-daire-baskanligi\/ogrenci-belgesi-ve-transkript-talebi-olusturma\/#breadcrumb"},"inLanguage":"tr","potentialAction":[{"@type":"ReadAction","target":["http:\/\/ticaret.edu.tr\/ogrenci-isleri-daire-baskanligi\/ogrenci-belgesi-ve-transkript-talebi-olusturma\/"]}]},{"@type":"BreadcrumbList","@id":"http:\/\/ticaret.edu.tr\/ogrenci-isleri-daire-baskanligi\/ogrenci-belgesi-ve-transkript-talebi-olusturma\/#breadcrumb","itemListElement":[{"@type":"ListItem","position":1,"name":"Anasayfa","item":"https:\/\/ticaret.edu.tr\/ogrenci-isleri-daire-baskanligi\/"},{"@type":"ListItem","position":2,"name":"\u00d6\u011eRENC\u0130 BELGES\u0130 VE TRANSKR\u0130PT TALEB\u0130 OLU\u015eTURMA"}]},{"@type":"WebSite","@id":"https:\/\/ticaret.edu.tr\/ogrenci-isleri-daire-baskanligi\/#website","url":"https:\/\/ticaret.edu.tr\/ogrenci-isleri-daire-baskanligi\/","name":"\u00d6\u011frenci \u0130\u015fleri Daire Ba\u015fkanl\u0131\u011f\u0131","description":"Bir ba\u015fka \u0130stanbul Ticaret \u00dcniversitesi site sitesi","potentialAction":[{"@type":"SearchAction","target":{"@type":"EntryPoint","urlTemplate":"https:\/\/ticaret.edu.tr\/ogrenci-isleri-daire-baskanligi\/?s={search_term_string}"},"query-input":"required name=search_term_string"}],"inLanguage":"tr"}]}},"lang":"tr","translations":{"en":387,"tr":381},"pll_sync_post":[],"_links":{"self":[{"href":"http:\/\/ticaret.edu.tr\/ogrenci-isleri-daire-baskanligi\/wp-json\/wp\/v2\/pages\/381"}],"collection":[{"href":"http:\/\/ticaret.edu.tr\/ogrenci-isleri-daire-baskanligi\/wp-json\/wp\/v2\/pages"}],"about":[{"href":"http:\/\/ticaret.edu.tr\/ogrenci-isleri-daire-baskanligi\/wp-json\/wp\/v2\/types\/page"}],"author":[{"embeddable":true,"href":"http:\/\/ticaret.edu.tr\/ogrenci-isleri-daire-baskanligi\/wp-json\/wp\/v2\/users\/149"}],"replies":[{"embeddable":true,"href":"http:\/\/ticaret.edu.tr\/ogrenci-isleri-daire-baskanligi\/wp-json\/wp\/v2\/comments?post=381"}],"version-history":[{"count":6,"href":"http:\/\/ticaret.edu.tr\/ogrenci-isleri-daire-baskanligi\/wp-json\/wp\/v2\/pages\/381\/revisions"}],"predecessor-version":[{"id":467,"href":"http:\/\/ticaret.edu.tr\/ogrenci-isleri-daire-baskanligi\/wp-json\/wp\/v2\/pages\/381\/revisions\/467"}],"wp:attachment":[{"href":"http:\/\/ticaret.edu.tr\/ogrenci-isleri-daire-baskanligi\/wp-json\/wp\/v2\/media?parent=381"}],"curies":[{"name":"wp","href":"https:\/\/api.w.org\/{rel}","templated":true}]}}