{"id":387,"date":"2023-03-07T09:50:42","date_gmt":"2023-03-07T06:50:42","guid":{"rendered":"https:\/\/ticaret.edu.tr\/ogrenci-isleri-daire-baskanligi\/?page_id=387"},"modified":"2025-02-28T14:28:41","modified_gmt":"2025-02-28T11:28:41","slug":"student-certificate-and-transciript-request","status":"publish","type":"page","link":"http:\/\/ticaret.edu.tr\/ogrenci-isleri-daire-baskanligi\/en\/student-certificate-and-transciript-request\/","title":{"rendered":"Student Certificate and Transciript Request"},"content":{"rendered":"<p>For your Student Certificate, Transcript and other document requests, it is necessary to apply 2 days in advance via the Student Information System (SIS) as specified below:<\/p>\n<p>Note: Our students whose student status is &#8220;Active&#8221; by completing their course registrations can also obtain their student certificate and transcript requests via e-government.<\/p>\n<p>To log in to the Student Information System and find out your username, please visit the official website of our University (www.ticaret.edu.tr) and click on the USER NAME QUERY button under the Student heading. You can find out your SIS username and e-mail address with your T.R. ID number.<\/p>\n<p>1. You can create your Student Certificate and Transcript Document requests via SIS by following the steps specified in the &#8220;Document Request&#8221; heading below.<\/p>\n<p>2. Select &#8216;Document Type\/Type&#8217; after filling in the &#8216;Requesting Institution Name&#8217; and &#8216;Reason for Request&#8217; fields.<\/p>\n<p>3. Please specify the number of requests for documents and if there is an extra explanation you would like to add, please specify it in the &#8216;Reason for Request&#8217; field. For example; &#8216;I want my document to be sent to &#8230;. e-mail address&#8217;, &#8216;I want my \u00d6SYM scholarship to be indicated on the student document&#8217; etc.<\/p>\n<p>4. If you want your document requests to be sent to you by e-mail, be sure to include your active e-mail address in the Reason for Request section.<\/p>\n<p>5. When creating a document request, you must clearly indicate in the &#8220;Reason for Request&#8221; section which document you want and in which language. Otherwise, you will not be able to apply for a document request.<\/p>\n<p>6. Please click on the &#8216;Submit Document Request&#8217; button to make your request.<\/p>\n<p>7. You can personally receive your requested documents from the Student Affairs units of S\u00fctl\u00fcce (Business Administration\/Law\/Communication\/Human and Social Sciences) &amp; K\u00fc\u00e7\u00fckyal\u0131 (Preparatory School\/Architecture\/Engineering\/MYO) Campuses within 2 business days.<\/p>\n<p>8. When your document is rejected, you can create a request again in line with the reason for rejection.<\/p>\n","protected":false},"excerpt":{"rendered":"<p>For your Student Certificate, Transcript and other document requests, it is necessary to apply 2 days in advance via the Student Information System (SIS) as specified below: Note: Our students whose student status is &#8220;Active&#8221; by completing their course registrations can also obtain their student certificate and transcript requests via e-government. To log in to [&hellip;]<\/p>\n","protected":false},"author":149,"featured_media":0,"parent":0,"menu_order":0,"comment_status":"closed","ping_status":"closed","template":"genel_sayfa.php","meta":{"footnotes":""},"yoast_head":"<!-- This site is optimized with the Yoast SEO Premium plugin v22.1 (Yoast SEO v22.1) - https:\/\/yoast.com\/wordpress\/plugins\/seo\/ -->\n<title>Student Certificate and Transciript Request - \u00d6\u011frenci \u0130\u015fleri Daire Ba\u015fkanl\u0131\u011f\u0131<\/title>\n<meta name=\"robots\" content=\"index, follow, max-snippet:-1, max-image-preview:large, max-video-preview:-1\" \/>\n<link rel=\"canonical\" href=\"https:\/\/ticaret.edu.tr\/ogrenci-isleri-daire-baskanligi\/en\/student-certificate-and-transciript-request\/\" \/>\n<meta property=\"og:locale\" content=\"tr_TR\" \/>\n<meta property=\"og:type\" content=\"article\" \/>\n<meta property=\"og:title\" content=\"Student Certificate and Transciript Request\" \/>\n<meta property=\"og:description\" content=\"For your Student Certificate, Transcript and other document requests, it is necessary to apply 2 days in advance via the Student Information System (SIS) as specified below: Note: Our students whose student status is &#8220;Active&#8221; by completing their course registrations can also obtain their student certificate and transcript requests via e-government. To log in to [&hellip;]\" \/>\n<meta property=\"og:url\" content=\"https:\/\/ticaret.edu.tr\/ogrenci-isleri-daire-baskanligi\/en\/student-certificate-and-transciript-request\/\" \/>\n<meta property=\"og:site_name\" content=\"\u00d6\u011frenci \u0130\u015fleri Daire Ba\u015fkanl\u0131\u011f\u0131\" \/>\n<meta property=\"article:publisher\" content=\"https:\/\/www.facebook.com\/ticaretedutr\" \/>\n<meta property=\"article:modified_time\" content=\"2025-02-28T11:28:41+00:00\" \/>\n<meta property=\"og:image\" content=\"http:\/\/ticaret.edu.tr\/ogrenci-isleri-daire-baskanligi\/wp-content\/uploads\/sites\/68\/2021\/11\/web_logo-01.jpg\" \/>\n\t<meta property=\"og:image:width\" content=\"1250\" \/>\n\t<meta property=\"og:image:height\" content=\"833\" \/>\n\t<meta property=\"og:image:type\" content=\"image\/jpeg\" \/>\n<meta name=\"twitter:card\" content=\"summary_large_image\" \/>\n<meta name=\"twitter:site\" content=\"@ticaretedutr\" \/>\n<meta name=\"twitter:label1\" content=\"Tahmini okuma s\u00fcresi\" \/>\n\t<meta name=\"twitter:data1\" content=\"2 dakika\" \/>\n<script type=\"application\/ld+json\" class=\"yoast-schema-graph\">{\"@context\":\"https:\/\/schema.org\",\"@graph\":[{\"@type\":\"WebPage\",\"@id\":\"https:\/\/ticaret.edu.tr\/ogrenci-isleri-daire-baskanligi\/en\/student-certificate-and-transciript-request\/\",\"url\":\"https:\/\/ticaret.edu.tr\/ogrenci-isleri-daire-baskanligi\/en\/student-certificate-and-transciript-request\/\",\"name\":\"Student Certificate and Transciript Request - \u00d6\u011frenci \u0130\u015fleri Daire Ba\u015fkanl\u0131\u011f\u0131\",\"isPartOf\":{\"@id\":\"https:\/\/ticaret.edu.tr\/ogrenci-isleri-daire-baskanligi\/#website\"},\"datePublished\":\"2023-03-07T06:50:42+00:00\",\"dateModified\":\"2025-02-28T11:28:41+00:00\",\"breadcrumb\":{\"@id\":\"https:\/\/ticaret.edu.tr\/ogrenci-isleri-daire-baskanligi\/en\/student-certificate-and-transciript-request\/#breadcrumb\"},\"inLanguage\":\"tr\",\"potentialAction\":[{\"@type\":\"ReadAction\",\"target\":[\"https:\/\/ticaret.edu.tr\/ogrenci-isleri-daire-baskanligi\/en\/student-certificate-and-transciript-request\/\"]}]},{\"@type\":\"BreadcrumbList\",\"@id\":\"https:\/\/ticaret.edu.tr\/ogrenci-isleri-daire-baskanligi\/en\/student-certificate-and-transciript-request\/#breadcrumb\",\"itemListElement\":[{\"@type\":\"ListItem\",\"position\":1,\"name\":\"Anasayfa\",\"item\":\"https:\/\/ticaret.edu.tr\/ogrenci-isleri-daire-baskanligi\/\"},{\"@type\":\"ListItem\",\"position\":2,\"name\":\"Student Certificate and Transciript Request\"}]},{\"@type\":\"WebSite\",\"@id\":\"https:\/\/ticaret.edu.tr\/ogrenci-isleri-daire-baskanligi\/#website\",\"url\":\"https:\/\/ticaret.edu.tr\/ogrenci-isleri-daire-baskanligi\/\",\"name\":\"\u00d6\u011frenci \u0130\u015fleri Daire Ba\u015fkanl\u0131\u011f\u0131\",\"description\":\"Bir ba\u015fka \u0130stanbul Ticaret \u00dcniversitesi site sitesi\",\"potentialAction\":[{\"@type\":\"SearchAction\",\"target\":{\"@type\":\"EntryPoint\",\"urlTemplate\":\"https:\/\/ticaret.edu.tr\/ogrenci-isleri-daire-baskanligi\/?s={search_term_string}\"},\"query-input\":\"required name=search_term_string\"}],\"inLanguage\":\"tr\"}]}<\/script>\n<!-- \/ Yoast SEO Premium plugin. -->","yoast_head_json":{"title":"Student Certificate and Transciript Request - \u00d6\u011frenci \u0130\u015fleri Daire Ba\u015fkanl\u0131\u011f\u0131","robots":{"index":"index","follow":"follow","max-snippet":"max-snippet:-1","max-image-preview":"max-image-preview:large","max-video-preview":"max-video-preview:-1"},"canonical":"https:\/\/ticaret.edu.tr\/ogrenci-isleri-daire-baskanligi\/en\/student-certificate-and-transciript-request\/","og_locale":"tr_TR","og_type":"article","og_title":"Student Certificate and Transciript Request","og_description":"For your Student Certificate, Transcript and other document requests, it is necessary to apply 2 days in advance via the Student Information System (SIS) as specified below: Note: Our students whose student status is &#8220;Active&#8221; by completing their course registrations can also obtain their student certificate and transcript requests via e-government. To log in to [&hellip;]","og_url":"https:\/\/ticaret.edu.tr\/ogrenci-isleri-daire-baskanligi\/en\/student-certificate-and-transciript-request\/","og_site_name":"\u00d6\u011frenci \u0130\u015fleri Daire Ba\u015fkanl\u0131\u011f\u0131","article_publisher":"https:\/\/www.facebook.com\/ticaretedutr","article_modified_time":"2025-02-28T11:28:41+00:00","og_image":[{"width":1250,"height":833,"url":"http:\/\/ticaret.edu.tr\/ogrenci-isleri-daire-baskanligi\/wp-content\/uploads\/sites\/68\/2021\/11\/web_logo-01.jpg","type":"image\/jpeg"}],"twitter_card":"summary_large_image","twitter_site":"@ticaretedutr","twitter_misc":{"Tahmini okuma s\u00fcresi":"2 dakika"},"schema":{"@context":"https:\/\/schema.org","@graph":[{"@type":"WebPage","@id":"https:\/\/ticaret.edu.tr\/ogrenci-isleri-daire-baskanligi\/en\/student-certificate-and-transciript-request\/","url":"https:\/\/ticaret.edu.tr\/ogrenci-isleri-daire-baskanligi\/en\/student-certificate-and-transciript-request\/","name":"Student Certificate and Transciript Request - \u00d6\u011frenci \u0130\u015fleri Daire Ba\u015fkanl\u0131\u011f\u0131","isPartOf":{"@id":"https:\/\/ticaret.edu.tr\/ogrenci-isleri-daire-baskanligi\/#website"},"datePublished":"2023-03-07T06:50:42+00:00","dateModified":"2025-02-28T11:28:41+00:00","breadcrumb":{"@id":"https:\/\/ticaret.edu.tr\/ogrenci-isleri-daire-baskanligi\/en\/student-certificate-and-transciript-request\/#breadcrumb"},"inLanguage":"tr","potentialAction":[{"@type":"ReadAction","target":["https:\/\/ticaret.edu.tr\/ogrenci-isleri-daire-baskanligi\/en\/student-certificate-and-transciript-request\/"]}]},{"@type":"BreadcrumbList","@id":"https:\/\/ticaret.edu.tr\/ogrenci-isleri-daire-baskanligi\/en\/student-certificate-and-transciript-request\/#breadcrumb","itemListElement":[{"@type":"ListItem","position":1,"name":"Anasayfa","item":"https:\/\/ticaret.edu.tr\/ogrenci-isleri-daire-baskanligi\/"},{"@type":"ListItem","position":2,"name":"Student Certificate and Transciript Request"}]},{"@type":"WebSite","@id":"https:\/\/ticaret.edu.tr\/ogrenci-isleri-daire-baskanligi\/#website","url":"https:\/\/ticaret.edu.tr\/ogrenci-isleri-daire-baskanligi\/","name":"\u00d6\u011frenci \u0130\u015fleri Daire Ba\u015fkanl\u0131\u011f\u0131","description":"Bir ba\u015fka \u0130stanbul Ticaret \u00dcniversitesi site sitesi","potentialAction":[{"@type":"SearchAction","target":{"@type":"EntryPoint","urlTemplate":"https:\/\/ticaret.edu.tr\/ogrenci-isleri-daire-baskanligi\/?s={search_term_string}"},"query-input":"required name=search_term_string"}],"inLanguage":"tr"}]}},"lang":"en","translations":{"en":387,"tr":381},"pll_sync_post":[],"_links":{"self":[{"href":"http:\/\/ticaret.edu.tr\/ogrenci-isleri-daire-baskanligi\/wp-json\/wp\/v2\/pages\/387"}],"collection":[{"href":"http:\/\/ticaret.edu.tr\/ogrenci-isleri-daire-baskanligi\/wp-json\/wp\/v2\/pages"}],"about":[{"href":"http:\/\/ticaret.edu.tr\/ogrenci-isleri-daire-baskanligi\/wp-json\/wp\/v2\/types\/page"}],"author":[{"embeddable":true,"href":"http:\/\/ticaret.edu.tr\/ogrenci-isleri-daire-baskanligi\/wp-json\/wp\/v2\/users\/149"}],"replies":[{"embeddable":true,"href":"http:\/\/ticaret.edu.tr\/ogrenci-isleri-daire-baskanligi\/wp-json\/wp\/v2\/comments?post=387"}],"version-history":[{"count":3,"href":"http:\/\/ticaret.edu.tr\/ogrenci-isleri-daire-baskanligi\/wp-json\/wp\/v2\/pages\/387\/revisions"}],"predecessor-version":[{"id":468,"href":"http:\/\/ticaret.edu.tr\/ogrenci-isleri-daire-baskanligi\/wp-json\/wp\/v2\/pages\/387\/revisions\/468"}],"wp:attachment":[{"href":"http:\/\/ticaret.edu.tr\/ogrenci-isleri-daire-baskanligi\/wp-json\/wp\/v2\/media?parent=387"}],"curies":[{"name":"wp","href":"https:\/\/api.w.org\/{rel}","templated":true}]}}