{"id":42,"date":"2021-06-16T14:03:04","date_gmt":"2021-06-16T11:03:04","guid":{"rendered":"http:\/\/ticaret.edu.tr\/ogrenciisleri\/?page_id=42"},"modified":"2025-02-28T14:28:38","modified_gmt":"2025-02-28T11:28:38","slug":"lisansustu-formlari","status":"publish","type":"page","link":"http:\/\/ticaret.edu.tr\/ogrenci-isleri-daire-baskanligi\/lisansustu-formlari\/","title":{"rendered":"Lisans\u00fcst\u00fc Formlar\u0131"},"content":{"rendered":"<p><span style=\"text-decoration: underline;\"><a href=\"\/ogrenciisleri\/wp-content\/uploads\/sites\/68\/2021\/06\/\u0130ade-Formu.docx\">\u0130ade Formu<\/a><\/span><\/p>\n<p><span style=\"text-decoration: underline;\"><a href=\"\/ogrenciisleri\/wp-content\/uploads\/sites\/68\/2021\/06\/Lisans\u00fcst\u00fc-Bilgilendirme-Formu-2.-\u015fah\u0131slar-i\u00e7in1.docx\">Lisans\u00fcst\u00fc Bilgilendirme Formu (2. \u015fah\u0131slar i\u00e7in)<\/a><\/span><\/p>\n<p><span style=\"text-decoration: underline;\"><a href=\"\/ogrenciisleri\/wp-content\/uploads\/sites\/68\/2021\/06\/Lisans\u00fcst\u00fc-\u00d6\u011frenci-bilgi-formu.doc\">Lisans\u00fcst\u00fc \u00d6\u011frenci Bilgi Formu<\/a><\/span><\/p>\n<p><span style=\"text-decoration: underline;\"><a href=\"\/ogrenciisleri\/wp-content\/uploads\/sites\/68\/2021\/06\/Lisans\u00fcst\u00fc-\u00d6zel-\u00d6\u011frenci-Bilgi-Formu.doc\">Lisans\u00fcst\u00fc \u00d6zel \u00d6\u011frenci Bilgi Formu<\/a><\/span><\/p>\n<p><span style=\"text-decoration: underline;\"><a href=\"\/ogrenciisleri\/wp-content\/uploads\/sites\/68\/2021\/06\/Lisans\u00fcst\u00fc-\u00d6\u011frenci-Belgesi-Formu.doc\">Lisans\u00fcst\u00fc \u00d6\u011frenci Belgesi Formu<\/a><\/span><\/p>\n<p><span style=\"text-decoration: underline;\"><a href=\"\/ogrenciisleri\/wp-content\/uploads\/sites\/68\/2021\/06\/Lisans\u00fcst\u00fc-\u00d6\u011frenci-Kimlik-Kart\u0131-Kayb\u0131-Formu.doc\">Lisans\u00fcst\u00fc \u00d6\u011frenci Kimlik Kart\u0131 Kayb\u0131 Formu<\/a><\/span><\/p>\n<p><span style=\"text-decoration: underline;\"><a href=\"\/ogrenciisleri\/wp-content\/uploads\/sites\/68\/2021\/06\/Lisans\u00fcst\u00fc-Sevk-Tehiri-\u0130ptal-Formu.doc\">Lisans\u00fcst\u00fc Sevk Tehiri \u0130ptal Formu<\/a><\/span><\/p>\n<p><span style=\"text-decoration: underline;\"><a href=\"\/ogrenciisleri\/wp-content\/uploads\/sites\/68\/2021\/06\/Lisans\u00fcst\u00fc-Transkript-Belgesi-Formu.doc\">Lisans\u00fcst\u00fc Transkript Belgesi Formu<\/a><\/span><\/p>\n<p><span style=\"text-decoration: underline;\"><a href=\"\/ogrenciisleri\/wp-content\/uploads\/sites\/68\/2021\/06\/Y\u00fcksek-Lisans-\u00d6zel-\u00d6\u011frenci-Bilgi-Formu.doc\">Y\u00fcksek Lisans \u00d6zel \u00d6\u011frenci Bilgi Formu<\/a><\/span><\/p>\n","protected":false},"excerpt":{"rendered":"<p>\u0130ade Formu Lisans\u00fcst\u00fc Bilgilendirme Formu (2. \u015fah\u0131slar i\u00e7in) Lisans\u00fcst\u00fc \u00d6\u011frenci Bilgi Formu Lisans\u00fcst\u00fc \u00d6zel \u00d6\u011frenci Bilgi Formu Lisans\u00fcst\u00fc \u00d6\u011frenci Belgesi Formu Lisans\u00fcst\u00fc \u00d6\u011frenci Kimlik Kart\u0131 Kayb\u0131 Formu Lisans\u00fcst\u00fc Sevk Tehiri \u0130ptal Formu Lisans\u00fcst\u00fc Transkript Belgesi Formu Y\u00fcksek Lisans \u00d6zel \u00d6\u011frenci Bilgi Formu<\/p>\n","protected":false},"author":149,"featured_media":0,"parent":0,"menu_order":0,"comment_status":"closed","ping_status":"closed","template":"genel_sayfa.php","meta":{"footnotes":""},"yoast_head":"<!-- This site is optimized with the Yoast SEO Premium plugin v22.1 (Yoast SEO v22.1) - https:\/\/yoast.com\/wordpress\/plugins\/seo\/ -->\n<title>Lisans\u00fcst\u00fc Formlar\u0131 - \u00d6\u011frenci \u0130\u015fleri Daire Ba\u015fkanl\u0131\u011f\u0131<\/title>\n<meta name=\"robots\" content=\"index, follow, max-snippet:-1, max-image-preview:large, max-video-preview:-1\" \/>\n<link rel=\"canonical\" href=\"http:\/\/ticaret.edu.tr\/ogrenci-isleri-daire-baskanligi\/lisansustu-formlari\/\" \/>\n<meta property=\"og:locale\" content=\"tr_TR\" \/>\n<meta property=\"og:type\" content=\"article\" \/>\n<meta property=\"og:title\" content=\"Lisans\u00fcst\u00fc Formlar\u0131\" \/>\n<meta property=\"og:description\" content=\"\u0130ade Formu Lisans\u00fcst\u00fc Bilgilendirme Formu (2. \u015fah\u0131slar i\u00e7in) Lisans\u00fcst\u00fc \u00d6\u011frenci Bilgi Formu Lisans\u00fcst\u00fc \u00d6zel \u00d6\u011frenci Bilgi Formu Lisans\u00fcst\u00fc \u00d6\u011frenci Belgesi Formu Lisans\u00fcst\u00fc \u00d6\u011frenci Kimlik Kart\u0131 Kayb\u0131 Formu Lisans\u00fcst\u00fc Sevk Tehiri \u0130ptal Formu Lisans\u00fcst\u00fc Transkript Belgesi Formu Y\u00fcksek Lisans \u00d6zel \u00d6\u011frenci Bilgi Formu\" \/>\n<meta property=\"og:url\" content=\"http:\/\/ticaret.edu.tr\/ogrenci-isleri-daire-baskanligi\/lisansustu-formlari\/\" \/>\n<meta property=\"og:site_name\" content=\"\u00d6\u011frenci \u0130\u015fleri Daire Ba\u015fkanl\u0131\u011f\u0131\" \/>\n<meta property=\"article:publisher\" content=\"https:\/\/www.facebook.com\/ticaretedutr\" \/>\n<meta property=\"article:modified_time\" content=\"2025-02-28T11:28:38+00:00\" \/>\n<meta property=\"og:image\" content=\"http:\/\/ticaret.edu.tr\/ogrenci-isleri-daire-baskanligi\/wp-content\/uploads\/sites\/68\/2021\/11\/web_logo-01.jpg\" \/>\n\t<meta property=\"og:image:width\" content=\"1250\" \/>\n\t<meta property=\"og:image:height\" content=\"833\" \/>\n\t<meta property=\"og:image:type\" content=\"image\/jpeg\" \/>\n<meta name=\"twitter:card\" content=\"summary_large_image\" \/>\n<meta name=\"twitter:site\" content=\"@ticaretedutr\" \/>\n<script type=\"application\/ld+json\" class=\"yoast-schema-graph\">{\"@context\":\"https:\/\/schema.org\",\"@graph\":[{\"@type\":\"WebPage\",\"@id\":\"http:\/\/ticaret.edu.tr\/ogrenci-isleri-daire-baskanligi\/lisansustu-formlari\/\",\"url\":\"http:\/\/ticaret.edu.tr\/ogrenci-isleri-daire-baskanligi\/lisansustu-formlari\/\",\"name\":\"Lisans\u00fcst\u00fc Formlar\u0131 - \u00d6\u011frenci \u0130\u015fleri Daire Ba\u015fkanl\u0131\u011f\u0131\",\"isPartOf\":{\"@id\":\"https:\/\/ticaret.edu.tr\/ogrenci-isleri-daire-baskanligi\/#website\"},\"datePublished\":\"2021-06-16T11:03:04+00:00\",\"dateModified\":\"2025-02-28T11:28:38+00:00\",\"breadcrumb\":{\"@id\":\"http:\/\/ticaret.edu.tr\/ogrenci-isleri-daire-baskanligi\/lisansustu-formlari\/#breadcrumb\"},\"inLanguage\":\"tr\",\"potentialAction\":[{\"@type\":\"ReadAction\",\"target\":[\"http:\/\/ticaret.edu.tr\/ogrenci-isleri-daire-baskanligi\/lisansustu-formlari\/\"]}]},{\"@type\":\"BreadcrumbList\",\"@id\":\"http:\/\/ticaret.edu.tr\/ogrenci-isleri-daire-baskanligi\/lisansustu-formlari\/#breadcrumb\",\"itemListElement\":[{\"@type\":\"ListItem\",\"position\":1,\"name\":\"Anasayfa\",\"item\":\"https:\/\/ticaret.edu.tr\/ogrenci-isleri-daire-baskanligi\/\"},{\"@type\":\"ListItem\",\"position\":2,\"name\":\"Lisans\u00fcst\u00fc Formlar\u0131\"}]},{\"@type\":\"WebSite\",\"@id\":\"https:\/\/ticaret.edu.tr\/ogrenci-isleri-daire-baskanligi\/#website\",\"url\":\"https:\/\/ticaret.edu.tr\/ogrenci-isleri-daire-baskanligi\/\",\"name\":\"\u00d6\u011frenci \u0130\u015fleri Daire Ba\u015fkanl\u0131\u011f\u0131\",\"description\":\"Bir ba\u015fka \u0130stanbul Ticaret \u00dcniversitesi site sitesi\",\"potentialAction\":[{\"@type\":\"SearchAction\",\"target\":{\"@type\":\"EntryPoint\",\"urlTemplate\":\"https:\/\/ticaret.edu.tr\/ogrenci-isleri-daire-baskanligi\/?s={search_term_string}\"},\"query-input\":\"required name=search_term_string\"}],\"inLanguage\":\"tr\"}]}<\/script>\n<!-- \/ Yoast SEO Premium plugin. -->","yoast_head_json":{"title":"Lisans\u00fcst\u00fc Formlar\u0131 - \u00d6\u011frenci \u0130\u015fleri Daire Ba\u015fkanl\u0131\u011f\u0131","robots":{"index":"index","follow":"follow","max-snippet":"max-snippet:-1","max-image-preview":"max-image-preview:large","max-video-preview":"max-video-preview:-1"},"canonical":"http:\/\/ticaret.edu.tr\/ogrenci-isleri-daire-baskanligi\/lisansustu-formlari\/","og_locale":"tr_TR","og_type":"article","og_title":"Lisans\u00fcst\u00fc Formlar\u0131","og_description":"\u0130ade Formu Lisans\u00fcst\u00fc Bilgilendirme Formu (2. \u015fah\u0131slar i\u00e7in) Lisans\u00fcst\u00fc \u00d6\u011frenci Bilgi Formu Lisans\u00fcst\u00fc \u00d6zel \u00d6\u011frenci Bilgi Formu Lisans\u00fcst\u00fc \u00d6\u011frenci Belgesi Formu Lisans\u00fcst\u00fc \u00d6\u011frenci Kimlik Kart\u0131 Kayb\u0131 Formu Lisans\u00fcst\u00fc Sevk Tehiri \u0130ptal Formu Lisans\u00fcst\u00fc Transkript Belgesi Formu Y\u00fcksek Lisans \u00d6zel \u00d6\u011frenci Bilgi Formu","og_url":"http:\/\/ticaret.edu.tr\/ogrenci-isleri-daire-baskanligi\/lisansustu-formlari\/","og_site_name":"\u00d6\u011frenci \u0130\u015fleri Daire Ba\u015fkanl\u0131\u011f\u0131","article_publisher":"https:\/\/www.facebook.com\/ticaretedutr","article_modified_time":"2025-02-28T11:28:38+00:00","og_image":[{"width":1250,"height":833,"url":"http:\/\/ticaret.edu.tr\/ogrenci-isleri-daire-baskanligi\/wp-content\/uploads\/sites\/68\/2021\/11\/web_logo-01.jpg","type":"image\/jpeg"}],"twitter_card":"summary_large_image","twitter_site":"@ticaretedutr","schema":{"@context":"https:\/\/schema.org","@graph":[{"@type":"WebPage","@id":"http:\/\/ticaret.edu.tr\/ogrenci-isleri-daire-baskanligi\/lisansustu-formlari\/","url":"http:\/\/ticaret.edu.tr\/ogrenci-isleri-daire-baskanligi\/lisansustu-formlari\/","name":"Lisans\u00fcst\u00fc Formlar\u0131 - \u00d6\u011frenci \u0130\u015fleri Daire Ba\u015fkanl\u0131\u011f\u0131","isPartOf":{"@id":"https:\/\/ticaret.edu.tr\/ogrenci-isleri-daire-baskanligi\/#website"},"datePublished":"2021-06-16T11:03:04+00:00","dateModified":"2025-02-28T11:28:38+00:00","breadcrumb":{"@id":"http:\/\/ticaret.edu.tr\/ogrenci-isleri-daire-baskanligi\/lisansustu-formlari\/#breadcrumb"},"inLanguage":"tr","potentialAction":[{"@type":"ReadAction","target":["http:\/\/ticaret.edu.tr\/ogrenci-isleri-daire-baskanligi\/lisansustu-formlari\/"]}]},{"@type":"BreadcrumbList","@id":"http:\/\/ticaret.edu.tr\/ogrenci-isleri-daire-baskanligi\/lisansustu-formlari\/#breadcrumb","itemListElement":[{"@type":"ListItem","position":1,"name":"Anasayfa","item":"https:\/\/ticaret.edu.tr\/ogrenci-isleri-daire-baskanligi\/"},{"@type":"ListItem","position":2,"name":"Lisans\u00fcst\u00fc Formlar\u0131"}]},{"@type":"WebSite","@id":"https:\/\/ticaret.edu.tr\/ogrenci-isleri-daire-baskanligi\/#website","url":"https:\/\/ticaret.edu.tr\/ogrenci-isleri-daire-baskanligi\/","name":"\u00d6\u011frenci \u0130\u015fleri Daire Ba\u015fkanl\u0131\u011f\u0131","description":"Bir ba\u015fka \u0130stanbul Ticaret \u00dcniversitesi site sitesi","potentialAction":[{"@type":"SearchAction","target":{"@type":"EntryPoint","urlTemplate":"https:\/\/ticaret.edu.tr\/ogrenci-isleri-daire-baskanligi\/?s={search_term_string}"},"query-input":"required name=search_term_string"}],"inLanguage":"tr"}]}},"lang":"tr","translations":{"tr":42},"pll_sync_post":[],"_links":{"self":[{"href":"http:\/\/ticaret.edu.tr\/ogrenci-isleri-daire-baskanligi\/wp-json\/wp\/v2\/pages\/42"}],"collection":[{"href":"http:\/\/ticaret.edu.tr\/ogrenci-isleri-daire-baskanligi\/wp-json\/wp\/v2\/pages"}],"about":[{"href":"http:\/\/ticaret.edu.tr\/ogrenci-isleri-daire-baskanligi\/wp-json\/wp\/v2\/types\/page"}],"author":[{"embeddable":true,"href":"http:\/\/ticaret.edu.tr\/ogrenci-isleri-daire-baskanligi\/wp-json\/wp\/v2\/users\/149"}],"replies":[{"embeddable":true,"href":"http:\/\/ticaret.edu.tr\/ogrenci-isleri-daire-baskanligi\/wp-json\/wp\/v2\/comments?post=42"}],"version-history":[{"count":4,"href":"http:\/\/ticaret.edu.tr\/ogrenci-isleri-daire-baskanligi\/wp-json\/wp\/v2\/pages\/42\/revisions"}],"predecessor-version":[{"id":106,"href":"http:\/\/ticaret.edu.tr\/ogrenci-isleri-daire-baskanligi\/wp-json\/wp\/v2\/pages\/42\/revisions\/106"}],"wp:attachment":[{"href":"http:\/\/ticaret.edu.tr\/ogrenci-isleri-daire-baskanligi\/wp-json\/wp\/v2\/media?parent=42"}],"curies":[{"name":"wp","href":"https:\/\/api.w.org\/{rel}","templated":true}]}}