{"id":61,"date":"2021-06-16T14:36:56","date_gmt":"2021-06-16T11:36:56","guid":{"rendered":"http:\/\/ticaret.edu.tr\/ogrenciisleri\/?page_id=61"},"modified":"2025-02-28T14:28:40","modified_gmt":"2025-02-28T11:28:40","slug":"lisans","status":"publish","type":"page","link":"http:\/\/ticaret.edu.tr\/ogrenci-isleri-daire-baskanligi\/lisans\/","title":{"rendered":"\u00d6n Lisans \/ Lisans"},"content":{"rendered":"<p><span style=\"text-decoration: underline;\"><strong><a href=\"http:\/\/ticaret.edu.tr\/ogrenci-isleri-daire-baskanligi\/wp-content\/uploads\/sites\/68\/2024\/12\/Mezuniyet-ve-Diploma-Teslimi-ile-Ilgili-Bilgilendirme.pdf\">Mezuniyet ve Diploma Teslimi ile \u0130lgili Bilgilendirme<\/a><\/strong><\/span><\/p>\n<p><strong><span style=\"text-decoration: underline;\"><a href=\"\/akademik-takvim\/\">Akademik Takvim<\/a><\/span><\/strong><\/p>\n<p><strong><span style=\"text-decoration: underline;\"><a href=\"http:\/\/ticaret.edu.tr\/ogrenci-isleri-daire-baskanligi\/wp-content\/uploads\/sites\/68\/2023\/03\/Basari-ve-Ders-Degerlendirme-Not-Sistemi.pdf\">Ders De\u011ferlendirme, Not Sistemi, Ba\u015far\u0131 De\u011ferlendirme<\/a><\/span><\/strong><\/p>\n<p><strong><span style=\"text-decoration: underline;\"><a href=\"http:\/\/ww4.ticaret.edu.tr\/ogrenciisleri\/wp-content\/uploads\/sites\/40\/2017\/12\/Ders-Muafiyetleri.pdf\">Ders Muafiyetleri<\/a><\/span><\/strong><\/p>\n<p><strong><span style=\"text-decoration: underline;\"><a href=\"\/ogrenciisleri\/wp-content\/uploads\/sites\/68\/2021\/06\/Ders-Ekleme-B\u0131rakma-\u00c7ekilme.pdf\">Ders Ekleme, B\u0131rakma, \u00c7ekilme<\/a><\/span><\/strong><\/p>\n<p><strong><span style=\"text-decoration: underline;\"><a href=\"http:\/\/ticaret.edu.tr\/ogrenci-isleri-daire-baskanligi\/wp-content\/uploads\/sites\/68\/2023\/03\/Kayit-Dondurma-Kayit-Sildirme.pdf\">Kay\u0131t Dondurma, Kay\u0131t Sildirme<\/a><\/span><\/strong><\/p>\n<p><strong><span style=\"text-decoration: underline;\"><a href=\"http:\/\/ticaret.edu.tr\/wp-content\/uploads\/2021\/11\/Istanbul-Ticaret-Universitesi-Lisans-Burs-Yonergesi.pdf\" target=\"_blank\" rel=\"noopener noreferrer\">Burs ve \u0130ndirimler<\/a><\/span><\/strong><\/p>\n<p><strong><span style=\"text-decoration: underline;\"><a href=\"http:\/\/ticaret.edu.tr\/ogrenci-isleri-daire-baskanligi\/wp-content\/uploads\/sites\/68\/2023\/03\/Ogrenci-Belgeleri-ve-Bilgi-Guncelleme.pdf\">\u00d6\u011frenci Belgeleri ve Bilgi G\u00fcncelleme<\/a><\/span><\/strong><\/p>\n<p><strong><span style=\"text-decoration: underline;\"><a href=\"\/ogrenciisleri\/wp-content\/uploads\/sites\/68\/2021\/06\/\u00d6\u011frenci-E-posta-Adresi-Kullan\u0131m\u0131.pdf\">\u00d6\u011frenci E-posta Adresi Kullan\u0131m\u0131<\/a><\/span><\/strong><\/p>\n<p><strong><span style=\"text-decoration: underline;\"><a href=\"http:\/\/ticaret.edu.tr\/ogrenci-isleri-daire-baskanligi\/wp-content\/uploads\/sites\/68\/2023\/03\/2022-2023-MYP-Yatay-Gecis-Kabul-ve-Kayit-Esaslari.pdf\">2022-2023 MYP Yatay Ge\u00e7i\u015f Kabul ve Kay\u0131t Esaslar\u0131<\/a><\/span><\/strong><\/p>\n<p><strong><span style=\"text-decoration: underline;\"><a href=\"https:\/\/www.yok.gov.tr\/ogrenci\/guz-ve-bahar-donemi-ek-madde-1-uygulama-ilkeleri\">MYP (Ek madde-1) ile Yatay Ge\u00e7i\u015f Esaslar\u0131<\/a><\/span><\/strong><\/p>\n<p><strong><span style=\"text-decoration: underline;\"><a href=\"http:\/\/ticaret.edu.tr\/ogrenci-isleri-daire-baskanligi\/wp-content\/uploads\/sites\/68\/2023\/03\/Kurumlararasi-Yatay-Gecis.pdf\">Kurumlararas\u0131 Yatay Ge\u00e7i\u015f<\/a><\/span><\/strong><\/p>\n<p><strong><span style=\"text-decoration: underline;\"><a href=\"http:\/\/ticaret.edu.tr\/ogrenci-isleri-daire-baskanligi\/wp-content\/uploads\/sites\/68\/2023\/03\/Yurtdisi-Yatay-Gecis.pdf\">Yurtd\u0131\u015f\u0131 Yatay Ge\u00e7i\u015f<\/a><\/span><\/strong><\/p>\n<p><strong><span style=\"text-decoration: underline;\"><a href=\"http:\/\/ticaret.edu.tr\/ogrenci-isleri-daire-baskanligi\/wp-content\/uploads\/sites\/68\/2023\/03\/Kurum-Ici-Yatay-Gecis.pdf\">Kurum \u0130\u00e7i Yatay Ge\u00e7i\u015f<\/a><\/span><\/strong><\/p>\n<p><strong><span style=\"text-decoration: underline;\"><a href=\"http:\/\/ticaret.edu.tr\/ogrenci-isleri-daire-baskanligi\/wp-content\/uploads\/sites\/68\/2023\/03\/Cift-Anadal-Yan-Dal-Programlari-Basvuru-ve-Kabul-Esaslari.pdf\">\u00c7ift Anadal, Yan Dal Programlar\u0131 Ba\u015fvuru ve Kabul Esaslar\u0131<\/a><\/span><\/strong><\/p>\n<p><strong><span style=\"text-decoration: underline;\"><a href=\"http:\/\/ticaret.edu.tr\/ogrenci-isleri-daire-baskanligi\/wp-content\/uploads\/sites\/68\/2025\/02\/Ogrenci-Kimlik-Karti-Formu.pdf\">\u00d6\u011frenci Kimlik Kart\u0131 Yenileme<\/a><\/span><\/strong><\/p>\n","protected":false},"excerpt":{"rendered":"<p>Mezuniyet ve Diploma Teslimi ile \u0130lgili Bilgilendirme Akademik Takvim Ders De\u011ferlendirme, Not Sistemi, Ba\u015far\u0131 De\u011ferlendirme Ders Muafiyetleri Ders Ekleme, B\u0131rakma, \u00c7ekilme Kay\u0131t Dondurma, Kay\u0131t Sildirme Burs ve \u0130ndirimler \u00d6\u011frenci Belgeleri ve Bilgi G\u00fcncelleme \u00d6\u011frenci E-posta Adresi Kullan\u0131m\u0131 2022-2023 MYP Yatay Ge\u00e7i\u015f Kabul ve Kay\u0131t Esaslar\u0131 MYP (Ek madde-1) ile Yatay Ge\u00e7i\u015f Esaslar\u0131 Kurumlararas\u0131 Yatay Ge\u00e7i\u015f [&hellip;]<\/p>\n","protected":false},"author":149,"featured_media":0,"parent":0,"menu_order":0,"comment_status":"closed","ping_status":"closed","template":"genel_sayfa.php","meta":{"footnotes":""},"yoast_head":"<!-- This site is optimized with the Yoast SEO Premium plugin v22.1 (Yoast SEO v22.1) - https:\/\/yoast.com\/wordpress\/plugins\/seo\/ -->\n<title>\u00d6n Lisans \/ Lisans - \u00d6\u011frenci \u0130\u015fleri Daire Ba\u015fkanl\u0131\u011f\u0131<\/title>\n<meta name=\"robots\" content=\"index, follow, max-snippet:-1, max-image-preview:large, max-video-preview:-1\" \/>\n<link rel=\"canonical\" href=\"http:\/\/ticaret.edu.tr\/ogrenci-isleri-daire-baskanligi\/lisans\/\" \/>\n<meta property=\"og:locale\" content=\"tr_TR\" \/>\n<meta property=\"og:type\" content=\"article\" \/>\n<meta property=\"og:title\" content=\"\u00d6n Lisans \/ Lisans\" \/>\n<meta property=\"og:description\" content=\"Mezuniyet ve Diploma Teslimi ile \u0130lgili Bilgilendirme Akademik Takvim Ders De\u011ferlendirme, Not Sistemi, Ba\u015far\u0131 De\u011ferlendirme Ders Muafiyetleri Ders Ekleme, B\u0131rakma, \u00c7ekilme Kay\u0131t Dondurma, Kay\u0131t Sildirme Burs ve \u0130ndirimler \u00d6\u011frenci Belgeleri ve Bilgi G\u00fcncelleme \u00d6\u011frenci E-posta Adresi Kullan\u0131m\u0131 2022-2023 MYP Yatay Ge\u00e7i\u015f Kabul ve Kay\u0131t Esaslar\u0131 MYP (Ek madde-1) ile Yatay Ge\u00e7i\u015f Esaslar\u0131 Kurumlararas\u0131 Yatay Ge\u00e7i\u015f [&hellip;]\" \/>\n<meta property=\"og:url\" content=\"http:\/\/ticaret.edu.tr\/ogrenci-isleri-daire-baskanligi\/lisans\/\" \/>\n<meta property=\"og:site_name\" content=\"\u00d6\u011frenci \u0130\u015fleri Daire Ba\u015fkanl\u0131\u011f\u0131\" \/>\n<meta property=\"article:publisher\" content=\"https:\/\/www.facebook.com\/ticaretedutr\" \/>\n<meta property=\"article:modified_time\" content=\"2025-02-28T11:28:40+00:00\" \/>\n<meta property=\"og:image\" content=\"http:\/\/ticaret.edu.tr\/ogrenci-isleri-daire-baskanligi\/wp-content\/uploads\/sites\/68\/2021\/11\/web_logo-01.jpg\" \/>\n\t<meta property=\"og:image:width\" content=\"1250\" \/>\n\t<meta property=\"og:image:height\" content=\"833\" \/>\n\t<meta property=\"og:image:type\" content=\"image\/jpeg\" \/>\n<meta name=\"twitter:card\" content=\"summary_large_image\" \/>\n<meta name=\"twitter:site\" content=\"@ticaretedutr\" \/>\n<meta name=\"twitter:label1\" content=\"Tahmini okuma s\u00fcresi\" \/>\n\t<meta name=\"twitter:data1\" content=\"1 dakika\" \/>\n<script type=\"application\/ld+json\" class=\"yoast-schema-graph\">{\"@context\":\"https:\/\/schema.org\",\"@graph\":[{\"@type\":\"WebPage\",\"@id\":\"http:\/\/ticaret.edu.tr\/ogrenci-isleri-daire-baskanligi\/lisans\/\",\"url\":\"http:\/\/ticaret.edu.tr\/ogrenci-isleri-daire-baskanligi\/lisans\/\",\"name\":\"\u00d6n Lisans \/ Lisans - \u00d6\u011frenci \u0130\u015fleri Daire Ba\u015fkanl\u0131\u011f\u0131\",\"isPartOf\":{\"@id\":\"https:\/\/ticaret.edu.tr\/ogrenci-isleri-daire-baskanligi\/#website\"},\"datePublished\":\"2021-06-16T11:36:56+00:00\",\"dateModified\":\"2025-02-28T11:28:40+00:00\",\"breadcrumb\":{\"@id\":\"http:\/\/ticaret.edu.tr\/ogrenci-isleri-daire-baskanligi\/lisans\/#breadcrumb\"},\"inLanguage\":\"tr\",\"potentialAction\":[{\"@type\":\"ReadAction\",\"target\":[\"http:\/\/ticaret.edu.tr\/ogrenci-isleri-daire-baskanligi\/lisans\/\"]}]},{\"@type\":\"BreadcrumbList\",\"@id\":\"http:\/\/ticaret.edu.tr\/ogrenci-isleri-daire-baskanligi\/lisans\/#breadcrumb\",\"itemListElement\":[{\"@type\":\"ListItem\",\"position\":1,\"name\":\"Anasayfa\",\"item\":\"https:\/\/ticaret.edu.tr\/ogrenci-isleri-daire-baskanligi\/\"},{\"@type\":\"ListItem\",\"position\":2,\"name\":\"\u00d6n Lisans \/ Lisans\"}]},{\"@type\":\"WebSite\",\"@id\":\"https:\/\/ticaret.edu.tr\/ogrenci-isleri-daire-baskanligi\/#website\",\"url\":\"https:\/\/ticaret.edu.tr\/ogrenci-isleri-daire-baskanligi\/\",\"name\":\"\u00d6\u011frenci \u0130\u015fleri Daire Ba\u015fkanl\u0131\u011f\u0131\",\"description\":\"Bir ba\u015fka \u0130stanbul Ticaret \u00dcniversitesi site sitesi\",\"potentialAction\":[{\"@type\":\"SearchAction\",\"target\":{\"@type\":\"EntryPoint\",\"urlTemplate\":\"https:\/\/ticaret.edu.tr\/ogrenci-isleri-daire-baskanligi\/?s={search_term_string}\"},\"query-input\":\"required name=search_term_string\"}],\"inLanguage\":\"tr\"}]}<\/script>\n<!-- \/ Yoast SEO Premium plugin. -->","yoast_head_json":{"title":"\u00d6n Lisans \/ Lisans - \u00d6\u011frenci \u0130\u015fleri Daire Ba\u015fkanl\u0131\u011f\u0131","robots":{"index":"index","follow":"follow","max-snippet":"max-snippet:-1","max-image-preview":"max-image-preview:large","max-video-preview":"max-video-preview:-1"},"canonical":"http:\/\/ticaret.edu.tr\/ogrenci-isleri-daire-baskanligi\/lisans\/","og_locale":"tr_TR","og_type":"article","og_title":"\u00d6n Lisans \/ Lisans","og_description":"Mezuniyet ve Diploma Teslimi ile \u0130lgili Bilgilendirme Akademik Takvim Ders De\u011ferlendirme, Not Sistemi, Ba\u015far\u0131 De\u011ferlendirme Ders Muafiyetleri Ders Ekleme, B\u0131rakma, \u00c7ekilme Kay\u0131t Dondurma, Kay\u0131t Sildirme Burs ve \u0130ndirimler \u00d6\u011frenci Belgeleri ve Bilgi G\u00fcncelleme \u00d6\u011frenci E-posta Adresi Kullan\u0131m\u0131 2022-2023 MYP Yatay Ge\u00e7i\u015f Kabul ve Kay\u0131t Esaslar\u0131 MYP (Ek madde-1) ile Yatay Ge\u00e7i\u015f Esaslar\u0131 Kurumlararas\u0131 Yatay Ge\u00e7i\u015f [&hellip;]","og_url":"http:\/\/ticaret.edu.tr\/ogrenci-isleri-daire-baskanligi\/lisans\/","og_site_name":"\u00d6\u011frenci \u0130\u015fleri Daire Ba\u015fkanl\u0131\u011f\u0131","article_publisher":"https:\/\/www.facebook.com\/ticaretedutr","article_modified_time":"2025-02-28T11:28:40+00:00","og_image":[{"width":1250,"height":833,"url":"http:\/\/ticaret.edu.tr\/ogrenci-isleri-daire-baskanligi\/wp-content\/uploads\/sites\/68\/2021\/11\/web_logo-01.jpg","type":"image\/jpeg"}],"twitter_card":"summary_large_image","twitter_site":"@ticaretedutr","twitter_misc":{"Tahmini okuma s\u00fcresi":"1 dakika"},"schema":{"@context":"https:\/\/schema.org","@graph":[{"@type":"WebPage","@id":"http:\/\/ticaret.edu.tr\/ogrenci-isleri-daire-baskanligi\/lisans\/","url":"http:\/\/ticaret.edu.tr\/ogrenci-isleri-daire-baskanligi\/lisans\/","name":"\u00d6n Lisans \/ Lisans - \u00d6\u011frenci \u0130\u015fleri Daire Ba\u015fkanl\u0131\u011f\u0131","isPartOf":{"@id":"https:\/\/ticaret.edu.tr\/ogrenci-isleri-daire-baskanligi\/#website"},"datePublished":"2021-06-16T11:36:56+00:00","dateModified":"2025-02-28T11:28:40+00:00","breadcrumb":{"@id":"http:\/\/ticaret.edu.tr\/ogrenci-isleri-daire-baskanligi\/lisans\/#breadcrumb"},"inLanguage":"tr","potentialAction":[{"@type":"ReadAction","target":["http:\/\/ticaret.edu.tr\/ogrenci-isleri-daire-baskanligi\/lisans\/"]}]},{"@type":"BreadcrumbList","@id":"http:\/\/ticaret.edu.tr\/ogrenci-isleri-daire-baskanligi\/lisans\/#breadcrumb","itemListElement":[{"@type":"ListItem","position":1,"name":"Anasayfa","item":"https:\/\/ticaret.edu.tr\/ogrenci-isleri-daire-baskanligi\/"},{"@type":"ListItem","position":2,"name":"\u00d6n Lisans \/ Lisans"}]},{"@type":"WebSite","@id":"https:\/\/ticaret.edu.tr\/ogrenci-isleri-daire-baskanligi\/#website","url":"https:\/\/ticaret.edu.tr\/ogrenci-isleri-daire-baskanligi\/","name":"\u00d6\u011frenci \u0130\u015fleri Daire Ba\u015fkanl\u0131\u011f\u0131","description":"Bir ba\u015fka \u0130stanbul Ticaret \u00dcniversitesi site sitesi","potentialAction":[{"@type":"SearchAction","target":{"@type":"EntryPoint","urlTemplate":"https:\/\/ticaret.edu.tr\/ogrenci-isleri-daire-baskanligi\/?s={search_term_string}"},"query-input":"required name=search_term_string"}],"inLanguage":"tr"}]}},"lang":"tr","translations":{"tr":61},"pll_sync_post":[],"_links":{"self":[{"href":"http:\/\/ticaret.edu.tr\/ogrenci-isleri-daire-baskanligi\/wp-json\/wp\/v2\/pages\/61"}],"collection":[{"href":"http:\/\/ticaret.edu.tr\/ogrenci-isleri-daire-baskanligi\/wp-json\/wp\/v2\/pages"}],"about":[{"href":"http:\/\/ticaret.edu.tr\/ogrenci-isleri-daire-baskanligi\/wp-json\/wp\/v2\/types\/page"}],"author":[{"embeddable":true,"href":"http:\/\/ticaret.edu.tr\/ogrenci-isleri-daire-baskanligi\/wp-json\/wp\/v2\/users\/149"}],"replies":[{"embeddable":true,"href":"http:\/\/ticaret.edu.tr\/ogrenci-isleri-daire-baskanligi\/wp-json\/wp\/v2\/comments?post=61"}],"version-history":[{"count":18,"href":"http:\/\/ticaret.edu.tr\/ogrenci-isleri-daire-baskanligi\/wp-json\/wp\/v2\/pages\/61\/revisions"}],"predecessor-version":[{"id":715,"href":"http:\/\/ticaret.edu.tr\/ogrenci-isleri-daire-baskanligi\/wp-json\/wp\/v2\/pages\/61\/revisions\/715"}],"wp:attachment":[{"href":"http:\/\/ticaret.edu.tr\/ogrenci-isleri-daire-baskanligi\/wp-json\/wp\/v2\/media?parent=61"}],"curies":[{"name":"wp","href":"https:\/\/api.w.org\/{rel}","templated":true}]}}