{"id":1311,"date":"2025-01-26T21:49:24","date_gmt":"2025-01-26T18:49:24","guid":{"rendered":"https:\/\/ticaret.edu.tr\/psikoloji\/?page_id=1311"},"modified":"2025-02-11T17:03:03","modified_gmt":"2025-02-11T14:03:03","slug":"ogrenci-danismanlari","status":"publish","type":"page","link":"http:\/\/ticaret.edu.tr\/psikoloji\/ogrenci-danismanlari\/","title":{"rendered":"\u00d6\u011frenci Dan\u0131\u015fmanlar\u0131"},"content":{"rendered":"<table width=\"637\">\n<thead>\n<tr>\n<td><strong>S\u0131n\u0131f<\/strong><\/td>\n<td><strong>\u00d6\u011frenci Dan\u0131\u015fman\u0131<\/strong><\/td>\n<\/tr>\n<\/thead>\n<tbody>\n<tr>\n<td>1. S\u0131n\u0131f<\/td>\n<td>Prof. Dr. Orhan Do\u011fan<\/td>\n<\/tr>\n<tr>\n<td>2. S\u0131n\u0131f<\/td>\n<td>Dr. \u00d6\u011fr. \u00dcyesi Ezgi Bertay<\/td>\n<\/tr>\n<tr>\n<td>3. S\u0131n\u0131f<\/td>\n<td>Do\u00e7. Dr. Derya Deniz<\/td>\n<\/tr>\n<tr>\n<td>4. S\u0131n\u0131f<\/td>\n<td>Dr. \u00d6\u011fr. \u00dcyesi Zekeriya K\u00f6krek<\/td>\n<\/tr>\n<tr>\n<td>Y\u00fcksek Lisans<\/td>\n<td>Dr. \u00d6\u011fr. \u00dcyesi Melike \u0130lerisoy<\/td>\n<\/tr>\n<\/tbody>\n<\/table>\n","protected":false},"excerpt":{"rendered":"<p>S\u0131n\u0131f \u00d6\u011frenci Dan\u0131\u015fman\u0131 1. S\u0131n\u0131f Prof. Dr. Orhan Do\u011fan 2. S\u0131n\u0131f Dr. \u00d6\u011fr. \u00dcyesi Ezgi Bertay 3. S\u0131n\u0131f Do\u00e7. Dr. Derya Deniz 4. S\u0131n\u0131f Dr. \u00d6\u011fr. \u00dcyesi Zekeriya K\u00f6krek Y\u00fcksek Lisans Dr. \u00d6\u011fr. \u00dcyesi Melike \u0130lerisoy<\/p>\n","protected":false},"author":43,"featured_media":0,"parent":0,"menu_order":0,"comment_status":"closed","ping_status":"closed","template":"genel_sayfa.php","meta":{"footnotes":""},"yoast_head":"<!-- This site is optimized with the Yoast SEO Premium plugin v22.1 (Yoast SEO v22.1) - https:\/\/yoast.com\/wordpress\/plugins\/seo\/ -->\n<title>\u00d6\u011frenci Dan\u0131\u015fmanlar\u0131 - Psikoloji<\/title>\n<meta name=\"robots\" content=\"index, follow, max-snippet:-1, max-image-preview:large, max-video-preview:-1\" \/>\n<link rel=\"canonical\" href=\"https:\/\/ticaret.edu.tr\/psikoloji\/ogrenci-danismanlari\/\" \/>\n<meta property=\"og:locale\" content=\"tr_TR\" \/>\n<meta property=\"og:type\" content=\"article\" \/>\n<meta property=\"og:title\" content=\"\u00d6\u011frenci Dan\u0131\u015fmanlar\u0131\" \/>\n<meta property=\"og:description\" content=\"S\u0131n\u0131f \u00d6\u011frenci Dan\u0131\u015fman\u0131 1. S\u0131n\u0131f Prof. Dr. Orhan Do\u011fan 2. S\u0131n\u0131f Dr. \u00d6\u011fr. \u00dcyesi Ezgi Bertay 3. S\u0131n\u0131f Do\u00e7. Dr. Derya Deniz 4. S\u0131n\u0131f Dr. \u00d6\u011fr. \u00dcyesi Zekeriya K\u00f6krek Y\u00fcksek Lisans Dr. \u00d6\u011fr. \u00dcyesi Melike \u0130lerisoy\" \/>\n<meta property=\"og:url\" content=\"https:\/\/ticaret.edu.tr\/psikoloji\/ogrenci-danismanlari\/\" \/>\n<meta property=\"og:site_name\" content=\"Psikoloji\" \/>\n<meta property=\"article:publisher\" content=\"https:\/\/www.facebook.com\/ticaretedutr\" \/>\n<meta property=\"article:modified_time\" content=\"2025-02-11T14:03:03+00:00\" \/>\n<meta property=\"og:image\" content=\"http:\/\/ticaret.edu.tr\/psikoloji\/wp-content\/uploads\/sites\/28\/2021\/11\/web_logo-01.jpg\" \/>\n\t<meta property=\"og:image:width\" content=\"1250\" \/>\n\t<meta property=\"og:image:height\" content=\"833\" \/>\n\t<meta property=\"og:image:type\" content=\"image\/jpeg\" \/>\n<meta name=\"twitter:card\" content=\"summary_large_image\" \/>\n<meta name=\"twitter:site\" content=\"@ticaretedutr\" \/>\n<meta name=\"twitter:label1\" content=\"Tahmini okuma s\u00fcresi\" \/>\n\t<meta name=\"twitter:data1\" content=\"1 dakika\" \/>\n<script type=\"application\/ld+json\" class=\"yoast-schema-graph\">{\"@context\":\"https:\/\/schema.org\",\"@graph\":[{\"@type\":\"WebPage\",\"@id\":\"https:\/\/ticaret.edu.tr\/psikoloji\/ogrenci-danismanlari\/\",\"url\":\"https:\/\/ticaret.edu.tr\/psikoloji\/ogrenci-danismanlari\/\",\"name\":\"\u00d6\u011frenci Dan\u0131\u015fmanlar\u0131 - Psikoloji\",\"isPartOf\":{\"@id\":\"https:\/\/ticaret.edu.tr\/psikoloji\/en\/#website\"},\"datePublished\":\"2025-01-26T18:49:24+00:00\",\"dateModified\":\"2025-02-11T14:03:03+00:00\",\"breadcrumb\":{\"@id\":\"https:\/\/ticaret.edu.tr\/psikoloji\/ogrenci-danismanlari\/#breadcrumb\"},\"inLanguage\":\"tr\",\"potentialAction\":[{\"@type\":\"ReadAction\",\"target\":[\"https:\/\/ticaret.edu.tr\/psikoloji\/ogrenci-danismanlari\/\"]}]},{\"@type\":\"BreadcrumbList\",\"@id\":\"https:\/\/ticaret.edu.tr\/psikoloji\/ogrenci-danismanlari\/#breadcrumb\",\"itemListElement\":[{\"@type\":\"ListItem\",\"position\":1,\"name\":\"Ana sayfa\",\"item\":\"https:\/\/ticaret.edu.tr\/psikoloji\/\"},{\"@type\":\"ListItem\",\"position\":2,\"name\":\"\u00d6\u011frenci Dan\u0131\u015fmanlar\u0131\"}]},{\"@type\":\"WebSite\",\"@id\":\"https:\/\/ticaret.edu.tr\/psikoloji\/en\/#website\",\"url\":\"https:\/\/ticaret.edu.tr\/psikoloji\/en\/\",\"name\":\"Psikoloji\",\"description\":\"\",\"potentialAction\":[{\"@type\":\"SearchAction\",\"target\":{\"@type\":\"EntryPoint\",\"urlTemplate\":\"https:\/\/ticaret.edu.tr\/psikoloji\/en\/?s={search_term_string}\"},\"query-input\":\"required name=search_term_string\"}],\"inLanguage\":\"tr\"}]}<\/script>\n<!-- \/ Yoast SEO Premium plugin. -->","yoast_head_json":{"title":"\u00d6\u011frenci Dan\u0131\u015fmanlar\u0131 - Psikoloji","robots":{"index":"index","follow":"follow","max-snippet":"max-snippet:-1","max-image-preview":"max-image-preview:large","max-video-preview":"max-video-preview:-1"},"canonical":"https:\/\/ticaret.edu.tr\/psikoloji\/ogrenci-danismanlari\/","og_locale":"tr_TR","og_type":"article","og_title":"\u00d6\u011frenci Dan\u0131\u015fmanlar\u0131","og_description":"S\u0131n\u0131f \u00d6\u011frenci Dan\u0131\u015fman\u0131 1. S\u0131n\u0131f Prof. Dr. Orhan Do\u011fan 2. S\u0131n\u0131f Dr. \u00d6\u011fr. \u00dcyesi Ezgi Bertay 3. S\u0131n\u0131f Do\u00e7. Dr. Derya Deniz 4. S\u0131n\u0131f Dr. \u00d6\u011fr. \u00dcyesi Zekeriya K\u00f6krek Y\u00fcksek Lisans Dr. \u00d6\u011fr. \u00dcyesi Melike \u0130lerisoy","og_url":"https:\/\/ticaret.edu.tr\/psikoloji\/ogrenci-danismanlari\/","og_site_name":"Psikoloji","article_publisher":"https:\/\/www.facebook.com\/ticaretedutr","article_modified_time":"2025-02-11T14:03:03+00:00","og_image":[{"width":1250,"height":833,"url":"http:\/\/ticaret.edu.tr\/psikoloji\/wp-content\/uploads\/sites\/28\/2021\/11\/web_logo-01.jpg","type":"image\/jpeg"}],"twitter_card":"summary_large_image","twitter_site":"@ticaretedutr","twitter_misc":{"Tahmini okuma s\u00fcresi":"1 dakika"},"schema":{"@context":"https:\/\/schema.org","@graph":[{"@type":"WebPage","@id":"https:\/\/ticaret.edu.tr\/psikoloji\/ogrenci-danismanlari\/","url":"https:\/\/ticaret.edu.tr\/psikoloji\/ogrenci-danismanlari\/","name":"\u00d6\u011frenci Dan\u0131\u015fmanlar\u0131 - Psikoloji","isPartOf":{"@id":"https:\/\/ticaret.edu.tr\/psikoloji\/en\/#website"},"datePublished":"2025-01-26T18:49:24+00:00","dateModified":"2025-02-11T14:03:03+00:00","breadcrumb":{"@id":"https:\/\/ticaret.edu.tr\/psikoloji\/ogrenci-danismanlari\/#breadcrumb"},"inLanguage":"tr","potentialAction":[{"@type":"ReadAction","target":["https:\/\/ticaret.edu.tr\/psikoloji\/ogrenci-danismanlari\/"]}]},{"@type":"BreadcrumbList","@id":"https:\/\/ticaret.edu.tr\/psikoloji\/ogrenci-danismanlari\/#breadcrumb","itemListElement":[{"@type":"ListItem","position":1,"name":"Ana sayfa","item":"https:\/\/ticaret.edu.tr\/psikoloji\/"},{"@type":"ListItem","position":2,"name":"\u00d6\u011frenci Dan\u0131\u015fmanlar\u0131"}]},{"@type":"WebSite","@id":"https:\/\/ticaret.edu.tr\/psikoloji\/en\/#website","url":"https:\/\/ticaret.edu.tr\/psikoloji\/en\/","name":"Psikoloji","description":"","potentialAction":[{"@type":"SearchAction","target":{"@type":"EntryPoint","urlTemplate":"https:\/\/ticaret.edu.tr\/psikoloji\/en\/?s={search_term_string}"},"query-input":"required name=search_term_string"}],"inLanguage":"tr"}]}},"lang":"tr","translations":{"en":1313,"tr":1311},"pll_sync_post":[],"_links":{"self":[{"href":"http:\/\/ticaret.edu.tr\/psikoloji\/wp-json\/wp\/v2\/pages\/1311"}],"collection":[{"href":"http:\/\/ticaret.edu.tr\/psikoloji\/wp-json\/wp\/v2\/pages"}],"about":[{"href":"http:\/\/ticaret.edu.tr\/psikoloji\/wp-json\/wp\/v2\/types\/page"}],"author":[{"embeddable":true,"href":"http:\/\/ticaret.edu.tr\/psikoloji\/wp-json\/wp\/v2\/users\/43"}],"replies":[{"embeddable":true,"href":"http:\/\/ticaret.edu.tr\/psikoloji\/wp-json\/wp\/v2\/comments?post=1311"}],"version-history":[{"count":2,"href":"http:\/\/ticaret.edu.tr\/psikoloji\/wp-json\/wp\/v2\/pages\/1311\/revisions"}],"predecessor-version":[{"id":1619,"href":"http:\/\/ticaret.edu.tr\/psikoloji\/wp-json\/wp\/v2\/pages\/1311\/revisions\/1619"}],"wp:attachment":[{"href":"http:\/\/ticaret.edu.tr\/psikoloji\/wp-json\/wp\/v2\/media?parent=1311"}],"curies":[{"name":"wp","href":"https:\/\/api.w.org\/{rel}","templated":true}]}}