{"id":1315,"date":"2025-01-26T21:50:32","date_gmt":"2025-01-26T18:50:32","guid":{"rendered":"https:\/\/ticaret.edu.tr\/psikoloji\/?page_id=1315"},"modified":"2025-02-11T17:03:06","modified_gmt":"2025-02-11T14:03:06","slug":"ogrenci-topluluklari","status":"publish","type":"page","link":"http:\/\/ticaret.edu.tr\/psikoloji\/ogrenci-topluluklari\/","title":{"rendered":"\u00d6\u011frenci Topluluklar\u0131"},"content":{"rendered":"<p><strong>Psikoloji Toplulu\u011fu\u00a0<\/strong><\/p>\n<p>\u0130stanbul Ticaret \u00dcniversitesi Psikoloji Kul\u00fcb\u00fc \u00f6\u011frencilerde g\u00fcven ve sorumluluk bilincini art\u0131rmaya, yeni ilgi alanlar\u0131 do\u011frultusunda bilgi ve becerilerini geli\u015ftirmeye ve te\u015fvik etmeye y\u00f6nelik bilimsel, sosyal, k\u00fclt\u00fcrel aktiviteler ger\u00e7ekle\u015ftirmektedir. Ge\u00e7mi\u015f y\u0131llarda ger\u00e7ekle\u015ftirilen baz\u0131 etkinliklerin g\u00f6rselleri a\u015fa\u011f\u0131da sunulmaktad\u0131r.<\/p>\n<p>&nbsp;<\/p>\n<p><img loading=\"lazy\" decoding=\"async\" class=\"alignnone wp-image-1657\" src=\"http:\/\/ticaret.edu.tr\/psikoloji\/wp-content\/uploads\/sites\/28\/2025\/02\/Resim1-300x300.jpg\" alt=\"\" width=\"132\" height=\"132\" srcset=\"http:\/\/ticaret.edu.tr\/psikoloji\/wp-content\/uploads\/sites\/28\/2025\/02\/Resim1-300x300.jpg 300w, http:\/\/ticaret.edu.tr\/psikoloji\/wp-content\/uploads\/sites\/28\/2025\/02\/Resim1-150x150.jpg 150w, http:\/\/ticaret.edu.tr\/psikoloji\/wp-content\/uploads\/sites\/28\/2025\/02\/Resim1.jpg 310w\" sizes=\"(max-width: 132px) 100vw, 132px\" \/><\/p>\n<p>&nbsp;<\/p>\n<p><img loading=\"lazy\" decoding=\"async\" class=\"alignnone wp-image-1662\" src=\"http:\/\/ticaret.edu.tr\/psikoloji\/wp-content\/uploads\/sites\/28\/2025\/02\/resim3-300x300.jpg\" alt=\"\" width=\"234\" height=\"234\" srcset=\"http:\/\/ticaret.edu.tr\/psikoloji\/wp-content\/uploads\/sites\/28\/2025\/02\/resim3-300x300.jpg 300w, http:\/\/ticaret.edu.tr\/psikoloji\/wp-content\/uploads\/sites\/28\/2025\/02\/resim3-150x150.jpg 150w, http:\/\/ticaret.edu.tr\/psikoloji\/wp-content\/uploads\/sites\/28\/2025\/02\/resim3.jpg 465w\" sizes=\"(max-width: 234px) 100vw, 234px\" \/>\u00a0 \u00a0 \u00a0 \u00a0 \u00a0 \u00a0 \u00a0 \u00a0 \u00a0 <img loading=\"lazy\" decoding=\"async\" class=\"alignnone wp-image-1663\" src=\"http:\/\/ticaret.edu.tr\/psikoloji\/wp-content\/uploads\/sites\/28\/2025\/02\/resim2-2-300x300.jpg\" alt=\"\" width=\"252\" height=\"252\" srcset=\"http:\/\/ticaret.edu.tr\/psikoloji\/wp-content\/uploads\/sites\/28\/2025\/02\/resim2-2-300x300.jpg 300w, http:\/\/ticaret.edu.tr\/psikoloji\/wp-content\/uploads\/sites\/28\/2025\/02\/resim2-2-1024x1024.jpg 1024w, http:\/\/ticaret.edu.tr\/psikoloji\/wp-content\/uploads\/sites\/28\/2025\/02\/resim2-2-150x150.jpg 150w, http:\/\/ticaret.edu.tr\/psikoloji\/wp-content\/uploads\/sites\/28\/2025\/02\/resim2-2-768x768.jpg 768w, http:\/\/ticaret.edu.tr\/psikoloji\/wp-content\/uploads\/sites\/28\/2025\/02\/resim2-2.jpg 1080w\" sizes=\"(max-width: 252px) 100vw, 252px\" \/><\/p>\n<p><img loading=\"lazy\" decoding=\"async\" class=\"alignnone wp-image-1665\" src=\"http:\/\/ticaret.edu.tr\/psikoloji\/wp-content\/uploads\/sites\/28\/2025\/02\/Resim6-300x223.jpg\" alt=\"\" width=\"300\" height=\"223\" srcset=\"http:\/\/ticaret.edu.tr\/psikoloji\/wp-content\/uploads\/sites\/28\/2025\/02\/Resim6-300x223.jpg 300w, http:\/\/ticaret.edu.tr\/psikoloji\/wp-content\/uploads\/sites\/28\/2025\/02\/Resim6.jpg 446w\" sizes=\"(max-width: 300px) 100vw, 300px\" \/>\u00a0 \u00a0 \u00a0 \u00a0 \u00a0 \u00a0 \u00a0 \u00a0<img loading=\"lazy\" decoding=\"async\" class=\"alignnone wp-image-1664\" src=\"http:\/\/ticaret.edu.tr\/psikoloji\/wp-content\/uploads\/sites\/28\/2025\/02\/resim4-300x300.jpg\" alt=\"\" width=\"236\" height=\"236\" srcset=\"http:\/\/ticaret.edu.tr\/psikoloji\/wp-content\/uploads\/sites\/28\/2025\/02\/resim4-300x300.jpg 300w, http:\/\/ticaret.edu.tr\/psikoloji\/wp-content\/uploads\/sites\/28\/2025\/02\/resim4-1024x1024.jpg 1024w, http:\/\/ticaret.edu.tr\/psikoloji\/wp-content\/uploads\/sites\/28\/2025\/02\/resim4-150x150.jpg 150w, http:\/\/ticaret.edu.tr\/psikoloji\/wp-content\/uploads\/sites\/28\/2025\/02\/resim4-768x768.jpg 768w, http:\/\/ticaret.edu.tr\/psikoloji\/wp-content\/uploads\/sites\/28\/2025\/02\/resim4.jpg 1080w\" sizes=\"(max-width: 236px) 100vw, 236px\" \/><\/p>\n","protected":false},"excerpt":{"rendered":"<p>Psikoloji Toplulu\u011fu\u00a0 \u0130stanbul Ticaret \u00dcniversitesi Psikoloji Kul\u00fcb\u00fc \u00f6\u011frencilerde g\u00fcven ve sorumluluk bilincini art\u0131rmaya, yeni ilgi alanlar\u0131 do\u011frultusunda bilgi ve becerilerini geli\u015ftirmeye ve te\u015fvik etmeye y\u00f6nelik bilimsel, sosyal, k\u00fclt\u00fcrel aktiviteler ger\u00e7ekle\u015ftirmektedir. Ge\u00e7mi\u015f y\u0131llarda ger\u00e7ekle\u015ftirilen baz\u0131 etkinliklerin g\u00f6rselleri a\u015fa\u011f\u0131da sunulmaktad\u0131r. &nbsp; &nbsp; \u00a0 \u00a0 \u00a0 \u00a0 \u00a0 \u00a0 \u00a0 \u00a0 \u00a0 \u00a0 \u00a0 \u00a0 \u00a0 \u00a0 \u00a0 [&hellip;]<\/p>\n","protected":false},"author":43,"featured_media":0,"parent":0,"menu_order":0,"comment_status":"closed","ping_status":"closed","template":"genel_sayfa.php","meta":{"footnotes":""},"yoast_head":"<!-- This site is optimized with the Yoast SEO Premium plugin v22.1 (Yoast SEO v22.1) - https:\/\/yoast.com\/wordpress\/plugins\/seo\/ -->\n<title>\u00d6\u011frenci Topluluklar\u0131 - Psikoloji<\/title>\n<meta name=\"robots\" content=\"index, follow, max-snippet:-1, max-image-preview:large, max-video-preview:-1\" \/>\n<link rel=\"canonical\" href=\"http:\/\/ticaret.edu.tr\/psikoloji\/ogrenci-topluluklari\/\" \/>\n<meta property=\"og:locale\" content=\"tr_TR\" \/>\n<meta property=\"og:type\" content=\"article\" \/>\n<meta property=\"og:title\" content=\"\u00d6\u011frenci Topluluklar\u0131\" \/>\n<meta property=\"og:description\" content=\"Psikoloji Toplulu\u011fu\u00a0 \u0130stanbul Ticaret \u00dcniversitesi Psikoloji Kul\u00fcb\u00fc \u00f6\u011frencilerde g\u00fcven ve sorumluluk bilincini art\u0131rmaya, yeni ilgi alanlar\u0131 do\u011frultusunda bilgi ve becerilerini geli\u015ftirmeye ve te\u015fvik etmeye y\u00f6nelik bilimsel, sosyal, k\u00fclt\u00fcrel aktiviteler ger\u00e7ekle\u015ftirmektedir. Ge\u00e7mi\u015f y\u0131llarda ger\u00e7ekle\u015ftirilen baz\u0131 etkinliklerin g\u00f6rselleri a\u015fa\u011f\u0131da sunulmaktad\u0131r. &nbsp; &nbsp; \u00a0 \u00a0 \u00a0 \u00a0 \u00a0 \u00a0 \u00a0 \u00a0 \u00a0 \u00a0 \u00a0 \u00a0 \u00a0 \u00a0 \u00a0 [&hellip;]\" \/>\n<meta property=\"og:url\" content=\"http:\/\/ticaret.edu.tr\/psikoloji\/ogrenci-topluluklari\/\" \/>\n<meta property=\"og:site_name\" content=\"Psikoloji\" \/>\n<meta property=\"article:publisher\" content=\"https:\/\/www.facebook.com\/ticaretedutr\" \/>\n<meta property=\"article:modified_time\" content=\"2025-02-11T14:03:06+00:00\" \/>\n<meta property=\"og:image\" content=\"http:\/\/ticaret.edu.tr\/psikoloji\/wp-content\/uploads\/sites\/28\/2025\/02\/Resim1-300x300.jpg\" \/>\n<meta name=\"twitter:card\" content=\"summary_large_image\" \/>\n<meta name=\"twitter:site\" content=\"@ticaretedutr\" \/>\n<meta name=\"twitter:label1\" content=\"Tahmini okuma s\u00fcresi\" \/>\n\t<meta name=\"twitter:data1\" content=\"2 dakika\" \/>\n<script type=\"application\/ld+json\" class=\"yoast-schema-graph\">{\"@context\":\"https:\/\/schema.org\",\"@graph\":[{\"@type\":\"WebPage\",\"@id\":\"http:\/\/ticaret.edu.tr\/psikoloji\/ogrenci-topluluklari\/\",\"url\":\"http:\/\/ticaret.edu.tr\/psikoloji\/ogrenci-topluluklari\/\",\"name\":\"\u00d6\u011frenci Topluluklar\u0131 - Psikoloji\",\"isPartOf\":{\"@id\":\"http:\/\/ticaret.edu.tr\/psikoloji\/#website\"},\"datePublished\":\"2025-01-26T18:50:32+00:00\",\"dateModified\":\"2025-02-11T14:03:06+00:00\",\"breadcrumb\":{\"@id\":\"http:\/\/ticaret.edu.tr\/psikoloji\/ogrenci-topluluklari\/#breadcrumb\"},\"inLanguage\":\"tr\",\"potentialAction\":[{\"@type\":\"ReadAction\",\"target\":[\"http:\/\/ticaret.edu.tr\/psikoloji\/ogrenci-topluluklari\/\"]}]},{\"@type\":\"BreadcrumbList\",\"@id\":\"http:\/\/ticaret.edu.tr\/psikoloji\/ogrenci-topluluklari\/#breadcrumb\",\"itemListElement\":[{\"@type\":\"ListItem\",\"position\":1,\"name\":\"Ana sayfa\",\"item\":\"http:\/\/ticaret.edu.tr\/psikoloji\/\"},{\"@type\":\"ListItem\",\"position\":2,\"name\":\"\u00d6\u011frenci Topluluklar\u0131\"}]},{\"@type\":\"WebSite\",\"@id\":\"http:\/\/ticaret.edu.tr\/psikoloji\/#website\",\"url\":\"http:\/\/ticaret.edu.tr\/psikoloji\/\",\"name\":\"Psikoloji\",\"description\":\"\",\"potentialAction\":[{\"@type\":\"SearchAction\",\"target\":{\"@type\":\"EntryPoint\",\"urlTemplate\":\"http:\/\/ticaret.edu.tr\/psikoloji\/?s={search_term_string}\"},\"query-input\":\"required name=search_term_string\"}],\"inLanguage\":\"tr\"}]}<\/script>\n<!-- \/ Yoast SEO Premium plugin. -->","yoast_head_json":{"title":"\u00d6\u011frenci Topluluklar\u0131 - Psikoloji","robots":{"index":"index","follow":"follow","max-snippet":"max-snippet:-1","max-image-preview":"max-image-preview:large","max-video-preview":"max-video-preview:-1"},"canonical":"http:\/\/ticaret.edu.tr\/psikoloji\/ogrenci-topluluklari\/","og_locale":"tr_TR","og_type":"article","og_title":"\u00d6\u011frenci Topluluklar\u0131","og_description":"Psikoloji Toplulu\u011fu\u00a0 \u0130stanbul Ticaret \u00dcniversitesi Psikoloji Kul\u00fcb\u00fc \u00f6\u011frencilerde g\u00fcven ve sorumluluk bilincini art\u0131rmaya, yeni ilgi alanlar\u0131 do\u011frultusunda bilgi ve becerilerini geli\u015ftirmeye ve te\u015fvik etmeye y\u00f6nelik bilimsel, sosyal, k\u00fclt\u00fcrel aktiviteler ger\u00e7ekle\u015ftirmektedir. Ge\u00e7mi\u015f y\u0131llarda ger\u00e7ekle\u015ftirilen baz\u0131 etkinliklerin g\u00f6rselleri a\u015fa\u011f\u0131da sunulmaktad\u0131r. &nbsp; &nbsp; \u00a0 \u00a0 \u00a0 \u00a0 \u00a0 \u00a0 \u00a0 \u00a0 \u00a0 \u00a0 \u00a0 \u00a0 \u00a0 \u00a0 \u00a0 [&hellip;]","og_url":"http:\/\/ticaret.edu.tr\/psikoloji\/ogrenci-topluluklari\/","og_site_name":"Psikoloji","article_publisher":"https:\/\/www.facebook.com\/ticaretedutr","article_modified_time":"2025-02-11T14:03:06+00:00","og_image":[{"url":"http:\/\/ticaret.edu.tr\/psikoloji\/wp-content\/uploads\/sites\/28\/2025\/02\/Resim1-300x300.jpg"}],"twitter_card":"summary_large_image","twitter_site":"@ticaretedutr","twitter_misc":{"Tahmini okuma s\u00fcresi":"2 dakika"},"schema":{"@context":"https:\/\/schema.org","@graph":[{"@type":"WebPage","@id":"http:\/\/ticaret.edu.tr\/psikoloji\/ogrenci-topluluklari\/","url":"http:\/\/ticaret.edu.tr\/psikoloji\/ogrenci-topluluklari\/","name":"\u00d6\u011frenci Topluluklar\u0131 - Psikoloji","isPartOf":{"@id":"http:\/\/ticaret.edu.tr\/psikoloji\/#website"},"datePublished":"2025-01-26T18:50:32+00:00","dateModified":"2025-02-11T14:03:06+00:00","breadcrumb":{"@id":"http:\/\/ticaret.edu.tr\/psikoloji\/ogrenci-topluluklari\/#breadcrumb"},"inLanguage":"tr","potentialAction":[{"@type":"ReadAction","target":["http:\/\/ticaret.edu.tr\/psikoloji\/ogrenci-topluluklari\/"]}]},{"@type":"BreadcrumbList","@id":"http:\/\/ticaret.edu.tr\/psikoloji\/ogrenci-topluluklari\/#breadcrumb","itemListElement":[{"@type":"ListItem","position":1,"name":"Ana sayfa","item":"http:\/\/ticaret.edu.tr\/psikoloji\/"},{"@type":"ListItem","position":2,"name":"\u00d6\u011frenci Topluluklar\u0131"}]},{"@type":"WebSite","@id":"http:\/\/ticaret.edu.tr\/psikoloji\/#website","url":"http:\/\/ticaret.edu.tr\/psikoloji\/","name":"Psikoloji","description":"","potentialAction":[{"@type":"SearchAction","target":{"@type":"EntryPoint","urlTemplate":"http:\/\/ticaret.edu.tr\/psikoloji\/?s={search_term_string}"},"query-input":"required name=search_term_string"}],"inLanguage":"tr"}]}},"lang":"tr","translations":{"en":1317,"tr":1315},"pll_sync_post":[],"_links":{"self":[{"href":"http:\/\/ticaret.edu.tr\/psikoloji\/wp-json\/wp\/v2\/pages\/1315"}],"collection":[{"href":"http:\/\/ticaret.edu.tr\/psikoloji\/wp-json\/wp\/v2\/pages"}],"about":[{"href":"http:\/\/ticaret.edu.tr\/psikoloji\/wp-json\/wp\/v2\/types\/page"}],"author":[{"embeddable":true,"href":"http:\/\/ticaret.edu.tr\/psikoloji\/wp-json\/wp\/v2\/users\/43"}],"replies":[{"embeddable":true,"href":"http:\/\/ticaret.edu.tr\/psikoloji\/wp-json\/wp\/v2\/comments?post=1315"}],"version-history":[{"count":8,"href":"http:\/\/ticaret.edu.tr\/psikoloji\/wp-json\/wp\/v2\/pages\/1315\/revisions"}],"predecessor-version":[{"id":1669,"href":"http:\/\/ticaret.edu.tr\/psikoloji\/wp-json\/wp\/v2\/pages\/1315\/revisions\/1669"}],"wp:attachment":[{"href":"http:\/\/ticaret.edu.tr\/psikoloji\/wp-json\/wp\/v2\/media?parent=1315"}],"curies":[{"name":"wp","href":"https:\/\/api.w.org\/{rel}","templated":true}]}}