{"id":1323,"date":"2025-01-26T21:53:12","date_gmt":"2025-01-26T18:53:12","guid":{"rendered":"https:\/\/ticaret.edu.tr\/psikoloji\/?page_id=1323"},"modified":"2025-02-11T17:03:24","modified_gmt":"2025-02-11T14:03:24","slug":"sayisal-bilgiler","status":"publish","type":"page","link":"http:\/\/ticaret.edu.tr\/psikoloji\/sayisal-bilgiler\/","title":{"rendered":"Say\u0131sal Bilgiler"},"content":{"rendered":"<table>\n<tbody>\n<tr>\n<td width=\"130\"><strong>\u00d6\u011frenci\/ Mezun<\/strong><\/td>\n<td width=\"88\"><strong>[2023-2024]<\/strong><\/td>\n<td width=\"88\"><strong>[2024-2025]<\/strong><\/td>\n<\/tr>\n<tr>\n<td width=\"130\">Haz\u0131rl\u0131k \u00d6\u011frencisi<\/td>\n<td width=\"88\">88<\/td>\n<td width=\"88\">84<\/td>\n<\/tr>\n<tr>\n<td width=\"130\">\u00d6\u011frenci<\/td>\n<td width=\"88\">373<\/td>\n<td width=\"88\">354<\/td>\n<\/tr>\n<tr>\n<td width=\"130\">Mezun<\/td>\n<td width=\"88\">82<\/td>\n<td width=\"88\">8<\/td>\n<\/tr>\n<\/tbody>\n<\/table>\n<p>&nbsp;<\/p>\n<p><a href=\"http:\/\/ticaret.edu.tr\/psikoloji\/wp-content\/uploads\/sites\/28\/2025\/01\/2024-2025-Yili-Kontenjanlarimiz-ve-Siralamalar.pdf\">2024-2025 Y\u0131l\u0131 Kontenjanlar\u0131m\u0131z ve S\u0131ralamalar<\/a><\/p>\n<p><a href=\"http:\/\/ticaret.edu.tr\/psikoloji\/wp-content\/uploads\/sites\/28\/2025\/01\/2023-2024-Yili-Kontenjanlarimiz-ve-Siralamalar.pdf\">2023-2024 Y\u0131l\u0131 Kontenjanlar\u0131m\u0131z ve S\u0131ralamalar<\/a><\/p>\n","protected":false},"excerpt":{"rendered":"<p>\u00d6\u011frenci\/ Mezun [2023-2024] [2024-2025] Haz\u0131rl\u0131k \u00d6\u011frencisi 88 84 \u00d6\u011frenci 373 354 Mezun 82 8 &nbsp; 2024-2025 Y\u0131l\u0131 Kontenjanlar\u0131m\u0131z ve S\u0131ralamalar 2023-2024 Y\u0131l\u0131 Kontenjanlar\u0131m\u0131z ve S\u0131ralamalar<\/p>\n","protected":false},"author":43,"featured_media":0,"parent":0,"menu_order":0,"comment_status":"closed","ping_status":"closed","template":"genel_sayfa.php","meta":{"footnotes":""},"yoast_head":"<!-- This site is optimized with the Yoast SEO Premium plugin v22.1 (Yoast SEO v22.1) - https:\/\/yoast.com\/wordpress\/plugins\/seo\/ -->\n<title>Say\u0131sal Bilgiler - Psikoloji<\/title>\n<meta name=\"robots\" content=\"index, follow, max-snippet:-1, max-image-preview:large, max-video-preview:-1\" \/>\n<link rel=\"canonical\" href=\"http:\/\/ticaret.edu.tr\/psikoloji\/sayisal-bilgiler\/\" \/>\n<meta property=\"og:locale\" content=\"tr_TR\" \/>\n<meta property=\"og:type\" content=\"article\" \/>\n<meta property=\"og:title\" content=\"Say\u0131sal Bilgiler\" \/>\n<meta property=\"og:description\" content=\"\u00d6\u011frenci\/ Mezun [2023-2024] [2024-2025] Haz\u0131rl\u0131k \u00d6\u011frencisi 88 84 \u00d6\u011frenci 373 354 Mezun 82 8 &nbsp; 2024-2025 Y\u0131l\u0131 Kontenjanlar\u0131m\u0131z ve S\u0131ralamalar 2023-2024 Y\u0131l\u0131 Kontenjanlar\u0131m\u0131z ve S\u0131ralamalar\" \/>\n<meta property=\"og:url\" content=\"http:\/\/ticaret.edu.tr\/psikoloji\/sayisal-bilgiler\/\" \/>\n<meta property=\"og:site_name\" content=\"Psikoloji\" \/>\n<meta property=\"article:publisher\" content=\"https:\/\/www.facebook.com\/ticaretedutr\" \/>\n<meta property=\"article:modified_time\" content=\"2025-02-11T14:03:24+00:00\" \/>\n<meta property=\"og:image\" content=\"http:\/\/ticaret.edu.tr\/psikoloji\/wp-content\/uploads\/sites\/28\/2021\/11\/web_logo-01.jpg\" \/>\n\t<meta property=\"og:image:width\" content=\"1250\" \/>\n\t<meta property=\"og:image:height\" content=\"833\" \/>\n\t<meta property=\"og:image:type\" content=\"image\/jpeg\" \/>\n<meta name=\"twitter:card\" content=\"summary_large_image\" \/>\n<meta name=\"twitter:site\" content=\"@ticaretedutr\" \/>\n<meta name=\"twitter:label1\" content=\"Tahmini okuma s\u00fcresi\" \/>\n\t<meta name=\"twitter:data1\" content=\"1 dakika\" \/>\n<script type=\"application\/ld+json\" class=\"yoast-schema-graph\">{\"@context\":\"https:\/\/schema.org\",\"@graph\":[{\"@type\":\"WebPage\",\"@id\":\"http:\/\/ticaret.edu.tr\/psikoloji\/sayisal-bilgiler\/\",\"url\":\"http:\/\/ticaret.edu.tr\/psikoloji\/sayisal-bilgiler\/\",\"name\":\"Say\u0131sal Bilgiler - Psikoloji\",\"isPartOf\":{\"@id\":\"http:\/\/ticaret.edu.tr\/psikoloji\/#website\"},\"datePublished\":\"2025-01-26T18:53:12+00:00\",\"dateModified\":\"2025-02-11T14:03:24+00:00\",\"breadcrumb\":{\"@id\":\"http:\/\/ticaret.edu.tr\/psikoloji\/sayisal-bilgiler\/#breadcrumb\"},\"inLanguage\":\"tr\",\"potentialAction\":[{\"@type\":\"ReadAction\",\"target\":[\"http:\/\/ticaret.edu.tr\/psikoloji\/sayisal-bilgiler\/\"]}]},{\"@type\":\"BreadcrumbList\",\"@id\":\"http:\/\/ticaret.edu.tr\/psikoloji\/sayisal-bilgiler\/#breadcrumb\",\"itemListElement\":[{\"@type\":\"ListItem\",\"position\":1,\"name\":\"Ana sayfa\",\"item\":\"http:\/\/ticaret.edu.tr\/psikoloji\/\"},{\"@type\":\"ListItem\",\"position\":2,\"name\":\"Say\u0131sal Bilgiler\"}]},{\"@type\":\"WebSite\",\"@id\":\"http:\/\/ticaret.edu.tr\/psikoloji\/#website\",\"url\":\"http:\/\/ticaret.edu.tr\/psikoloji\/\",\"name\":\"Psikoloji\",\"description\":\"\",\"potentialAction\":[{\"@type\":\"SearchAction\",\"target\":{\"@type\":\"EntryPoint\",\"urlTemplate\":\"http:\/\/ticaret.edu.tr\/psikoloji\/?s={search_term_string}\"},\"query-input\":\"required name=search_term_string\"}],\"inLanguage\":\"tr\"}]}<\/script>\n<!-- \/ Yoast SEO Premium plugin. -->","yoast_head_json":{"title":"Say\u0131sal Bilgiler - Psikoloji","robots":{"index":"index","follow":"follow","max-snippet":"max-snippet:-1","max-image-preview":"max-image-preview:large","max-video-preview":"max-video-preview:-1"},"canonical":"http:\/\/ticaret.edu.tr\/psikoloji\/sayisal-bilgiler\/","og_locale":"tr_TR","og_type":"article","og_title":"Say\u0131sal Bilgiler","og_description":"\u00d6\u011frenci\/ Mezun [2023-2024] [2024-2025] Haz\u0131rl\u0131k \u00d6\u011frencisi 88 84 \u00d6\u011frenci 373 354 Mezun 82 8 &nbsp; 2024-2025 Y\u0131l\u0131 Kontenjanlar\u0131m\u0131z ve S\u0131ralamalar 2023-2024 Y\u0131l\u0131 Kontenjanlar\u0131m\u0131z ve S\u0131ralamalar","og_url":"http:\/\/ticaret.edu.tr\/psikoloji\/sayisal-bilgiler\/","og_site_name":"Psikoloji","article_publisher":"https:\/\/www.facebook.com\/ticaretedutr","article_modified_time":"2025-02-11T14:03:24+00:00","og_image":[{"width":1250,"height":833,"url":"http:\/\/ticaret.edu.tr\/psikoloji\/wp-content\/uploads\/sites\/28\/2021\/11\/web_logo-01.jpg","type":"image\/jpeg"}],"twitter_card":"summary_large_image","twitter_site":"@ticaretedutr","twitter_misc":{"Tahmini okuma s\u00fcresi":"1 dakika"},"schema":{"@context":"https:\/\/schema.org","@graph":[{"@type":"WebPage","@id":"http:\/\/ticaret.edu.tr\/psikoloji\/sayisal-bilgiler\/","url":"http:\/\/ticaret.edu.tr\/psikoloji\/sayisal-bilgiler\/","name":"Say\u0131sal Bilgiler - Psikoloji","isPartOf":{"@id":"http:\/\/ticaret.edu.tr\/psikoloji\/#website"},"datePublished":"2025-01-26T18:53:12+00:00","dateModified":"2025-02-11T14:03:24+00:00","breadcrumb":{"@id":"http:\/\/ticaret.edu.tr\/psikoloji\/sayisal-bilgiler\/#breadcrumb"},"inLanguage":"tr","potentialAction":[{"@type":"ReadAction","target":["http:\/\/ticaret.edu.tr\/psikoloji\/sayisal-bilgiler\/"]}]},{"@type":"BreadcrumbList","@id":"http:\/\/ticaret.edu.tr\/psikoloji\/sayisal-bilgiler\/#breadcrumb","itemListElement":[{"@type":"ListItem","position":1,"name":"Ana sayfa","item":"http:\/\/ticaret.edu.tr\/psikoloji\/"},{"@type":"ListItem","position":2,"name":"Say\u0131sal Bilgiler"}]},{"@type":"WebSite","@id":"http:\/\/ticaret.edu.tr\/psikoloji\/#website","url":"http:\/\/ticaret.edu.tr\/psikoloji\/","name":"Psikoloji","description":"","potentialAction":[{"@type":"SearchAction","target":{"@type":"EntryPoint","urlTemplate":"http:\/\/ticaret.edu.tr\/psikoloji\/?s={search_term_string}"},"query-input":"required name=search_term_string"}],"inLanguage":"tr"}]}},"lang":"tr","translations":{"en":1325,"tr":1323},"pll_sync_post":[],"_links":{"self":[{"href":"http:\/\/ticaret.edu.tr\/psikoloji\/wp-json\/wp\/v2\/pages\/1323"}],"collection":[{"href":"http:\/\/ticaret.edu.tr\/psikoloji\/wp-json\/wp\/v2\/pages"}],"about":[{"href":"http:\/\/ticaret.edu.tr\/psikoloji\/wp-json\/wp\/v2\/types\/page"}],"author":[{"embeddable":true,"href":"http:\/\/ticaret.edu.tr\/psikoloji\/wp-json\/wp\/v2\/users\/43"}],"replies":[{"embeddable":true,"href":"http:\/\/ticaret.edu.tr\/psikoloji\/wp-json\/wp\/v2\/comments?post=1323"}],"version-history":[{"count":3,"href":"http:\/\/ticaret.edu.tr\/psikoloji\/wp-json\/wp\/v2\/pages\/1323\/revisions"}],"predecessor-version":[{"id":1650,"href":"http:\/\/ticaret.edu.tr\/psikoloji\/wp-json\/wp\/v2\/pages\/1323\/revisions\/1650"}],"wp:attachment":[{"href":"http:\/\/ticaret.edu.tr\/psikoloji\/wp-json\/wp\/v2\/media?parent=1323"}],"curies":[{"name":"wp","href":"https:\/\/api.w.org\/{rel}","templated":true}]}}