{"id":1339,"date":"2025-01-26T21:57:45","date_gmt":"2025-01-26T18:57:45","guid":{"rendered":"https:\/\/ticaret.edu.tr\/psikoloji\/?page_id=1339"},"modified":"2025-02-11T17:02:00","modified_gmt":"2025-02-11T14:02:00","slug":"aday-ogrenci","status":"publish","type":"page","link":"http:\/\/ticaret.edu.tr\/psikoloji\/aday-ogrenci\/","title":{"rendered":"Aday \u00d6\u011frenci"},"content":{"rendered":"<p>\u0130stanbul Ticaret \u00dcniversitesi Psikoloji B\u00f6l\u00fcm\u00fc, psikolojinin temel ilkelerini kavrayarak bireylerin bili\u015fsel, duygusal ve davran\u0131\u015fsal s\u00fcre\u00e7lerini bilimsel y\u00f6ntemlerle analiz edebilen uzmanlar yeti\u015ftirmeyi ama\u00e7lamaktad\u0131r. Bilimsel ara\u015ft\u0131rma, etik de\u011ferler ve uygulamal\u0131 e\u011fitim anlay\u0131\u015f\u0131yla \u00f6\u011frencilere geni\u015f bir perspektif kazand\u0131rmaktad\u0131r.<\/p>\n<h4><strong>Psikoloji Nedir?<\/strong><\/h4>\n<p>Psikoloji, bili\u015fsel ve zihinsel s\u00fcre\u00e7lerin, tutum ve davran\u0131\u015flar\u0131n, ruhsal ve duygusal durum ve bozukluklar\u0131n bilimsel y\u00f6ntemlerle incelenmesi, tan\u0131mlanmas\u0131, a\u00e7\u0131klanmas\u0131 ve yordanmas\u0131 \u00fczerine odaklanan bir bilim dal\u0131d\u0131r.<\/p>\n<p>Psikolojinin temel \u00e7al\u0131\u015fma konular\u0131 \u015funlard\u0131r:<\/p>\n<ul>\n<li>N\u00f6rolojik s\u00fcre\u00e7ler<\/li>\n<li>Duyum ve alg\u0131<\/li>\n<li>Dikkat, bellek, zek\u00e2 ve bili\u015f<\/li>\n<li>Duygu, ki\u015filik ve benlik<\/li>\n<li>Tutum, davran\u0131\u015f ve k\u00fclt\u00fcrel s\u00fcre\u00e7ler<\/li>\n<\/ul>\n<p>Psikoloji, bir\u00e7ok alt dala ayr\u0131lmaktad\u0131r. Bunlar aras\u0131nda Klinik Psikoloji, Bili\u015fsel Psikoloji, Geli\u015fim Psikolojisi, Deneysel Psikoloji, N\u00f6ropsikoloji, Adli Psikoloji, Sa\u011fl\u0131k Psikolojisi, End\u00fcstri-\u00d6rg\u00fct Psikolojisi, Sosyal Psikoloji, Spor Psikolojisi ve E\u011fitim Psikolojisi gibi alanlar bulunmaktad\u0131r.<\/p>\n<h4><strong>Psikoloji Mezunu Ne Yapar?<\/strong><\/h4>\n<p>Psikoloji b\u00f6l\u00fcm\u00fc mezunlar\u0131, geni\u015f bir \u00e7al\u0131\u015fma alan\u0131na sahiptir. Mezunlar\u0131m\u0131z \u015fu alanlarda kariyer yapabilir:<\/p>\n<ul>\n<li><strong>Sa\u011fl\u0131k ve Klinik Alanlar:<\/strong>\n<ul>\n<li>Devlet ve Ara\u015ft\u0131rma Hastaneleri<\/li>\n<li>Psikolojik Dan\u0131\u015fmanl\u0131k Merkezleri<\/li>\n<li>Rehabilitasyon Merkezleri<\/li>\n<li>Ya\u015fl\u0131 Bak\u0131m Merkezleri ve Huzurevleri<\/li>\n<\/ul>\n<\/li>\n<li><strong>E\u011fitim ve Toplumsal Alanlar:<\/strong>\n<ul>\n<li>Anaokullar\u0131 ve \u00d6zel E\u011fitim Kurumlar\u0131<\/li>\n<li>\u00c7ocuk Esirgeme Yurtlar\u0131<\/li>\n<li>Sivil Toplum Kurulu\u015flar\u0131<\/li>\n<li>Belediyeler<\/li>\n<\/ul>\n<\/li>\n<li><strong>Kurum ve \u00d6rg\u00fctler:<\/strong>\n<ul>\n<li>Cezaevleri<\/li>\n<li>Askeri Kurumlar<\/li>\n<li>T\u00fcm Bakanl\u0131klar\u0131n \u0130lgili Birimleri (Sa\u011fl\u0131k, Adalet, Aile, \u0130\u00e7i\u015fleri, D\u0131\u015fi\u015fleri vb.)<\/li>\n<\/ul>\n<\/li>\n<li><strong>\u00d6zel Sekt\u00f6r:<\/strong>\n<ul>\n<li>Psikoteknik Laboratuvarlar\u0131<\/li>\n<li>Ara\u015ft\u0131rma \u015eirketleri<\/li>\n<li>Reklamc\u0131l\u0131k Sekt\u00f6r\u00fc<\/li>\n<li>Halkla \u0130li\u015fkiler Birimleri<\/li>\n<li>\u015eirketlerin \u0130nsan Kaynaklar\u0131 ve Pazarlama Departmanlar\u0131<\/li>\n<li>Spor Kul\u00fcpleri<\/li>\n<li>Havac\u0131l\u0131k Sekt\u00f6r\u00fc<\/li>\n<\/ul>\n<\/li>\n<\/ul>\n<h4><strong>Akademik Kadro ve E\u011fitim Olanaklar\u0131<\/strong><\/h4>\n<p>\u0130stanbul Ticaret \u00dcniversitesi Psikoloji B\u00f6l\u00fcm\u00fc, alan\u0131nda uzman akademik kadrosu ile \u00f6\u011frencilere nitelikli bir e\u011fitim sunmaktad\u0131r. Program, \u00f6\u011frencilerin psikolojinin farkl\u0131 alt alanlar\u0131nda teorik bilgi ve uygulamal\u0131 deneyim kazanmas\u0131n\u0131 sa\u011flayacak \u015fekilde tasarlanm\u0131\u015ft\u0131r.<\/p>\n<h4><strong>Staj ve Uygulama \u0130mkanlar\u0131<\/strong><\/h4>\n<p>B\u00f6l\u00fcm\u00fcm\u00fcz, \u00f6\u011frencilerin mezuniyet \u00f6ncesinde deneyim kazanmalar\u0131n\u0131 desteklemek amac\u0131yla \u00e7e\u015fitli kurumlarla i\u015f birli\u011fi yapmaktad\u0131r. Staj programlar\u0131m\u0131z sayesinde \u00f6\u011frenciler, teorik bilgilerini uygulamaya d\u00f6n\u00fc\u015ft\u00fcrerek mesleki becerilerini geli\u015ftirme f\u0131rsat\u0131 bulurlar.<\/p>\n<p>&nbsp;<\/p>\n","protected":false},"excerpt":{"rendered":"<p>\u0130stanbul Ticaret \u00dcniversitesi Psikoloji B\u00f6l\u00fcm\u00fc, psikolojinin temel ilkelerini kavrayarak bireylerin bili\u015fsel, duygusal ve davran\u0131\u015fsal s\u00fcre\u00e7lerini bilimsel y\u00f6ntemlerle analiz edebilen uzmanlar yeti\u015ftirmeyi ama\u00e7lamaktad\u0131r. Bilimsel ara\u015ft\u0131rma, etik de\u011ferler ve uygulamal\u0131 e\u011fitim anlay\u0131\u015f\u0131yla \u00f6\u011frencilere geni\u015f bir perspektif kazand\u0131rmaktad\u0131r. Psikoloji Nedir? Psikoloji, bili\u015fsel ve zihinsel s\u00fcre\u00e7lerin, tutum ve davran\u0131\u015flar\u0131n, ruhsal ve duygusal durum ve bozukluklar\u0131n bilimsel y\u00f6ntemlerle incelenmesi, tan\u0131mlanmas\u0131, [&hellip;]<\/p>\n","protected":false},"author":43,"featured_media":0,"parent":0,"menu_order":0,"comment_status":"closed","ping_status":"closed","template":"genel_sayfa.php","meta":{"footnotes":""},"yoast_head":"<!-- This site is optimized with the Yoast SEO Premium plugin v22.1 (Yoast SEO v22.1) - https:\/\/yoast.com\/wordpress\/plugins\/seo\/ -->\n<title>Aday \u00d6\u011frenci - Psikoloji<\/title>\n<meta name=\"robots\" content=\"index, follow, max-snippet:-1, max-image-preview:large, max-video-preview:-1\" \/>\n<link rel=\"canonical\" href=\"http:\/\/ticaret.edu.tr\/psikoloji\/aday-ogrenci\/\" \/>\n<meta property=\"og:locale\" content=\"tr_TR\" \/>\n<meta property=\"og:type\" content=\"article\" \/>\n<meta property=\"og:title\" content=\"Aday \u00d6\u011frenci\" \/>\n<meta property=\"og:description\" content=\"\u0130stanbul Ticaret \u00dcniversitesi Psikoloji B\u00f6l\u00fcm\u00fc, psikolojinin temel ilkelerini kavrayarak bireylerin bili\u015fsel, duygusal ve davran\u0131\u015fsal s\u00fcre\u00e7lerini bilimsel y\u00f6ntemlerle analiz edebilen uzmanlar yeti\u015ftirmeyi ama\u00e7lamaktad\u0131r. Bilimsel ara\u015ft\u0131rma, etik de\u011ferler ve uygulamal\u0131 e\u011fitim anlay\u0131\u015f\u0131yla \u00f6\u011frencilere geni\u015f bir perspektif kazand\u0131rmaktad\u0131r. Psikoloji Nedir? Psikoloji, bili\u015fsel ve zihinsel s\u00fcre\u00e7lerin, tutum ve davran\u0131\u015flar\u0131n, ruhsal ve duygusal durum ve bozukluklar\u0131n bilimsel y\u00f6ntemlerle incelenmesi, tan\u0131mlanmas\u0131, [&hellip;]\" \/>\n<meta property=\"og:url\" content=\"http:\/\/ticaret.edu.tr\/psikoloji\/aday-ogrenci\/\" \/>\n<meta property=\"og:site_name\" content=\"Psikoloji\" \/>\n<meta property=\"article:publisher\" content=\"https:\/\/www.facebook.com\/ticaretedutr\" \/>\n<meta property=\"article:modified_time\" content=\"2025-02-11T14:02:00+00:00\" \/>\n<meta property=\"og:image\" content=\"http:\/\/ticaret.edu.tr\/psikoloji\/wp-content\/uploads\/sites\/28\/2021\/11\/web_logo-01.jpg\" \/>\n\t<meta property=\"og:image:width\" content=\"1250\" \/>\n\t<meta property=\"og:image:height\" content=\"833\" \/>\n\t<meta property=\"og:image:type\" content=\"image\/jpeg\" \/>\n<meta name=\"twitter:card\" content=\"summary_large_image\" \/>\n<meta name=\"twitter:site\" content=\"@ticaretedutr\" \/>\n<meta name=\"twitter:label1\" content=\"Tahmini okuma s\u00fcresi\" \/>\n\t<meta name=\"twitter:data1\" content=\"2 dakika\" \/>\n<script type=\"application\/ld+json\" class=\"yoast-schema-graph\">{\"@context\":\"https:\/\/schema.org\",\"@graph\":[{\"@type\":\"WebPage\",\"@id\":\"http:\/\/ticaret.edu.tr\/psikoloji\/aday-ogrenci\/\",\"url\":\"http:\/\/ticaret.edu.tr\/psikoloji\/aday-ogrenci\/\",\"name\":\"Aday \u00d6\u011frenci - Psikoloji\",\"isPartOf\":{\"@id\":\"http:\/\/ticaret.edu.tr\/psikoloji\/#website\"},\"datePublished\":\"2025-01-26T18:57:45+00:00\",\"dateModified\":\"2025-02-11T14:02:00+00:00\",\"breadcrumb\":{\"@id\":\"http:\/\/ticaret.edu.tr\/psikoloji\/aday-ogrenci\/#breadcrumb\"},\"inLanguage\":\"tr\",\"potentialAction\":[{\"@type\":\"ReadAction\",\"target\":[\"http:\/\/ticaret.edu.tr\/psikoloji\/aday-ogrenci\/\"]}]},{\"@type\":\"BreadcrumbList\",\"@id\":\"http:\/\/ticaret.edu.tr\/psikoloji\/aday-ogrenci\/#breadcrumb\",\"itemListElement\":[{\"@type\":\"ListItem\",\"position\":1,\"name\":\"Ana sayfa\",\"item\":\"http:\/\/ticaret.edu.tr\/psikoloji\/\"},{\"@type\":\"ListItem\",\"position\":2,\"name\":\"Aday \u00d6\u011frenci\"}]},{\"@type\":\"WebSite\",\"@id\":\"http:\/\/ticaret.edu.tr\/psikoloji\/#website\",\"url\":\"http:\/\/ticaret.edu.tr\/psikoloji\/\",\"name\":\"Psikoloji\",\"description\":\"\",\"potentialAction\":[{\"@type\":\"SearchAction\",\"target\":{\"@type\":\"EntryPoint\",\"urlTemplate\":\"http:\/\/ticaret.edu.tr\/psikoloji\/?s={search_term_string}\"},\"query-input\":\"required name=search_term_string\"}],\"inLanguage\":\"tr\"}]}<\/script>\n<!-- \/ Yoast SEO Premium plugin. -->","yoast_head_json":{"title":"Aday \u00d6\u011frenci - Psikoloji","robots":{"index":"index","follow":"follow","max-snippet":"max-snippet:-1","max-image-preview":"max-image-preview:large","max-video-preview":"max-video-preview:-1"},"canonical":"http:\/\/ticaret.edu.tr\/psikoloji\/aday-ogrenci\/","og_locale":"tr_TR","og_type":"article","og_title":"Aday \u00d6\u011frenci","og_description":"\u0130stanbul Ticaret \u00dcniversitesi Psikoloji B\u00f6l\u00fcm\u00fc, psikolojinin temel ilkelerini kavrayarak bireylerin bili\u015fsel, duygusal ve davran\u0131\u015fsal s\u00fcre\u00e7lerini bilimsel y\u00f6ntemlerle analiz edebilen uzmanlar yeti\u015ftirmeyi ama\u00e7lamaktad\u0131r. Bilimsel ara\u015ft\u0131rma, etik de\u011ferler ve uygulamal\u0131 e\u011fitim anlay\u0131\u015f\u0131yla \u00f6\u011frencilere geni\u015f bir perspektif kazand\u0131rmaktad\u0131r. Psikoloji Nedir? Psikoloji, bili\u015fsel ve zihinsel s\u00fcre\u00e7lerin, tutum ve davran\u0131\u015flar\u0131n, ruhsal ve duygusal durum ve bozukluklar\u0131n bilimsel y\u00f6ntemlerle incelenmesi, tan\u0131mlanmas\u0131, [&hellip;]","og_url":"http:\/\/ticaret.edu.tr\/psikoloji\/aday-ogrenci\/","og_site_name":"Psikoloji","article_publisher":"https:\/\/www.facebook.com\/ticaretedutr","article_modified_time":"2025-02-11T14:02:00+00:00","og_image":[{"width":1250,"height":833,"url":"http:\/\/ticaret.edu.tr\/psikoloji\/wp-content\/uploads\/sites\/28\/2021\/11\/web_logo-01.jpg","type":"image\/jpeg"}],"twitter_card":"summary_large_image","twitter_site":"@ticaretedutr","twitter_misc":{"Tahmini okuma s\u00fcresi":"2 dakika"},"schema":{"@context":"https:\/\/schema.org","@graph":[{"@type":"WebPage","@id":"http:\/\/ticaret.edu.tr\/psikoloji\/aday-ogrenci\/","url":"http:\/\/ticaret.edu.tr\/psikoloji\/aday-ogrenci\/","name":"Aday \u00d6\u011frenci - Psikoloji","isPartOf":{"@id":"http:\/\/ticaret.edu.tr\/psikoloji\/#website"},"datePublished":"2025-01-26T18:57:45+00:00","dateModified":"2025-02-11T14:02:00+00:00","breadcrumb":{"@id":"http:\/\/ticaret.edu.tr\/psikoloji\/aday-ogrenci\/#breadcrumb"},"inLanguage":"tr","potentialAction":[{"@type":"ReadAction","target":["http:\/\/ticaret.edu.tr\/psikoloji\/aday-ogrenci\/"]}]},{"@type":"BreadcrumbList","@id":"http:\/\/ticaret.edu.tr\/psikoloji\/aday-ogrenci\/#breadcrumb","itemListElement":[{"@type":"ListItem","position":1,"name":"Ana sayfa","item":"http:\/\/ticaret.edu.tr\/psikoloji\/"},{"@type":"ListItem","position":2,"name":"Aday \u00d6\u011frenci"}]},{"@type":"WebSite","@id":"http:\/\/ticaret.edu.tr\/psikoloji\/#website","url":"http:\/\/ticaret.edu.tr\/psikoloji\/","name":"Psikoloji","description":"","potentialAction":[{"@type":"SearchAction","target":{"@type":"EntryPoint","urlTemplate":"http:\/\/ticaret.edu.tr\/psikoloji\/?s={search_term_string}"},"query-input":"required name=search_term_string"}],"inLanguage":"tr"}]}},"lang":"tr","translations":{"en":1341,"tr":1339},"pll_sync_post":[],"_links":{"self":[{"href":"http:\/\/ticaret.edu.tr\/psikoloji\/wp-json\/wp\/v2\/pages\/1339"}],"collection":[{"href":"http:\/\/ticaret.edu.tr\/psikoloji\/wp-json\/wp\/v2\/pages"}],"about":[{"href":"http:\/\/ticaret.edu.tr\/psikoloji\/wp-json\/wp\/v2\/types\/page"}],"author":[{"embeddable":true,"href":"http:\/\/ticaret.edu.tr\/psikoloji\/wp-json\/wp\/v2\/users\/43"}],"replies":[{"embeddable":true,"href":"http:\/\/ticaret.edu.tr\/psikoloji\/wp-json\/wp\/v2\/comments?post=1339"}],"version-history":[{"count":6,"href":"http:\/\/ticaret.edu.tr\/psikoloji\/wp-json\/wp\/v2\/pages\/1339\/revisions"}],"predecessor-version":[{"id":1655,"href":"http:\/\/ticaret.edu.tr\/psikoloji\/wp-json\/wp\/v2\/pages\/1339\/revisions\/1655"}],"wp:attachment":[{"href":"http:\/\/ticaret.edu.tr\/psikoloji\/wp-json\/wp\/v2\/media?parent=1339"}],"curies":[{"name":"wp","href":"https:\/\/api.w.org\/{rel}","templated":true}]}}