{"id":1343,"date":"2025-01-26T21:58:33","date_gmt":"2025-01-26T18:58:33","guid":{"rendered":"https:\/\/ticaret.edu.tr\/psikoloji\/?page_id=1343"},"modified":"2025-02-11T17:03:33","modified_gmt":"2025-02-11T14:03:33","slug":"tarihce","status":"publish","type":"page","link":"http:\/\/ticaret.edu.tr\/psikoloji\/tarihce\/","title":{"rendered":"Tarih\u00e7e"},"content":{"rendered":"<p>2001 y\u0131l\u0131nda Fen-Edebiyat Fak\u00fcltesi b\u00fcnyesinde T\u00fcrk\u00e7e e\u011fitime ba\u015flayan Psikoloji B\u00f6l\u00fcm\u00fc, halen \u0130stanbul Ticaret \u00dcniversitesi S\u00fctl\u00fcce Kamp\u00fcs\u00fc&#8217;nde e\u011fitim vermektedir. B\u00f6l\u00fcm ilk mezunlar\u0131n\u0131 2005 y\u0131l\u0131nda vermi\u015ftir. 2016 y\u0131l\u0131nda Fen-Edebiyat Fak\u00fcltesi, \u0130nsan ve Toplum Bilimleri Fak\u00fcltesi ad\u0131 alt\u0131nda e\u011fitimi s\u00fcrd\u00fcrmeye devam etmi\u015f, Psikoloji b\u00f6l\u00fcm\u00fc bu fak\u00fclteye ba\u011flanm\u0131\u015ft\u0131r. 2014 tarihinde %30 \u0130ngilizce destekli olarak S\u00fctl\u00fcce kamp\u00fcs\u00fcnde e\u011fitimini s\u00fcrd\u00fcrmektedir.<\/p>\n<p>2024-2025 \u00f6\u011fretim y\u0131l\u0131 itibariyle b\u00f6l\u00fcm\u00fcn e\u011fitim kadrosu, 4 Dr. \u00d6\u011fretim \u00fcyesi, 1 Profes\u00f6r\u00a0 \u00f6\u011fretim \u00fcyesi, 1 Do\u00e7ent \u00a0\u00f6\u011fretim \u00fcyesi ve 2 Ara\u015ft\u0131rma g\u00f6revlisinden olu\u015fmaktad\u0131r. B\u00f6l\u00fcm\u00fcn kendi s\u00f6zle\u015fmeli e\u011fitim kadrosunun yan\u0131 s\u0131ra, 5 yar\u0131 zamanl\u0131 \u00f6\u011fretim g\u00f6revlisi de b\u00f6l\u00fcm i\u00e7i zorunlu ve\/veya se\u00e7meli ve \u00fcniversitenin di\u011fer b\u00f6l\u00fcmlerine a\u00e7\u0131lan dersler i\u00e7in farkl\u0131 kurumlardan gelerek \u00f6\u011fretime katk\u0131da bulunmaktad\u0131r.<\/p>\n<p>B\u00f6l\u00fcm\u00fcn e\u011fitim dili \u0130ngilizce destekli T\u00fcrk\u00e7e &#8216;dir. \u00d6\u011frencilerimiz haz\u0131rl\u0131k s\u0131n\u0131f\u0131nda \u0130ngilizce&#8217;yi \u00f6\u011frenmekte ve \u0130ngilizce yeterlilik s\u0131nav\u0131nda yeterli ba\u015far\u0131 g\u00f6stermeleri halinde ya da muafiyet s\u0131nav\u0131 sonras\u0131nda b\u00f6l\u00fcme ba\u015flamaktad\u0131r.<\/p>\n<p>&nbsp;<\/p>\n","protected":false},"excerpt":{"rendered":"<p>2001 y\u0131l\u0131nda Fen-Edebiyat Fak\u00fcltesi b\u00fcnyesinde T\u00fcrk\u00e7e e\u011fitime ba\u015flayan Psikoloji B\u00f6l\u00fcm\u00fc, halen \u0130stanbul Ticaret \u00dcniversitesi S\u00fctl\u00fcce Kamp\u00fcs\u00fc&#8217;nde e\u011fitim vermektedir. B\u00f6l\u00fcm ilk mezunlar\u0131n\u0131 2005 y\u0131l\u0131nda vermi\u015ftir. 2016 y\u0131l\u0131nda Fen-Edebiyat Fak\u00fcltesi, \u0130nsan ve Toplum Bilimleri Fak\u00fcltesi ad\u0131 alt\u0131nda e\u011fitimi s\u00fcrd\u00fcrmeye devam etmi\u015f, Psikoloji b\u00f6l\u00fcm\u00fc bu fak\u00fclteye ba\u011flanm\u0131\u015ft\u0131r. 2014 tarihinde %30 \u0130ngilizce destekli olarak S\u00fctl\u00fcce kamp\u00fcs\u00fcnde e\u011fitimini s\u00fcrd\u00fcrmektedir. 2024-2025 [&hellip;]<\/p>\n","protected":false},"author":43,"featured_media":0,"parent":0,"menu_order":0,"comment_status":"closed","ping_status":"closed","template":"genel_sayfa.php","meta":{"footnotes":""},"yoast_head":"<!-- This site is optimized with the Yoast SEO Premium plugin v22.1 (Yoast SEO v22.1) - https:\/\/yoast.com\/wordpress\/plugins\/seo\/ -->\n<title>Tarih\u00e7e - Psikoloji<\/title>\n<meta name=\"robots\" content=\"index, follow, max-snippet:-1, max-image-preview:large, max-video-preview:-1\" \/>\n<link rel=\"canonical\" href=\"http:\/\/ticaret.edu.tr\/psikoloji\/tarihce\/\" \/>\n<meta property=\"og:locale\" content=\"tr_TR\" \/>\n<meta property=\"og:type\" content=\"article\" \/>\n<meta property=\"og:title\" content=\"Tarih\u00e7e\" \/>\n<meta property=\"og:description\" content=\"2001 y\u0131l\u0131nda Fen-Edebiyat Fak\u00fcltesi b\u00fcnyesinde T\u00fcrk\u00e7e e\u011fitime ba\u015flayan Psikoloji B\u00f6l\u00fcm\u00fc, halen \u0130stanbul Ticaret \u00dcniversitesi S\u00fctl\u00fcce Kamp\u00fcs\u00fc&#8217;nde e\u011fitim vermektedir. B\u00f6l\u00fcm ilk mezunlar\u0131n\u0131 2005 y\u0131l\u0131nda vermi\u015ftir. 2016 y\u0131l\u0131nda Fen-Edebiyat Fak\u00fcltesi, \u0130nsan ve Toplum Bilimleri Fak\u00fcltesi ad\u0131 alt\u0131nda e\u011fitimi s\u00fcrd\u00fcrmeye devam etmi\u015f, Psikoloji b\u00f6l\u00fcm\u00fc bu fak\u00fclteye ba\u011flanm\u0131\u015ft\u0131r. 2014 tarihinde %30 \u0130ngilizce destekli olarak S\u00fctl\u00fcce kamp\u00fcs\u00fcnde e\u011fitimini s\u00fcrd\u00fcrmektedir. 2024-2025 [&hellip;]\" \/>\n<meta property=\"og:url\" content=\"http:\/\/ticaret.edu.tr\/psikoloji\/tarihce\/\" \/>\n<meta property=\"og:site_name\" content=\"Psikoloji\" \/>\n<meta property=\"article:publisher\" content=\"https:\/\/www.facebook.com\/ticaretedutr\" \/>\n<meta property=\"article:modified_time\" content=\"2025-02-11T14:03:33+00:00\" \/>\n<meta property=\"og:image\" content=\"http:\/\/ticaret.edu.tr\/psikoloji\/wp-content\/uploads\/sites\/28\/2021\/11\/web_logo-01.jpg\" \/>\n\t<meta property=\"og:image:width\" content=\"1250\" \/>\n\t<meta property=\"og:image:height\" content=\"833\" \/>\n\t<meta property=\"og:image:type\" content=\"image\/jpeg\" \/>\n<meta name=\"twitter:card\" content=\"summary_large_image\" \/>\n<meta name=\"twitter:site\" content=\"@ticaretedutr\" \/>\n<meta name=\"twitter:label1\" content=\"Tahmini okuma s\u00fcresi\" \/>\n\t<meta name=\"twitter:data1\" content=\"1 dakika\" \/>\n<script type=\"application\/ld+json\" class=\"yoast-schema-graph\">{\"@context\":\"https:\/\/schema.org\",\"@graph\":[{\"@type\":\"WebPage\",\"@id\":\"http:\/\/ticaret.edu.tr\/psikoloji\/tarihce\/\",\"url\":\"http:\/\/ticaret.edu.tr\/psikoloji\/tarihce\/\",\"name\":\"Tarih\u00e7e - Psikoloji\",\"isPartOf\":{\"@id\":\"http:\/\/ticaret.edu.tr\/psikoloji\/#website\"},\"datePublished\":\"2025-01-26T18:58:33+00:00\",\"dateModified\":\"2025-02-11T14:03:33+00:00\",\"breadcrumb\":{\"@id\":\"http:\/\/ticaret.edu.tr\/psikoloji\/tarihce\/#breadcrumb\"},\"inLanguage\":\"tr\",\"potentialAction\":[{\"@type\":\"ReadAction\",\"target\":[\"http:\/\/ticaret.edu.tr\/psikoloji\/tarihce\/\"]}]},{\"@type\":\"BreadcrumbList\",\"@id\":\"http:\/\/ticaret.edu.tr\/psikoloji\/tarihce\/#breadcrumb\",\"itemListElement\":[{\"@type\":\"ListItem\",\"position\":1,\"name\":\"Ana sayfa\",\"item\":\"http:\/\/ticaret.edu.tr\/psikoloji\/\"},{\"@type\":\"ListItem\",\"position\":2,\"name\":\"Tarih\u00e7e\"}]},{\"@type\":\"WebSite\",\"@id\":\"http:\/\/ticaret.edu.tr\/psikoloji\/#website\",\"url\":\"http:\/\/ticaret.edu.tr\/psikoloji\/\",\"name\":\"Psikoloji\",\"description\":\"\",\"potentialAction\":[{\"@type\":\"SearchAction\",\"target\":{\"@type\":\"EntryPoint\",\"urlTemplate\":\"http:\/\/ticaret.edu.tr\/psikoloji\/?s={search_term_string}\"},\"query-input\":\"required name=search_term_string\"}],\"inLanguage\":\"tr\"}]}<\/script>\n<!-- \/ Yoast SEO Premium plugin. -->","yoast_head_json":{"title":"Tarih\u00e7e - Psikoloji","robots":{"index":"index","follow":"follow","max-snippet":"max-snippet:-1","max-image-preview":"max-image-preview:large","max-video-preview":"max-video-preview:-1"},"canonical":"http:\/\/ticaret.edu.tr\/psikoloji\/tarihce\/","og_locale":"tr_TR","og_type":"article","og_title":"Tarih\u00e7e","og_description":"2001 y\u0131l\u0131nda Fen-Edebiyat Fak\u00fcltesi b\u00fcnyesinde T\u00fcrk\u00e7e e\u011fitime ba\u015flayan Psikoloji B\u00f6l\u00fcm\u00fc, halen \u0130stanbul Ticaret \u00dcniversitesi S\u00fctl\u00fcce Kamp\u00fcs\u00fc&#8217;nde e\u011fitim vermektedir. B\u00f6l\u00fcm ilk mezunlar\u0131n\u0131 2005 y\u0131l\u0131nda vermi\u015ftir. 2016 y\u0131l\u0131nda Fen-Edebiyat Fak\u00fcltesi, \u0130nsan ve Toplum Bilimleri Fak\u00fcltesi ad\u0131 alt\u0131nda e\u011fitimi s\u00fcrd\u00fcrmeye devam etmi\u015f, Psikoloji b\u00f6l\u00fcm\u00fc bu fak\u00fclteye ba\u011flanm\u0131\u015ft\u0131r. 2014 tarihinde %30 \u0130ngilizce destekli olarak S\u00fctl\u00fcce kamp\u00fcs\u00fcnde e\u011fitimini s\u00fcrd\u00fcrmektedir. 2024-2025 [&hellip;]","og_url":"http:\/\/ticaret.edu.tr\/psikoloji\/tarihce\/","og_site_name":"Psikoloji","article_publisher":"https:\/\/www.facebook.com\/ticaretedutr","article_modified_time":"2025-02-11T14:03:33+00:00","og_image":[{"width":1250,"height":833,"url":"http:\/\/ticaret.edu.tr\/psikoloji\/wp-content\/uploads\/sites\/28\/2021\/11\/web_logo-01.jpg","type":"image\/jpeg"}],"twitter_card":"summary_large_image","twitter_site":"@ticaretedutr","twitter_misc":{"Tahmini okuma s\u00fcresi":"1 dakika"},"schema":{"@context":"https:\/\/schema.org","@graph":[{"@type":"WebPage","@id":"http:\/\/ticaret.edu.tr\/psikoloji\/tarihce\/","url":"http:\/\/ticaret.edu.tr\/psikoloji\/tarihce\/","name":"Tarih\u00e7e - Psikoloji","isPartOf":{"@id":"http:\/\/ticaret.edu.tr\/psikoloji\/#website"},"datePublished":"2025-01-26T18:58:33+00:00","dateModified":"2025-02-11T14:03:33+00:00","breadcrumb":{"@id":"http:\/\/ticaret.edu.tr\/psikoloji\/tarihce\/#breadcrumb"},"inLanguage":"tr","potentialAction":[{"@type":"ReadAction","target":["http:\/\/ticaret.edu.tr\/psikoloji\/tarihce\/"]}]},{"@type":"BreadcrumbList","@id":"http:\/\/ticaret.edu.tr\/psikoloji\/tarihce\/#breadcrumb","itemListElement":[{"@type":"ListItem","position":1,"name":"Ana sayfa","item":"http:\/\/ticaret.edu.tr\/psikoloji\/"},{"@type":"ListItem","position":2,"name":"Tarih\u00e7e"}]},{"@type":"WebSite","@id":"http:\/\/ticaret.edu.tr\/psikoloji\/#website","url":"http:\/\/ticaret.edu.tr\/psikoloji\/","name":"Psikoloji","description":"","potentialAction":[{"@type":"SearchAction","target":{"@type":"EntryPoint","urlTemplate":"http:\/\/ticaret.edu.tr\/psikoloji\/?s={search_term_string}"},"query-input":"required name=search_term_string"}],"inLanguage":"tr"}]}},"lang":"tr","translations":{"en":1345,"tr":1343},"pll_sync_post":[],"_links":{"self":[{"href":"http:\/\/ticaret.edu.tr\/psikoloji\/wp-json\/wp\/v2\/pages\/1343"}],"collection":[{"href":"http:\/\/ticaret.edu.tr\/psikoloji\/wp-json\/wp\/v2\/pages"}],"about":[{"href":"http:\/\/ticaret.edu.tr\/psikoloji\/wp-json\/wp\/v2\/types\/page"}],"author":[{"embeddable":true,"href":"http:\/\/ticaret.edu.tr\/psikoloji\/wp-json\/wp\/v2\/users\/43"}],"replies":[{"embeddable":true,"href":"http:\/\/ticaret.edu.tr\/psikoloji\/wp-json\/wp\/v2\/comments?post=1343"}],"version-history":[{"count":2,"href":"http:\/\/ticaret.edu.tr\/psikoloji\/wp-json\/wp\/v2\/pages\/1343\/revisions"}],"predecessor-version":[{"id":1623,"href":"http:\/\/ticaret.edu.tr\/psikoloji\/wp-json\/wp\/v2\/pages\/1343\/revisions\/1623"}],"wp:attachment":[{"href":"http:\/\/ticaret.edu.tr\/psikoloji\/wp-json\/wp\/v2\/media?parent=1343"}],"curies":[{"name":"wp","href":"https:\/\/api.w.org\/{rel}","templated":true}]}}