{"id":1347,"date":"2025-01-26T21:59:29","date_gmt":"2025-01-26T18:59:29","guid":{"rendered":"https:\/\/ticaret.edu.tr\/psikoloji\/?page_id=1347"},"modified":"2025-02-17T17:12:39","modified_gmt":"2025-02-17T14:12:39","slug":"vizyon-misyon","status":"publish","type":"page","link":"http:\/\/ticaret.edu.tr\/psikoloji\/vizyon-misyon\/","title":{"rendered":"Vizyon &#8211; Misyon"},"content":{"rendered":"<p><strong>Psikoloji B\u00f6l\u00fcm\u00fcm\u00fcz\u00fcn Vizyonu;<\/strong>\u00a0\u00f6\u011frencilerimize ulusal ve uluslararas\u0131 platformlarda yetkinlik ve g\u00fc\u00e7l\u00fc bir mesleki donan\u0131m sa\u011flayacak en iyi d\u00fczeyde e\u011fitimi sunmak; \u00fcniversitemizin bilim ara\u015ft\u0131rma, e\u011fitim\/\u00f6\u011fretim alan\u0131nda ulusal ve uluslararas\u0131 d\u00fczeyde geli\u015fimine katk\u0131da bulunmak; \u00fclkemiz ve insanl\u0131k i\u00e7in yararl\u0131 bilgi \u00fcretmektir. Bu anlamda e\u011fitim kadromuzda \u00fc\u00e7\u00fc Profes\u00f6r d\u00fczeyinde olmak \u00fczere toplam yedi \u00f6\u011fretim \u00fcyesi ve iki ara\u015ft\u0131rma g\u00f6revlimiz g\u00f6rev yapmaktad\u0131r.<\/p>\n<p><strong>B\u00f6l\u00fcm\u00fcm\u00fcz\u00fcn Misyonu;<\/strong>\u00a0\u00f6\u011frencilerin insan davran\u0131\u015flar\u0131n\u0131n temelinde yatan zihinsel, duygusal, sosyal, k\u00fclt\u00fcrel ve biyolojik s\u00fcre\u00e7leri anlamalar\u0131na yard\u0131mc\u0131 olmakt\u0131r. Bu anlamda derslerin uygulama a\u011f\u0131rl\u0131kl\u0131 olmas\u0131 g\u00f6zetilerek, \u00f6\u011frencilerimize bilgi ediniminde kullan\u0131lacak bilimsel y\u00f6ntemleri \u00f6\u011fretmek, mesleki geli\u015fimlerini sa\u011flamak, ele\u015ftirel d\u00fc\u015f\u00fcnme becerilerini g\u00fc\u00e7lendirmek, ara\u015ft\u0131rma laboratuvar\u0131m\u0131zda bilimsel uygulama ortam\u0131 olu\u015fturmak, psikoloji biliminin kurallar\u0131n\u0131 ki\u015fisel ve sosyal d\u00fczeyde kullanabilmelerini sa\u011flamak; her \u00f6\u011frencimizde etik ve sosyal sorumluluk bilincini geli\u015ftirmektir.<\/p>\n","protected":false},"excerpt":{"rendered":"<p>Psikoloji B\u00f6l\u00fcm\u00fcm\u00fcz\u00fcn Vizyonu;\u00a0\u00f6\u011frencilerimize ulusal ve uluslararas\u0131 platformlarda yetkinlik ve g\u00fc\u00e7l\u00fc bir mesleki donan\u0131m sa\u011flayacak en iyi d\u00fczeyde e\u011fitimi sunmak; \u00fcniversitemizin bilim ara\u015ft\u0131rma, e\u011fitim\/\u00f6\u011fretim alan\u0131nda ulusal ve uluslararas\u0131 d\u00fczeyde geli\u015fimine katk\u0131da bulunmak; \u00fclkemiz ve insanl\u0131k i\u00e7in yararl\u0131 bilgi \u00fcretmektir. Bu anlamda e\u011fitim kadromuzda \u00fc\u00e7\u00fc Profes\u00f6r d\u00fczeyinde olmak \u00fczere toplam yedi \u00f6\u011fretim \u00fcyesi ve iki ara\u015ft\u0131rma g\u00f6revlimiz [&hellip;]<\/p>\n","protected":false},"author":43,"featured_media":0,"parent":0,"menu_order":0,"comment_status":"closed","ping_status":"closed","template":"genel_sayfa.php","meta":{"footnotes":""},"yoast_head":"<!-- This site is optimized with the Yoast SEO Premium plugin v22.1 (Yoast SEO v22.1) - https:\/\/yoast.com\/wordpress\/plugins\/seo\/ -->\n<title>Vizyon - Misyon - Psikoloji<\/title>\n<meta name=\"robots\" content=\"index, follow, max-snippet:-1, max-image-preview:large, max-video-preview:-1\" \/>\n<link rel=\"canonical\" href=\"http:\/\/ticaret.edu.tr\/psikoloji\/vizyon-misyon\/\" \/>\n<meta property=\"og:locale\" content=\"tr_TR\" \/>\n<meta property=\"og:type\" content=\"article\" \/>\n<meta property=\"og:title\" content=\"Vizyon - Misyon\" \/>\n<meta property=\"og:description\" content=\"Psikoloji B\u00f6l\u00fcm\u00fcm\u00fcz\u00fcn Vizyonu;\u00a0\u00f6\u011frencilerimize ulusal ve uluslararas\u0131 platformlarda yetkinlik ve g\u00fc\u00e7l\u00fc bir mesleki donan\u0131m sa\u011flayacak en iyi d\u00fczeyde e\u011fitimi sunmak; \u00fcniversitemizin bilim ara\u015ft\u0131rma, e\u011fitim\/\u00f6\u011fretim alan\u0131nda ulusal ve uluslararas\u0131 d\u00fczeyde geli\u015fimine katk\u0131da bulunmak; \u00fclkemiz ve insanl\u0131k i\u00e7in yararl\u0131 bilgi \u00fcretmektir. Bu anlamda e\u011fitim kadromuzda \u00fc\u00e7\u00fc Profes\u00f6r d\u00fczeyinde olmak \u00fczere toplam yedi \u00f6\u011fretim \u00fcyesi ve iki ara\u015ft\u0131rma g\u00f6revlimiz [&hellip;]\" \/>\n<meta property=\"og:url\" content=\"http:\/\/ticaret.edu.tr\/psikoloji\/vizyon-misyon\/\" \/>\n<meta property=\"og:site_name\" content=\"Psikoloji\" \/>\n<meta property=\"article:publisher\" content=\"https:\/\/www.facebook.com\/ticaretedutr\" \/>\n<meta property=\"article:modified_time\" content=\"2025-02-17T14:12:39+00:00\" \/>\n<meta property=\"og:image\" content=\"http:\/\/ticaret.edu.tr\/psikoloji\/wp-content\/uploads\/sites\/28\/2021\/11\/web_logo-01.jpg\" \/>\n\t<meta property=\"og:image:width\" content=\"1250\" \/>\n\t<meta property=\"og:image:height\" content=\"833\" \/>\n\t<meta property=\"og:image:type\" content=\"image\/jpeg\" \/>\n<meta name=\"twitter:card\" content=\"summary_large_image\" \/>\n<meta name=\"twitter:site\" content=\"@ticaretedutr\" \/>\n<meta name=\"twitter:label1\" content=\"Tahmini okuma s\u00fcresi\" \/>\n\t<meta name=\"twitter:data1\" content=\"1 dakika\" \/>\n<script type=\"application\/ld+json\" class=\"yoast-schema-graph\">{\"@context\":\"https:\/\/schema.org\",\"@graph\":[{\"@type\":\"WebPage\",\"@id\":\"http:\/\/ticaret.edu.tr\/psikoloji\/vizyon-misyon\/\",\"url\":\"http:\/\/ticaret.edu.tr\/psikoloji\/vizyon-misyon\/\",\"name\":\"Vizyon - Misyon - Psikoloji\",\"isPartOf\":{\"@id\":\"http:\/\/ticaret.edu.tr\/psikoloji\/#website\"},\"datePublished\":\"2025-01-26T18:59:29+00:00\",\"dateModified\":\"2025-02-17T14:12:39+00:00\",\"breadcrumb\":{\"@id\":\"http:\/\/ticaret.edu.tr\/psikoloji\/vizyon-misyon\/#breadcrumb\"},\"inLanguage\":\"tr\",\"potentialAction\":[{\"@type\":\"ReadAction\",\"target\":[\"http:\/\/ticaret.edu.tr\/psikoloji\/vizyon-misyon\/\"]}]},{\"@type\":\"BreadcrumbList\",\"@id\":\"http:\/\/ticaret.edu.tr\/psikoloji\/vizyon-misyon\/#breadcrumb\",\"itemListElement\":[{\"@type\":\"ListItem\",\"position\":1,\"name\":\"Ana sayfa\",\"item\":\"http:\/\/ticaret.edu.tr\/psikoloji\/\"},{\"@type\":\"ListItem\",\"position\":2,\"name\":\"Vizyon &#8211; Misyon\"}]},{\"@type\":\"WebSite\",\"@id\":\"http:\/\/ticaret.edu.tr\/psikoloji\/#website\",\"url\":\"http:\/\/ticaret.edu.tr\/psikoloji\/\",\"name\":\"Psikoloji\",\"description\":\"\",\"potentialAction\":[{\"@type\":\"SearchAction\",\"target\":{\"@type\":\"EntryPoint\",\"urlTemplate\":\"http:\/\/ticaret.edu.tr\/psikoloji\/?s={search_term_string}\"},\"query-input\":\"required name=search_term_string\"}],\"inLanguage\":\"tr\"}]}<\/script>\n<!-- \/ Yoast SEO Premium plugin. -->","yoast_head_json":{"title":"Vizyon - Misyon - Psikoloji","robots":{"index":"index","follow":"follow","max-snippet":"max-snippet:-1","max-image-preview":"max-image-preview:large","max-video-preview":"max-video-preview:-1"},"canonical":"http:\/\/ticaret.edu.tr\/psikoloji\/vizyon-misyon\/","og_locale":"tr_TR","og_type":"article","og_title":"Vizyon - Misyon","og_description":"Psikoloji B\u00f6l\u00fcm\u00fcm\u00fcz\u00fcn Vizyonu;\u00a0\u00f6\u011frencilerimize ulusal ve uluslararas\u0131 platformlarda yetkinlik ve g\u00fc\u00e7l\u00fc bir mesleki donan\u0131m sa\u011flayacak en iyi d\u00fczeyde e\u011fitimi sunmak; \u00fcniversitemizin bilim ara\u015ft\u0131rma, e\u011fitim\/\u00f6\u011fretim alan\u0131nda ulusal ve uluslararas\u0131 d\u00fczeyde geli\u015fimine katk\u0131da bulunmak; \u00fclkemiz ve insanl\u0131k i\u00e7in yararl\u0131 bilgi \u00fcretmektir. Bu anlamda e\u011fitim kadromuzda \u00fc\u00e7\u00fc Profes\u00f6r d\u00fczeyinde olmak \u00fczere toplam yedi \u00f6\u011fretim \u00fcyesi ve iki ara\u015ft\u0131rma g\u00f6revlimiz [&hellip;]","og_url":"http:\/\/ticaret.edu.tr\/psikoloji\/vizyon-misyon\/","og_site_name":"Psikoloji","article_publisher":"https:\/\/www.facebook.com\/ticaretedutr","article_modified_time":"2025-02-17T14:12:39+00:00","og_image":[{"width":1250,"height":833,"url":"http:\/\/ticaret.edu.tr\/psikoloji\/wp-content\/uploads\/sites\/28\/2021\/11\/web_logo-01.jpg","type":"image\/jpeg"}],"twitter_card":"summary_large_image","twitter_site":"@ticaretedutr","twitter_misc":{"Tahmini okuma s\u00fcresi":"1 dakika"},"schema":{"@context":"https:\/\/schema.org","@graph":[{"@type":"WebPage","@id":"http:\/\/ticaret.edu.tr\/psikoloji\/vizyon-misyon\/","url":"http:\/\/ticaret.edu.tr\/psikoloji\/vizyon-misyon\/","name":"Vizyon - Misyon - Psikoloji","isPartOf":{"@id":"http:\/\/ticaret.edu.tr\/psikoloji\/#website"},"datePublished":"2025-01-26T18:59:29+00:00","dateModified":"2025-02-17T14:12:39+00:00","breadcrumb":{"@id":"http:\/\/ticaret.edu.tr\/psikoloji\/vizyon-misyon\/#breadcrumb"},"inLanguage":"tr","potentialAction":[{"@type":"ReadAction","target":["http:\/\/ticaret.edu.tr\/psikoloji\/vizyon-misyon\/"]}]},{"@type":"BreadcrumbList","@id":"http:\/\/ticaret.edu.tr\/psikoloji\/vizyon-misyon\/#breadcrumb","itemListElement":[{"@type":"ListItem","position":1,"name":"Ana sayfa","item":"http:\/\/ticaret.edu.tr\/psikoloji\/"},{"@type":"ListItem","position":2,"name":"Vizyon &#8211; Misyon"}]},{"@type":"WebSite","@id":"http:\/\/ticaret.edu.tr\/psikoloji\/#website","url":"http:\/\/ticaret.edu.tr\/psikoloji\/","name":"Psikoloji","description":"","potentialAction":[{"@type":"SearchAction","target":{"@type":"EntryPoint","urlTemplate":"http:\/\/ticaret.edu.tr\/psikoloji\/?s={search_term_string}"},"query-input":"required name=search_term_string"}],"inLanguage":"tr"}]}},"lang":"tr","translations":{"tr":1347,"en":1309},"pll_sync_post":[],"_links":{"self":[{"href":"http:\/\/ticaret.edu.tr\/psikoloji\/wp-json\/wp\/v2\/pages\/1347"}],"collection":[{"href":"http:\/\/ticaret.edu.tr\/psikoloji\/wp-json\/wp\/v2\/pages"}],"about":[{"href":"http:\/\/ticaret.edu.tr\/psikoloji\/wp-json\/wp\/v2\/types\/page"}],"author":[{"embeddable":true,"href":"http:\/\/ticaret.edu.tr\/psikoloji\/wp-json\/wp\/v2\/users\/43"}],"replies":[{"embeddable":true,"href":"http:\/\/ticaret.edu.tr\/psikoloji\/wp-json\/wp\/v2\/comments?post=1347"}],"version-history":[{"count":3,"href":"http:\/\/ticaret.edu.tr\/psikoloji\/wp-json\/wp\/v2\/pages\/1347\/revisions"}],"predecessor-version":[{"id":1779,"href":"http:\/\/ticaret.edu.tr\/psikoloji\/wp-json\/wp\/v2\/pages\/1347\/revisions\/1779"}],"wp:attachment":[{"href":"http:\/\/ticaret.edu.tr\/psikoloji\/wp-json\/wp\/v2\/media?parent=1347"}],"curies":[{"name":"wp","href":"https:\/\/api.w.org\/{rel}","templated":true}]}}