{"id":1367,"date":"2025-01-26T23:13:25","date_gmt":"2025-01-26T20:13:25","guid":{"rendered":"https:\/\/ticaret.edu.tr\/psikoloji\/?page_id=1367"},"modified":"2025-10-21T11:07:54","modified_gmt":"2025-10-21T08:07:54","slug":"lisans-genel-bilgi","status":"publish","type":"page","link":"http:\/\/ticaret.edu.tr\/psikoloji\/lisans-genel-bilgi\/","title":{"rendered":"Genel Bilgi"},"content":{"rendered":"<p><strong>Program Profili (Amac\u0131)<\/strong><\/p>\n<p>\u0130stanbul Ticaret \u00dcniversitesi Psikoloji B\u00f6l\u00fcm\u00fc&#8217;n\u00fcn amac\u0131, \u00a0psikolojinin temel ilke ve kuramlar\u0131na hakim, bilimsel ve ele\u015ftirel d\u00fc\u015f\u00fcnebilme yetisine sahip, mesleki ve bilimsel etik ilkeler \u00e7er\u00e7evesinde hareket eden, bilgiyi sorgulama ve \u00fcretme becerilerine sahip bireyler yeti\u015ftirmektir. Psikoloji biliminin b\u00fct\u00fcn alt alanlar\u0131nda, \u00e7a\u011fda\u015f psikoloji bilgisini etik de\u011ferler \u00e7er\u00e7evesinde yetkinlikle uygulayabilen, kazand\u0131klar\u0131 becerileri hizmete d\u00f6n\u00fc\u015ft\u00fcrebilen, toplumsal duyarl\u0131l\u0131k ve sorumluluk bilincine sahip mezunlar vermek hedeflenmektedir.<\/p>\n<p><strong>Mezun Yeterlilikleri<\/strong><\/p>\n<p>Psikoloji B\u00f6l\u00fcm\u00fc mezunlar\u0131, alan bilgisi ve uygulama becerilerinin yan\u0131 s\u0131ra a\u015fa\u011f\u0131da belirtilen anahtar yetkinliklerde de ileri d\u00fczeyde donan\u0131ma sahiptir:<\/p>\n<ul>\n<li data-olk-copy-source=\"MailCompose\">Okuma ve yazma yetkinli\u011fi<\/li>\n<li>\u00c7oklu dil yetkinli\u011fi<\/li>\n<li>Bilim ve teknoloji alan\u0131nda yetkinlik<\/li>\n<li>Dijital yetkinlik<\/li>\n<li>Ki\u015fisel, sosyal ve \u00f6\u011frenmeyi \u00f6\u011frenme yetkinli\u011fi<\/li>\n<li>Vatanda\u015fl\u0131k yetkinli\u011fi<\/li>\n<li>Giri\u015fimcilik yetkinli\u011fi<\/li>\n<li>K\u00fclt\u00fcrel fark\u0131ndal\u0131k ve ifade yetkinli\u011fi<\/li>\n<\/ul>\n<p><span data-olk-copy-source=\"MailCompose\">Bu yetkinlikler, \u00f6\u011frencilerin hem mesleki hem de ki\u015fisel geli\u015fimlerini destekleyerek, farkl\u0131 disiplinlerde etkili ileti\u015fim kurabilen, toplumsal sorumluluk bilincine sahip bireyler olarak yeti\u015fmelerine katk\u0131 sa\u011flar.<\/span><\/p>\n","protected":false},"excerpt":{"rendered":"<p>Program Profili (Amac\u0131) \u0130stanbul Ticaret \u00dcniversitesi Psikoloji B\u00f6l\u00fcm\u00fc&#8217;n\u00fcn amac\u0131, \u00a0psikolojinin temel ilke ve kuramlar\u0131na hakim, bilimsel ve ele\u015ftirel d\u00fc\u015f\u00fcnebilme yetisine sahip, mesleki ve bilimsel etik ilkeler \u00e7er\u00e7evesinde hareket eden, bilgiyi sorgulama ve \u00fcretme becerilerine sahip bireyler yeti\u015ftirmektir. Psikoloji biliminin b\u00fct\u00fcn alt alanlar\u0131nda, \u00e7a\u011fda\u015f psikoloji bilgisini etik de\u011ferler \u00e7er\u00e7evesinde yetkinlikle uygulayabilen, kazand\u0131klar\u0131 becerileri hizmete d\u00f6n\u00fc\u015ft\u00fcrebilen, toplumsal [&hellip;]<\/p>\n","protected":false},"author":43,"featured_media":0,"parent":0,"menu_order":0,"comment_status":"closed","ping_status":"closed","template":"genel_sayfa.php","meta":{"footnotes":""},"yoast_head":"<!-- This site is optimized with the Yoast SEO Premium plugin v22.1 (Yoast SEO v22.1) - https:\/\/yoast.com\/wordpress\/plugins\/seo\/ -->\n<title>Genel Bilgi - Psikoloji<\/title>\n<meta name=\"robots\" content=\"index, follow, max-snippet:-1, max-image-preview:large, max-video-preview:-1\" \/>\n<link rel=\"canonical\" href=\"http:\/\/ticaret.edu.tr\/psikoloji\/lisans-genel-bilgi\/\" \/>\n<meta property=\"og:locale\" content=\"tr_TR\" \/>\n<meta property=\"og:type\" content=\"article\" \/>\n<meta property=\"og:title\" content=\"Genel Bilgi\" \/>\n<meta property=\"og:description\" content=\"Program Profili (Amac\u0131) \u0130stanbul Ticaret \u00dcniversitesi Psikoloji B\u00f6l\u00fcm\u00fc&#8217;n\u00fcn amac\u0131, \u00a0psikolojinin temel ilke ve kuramlar\u0131na hakim, bilimsel ve ele\u015ftirel d\u00fc\u015f\u00fcnebilme yetisine sahip, mesleki ve bilimsel etik ilkeler \u00e7er\u00e7evesinde hareket eden, bilgiyi sorgulama ve \u00fcretme becerilerine sahip bireyler yeti\u015ftirmektir. Psikoloji biliminin b\u00fct\u00fcn alt alanlar\u0131nda, \u00e7a\u011fda\u015f psikoloji bilgisini etik de\u011ferler \u00e7er\u00e7evesinde yetkinlikle uygulayabilen, kazand\u0131klar\u0131 becerileri hizmete d\u00f6n\u00fc\u015ft\u00fcrebilen, toplumsal [&hellip;]\" \/>\n<meta property=\"og:url\" content=\"http:\/\/ticaret.edu.tr\/psikoloji\/lisans-genel-bilgi\/\" \/>\n<meta property=\"og:site_name\" content=\"Psikoloji\" \/>\n<meta property=\"article:publisher\" content=\"https:\/\/www.facebook.com\/ticaretedutr\" \/>\n<meta property=\"article:modified_time\" content=\"2025-10-21T08:07:54+00:00\" \/>\n<meta property=\"og:image\" content=\"http:\/\/ticaret.edu.tr\/psikoloji\/wp-content\/uploads\/sites\/28\/2021\/11\/web_logo-01.jpg\" \/>\n\t<meta property=\"og:image:width\" content=\"1250\" \/>\n\t<meta property=\"og:image:height\" content=\"833\" \/>\n\t<meta property=\"og:image:type\" content=\"image\/jpeg\" \/>\n<meta name=\"twitter:card\" content=\"summary_large_image\" \/>\n<meta name=\"twitter:site\" content=\"@ticaretedutr\" \/>\n<meta name=\"twitter:label1\" content=\"Tahmini okuma s\u00fcresi\" \/>\n\t<meta name=\"twitter:data1\" content=\"1 dakika\" \/>\n<script type=\"application\/ld+json\" class=\"yoast-schema-graph\">{\"@context\":\"https:\/\/schema.org\",\"@graph\":[{\"@type\":\"WebPage\",\"@id\":\"http:\/\/ticaret.edu.tr\/psikoloji\/lisans-genel-bilgi\/\",\"url\":\"http:\/\/ticaret.edu.tr\/psikoloji\/lisans-genel-bilgi\/\",\"name\":\"Genel Bilgi - Psikoloji\",\"isPartOf\":{\"@id\":\"http:\/\/ticaret.edu.tr\/psikoloji\/#website\"},\"datePublished\":\"2025-01-26T20:13:25+00:00\",\"dateModified\":\"2025-10-21T08:07:54+00:00\",\"breadcrumb\":{\"@id\":\"http:\/\/ticaret.edu.tr\/psikoloji\/lisans-genel-bilgi\/#breadcrumb\"},\"inLanguage\":\"tr\",\"potentialAction\":[{\"@type\":\"ReadAction\",\"target\":[\"http:\/\/ticaret.edu.tr\/psikoloji\/lisans-genel-bilgi\/\"]}]},{\"@type\":\"BreadcrumbList\",\"@id\":\"http:\/\/ticaret.edu.tr\/psikoloji\/lisans-genel-bilgi\/#breadcrumb\",\"itemListElement\":[{\"@type\":\"ListItem\",\"position\":1,\"name\":\"Ana sayfa\",\"item\":\"http:\/\/ticaret.edu.tr\/psikoloji\/\"},{\"@type\":\"ListItem\",\"position\":2,\"name\":\"Genel Bilgi\"}]},{\"@type\":\"WebSite\",\"@id\":\"http:\/\/ticaret.edu.tr\/psikoloji\/#website\",\"url\":\"http:\/\/ticaret.edu.tr\/psikoloji\/\",\"name\":\"Psikoloji\",\"description\":\"\",\"potentialAction\":[{\"@type\":\"SearchAction\",\"target\":{\"@type\":\"EntryPoint\",\"urlTemplate\":\"http:\/\/ticaret.edu.tr\/psikoloji\/?s={search_term_string}\"},\"query-input\":\"required name=search_term_string\"}],\"inLanguage\":\"tr\"}]}<\/script>\n<!-- \/ Yoast SEO Premium plugin. -->","yoast_head_json":{"title":"Genel Bilgi - Psikoloji","robots":{"index":"index","follow":"follow","max-snippet":"max-snippet:-1","max-image-preview":"max-image-preview:large","max-video-preview":"max-video-preview:-1"},"canonical":"http:\/\/ticaret.edu.tr\/psikoloji\/lisans-genel-bilgi\/","og_locale":"tr_TR","og_type":"article","og_title":"Genel Bilgi","og_description":"Program Profili (Amac\u0131) \u0130stanbul Ticaret \u00dcniversitesi Psikoloji B\u00f6l\u00fcm\u00fc&#8217;n\u00fcn amac\u0131, \u00a0psikolojinin temel ilke ve kuramlar\u0131na hakim, bilimsel ve ele\u015ftirel d\u00fc\u015f\u00fcnebilme yetisine sahip, mesleki ve bilimsel etik ilkeler \u00e7er\u00e7evesinde hareket eden, bilgiyi sorgulama ve \u00fcretme becerilerine sahip bireyler yeti\u015ftirmektir. Psikoloji biliminin b\u00fct\u00fcn alt alanlar\u0131nda, \u00e7a\u011fda\u015f psikoloji bilgisini etik de\u011ferler \u00e7er\u00e7evesinde yetkinlikle uygulayabilen, kazand\u0131klar\u0131 becerileri hizmete d\u00f6n\u00fc\u015ft\u00fcrebilen, toplumsal [&hellip;]","og_url":"http:\/\/ticaret.edu.tr\/psikoloji\/lisans-genel-bilgi\/","og_site_name":"Psikoloji","article_publisher":"https:\/\/www.facebook.com\/ticaretedutr","article_modified_time":"2025-10-21T08:07:54+00:00","og_image":[{"width":1250,"height":833,"url":"http:\/\/ticaret.edu.tr\/psikoloji\/wp-content\/uploads\/sites\/28\/2021\/11\/web_logo-01.jpg","type":"image\/jpeg"}],"twitter_card":"summary_large_image","twitter_site":"@ticaretedutr","twitter_misc":{"Tahmini okuma s\u00fcresi":"1 dakika"},"schema":{"@context":"https:\/\/schema.org","@graph":[{"@type":"WebPage","@id":"http:\/\/ticaret.edu.tr\/psikoloji\/lisans-genel-bilgi\/","url":"http:\/\/ticaret.edu.tr\/psikoloji\/lisans-genel-bilgi\/","name":"Genel Bilgi - Psikoloji","isPartOf":{"@id":"http:\/\/ticaret.edu.tr\/psikoloji\/#website"},"datePublished":"2025-01-26T20:13:25+00:00","dateModified":"2025-10-21T08:07:54+00:00","breadcrumb":{"@id":"http:\/\/ticaret.edu.tr\/psikoloji\/lisans-genel-bilgi\/#breadcrumb"},"inLanguage":"tr","potentialAction":[{"@type":"ReadAction","target":["http:\/\/ticaret.edu.tr\/psikoloji\/lisans-genel-bilgi\/"]}]},{"@type":"BreadcrumbList","@id":"http:\/\/ticaret.edu.tr\/psikoloji\/lisans-genel-bilgi\/#breadcrumb","itemListElement":[{"@type":"ListItem","position":1,"name":"Ana sayfa","item":"http:\/\/ticaret.edu.tr\/psikoloji\/"},{"@type":"ListItem","position":2,"name":"Genel Bilgi"}]},{"@type":"WebSite","@id":"http:\/\/ticaret.edu.tr\/psikoloji\/#website","url":"http:\/\/ticaret.edu.tr\/psikoloji\/","name":"Psikoloji","description":"","potentialAction":[{"@type":"SearchAction","target":{"@type":"EntryPoint","urlTemplate":"http:\/\/ticaret.edu.tr\/psikoloji\/?s={search_term_string}"},"query-input":"required name=search_term_string"}],"inLanguage":"tr"}]}},"lang":"tr","translations":{"en":1369,"tr":1367},"pll_sync_post":[],"_links":{"self":[{"href":"http:\/\/ticaret.edu.tr\/psikoloji\/wp-json\/wp\/v2\/pages\/1367"}],"collection":[{"href":"http:\/\/ticaret.edu.tr\/psikoloji\/wp-json\/wp\/v2\/pages"}],"about":[{"href":"http:\/\/ticaret.edu.tr\/psikoloji\/wp-json\/wp\/v2\/types\/page"}],"author":[{"embeddable":true,"href":"http:\/\/ticaret.edu.tr\/psikoloji\/wp-json\/wp\/v2\/users\/43"}],"replies":[{"embeddable":true,"href":"http:\/\/ticaret.edu.tr\/psikoloji\/wp-json\/wp\/v2\/comments?post=1367"}],"version-history":[{"count":4,"href":"http:\/\/ticaret.edu.tr\/psikoloji\/wp-json\/wp\/v2\/pages\/1367\/revisions"}],"predecessor-version":[{"id":1907,"href":"http:\/\/ticaret.edu.tr\/psikoloji\/wp-json\/wp\/v2\/pages\/1367\/revisions\/1907"}],"wp:attachment":[{"href":"http:\/\/ticaret.edu.tr\/psikoloji\/wp-json\/wp\/v2\/media?parent=1367"}],"curies":[{"name":"wp","href":"https:\/\/api.w.org\/{rel}","templated":true}]}}