{"id":1379,"date":"2025-01-26T23:16:55","date_gmt":"2025-01-26T20:16:55","guid":{"rendered":"https:\/\/ticaret.edu.tr\/psikoloji\/?page_id=1379"},"modified":"2025-07-03T09:35:08","modified_gmt":"2025-07-03T06:35:08","slug":"program-egitim-amaclari","status":"publish","type":"page","link":"http:\/\/ticaret.edu.tr\/psikoloji\/program-egitim-amaclari\/","title":{"rendered":"Program E\u011fitim Ama\u00e7lar\u0131"},"content":{"rendered":"<table width=\"584\">\n<tbody>\n<tr>\n<td width=\"85\">\u00d6A1<\/td>\n<td width=\"499\">Psikolojinin temel kuramlar\u0131n\u0131, kavramlar\u0131n\u0131 ve alt alanlar\u0131n\u0131 bilir; bu bilgileri kuramsal ve uygulamal\u0131 s\u00fcre\u00e7lerde kullan\u0131r.<\/td>\n<\/tr>\n<tr>\n<td width=\"85\">\u00d6A2<\/td>\n<td width=\"499\">Psikolojik problemleri tan\u0131mlar, uygun analiz y\u00f6ntemlerini kullanarak yorumlar ve \u00e7\u00f6z\u00fcm \u00f6nerileri geli\u015ftirir.<\/td>\n<\/tr>\n<tr>\n<td width=\"85\">\u00d6A3<\/td>\n<td width=\"499\">Psikolojik ara\u015ft\u0131rmalarda bilimsel y\u00f6nteme uygun bi\u00e7imde veri toplar, analiz eder ve yorumlar.<\/td>\n<\/tr>\n<tr>\n<td width=\"85\">\u00d6A4<\/td>\n<td width=\"499\">Bireysel ve ekip \u00e7al\u0131\u015fmalar\u0131nda etkin rol al\u0131r, sorumluluk al\u0131r ve i\u015f birli\u011fine dayal\u0131 \u00fcretim ger\u00e7ekle\u015ftirir.<\/td>\n<\/tr>\n<tr>\n<td width=\"85\">&nbsp;<\/p>\n<p>\u00d6A5<\/td>\n<td width=\"499\">T\u00fcrk\u00e7e s\u00f6zl\u00fc ve yaz\u0131l\u0131 olarak kendini a\u00e7\u0131k ve etkili bir \u015fekilde ifade eder; psikoloji alan\u0131ndaki bilgileri uygun bi\u00e7imde aktar\u0131r.<\/td>\n<\/tr>\n<tr>\n<td width=\"85\">&nbsp;<\/p>\n<p>\u00d6A6<\/td>\n<td width=\"499\">Psikoloji alan\u0131ndaki bilimsel geli\u015fmeleri yabanc\u0131 dilde takip eder ve de\u011ferlendirir.<\/td>\n<\/tr>\n<tr>\n<td width=\"85\">\u00d6A7<\/td>\n<td width=\"499\">Psikolojik uygulamalarda etik ilkelere uygun davran\u0131r; bireysel, toplumsal ve evrensel sorumluluklar\u0131n\u0131n fark\u0131ndad\u0131r<\/td>\n<\/tr>\n<tr>\n<td width=\"85\">&nbsp;<\/p>\n<p>\u00d6A8<\/td>\n<td width=\"499\">Psikoloji alan\u0131nda bilgiye eri\u015fim, bili\u015fim teknolojileri ve dijital ara\u00e7lar\u0131 etkin bir bi\u00e7imde kullanarak ya\u015fam boyu \u00f6\u011frenme s\u00fcrecini s\u00fcrd\u00fcr\u00fcr.<\/td>\n<\/tr>\n<\/tbody>\n<\/table>\n","protected":false},"excerpt":{"rendered":"<p>\u00d6A1 Psikolojinin temel kuramlar\u0131n\u0131, kavramlar\u0131n\u0131 ve alt alanlar\u0131n\u0131 bilir; bu bilgileri kuramsal ve uygulamal\u0131 s\u00fcre\u00e7lerde kullan\u0131r. \u00d6A2 Psikolojik problemleri tan\u0131mlar, uygun analiz y\u00f6ntemlerini kullanarak yorumlar ve \u00e7\u00f6z\u00fcm \u00f6nerileri geli\u015ftirir. \u00d6A3 Psikolojik ara\u015ft\u0131rmalarda bilimsel y\u00f6nteme uygun bi\u00e7imde veri toplar, analiz eder ve yorumlar. \u00d6A4 Bireysel ve ekip \u00e7al\u0131\u015fmalar\u0131nda etkin rol al\u0131r, sorumluluk al\u0131r ve i\u015f birli\u011fine [&hellip;]<\/p>\n","protected":false},"author":43,"featured_media":0,"parent":0,"menu_order":0,"comment_status":"closed","ping_status":"closed","template":"genel_sayfa.php","meta":{"footnotes":""},"yoast_head":"<!-- This site is optimized with the Yoast SEO Premium plugin v22.1 (Yoast SEO v22.1) - https:\/\/yoast.com\/wordpress\/plugins\/seo\/ -->\n<title>Program E\u011fitim Ama\u00e7lar\u0131 - Psikoloji<\/title>\n<meta name=\"robots\" content=\"index, follow, max-snippet:-1, max-image-preview:large, max-video-preview:-1\" \/>\n<link rel=\"canonical\" href=\"http:\/\/ticaret.edu.tr\/psikoloji\/program-egitim-amaclari\/\" \/>\n<meta property=\"og:locale\" content=\"tr_TR\" \/>\n<meta property=\"og:type\" content=\"article\" \/>\n<meta property=\"og:title\" content=\"Program E\u011fitim Ama\u00e7lar\u0131\" \/>\n<meta property=\"og:description\" content=\"\u00d6A1 Psikolojinin temel kuramlar\u0131n\u0131, kavramlar\u0131n\u0131 ve alt alanlar\u0131n\u0131 bilir; bu bilgileri kuramsal ve uygulamal\u0131 s\u00fcre\u00e7lerde kullan\u0131r. \u00d6A2 Psikolojik problemleri tan\u0131mlar, uygun analiz y\u00f6ntemlerini kullanarak yorumlar ve \u00e7\u00f6z\u00fcm \u00f6nerileri geli\u015ftirir. \u00d6A3 Psikolojik ara\u015ft\u0131rmalarda bilimsel y\u00f6nteme uygun bi\u00e7imde veri toplar, analiz eder ve yorumlar. \u00d6A4 Bireysel ve ekip \u00e7al\u0131\u015fmalar\u0131nda etkin rol al\u0131r, sorumluluk al\u0131r ve i\u015f birli\u011fine [&hellip;]\" \/>\n<meta property=\"og:url\" content=\"http:\/\/ticaret.edu.tr\/psikoloji\/program-egitim-amaclari\/\" \/>\n<meta property=\"og:site_name\" content=\"Psikoloji\" \/>\n<meta property=\"article:publisher\" content=\"https:\/\/www.facebook.com\/ticaretedutr\" \/>\n<meta property=\"article:modified_time\" content=\"2025-07-03T06:35:08+00:00\" \/>\n<meta property=\"og:image\" content=\"http:\/\/ticaret.edu.tr\/psikoloji\/wp-content\/uploads\/sites\/28\/2021\/11\/web_logo-01.jpg\" \/>\n\t<meta property=\"og:image:width\" content=\"1250\" \/>\n\t<meta property=\"og:image:height\" content=\"833\" \/>\n\t<meta property=\"og:image:type\" content=\"image\/jpeg\" \/>\n<meta name=\"twitter:card\" content=\"summary_large_image\" \/>\n<meta name=\"twitter:site\" content=\"@ticaretedutr\" \/>\n<meta name=\"twitter:label1\" content=\"Tahmini okuma s\u00fcresi\" \/>\n\t<meta name=\"twitter:data1\" content=\"1 dakika\" \/>\n<script type=\"application\/ld+json\" class=\"yoast-schema-graph\">{\"@context\":\"https:\/\/schema.org\",\"@graph\":[{\"@type\":\"WebPage\",\"@id\":\"http:\/\/ticaret.edu.tr\/psikoloji\/program-egitim-amaclari\/\",\"url\":\"http:\/\/ticaret.edu.tr\/psikoloji\/program-egitim-amaclari\/\",\"name\":\"Program E\u011fitim Ama\u00e7lar\u0131 - Psikoloji\",\"isPartOf\":{\"@id\":\"http:\/\/ticaret.edu.tr\/psikoloji\/#website\"},\"datePublished\":\"2025-01-26T20:16:55+00:00\",\"dateModified\":\"2025-07-03T06:35:08+00:00\",\"breadcrumb\":{\"@id\":\"http:\/\/ticaret.edu.tr\/psikoloji\/program-egitim-amaclari\/#breadcrumb\"},\"inLanguage\":\"tr\",\"potentialAction\":[{\"@type\":\"ReadAction\",\"target\":[\"http:\/\/ticaret.edu.tr\/psikoloji\/program-egitim-amaclari\/\"]}]},{\"@type\":\"BreadcrumbList\",\"@id\":\"http:\/\/ticaret.edu.tr\/psikoloji\/program-egitim-amaclari\/#breadcrumb\",\"itemListElement\":[{\"@type\":\"ListItem\",\"position\":1,\"name\":\"Ana sayfa\",\"item\":\"http:\/\/ticaret.edu.tr\/psikoloji\/\"},{\"@type\":\"ListItem\",\"position\":2,\"name\":\"Program E\u011fitim Ama\u00e7lar\u0131\"}]},{\"@type\":\"WebSite\",\"@id\":\"http:\/\/ticaret.edu.tr\/psikoloji\/#website\",\"url\":\"http:\/\/ticaret.edu.tr\/psikoloji\/\",\"name\":\"Psikoloji\",\"description\":\"\",\"potentialAction\":[{\"@type\":\"SearchAction\",\"target\":{\"@type\":\"EntryPoint\",\"urlTemplate\":\"http:\/\/ticaret.edu.tr\/psikoloji\/?s={search_term_string}\"},\"query-input\":\"required name=search_term_string\"}],\"inLanguage\":\"tr\"}]}<\/script>\n<!-- \/ Yoast SEO Premium plugin. -->","yoast_head_json":{"title":"Program E\u011fitim Ama\u00e7lar\u0131 - Psikoloji","robots":{"index":"index","follow":"follow","max-snippet":"max-snippet:-1","max-image-preview":"max-image-preview:large","max-video-preview":"max-video-preview:-1"},"canonical":"http:\/\/ticaret.edu.tr\/psikoloji\/program-egitim-amaclari\/","og_locale":"tr_TR","og_type":"article","og_title":"Program E\u011fitim Ama\u00e7lar\u0131","og_description":"\u00d6A1 Psikolojinin temel kuramlar\u0131n\u0131, kavramlar\u0131n\u0131 ve alt alanlar\u0131n\u0131 bilir; bu bilgileri kuramsal ve uygulamal\u0131 s\u00fcre\u00e7lerde kullan\u0131r. \u00d6A2 Psikolojik problemleri tan\u0131mlar, uygun analiz y\u00f6ntemlerini kullanarak yorumlar ve \u00e7\u00f6z\u00fcm \u00f6nerileri geli\u015ftirir. \u00d6A3 Psikolojik ara\u015ft\u0131rmalarda bilimsel y\u00f6nteme uygun bi\u00e7imde veri toplar, analiz eder ve yorumlar. \u00d6A4 Bireysel ve ekip \u00e7al\u0131\u015fmalar\u0131nda etkin rol al\u0131r, sorumluluk al\u0131r ve i\u015f birli\u011fine [&hellip;]","og_url":"http:\/\/ticaret.edu.tr\/psikoloji\/program-egitim-amaclari\/","og_site_name":"Psikoloji","article_publisher":"https:\/\/www.facebook.com\/ticaretedutr","article_modified_time":"2025-07-03T06:35:08+00:00","og_image":[{"width":1250,"height":833,"url":"http:\/\/ticaret.edu.tr\/psikoloji\/wp-content\/uploads\/sites\/28\/2021\/11\/web_logo-01.jpg","type":"image\/jpeg"}],"twitter_card":"summary_large_image","twitter_site":"@ticaretedutr","twitter_misc":{"Tahmini okuma s\u00fcresi":"1 dakika"},"schema":{"@context":"https:\/\/schema.org","@graph":[{"@type":"WebPage","@id":"http:\/\/ticaret.edu.tr\/psikoloji\/program-egitim-amaclari\/","url":"http:\/\/ticaret.edu.tr\/psikoloji\/program-egitim-amaclari\/","name":"Program E\u011fitim Ama\u00e7lar\u0131 - Psikoloji","isPartOf":{"@id":"http:\/\/ticaret.edu.tr\/psikoloji\/#website"},"datePublished":"2025-01-26T20:16:55+00:00","dateModified":"2025-07-03T06:35:08+00:00","breadcrumb":{"@id":"http:\/\/ticaret.edu.tr\/psikoloji\/program-egitim-amaclari\/#breadcrumb"},"inLanguage":"tr","potentialAction":[{"@type":"ReadAction","target":["http:\/\/ticaret.edu.tr\/psikoloji\/program-egitim-amaclari\/"]}]},{"@type":"BreadcrumbList","@id":"http:\/\/ticaret.edu.tr\/psikoloji\/program-egitim-amaclari\/#breadcrumb","itemListElement":[{"@type":"ListItem","position":1,"name":"Ana sayfa","item":"http:\/\/ticaret.edu.tr\/psikoloji\/"},{"@type":"ListItem","position":2,"name":"Program E\u011fitim Ama\u00e7lar\u0131"}]},{"@type":"WebSite","@id":"http:\/\/ticaret.edu.tr\/psikoloji\/#website","url":"http:\/\/ticaret.edu.tr\/psikoloji\/","name":"Psikoloji","description":"","potentialAction":[{"@type":"SearchAction","target":{"@type":"EntryPoint","urlTemplate":"http:\/\/ticaret.edu.tr\/psikoloji\/?s={search_term_string}"},"query-input":"required name=search_term_string"}],"inLanguage":"tr"}]}},"lang":"tr","translations":{"en":1381,"tr":1379},"pll_sync_post":[],"_links":{"self":[{"href":"http:\/\/ticaret.edu.tr\/psikoloji\/wp-json\/wp\/v2\/pages\/1379"}],"collection":[{"href":"http:\/\/ticaret.edu.tr\/psikoloji\/wp-json\/wp\/v2\/pages"}],"about":[{"href":"http:\/\/ticaret.edu.tr\/psikoloji\/wp-json\/wp\/v2\/types\/page"}],"author":[{"embeddable":true,"href":"http:\/\/ticaret.edu.tr\/psikoloji\/wp-json\/wp\/v2\/users\/43"}],"replies":[{"embeddable":true,"href":"http:\/\/ticaret.edu.tr\/psikoloji\/wp-json\/wp\/v2\/comments?post=1379"}],"version-history":[{"count":2,"href":"http:\/\/ticaret.edu.tr\/psikoloji\/wp-json\/wp\/v2\/pages\/1379\/revisions"}],"predecessor-version":[{"id":1835,"href":"http:\/\/ticaret.edu.tr\/psikoloji\/wp-json\/wp\/v2\/pages\/1379\/revisions\/1835"}],"wp:attachment":[{"href":"http:\/\/ticaret.edu.tr\/psikoloji\/wp-json\/wp\/v2\/media?parent=1379"}],"curies":[{"name":"wp","href":"https:\/\/api.w.org\/{rel}","templated":true}]}}