{"id":1383,"date":"2025-01-26T23:18:31","date_gmt":"2025-01-26T20:18:31","guid":{"rendered":"https:\/\/ticaret.edu.tr\/psikoloji\/?page_id=1383"},"modified":"2025-02-11T17:03:12","modified_gmt":"2025-02-11T14:03:12","slug":"program-ogretim-ciktilari","status":"publish","type":"page","link":"http:\/\/ticaret.edu.tr\/psikoloji\/program-ogretim-ciktilari\/","title":{"rendered":"Program \u00d6\u011fretim \u00c7\u0131kt\u0131lar\u0131"},"content":{"rendered":"<table width=\"100%\">\n<tbody>\n<tr>\n<td><strong>No<\/strong><\/td>\n<td width=\"93%\"><strong>Program \u00d6\u011frenim \u00c7\u0131kt\u0131lar\u0131<\/strong><\/td>\n<\/tr>\n<tr>\n<td>1<\/td>\n<td width=\"93%\">Psikolojinin temel ilkelerini, kavramlar\u0131n\u0131, tarihsel geli\u015fimi ve farkl\u0131 kuramsal yakla\u015f\u0131mlar\u0131 kavramak<\/td>\n<\/tr>\n<tr>\n<td>2<\/td>\n<td width=\"93%\">Psikolojinin farkl\u0131 alt alanlar\u0131n\u0131 tan\u0131mak, bu alanlar\u0131n \u00e7al\u0131\u015fma konular\u0131n\u0131, ara\u015ft\u0131rma y\u00f6ntemlerini ve\u00a0 g\u00f6rev yapan psikologlar\u0131n sorumluluklar\u0131na dair bilgi sahibi olmak<\/td>\n<\/tr>\n<tr>\n<td>3<\/td>\n<td width=\"93%\">Psikolojik bilgiyi ele\u015ftirel ve analitik bir \u015fekilde de\u011ferlendirme ve bilimsel yakla\u015f\u0131m\u0131 kullanarak \u00e7\u00f6z\u00fcm \u00f6nerileri geli\u015ftirme becerisi kazanmak<\/td>\n<\/tr>\n<tr>\n<td>4<\/td>\n<td width=\"93%\">Alan\u0131ndaki geli\u015fmeleri izleme ve ya\u015fam boyu \u00f6\u011frenme anlay\u0131\u015f\u0131yla kendini s\u00fcrekli yenileme yetkinli\u011fi<\/td>\n<\/tr>\n<tr>\n<td>5<\/td>\n<td width=\"93%\">Psikolojiye dair teorik bilgi ile uygulamaya y\u00f6nelik temel becerileri bir arada kullanabilmek<\/td>\n<\/tr>\n<tr>\n<td>6<\/td>\n<td width=\"93%\">Elde edilen bilgi ve d\u00fc\u015f\u00fcnceleri hem s\u00f6zl\u00fc hem de yaz\u0131l\u0131 bi\u00e7imde ifade edebilme becerisi edinmek<\/td>\n<\/tr>\n<tr>\n<td>7<\/td>\n<td width=\"93%\">Psikolojik ara\u015ft\u0131rmalar i\u00e7in uygun nitel ve nicel y\u00f6ntemleri tasarlama, veri toplama, uygun istatistiksel analiz y\u00f6ntemini kullanmak ve raporlama becerisi geli\u015ftirmek<\/td>\n<\/tr>\n<tr>\n<td>8<\/td>\n<td width=\"93%\">G\u00f6zlem yapma ve g\u00f6r\u00fc\u015fme tekniklerine ili\u015fkin temel d\u00fczeyde bilgiye ve uygulama yetkinli\u011fine sahip olmak.<\/td>\n<\/tr>\n<tr>\n<td>9<\/td>\n<td width=\"93%\">Psikoloji uygulamalar\u0131nda ve ara\u015ft\u0131rmalar\u0131nda etik ilkelerin ve mesleki sorumluluklar\u0131n\u0131n fark\u0131nda olmak ve uygulamak.<\/td>\n<\/tr>\n<tr>\n<td>10<\/td>\n<td width=\"93%\">K\u00fclt\u00fcrel farkl\u0131l\u0131klar\u0131n birey ve toplumsal davran\u0131\u015flar \u00fczerindeki etkilerini analiz edebilmek ve k\u00fclt\u00fcrleraras\u0131 duyarl\u0131l\u0131k kazanmak<\/td>\n<\/tr>\n<tr>\n<td>11<\/td>\n<td width=\"93%\">Ki\u015fileraras\u0131 ili\u015fkiler, grup dinamikleri ve toplumsal s\u00fcre\u00e7leri psikoloji biliminin perspektifiyle de\u011ferlendirme becerisi geli\u015ftirmek<\/td>\n<\/tr>\n<tr>\n<td>12<\/td>\n<td width=\"93%\">\u0130nsan davran\u0131\u015f\u0131n\u0131n biyolojik, fizyolojik, bili\u015fsel, duygusal ve sosyal boyutlar\u0131n\u0131 kavramak ve analiz edebilmek<\/td>\n<\/tr>\n<\/tbody>\n<\/table>\n","protected":false},"excerpt":{"rendered":"<p>No Program \u00d6\u011frenim \u00c7\u0131kt\u0131lar\u0131 1 Psikolojinin temel ilkelerini, kavramlar\u0131n\u0131, tarihsel geli\u015fimi ve farkl\u0131 kuramsal yakla\u015f\u0131mlar\u0131 kavramak 2 Psikolojinin farkl\u0131 alt alanlar\u0131n\u0131 tan\u0131mak, bu alanlar\u0131n \u00e7al\u0131\u015fma konular\u0131n\u0131, ara\u015ft\u0131rma y\u00f6ntemlerini ve\u00a0 g\u00f6rev yapan psikologlar\u0131n sorumluluklar\u0131na dair bilgi sahibi olmak 3 Psikolojik bilgiyi ele\u015ftirel ve analitik bir \u015fekilde de\u011ferlendirme ve bilimsel yakla\u015f\u0131m\u0131 kullanarak \u00e7\u00f6z\u00fcm \u00f6nerileri geli\u015ftirme becerisi kazanmak [&hellip;]<\/p>\n","protected":false},"author":43,"featured_media":0,"parent":0,"menu_order":0,"comment_status":"closed","ping_status":"closed","template":"genel_sayfa.php","meta":{"footnotes":""},"yoast_head":"<!-- This site is optimized with the Yoast SEO Premium plugin v22.1 (Yoast SEO v22.1) - https:\/\/yoast.com\/wordpress\/plugins\/seo\/ -->\n<title>Program \u00d6\u011fretim \u00c7\u0131kt\u0131lar\u0131 - Psikoloji<\/title>\n<meta name=\"robots\" content=\"index, follow, max-snippet:-1, max-image-preview:large, max-video-preview:-1\" \/>\n<link rel=\"canonical\" href=\"http:\/\/ticaret.edu.tr\/psikoloji\/program-ogretim-ciktilari\/\" \/>\n<meta property=\"og:locale\" content=\"tr_TR\" \/>\n<meta property=\"og:type\" content=\"article\" \/>\n<meta property=\"og:title\" content=\"Program \u00d6\u011fretim \u00c7\u0131kt\u0131lar\u0131\" \/>\n<meta property=\"og:description\" content=\"No Program \u00d6\u011frenim \u00c7\u0131kt\u0131lar\u0131 1 Psikolojinin temel ilkelerini, kavramlar\u0131n\u0131, tarihsel geli\u015fimi ve farkl\u0131 kuramsal yakla\u015f\u0131mlar\u0131 kavramak 2 Psikolojinin farkl\u0131 alt alanlar\u0131n\u0131 tan\u0131mak, bu alanlar\u0131n \u00e7al\u0131\u015fma konular\u0131n\u0131, ara\u015ft\u0131rma y\u00f6ntemlerini ve\u00a0 g\u00f6rev yapan psikologlar\u0131n sorumluluklar\u0131na dair bilgi sahibi olmak 3 Psikolojik bilgiyi ele\u015ftirel ve analitik bir \u015fekilde de\u011ferlendirme ve bilimsel yakla\u015f\u0131m\u0131 kullanarak \u00e7\u00f6z\u00fcm \u00f6nerileri geli\u015ftirme becerisi kazanmak [&hellip;]\" \/>\n<meta property=\"og:url\" content=\"http:\/\/ticaret.edu.tr\/psikoloji\/program-ogretim-ciktilari\/\" \/>\n<meta property=\"og:site_name\" content=\"Psikoloji\" \/>\n<meta property=\"article:publisher\" content=\"https:\/\/www.facebook.com\/ticaretedutr\" \/>\n<meta property=\"article:modified_time\" content=\"2025-02-11T14:03:12+00:00\" \/>\n<meta property=\"og:image\" content=\"http:\/\/ticaret.edu.tr\/psikoloji\/wp-content\/uploads\/sites\/28\/2021\/11\/web_logo-01.jpg\" \/>\n\t<meta property=\"og:image:width\" content=\"1250\" \/>\n\t<meta property=\"og:image:height\" content=\"833\" \/>\n\t<meta property=\"og:image:type\" content=\"image\/jpeg\" \/>\n<meta name=\"twitter:card\" content=\"summary_large_image\" \/>\n<meta name=\"twitter:site\" content=\"@ticaretedutr\" \/>\n<meta name=\"twitter:label1\" content=\"Tahmini okuma s\u00fcresi\" \/>\n\t<meta name=\"twitter:data1\" content=\"2 dakika\" \/>\n<script type=\"application\/ld+json\" class=\"yoast-schema-graph\">{\"@context\":\"https:\/\/schema.org\",\"@graph\":[{\"@type\":\"WebPage\",\"@id\":\"http:\/\/ticaret.edu.tr\/psikoloji\/program-ogretim-ciktilari\/\",\"url\":\"http:\/\/ticaret.edu.tr\/psikoloji\/program-ogretim-ciktilari\/\",\"name\":\"Program \u00d6\u011fretim \u00c7\u0131kt\u0131lar\u0131 - Psikoloji\",\"isPartOf\":{\"@id\":\"http:\/\/ticaret.edu.tr\/psikoloji\/#website\"},\"datePublished\":\"2025-01-26T20:18:31+00:00\",\"dateModified\":\"2025-02-11T14:03:12+00:00\",\"breadcrumb\":{\"@id\":\"http:\/\/ticaret.edu.tr\/psikoloji\/program-ogretim-ciktilari\/#breadcrumb\"},\"inLanguage\":\"tr\",\"potentialAction\":[{\"@type\":\"ReadAction\",\"target\":[\"http:\/\/ticaret.edu.tr\/psikoloji\/program-ogretim-ciktilari\/\"]}]},{\"@type\":\"BreadcrumbList\",\"@id\":\"http:\/\/ticaret.edu.tr\/psikoloji\/program-ogretim-ciktilari\/#breadcrumb\",\"itemListElement\":[{\"@type\":\"ListItem\",\"position\":1,\"name\":\"Ana sayfa\",\"item\":\"http:\/\/ticaret.edu.tr\/psikoloji\/\"},{\"@type\":\"ListItem\",\"position\":2,\"name\":\"Program \u00d6\u011fretim \u00c7\u0131kt\u0131lar\u0131\"}]},{\"@type\":\"WebSite\",\"@id\":\"http:\/\/ticaret.edu.tr\/psikoloji\/#website\",\"url\":\"http:\/\/ticaret.edu.tr\/psikoloji\/\",\"name\":\"Psikoloji\",\"description\":\"\",\"potentialAction\":[{\"@type\":\"SearchAction\",\"target\":{\"@type\":\"EntryPoint\",\"urlTemplate\":\"http:\/\/ticaret.edu.tr\/psikoloji\/?s={search_term_string}\"},\"query-input\":\"required name=search_term_string\"}],\"inLanguage\":\"tr\"}]}<\/script>\n<!-- \/ Yoast SEO Premium plugin. -->","yoast_head_json":{"title":"Program \u00d6\u011fretim \u00c7\u0131kt\u0131lar\u0131 - Psikoloji","robots":{"index":"index","follow":"follow","max-snippet":"max-snippet:-1","max-image-preview":"max-image-preview:large","max-video-preview":"max-video-preview:-1"},"canonical":"http:\/\/ticaret.edu.tr\/psikoloji\/program-ogretim-ciktilari\/","og_locale":"tr_TR","og_type":"article","og_title":"Program \u00d6\u011fretim \u00c7\u0131kt\u0131lar\u0131","og_description":"No Program \u00d6\u011frenim \u00c7\u0131kt\u0131lar\u0131 1 Psikolojinin temel ilkelerini, kavramlar\u0131n\u0131, tarihsel geli\u015fimi ve farkl\u0131 kuramsal yakla\u015f\u0131mlar\u0131 kavramak 2 Psikolojinin farkl\u0131 alt alanlar\u0131n\u0131 tan\u0131mak, bu alanlar\u0131n \u00e7al\u0131\u015fma konular\u0131n\u0131, ara\u015ft\u0131rma y\u00f6ntemlerini ve\u00a0 g\u00f6rev yapan psikologlar\u0131n sorumluluklar\u0131na dair bilgi sahibi olmak 3 Psikolojik bilgiyi ele\u015ftirel ve analitik bir \u015fekilde de\u011ferlendirme ve bilimsel yakla\u015f\u0131m\u0131 kullanarak \u00e7\u00f6z\u00fcm \u00f6nerileri geli\u015ftirme becerisi kazanmak [&hellip;]","og_url":"http:\/\/ticaret.edu.tr\/psikoloji\/program-ogretim-ciktilari\/","og_site_name":"Psikoloji","article_publisher":"https:\/\/www.facebook.com\/ticaretedutr","article_modified_time":"2025-02-11T14:03:12+00:00","og_image":[{"width":1250,"height":833,"url":"http:\/\/ticaret.edu.tr\/psikoloji\/wp-content\/uploads\/sites\/28\/2021\/11\/web_logo-01.jpg","type":"image\/jpeg"}],"twitter_card":"summary_large_image","twitter_site":"@ticaretedutr","twitter_misc":{"Tahmini okuma s\u00fcresi":"2 dakika"},"schema":{"@context":"https:\/\/schema.org","@graph":[{"@type":"WebPage","@id":"http:\/\/ticaret.edu.tr\/psikoloji\/program-ogretim-ciktilari\/","url":"http:\/\/ticaret.edu.tr\/psikoloji\/program-ogretim-ciktilari\/","name":"Program \u00d6\u011fretim \u00c7\u0131kt\u0131lar\u0131 - Psikoloji","isPartOf":{"@id":"http:\/\/ticaret.edu.tr\/psikoloji\/#website"},"datePublished":"2025-01-26T20:18:31+00:00","dateModified":"2025-02-11T14:03:12+00:00","breadcrumb":{"@id":"http:\/\/ticaret.edu.tr\/psikoloji\/program-ogretim-ciktilari\/#breadcrumb"},"inLanguage":"tr","potentialAction":[{"@type":"ReadAction","target":["http:\/\/ticaret.edu.tr\/psikoloji\/program-ogretim-ciktilari\/"]}]},{"@type":"BreadcrumbList","@id":"http:\/\/ticaret.edu.tr\/psikoloji\/program-ogretim-ciktilari\/#breadcrumb","itemListElement":[{"@type":"ListItem","position":1,"name":"Ana sayfa","item":"http:\/\/ticaret.edu.tr\/psikoloji\/"},{"@type":"ListItem","position":2,"name":"Program \u00d6\u011fretim \u00c7\u0131kt\u0131lar\u0131"}]},{"@type":"WebSite","@id":"http:\/\/ticaret.edu.tr\/psikoloji\/#website","url":"http:\/\/ticaret.edu.tr\/psikoloji\/","name":"Psikoloji","description":"","potentialAction":[{"@type":"SearchAction","target":{"@type":"EntryPoint","urlTemplate":"http:\/\/ticaret.edu.tr\/psikoloji\/?s={search_term_string}"},"query-input":"required name=search_term_string"}],"inLanguage":"tr"}]}},"lang":"tr","translations":{"en":1385,"tr":1383},"pll_sync_post":[],"_links":{"self":[{"href":"http:\/\/ticaret.edu.tr\/psikoloji\/wp-json\/wp\/v2\/pages\/1383"}],"collection":[{"href":"http:\/\/ticaret.edu.tr\/psikoloji\/wp-json\/wp\/v2\/pages"}],"about":[{"href":"http:\/\/ticaret.edu.tr\/psikoloji\/wp-json\/wp\/v2\/types\/page"}],"author":[{"embeddable":true,"href":"http:\/\/ticaret.edu.tr\/psikoloji\/wp-json\/wp\/v2\/users\/43"}],"replies":[{"embeddable":true,"href":"http:\/\/ticaret.edu.tr\/psikoloji\/wp-json\/wp\/v2\/comments?post=1383"}],"version-history":[{"count":3,"href":"http:\/\/ticaret.edu.tr\/psikoloji\/wp-json\/wp\/v2\/pages\/1383\/revisions"}],"predecessor-version":[{"id":1685,"href":"http:\/\/ticaret.edu.tr\/psikoloji\/wp-json\/wp\/v2\/pages\/1383\/revisions\/1685"}],"wp:attachment":[{"href":"http:\/\/ticaret.edu.tr\/psikoloji\/wp-json\/wp\/v2\/media?parent=1383"}],"curies":[{"name":"wp","href":"https:\/\/api.w.org\/{rel}","templated":true}]}}