{"id":1399,"date":"2025-01-26T23:23:21","date_gmt":"2025-01-26T20:23:21","guid":{"rendered":"https:\/\/ticaret.edu.tr\/psikoloji\/?page_id=1399"},"modified":"2025-10-21T09:56:11","modified_gmt":"2025-10-21T06:56:11","slug":"kazanilan-derece-gereklilikleri-ve-kurallar","status":"publish","type":"page","link":"http:\/\/ticaret.edu.tr\/psikoloji\/kazanilan-derece-gereklilikleri-ve-kurallar\/","title":{"rendered":"Kazan\u0131lan Derece Gereklilikleri ve Kurallar"},"content":{"rendered":"<ul>\n<li data-start=\"92\" data-end=\"264\">Psikoloji Lisans Program\u0131\u2019nda mezuniyet i\u00e7in gerekli kredi, Y\u00fcksek\u00f6\u011fretim Kurulu (Y\u00d6K) taraf\u0131ndan belirlenen zorunlu dersler d\u00e2hil olmak \u00fczere en az 240 AKTS\u2019dir.<\/li>\n<li data-start=\"266\" data-end=\"302\">\u00d6\u011frencilerin mezun olabilmeleri i\u00e7in program kapsam\u0131ndaki t\u00fcm zorunlu ve se\u00e7meli dersleri tamamlamalar\u0131, stajlar\u0131n\u0131 bitirmeleri ve Bitirme Projesi\u2019nden ba\u015far\u0131l\u0131 olmalar\u0131 gerekmektedir.<\/li>\n<li data-start=\"444\" data-end=\"623\">T\u00fcm derslerinden ba\u015far\u0131l\u0131 olan ve gerekli kredi y\u00fck\u00fcn\u00fc en az 2.00 Genel Not Ortalamas\u0131 (GNO) ile tamamlayan \u00f6\u011frenciler, Psikoloji Lisans diplomas\u0131 almaya hak kazan\u0131rlar.<\/li>\n<li data-start=\"625\" data-end=\"839\">Mezuniyet i\u00e7in gerekli b\u00fct\u00fcn dersleri ba\u015far\u0131yla tamamlam\u0131\u015f ancak GNO\u2019su 2.00\u2019nin alt\u0131nda kalan \u00f6\u011frenciler, istedikleri derslerin ortalama y\u00fckseltme s\u0131nav\u0131na girerek notlar\u0131n\u0131 iyile\u015ftirme hakk\u0131na sahiptir.<\/li>\n<\/ul>\n","protected":false},"excerpt":{"rendered":"<p>Psikoloji Lisans Program\u0131\u2019nda mezuniyet i\u00e7in gerekli kredi, Y\u00fcksek\u00f6\u011fretim Kurulu (Y\u00d6K) taraf\u0131ndan belirlenen zorunlu dersler d\u00e2hil olmak \u00fczere en az 240 AKTS\u2019dir. \u00d6\u011frencilerin mezun olabilmeleri i\u00e7in program kapsam\u0131ndaki t\u00fcm zorunlu ve se\u00e7meli dersleri tamamlamalar\u0131, stajlar\u0131n\u0131 bitirmeleri ve Bitirme Projesi\u2019nden ba\u015far\u0131l\u0131 olmalar\u0131 gerekmektedir. T\u00fcm derslerinden ba\u015far\u0131l\u0131 olan ve gerekli kredi y\u00fck\u00fcn\u00fc en az 2.00 Genel Not Ortalamas\u0131 [&hellip;]<\/p>\n","protected":false},"author":43,"featured_media":0,"parent":0,"menu_order":0,"comment_status":"closed","ping_status":"closed","template":"genel_sayfa.php","meta":{"footnotes":""},"yoast_head":"<!-- This site is optimized with the Yoast SEO Premium plugin v22.1 (Yoast SEO v22.1) - https:\/\/yoast.com\/wordpress\/plugins\/seo\/ -->\n<title>Kazan\u0131lan Derece Gereklilikleri ve Kurallar - Psikoloji<\/title>\n<meta name=\"robots\" content=\"index, follow, max-snippet:-1, max-image-preview:large, max-video-preview:-1\" \/>\n<link rel=\"canonical\" href=\"http:\/\/ticaret.edu.tr\/psikoloji\/kazanilan-derece-gereklilikleri-ve-kurallar\/\" \/>\n<meta property=\"og:locale\" content=\"tr_TR\" \/>\n<meta property=\"og:type\" content=\"article\" \/>\n<meta property=\"og:title\" content=\"Kazan\u0131lan Derece Gereklilikleri ve Kurallar\" \/>\n<meta property=\"og:description\" content=\"Psikoloji Lisans Program\u0131\u2019nda mezuniyet i\u00e7in gerekli kredi, Y\u00fcksek\u00f6\u011fretim Kurulu (Y\u00d6K) taraf\u0131ndan belirlenen zorunlu dersler d\u00e2hil olmak \u00fczere en az 240 AKTS\u2019dir. \u00d6\u011frencilerin mezun olabilmeleri i\u00e7in program kapsam\u0131ndaki t\u00fcm zorunlu ve se\u00e7meli dersleri tamamlamalar\u0131, stajlar\u0131n\u0131 bitirmeleri ve Bitirme Projesi\u2019nden ba\u015far\u0131l\u0131 olmalar\u0131 gerekmektedir. T\u00fcm derslerinden ba\u015far\u0131l\u0131 olan ve gerekli kredi y\u00fck\u00fcn\u00fc en az 2.00 Genel Not Ortalamas\u0131 [&hellip;]\" \/>\n<meta property=\"og:url\" content=\"http:\/\/ticaret.edu.tr\/psikoloji\/kazanilan-derece-gereklilikleri-ve-kurallar\/\" \/>\n<meta property=\"og:site_name\" content=\"Psikoloji\" \/>\n<meta property=\"article:publisher\" content=\"https:\/\/www.facebook.com\/ticaretedutr\" \/>\n<meta property=\"article:modified_time\" content=\"2025-10-21T06:56:11+00:00\" \/>\n<meta property=\"og:image\" content=\"http:\/\/ticaret.edu.tr\/psikoloji\/wp-content\/uploads\/sites\/28\/2021\/11\/web_logo-01.jpg\" \/>\n\t<meta property=\"og:image:width\" content=\"1250\" \/>\n\t<meta property=\"og:image:height\" content=\"833\" \/>\n\t<meta property=\"og:image:type\" content=\"image\/jpeg\" \/>\n<meta name=\"twitter:card\" content=\"summary_large_image\" \/>\n<meta name=\"twitter:site\" content=\"@ticaretedutr\" \/>\n<meta name=\"twitter:label1\" content=\"Tahmini okuma s\u00fcresi\" \/>\n\t<meta name=\"twitter:data1\" content=\"1 dakika\" \/>\n<script type=\"application\/ld+json\" class=\"yoast-schema-graph\">{\"@context\":\"https:\/\/schema.org\",\"@graph\":[{\"@type\":\"WebPage\",\"@id\":\"http:\/\/ticaret.edu.tr\/psikoloji\/kazanilan-derece-gereklilikleri-ve-kurallar\/\",\"url\":\"http:\/\/ticaret.edu.tr\/psikoloji\/kazanilan-derece-gereklilikleri-ve-kurallar\/\",\"name\":\"Kazan\u0131lan Derece Gereklilikleri ve Kurallar - Psikoloji\",\"isPartOf\":{\"@id\":\"http:\/\/ticaret.edu.tr\/psikoloji\/#website\"},\"datePublished\":\"2025-01-26T20:23:21+00:00\",\"dateModified\":\"2025-10-21T06:56:11+00:00\",\"breadcrumb\":{\"@id\":\"http:\/\/ticaret.edu.tr\/psikoloji\/kazanilan-derece-gereklilikleri-ve-kurallar\/#breadcrumb\"},\"inLanguage\":\"tr\",\"potentialAction\":[{\"@type\":\"ReadAction\",\"target\":[\"http:\/\/ticaret.edu.tr\/psikoloji\/kazanilan-derece-gereklilikleri-ve-kurallar\/\"]}]},{\"@type\":\"BreadcrumbList\",\"@id\":\"http:\/\/ticaret.edu.tr\/psikoloji\/kazanilan-derece-gereklilikleri-ve-kurallar\/#breadcrumb\",\"itemListElement\":[{\"@type\":\"ListItem\",\"position\":1,\"name\":\"Ana sayfa\",\"item\":\"http:\/\/ticaret.edu.tr\/psikoloji\/\"},{\"@type\":\"ListItem\",\"position\":2,\"name\":\"Kazan\u0131lan Derece Gereklilikleri ve Kurallar\"}]},{\"@type\":\"WebSite\",\"@id\":\"http:\/\/ticaret.edu.tr\/psikoloji\/#website\",\"url\":\"http:\/\/ticaret.edu.tr\/psikoloji\/\",\"name\":\"Psikoloji\",\"description\":\"\",\"potentialAction\":[{\"@type\":\"SearchAction\",\"target\":{\"@type\":\"EntryPoint\",\"urlTemplate\":\"http:\/\/ticaret.edu.tr\/psikoloji\/?s={search_term_string}\"},\"query-input\":\"required name=search_term_string\"}],\"inLanguage\":\"tr\"}]}<\/script>\n<!-- \/ Yoast SEO Premium plugin. -->","yoast_head_json":{"title":"Kazan\u0131lan Derece Gereklilikleri ve Kurallar - Psikoloji","robots":{"index":"index","follow":"follow","max-snippet":"max-snippet:-1","max-image-preview":"max-image-preview:large","max-video-preview":"max-video-preview:-1"},"canonical":"http:\/\/ticaret.edu.tr\/psikoloji\/kazanilan-derece-gereklilikleri-ve-kurallar\/","og_locale":"tr_TR","og_type":"article","og_title":"Kazan\u0131lan Derece Gereklilikleri ve Kurallar","og_description":"Psikoloji Lisans Program\u0131\u2019nda mezuniyet i\u00e7in gerekli kredi, Y\u00fcksek\u00f6\u011fretim Kurulu (Y\u00d6K) taraf\u0131ndan belirlenen zorunlu dersler d\u00e2hil olmak \u00fczere en az 240 AKTS\u2019dir. \u00d6\u011frencilerin mezun olabilmeleri i\u00e7in program kapsam\u0131ndaki t\u00fcm zorunlu ve se\u00e7meli dersleri tamamlamalar\u0131, stajlar\u0131n\u0131 bitirmeleri ve Bitirme Projesi\u2019nden ba\u015far\u0131l\u0131 olmalar\u0131 gerekmektedir. T\u00fcm derslerinden ba\u015far\u0131l\u0131 olan ve gerekli kredi y\u00fck\u00fcn\u00fc en az 2.00 Genel Not Ortalamas\u0131 [&hellip;]","og_url":"http:\/\/ticaret.edu.tr\/psikoloji\/kazanilan-derece-gereklilikleri-ve-kurallar\/","og_site_name":"Psikoloji","article_publisher":"https:\/\/www.facebook.com\/ticaretedutr","article_modified_time":"2025-10-21T06:56:11+00:00","og_image":[{"width":1250,"height":833,"url":"http:\/\/ticaret.edu.tr\/psikoloji\/wp-content\/uploads\/sites\/28\/2021\/11\/web_logo-01.jpg","type":"image\/jpeg"}],"twitter_card":"summary_large_image","twitter_site":"@ticaretedutr","twitter_misc":{"Tahmini okuma s\u00fcresi":"1 dakika"},"schema":{"@context":"https:\/\/schema.org","@graph":[{"@type":"WebPage","@id":"http:\/\/ticaret.edu.tr\/psikoloji\/kazanilan-derece-gereklilikleri-ve-kurallar\/","url":"http:\/\/ticaret.edu.tr\/psikoloji\/kazanilan-derece-gereklilikleri-ve-kurallar\/","name":"Kazan\u0131lan Derece Gereklilikleri ve Kurallar - Psikoloji","isPartOf":{"@id":"http:\/\/ticaret.edu.tr\/psikoloji\/#website"},"datePublished":"2025-01-26T20:23:21+00:00","dateModified":"2025-10-21T06:56:11+00:00","breadcrumb":{"@id":"http:\/\/ticaret.edu.tr\/psikoloji\/kazanilan-derece-gereklilikleri-ve-kurallar\/#breadcrumb"},"inLanguage":"tr","potentialAction":[{"@type":"ReadAction","target":["http:\/\/ticaret.edu.tr\/psikoloji\/kazanilan-derece-gereklilikleri-ve-kurallar\/"]}]},{"@type":"BreadcrumbList","@id":"http:\/\/ticaret.edu.tr\/psikoloji\/kazanilan-derece-gereklilikleri-ve-kurallar\/#breadcrumb","itemListElement":[{"@type":"ListItem","position":1,"name":"Ana sayfa","item":"http:\/\/ticaret.edu.tr\/psikoloji\/"},{"@type":"ListItem","position":2,"name":"Kazan\u0131lan Derece Gereklilikleri ve Kurallar"}]},{"@type":"WebSite","@id":"http:\/\/ticaret.edu.tr\/psikoloji\/#website","url":"http:\/\/ticaret.edu.tr\/psikoloji\/","name":"Psikoloji","description":"","potentialAction":[{"@type":"SearchAction","target":{"@type":"EntryPoint","urlTemplate":"http:\/\/ticaret.edu.tr\/psikoloji\/?s={search_term_string}"},"query-input":"required name=search_term_string"}],"inLanguage":"tr"}]}},"lang":"tr","translations":{"en":1401,"tr":1399},"pll_sync_post":[],"_links":{"self":[{"href":"http:\/\/ticaret.edu.tr\/psikoloji\/wp-json\/wp\/v2\/pages\/1399"}],"collection":[{"href":"http:\/\/ticaret.edu.tr\/psikoloji\/wp-json\/wp\/v2\/pages"}],"about":[{"href":"http:\/\/ticaret.edu.tr\/psikoloji\/wp-json\/wp\/v2\/types\/page"}],"author":[{"embeddable":true,"href":"http:\/\/ticaret.edu.tr\/psikoloji\/wp-json\/wp\/v2\/users\/43"}],"replies":[{"embeddable":true,"href":"http:\/\/ticaret.edu.tr\/psikoloji\/wp-json\/wp\/v2\/comments?post=1399"}],"version-history":[{"count":3,"href":"http:\/\/ticaret.edu.tr\/psikoloji\/wp-json\/wp\/v2\/pages\/1399\/revisions"}],"predecessor-version":[{"id":1900,"href":"http:\/\/ticaret.edu.tr\/psikoloji\/wp-json\/wp\/v2\/pages\/1399\/revisions\/1900"}],"wp:attachment":[{"href":"http:\/\/ticaret.edu.tr\/psikoloji\/wp-json\/wp\/v2\/media?parent=1399"}],"curies":[{"name":"wp","href":"https:\/\/api.w.org\/{rel}","templated":true}]}}