{"id":1439,"date":"2025-01-26T23:35:24","date_gmt":"2025-01-26T20:35:24","guid":{"rendered":"https:\/\/ticaret.edu.tr\/psikoloji\/?page_id=1439"},"modified":"2026-02-11T15:37:46","modified_gmt":"2026-02-11T12:37:46","slug":"ogrenci-degisim-programlari-erasmus","status":"publish","type":"page","link":"http:\/\/ticaret.edu.tr\/psikoloji\/ogrenci-degisim-programlari-erasmus\/","title":{"rendered":"\u00d6\u011frenci De\u011fi\u015fim Programlar\u0131 &#8211;  Erasmus"},"content":{"rendered":"<p>Psikoloji b\u00f6l\u00fcm\u00fc \u00f6\u011frencilerine Erasmus Program\u0131 kapsam\u0131nda a\u015fa\u011f\u0131daki \u00fcniversitelerde e\u011fitim alma f\u0131rsat\u0131 sunulmaktad\u0131r.<\/p>\n<table width=\"407\">\n<tbody>\n<tr>\n<td width=\"112\">Czech Republic<\/td>\n<td width=\"295\">UNIVERZITA PALACKEHO V OLOMOUCI<\/td>\n<\/tr>\n<tr>\n<td width=\"112\">Poland<\/td>\n<td width=\"295\">Akademia Ekonomiczno-Humanistycznaw Warszawie<\/td>\n<\/tr>\n<tr>\n<td width=\"112\">Poland<\/td>\n<td width=\"295\">STAROPOLSKA SZKOLA WYZSZA W KIELCACH<\/td>\n<\/tr>\n<tr>\n<td width=\"112\">Slovenia<\/p>\n<p>Germany<\/td>\n<td width=\"295\">UNIVERZA V MARIBORU<\/p>\n<p>Helmut Schmidt University<\/td>\n<\/tr>\n<\/tbody>\n<\/table>\n<p>&nbsp;<\/p>\n<p>Erasmus ile ilgili g\u00fcncel bilgilere a\u015fa\u011f\u0131daki ba\u011flant\u0131lardan ula\u015fabilirsiniz.<\/p>\n<p><strong>Erasmus Ofisi Web Sitesi:<\/strong>\u00a0<a href=\"https:\/\/erasmusoffice.ticaret.edu.tr\/\" target=\"_blank\" rel=\"noopener\">erasmusoffice.ticaret.edu.tr<\/a><\/p>\n<p><strong>Dok\u00fcman Listesi:<\/strong>\u00a0<a href=\"https:\/\/erasmusoffice.ticaret.edu.tr\/\">https:\/\/erasmusoffice.ticaret.edu.tr<\/a><\/p>\n<p><strong>G\u00fcncel Anla\u015fmalar:<\/strong>\u00a0<a href=\"https:\/\/erasmus.ticaret.edu.tr\/KION.UI.Web.ExchangeProgram\/Public\/AgreementList.aspx?pId=7317\">T\u0131klay\u0131n\u0131z<\/a><\/p>\n<p>&nbsp;<\/p>\n<p><strong>ORHUN DE\u011e\u0130\u015e\u0130M PROGRAMI<\/strong><\/p>\n<p>Orhun De\u011fi\u015fim Program\u0131 i\u00e7in g\u00fcncel bilgilere a\u015fa\u011f\u0131daki ba\u011flant\u0131dan ula\u015fabilirsiniz.<\/p>\n<p><strong>Orhun Web Sayfas\u0131:<\/strong>\u00a0<a href=\"https:\/\/orhun.ticaret.edu.tr\/\">https:\/\/orhun.ticaret.edu.tr<\/a><\/p>\n","protected":false},"excerpt":{"rendered":"<p>Psikoloji b\u00f6l\u00fcm\u00fc \u00f6\u011frencilerine Erasmus Program\u0131 kapsam\u0131nda a\u015fa\u011f\u0131daki \u00fcniversitelerde e\u011fitim alma f\u0131rsat\u0131 sunulmaktad\u0131r. Czech Republic UNIVERZITA PALACKEHO V OLOMOUCI Poland Akademia Ekonomiczno-Humanistycznaw Warszawie Poland STAROPOLSKA SZKOLA WYZSZA W KIELCACH Slovenia Germany UNIVERZA V MARIBORU Helmut Schmidt University &nbsp; Erasmus ile ilgili g\u00fcncel bilgilere a\u015fa\u011f\u0131daki ba\u011flant\u0131lardan ula\u015fabilirsiniz. Erasmus Ofisi Web Sitesi:\u00a0erasmusoffice.ticaret.edu.tr Dok\u00fcman Listesi:\u00a0https:\/\/erasmusoffice.ticaret.edu.tr G\u00fcncel Anla\u015fmalar:\u00a0T\u0131klay\u0131n\u0131z &nbsp; ORHUN [&hellip;]<\/p>\n","protected":false},"author":43,"featured_media":0,"parent":0,"menu_order":0,"comment_status":"closed","ping_status":"closed","template":"genel_sayfa.php","meta":{"footnotes":""},"yoast_head":"<!-- This site is optimized with the Yoast SEO Premium plugin v22.1 (Yoast SEO v22.1) - https:\/\/yoast.com\/wordpress\/plugins\/seo\/ -->\n<title>\u00d6\u011frenci De\u011fi\u015fim Programlar\u0131 - Erasmus - Psikoloji<\/title>\n<meta name=\"robots\" content=\"index, follow, max-snippet:-1, max-image-preview:large, max-video-preview:-1\" \/>\n<link rel=\"canonical\" href=\"http:\/\/ticaret.edu.tr\/psikoloji\/ogrenci-degisim-programlari-erasmus\/\" \/>\n<meta property=\"og:locale\" content=\"tr_TR\" \/>\n<meta property=\"og:type\" content=\"article\" \/>\n<meta property=\"og:title\" content=\"\u00d6\u011frenci De\u011fi\u015fim Programlar\u0131 - Erasmus\" \/>\n<meta property=\"og:description\" content=\"Psikoloji b\u00f6l\u00fcm\u00fc \u00f6\u011frencilerine Erasmus Program\u0131 kapsam\u0131nda a\u015fa\u011f\u0131daki \u00fcniversitelerde e\u011fitim alma f\u0131rsat\u0131 sunulmaktad\u0131r. Czech Republic UNIVERZITA PALACKEHO V OLOMOUCI Poland Akademia Ekonomiczno-Humanistycznaw Warszawie Poland STAROPOLSKA SZKOLA WYZSZA W KIELCACH Slovenia Germany UNIVERZA V MARIBORU Helmut Schmidt University &nbsp; Erasmus ile ilgili g\u00fcncel bilgilere a\u015fa\u011f\u0131daki ba\u011flant\u0131lardan ula\u015fabilirsiniz. Erasmus Ofisi Web Sitesi:\u00a0erasmusoffice.ticaret.edu.tr Dok\u00fcman Listesi:\u00a0https:\/\/erasmusoffice.ticaret.edu.tr G\u00fcncel Anla\u015fmalar:\u00a0T\u0131klay\u0131n\u0131z &nbsp; ORHUN [&hellip;]\" \/>\n<meta property=\"og:url\" content=\"http:\/\/ticaret.edu.tr\/psikoloji\/ogrenci-degisim-programlari-erasmus\/\" \/>\n<meta property=\"og:site_name\" content=\"Psikoloji\" \/>\n<meta property=\"article:publisher\" content=\"https:\/\/www.facebook.com\/ticaretedutr\" \/>\n<meta property=\"article:modified_time\" content=\"2026-02-11T12:37:46+00:00\" \/>\n<meta property=\"og:image\" content=\"http:\/\/ticaret.edu.tr\/psikoloji\/wp-content\/uploads\/sites\/28\/2021\/11\/web_logo-01.jpg\" \/>\n\t<meta property=\"og:image:width\" content=\"1250\" \/>\n\t<meta property=\"og:image:height\" content=\"833\" \/>\n\t<meta property=\"og:image:type\" content=\"image\/jpeg\" \/>\n<meta name=\"twitter:card\" content=\"summary_large_image\" \/>\n<meta name=\"twitter:site\" content=\"@ticaretedutr\" \/>\n<meta name=\"twitter:label1\" content=\"Tahmini okuma s\u00fcresi\" \/>\n\t<meta name=\"twitter:data1\" content=\"1 dakika\" \/>\n<script type=\"application\/ld+json\" class=\"yoast-schema-graph\">{\"@context\":\"https:\/\/schema.org\",\"@graph\":[{\"@type\":\"WebPage\",\"@id\":\"http:\/\/ticaret.edu.tr\/psikoloji\/ogrenci-degisim-programlari-erasmus\/\",\"url\":\"http:\/\/ticaret.edu.tr\/psikoloji\/ogrenci-degisim-programlari-erasmus\/\",\"name\":\"\u00d6\u011frenci De\u011fi\u015fim Programlar\u0131 - Erasmus - Psikoloji\",\"isPartOf\":{\"@id\":\"http:\/\/ticaret.edu.tr\/psikoloji\/#website\"},\"datePublished\":\"2025-01-26T20:35:24+00:00\",\"dateModified\":\"2026-02-11T12:37:46+00:00\",\"breadcrumb\":{\"@id\":\"http:\/\/ticaret.edu.tr\/psikoloji\/ogrenci-degisim-programlari-erasmus\/#breadcrumb\"},\"inLanguage\":\"tr\",\"potentialAction\":[{\"@type\":\"ReadAction\",\"target\":[\"http:\/\/ticaret.edu.tr\/psikoloji\/ogrenci-degisim-programlari-erasmus\/\"]}]},{\"@type\":\"BreadcrumbList\",\"@id\":\"http:\/\/ticaret.edu.tr\/psikoloji\/ogrenci-degisim-programlari-erasmus\/#breadcrumb\",\"itemListElement\":[{\"@type\":\"ListItem\",\"position\":1,\"name\":\"Ana sayfa\",\"item\":\"http:\/\/ticaret.edu.tr\/psikoloji\/\"},{\"@type\":\"ListItem\",\"position\":2,\"name\":\"\u00d6\u011frenci De\u011fi\u015fim Programlar\u0131 &#8211; Erasmus\"}]},{\"@type\":\"WebSite\",\"@id\":\"http:\/\/ticaret.edu.tr\/psikoloji\/#website\",\"url\":\"http:\/\/ticaret.edu.tr\/psikoloji\/\",\"name\":\"Psikoloji\",\"description\":\"\",\"potentialAction\":[{\"@type\":\"SearchAction\",\"target\":{\"@type\":\"EntryPoint\",\"urlTemplate\":\"http:\/\/ticaret.edu.tr\/psikoloji\/?s={search_term_string}\"},\"query-input\":\"required name=search_term_string\"}],\"inLanguage\":\"tr\"}]}<\/script>\n<!-- \/ Yoast SEO Premium plugin. -->","yoast_head_json":{"title":"\u00d6\u011frenci De\u011fi\u015fim Programlar\u0131 - Erasmus - Psikoloji","robots":{"index":"index","follow":"follow","max-snippet":"max-snippet:-1","max-image-preview":"max-image-preview:large","max-video-preview":"max-video-preview:-1"},"canonical":"http:\/\/ticaret.edu.tr\/psikoloji\/ogrenci-degisim-programlari-erasmus\/","og_locale":"tr_TR","og_type":"article","og_title":"\u00d6\u011frenci De\u011fi\u015fim Programlar\u0131 - Erasmus","og_description":"Psikoloji b\u00f6l\u00fcm\u00fc \u00f6\u011frencilerine Erasmus Program\u0131 kapsam\u0131nda a\u015fa\u011f\u0131daki \u00fcniversitelerde e\u011fitim alma f\u0131rsat\u0131 sunulmaktad\u0131r. Czech Republic UNIVERZITA PALACKEHO V OLOMOUCI Poland Akademia Ekonomiczno-Humanistycznaw Warszawie Poland STAROPOLSKA SZKOLA WYZSZA W KIELCACH Slovenia Germany UNIVERZA V MARIBORU Helmut Schmidt University &nbsp; Erasmus ile ilgili g\u00fcncel bilgilere a\u015fa\u011f\u0131daki ba\u011flant\u0131lardan ula\u015fabilirsiniz. Erasmus Ofisi Web Sitesi:\u00a0erasmusoffice.ticaret.edu.tr Dok\u00fcman Listesi:\u00a0https:\/\/erasmusoffice.ticaret.edu.tr G\u00fcncel Anla\u015fmalar:\u00a0T\u0131klay\u0131n\u0131z &nbsp; ORHUN [&hellip;]","og_url":"http:\/\/ticaret.edu.tr\/psikoloji\/ogrenci-degisim-programlari-erasmus\/","og_site_name":"Psikoloji","article_publisher":"https:\/\/www.facebook.com\/ticaretedutr","article_modified_time":"2026-02-11T12:37:46+00:00","og_image":[{"width":1250,"height":833,"url":"http:\/\/ticaret.edu.tr\/psikoloji\/wp-content\/uploads\/sites\/28\/2021\/11\/web_logo-01.jpg","type":"image\/jpeg"}],"twitter_card":"summary_large_image","twitter_site":"@ticaretedutr","twitter_misc":{"Tahmini okuma s\u00fcresi":"1 dakika"},"schema":{"@context":"https:\/\/schema.org","@graph":[{"@type":"WebPage","@id":"http:\/\/ticaret.edu.tr\/psikoloji\/ogrenci-degisim-programlari-erasmus\/","url":"http:\/\/ticaret.edu.tr\/psikoloji\/ogrenci-degisim-programlari-erasmus\/","name":"\u00d6\u011frenci De\u011fi\u015fim Programlar\u0131 - Erasmus - Psikoloji","isPartOf":{"@id":"http:\/\/ticaret.edu.tr\/psikoloji\/#website"},"datePublished":"2025-01-26T20:35:24+00:00","dateModified":"2026-02-11T12:37:46+00:00","breadcrumb":{"@id":"http:\/\/ticaret.edu.tr\/psikoloji\/ogrenci-degisim-programlari-erasmus\/#breadcrumb"},"inLanguage":"tr","potentialAction":[{"@type":"ReadAction","target":["http:\/\/ticaret.edu.tr\/psikoloji\/ogrenci-degisim-programlari-erasmus\/"]}]},{"@type":"BreadcrumbList","@id":"http:\/\/ticaret.edu.tr\/psikoloji\/ogrenci-degisim-programlari-erasmus\/#breadcrumb","itemListElement":[{"@type":"ListItem","position":1,"name":"Ana sayfa","item":"http:\/\/ticaret.edu.tr\/psikoloji\/"},{"@type":"ListItem","position":2,"name":"\u00d6\u011frenci De\u011fi\u015fim Programlar\u0131 &#8211; Erasmus"}]},{"@type":"WebSite","@id":"http:\/\/ticaret.edu.tr\/psikoloji\/#website","url":"http:\/\/ticaret.edu.tr\/psikoloji\/","name":"Psikoloji","description":"","potentialAction":[{"@type":"SearchAction","target":{"@type":"EntryPoint","urlTemplate":"http:\/\/ticaret.edu.tr\/psikoloji\/?s={search_term_string}"},"query-input":"required name=search_term_string"}],"inLanguage":"tr"}]}},"lang":"tr","translations":{"en":1441,"tr":1439},"pll_sync_post":[],"_links":{"self":[{"href":"http:\/\/ticaret.edu.tr\/psikoloji\/wp-json\/wp\/v2\/pages\/1439"}],"collection":[{"href":"http:\/\/ticaret.edu.tr\/psikoloji\/wp-json\/wp\/v2\/pages"}],"about":[{"href":"http:\/\/ticaret.edu.tr\/psikoloji\/wp-json\/wp\/v2\/types\/page"}],"author":[{"embeddable":true,"href":"http:\/\/ticaret.edu.tr\/psikoloji\/wp-json\/wp\/v2\/users\/43"}],"replies":[{"embeddable":true,"href":"http:\/\/ticaret.edu.tr\/psikoloji\/wp-json\/wp\/v2\/comments?post=1439"}],"version-history":[{"count":5,"href":"http:\/\/ticaret.edu.tr\/psikoloji\/wp-json\/wp\/v2\/pages\/1439\/revisions"}],"predecessor-version":[{"id":1966,"href":"http:\/\/ticaret.edu.tr\/psikoloji\/wp-json\/wp\/v2\/pages\/1439\/revisions\/1966"}],"wp:attachment":[{"href":"http:\/\/ticaret.edu.tr\/psikoloji\/wp-json\/wp\/v2\/media?parent=1439"}],"curies":[{"name":"wp","href":"https:\/\/api.w.org\/{rel}","templated":true}]}}