{"id":1479,"date":"2025-01-26T23:50:20","date_gmt":"2025-01-26T20:50:20","guid":{"rendered":"https:\/\/ticaret.edu.tr\/psikoloji\/?page_id=1479"},"modified":"2025-02-17T17:14:16","modified_gmt":"2025-02-17T14:14:16","slug":"lisansustu-genel-bilgi","status":"publish","type":"page","link":"http:\/\/ticaret.edu.tr\/psikoloji\/lisansustu-genel-bilgi\/","title":{"rendered":"Genel Bilgi"},"content":{"rendered":"<h3><strong>Uygulamal\u0131 Psikoloji Y\u00fcksek Lisans\u0131 Neden Tercih Edilmeli?<\/strong><\/h3>\n<p>Uygulamal\u0131 psikoloji, psikolojinin ilke ve teorilerini ger\u00e7ek d\u00fcnyadaki sorunlara, durumlara ve ortamlara pratik olarak uygulanmas\u0131na odaklanan psikoloji bir alan\u0131d\u0131r. Belirli sorunlar\u0131 ele almak ve ya\u015fam\u0131n \u00e7e\u015fitli alanlar\u0131ndaki sonu\u00e7lar\u0131 iyile\u015ftirmek i\u00e7in psikolojik bilgiyi kullanmay\u0131 ama\u00e7lamaktad\u0131r. Bu alan,\u00a0\u00a0her biri kendine \u00f6zg\u00fc odak noktas\u0131 ve uygulamalar\u0131 olan \u00e7ok \u00e7e\u015fitli alt disiplinleri kapsamaktad\u0131r. Uygulamal\u0131 psikolojinin yayg\u0131n alanlar\u0131n\u0131n ba\u015f\u0131nda klinik psikoloji, end\u00fcstri ve \u00f6rg\u00fct psikolojisi, e\u011fitim psikolojisi gelmektedir.<\/p>\n<p>\u00d6\u011frencilerimize,\u00a0i\u015f ya\u015fam\u0131nda ba\u015far\u0131l\u0131 olmak i\u00e7in gerekli teorik temeller, ara\u015ft\u0131rma metodolojileri ve uygulamal\u0131 becerilerinin kazand\u0131r\u0131lmas\u0131 ama\u00e7lanmaktad\u0131r. Uygulamal\u0131 psikoloji y\u00fcksek lisans\u0131ndan mezun olan \u00f6\u011frencilerin hem psikolojik ilkeler hakk\u0131nda kapsaml\u0131 bir anlay\u0131\u015f kazanmas\u0131 hem de bu bilgileri profesyonel ba\u011flamlarda uygulama becerileri geli\u015ftirmesi m\u00fcmk\u00fcn olacakt\u0131r.<\/p>\n<p><strong>Why Should a Master\u2019s Degree in Applied Psychology Be Preferred?<\/strong><\/p>\n<p>Applied psychology is a field of psychology that focuses on the practical application of psychological principles and theories to real-world problems, situations and settings. It aims to use psychological knowledge to address specific problems and improve outcomes in various domains of life. The field encompasses a wide range of sub-disciplines, each with its own unique focus and applications. Common areas of applied psychology include clinical psychology, industrial and organizational psychology, and educational psychology.<\/p>\n<p>It is aimed to provide our students with the theoretical foundations, research methodologies and practical skills necessary to be successful in work life. Graduates of the MS in applied psychology will be able to gain a comprehensive understanding of psychological principles and develop the skills to apply this knowledge in professional contexts.<\/p>\n<p>&nbsp;<\/p>\n<p>Lisans\u00fcst\u00fc E\u011fitim Enstit\u00fcs\u00fc \u00d6\u011frenci \u0130\u015fleri<\/p>\n<p>Uygulamal\u0131 Psikoloji (Tezli ve Tezsiz) Y\u00fcksek Lisans\u0131 Program\u0131 Sorumlusu S\u00fcmeyye Filiz<\/p>\n<p><strong>lee@ticaret.edu.tr \u2013 444 0 413 Dahili: 4437<\/strong><\/p>\n","protected":false},"excerpt":{"rendered":"<p>Uygulamal\u0131 Psikoloji Y\u00fcksek Lisans\u0131 Neden Tercih Edilmeli? Uygulamal\u0131 psikoloji, psikolojinin ilke ve teorilerini ger\u00e7ek d\u00fcnyadaki sorunlara, durumlara ve ortamlara pratik olarak uygulanmas\u0131na odaklanan psikoloji bir alan\u0131d\u0131r. Belirli sorunlar\u0131 ele almak ve ya\u015fam\u0131n \u00e7e\u015fitli alanlar\u0131ndaki sonu\u00e7lar\u0131 iyile\u015ftirmek i\u00e7in psikolojik bilgiyi kullanmay\u0131 ama\u00e7lamaktad\u0131r. Bu alan,\u00a0\u00a0her biri kendine \u00f6zg\u00fc odak noktas\u0131 ve uygulamalar\u0131 olan \u00e7ok \u00e7e\u015fitli alt disiplinleri [&hellip;]<\/p>\n","protected":false},"author":43,"featured_media":0,"parent":0,"menu_order":0,"comment_status":"closed","ping_status":"closed","template":"genel_sayfa.php","meta":{"footnotes":""},"yoast_head":"<!-- This site is optimized with the Yoast SEO Premium plugin v22.1 (Yoast SEO v22.1) - https:\/\/yoast.com\/wordpress\/plugins\/seo\/ -->\n<title>Genel Bilgi - Psikoloji<\/title>\n<meta name=\"robots\" content=\"index, follow, max-snippet:-1, max-image-preview:large, max-video-preview:-1\" \/>\n<link rel=\"canonical\" href=\"http:\/\/ticaret.edu.tr\/psikoloji\/lisansustu-genel-bilgi\/\" \/>\n<meta property=\"og:locale\" content=\"tr_TR\" \/>\n<meta property=\"og:type\" content=\"article\" \/>\n<meta property=\"og:title\" content=\"Genel Bilgi\" \/>\n<meta property=\"og:description\" content=\"Uygulamal\u0131 Psikoloji Y\u00fcksek Lisans\u0131 Neden Tercih Edilmeli? Uygulamal\u0131 psikoloji, psikolojinin ilke ve teorilerini ger\u00e7ek d\u00fcnyadaki sorunlara, durumlara ve ortamlara pratik olarak uygulanmas\u0131na odaklanan psikoloji bir alan\u0131d\u0131r. Belirli sorunlar\u0131 ele almak ve ya\u015fam\u0131n \u00e7e\u015fitli alanlar\u0131ndaki sonu\u00e7lar\u0131 iyile\u015ftirmek i\u00e7in psikolojik bilgiyi kullanmay\u0131 ama\u00e7lamaktad\u0131r. Bu alan,\u00a0\u00a0her biri kendine \u00f6zg\u00fc odak noktas\u0131 ve uygulamalar\u0131 olan \u00e7ok \u00e7e\u015fitli alt disiplinleri [&hellip;]\" \/>\n<meta property=\"og:url\" content=\"http:\/\/ticaret.edu.tr\/psikoloji\/lisansustu-genel-bilgi\/\" \/>\n<meta property=\"og:site_name\" content=\"Psikoloji\" \/>\n<meta property=\"article:publisher\" content=\"https:\/\/www.facebook.com\/ticaretedutr\" \/>\n<meta property=\"article:modified_time\" content=\"2025-02-17T14:14:16+00:00\" \/>\n<meta property=\"og:image\" content=\"http:\/\/ticaret.edu.tr\/psikoloji\/wp-content\/uploads\/sites\/28\/2021\/11\/web_logo-01.jpg\" \/>\n\t<meta property=\"og:image:width\" content=\"1250\" \/>\n\t<meta property=\"og:image:height\" content=\"833\" \/>\n\t<meta property=\"og:image:type\" content=\"image\/jpeg\" \/>\n<meta name=\"twitter:card\" content=\"summary_large_image\" \/>\n<meta name=\"twitter:site\" content=\"@ticaretedutr\" \/>\n<meta name=\"twitter:label1\" content=\"Tahmini okuma s\u00fcresi\" \/>\n\t<meta name=\"twitter:data1\" content=\"2 dakika\" \/>\n<script type=\"application\/ld+json\" class=\"yoast-schema-graph\">{\"@context\":\"https:\/\/schema.org\",\"@graph\":[{\"@type\":\"WebPage\",\"@id\":\"http:\/\/ticaret.edu.tr\/psikoloji\/lisansustu-genel-bilgi\/\",\"url\":\"http:\/\/ticaret.edu.tr\/psikoloji\/lisansustu-genel-bilgi\/\",\"name\":\"Genel Bilgi - Psikoloji\",\"isPartOf\":{\"@id\":\"http:\/\/ticaret.edu.tr\/psikoloji\/#website\"},\"datePublished\":\"2025-01-26T20:50:20+00:00\",\"dateModified\":\"2025-02-17T14:14:16+00:00\",\"breadcrumb\":{\"@id\":\"http:\/\/ticaret.edu.tr\/psikoloji\/lisansustu-genel-bilgi\/#breadcrumb\"},\"inLanguage\":\"tr\",\"potentialAction\":[{\"@type\":\"ReadAction\",\"target\":[\"http:\/\/ticaret.edu.tr\/psikoloji\/lisansustu-genel-bilgi\/\"]}]},{\"@type\":\"BreadcrumbList\",\"@id\":\"http:\/\/ticaret.edu.tr\/psikoloji\/lisansustu-genel-bilgi\/#breadcrumb\",\"itemListElement\":[{\"@type\":\"ListItem\",\"position\":1,\"name\":\"Ana sayfa\",\"item\":\"http:\/\/ticaret.edu.tr\/psikoloji\/\"},{\"@type\":\"ListItem\",\"position\":2,\"name\":\"Genel Bilgi\"}]},{\"@type\":\"WebSite\",\"@id\":\"http:\/\/ticaret.edu.tr\/psikoloji\/#website\",\"url\":\"http:\/\/ticaret.edu.tr\/psikoloji\/\",\"name\":\"Psikoloji\",\"description\":\"\",\"potentialAction\":[{\"@type\":\"SearchAction\",\"target\":{\"@type\":\"EntryPoint\",\"urlTemplate\":\"http:\/\/ticaret.edu.tr\/psikoloji\/?s={search_term_string}\"},\"query-input\":\"required name=search_term_string\"}],\"inLanguage\":\"tr\"}]}<\/script>\n<!-- \/ Yoast SEO Premium plugin. -->","yoast_head_json":{"title":"Genel Bilgi - Psikoloji","robots":{"index":"index","follow":"follow","max-snippet":"max-snippet:-1","max-image-preview":"max-image-preview:large","max-video-preview":"max-video-preview:-1"},"canonical":"http:\/\/ticaret.edu.tr\/psikoloji\/lisansustu-genel-bilgi\/","og_locale":"tr_TR","og_type":"article","og_title":"Genel Bilgi","og_description":"Uygulamal\u0131 Psikoloji Y\u00fcksek Lisans\u0131 Neden Tercih Edilmeli? Uygulamal\u0131 psikoloji, psikolojinin ilke ve teorilerini ger\u00e7ek d\u00fcnyadaki sorunlara, durumlara ve ortamlara pratik olarak uygulanmas\u0131na odaklanan psikoloji bir alan\u0131d\u0131r. Belirli sorunlar\u0131 ele almak ve ya\u015fam\u0131n \u00e7e\u015fitli alanlar\u0131ndaki sonu\u00e7lar\u0131 iyile\u015ftirmek i\u00e7in psikolojik bilgiyi kullanmay\u0131 ama\u00e7lamaktad\u0131r. Bu alan,\u00a0\u00a0her biri kendine \u00f6zg\u00fc odak noktas\u0131 ve uygulamalar\u0131 olan \u00e7ok \u00e7e\u015fitli alt disiplinleri [&hellip;]","og_url":"http:\/\/ticaret.edu.tr\/psikoloji\/lisansustu-genel-bilgi\/","og_site_name":"Psikoloji","article_publisher":"https:\/\/www.facebook.com\/ticaretedutr","article_modified_time":"2025-02-17T14:14:16+00:00","og_image":[{"width":1250,"height":833,"url":"http:\/\/ticaret.edu.tr\/psikoloji\/wp-content\/uploads\/sites\/28\/2021\/11\/web_logo-01.jpg","type":"image\/jpeg"}],"twitter_card":"summary_large_image","twitter_site":"@ticaretedutr","twitter_misc":{"Tahmini okuma s\u00fcresi":"2 dakika"},"schema":{"@context":"https:\/\/schema.org","@graph":[{"@type":"WebPage","@id":"http:\/\/ticaret.edu.tr\/psikoloji\/lisansustu-genel-bilgi\/","url":"http:\/\/ticaret.edu.tr\/psikoloji\/lisansustu-genel-bilgi\/","name":"Genel Bilgi - Psikoloji","isPartOf":{"@id":"http:\/\/ticaret.edu.tr\/psikoloji\/#website"},"datePublished":"2025-01-26T20:50:20+00:00","dateModified":"2025-02-17T14:14:16+00:00","breadcrumb":{"@id":"http:\/\/ticaret.edu.tr\/psikoloji\/lisansustu-genel-bilgi\/#breadcrumb"},"inLanguage":"tr","potentialAction":[{"@type":"ReadAction","target":["http:\/\/ticaret.edu.tr\/psikoloji\/lisansustu-genel-bilgi\/"]}]},{"@type":"BreadcrumbList","@id":"http:\/\/ticaret.edu.tr\/psikoloji\/lisansustu-genel-bilgi\/#breadcrumb","itemListElement":[{"@type":"ListItem","position":1,"name":"Ana sayfa","item":"http:\/\/ticaret.edu.tr\/psikoloji\/"},{"@type":"ListItem","position":2,"name":"Genel Bilgi"}]},{"@type":"WebSite","@id":"http:\/\/ticaret.edu.tr\/psikoloji\/#website","url":"http:\/\/ticaret.edu.tr\/psikoloji\/","name":"Psikoloji","description":"","potentialAction":[{"@type":"SearchAction","target":{"@type":"EntryPoint","urlTemplate":"http:\/\/ticaret.edu.tr\/psikoloji\/?s={search_term_string}"},"query-input":"required name=search_term_string"}],"inLanguage":"tr"}]}},"lang":"tr","translations":{"en":1481,"tr":1479},"pll_sync_post":[],"_links":{"self":[{"href":"http:\/\/ticaret.edu.tr\/psikoloji\/wp-json\/wp\/v2\/pages\/1479"}],"collection":[{"href":"http:\/\/ticaret.edu.tr\/psikoloji\/wp-json\/wp\/v2\/pages"}],"about":[{"href":"http:\/\/ticaret.edu.tr\/psikoloji\/wp-json\/wp\/v2\/types\/page"}],"author":[{"embeddable":true,"href":"http:\/\/ticaret.edu.tr\/psikoloji\/wp-json\/wp\/v2\/users\/43"}],"replies":[{"embeddable":true,"href":"http:\/\/ticaret.edu.tr\/psikoloji\/wp-json\/wp\/v2\/comments?post=1479"}],"version-history":[{"count":2,"href":"http:\/\/ticaret.edu.tr\/psikoloji\/wp-json\/wp\/v2\/pages\/1479\/revisions"}],"predecessor-version":[{"id":1632,"href":"http:\/\/ticaret.edu.tr\/psikoloji\/wp-json\/wp\/v2\/pages\/1479\/revisions\/1632"}],"wp:attachment":[{"href":"http:\/\/ticaret.edu.tr\/psikoloji\/wp-json\/wp\/v2\/media?parent=1479"}],"curies":[{"name":"wp","href":"https:\/\/api.w.org\/{rel}","templated":true}]}}