{"id":1513,"date":"2025-01-27T00:01:49","date_gmt":"2025-01-26T21:01:49","guid":{"rendered":"https:\/\/ticaret.edu.tr\/psikoloji\/?page_id=1513"},"modified":"2025-10-16T14:58:14","modified_gmt":"2025-10-16T11:58:14","slug":"laboratuvarlar","status":"publish","type":"page","link":"http:\/\/ticaret.edu.tr\/psikoloji\/laboratuvarlar\/","title":{"rendered":"Laboratuvarlar"},"content":{"rendered":"<p><strong>Psikoloji Ara\u015ft\u0131rma Laboratuvar\u0131<\/strong><\/p>\n<p>\u0130stanbul Ticaret \u00dcniversitesi S\u00fctl\u00fcce S\u00e2d\u00e2b\u00e2d Kamp\u00fcs\u00fc\u2019nde yer alan Psikoloji Ara\u015ft\u0131rma Laboratuvar\u0131, \u00f6\u011frencilerin psikolojinin bilimsel ve deneysel y\u00f6n\u00fcn\u00fc ke\u015ffetmelerine olanak sa\u011flayan modern bir \u00e7al\u0131\u015fma ortam\u0131d\u0131r.<\/p>\n<p>Laboratuvar, \u00f6zellikle deneysel psikoloji, bili\u015fsel psikoloji ve bili\u015fsel n\u00f6robilim alanlar\u0131na odaklanmaktad\u0131r.<\/p>\n<p>Bu kapsamda:<\/p>\n<ul>\n<li>EEG (Elektroensefalografi) cihaz\u0131 ile beynin elektriksel etkinli\u011fi incelenebilmekte,<\/li>\n<li>Dikkat, bellek, alg\u0131 ve karar verme gibi bili\u015fsel s\u00fcre\u00e7lere ili\u015fkin deneysel ara\u015ft\u0131rmalar y\u00fcr\u00fct\u00fclmekte,<\/li>\n<li>Bilgisayar tabanl\u0131 bili\u015fsel g\u00f6rev yaz\u0131l\u0131mlar\u0131 (\u00f6r. E-Prime, PsychoPy) kullan\u0131lmakta,<\/li>\n<li>\u00d6\u011frenciler, yaz ve ara d\u00f6nemlerde d\u00fczenlenen laboratuvar stajlar\u0131 arac\u0131l\u0131\u011f\u0131yla ara\u015ft\u0131rma s\u00fcre\u00e7lerine aktif bi\u00e7imde kat\u0131labilmektedir.<\/li>\n<\/ul>\n<p>Bu olanaklar sayesinde \u00f6\u011frenciler, bilimsel d\u00fc\u015f\u00fcnme, deney tasar\u0131m\u0131 ve veri analizi konular\u0131nda uygulamal\u0131 deneyim kazan\u0131rlar.<\/p>\n<h3><strong>Bilgisayar Laboratuvarlar\u0131<\/strong><\/h3>\n<p>\u0130stanbul Ticaret \u00dcniversitesi S\u00fctl\u00fcce S\u00e2d\u00e2b\u00e2d Kamp\u00fcs\u00fc\u2019nde, Psikoloji B\u00f6l\u00fcm\u00fc \u00f6\u011frencilerinin kullan\u0131m\u0131na a\u00e7\u0131k 3 adet bilgisayar laboratuvar\u0131 bulunmaktad\u0131r.<br \/>\nBu laboratuvarlar, hem derslerde hem de ara\u015ft\u0131rma ve proje \u00e7al\u0131\u015fmalar\u0131nda aktif olarak kullan\u0131lmak \u00fczere donat\u0131lm\u0131\u015ft\u0131r.<\/p>\n<p>Laboratuvarlarda:<\/p>\n<ul>\n<li>G\u00fcncel teknolojiye sahip bilgisayarlar,<\/li>\n<li>SPSS, R, Python ve MATLAB gibi analiz yaz\u0131l\u0131mlar\u0131,<\/li>\n<li>Y\u00fcksek h\u0131zl\u0131 internet ba\u011flant\u0131s\u0131 ve bulut tabanl\u0131 veri i\u015fleme ara\u00e7lar\u0131,<\/li>\n<li>Akademik ara\u015ft\u0131rmalar ve ders projeleri i\u00e7in veri setleri ve kaynaklar,<\/li>\n<li>Uygulamal\u0131 istatistik ve ara\u015ft\u0131rma y\u00f6ntemleri derslerine y\u00f6nelik interaktif at\u00f6lye \u00e7al\u0131\u015fmalar\u0131<\/li>\n<\/ul>\n<p>bulunmaktad\u0131r.<\/p>\n<p>Bu altyap\u0131 sayesinde \u00f6\u011frenciler, teorik bilgilerini uygulamaya d\u00f6n\u00fc\u015ft\u00fcrme, veri analizi yapma ve ara\u015ft\u0131rma becerilerini geli\u015ftirme f\u0131rsat\u0131 bulurlar.<\/p>\n<p>&nbsp;<\/p>\n","protected":false},"excerpt":{"rendered":"<p>Psikoloji Ara\u015ft\u0131rma Laboratuvar\u0131 \u0130stanbul Ticaret \u00dcniversitesi S\u00fctl\u00fcce S\u00e2d\u00e2b\u00e2d Kamp\u00fcs\u00fc\u2019nde yer alan Psikoloji Ara\u015ft\u0131rma Laboratuvar\u0131, \u00f6\u011frencilerin psikolojinin bilimsel ve deneysel y\u00f6n\u00fcn\u00fc ke\u015ffetmelerine olanak sa\u011flayan modern bir \u00e7al\u0131\u015fma ortam\u0131d\u0131r. Laboratuvar, \u00f6zellikle deneysel psikoloji, bili\u015fsel psikoloji ve bili\u015fsel n\u00f6robilim alanlar\u0131na odaklanmaktad\u0131r. Bu kapsamda: EEG (Elektroensefalografi) cihaz\u0131 ile beynin elektriksel etkinli\u011fi incelenebilmekte, Dikkat, bellek, alg\u0131 ve karar verme gibi [&hellip;]<\/p>\n","protected":false},"author":43,"featured_media":0,"parent":0,"menu_order":0,"comment_status":"closed","ping_status":"closed","template":"genel_sayfa.php","meta":{"footnotes":""},"yoast_head":"<!-- This site is optimized with the Yoast SEO Premium plugin v22.1 (Yoast SEO v22.1) - https:\/\/yoast.com\/wordpress\/plugins\/seo\/ -->\n<title>Laboratuvarlar - Psikoloji<\/title>\n<meta name=\"robots\" content=\"index, follow, max-snippet:-1, max-image-preview:large, max-video-preview:-1\" \/>\n<link rel=\"canonical\" href=\"http:\/\/ticaret.edu.tr\/psikoloji\/laboratuvarlar\/\" \/>\n<meta property=\"og:locale\" content=\"tr_TR\" \/>\n<meta property=\"og:type\" content=\"article\" \/>\n<meta property=\"og:title\" content=\"Laboratuvarlar\" \/>\n<meta property=\"og:description\" content=\"Psikoloji Ara\u015ft\u0131rma Laboratuvar\u0131 \u0130stanbul Ticaret \u00dcniversitesi S\u00fctl\u00fcce S\u00e2d\u00e2b\u00e2d Kamp\u00fcs\u00fc\u2019nde yer alan Psikoloji Ara\u015ft\u0131rma Laboratuvar\u0131, \u00f6\u011frencilerin psikolojinin bilimsel ve deneysel y\u00f6n\u00fcn\u00fc ke\u015ffetmelerine olanak sa\u011flayan modern bir \u00e7al\u0131\u015fma ortam\u0131d\u0131r. Laboratuvar, \u00f6zellikle deneysel psikoloji, bili\u015fsel psikoloji ve bili\u015fsel n\u00f6robilim alanlar\u0131na odaklanmaktad\u0131r. Bu kapsamda: EEG (Elektroensefalografi) cihaz\u0131 ile beynin elektriksel etkinli\u011fi incelenebilmekte, Dikkat, bellek, alg\u0131 ve karar verme gibi [&hellip;]\" \/>\n<meta property=\"og:url\" content=\"http:\/\/ticaret.edu.tr\/psikoloji\/laboratuvarlar\/\" \/>\n<meta property=\"og:site_name\" content=\"Psikoloji\" \/>\n<meta property=\"article:publisher\" content=\"https:\/\/www.facebook.com\/ticaretedutr\" \/>\n<meta property=\"article:modified_time\" content=\"2025-10-16T11:58:14+00:00\" \/>\n<meta property=\"og:image\" content=\"http:\/\/ticaret.edu.tr\/psikoloji\/wp-content\/uploads\/sites\/28\/2021\/11\/web_logo-01.jpg\" \/>\n\t<meta property=\"og:image:width\" content=\"1250\" \/>\n\t<meta property=\"og:image:height\" content=\"833\" \/>\n\t<meta property=\"og:image:type\" content=\"image\/jpeg\" \/>\n<meta name=\"twitter:card\" content=\"summary_large_image\" \/>\n<meta name=\"twitter:site\" content=\"@ticaretedutr\" \/>\n<meta name=\"twitter:label1\" content=\"Tahmini okuma s\u00fcresi\" \/>\n\t<meta name=\"twitter:data1\" content=\"2 dakika\" \/>\n<script type=\"application\/ld+json\" class=\"yoast-schema-graph\">{\"@context\":\"https:\/\/schema.org\",\"@graph\":[{\"@type\":\"WebPage\",\"@id\":\"http:\/\/ticaret.edu.tr\/psikoloji\/laboratuvarlar\/\",\"url\":\"http:\/\/ticaret.edu.tr\/psikoloji\/laboratuvarlar\/\",\"name\":\"Laboratuvarlar - Psikoloji\",\"isPartOf\":{\"@id\":\"http:\/\/ticaret.edu.tr\/psikoloji\/#website\"},\"datePublished\":\"2025-01-26T21:01:49+00:00\",\"dateModified\":\"2025-10-16T11:58:14+00:00\",\"breadcrumb\":{\"@id\":\"http:\/\/ticaret.edu.tr\/psikoloji\/laboratuvarlar\/#breadcrumb\"},\"inLanguage\":\"tr\",\"potentialAction\":[{\"@type\":\"ReadAction\",\"target\":[\"http:\/\/ticaret.edu.tr\/psikoloji\/laboratuvarlar\/\"]}]},{\"@type\":\"BreadcrumbList\",\"@id\":\"http:\/\/ticaret.edu.tr\/psikoloji\/laboratuvarlar\/#breadcrumb\",\"itemListElement\":[{\"@type\":\"ListItem\",\"position\":1,\"name\":\"Ana sayfa\",\"item\":\"http:\/\/ticaret.edu.tr\/psikoloji\/\"},{\"@type\":\"ListItem\",\"position\":2,\"name\":\"Laboratuvarlar\"}]},{\"@type\":\"WebSite\",\"@id\":\"http:\/\/ticaret.edu.tr\/psikoloji\/#website\",\"url\":\"http:\/\/ticaret.edu.tr\/psikoloji\/\",\"name\":\"Psikoloji\",\"description\":\"\",\"potentialAction\":[{\"@type\":\"SearchAction\",\"target\":{\"@type\":\"EntryPoint\",\"urlTemplate\":\"http:\/\/ticaret.edu.tr\/psikoloji\/?s={search_term_string}\"},\"query-input\":\"required name=search_term_string\"}],\"inLanguage\":\"tr\"}]}<\/script>\n<!-- \/ Yoast SEO Premium plugin. -->","yoast_head_json":{"title":"Laboratuvarlar - Psikoloji","robots":{"index":"index","follow":"follow","max-snippet":"max-snippet:-1","max-image-preview":"max-image-preview:large","max-video-preview":"max-video-preview:-1"},"canonical":"http:\/\/ticaret.edu.tr\/psikoloji\/laboratuvarlar\/","og_locale":"tr_TR","og_type":"article","og_title":"Laboratuvarlar","og_description":"Psikoloji Ara\u015ft\u0131rma Laboratuvar\u0131 \u0130stanbul Ticaret \u00dcniversitesi S\u00fctl\u00fcce S\u00e2d\u00e2b\u00e2d Kamp\u00fcs\u00fc\u2019nde yer alan Psikoloji Ara\u015ft\u0131rma Laboratuvar\u0131, \u00f6\u011frencilerin psikolojinin bilimsel ve deneysel y\u00f6n\u00fcn\u00fc ke\u015ffetmelerine olanak sa\u011flayan modern bir \u00e7al\u0131\u015fma ortam\u0131d\u0131r. Laboratuvar, \u00f6zellikle deneysel psikoloji, bili\u015fsel psikoloji ve bili\u015fsel n\u00f6robilim alanlar\u0131na odaklanmaktad\u0131r. Bu kapsamda: EEG (Elektroensefalografi) cihaz\u0131 ile beynin elektriksel etkinli\u011fi incelenebilmekte, Dikkat, bellek, alg\u0131 ve karar verme gibi [&hellip;]","og_url":"http:\/\/ticaret.edu.tr\/psikoloji\/laboratuvarlar\/","og_site_name":"Psikoloji","article_publisher":"https:\/\/www.facebook.com\/ticaretedutr","article_modified_time":"2025-10-16T11:58:14+00:00","og_image":[{"width":1250,"height":833,"url":"http:\/\/ticaret.edu.tr\/psikoloji\/wp-content\/uploads\/sites\/28\/2021\/11\/web_logo-01.jpg","type":"image\/jpeg"}],"twitter_card":"summary_large_image","twitter_site":"@ticaretedutr","twitter_misc":{"Tahmini okuma s\u00fcresi":"2 dakika"},"schema":{"@context":"https:\/\/schema.org","@graph":[{"@type":"WebPage","@id":"http:\/\/ticaret.edu.tr\/psikoloji\/laboratuvarlar\/","url":"http:\/\/ticaret.edu.tr\/psikoloji\/laboratuvarlar\/","name":"Laboratuvarlar - Psikoloji","isPartOf":{"@id":"http:\/\/ticaret.edu.tr\/psikoloji\/#website"},"datePublished":"2025-01-26T21:01:49+00:00","dateModified":"2025-10-16T11:58:14+00:00","breadcrumb":{"@id":"http:\/\/ticaret.edu.tr\/psikoloji\/laboratuvarlar\/#breadcrumb"},"inLanguage":"tr","potentialAction":[{"@type":"ReadAction","target":["http:\/\/ticaret.edu.tr\/psikoloji\/laboratuvarlar\/"]}]},{"@type":"BreadcrumbList","@id":"http:\/\/ticaret.edu.tr\/psikoloji\/laboratuvarlar\/#breadcrumb","itemListElement":[{"@type":"ListItem","position":1,"name":"Ana sayfa","item":"http:\/\/ticaret.edu.tr\/psikoloji\/"},{"@type":"ListItem","position":2,"name":"Laboratuvarlar"}]},{"@type":"WebSite","@id":"http:\/\/ticaret.edu.tr\/psikoloji\/#website","url":"http:\/\/ticaret.edu.tr\/psikoloji\/","name":"Psikoloji","description":"","potentialAction":[{"@type":"SearchAction","target":{"@type":"EntryPoint","urlTemplate":"http:\/\/ticaret.edu.tr\/psikoloji\/?s={search_term_string}"},"query-input":"required name=search_term_string"}],"inLanguage":"tr"}]}},"lang":"tr","translations":{"en":1515,"tr":1513},"pll_sync_post":[],"_links":{"self":[{"href":"http:\/\/ticaret.edu.tr\/psikoloji\/wp-json\/wp\/v2\/pages\/1513"}],"collection":[{"href":"http:\/\/ticaret.edu.tr\/psikoloji\/wp-json\/wp\/v2\/pages"}],"about":[{"href":"http:\/\/ticaret.edu.tr\/psikoloji\/wp-json\/wp\/v2\/types\/page"}],"author":[{"embeddable":true,"href":"http:\/\/ticaret.edu.tr\/psikoloji\/wp-json\/wp\/v2\/users\/43"}],"replies":[{"embeddable":true,"href":"http:\/\/ticaret.edu.tr\/psikoloji\/wp-json\/wp\/v2\/comments?post=1513"}],"version-history":[{"count":3,"href":"http:\/\/ticaret.edu.tr\/psikoloji\/wp-json\/wp\/v2\/pages\/1513\/revisions"}],"predecessor-version":[{"id":1878,"href":"http:\/\/ticaret.edu.tr\/psikoloji\/wp-json\/wp\/v2\/pages\/1513\/revisions\/1878"}],"wp:attachment":[{"href":"http:\/\/ticaret.edu.tr\/psikoloji\/wp-json\/wp\/v2\/media?parent=1513"}],"curies":[{"name":"wp","href":"https:\/\/api.w.org\/{rel}","templated":true}]}}