{"id":1517,"date":"2025-01-27T00:02:58","date_gmt":"2025-01-26T21:02:58","guid":{"rendered":"https:\/\/ticaret.edu.tr\/psikoloji\/?page_id=1517"},"modified":"2025-10-16T14:25:10","modified_gmt":"2025-10-16T11:25:10","slug":"proje-destekler","status":"publish","type":"page","link":"http:\/\/ticaret.edu.tr\/psikoloji\/proje-destekler\/","title":{"rendered":"Proje &#8211; Destekler"},"content":{"rendered":"<p>B\u00f6l\u00fcm \u00f6\u011fretim \u00fcyelerinin y\u00fcr\u00fctt\u00fc\u011f\u00fc proje bilgilerine a\u015fa\u011f\u0131daki ba\u011flant\u0131lardan ula\u015fabilirsiniz.<\/p>\n<table style=\"height: 202px\" width=\"743\">\n<tbody>\n<tr>\n<td width=\"375\"><strong>\u00d6\u011fretim Eleman\u0131<\/strong><\/td>\n<td width=\"413\"><strong>Proje Bilgileri<\/strong><\/td>\n<\/tr>\n<tr>\n<td width=\"375\">Dr. \u00d6\u011fr. \u00dcyesi Yasemin KU\u015e<\/td>\n<td width=\"413\"><a href=\"https:\/\/avesis.ticaret.edu.tr\/ybozkurt\/projeler\">https:\/\/avesis.ticaret.edu.tr\/ybozkurt\/projeler<\/a><\/td>\n<\/tr>\n<tr>\n<td width=\"375\">Do\u00e7. Dr. Derya DEN\u0130Z<\/td>\n<td width=\"413\"><a href=\"https:\/\/avesis.ticaret.edu.tr\/ddeniz\/projeler\">https:\/\/avesis.ticaret.edu.tr\/ddeniz\/projeler<\/a><\/td>\n<\/tr>\n<tr>\n<td width=\"375\">Dr. \u00d6\u011fr. \u00dcyesi Zekeriya K\u00d6KREK<\/td>\n<td width=\"413\"><a href=\"https:\/\/avesis.ticaret.edu.tr\/zkokrek\/projeler\">https:\/\/avesis.ticaret.edu.tr\/zkokrek\/projeler<\/a><\/td>\n<\/tr>\n<tr>\n<td width=\"375\">Dr. \u00d6\u011fr. \u00dcyesi Melike \u0130LER\u0130SOY<\/td>\n<td width=\"413\"><a href=\"https:\/\/avesis.ticaret.edu.tr\/milerisoy\/projeler\">https:\/\/avesis.ticaret.edu.tr\/milerisoy\/projeler<\/a><\/td>\n<\/tr>\n<tr>\n<td width=\"375\">Dr. \u00d6\u011fr. \u00dcyesi Ezgi BERTAY<\/td>\n<td width=\"413\"><a href=\"https:\/\/avesis.ticaret.edu.tr\/etan\/projeler\">https:\/\/avesis.ticaret.edu.tr\/etan\/projeler<\/a><\/td>\n<\/tr>\n<tr>\n<td width=\"375\"><\/td>\n<td width=\"413\"><\/td>\n<\/tr>\n<tr>\n<td width=\"375\"><\/td>\n<td width=\"413\"><\/td>\n<\/tr>\n<\/tbody>\n<\/table>\n","protected":false},"excerpt":{"rendered":"<p>B\u00f6l\u00fcm \u00f6\u011fretim \u00fcyelerinin y\u00fcr\u00fctt\u00fc\u011f\u00fc proje bilgilerine a\u015fa\u011f\u0131daki ba\u011flant\u0131lardan ula\u015fabilirsiniz. \u00d6\u011fretim Eleman\u0131 Proje Bilgileri Dr. \u00d6\u011fr. \u00dcyesi Yasemin KU\u015e https:\/\/avesis.ticaret.edu.tr\/ybozkurt\/projeler Do\u00e7. Dr. Derya DEN\u0130Z https:\/\/avesis.ticaret.edu.tr\/ddeniz\/projeler Dr. \u00d6\u011fr. \u00dcyesi Zekeriya K\u00d6KREK https:\/\/avesis.ticaret.edu.tr\/zkokrek\/projeler Dr. \u00d6\u011fr. \u00dcyesi Melike \u0130LER\u0130SOY https:\/\/avesis.ticaret.edu.tr\/milerisoy\/projeler Dr. \u00d6\u011fr. \u00dcyesi Ezgi BERTAY https:\/\/avesis.ticaret.edu.tr\/etan\/projeler<\/p>\n","protected":false},"author":43,"featured_media":0,"parent":0,"menu_order":0,"comment_status":"closed","ping_status":"closed","template":"genel_sayfa.php","meta":{"footnotes":""},"yoast_head":"<!-- This site is optimized with the Yoast SEO Premium plugin v22.1 (Yoast SEO v22.1) - https:\/\/yoast.com\/wordpress\/plugins\/seo\/ -->\n<title>Proje - Destekler - Psikoloji<\/title>\n<meta name=\"robots\" content=\"index, follow, max-snippet:-1, max-image-preview:large, max-video-preview:-1\" \/>\n<link rel=\"canonical\" href=\"http:\/\/ticaret.edu.tr\/psikoloji\/proje-destekler\/\" \/>\n<meta property=\"og:locale\" content=\"tr_TR\" \/>\n<meta property=\"og:type\" content=\"article\" \/>\n<meta property=\"og:title\" content=\"Proje - Destekler\" \/>\n<meta property=\"og:description\" content=\"B\u00f6l\u00fcm \u00f6\u011fretim \u00fcyelerinin y\u00fcr\u00fctt\u00fc\u011f\u00fc proje bilgilerine a\u015fa\u011f\u0131daki ba\u011flant\u0131lardan ula\u015fabilirsiniz. \u00d6\u011fretim Eleman\u0131 Proje Bilgileri Dr. \u00d6\u011fr. \u00dcyesi Yasemin KU\u015e https:\/\/avesis.ticaret.edu.tr\/ybozkurt\/projeler Do\u00e7. Dr. Derya DEN\u0130Z https:\/\/avesis.ticaret.edu.tr\/ddeniz\/projeler Dr. \u00d6\u011fr. \u00dcyesi Zekeriya K\u00d6KREK https:\/\/avesis.ticaret.edu.tr\/zkokrek\/projeler Dr. \u00d6\u011fr. \u00dcyesi Melike \u0130LER\u0130SOY https:\/\/avesis.ticaret.edu.tr\/milerisoy\/projeler Dr. \u00d6\u011fr. \u00dcyesi Ezgi BERTAY https:\/\/avesis.ticaret.edu.tr\/etan\/projeler\" \/>\n<meta property=\"og:url\" content=\"http:\/\/ticaret.edu.tr\/psikoloji\/proje-destekler\/\" \/>\n<meta property=\"og:site_name\" content=\"Psikoloji\" \/>\n<meta property=\"article:publisher\" content=\"https:\/\/www.facebook.com\/ticaretedutr\" \/>\n<meta property=\"article:modified_time\" content=\"2025-10-16T11:25:10+00:00\" \/>\n<meta property=\"og:image\" content=\"http:\/\/ticaret.edu.tr\/psikoloji\/wp-content\/uploads\/sites\/28\/2021\/11\/web_logo-01.jpg\" \/>\n\t<meta property=\"og:image:width\" content=\"1250\" \/>\n\t<meta property=\"og:image:height\" content=\"833\" \/>\n\t<meta property=\"og:image:type\" content=\"image\/jpeg\" \/>\n<meta name=\"twitter:card\" content=\"summary_large_image\" \/>\n<meta name=\"twitter:site\" content=\"@ticaretedutr\" \/>\n<meta name=\"twitter:label1\" content=\"Tahmini okuma s\u00fcresi\" \/>\n\t<meta name=\"twitter:data1\" content=\"1 dakika\" \/>\n<script type=\"application\/ld+json\" class=\"yoast-schema-graph\">{\"@context\":\"https:\/\/schema.org\",\"@graph\":[{\"@type\":\"WebPage\",\"@id\":\"http:\/\/ticaret.edu.tr\/psikoloji\/proje-destekler\/\",\"url\":\"http:\/\/ticaret.edu.tr\/psikoloji\/proje-destekler\/\",\"name\":\"Proje - Destekler - Psikoloji\",\"isPartOf\":{\"@id\":\"http:\/\/ticaret.edu.tr\/psikoloji\/#website\"},\"datePublished\":\"2025-01-26T21:02:58+00:00\",\"dateModified\":\"2025-10-16T11:25:10+00:00\",\"breadcrumb\":{\"@id\":\"http:\/\/ticaret.edu.tr\/psikoloji\/proje-destekler\/#breadcrumb\"},\"inLanguage\":\"tr\",\"potentialAction\":[{\"@type\":\"ReadAction\",\"target\":[\"http:\/\/ticaret.edu.tr\/psikoloji\/proje-destekler\/\"]}]},{\"@type\":\"BreadcrumbList\",\"@id\":\"http:\/\/ticaret.edu.tr\/psikoloji\/proje-destekler\/#breadcrumb\",\"itemListElement\":[{\"@type\":\"ListItem\",\"position\":1,\"name\":\"Ana sayfa\",\"item\":\"http:\/\/ticaret.edu.tr\/psikoloji\/\"},{\"@type\":\"ListItem\",\"position\":2,\"name\":\"Proje &#8211; Destekler\"}]},{\"@type\":\"WebSite\",\"@id\":\"http:\/\/ticaret.edu.tr\/psikoloji\/#website\",\"url\":\"http:\/\/ticaret.edu.tr\/psikoloji\/\",\"name\":\"Psikoloji\",\"description\":\"\",\"potentialAction\":[{\"@type\":\"SearchAction\",\"target\":{\"@type\":\"EntryPoint\",\"urlTemplate\":\"http:\/\/ticaret.edu.tr\/psikoloji\/?s={search_term_string}\"},\"query-input\":\"required name=search_term_string\"}],\"inLanguage\":\"tr\"}]}<\/script>\n<!-- \/ Yoast SEO Premium plugin. -->","yoast_head_json":{"title":"Proje - Destekler - Psikoloji","robots":{"index":"index","follow":"follow","max-snippet":"max-snippet:-1","max-image-preview":"max-image-preview:large","max-video-preview":"max-video-preview:-1"},"canonical":"http:\/\/ticaret.edu.tr\/psikoloji\/proje-destekler\/","og_locale":"tr_TR","og_type":"article","og_title":"Proje - Destekler","og_description":"B\u00f6l\u00fcm \u00f6\u011fretim \u00fcyelerinin y\u00fcr\u00fctt\u00fc\u011f\u00fc proje bilgilerine a\u015fa\u011f\u0131daki ba\u011flant\u0131lardan ula\u015fabilirsiniz. \u00d6\u011fretim Eleman\u0131 Proje Bilgileri Dr. \u00d6\u011fr. \u00dcyesi Yasemin KU\u015e https:\/\/avesis.ticaret.edu.tr\/ybozkurt\/projeler Do\u00e7. Dr. Derya DEN\u0130Z https:\/\/avesis.ticaret.edu.tr\/ddeniz\/projeler Dr. \u00d6\u011fr. \u00dcyesi Zekeriya K\u00d6KREK https:\/\/avesis.ticaret.edu.tr\/zkokrek\/projeler Dr. \u00d6\u011fr. \u00dcyesi Melike \u0130LER\u0130SOY https:\/\/avesis.ticaret.edu.tr\/milerisoy\/projeler Dr. \u00d6\u011fr. \u00dcyesi Ezgi BERTAY https:\/\/avesis.ticaret.edu.tr\/etan\/projeler","og_url":"http:\/\/ticaret.edu.tr\/psikoloji\/proje-destekler\/","og_site_name":"Psikoloji","article_publisher":"https:\/\/www.facebook.com\/ticaretedutr","article_modified_time":"2025-10-16T11:25:10+00:00","og_image":[{"width":1250,"height":833,"url":"http:\/\/ticaret.edu.tr\/psikoloji\/wp-content\/uploads\/sites\/28\/2021\/11\/web_logo-01.jpg","type":"image\/jpeg"}],"twitter_card":"summary_large_image","twitter_site":"@ticaretedutr","twitter_misc":{"Tahmini okuma s\u00fcresi":"1 dakika"},"schema":{"@context":"https:\/\/schema.org","@graph":[{"@type":"WebPage","@id":"http:\/\/ticaret.edu.tr\/psikoloji\/proje-destekler\/","url":"http:\/\/ticaret.edu.tr\/psikoloji\/proje-destekler\/","name":"Proje - Destekler - Psikoloji","isPartOf":{"@id":"http:\/\/ticaret.edu.tr\/psikoloji\/#website"},"datePublished":"2025-01-26T21:02:58+00:00","dateModified":"2025-10-16T11:25:10+00:00","breadcrumb":{"@id":"http:\/\/ticaret.edu.tr\/psikoloji\/proje-destekler\/#breadcrumb"},"inLanguage":"tr","potentialAction":[{"@type":"ReadAction","target":["http:\/\/ticaret.edu.tr\/psikoloji\/proje-destekler\/"]}]},{"@type":"BreadcrumbList","@id":"http:\/\/ticaret.edu.tr\/psikoloji\/proje-destekler\/#breadcrumb","itemListElement":[{"@type":"ListItem","position":1,"name":"Ana sayfa","item":"http:\/\/ticaret.edu.tr\/psikoloji\/"},{"@type":"ListItem","position":2,"name":"Proje &#8211; Destekler"}]},{"@type":"WebSite","@id":"http:\/\/ticaret.edu.tr\/psikoloji\/#website","url":"http:\/\/ticaret.edu.tr\/psikoloji\/","name":"Psikoloji","description":"","potentialAction":[{"@type":"SearchAction","target":{"@type":"EntryPoint","urlTemplate":"http:\/\/ticaret.edu.tr\/psikoloji\/?s={search_term_string}"},"query-input":"required name=search_term_string"}],"inLanguage":"tr"}]}},"lang":"tr","translations":{"en":1519,"tr":1517},"pll_sync_post":[],"_links":{"self":[{"href":"http:\/\/ticaret.edu.tr\/psikoloji\/wp-json\/wp\/v2\/pages\/1517"}],"collection":[{"href":"http:\/\/ticaret.edu.tr\/psikoloji\/wp-json\/wp\/v2\/pages"}],"about":[{"href":"http:\/\/ticaret.edu.tr\/psikoloji\/wp-json\/wp\/v2\/types\/page"}],"author":[{"embeddable":true,"href":"http:\/\/ticaret.edu.tr\/psikoloji\/wp-json\/wp\/v2\/users\/43"}],"replies":[{"embeddable":true,"href":"http:\/\/ticaret.edu.tr\/psikoloji\/wp-json\/wp\/v2\/comments?post=1517"}],"version-history":[{"count":3,"href":"http:\/\/ticaret.edu.tr\/psikoloji\/wp-json\/wp\/v2\/pages\/1517\/revisions"}],"predecessor-version":[{"id":1876,"href":"http:\/\/ticaret.edu.tr\/psikoloji\/wp-json\/wp\/v2\/pages\/1517\/revisions\/1876"}],"wp:attachment":[{"href":"http:\/\/ticaret.edu.tr\/psikoloji\/wp-json\/wp\/v2\/media?parent=1517"}],"curies":[{"name":"wp","href":"https:\/\/api.w.org\/{rel}","templated":true}]}}