{"id":1521,"date":"2025-01-27T00:04:45","date_gmt":"2025-01-26T21:04:45","guid":{"rendered":"https:\/\/ticaret.edu.tr\/psikoloji\/?page_id=1521"},"modified":"2025-10-16T14:14:59","modified_gmt":"2025-10-16T11:14:59","slug":"arastirma-alanlari","status":"publish","type":"page","link":"http:\/\/ticaret.edu.tr\/psikoloji\/arastirma-alanlari\/","title":{"rendered":"Ara\u015ft\u0131rma Alanlar\u0131"},"content":{"rendered":"<p>B\u00f6l\u00fcm \u00f6\u011fretim \u00fcyelerinin ara\u015ft\u0131rma alanlar\u0131na a\u015fa\u011f\u0131daki ba\u011flant\u0131lardan ula\u015fabilirsiniz.<\/p>\n<table style=\"height: 202px\" width=\"743\">\n<tbody>\n<tr>\n<td width=\"375\"><strong>\u00d6\u011fretim Eleman\u0131<\/strong><\/td>\n<td width=\"413\"><strong>Ara\u015ft\u0131rma Alan\u0131 Bilgileri<\/strong><\/td>\n<\/tr>\n<tr>\n<td width=\"375\">Dr. \u00d6\u011fr. \u00dcyesi Yasemin KU\u015e<\/td>\n<td width=\"413\"><a href=\"https:\/\/avesis.ticaret.edu.tr\/ybozkurt\/arastirma\">https:\/\/avesis.ticaret.edu.tr\/ybozkurt\/arastirma<\/a><\/td>\n<\/tr>\n<tr>\n<td width=\"375\">Do\u00e7. Dr. Derya DEN\u0130Z<\/td>\n<td width=\"413\"><a href=\"https:\/\/avesis.ticaret.edu.tr\/ddeniz\/arastirma\">https:\/\/avesis.ticaret.edu.tr\/ddeniz\/arastirma<\/a><\/td>\n<\/tr>\n<tr>\n<td width=\"375\">Dr. \u00d6\u011fr. \u00dcyesi Zekeriya K\u00d6KREK<\/td>\n<td width=\"413\"><a href=\"https:\/\/avesis.ticaret.edu.tr\/zkokrek\/arastirma\">https:\/\/avesis.ticaret.edu.tr\/zkokrek\/arastirma<\/a><\/td>\n<\/tr>\n<tr>\n<td width=\"375\">Dr. \u00d6\u011fr. \u00dcyesi Melike \u0130LER\u0130SOY<\/td>\n<td width=\"413\"><a href=\"https:\/\/avesis.ticaret.edu.tr\/milerisoy\/arastirma\">https:\/\/avesis.ticaret.edu.tr\/milerisoy\/arastirma<\/a><\/td>\n<\/tr>\n<tr>\n<td width=\"375\">Dr. \u00d6\u011fr. \u00dcyesi Ezgi BERTAY<\/td>\n<td width=\"413\"><a href=\"https:\/\/avesis.ticaret.edu.tr\/etan\/arastirma\">https:\/\/avesis.ticaret.edu.tr\/etan\/arastirma<\/a><\/td>\n<\/tr>\n<tr>\n<td width=\"375\"><\/td>\n<td width=\"413\"><\/td>\n<\/tr>\n<tr>\n<td width=\"375\"><\/td>\n<td width=\"413\"><\/td>\n<\/tr>\n<\/tbody>\n<\/table>\n","protected":false},"excerpt":{"rendered":"<p>B\u00f6l\u00fcm \u00f6\u011fretim \u00fcyelerinin ara\u015ft\u0131rma alanlar\u0131na a\u015fa\u011f\u0131daki ba\u011flant\u0131lardan ula\u015fabilirsiniz. \u00d6\u011fretim Eleman\u0131 Ara\u015ft\u0131rma Alan\u0131 Bilgileri Dr. \u00d6\u011fr. \u00dcyesi Yasemin KU\u015e https:\/\/avesis.ticaret.edu.tr\/ybozkurt\/arastirma Do\u00e7. Dr. Derya DEN\u0130Z https:\/\/avesis.ticaret.edu.tr\/ddeniz\/arastirma Dr. \u00d6\u011fr. \u00dcyesi Zekeriya K\u00d6KREK https:\/\/avesis.ticaret.edu.tr\/zkokrek\/arastirma Dr. \u00d6\u011fr. \u00dcyesi Melike \u0130LER\u0130SOY https:\/\/avesis.ticaret.edu.tr\/milerisoy\/arastirma Dr. \u00d6\u011fr. \u00dcyesi Ezgi BERTAY https:\/\/avesis.ticaret.edu.tr\/etan\/arastirma<\/p>\n","protected":false},"author":43,"featured_media":0,"parent":0,"menu_order":0,"comment_status":"closed","ping_status":"closed","template":"genel_sayfa.php","meta":{"footnotes":""},"yoast_head":"<!-- This site is optimized with the Yoast SEO Premium plugin v22.1 (Yoast SEO v22.1) - https:\/\/yoast.com\/wordpress\/plugins\/seo\/ -->\n<title>Ara\u015ft\u0131rma Alanlar\u0131 - Psikoloji<\/title>\n<meta name=\"robots\" content=\"index, follow, max-snippet:-1, max-image-preview:large, max-video-preview:-1\" \/>\n<link rel=\"canonical\" href=\"http:\/\/ticaret.edu.tr\/psikoloji\/arastirma-alanlari\/\" \/>\n<meta property=\"og:locale\" content=\"tr_TR\" \/>\n<meta property=\"og:type\" content=\"article\" \/>\n<meta property=\"og:title\" content=\"Ara\u015ft\u0131rma Alanlar\u0131\" \/>\n<meta property=\"og:description\" content=\"B\u00f6l\u00fcm \u00f6\u011fretim \u00fcyelerinin ara\u015ft\u0131rma alanlar\u0131na a\u015fa\u011f\u0131daki ba\u011flant\u0131lardan ula\u015fabilirsiniz. \u00d6\u011fretim Eleman\u0131 Ara\u015ft\u0131rma Alan\u0131 Bilgileri Dr. \u00d6\u011fr. \u00dcyesi Yasemin KU\u015e https:\/\/avesis.ticaret.edu.tr\/ybozkurt\/arastirma Do\u00e7. Dr. Derya DEN\u0130Z https:\/\/avesis.ticaret.edu.tr\/ddeniz\/arastirma Dr. \u00d6\u011fr. \u00dcyesi Zekeriya K\u00d6KREK https:\/\/avesis.ticaret.edu.tr\/zkokrek\/arastirma Dr. \u00d6\u011fr. \u00dcyesi Melike \u0130LER\u0130SOY https:\/\/avesis.ticaret.edu.tr\/milerisoy\/arastirma Dr. \u00d6\u011fr. \u00dcyesi Ezgi BERTAY https:\/\/avesis.ticaret.edu.tr\/etan\/arastirma\" \/>\n<meta property=\"og:url\" content=\"http:\/\/ticaret.edu.tr\/psikoloji\/arastirma-alanlari\/\" \/>\n<meta property=\"og:site_name\" content=\"Psikoloji\" \/>\n<meta property=\"article:publisher\" content=\"https:\/\/www.facebook.com\/ticaretedutr\" \/>\n<meta property=\"article:modified_time\" content=\"2025-10-16T11:14:59+00:00\" \/>\n<meta property=\"og:image\" content=\"http:\/\/ticaret.edu.tr\/psikoloji\/wp-content\/uploads\/sites\/28\/2021\/11\/web_logo-01.jpg\" \/>\n\t<meta property=\"og:image:width\" content=\"1250\" \/>\n\t<meta property=\"og:image:height\" content=\"833\" \/>\n\t<meta property=\"og:image:type\" content=\"image\/jpeg\" \/>\n<meta name=\"twitter:card\" content=\"summary_large_image\" \/>\n<meta name=\"twitter:site\" content=\"@ticaretedutr\" \/>\n<meta name=\"twitter:label1\" content=\"Tahmini okuma s\u00fcresi\" \/>\n\t<meta name=\"twitter:data1\" content=\"1 dakika\" \/>\n<script type=\"application\/ld+json\" class=\"yoast-schema-graph\">{\"@context\":\"https:\/\/schema.org\",\"@graph\":[{\"@type\":\"WebPage\",\"@id\":\"http:\/\/ticaret.edu.tr\/psikoloji\/arastirma-alanlari\/\",\"url\":\"http:\/\/ticaret.edu.tr\/psikoloji\/arastirma-alanlari\/\",\"name\":\"Ara\u015ft\u0131rma Alanlar\u0131 - Psikoloji\",\"isPartOf\":{\"@id\":\"http:\/\/ticaret.edu.tr\/psikoloji\/#website\"},\"datePublished\":\"2025-01-26T21:04:45+00:00\",\"dateModified\":\"2025-10-16T11:14:59+00:00\",\"breadcrumb\":{\"@id\":\"http:\/\/ticaret.edu.tr\/psikoloji\/arastirma-alanlari\/#breadcrumb\"},\"inLanguage\":\"tr\",\"potentialAction\":[{\"@type\":\"ReadAction\",\"target\":[\"http:\/\/ticaret.edu.tr\/psikoloji\/arastirma-alanlari\/\"]}]},{\"@type\":\"BreadcrumbList\",\"@id\":\"http:\/\/ticaret.edu.tr\/psikoloji\/arastirma-alanlari\/#breadcrumb\",\"itemListElement\":[{\"@type\":\"ListItem\",\"position\":1,\"name\":\"Ana sayfa\",\"item\":\"http:\/\/ticaret.edu.tr\/psikoloji\/\"},{\"@type\":\"ListItem\",\"position\":2,\"name\":\"Ara\u015ft\u0131rma Alanlar\u0131\"}]},{\"@type\":\"WebSite\",\"@id\":\"http:\/\/ticaret.edu.tr\/psikoloji\/#website\",\"url\":\"http:\/\/ticaret.edu.tr\/psikoloji\/\",\"name\":\"Psikoloji\",\"description\":\"\",\"potentialAction\":[{\"@type\":\"SearchAction\",\"target\":{\"@type\":\"EntryPoint\",\"urlTemplate\":\"http:\/\/ticaret.edu.tr\/psikoloji\/?s={search_term_string}\"},\"query-input\":\"required name=search_term_string\"}],\"inLanguage\":\"tr\"}]}<\/script>\n<!-- \/ Yoast SEO Premium plugin. -->","yoast_head_json":{"title":"Ara\u015ft\u0131rma Alanlar\u0131 - Psikoloji","robots":{"index":"index","follow":"follow","max-snippet":"max-snippet:-1","max-image-preview":"max-image-preview:large","max-video-preview":"max-video-preview:-1"},"canonical":"http:\/\/ticaret.edu.tr\/psikoloji\/arastirma-alanlari\/","og_locale":"tr_TR","og_type":"article","og_title":"Ara\u015ft\u0131rma Alanlar\u0131","og_description":"B\u00f6l\u00fcm \u00f6\u011fretim \u00fcyelerinin ara\u015ft\u0131rma alanlar\u0131na a\u015fa\u011f\u0131daki ba\u011flant\u0131lardan ula\u015fabilirsiniz. \u00d6\u011fretim Eleman\u0131 Ara\u015ft\u0131rma Alan\u0131 Bilgileri Dr. \u00d6\u011fr. \u00dcyesi Yasemin KU\u015e https:\/\/avesis.ticaret.edu.tr\/ybozkurt\/arastirma Do\u00e7. Dr. Derya DEN\u0130Z https:\/\/avesis.ticaret.edu.tr\/ddeniz\/arastirma Dr. \u00d6\u011fr. \u00dcyesi Zekeriya K\u00d6KREK https:\/\/avesis.ticaret.edu.tr\/zkokrek\/arastirma Dr. \u00d6\u011fr. \u00dcyesi Melike \u0130LER\u0130SOY https:\/\/avesis.ticaret.edu.tr\/milerisoy\/arastirma Dr. \u00d6\u011fr. \u00dcyesi Ezgi BERTAY https:\/\/avesis.ticaret.edu.tr\/etan\/arastirma","og_url":"http:\/\/ticaret.edu.tr\/psikoloji\/arastirma-alanlari\/","og_site_name":"Psikoloji","article_publisher":"https:\/\/www.facebook.com\/ticaretedutr","article_modified_time":"2025-10-16T11:14:59+00:00","og_image":[{"width":1250,"height":833,"url":"http:\/\/ticaret.edu.tr\/psikoloji\/wp-content\/uploads\/sites\/28\/2021\/11\/web_logo-01.jpg","type":"image\/jpeg"}],"twitter_card":"summary_large_image","twitter_site":"@ticaretedutr","twitter_misc":{"Tahmini okuma s\u00fcresi":"1 dakika"},"schema":{"@context":"https:\/\/schema.org","@graph":[{"@type":"WebPage","@id":"http:\/\/ticaret.edu.tr\/psikoloji\/arastirma-alanlari\/","url":"http:\/\/ticaret.edu.tr\/psikoloji\/arastirma-alanlari\/","name":"Ara\u015ft\u0131rma Alanlar\u0131 - Psikoloji","isPartOf":{"@id":"http:\/\/ticaret.edu.tr\/psikoloji\/#website"},"datePublished":"2025-01-26T21:04:45+00:00","dateModified":"2025-10-16T11:14:59+00:00","breadcrumb":{"@id":"http:\/\/ticaret.edu.tr\/psikoloji\/arastirma-alanlari\/#breadcrumb"},"inLanguage":"tr","potentialAction":[{"@type":"ReadAction","target":["http:\/\/ticaret.edu.tr\/psikoloji\/arastirma-alanlari\/"]}]},{"@type":"BreadcrumbList","@id":"http:\/\/ticaret.edu.tr\/psikoloji\/arastirma-alanlari\/#breadcrumb","itemListElement":[{"@type":"ListItem","position":1,"name":"Ana sayfa","item":"http:\/\/ticaret.edu.tr\/psikoloji\/"},{"@type":"ListItem","position":2,"name":"Ara\u015ft\u0131rma Alanlar\u0131"}]},{"@type":"WebSite","@id":"http:\/\/ticaret.edu.tr\/psikoloji\/#website","url":"http:\/\/ticaret.edu.tr\/psikoloji\/","name":"Psikoloji","description":"","potentialAction":[{"@type":"SearchAction","target":{"@type":"EntryPoint","urlTemplate":"http:\/\/ticaret.edu.tr\/psikoloji\/?s={search_term_string}"},"query-input":"required name=search_term_string"}],"inLanguage":"tr"}]}},"lang":"tr","translations":{"en":1523,"tr":1521},"pll_sync_post":[],"_links":{"self":[{"href":"http:\/\/ticaret.edu.tr\/psikoloji\/wp-json\/wp\/v2\/pages\/1521"}],"collection":[{"href":"http:\/\/ticaret.edu.tr\/psikoloji\/wp-json\/wp\/v2\/pages"}],"about":[{"href":"http:\/\/ticaret.edu.tr\/psikoloji\/wp-json\/wp\/v2\/types\/page"}],"author":[{"embeddable":true,"href":"http:\/\/ticaret.edu.tr\/psikoloji\/wp-json\/wp\/v2\/users\/43"}],"replies":[{"embeddable":true,"href":"http:\/\/ticaret.edu.tr\/psikoloji\/wp-json\/wp\/v2\/comments?post=1521"}],"version-history":[{"count":6,"href":"http:\/\/ticaret.edu.tr\/psikoloji\/wp-json\/wp\/v2\/pages\/1521\/revisions"}],"predecessor-version":[{"id":1874,"href":"http:\/\/ticaret.edu.tr\/psikoloji\/wp-json\/wp\/v2\/pages\/1521\/revisions\/1874"}],"wp:attachment":[{"href":"http:\/\/ticaret.edu.tr\/psikoloji\/wp-json\/wp\/v2\/media?parent=1521"}],"curies":[{"name":"wp","href":"https:\/\/api.w.org\/{rel}","templated":true}]}}