{"id":1525,"date":"2025-01-27T00:05:46","date_gmt":"2025-01-26T21:05:46","guid":{"rendered":"https:\/\/ticaret.edu.tr\/psikoloji\/?page_id=1525"},"modified":"2025-10-16T14:04:23","modified_gmt":"2025-10-16T11:04:23","slug":"yayinlar","status":"publish","type":"page","link":"http:\/\/ticaret.edu.tr\/psikoloji\/yayinlar\/","title":{"rendered":"Yay\u0131nlar"},"content":{"rendered":"<p>B\u00f6l\u00fcm \u00f6\u011fretim \u00fcyelerinin yay\u0131n bilgisine a\u015fa\u011f\u0131daki linkten ula\u015fabilirsiniz.<\/p>\n<table style=\"height: 202px\" width=\"743\">\n<tbody>\n<tr>\n<td width=\"375\"><strong>\u00d6\u011fretim Eleman\u0131<\/strong><\/td>\n<td width=\"413\"><strong>Yay\u0131n Bilgileri<\/strong><\/td>\n<\/tr>\n<tr>\n<td width=\"375\">Dr. \u00d6\u011fr. \u00dcyesi Yasemin KU\u015e<\/td>\n<td width=\"413\"><a href=\"https:\/\/avesis.ticaret.edu.tr\/ybozkurt\/yayinlar\">https:\/\/avesis.ticaret.edu.tr\/ybozkurt\/yayinlar<\/a><\/td>\n<\/tr>\n<tr>\n<td width=\"375\">Do\u00e7. Dr. Derya DEN\u0130Z<\/td>\n<td width=\"413\"><a href=\"https:\/\/avesis.ticaret.edu.tr\/ddeniz\/yayinlar\">https:\/\/avesis.ticaret.edu.tr\/ddeniz\/yayinlar<\/a><\/td>\n<\/tr>\n<tr>\n<td width=\"375\">Dr. \u00d6\u011fr. \u00dcyesi Zekeriya K\u00d6KREK<\/td>\n<td width=\"413\"><a href=\"https:\/\/avesis.ticaret.edu.tr\/zkokrek\/yayinlar\">https:\/\/avesis.ticaret.edu.tr\/zkokrek\/yayinlar<\/a><\/td>\n<\/tr>\n<tr>\n<td width=\"375\">Dr. \u00d6\u011fr. \u00dcyesi Melike \u0130LER\u0130SOY<\/td>\n<td width=\"413\"><a href=\"https:\/\/avesis.ticaret.edu.tr\/milerisoy\/yayinlar\">https:\/\/avesis.ticaret.edu.tr\/milerisoy\/yayinlar<\/a><\/td>\n<\/tr>\n<tr>\n<td width=\"375\">Dr. \u00d6\u011fr. \u00dcyesi Ezgi BERTAY<\/td>\n<td width=\"413\"><a href=\"https:\/\/avesis.ticaret.edu.tr\/etan\/yayinlar\">https:\/\/avesis.ticaret.edu.tr\/etan\/yayinlar<\/a><\/td>\n<\/tr>\n<tr>\n<td width=\"375\"><\/td>\n<td width=\"413\"><\/td>\n<\/tr>\n<tr>\n<td width=\"375\"><\/td>\n<td width=\"413\"><\/td>\n<\/tr>\n<\/tbody>\n<\/table>\n","protected":false},"excerpt":{"rendered":"<p>B\u00f6l\u00fcm \u00f6\u011fretim \u00fcyelerinin yay\u0131n bilgisine a\u015fa\u011f\u0131daki linkten ula\u015fabilirsiniz. \u00d6\u011fretim Eleman\u0131 Yay\u0131n Bilgileri Dr. \u00d6\u011fr. \u00dcyesi Yasemin KU\u015e https:\/\/avesis.ticaret.edu.tr\/ybozkurt\/yayinlar Do\u00e7. Dr. Derya DEN\u0130Z https:\/\/avesis.ticaret.edu.tr\/ddeniz\/yayinlar Dr. \u00d6\u011fr. \u00dcyesi Zekeriya K\u00d6KREK https:\/\/avesis.ticaret.edu.tr\/zkokrek\/yayinlar Dr. \u00d6\u011fr. \u00dcyesi Melike \u0130LER\u0130SOY https:\/\/avesis.ticaret.edu.tr\/milerisoy\/yayinlar Dr. \u00d6\u011fr. \u00dcyesi Ezgi BERTAY https:\/\/avesis.ticaret.edu.tr\/etan\/yayinlar<\/p>\n","protected":false},"author":43,"featured_media":0,"parent":0,"menu_order":0,"comment_status":"closed","ping_status":"closed","template":"genel_sayfa.php","meta":{"footnotes":""},"yoast_head":"<!-- This site is optimized with the Yoast SEO Premium plugin v22.1 (Yoast SEO v22.1) - https:\/\/yoast.com\/wordpress\/plugins\/seo\/ -->\n<title>Yay\u0131nlar - Psikoloji<\/title>\n<meta name=\"robots\" content=\"index, follow, max-snippet:-1, max-image-preview:large, max-video-preview:-1\" \/>\n<link rel=\"canonical\" href=\"http:\/\/ticaret.edu.tr\/psikoloji\/yayinlar\/\" \/>\n<meta property=\"og:locale\" content=\"tr_TR\" \/>\n<meta property=\"og:type\" content=\"article\" \/>\n<meta property=\"og:title\" content=\"Yay\u0131nlar\" \/>\n<meta property=\"og:description\" content=\"B\u00f6l\u00fcm \u00f6\u011fretim \u00fcyelerinin yay\u0131n bilgisine a\u015fa\u011f\u0131daki linkten ula\u015fabilirsiniz. \u00d6\u011fretim Eleman\u0131 Yay\u0131n Bilgileri Dr. \u00d6\u011fr. \u00dcyesi Yasemin KU\u015e https:\/\/avesis.ticaret.edu.tr\/ybozkurt\/yayinlar Do\u00e7. Dr. Derya DEN\u0130Z https:\/\/avesis.ticaret.edu.tr\/ddeniz\/yayinlar Dr. \u00d6\u011fr. \u00dcyesi Zekeriya K\u00d6KREK https:\/\/avesis.ticaret.edu.tr\/zkokrek\/yayinlar Dr. \u00d6\u011fr. \u00dcyesi Melike \u0130LER\u0130SOY https:\/\/avesis.ticaret.edu.tr\/milerisoy\/yayinlar Dr. \u00d6\u011fr. \u00dcyesi Ezgi BERTAY https:\/\/avesis.ticaret.edu.tr\/etan\/yayinlar\" \/>\n<meta property=\"og:url\" content=\"http:\/\/ticaret.edu.tr\/psikoloji\/yayinlar\/\" \/>\n<meta property=\"og:site_name\" content=\"Psikoloji\" \/>\n<meta property=\"article:publisher\" content=\"https:\/\/www.facebook.com\/ticaretedutr\" \/>\n<meta property=\"article:modified_time\" content=\"2025-10-16T11:04:23+00:00\" \/>\n<meta property=\"og:image\" content=\"http:\/\/ticaret.edu.tr\/psikoloji\/wp-content\/uploads\/sites\/28\/2021\/11\/web_logo-01.jpg\" \/>\n\t<meta property=\"og:image:width\" content=\"1250\" \/>\n\t<meta property=\"og:image:height\" content=\"833\" \/>\n\t<meta property=\"og:image:type\" content=\"image\/jpeg\" \/>\n<meta name=\"twitter:card\" content=\"summary_large_image\" \/>\n<meta name=\"twitter:site\" content=\"@ticaretedutr\" \/>\n<meta name=\"twitter:label1\" content=\"Tahmini okuma s\u00fcresi\" \/>\n\t<meta name=\"twitter:data1\" content=\"1 dakika\" \/>\n<script type=\"application\/ld+json\" class=\"yoast-schema-graph\">{\"@context\":\"https:\/\/schema.org\",\"@graph\":[{\"@type\":\"WebPage\",\"@id\":\"http:\/\/ticaret.edu.tr\/psikoloji\/yayinlar\/\",\"url\":\"http:\/\/ticaret.edu.tr\/psikoloji\/yayinlar\/\",\"name\":\"Yay\u0131nlar - Psikoloji\",\"isPartOf\":{\"@id\":\"http:\/\/ticaret.edu.tr\/psikoloji\/#website\"},\"datePublished\":\"2025-01-26T21:05:46+00:00\",\"dateModified\":\"2025-10-16T11:04:23+00:00\",\"breadcrumb\":{\"@id\":\"http:\/\/ticaret.edu.tr\/psikoloji\/yayinlar\/#breadcrumb\"},\"inLanguage\":\"tr\",\"potentialAction\":[{\"@type\":\"ReadAction\",\"target\":[\"http:\/\/ticaret.edu.tr\/psikoloji\/yayinlar\/\"]}]},{\"@type\":\"BreadcrumbList\",\"@id\":\"http:\/\/ticaret.edu.tr\/psikoloji\/yayinlar\/#breadcrumb\",\"itemListElement\":[{\"@type\":\"ListItem\",\"position\":1,\"name\":\"Ana sayfa\",\"item\":\"http:\/\/ticaret.edu.tr\/psikoloji\/\"},{\"@type\":\"ListItem\",\"position\":2,\"name\":\"Yay\u0131nlar\"}]},{\"@type\":\"WebSite\",\"@id\":\"http:\/\/ticaret.edu.tr\/psikoloji\/#website\",\"url\":\"http:\/\/ticaret.edu.tr\/psikoloji\/\",\"name\":\"Psikoloji\",\"description\":\"\",\"potentialAction\":[{\"@type\":\"SearchAction\",\"target\":{\"@type\":\"EntryPoint\",\"urlTemplate\":\"http:\/\/ticaret.edu.tr\/psikoloji\/?s={search_term_string}\"},\"query-input\":\"required name=search_term_string\"}],\"inLanguage\":\"tr\"}]}<\/script>\n<!-- \/ Yoast SEO Premium plugin. -->","yoast_head_json":{"title":"Yay\u0131nlar - Psikoloji","robots":{"index":"index","follow":"follow","max-snippet":"max-snippet:-1","max-image-preview":"max-image-preview:large","max-video-preview":"max-video-preview:-1"},"canonical":"http:\/\/ticaret.edu.tr\/psikoloji\/yayinlar\/","og_locale":"tr_TR","og_type":"article","og_title":"Yay\u0131nlar","og_description":"B\u00f6l\u00fcm \u00f6\u011fretim \u00fcyelerinin yay\u0131n bilgisine a\u015fa\u011f\u0131daki linkten ula\u015fabilirsiniz. \u00d6\u011fretim Eleman\u0131 Yay\u0131n Bilgileri Dr. \u00d6\u011fr. \u00dcyesi Yasemin KU\u015e https:\/\/avesis.ticaret.edu.tr\/ybozkurt\/yayinlar Do\u00e7. Dr. Derya DEN\u0130Z https:\/\/avesis.ticaret.edu.tr\/ddeniz\/yayinlar Dr. \u00d6\u011fr. \u00dcyesi Zekeriya K\u00d6KREK https:\/\/avesis.ticaret.edu.tr\/zkokrek\/yayinlar Dr. \u00d6\u011fr. \u00dcyesi Melike \u0130LER\u0130SOY https:\/\/avesis.ticaret.edu.tr\/milerisoy\/yayinlar Dr. \u00d6\u011fr. \u00dcyesi Ezgi BERTAY https:\/\/avesis.ticaret.edu.tr\/etan\/yayinlar","og_url":"http:\/\/ticaret.edu.tr\/psikoloji\/yayinlar\/","og_site_name":"Psikoloji","article_publisher":"https:\/\/www.facebook.com\/ticaretedutr","article_modified_time":"2025-10-16T11:04:23+00:00","og_image":[{"width":1250,"height":833,"url":"http:\/\/ticaret.edu.tr\/psikoloji\/wp-content\/uploads\/sites\/28\/2021\/11\/web_logo-01.jpg","type":"image\/jpeg"}],"twitter_card":"summary_large_image","twitter_site":"@ticaretedutr","twitter_misc":{"Tahmini okuma s\u00fcresi":"1 dakika"},"schema":{"@context":"https:\/\/schema.org","@graph":[{"@type":"WebPage","@id":"http:\/\/ticaret.edu.tr\/psikoloji\/yayinlar\/","url":"http:\/\/ticaret.edu.tr\/psikoloji\/yayinlar\/","name":"Yay\u0131nlar - Psikoloji","isPartOf":{"@id":"http:\/\/ticaret.edu.tr\/psikoloji\/#website"},"datePublished":"2025-01-26T21:05:46+00:00","dateModified":"2025-10-16T11:04:23+00:00","breadcrumb":{"@id":"http:\/\/ticaret.edu.tr\/psikoloji\/yayinlar\/#breadcrumb"},"inLanguage":"tr","potentialAction":[{"@type":"ReadAction","target":["http:\/\/ticaret.edu.tr\/psikoloji\/yayinlar\/"]}]},{"@type":"BreadcrumbList","@id":"http:\/\/ticaret.edu.tr\/psikoloji\/yayinlar\/#breadcrumb","itemListElement":[{"@type":"ListItem","position":1,"name":"Ana sayfa","item":"http:\/\/ticaret.edu.tr\/psikoloji\/"},{"@type":"ListItem","position":2,"name":"Yay\u0131nlar"}]},{"@type":"WebSite","@id":"http:\/\/ticaret.edu.tr\/psikoloji\/#website","url":"http:\/\/ticaret.edu.tr\/psikoloji\/","name":"Psikoloji","description":"","potentialAction":[{"@type":"SearchAction","target":{"@type":"EntryPoint","urlTemplate":"http:\/\/ticaret.edu.tr\/psikoloji\/?s={search_term_string}"},"query-input":"required name=search_term_string"}],"inLanguage":"tr"}]}},"lang":"tr","translations":{"en":1527,"tr":1525},"pll_sync_post":[],"_links":{"self":[{"href":"http:\/\/ticaret.edu.tr\/psikoloji\/wp-json\/wp\/v2\/pages\/1525"}],"collection":[{"href":"http:\/\/ticaret.edu.tr\/psikoloji\/wp-json\/wp\/v2\/pages"}],"about":[{"href":"http:\/\/ticaret.edu.tr\/psikoloji\/wp-json\/wp\/v2\/types\/page"}],"author":[{"embeddable":true,"href":"http:\/\/ticaret.edu.tr\/psikoloji\/wp-json\/wp\/v2\/users\/43"}],"replies":[{"embeddable":true,"href":"http:\/\/ticaret.edu.tr\/psikoloji\/wp-json\/wp\/v2\/comments?post=1525"}],"version-history":[{"count":3,"href":"http:\/\/ticaret.edu.tr\/psikoloji\/wp-json\/wp\/v2\/pages\/1525\/revisions"}],"predecessor-version":[{"id":1867,"href":"http:\/\/ticaret.edu.tr\/psikoloji\/wp-json\/wp\/v2\/pages\/1525\/revisions\/1867"}],"wp:attachment":[{"href":"http:\/\/ticaret.edu.tr\/psikoloji\/wp-json\/wp\/v2\/media?parent=1525"}],"curies":[{"name":"wp","href":"https:\/\/api.w.org\/{rel}","templated":true}]}}