{"id":1529,"date":"2025-01-27T00:07:26","date_gmt":"2025-01-26T21:07:26","guid":{"rendered":"https:\/\/ticaret.edu.tr\/psikoloji\/?page_id=1529"},"modified":"2025-10-16T14:14:19","modified_gmt":"2025-10-16T11:14:19","slug":"bilimsel-etkinlikler","status":"publish","type":"page","link":"http:\/\/ticaret.edu.tr\/psikoloji\/bilimsel-etkinlikler\/","title":{"rendered":"Bilimsel Etkinlikler"},"content":{"rendered":"<p>B\u00f6l\u00fcm \u00f6\u011fretim \u00fcyelerinin kat\u0131ld\u0131\u011f\u0131 bilimsel etkinliklere a\u015fa\u011f\u0131daki ba\u011flant\u0131lardan ula\u015fabilirsiniz.<\/p>\n<table style=\"height: 202px\" width=\"743\">\n<tbody>\n<tr>\n<td width=\"375\"><strong>\u00d6\u011fretim Eleman\u0131<\/strong><\/td>\n<td width=\"413\"><strong>Bilimsel Etkinlik Bilgileri<\/strong><\/td>\n<\/tr>\n<tr>\n<td width=\"375\">Dr. \u00d6\u011fr. \u00dcyesi Yasemin KU\u015e<\/td>\n<td width=\"413\"><a href=\"https:\/\/avesis.ticaret.edu.tr\/ybozkurt\/yayinlar\">https:\/\/avesis.ticaret.edu.tr\/ybozkurt\/yayinlar<\/a><\/td>\n<\/tr>\n<tr>\n<td width=\"375\">Do\u00e7. Dr. Derya DEN\u0130Z<\/td>\n<td width=\"413\"><a href=\"https:\/\/avesis.ticaret.edu.tr\/ddeniz\/yayinlar\">https:\/\/avesis.ticaret.edu.tr\/ddeniz\/yayinlar<\/a><\/td>\n<\/tr>\n<tr>\n<td width=\"375\">Dr. \u00d6\u011fr. \u00dcyesi Zekeriya K\u00d6KREK<\/td>\n<td width=\"413\"><a href=\"https:\/\/avesis.ticaret.edu.tr\/zkokrek\/yayinlar\">https:\/\/avesis.ticaret.edu.tr\/zkokrek\/yayinlar<\/a><\/td>\n<\/tr>\n<tr>\n<td width=\"375\">Dr. \u00d6\u011fr. \u00dcyesi Melike \u0130LER\u0130SOY<\/td>\n<td width=\"413\"><a href=\"https:\/\/avesis.ticaret.edu.tr\/milerisoy\/yayinlar\">https:\/\/avesis.ticaret.edu.tr\/milerisoy\/yayinlar<\/a><\/td>\n<\/tr>\n<tr>\n<td width=\"375\">Dr. \u00d6\u011fr. \u00dcyesi Ezgi BERTAY<\/td>\n<td width=\"413\"><a href=\"https:\/\/avesis.ticaret.edu.tr\/etan\/yayinlar\">https:\/\/avesis.ticaret.edu.tr\/etan\/yayinlar<\/a><\/td>\n<\/tr>\n<tr>\n<td width=\"375\"><\/td>\n<td width=\"413\"><\/td>\n<\/tr>\n<tr>\n<td width=\"375\"><\/td>\n<td width=\"413\"><\/td>\n<\/tr>\n<\/tbody>\n<\/table>\n","protected":false},"excerpt":{"rendered":"<p>B\u00f6l\u00fcm \u00f6\u011fretim \u00fcyelerinin kat\u0131ld\u0131\u011f\u0131 bilimsel etkinliklere a\u015fa\u011f\u0131daki ba\u011flant\u0131lardan ula\u015fabilirsiniz. \u00d6\u011fretim Eleman\u0131 Bilimsel Etkinlik Bilgileri Dr. \u00d6\u011fr. \u00dcyesi Yasemin KU\u015e https:\/\/avesis.ticaret.edu.tr\/ybozkurt\/yayinlar Do\u00e7. Dr. Derya DEN\u0130Z https:\/\/avesis.ticaret.edu.tr\/ddeniz\/yayinlar Dr. \u00d6\u011fr. \u00dcyesi Zekeriya K\u00d6KREK https:\/\/avesis.ticaret.edu.tr\/zkokrek\/yayinlar Dr. \u00d6\u011fr. \u00dcyesi Melike \u0130LER\u0130SOY https:\/\/avesis.ticaret.edu.tr\/milerisoy\/yayinlar Dr. \u00d6\u011fr. \u00dcyesi Ezgi BERTAY https:\/\/avesis.ticaret.edu.tr\/etan\/yayinlar<\/p>\n","protected":false},"author":43,"featured_media":0,"parent":0,"menu_order":0,"comment_status":"closed","ping_status":"closed","template":"genel_sayfa.php","meta":{"footnotes":""},"yoast_head":"<!-- This site is optimized with the Yoast SEO Premium plugin v22.1 (Yoast SEO v22.1) - https:\/\/yoast.com\/wordpress\/plugins\/seo\/ -->\n<title>Bilimsel Etkinlikler - Psikoloji<\/title>\n<meta name=\"robots\" content=\"index, follow, max-snippet:-1, max-image-preview:large, max-video-preview:-1\" \/>\n<link rel=\"canonical\" href=\"http:\/\/ticaret.edu.tr\/psikoloji\/bilimsel-etkinlikler\/\" \/>\n<meta property=\"og:locale\" content=\"tr_TR\" \/>\n<meta property=\"og:type\" content=\"article\" \/>\n<meta property=\"og:title\" content=\"Bilimsel Etkinlikler\" \/>\n<meta property=\"og:description\" content=\"B\u00f6l\u00fcm \u00f6\u011fretim \u00fcyelerinin kat\u0131ld\u0131\u011f\u0131 bilimsel etkinliklere a\u015fa\u011f\u0131daki ba\u011flant\u0131lardan ula\u015fabilirsiniz. \u00d6\u011fretim Eleman\u0131 Bilimsel Etkinlik Bilgileri Dr. \u00d6\u011fr. \u00dcyesi Yasemin KU\u015e https:\/\/avesis.ticaret.edu.tr\/ybozkurt\/yayinlar Do\u00e7. Dr. Derya DEN\u0130Z https:\/\/avesis.ticaret.edu.tr\/ddeniz\/yayinlar Dr. \u00d6\u011fr. \u00dcyesi Zekeriya K\u00d6KREK https:\/\/avesis.ticaret.edu.tr\/zkokrek\/yayinlar Dr. \u00d6\u011fr. \u00dcyesi Melike \u0130LER\u0130SOY https:\/\/avesis.ticaret.edu.tr\/milerisoy\/yayinlar Dr. \u00d6\u011fr. \u00dcyesi Ezgi BERTAY https:\/\/avesis.ticaret.edu.tr\/etan\/yayinlar\" \/>\n<meta property=\"og:url\" content=\"http:\/\/ticaret.edu.tr\/psikoloji\/bilimsel-etkinlikler\/\" \/>\n<meta property=\"og:site_name\" content=\"Psikoloji\" \/>\n<meta property=\"article:publisher\" content=\"https:\/\/www.facebook.com\/ticaretedutr\" \/>\n<meta property=\"article:modified_time\" content=\"2025-10-16T11:14:19+00:00\" \/>\n<meta property=\"og:image\" content=\"http:\/\/ticaret.edu.tr\/psikoloji\/wp-content\/uploads\/sites\/28\/2021\/11\/web_logo-01.jpg\" \/>\n\t<meta property=\"og:image:width\" content=\"1250\" \/>\n\t<meta property=\"og:image:height\" content=\"833\" \/>\n\t<meta property=\"og:image:type\" content=\"image\/jpeg\" \/>\n<meta name=\"twitter:card\" content=\"summary_large_image\" \/>\n<meta name=\"twitter:site\" content=\"@ticaretedutr\" \/>\n<meta name=\"twitter:label1\" content=\"Tahmini okuma s\u00fcresi\" \/>\n\t<meta name=\"twitter:data1\" content=\"1 dakika\" \/>\n<script type=\"application\/ld+json\" class=\"yoast-schema-graph\">{\"@context\":\"https:\/\/schema.org\",\"@graph\":[{\"@type\":\"WebPage\",\"@id\":\"http:\/\/ticaret.edu.tr\/psikoloji\/bilimsel-etkinlikler\/\",\"url\":\"http:\/\/ticaret.edu.tr\/psikoloji\/bilimsel-etkinlikler\/\",\"name\":\"Bilimsel Etkinlikler - Psikoloji\",\"isPartOf\":{\"@id\":\"http:\/\/ticaret.edu.tr\/psikoloji\/#website\"},\"datePublished\":\"2025-01-26T21:07:26+00:00\",\"dateModified\":\"2025-10-16T11:14:19+00:00\",\"breadcrumb\":{\"@id\":\"http:\/\/ticaret.edu.tr\/psikoloji\/bilimsel-etkinlikler\/#breadcrumb\"},\"inLanguage\":\"tr\",\"potentialAction\":[{\"@type\":\"ReadAction\",\"target\":[\"http:\/\/ticaret.edu.tr\/psikoloji\/bilimsel-etkinlikler\/\"]}]},{\"@type\":\"BreadcrumbList\",\"@id\":\"http:\/\/ticaret.edu.tr\/psikoloji\/bilimsel-etkinlikler\/#breadcrumb\",\"itemListElement\":[{\"@type\":\"ListItem\",\"position\":1,\"name\":\"Ana sayfa\",\"item\":\"http:\/\/ticaret.edu.tr\/psikoloji\/\"},{\"@type\":\"ListItem\",\"position\":2,\"name\":\"Bilimsel Etkinlikler\"}]},{\"@type\":\"WebSite\",\"@id\":\"http:\/\/ticaret.edu.tr\/psikoloji\/#website\",\"url\":\"http:\/\/ticaret.edu.tr\/psikoloji\/\",\"name\":\"Psikoloji\",\"description\":\"\",\"potentialAction\":[{\"@type\":\"SearchAction\",\"target\":{\"@type\":\"EntryPoint\",\"urlTemplate\":\"http:\/\/ticaret.edu.tr\/psikoloji\/?s={search_term_string}\"},\"query-input\":\"required name=search_term_string\"}],\"inLanguage\":\"tr\"}]}<\/script>\n<!-- \/ Yoast SEO Premium plugin. -->","yoast_head_json":{"title":"Bilimsel Etkinlikler - Psikoloji","robots":{"index":"index","follow":"follow","max-snippet":"max-snippet:-1","max-image-preview":"max-image-preview:large","max-video-preview":"max-video-preview:-1"},"canonical":"http:\/\/ticaret.edu.tr\/psikoloji\/bilimsel-etkinlikler\/","og_locale":"tr_TR","og_type":"article","og_title":"Bilimsel Etkinlikler","og_description":"B\u00f6l\u00fcm \u00f6\u011fretim \u00fcyelerinin kat\u0131ld\u0131\u011f\u0131 bilimsel etkinliklere a\u015fa\u011f\u0131daki ba\u011flant\u0131lardan ula\u015fabilirsiniz. \u00d6\u011fretim Eleman\u0131 Bilimsel Etkinlik Bilgileri Dr. \u00d6\u011fr. \u00dcyesi Yasemin KU\u015e https:\/\/avesis.ticaret.edu.tr\/ybozkurt\/yayinlar Do\u00e7. Dr. Derya DEN\u0130Z https:\/\/avesis.ticaret.edu.tr\/ddeniz\/yayinlar Dr. \u00d6\u011fr. \u00dcyesi Zekeriya K\u00d6KREK https:\/\/avesis.ticaret.edu.tr\/zkokrek\/yayinlar Dr. \u00d6\u011fr. \u00dcyesi Melike \u0130LER\u0130SOY https:\/\/avesis.ticaret.edu.tr\/milerisoy\/yayinlar Dr. \u00d6\u011fr. \u00dcyesi Ezgi BERTAY https:\/\/avesis.ticaret.edu.tr\/etan\/yayinlar","og_url":"http:\/\/ticaret.edu.tr\/psikoloji\/bilimsel-etkinlikler\/","og_site_name":"Psikoloji","article_publisher":"https:\/\/www.facebook.com\/ticaretedutr","article_modified_time":"2025-10-16T11:14:19+00:00","og_image":[{"width":1250,"height":833,"url":"http:\/\/ticaret.edu.tr\/psikoloji\/wp-content\/uploads\/sites\/28\/2021\/11\/web_logo-01.jpg","type":"image\/jpeg"}],"twitter_card":"summary_large_image","twitter_site":"@ticaretedutr","twitter_misc":{"Tahmini okuma s\u00fcresi":"1 dakika"},"schema":{"@context":"https:\/\/schema.org","@graph":[{"@type":"WebPage","@id":"http:\/\/ticaret.edu.tr\/psikoloji\/bilimsel-etkinlikler\/","url":"http:\/\/ticaret.edu.tr\/psikoloji\/bilimsel-etkinlikler\/","name":"Bilimsel Etkinlikler - Psikoloji","isPartOf":{"@id":"http:\/\/ticaret.edu.tr\/psikoloji\/#website"},"datePublished":"2025-01-26T21:07:26+00:00","dateModified":"2025-10-16T11:14:19+00:00","breadcrumb":{"@id":"http:\/\/ticaret.edu.tr\/psikoloji\/bilimsel-etkinlikler\/#breadcrumb"},"inLanguage":"tr","potentialAction":[{"@type":"ReadAction","target":["http:\/\/ticaret.edu.tr\/psikoloji\/bilimsel-etkinlikler\/"]}]},{"@type":"BreadcrumbList","@id":"http:\/\/ticaret.edu.tr\/psikoloji\/bilimsel-etkinlikler\/#breadcrumb","itemListElement":[{"@type":"ListItem","position":1,"name":"Ana sayfa","item":"http:\/\/ticaret.edu.tr\/psikoloji\/"},{"@type":"ListItem","position":2,"name":"Bilimsel Etkinlikler"}]},{"@type":"WebSite","@id":"http:\/\/ticaret.edu.tr\/psikoloji\/#website","url":"http:\/\/ticaret.edu.tr\/psikoloji\/","name":"Psikoloji","description":"","potentialAction":[{"@type":"SearchAction","target":{"@type":"EntryPoint","urlTemplate":"http:\/\/ticaret.edu.tr\/psikoloji\/?s={search_term_string}"},"query-input":"required name=search_term_string"}],"inLanguage":"tr"}]}},"lang":"tr","translations":{"en":1531,"tr":1529},"pll_sync_post":[],"_links":{"self":[{"href":"http:\/\/ticaret.edu.tr\/psikoloji\/wp-json\/wp\/v2\/pages\/1529"}],"collection":[{"href":"http:\/\/ticaret.edu.tr\/psikoloji\/wp-json\/wp\/v2\/pages"}],"about":[{"href":"http:\/\/ticaret.edu.tr\/psikoloji\/wp-json\/wp\/v2\/types\/page"}],"author":[{"embeddable":true,"href":"http:\/\/ticaret.edu.tr\/psikoloji\/wp-json\/wp\/v2\/users\/43"}],"replies":[{"embeddable":true,"href":"http:\/\/ticaret.edu.tr\/psikoloji\/wp-json\/wp\/v2\/comments?post=1529"}],"version-history":[{"count":3,"href":"http:\/\/ticaret.edu.tr\/psikoloji\/wp-json\/wp\/v2\/pages\/1529\/revisions"}],"predecessor-version":[{"id":1873,"href":"http:\/\/ticaret.edu.tr\/psikoloji\/wp-json\/wp\/v2\/pages\/1529\/revisions\/1873"}],"wp:attachment":[{"href":"http:\/\/ticaret.edu.tr\/psikoloji\/wp-json\/wp\/v2\/media?parent=1529"}],"curies":[{"name":"wp","href":"https:\/\/api.w.org\/{rel}","templated":true}]}}