{"id":1533,"date":"2025-01-27T00:08:41","date_gmt":"2025-01-26T21:08:41","guid":{"rendered":"https:\/\/ticaret.edu.tr\/psikoloji\/?page_id=1533"},"modified":"2025-10-17T14:56:09","modified_gmt":"2025-10-17T11:56:09","slug":"akreditasyon","status":"publish","type":"page","link":"http:\/\/ticaret.edu.tr\/psikoloji\/akreditasyon\/","title":{"rendered":"Akreditasyon"},"content":{"rendered":"<p data-start=\"199\" data-end=\"419\">Psikoloji Lisans Program\u0131m\u0131z\u0131n akreditasyon s\u00fcreci Fen, Edebiyat, Fen-Edebiyat, Dil ve Tarih-Co\u011frafya Fak\u00fclteleri \u00d6\u011fretim Programlar\u0131 De\u011ferlendirme ve Akreditasyon Derne\u011fi (FEDEK) taraf\u0131ndan y\u00fcr\u00fct\u00fclmektedir.<\/p>\n<p data-start=\"421\" data-end=\"689\">FEDEK, Y\u00fcksek\u00f6\u011fretim Kurulu taraf\u0131ndan tan\u0131nan ba\u011f\u0131ms\u0131z bir kalite g\u00fcvence kurulu\u015fudur ve ilgili fak\u00fcltelerdeki lisans programlar\u0131n\u0131n kalitesini de\u011ferlendirmek, iyile\u015ftirmek ve s\u00fcrd\u00fcr\u00fclebilir kalite g\u00fcvencesini sa\u011flamak amac\u0131yla akreditasyon hizmeti sunmaktad\u0131r.<\/p>\n<p data-start=\"691\" data-end=\"857\">Psikoloji Lisans Program\u0131m\u0131z\u0131n akreditasyon s\u00fcreci halen devam etmektedir ve bu kapsamda gerekli haz\u0131rl\u0131k ve de\u011ferlendirme \u00e7al\u0131\u015fmalar\u0131 titizlikle y\u00fcr\u00fct\u00fclmektedir.<\/p>\n","protected":false},"excerpt":{"rendered":"<p>Psikoloji Lisans Program\u0131m\u0131z\u0131n akreditasyon s\u00fcreci Fen, Edebiyat, Fen-Edebiyat, Dil ve Tarih-Co\u011frafya Fak\u00fclteleri \u00d6\u011fretim Programlar\u0131 De\u011ferlendirme ve Akreditasyon Derne\u011fi (FEDEK) taraf\u0131ndan y\u00fcr\u00fct\u00fclmektedir. FEDEK, Y\u00fcksek\u00f6\u011fretim Kurulu taraf\u0131ndan tan\u0131nan ba\u011f\u0131ms\u0131z bir kalite g\u00fcvence kurulu\u015fudur ve ilgili fak\u00fcltelerdeki lisans programlar\u0131n\u0131n kalitesini de\u011ferlendirmek, iyile\u015ftirmek ve s\u00fcrd\u00fcr\u00fclebilir kalite g\u00fcvencesini sa\u011flamak amac\u0131yla akreditasyon hizmeti sunmaktad\u0131r. Psikoloji Lisans Program\u0131m\u0131z\u0131n akreditasyon s\u00fcreci halen devam [&hellip;]<\/p>\n","protected":false},"author":43,"featured_media":0,"parent":0,"menu_order":0,"comment_status":"closed","ping_status":"closed","template":"genel_sayfa.php","meta":{"footnotes":""},"yoast_head":"<!-- This site is optimized with the Yoast SEO Premium plugin v22.1 (Yoast SEO v22.1) - https:\/\/yoast.com\/wordpress\/plugins\/seo\/ -->\n<title>Akreditasyon - Psikoloji<\/title>\n<meta name=\"robots\" content=\"index, follow, max-snippet:-1, max-image-preview:large, max-video-preview:-1\" \/>\n<link rel=\"canonical\" href=\"http:\/\/ticaret.edu.tr\/psikoloji\/akreditasyon\/\" \/>\n<meta property=\"og:locale\" content=\"tr_TR\" \/>\n<meta property=\"og:type\" content=\"article\" \/>\n<meta property=\"og:title\" content=\"Akreditasyon\" \/>\n<meta property=\"og:description\" content=\"Psikoloji Lisans Program\u0131m\u0131z\u0131n akreditasyon s\u00fcreci Fen, Edebiyat, Fen-Edebiyat, Dil ve Tarih-Co\u011frafya Fak\u00fclteleri \u00d6\u011fretim Programlar\u0131 De\u011ferlendirme ve Akreditasyon Derne\u011fi (FEDEK) taraf\u0131ndan y\u00fcr\u00fct\u00fclmektedir. FEDEK, Y\u00fcksek\u00f6\u011fretim Kurulu taraf\u0131ndan tan\u0131nan ba\u011f\u0131ms\u0131z bir kalite g\u00fcvence kurulu\u015fudur ve ilgili fak\u00fcltelerdeki lisans programlar\u0131n\u0131n kalitesini de\u011ferlendirmek, iyile\u015ftirmek ve s\u00fcrd\u00fcr\u00fclebilir kalite g\u00fcvencesini sa\u011flamak amac\u0131yla akreditasyon hizmeti sunmaktad\u0131r. Psikoloji Lisans Program\u0131m\u0131z\u0131n akreditasyon s\u00fcreci halen devam [&hellip;]\" \/>\n<meta property=\"og:url\" content=\"http:\/\/ticaret.edu.tr\/psikoloji\/akreditasyon\/\" \/>\n<meta property=\"og:site_name\" content=\"Psikoloji\" \/>\n<meta property=\"article:publisher\" content=\"https:\/\/www.facebook.com\/ticaretedutr\" \/>\n<meta property=\"article:modified_time\" content=\"2025-10-17T11:56:09+00:00\" \/>\n<meta property=\"og:image\" content=\"http:\/\/ticaret.edu.tr\/psikoloji\/wp-content\/uploads\/sites\/28\/2021\/11\/web_logo-01.jpg\" \/>\n\t<meta property=\"og:image:width\" content=\"1250\" \/>\n\t<meta property=\"og:image:height\" content=\"833\" \/>\n\t<meta property=\"og:image:type\" content=\"image\/jpeg\" \/>\n<meta name=\"twitter:card\" content=\"summary_large_image\" \/>\n<meta name=\"twitter:site\" content=\"@ticaretedutr\" \/>\n<meta name=\"twitter:label1\" content=\"Tahmini okuma s\u00fcresi\" \/>\n\t<meta name=\"twitter:data1\" content=\"1 dakika\" \/>\n<script type=\"application\/ld+json\" class=\"yoast-schema-graph\">{\"@context\":\"https:\/\/schema.org\",\"@graph\":[{\"@type\":\"WebPage\",\"@id\":\"http:\/\/ticaret.edu.tr\/psikoloji\/akreditasyon\/\",\"url\":\"http:\/\/ticaret.edu.tr\/psikoloji\/akreditasyon\/\",\"name\":\"Akreditasyon - Psikoloji\",\"isPartOf\":{\"@id\":\"http:\/\/ticaret.edu.tr\/psikoloji\/#website\"},\"datePublished\":\"2025-01-26T21:08:41+00:00\",\"dateModified\":\"2025-10-17T11:56:09+00:00\",\"breadcrumb\":{\"@id\":\"http:\/\/ticaret.edu.tr\/psikoloji\/akreditasyon\/#breadcrumb\"},\"inLanguage\":\"tr\",\"potentialAction\":[{\"@type\":\"ReadAction\",\"target\":[\"http:\/\/ticaret.edu.tr\/psikoloji\/akreditasyon\/\"]}]},{\"@type\":\"BreadcrumbList\",\"@id\":\"http:\/\/ticaret.edu.tr\/psikoloji\/akreditasyon\/#breadcrumb\",\"itemListElement\":[{\"@type\":\"ListItem\",\"position\":1,\"name\":\"Ana sayfa\",\"item\":\"http:\/\/ticaret.edu.tr\/psikoloji\/\"},{\"@type\":\"ListItem\",\"position\":2,\"name\":\"Akreditasyon\"}]},{\"@type\":\"WebSite\",\"@id\":\"http:\/\/ticaret.edu.tr\/psikoloji\/#website\",\"url\":\"http:\/\/ticaret.edu.tr\/psikoloji\/\",\"name\":\"Psikoloji\",\"description\":\"\",\"potentialAction\":[{\"@type\":\"SearchAction\",\"target\":{\"@type\":\"EntryPoint\",\"urlTemplate\":\"http:\/\/ticaret.edu.tr\/psikoloji\/?s={search_term_string}\"},\"query-input\":\"required name=search_term_string\"}],\"inLanguage\":\"tr\"}]}<\/script>\n<!-- \/ Yoast SEO Premium plugin. -->","yoast_head_json":{"title":"Akreditasyon - Psikoloji","robots":{"index":"index","follow":"follow","max-snippet":"max-snippet:-1","max-image-preview":"max-image-preview:large","max-video-preview":"max-video-preview:-1"},"canonical":"http:\/\/ticaret.edu.tr\/psikoloji\/akreditasyon\/","og_locale":"tr_TR","og_type":"article","og_title":"Akreditasyon","og_description":"Psikoloji Lisans Program\u0131m\u0131z\u0131n akreditasyon s\u00fcreci Fen, Edebiyat, Fen-Edebiyat, Dil ve Tarih-Co\u011frafya Fak\u00fclteleri \u00d6\u011fretim Programlar\u0131 De\u011ferlendirme ve Akreditasyon Derne\u011fi (FEDEK) taraf\u0131ndan y\u00fcr\u00fct\u00fclmektedir. FEDEK, Y\u00fcksek\u00f6\u011fretim Kurulu taraf\u0131ndan tan\u0131nan ba\u011f\u0131ms\u0131z bir kalite g\u00fcvence kurulu\u015fudur ve ilgili fak\u00fcltelerdeki lisans programlar\u0131n\u0131n kalitesini de\u011ferlendirmek, iyile\u015ftirmek ve s\u00fcrd\u00fcr\u00fclebilir kalite g\u00fcvencesini sa\u011flamak amac\u0131yla akreditasyon hizmeti sunmaktad\u0131r. Psikoloji Lisans Program\u0131m\u0131z\u0131n akreditasyon s\u00fcreci halen devam [&hellip;]","og_url":"http:\/\/ticaret.edu.tr\/psikoloji\/akreditasyon\/","og_site_name":"Psikoloji","article_publisher":"https:\/\/www.facebook.com\/ticaretedutr","article_modified_time":"2025-10-17T11:56:09+00:00","og_image":[{"width":1250,"height":833,"url":"http:\/\/ticaret.edu.tr\/psikoloji\/wp-content\/uploads\/sites\/28\/2021\/11\/web_logo-01.jpg","type":"image\/jpeg"}],"twitter_card":"summary_large_image","twitter_site":"@ticaretedutr","twitter_misc":{"Tahmini okuma s\u00fcresi":"1 dakika"},"schema":{"@context":"https:\/\/schema.org","@graph":[{"@type":"WebPage","@id":"http:\/\/ticaret.edu.tr\/psikoloji\/akreditasyon\/","url":"http:\/\/ticaret.edu.tr\/psikoloji\/akreditasyon\/","name":"Akreditasyon - Psikoloji","isPartOf":{"@id":"http:\/\/ticaret.edu.tr\/psikoloji\/#website"},"datePublished":"2025-01-26T21:08:41+00:00","dateModified":"2025-10-17T11:56:09+00:00","breadcrumb":{"@id":"http:\/\/ticaret.edu.tr\/psikoloji\/akreditasyon\/#breadcrumb"},"inLanguage":"tr","potentialAction":[{"@type":"ReadAction","target":["http:\/\/ticaret.edu.tr\/psikoloji\/akreditasyon\/"]}]},{"@type":"BreadcrumbList","@id":"http:\/\/ticaret.edu.tr\/psikoloji\/akreditasyon\/#breadcrumb","itemListElement":[{"@type":"ListItem","position":1,"name":"Ana sayfa","item":"http:\/\/ticaret.edu.tr\/psikoloji\/"},{"@type":"ListItem","position":2,"name":"Akreditasyon"}]},{"@type":"WebSite","@id":"http:\/\/ticaret.edu.tr\/psikoloji\/#website","url":"http:\/\/ticaret.edu.tr\/psikoloji\/","name":"Psikoloji","description":"","potentialAction":[{"@type":"SearchAction","target":{"@type":"EntryPoint","urlTemplate":"http:\/\/ticaret.edu.tr\/psikoloji\/?s={search_term_string}"},"query-input":"required name=search_term_string"}],"inLanguage":"tr"}]}},"lang":"tr","translations":{"en":1535,"tr":1533},"pll_sync_post":[],"_links":{"self":[{"href":"http:\/\/ticaret.edu.tr\/psikoloji\/wp-json\/wp\/v2\/pages\/1533"}],"collection":[{"href":"http:\/\/ticaret.edu.tr\/psikoloji\/wp-json\/wp\/v2\/pages"}],"about":[{"href":"http:\/\/ticaret.edu.tr\/psikoloji\/wp-json\/wp\/v2\/types\/page"}],"author":[{"embeddable":true,"href":"http:\/\/ticaret.edu.tr\/psikoloji\/wp-json\/wp\/v2\/users\/43"}],"replies":[{"embeddable":true,"href":"http:\/\/ticaret.edu.tr\/psikoloji\/wp-json\/wp\/v2\/comments?post=1533"}],"version-history":[{"count":2,"href":"http:\/\/ticaret.edu.tr\/psikoloji\/wp-json\/wp\/v2\/pages\/1533\/revisions"}],"predecessor-version":[{"id":1879,"href":"http:\/\/ticaret.edu.tr\/psikoloji\/wp-json\/wp\/v2\/pages\/1533\/revisions\/1879"}],"wp:attachment":[{"href":"http:\/\/ticaret.edu.tr\/psikoloji\/wp-json\/wp\/v2\/media?parent=1533"}],"curies":[{"name":"wp","href":"https:\/\/api.w.org\/{rel}","templated":true}]}}