{"id":1541,"date":"2025-01-27T00:11:04","date_gmt":"2025-01-26T21:11:04","guid":{"rendered":"https:\/\/ticaret.edu.tr\/psikoloji\/?page_id=1541"},"modified":"2025-10-17T14:58:51","modified_gmt":"2025-10-17T11:58:51","slug":"birim-oz-degerlendirme-raporu","status":"publish","type":"page","link":"http:\/\/ticaret.edu.tr\/psikoloji\/birim-oz-degerlendirme-raporu\/","title":{"rendered":"Birim \u00d6z De\u011ferlendirme Raporu"},"content":{"rendered":"<p>\u0130stanbul Ticaret \u00dcniversitesi Psikoloji B\u00f6l\u00fcm\u00fc, kalite g\u00fcvencesi anlay\u0131\u015f\u0131 do\u011frultusunda her y\u0131l d\u00fczenli olarak haz\u0131rlanan \u201cBirim \u00d6zde\u011ferlendirme Raporu\u201d ile e\u011fitim-\u00f6\u011fretim, ara\u015ft\u0131rma, toplumsal katk\u0131 ve y\u00f6netim s\u00fcre\u00e7lerini b\u00fct\u00fcnc\u00fcl bi\u00e7imde g\u00f6zden ge\u00e7irir. Bu rapor, b\u00f6l\u00fcm\u00fcn mevcut g\u00fc\u00e7l\u00fc y\u00f6nlerini ve geli\u015fime a\u00e7\u0131k alanlar\u0131n\u0131 ortaya koyarak gelecek d\u00f6neme ili\u015fkin hedeflerin planlanmas\u0131na zemin haz\u0131rlar.<\/p>\n<p>Haz\u0131rlanan rapor, \u00fcniversitenin Kalite Komisyonu taraf\u0131ndan belirlenen ilke ve standartlara uygun olarak olu\u015fturulur ve kurum genelinde y\u00fcr\u00fct\u00fclen kalite y\u00f6netim sistemine katk\u0131da bulunur.<\/p>\n<p>Psikoloji B\u00f6l\u00fcm\u00fc, bu s\u00fcre\u00e7 arac\u0131l\u0131\u011f\u0131yla \u015feffafl\u0131k, hesap verebilirlik ve s\u00fcrekli iyile\u015ftirme ilkelerini benimseyerek, t\u00fcm payda\u015flar\u0131na g\u00fcvenilir bir izleme ve de\u011ferlendirme mekanizmas\u0131 sunmay\u0131 ama\u00e7lamaktad\u0131r.<\/p>\n","protected":false},"excerpt":{"rendered":"<p>\u0130stanbul Ticaret \u00dcniversitesi Psikoloji B\u00f6l\u00fcm\u00fc, kalite g\u00fcvencesi anlay\u0131\u015f\u0131 do\u011frultusunda her y\u0131l d\u00fczenli olarak haz\u0131rlanan \u201cBirim \u00d6zde\u011ferlendirme Raporu\u201d ile e\u011fitim-\u00f6\u011fretim, ara\u015ft\u0131rma, toplumsal katk\u0131 ve y\u00f6netim s\u00fcre\u00e7lerini b\u00fct\u00fcnc\u00fcl bi\u00e7imde g\u00f6zden ge\u00e7irir. Bu rapor, b\u00f6l\u00fcm\u00fcn mevcut g\u00fc\u00e7l\u00fc y\u00f6nlerini ve geli\u015fime a\u00e7\u0131k alanlar\u0131n\u0131 ortaya koyarak gelecek d\u00f6neme ili\u015fkin hedeflerin planlanmas\u0131na zemin haz\u0131rlar. Haz\u0131rlanan rapor, \u00fcniversitenin Kalite Komisyonu taraf\u0131ndan belirlenen [&hellip;]<\/p>\n","protected":false},"author":43,"featured_media":0,"parent":0,"menu_order":0,"comment_status":"closed","ping_status":"closed","template":"genel_sayfa.php","meta":{"footnotes":""},"yoast_head":"<!-- This site is optimized with the Yoast SEO Premium plugin v22.1 (Yoast SEO v22.1) - https:\/\/yoast.com\/wordpress\/plugins\/seo\/ -->\n<title>Birim \u00d6z De\u011ferlendirme Raporu - Psikoloji<\/title>\n<meta name=\"robots\" content=\"index, follow, max-snippet:-1, max-image-preview:large, max-video-preview:-1\" \/>\n<link rel=\"canonical\" href=\"http:\/\/ticaret.edu.tr\/psikoloji\/birim-oz-degerlendirme-raporu\/\" \/>\n<meta property=\"og:locale\" content=\"tr_TR\" \/>\n<meta property=\"og:type\" content=\"article\" \/>\n<meta property=\"og:title\" content=\"Birim \u00d6z De\u011ferlendirme Raporu\" \/>\n<meta property=\"og:description\" content=\"\u0130stanbul Ticaret \u00dcniversitesi Psikoloji B\u00f6l\u00fcm\u00fc, kalite g\u00fcvencesi anlay\u0131\u015f\u0131 do\u011frultusunda her y\u0131l d\u00fczenli olarak haz\u0131rlanan \u201cBirim \u00d6zde\u011ferlendirme Raporu\u201d ile e\u011fitim-\u00f6\u011fretim, ara\u015ft\u0131rma, toplumsal katk\u0131 ve y\u00f6netim s\u00fcre\u00e7lerini b\u00fct\u00fcnc\u00fcl bi\u00e7imde g\u00f6zden ge\u00e7irir. Bu rapor, b\u00f6l\u00fcm\u00fcn mevcut g\u00fc\u00e7l\u00fc y\u00f6nlerini ve geli\u015fime a\u00e7\u0131k alanlar\u0131n\u0131 ortaya koyarak gelecek d\u00f6neme ili\u015fkin hedeflerin planlanmas\u0131na zemin haz\u0131rlar. Haz\u0131rlanan rapor, \u00fcniversitenin Kalite Komisyonu taraf\u0131ndan belirlenen [&hellip;]\" \/>\n<meta property=\"og:url\" content=\"http:\/\/ticaret.edu.tr\/psikoloji\/birim-oz-degerlendirme-raporu\/\" \/>\n<meta property=\"og:site_name\" content=\"Psikoloji\" \/>\n<meta property=\"article:publisher\" content=\"https:\/\/www.facebook.com\/ticaretedutr\" \/>\n<meta property=\"article:modified_time\" content=\"2025-10-17T11:58:51+00:00\" \/>\n<meta property=\"og:image\" content=\"http:\/\/ticaret.edu.tr\/psikoloji\/wp-content\/uploads\/sites\/28\/2021\/11\/web_logo-01.jpg\" \/>\n\t<meta property=\"og:image:width\" content=\"1250\" \/>\n\t<meta property=\"og:image:height\" content=\"833\" \/>\n\t<meta property=\"og:image:type\" content=\"image\/jpeg\" \/>\n<meta name=\"twitter:card\" content=\"summary_large_image\" \/>\n<meta name=\"twitter:site\" content=\"@ticaretedutr\" \/>\n<meta name=\"twitter:label1\" content=\"Tahmini okuma s\u00fcresi\" \/>\n\t<meta name=\"twitter:data1\" content=\"1 dakika\" \/>\n<script type=\"application\/ld+json\" class=\"yoast-schema-graph\">{\"@context\":\"https:\/\/schema.org\",\"@graph\":[{\"@type\":\"WebPage\",\"@id\":\"http:\/\/ticaret.edu.tr\/psikoloji\/birim-oz-degerlendirme-raporu\/\",\"url\":\"http:\/\/ticaret.edu.tr\/psikoloji\/birim-oz-degerlendirme-raporu\/\",\"name\":\"Birim \u00d6z De\u011ferlendirme Raporu - Psikoloji\",\"isPartOf\":{\"@id\":\"http:\/\/ticaret.edu.tr\/psikoloji\/#website\"},\"datePublished\":\"2025-01-26T21:11:04+00:00\",\"dateModified\":\"2025-10-17T11:58:51+00:00\",\"breadcrumb\":{\"@id\":\"http:\/\/ticaret.edu.tr\/psikoloji\/birim-oz-degerlendirme-raporu\/#breadcrumb\"},\"inLanguage\":\"tr\",\"potentialAction\":[{\"@type\":\"ReadAction\",\"target\":[\"http:\/\/ticaret.edu.tr\/psikoloji\/birim-oz-degerlendirme-raporu\/\"]}]},{\"@type\":\"BreadcrumbList\",\"@id\":\"http:\/\/ticaret.edu.tr\/psikoloji\/birim-oz-degerlendirme-raporu\/#breadcrumb\",\"itemListElement\":[{\"@type\":\"ListItem\",\"position\":1,\"name\":\"Ana sayfa\",\"item\":\"http:\/\/ticaret.edu.tr\/psikoloji\/\"},{\"@type\":\"ListItem\",\"position\":2,\"name\":\"Birim \u00d6z De\u011ferlendirme Raporu\"}]},{\"@type\":\"WebSite\",\"@id\":\"http:\/\/ticaret.edu.tr\/psikoloji\/#website\",\"url\":\"http:\/\/ticaret.edu.tr\/psikoloji\/\",\"name\":\"Psikoloji\",\"description\":\"\",\"potentialAction\":[{\"@type\":\"SearchAction\",\"target\":{\"@type\":\"EntryPoint\",\"urlTemplate\":\"http:\/\/ticaret.edu.tr\/psikoloji\/?s={search_term_string}\"},\"query-input\":\"required name=search_term_string\"}],\"inLanguage\":\"tr\"}]}<\/script>\n<!-- \/ Yoast SEO Premium plugin. -->","yoast_head_json":{"title":"Birim \u00d6z De\u011ferlendirme Raporu - Psikoloji","robots":{"index":"index","follow":"follow","max-snippet":"max-snippet:-1","max-image-preview":"max-image-preview:large","max-video-preview":"max-video-preview:-1"},"canonical":"http:\/\/ticaret.edu.tr\/psikoloji\/birim-oz-degerlendirme-raporu\/","og_locale":"tr_TR","og_type":"article","og_title":"Birim \u00d6z De\u011ferlendirme Raporu","og_description":"\u0130stanbul Ticaret \u00dcniversitesi Psikoloji B\u00f6l\u00fcm\u00fc, kalite g\u00fcvencesi anlay\u0131\u015f\u0131 do\u011frultusunda her y\u0131l d\u00fczenli olarak haz\u0131rlanan \u201cBirim \u00d6zde\u011ferlendirme Raporu\u201d ile e\u011fitim-\u00f6\u011fretim, ara\u015ft\u0131rma, toplumsal katk\u0131 ve y\u00f6netim s\u00fcre\u00e7lerini b\u00fct\u00fcnc\u00fcl bi\u00e7imde g\u00f6zden ge\u00e7irir. Bu rapor, b\u00f6l\u00fcm\u00fcn mevcut g\u00fc\u00e7l\u00fc y\u00f6nlerini ve geli\u015fime a\u00e7\u0131k alanlar\u0131n\u0131 ortaya koyarak gelecek d\u00f6neme ili\u015fkin hedeflerin planlanmas\u0131na zemin haz\u0131rlar. Haz\u0131rlanan rapor, \u00fcniversitenin Kalite Komisyonu taraf\u0131ndan belirlenen [&hellip;]","og_url":"http:\/\/ticaret.edu.tr\/psikoloji\/birim-oz-degerlendirme-raporu\/","og_site_name":"Psikoloji","article_publisher":"https:\/\/www.facebook.com\/ticaretedutr","article_modified_time":"2025-10-17T11:58:51+00:00","og_image":[{"width":1250,"height":833,"url":"http:\/\/ticaret.edu.tr\/psikoloji\/wp-content\/uploads\/sites\/28\/2021\/11\/web_logo-01.jpg","type":"image\/jpeg"}],"twitter_card":"summary_large_image","twitter_site":"@ticaretedutr","twitter_misc":{"Tahmini okuma s\u00fcresi":"1 dakika"},"schema":{"@context":"https:\/\/schema.org","@graph":[{"@type":"WebPage","@id":"http:\/\/ticaret.edu.tr\/psikoloji\/birim-oz-degerlendirme-raporu\/","url":"http:\/\/ticaret.edu.tr\/psikoloji\/birim-oz-degerlendirme-raporu\/","name":"Birim \u00d6z De\u011ferlendirme Raporu - Psikoloji","isPartOf":{"@id":"http:\/\/ticaret.edu.tr\/psikoloji\/#website"},"datePublished":"2025-01-26T21:11:04+00:00","dateModified":"2025-10-17T11:58:51+00:00","breadcrumb":{"@id":"http:\/\/ticaret.edu.tr\/psikoloji\/birim-oz-degerlendirme-raporu\/#breadcrumb"},"inLanguage":"tr","potentialAction":[{"@type":"ReadAction","target":["http:\/\/ticaret.edu.tr\/psikoloji\/birim-oz-degerlendirme-raporu\/"]}]},{"@type":"BreadcrumbList","@id":"http:\/\/ticaret.edu.tr\/psikoloji\/birim-oz-degerlendirme-raporu\/#breadcrumb","itemListElement":[{"@type":"ListItem","position":1,"name":"Ana sayfa","item":"http:\/\/ticaret.edu.tr\/psikoloji\/"},{"@type":"ListItem","position":2,"name":"Birim \u00d6z De\u011ferlendirme Raporu"}]},{"@type":"WebSite","@id":"http:\/\/ticaret.edu.tr\/psikoloji\/#website","url":"http:\/\/ticaret.edu.tr\/psikoloji\/","name":"Psikoloji","description":"","potentialAction":[{"@type":"SearchAction","target":{"@type":"EntryPoint","urlTemplate":"http:\/\/ticaret.edu.tr\/psikoloji\/?s={search_term_string}"},"query-input":"required name=search_term_string"}],"inLanguage":"tr"}]}},"lang":"tr","translations":{"en":1543,"tr":1541},"pll_sync_post":[],"_links":{"self":[{"href":"http:\/\/ticaret.edu.tr\/psikoloji\/wp-json\/wp\/v2\/pages\/1541"}],"collection":[{"href":"http:\/\/ticaret.edu.tr\/psikoloji\/wp-json\/wp\/v2\/pages"}],"about":[{"href":"http:\/\/ticaret.edu.tr\/psikoloji\/wp-json\/wp\/v2\/types\/page"}],"author":[{"embeddable":true,"href":"http:\/\/ticaret.edu.tr\/psikoloji\/wp-json\/wp\/v2\/users\/43"}],"replies":[{"embeddable":true,"href":"http:\/\/ticaret.edu.tr\/psikoloji\/wp-json\/wp\/v2\/comments?post=1541"}],"version-history":[{"count":3,"href":"http:\/\/ticaret.edu.tr\/psikoloji\/wp-json\/wp\/v2\/pages\/1541\/revisions"}],"predecessor-version":[{"id":1880,"href":"http:\/\/ticaret.edu.tr\/psikoloji\/wp-json\/wp\/v2\/pages\/1541\/revisions\/1880"}],"wp:attachment":[{"href":"http:\/\/ticaret.edu.tr\/psikoloji\/wp-json\/wp\/v2\/media?parent=1541"}],"curies":[{"name":"wp","href":"https:\/\/api.w.org\/{rel}","templated":true}]}}