{"id":1545,"date":"2025-01-27T00:13:25","date_gmt":"2025-01-26T21:13:25","guid":{"rendered":"https:\/\/ticaret.edu.tr\/psikoloji\/?page_id=1545"},"modified":"2025-12-07T17:29:16","modified_gmt":"2025-12-07T14:29:16","slug":"bolum-kalite-komisyonu","status":"publish","type":"page","link":"http:\/\/ticaret.edu.tr\/psikoloji\/bolum-kalite-komisyonu\/","title":{"rendered":"B\u00f6l\u00fcm Kalite Komisyonu"},"content":{"rendered":"<p><a href=\"http:\/\/ticaret.edu.tr\/psikoloji\/wp-content\/uploads\/sites\/28\/2025\/01\/Bolum-Kalite-Komisyonu.pdf\">B\u00f6l\u00fcm Kalite Komisyonu<\/a><\/p>\n<p>&nbsp;<\/p>\n<table class=\"x_MsoNormalTable\" border=\"0\" width=\"604\" cellspacing=\"0\" cellpadding=\"0\">\n<tbody>\n<tr>\n<td valign=\"bottom\" nowrap=\"nowrap\" width=\"466\">\n<p class=\"x_MsoNormal\"><b>PS\u0130KOLOJ\u0130 B\u00d6L\u00dcM\u00dc KAL\u0130TE KOM\u0130SYONU<\/b><\/p>\n<\/td>\n<td valign=\"bottom\" nowrap=\"nowrap\" width=\"138\">\n<p class=\"x_MsoNormal\"><b>\u00a0<\/b><\/p>\n<\/td>\n<\/tr>\n<tr>\n<td valign=\"bottom\" nowrap=\"nowrap\" width=\"466\">\n<p class=\"x_MsoNormal\">Dr. \u00d6\u011fr. \u00dcyesi Yasemin KU\u015e<\/p>\n<\/td>\n<td valign=\"bottom\" nowrap=\"nowrap\" width=\"138\">\n<p class=\"x_MsoNormal\">B\u00f6l\u00fcm Ba\u015fkan\u0131<\/p>\n<\/td>\n<\/tr>\n<tr>\n<td valign=\"bottom\" nowrap=\"nowrap\" width=\"466\">\n<p class=\"x_MsoNormal\">Do\u00e7. Dr. Derya DEN\u0130Z<\/p>\n<p>Dr. \u00d6\u011fr. \u00dcyesi Melike \u0130lerisoy<\/td>\n<td valign=\"bottom\" nowrap=\"nowrap\" width=\"138\">\n<p class=\"x_MsoNormal\">Se\u00e7ilmi\u015f \u00dcye<\/p>\n<p>Se\u00e7ilmi\u015f \u00dcye<\/td>\n<\/tr>\n<tr>\n<td valign=\"bottom\" nowrap=\"nowrap\" width=\"466\">\n<p class=\"x_MsoNormal\">Ar\u015f. G\u00f6r. Senanur D\u0130LEK<\/p>\n<\/td>\n<td valign=\"bottom\" nowrap=\"nowrap\" width=\"138\">\n<p class=\"x_MsoNormal\">Kalite El\u00e7isi<\/p>\n<\/td>\n<\/tr>\n<tr>\n<td valign=\"bottom\" nowrap=\"nowrap\" width=\"466\">\n<p class=\"x_MsoNormal\">Afranur Melek KARAK\u00d6SE<\/p>\n<\/td>\n<td valign=\"bottom\" nowrap=\"nowrap\" width=\"138\">\n<p class=\"x_MsoNormal\">\u00d6\u011frenci<\/p>\n<\/td>\n<\/tr>\n<\/tbody>\n<\/table>\n<p>&nbsp;<\/p>\n<p>&nbsp;<\/p>\n<p>&nbsp;<\/p>\n","protected":false},"excerpt":{"rendered":"<p>B\u00f6l\u00fcm Kalite Komisyonu &nbsp; PS\u0130KOLOJ\u0130 B\u00d6L\u00dcM\u00dc KAL\u0130TE KOM\u0130SYONU \u00a0 Dr. \u00d6\u011fr. \u00dcyesi Yasemin KU\u015e B\u00f6l\u00fcm Ba\u015fkan\u0131 Do\u00e7. Dr. Derya DEN\u0130Z Dr. \u00d6\u011fr. \u00dcyesi Melike \u0130lerisoy Se\u00e7ilmi\u015f \u00dcye Se\u00e7ilmi\u015f \u00dcye Ar\u015f. G\u00f6r. Senanur D\u0130LEK Kalite El\u00e7isi Afranur Melek KARAK\u00d6SE \u00d6\u011frenci &nbsp; &nbsp; &nbsp;<\/p>\n","protected":false},"author":43,"featured_media":0,"parent":0,"menu_order":0,"comment_status":"closed","ping_status":"closed","template":"genel_sayfa.php","meta":{"footnotes":""},"yoast_head":"<!-- This site is optimized with the Yoast SEO Premium plugin v22.1 (Yoast SEO v22.1) - https:\/\/yoast.com\/wordpress\/plugins\/seo\/ -->\n<title>B\u00f6l\u00fcm Kalite Komisyonu - Psikoloji<\/title>\n<meta name=\"robots\" content=\"index, follow, max-snippet:-1, max-image-preview:large, max-video-preview:-1\" \/>\n<link rel=\"canonical\" href=\"http:\/\/ticaret.edu.tr\/psikoloji\/bolum-kalite-komisyonu\/\" \/>\n<meta property=\"og:locale\" content=\"tr_TR\" \/>\n<meta property=\"og:type\" content=\"article\" \/>\n<meta property=\"og:title\" content=\"B\u00f6l\u00fcm Kalite Komisyonu\" \/>\n<meta property=\"og:description\" content=\"B\u00f6l\u00fcm Kalite Komisyonu &nbsp; PS\u0130KOLOJ\u0130 B\u00d6L\u00dcM\u00dc KAL\u0130TE KOM\u0130SYONU \u00a0 Dr. \u00d6\u011fr. \u00dcyesi Yasemin KU\u015e B\u00f6l\u00fcm Ba\u015fkan\u0131 Do\u00e7. Dr. Derya DEN\u0130Z Dr. \u00d6\u011fr. \u00dcyesi Melike \u0130lerisoy Se\u00e7ilmi\u015f \u00dcye Se\u00e7ilmi\u015f \u00dcye Ar\u015f. G\u00f6r. Senanur D\u0130LEK Kalite El\u00e7isi Afranur Melek KARAK\u00d6SE \u00d6\u011frenci &nbsp; &nbsp; &nbsp;\" \/>\n<meta property=\"og:url\" content=\"http:\/\/ticaret.edu.tr\/psikoloji\/bolum-kalite-komisyonu\/\" \/>\n<meta property=\"og:site_name\" content=\"Psikoloji\" \/>\n<meta property=\"article:publisher\" content=\"https:\/\/www.facebook.com\/ticaretedutr\" \/>\n<meta property=\"article:modified_time\" content=\"2025-12-07T14:29:16+00:00\" \/>\n<meta property=\"og:image\" content=\"http:\/\/ticaret.edu.tr\/psikoloji\/wp-content\/uploads\/sites\/28\/2021\/11\/web_logo-01.jpg\" \/>\n\t<meta property=\"og:image:width\" content=\"1250\" \/>\n\t<meta property=\"og:image:height\" content=\"833\" \/>\n\t<meta property=\"og:image:type\" content=\"image\/jpeg\" \/>\n<meta name=\"twitter:card\" content=\"summary_large_image\" \/>\n<meta name=\"twitter:site\" content=\"@ticaretedutr\" \/>\n<meta name=\"twitter:label1\" content=\"Tahmini okuma s\u00fcresi\" \/>\n\t<meta name=\"twitter:data1\" content=\"1 dakika\" \/>\n<script type=\"application\/ld+json\" class=\"yoast-schema-graph\">{\"@context\":\"https:\/\/schema.org\",\"@graph\":[{\"@type\":\"WebPage\",\"@id\":\"http:\/\/ticaret.edu.tr\/psikoloji\/bolum-kalite-komisyonu\/\",\"url\":\"http:\/\/ticaret.edu.tr\/psikoloji\/bolum-kalite-komisyonu\/\",\"name\":\"B\u00f6l\u00fcm Kalite Komisyonu - Psikoloji\",\"isPartOf\":{\"@id\":\"http:\/\/ticaret.edu.tr\/psikoloji\/#website\"},\"datePublished\":\"2025-01-26T21:13:25+00:00\",\"dateModified\":\"2025-12-07T14:29:16+00:00\",\"breadcrumb\":{\"@id\":\"http:\/\/ticaret.edu.tr\/psikoloji\/bolum-kalite-komisyonu\/#breadcrumb\"},\"inLanguage\":\"tr\",\"potentialAction\":[{\"@type\":\"ReadAction\",\"target\":[\"http:\/\/ticaret.edu.tr\/psikoloji\/bolum-kalite-komisyonu\/\"]}]},{\"@type\":\"BreadcrumbList\",\"@id\":\"http:\/\/ticaret.edu.tr\/psikoloji\/bolum-kalite-komisyonu\/#breadcrumb\",\"itemListElement\":[{\"@type\":\"ListItem\",\"position\":1,\"name\":\"Ana sayfa\",\"item\":\"http:\/\/ticaret.edu.tr\/psikoloji\/\"},{\"@type\":\"ListItem\",\"position\":2,\"name\":\"B\u00f6l\u00fcm Kalite Komisyonu\"}]},{\"@type\":\"WebSite\",\"@id\":\"http:\/\/ticaret.edu.tr\/psikoloji\/#website\",\"url\":\"http:\/\/ticaret.edu.tr\/psikoloji\/\",\"name\":\"Psikoloji\",\"description\":\"\",\"potentialAction\":[{\"@type\":\"SearchAction\",\"target\":{\"@type\":\"EntryPoint\",\"urlTemplate\":\"http:\/\/ticaret.edu.tr\/psikoloji\/?s={search_term_string}\"},\"query-input\":\"required name=search_term_string\"}],\"inLanguage\":\"tr\"}]}<\/script>\n<!-- \/ Yoast SEO Premium plugin. -->","yoast_head_json":{"title":"B\u00f6l\u00fcm Kalite Komisyonu - Psikoloji","robots":{"index":"index","follow":"follow","max-snippet":"max-snippet:-1","max-image-preview":"max-image-preview:large","max-video-preview":"max-video-preview:-1"},"canonical":"http:\/\/ticaret.edu.tr\/psikoloji\/bolum-kalite-komisyonu\/","og_locale":"tr_TR","og_type":"article","og_title":"B\u00f6l\u00fcm Kalite Komisyonu","og_description":"B\u00f6l\u00fcm Kalite Komisyonu &nbsp; PS\u0130KOLOJ\u0130 B\u00d6L\u00dcM\u00dc KAL\u0130TE KOM\u0130SYONU \u00a0 Dr. \u00d6\u011fr. \u00dcyesi Yasemin KU\u015e B\u00f6l\u00fcm Ba\u015fkan\u0131 Do\u00e7. Dr. Derya DEN\u0130Z Dr. \u00d6\u011fr. \u00dcyesi Melike \u0130lerisoy Se\u00e7ilmi\u015f \u00dcye Se\u00e7ilmi\u015f \u00dcye Ar\u015f. G\u00f6r. Senanur D\u0130LEK Kalite El\u00e7isi Afranur Melek KARAK\u00d6SE \u00d6\u011frenci &nbsp; &nbsp; &nbsp;","og_url":"http:\/\/ticaret.edu.tr\/psikoloji\/bolum-kalite-komisyonu\/","og_site_name":"Psikoloji","article_publisher":"https:\/\/www.facebook.com\/ticaretedutr","article_modified_time":"2025-12-07T14:29:16+00:00","og_image":[{"width":1250,"height":833,"url":"http:\/\/ticaret.edu.tr\/psikoloji\/wp-content\/uploads\/sites\/28\/2021\/11\/web_logo-01.jpg","type":"image\/jpeg"}],"twitter_card":"summary_large_image","twitter_site":"@ticaretedutr","twitter_misc":{"Tahmini okuma s\u00fcresi":"1 dakika"},"schema":{"@context":"https:\/\/schema.org","@graph":[{"@type":"WebPage","@id":"http:\/\/ticaret.edu.tr\/psikoloji\/bolum-kalite-komisyonu\/","url":"http:\/\/ticaret.edu.tr\/psikoloji\/bolum-kalite-komisyonu\/","name":"B\u00f6l\u00fcm Kalite Komisyonu - Psikoloji","isPartOf":{"@id":"http:\/\/ticaret.edu.tr\/psikoloji\/#website"},"datePublished":"2025-01-26T21:13:25+00:00","dateModified":"2025-12-07T14:29:16+00:00","breadcrumb":{"@id":"http:\/\/ticaret.edu.tr\/psikoloji\/bolum-kalite-komisyonu\/#breadcrumb"},"inLanguage":"tr","potentialAction":[{"@type":"ReadAction","target":["http:\/\/ticaret.edu.tr\/psikoloji\/bolum-kalite-komisyonu\/"]}]},{"@type":"BreadcrumbList","@id":"http:\/\/ticaret.edu.tr\/psikoloji\/bolum-kalite-komisyonu\/#breadcrumb","itemListElement":[{"@type":"ListItem","position":1,"name":"Ana sayfa","item":"http:\/\/ticaret.edu.tr\/psikoloji\/"},{"@type":"ListItem","position":2,"name":"B\u00f6l\u00fcm Kalite Komisyonu"}]},{"@type":"WebSite","@id":"http:\/\/ticaret.edu.tr\/psikoloji\/#website","url":"http:\/\/ticaret.edu.tr\/psikoloji\/","name":"Psikoloji","description":"","potentialAction":[{"@type":"SearchAction","target":{"@type":"EntryPoint","urlTemplate":"http:\/\/ticaret.edu.tr\/psikoloji\/?s={search_term_string}"},"query-input":"required name=search_term_string"}],"inLanguage":"tr"}]}},"lang":"tr","translations":{"en":1547,"tr":1545},"pll_sync_post":[],"_links":{"self":[{"href":"http:\/\/ticaret.edu.tr\/psikoloji\/wp-json\/wp\/v2\/pages\/1545"}],"collection":[{"href":"http:\/\/ticaret.edu.tr\/psikoloji\/wp-json\/wp\/v2\/pages"}],"about":[{"href":"http:\/\/ticaret.edu.tr\/psikoloji\/wp-json\/wp\/v2\/types\/page"}],"author":[{"embeddable":true,"href":"http:\/\/ticaret.edu.tr\/psikoloji\/wp-json\/wp\/v2\/users\/43"}],"replies":[{"embeddable":true,"href":"http:\/\/ticaret.edu.tr\/psikoloji\/wp-json\/wp\/v2\/comments?post=1545"}],"version-history":[{"count":6,"href":"http:\/\/ticaret.edu.tr\/psikoloji\/wp-json\/wp\/v2\/pages\/1545\/revisions"}],"predecessor-version":[{"id":1941,"href":"http:\/\/ticaret.edu.tr\/psikoloji\/wp-json\/wp\/v2\/pages\/1545\/revisions\/1941"}],"wp:attachment":[{"href":"http:\/\/ticaret.edu.tr\/psikoloji\/wp-json\/wp\/v2\/media?parent=1545"}],"curies":[{"name":"wp","href":"https:\/\/api.w.org\/{rel}","templated":true}]}}