{"id":1549,"date":"2025-01-27T00:14:20","date_gmt":"2025-01-26T21:14:20","guid":{"rendered":"https:\/\/ticaret.edu.tr\/psikoloji\/?page_id=1549"},"modified":"2025-03-18T12:25:04","modified_gmt":"2025-03-18T09:25:04","slug":"bolum-danisma-kurulu","status":"publish","type":"page","link":"http:\/\/ticaret.edu.tr\/psikoloji\/bolum-danisma-kurulu\/","title":{"rendered":"B\u00f6l\u00fcm Dan\u0131\u015fma Kurulu"},"content":{"rendered":"<table width=\"669\">\n<tbody>\n<tr>\n<td colspan=\"4\" width=\"669\"><strong>PS\u0130KOLOJ\u0130 <\/strong><strong>B\u00d6L\u00dcM\u00dc DANI\u015eMA KURULU \u00dcYELER\u0130<\/strong><\/td>\n<\/tr>\n<tr>\n<td width=\"165\">Dr. \u00d6\u011fr. \u00dcyesi Yasemin Ku\u015f<\/td>\n<td width=\"141\">\u0130stanbul Ticaret \u00dcniversitesi<\/td>\n<td width=\"150\">Psikoloji B\u00f6l\u00fcm Ba\u015fkan\u0131, B\u00f6l\u00fcm \u00d6\u011fr. \u00dcyesi<\/td>\n<td width=\"213\">ybozkurt@ticaret.edu.tr<\/td>\n<\/tr>\n<tr>\n<td width=\"165\">Prof. Dr. Orhan Do\u011fan<\/td>\n<td width=\"141\">\u0130stanbul Ticaret \u00dcniversitesi<\/td>\n<td width=\"150\">Psikoloji B\u00f6l\u00fcm\u00fc \u00d6\u011fr. \u00dcyesi<\/td>\n<td width=\"213\">odogan@ticaret.edu.tr<\/td>\n<\/tr>\n<tr>\n<td width=\"165\">Do\u00e7. Dr. Derya Deniz<\/td>\n<td width=\"141\">\u0130stanbul Ticaret \u00dcniversitesi<\/td>\n<td width=\"150\">Psikoloji B\u00f6l\u00fcm\u00fc \u00d6\u011fr. \u00dcyesi<\/td>\n<td width=\"213\">ddeniz@ticaret.edu.tr<\/td>\n<\/tr>\n<tr>\n<td width=\"165\">Dr. \u00d6\u011fr. \u00dcyesi Zekeriya K\u00f6krek<\/td>\n<td width=\"141\">\u0130stanbul Ticaret \u00dcniversitesi<\/td>\n<td width=\"150\">Psikoloji B\u00f6l\u00fcm\u00fc \u00d6\u011fr. \u00dcyesi<\/td>\n<td width=\"213\">zkokrek@ticaret.edu.tr<\/td>\n<\/tr>\n<tr>\n<td width=\"165\">Dr. \u00d6\u011fr. \u00dcyesi Ezgi Tan<\/td>\n<td width=\"141\">\u0130stanbul Ticaret \u00dcniversitesi<\/td>\n<td width=\"150\">Psikoloji B\u00f6l\u00fcm\u00fc \u00d6\u011fr. \u00dcyesi<\/td>\n<td width=\"213\">etan@ticaret.edu.tr<\/td>\n<\/tr>\n<tr>\n<td width=\"165\">Dr. \u00d6\u011fr. \u00dcyesi Melike \u0130lerisoy<\/td>\n<td width=\"141\">\u0130stanbul Ticaret \u00dcniversitesi<\/td>\n<td width=\"150\">Psikoloji B\u00f6l\u00fcm\u00fc \u00d6\u011fr. \u00dcyesi<\/td>\n<td width=\"213\">milerisoy@ticaret.edu.tr<\/td>\n<\/tr>\n<tr>\n<td width=\"165\">Ar\u015f. G\u00f6r. Senanur Dilek<\/td>\n<td width=\"141\">\u0130stanbul Ticaret \u00dcniversitesi<\/td>\n<td width=\"150\">Psikoloji B\u00f6l\u00fcm\u00fc Ara\u015ft\u0131rma G\u00f6revlisi, Kalite El\u00e7isi<\/td>\n<td width=\"213\">sdilek@ticaret.edu.tr<\/td>\n<\/tr>\n<tr>\n<td width=\"165\">Prof. Dr. Ahmet Ertan Tezcan<\/td>\n<td width=\"141\">Ayd\u0131n \u00dcniversitesi<\/td>\n<td width=\"150\">Psikoloji B\u00f6l\u00fcm\u00fc \u00d6\u011fr. \u00dcyesi<\/td>\n<td width=\"213\"><a href=\"mailto:ahmetetezcan@gmail.com\">ahmetetezcan@gmail.com<\/a><\/p>\n<p>&nbsp;<\/td>\n<\/tr>\n<tr>\n<td width=\"165\">Prof. Dr. P\u0131nar \u00dcnsal Bayrak\u00e7\u0131<\/td>\n<td width=\"141\">\u0130stanbul \u00dcniversitesi<\/td>\n<td width=\"150\">Psikoloji B\u00f6l\u00fcm Ba\u015fkan\u0131, B\u00f6l\u00fcm \u00d6\u011fr. \u00dcyesi<\/td>\n<td width=\"213\">pinsal@istanbul.edu.tr<\/p>\n<p>&nbsp;<\/td>\n<\/tr>\n<tr>\n<td width=\"165\">Dr. \u00d6\u011fr \u00dcyesi Neslihan Sayra\u00e7<\/td>\n<td width=\"141\">Medipol \u00dcniversitesi<\/td>\n<td width=\"150\">Psikoloji B\u00f6l\u00fcm\u00fc \u00d6\u011fr. \u00dcyesi<\/td>\n<td width=\"213\"><a href=\"mailto:nsayrac@medipol.edu.tr\">nsayrac@medipol.edu.tr<\/a><\/p>\n<p>&nbsp;<\/td>\n<\/tr>\n<tr>\n<td width=\"165\">Dr. \u00d6zgecan Nury\u00fcz Aydo\u011fmu\u015f<\/td>\n<td width=\"141\">ODDA Psikoloji<\/td>\n<td width=\"150\">ODDA Psikoloji kurucusudur.\u00a0\u00a0\u00a0 Psikoterapist olarak \u00e7al\u0131\u015fmaktad\u0131r.<\/td>\n<td width=\"213\"><a href=\"mailto:ozgenryz@hotmail.com\">ozgenryz@hotmail.com<\/a><\/p>\n<p>&nbsp;<\/td>\n<\/tr>\n<tr>\n<td width=\"165\">Uzman Klinik Psikolog P\u0131nar Y\u00f6r\u00fck<\/td>\n<td width=\"141\">Psikoterapist<\/td>\n<td width=\"150\">Psikoterapist olarak \u00e7al\u0131\u015fmaktad\u0131r.<\/td>\n<td width=\"213\"><a href=\"mailto:p_yoruk@hotmail.com\">p_yoruk@hotmail.com<\/a><\/p>\n<p>&nbsp;<\/td>\n<\/tr>\n<tr>\n<td width=\"165\">Afranur Melek Karak\u00f6se<\/td>\n<td width=\"141\">B\u00f6l\u00fcm \u00f6\u011frenci temsilcisi<\/td>\n<td width=\"150\">Psikoloji 1. S\u0131n\u0131f \u00f6\u011frencisi<\/td>\n<td width=\"213\"><a href=\"mailto:afranurmelek@gmail.com\">afranurmelek@gmail.com<\/a><\/p>\n<p>&nbsp;<\/td>\n<\/tr>\n<tr>\n<td width=\"165\">Ay\u015fenur Toprak<\/td>\n<td width=\"141\">Mezun \u00f6\u011frenci<\/td>\n<td width=\"150\">Psikoloji b\u00f6l\u00fcm\u00fc 2024 mezunu<\/td>\n<td width=\"213\"><a href=\"mailto:aysenurmvi@gmail.com\">aysenurmvi@gmail.com<\/a><\/p>\n<p>&nbsp;<\/td>\n<\/tr>\n<\/tbody>\n<\/table>\n","protected":false},"excerpt":{"rendered":"<p>PS\u0130KOLOJ\u0130 B\u00d6L\u00dcM\u00dc DANI\u015eMA KURULU \u00dcYELER\u0130 Dr. \u00d6\u011fr. \u00dcyesi Yasemin Ku\u015f \u0130stanbul Ticaret \u00dcniversitesi Psikoloji B\u00f6l\u00fcm Ba\u015fkan\u0131, B\u00f6l\u00fcm \u00d6\u011fr. \u00dcyesi ybozkurt@ticaret.edu.tr Prof. Dr. Orhan Do\u011fan \u0130stanbul Ticaret \u00dcniversitesi Psikoloji B\u00f6l\u00fcm\u00fc \u00d6\u011fr. \u00dcyesi odogan@ticaret.edu.tr Do\u00e7. Dr. Derya Deniz \u0130stanbul Ticaret \u00dcniversitesi Psikoloji B\u00f6l\u00fcm\u00fc \u00d6\u011fr. \u00dcyesi ddeniz@ticaret.edu.tr Dr. \u00d6\u011fr. \u00dcyesi Zekeriya K\u00f6krek \u0130stanbul Ticaret \u00dcniversitesi Psikoloji B\u00f6l\u00fcm\u00fc \u00d6\u011fr. [&hellip;]<\/p>\n","protected":false},"author":43,"featured_media":0,"parent":0,"menu_order":0,"comment_status":"closed","ping_status":"closed","template":"genel_sayfa.php","meta":{"footnotes":""},"yoast_head":"<!-- This site is optimized with the Yoast SEO Premium plugin v22.1 (Yoast SEO v22.1) - https:\/\/yoast.com\/wordpress\/plugins\/seo\/ -->\n<title>B\u00f6l\u00fcm Dan\u0131\u015fma Kurulu - Psikoloji<\/title>\n<meta name=\"robots\" content=\"index, follow, max-snippet:-1, max-image-preview:large, max-video-preview:-1\" \/>\n<link rel=\"canonical\" href=\"http:\/\/ticaret.edu.tr\/psikoloji\/bolum-danisma-kurulu\/\" \/>\n<meta property=\"og:locale\" content=\"tr_TR\" \/>\n<meta property=\"og:type\" content=\"article\" \/>\n<meta property=\"og:title\" content=\"B\u00f6l\u00fcm Dan\u0131\u015fma Kurulu\" \/>\n<meta property=\"og:description\" content=\"PS\u0130KOLOJ\u0130 B\u00d6L\u00dcM\u00dc DANI\u015eMA KURULU \u00dcYELER\u0130 Dr. \u00d6\u011fr. \u00dcyesi Yasemin Ku\u015f \u0130stanbul Ticaret \u00dcniversitesi Psikoloji B\u00f6l\u00fcm Ba\u015fkan\u0131, B\u00f6l\u00fcm \u00d6\u011fr. \u00dcyesi ybozkurt@ticaret.edu.tr Prof. Dr. Orhan Do\u011fan \u0130stanbul Ticaret \u00dcniversitesi Psikoloji B\u00f6l\u00fcm\u00fc \u00d6\u011fr. \u00dcyesi odogan@ticaret.edu.tr Do\u00e7. Dr. Derya Deniz \u0130stanbul Ticaret \u00dcniversitesi Psikoloji B\u00f6l\u00fcm\u00fc \u00d6\u011fr. \u00dcyesi ddeniz@ticaret.edu.tr Dr. \u00d6\u011fr. \u00dcyesi Zekeriya K\u00f6krek \u0130stanbul Ticaret \u00dcniversitesi Psikoloji B\u00f6l\u00fcm\u00fc \u00d6\u011fr. [&hellip;]\" \/>\n<meta property=\"og:url\" content=\"http:\/\/ticaret.edu.tr\/psikoloji\/bolum-danisma-kurulu\/\" \/>\n<meta property=\"og:site_name\" content=\"Psikoloji\" \/>\n<meta property=\"article:publisher\" content=\"https:\/\/www.facebook.com\/ticaretedutr\" \/>\n<meta property=\"article:modified_time\" content=\"2025-03-18T09:25:04+00:00\" \/>\n<meta property=\"og:image\" content=\"http:\/\/ticaret.edu.tr\/psikoloji\/wp-content\/uploads\/sites\/28\/2021\/11\/web_logo-01.jpg\" \/>\n\t<meta property=\"og:image:width\" content=\"1250\" \/>\n\t<meta property=\"og:image:height\" content=\"833\" \/>\n\t<meta property=\"og:image:type\" content=\"image\/jpeg\" \/>\n<meta name=\"twitter:card\" content=\"summary_large_image\" \/>\n<meta name=\"twitter:site\" content=\"@ticaretedutr\" \/>\n<meta name=\"twitter:label1\" content=\"Tahmini okuma s\u00fcresi\" \/>\n\t<meta name=\"twitter:data1\" content=\"2 dakika\" \/>\n<script type=\"application\/ld+json\" class=\"yoast-schema-graph\">{\"@context\":\"https:\/\/schema.org\",\"@graph\":[{\"@type\":\"WebPage\",\"@id\":\"http:\/\/ticaret.edu.tr\/psikoloji\/bolum-danisma-kurulu\/\",\"url\":\"http:\/\/ticaret.edu.tr\/psikoloji\/bolum-danisma-kurulu\/\",\"name\":\"B\u00f6l\u00fcm Dan\u0131\u015fma Kurulu - Psikoloji\",\"isPartOf\":{\"@id\":\"http:\/\/ticaret.edu.tr\/psikoloji\/#website\"},\"datePublished\":\"2025-01-26T21:14:20+00:00\",\"dateModified\":\"2025-03-18T09:25:04+00:00\",\"breadcrumb\":{\"@id\":\"http:\/\/ticaret.edu.tr\/psikoloji\/bolum-danisma-kurulu\/#breadcrumb\"},\"inLanguage\":\"tr\",\"potentialAction\":[{\"@type\":\"ReadAction\",\"target\":[\"http:\/\/ticaret.edu.tr\/psikoloji\/bolum-danisma-kurulu\/\"]}]},{\"@type\":\"BreadcrumbList\",\"@id\":\"http:\/\/ticaret.edu.tr\/psikoloji\/bolum-danisma-kurulu\/#breadcrumb\",\"itemListElement\":[{\"@type\":\"ListItem\",\"position\":1,\"name\":\"Ana sayfa\",\"item\":\"http:\/\/ticaret.edu.tr\/psikoloji\/\"},{\"@type\":\"ListItem\",\"position\":2,\"name\":\"B\u00f6l\u00fcm Dan\u0131\u015fma Kurulu\"}]},{\"@type\":\"WebSite\",\"@id\":\"http:\/\/ticaret.edu.tr\/psikoloji\/#website\",\"url\":\"http:\/\/ticaret.edu.tr\/psikoloji\/\",\"name\":\"Psikoloji\",\"description\":\"\",\"potentialAction\":[{\"@type\":\"SearchAction\",\"target\":{\"@type\":\"EntryPoint\",\"urlTemplate\":\"http:\/\/ticaret.edu.tr\/psikoloji\/?s={search_term_string}\"},\"query-input\":\"required name=search_term_string\"}],\"inLanguage\":\"tr\"}]}<\/script>\n<!-- \/ Yoast SEO Premium plugin. -->","yoast_head_json":{"title":"B\u00f6l\u00fcm Dan\u0131\u015fma Kurulu - Psikoloji","robots":{"index":"index","follow":"follow","max-snippet":"max-snippet:-1","max-image-preview":"max-image-preview:large","max-video-preview":"max-video-preview:-1"},"canonical":"http:\/\/ticaret.edu.tr\/psikoloji\/bolum-danisma-kurulu\/","og_locale":"tr_TR","og_type":"article","og_title":"B\u00f6l\u00fcm Dan\u0131\u015fma Kurulu","og_description":"PS\u0130KOLOJ\u0130 B\u00d6L\u00dcM\u00dc DANI\u015eMA KURULU \u00dcYELER\u0130 Dr. \u00d6\u011fr. \u00dcyesi Yasemin Ku\u015f \u0130stanbul Ticaret \u00dcniversitesi Psikoloji B\u00f6l\u00fcm Ba\u015fkan\u0131, B\u00f6l\u00fcm \u00d6\u011fr. \u00dcyesi ybozkurt@ticaret.edu.tr Prof. Dr. Orhan Do\u011fan \u0130stanbul Ticaret \u00dcniversitesi Psikoloji B\u00f6l\u00fcm\u00fc \u00d6\u011fr. \u00dcyesi odogan@ticaret.edu.tr Do\u00e7. Dr. Derya Deniz \u0130stanbul Ticaret \u00dcniversitesi Psikoloji B\u00f6l\u00fcm\u00fc \u00d6\u011fr. \u00dcyesi ddeniz@ticaret.edu.tr Dr. \u00d6\u011fr. \u00dcyesi Zekeriya K\u00f6krek \u0130stanbul Ticaret \u00dcniversitesi Psikoloji B\u00f6l\u00fcm\u00fc \u00d6\u011fr. [&hellip;]","og_url":"http:\/\/ticaret.edu.tr\/psikoloji\/bolum-danisma-kurulu\/","og_site_name":"Psikoloji","article_publisher":"https:\/\/www.facebook.com\/ticaretedutr","article_modified_time":"2025-03-18T09:25:04+00:00","og_image":[{"width":1250,"height":833,"url":"http:\/\/ticaret.edu.tr\/psikoloji\/wp-content\/uploads\/sites\/28\/2021\/11\/web_logo-01.jpg","type":"image\/jpeg"}],"twitter_card":"summary_large_image","twitter_site":"@ticaretedutr","twitter_misc":{"Tahmini okuma s\u00fcresi":"2 dakika"},"schema":{"@context":"https:\/\/schema.org","@graph":[{"@type":"WebPage","@id":"http:\/\/ticaret.edu.tr\/psikoloji\/bolum-danisma-kurulu\/","url":"http:\/\/ticaret.edu.tr\/psikoloji\/bolum-danisma-kurulu\/","name":"B\u00f6l\u00fcm Dan\u0131\u015fma Kurulu - Psikoloji","isPartOf":{"@id":"http:\/\/ticaret.edu.tr\/psikoloji\/#website"},"datePublished":"2025-01-26T21:14:20+00:00","dateModified":"2025-03-18T09:25:04+00:00","breadcrumb":{"@id":"http:\/\/ticaret.edu.tr\/psikoloji\/bolum-danisma-kurulu\/#breadcrumb"},"inLanguage":"tr","potentialAction":[{"@type":"ReadAction","target":["http:\/\/ticaret.edu.tr\/psikoloji\/bolum-danisma-kurulu\/"]}]},{"@type":"BreadcrumbList","@id":"http:\/\/ticaret.edu.tr\/psikoloji\/bolum-danisma-kurulu\/#breadcrumb","itemListElement":[{"@type":"ListItem","position":1,"name":"Ana sayfa","item":"http:\/\/ticaret.edu.tr\/psikoloji\/"},{"@type":"ListItem","position":2,"name":"B\u00f6l\u00fcm Dan\u0131\u015fma Kurulu"}]},{"@type":"WebSite","@id":"http:\/\/ticaret.edu.tr\/psikoloji\/#website","url":"http:\/\/ticaret.edu.tr\/psikoloji\/","name":"Psikoloji","description":"","potentialAction":[{"@type":"SearchAction","target":{"@type":"EntryPoint","urlTemplate":"http:\/\/ticaret.edu.tr\/psikoloji\/?s={search_term_string}"},"query-input":"required name=search_term_string"}],"inLanguage":"tr"}]}},"lang":"tr","translations":{"en":1551,"tr":1549},"pll_sync_post":[],"_links":{"self":[{"href":"http:\/\/ticaret.edu.tr\/psikoloji\/wp-json\/wp\/v2\/pages\/1549"}],"collection":[{"href":"http:\/\/ticaret.edu.tr\/psikoloji\/wp-json\/wp\/v2\/pages"}],"about":[{"href":"http:\/\/ticaret.edu.tr\/psikoloji\/wp-json\/wp\/v2\/types\/page"}],"author":[{"embeddable":true,"href":"http:\/\/ticaret.edu.tr\/psikoloji\/wp-json\/wp\/v2\/users\/43"}],"replies":[{"embeddable":true,"href":"http:\/\/ticaret.edu.tr\/psikoloji\/wp-json\/wp\/v2\/comments?post=1549"}],"version-history":[{"count":6,"href":"http:\/\/ticaret.edu.tr\/psikoloji\/wp-json\/wp\/v2\/pages\/1549\/revisions"}],"predecessor-version":[{"id":1830,"href":"http:\/\/ticaret.edu.tr\/psikoloji\/wp-json\/wp\/v2\/pages\/1549\/revisions\/1830"}],"wp:attachment":[{"href":"http:\/\/ticaret.edu.tr\/psikoloji\/wp-json\/wp\/v2\/media?parent=1549"}],"curies":[{"name":"wp","href":"https:\/\/api.w.org\/{rel}","templated":true}]}}