{"id":6,"date":"2020-05-03T22:02:29","date_gmt":"2020-05-03T19:02:29","guid":{"rendered":"http:\/\/ticaret.edu.tr\/psikoloji\/?page_id=6"},"modified":"2025-10-10T09:52:15","modified_gmt":"2025-10-10T06:52:15","slug":"mufredat","status":"publish","type":"page","link":"http:\/\/ticaret.edu.tr\/psikoloji\/mufredat\/","title":{"rendered":"M\u00fcfredat"},"content":{"rendered":"<p><a href=\"http:\/\/ticaret.edu.tr\/psikoloji\/wp-content\/uploads\/sites\/28\/2025\/10\/2025-2026-Psikoloji-Bolumu-_30-Ing-Mufredat.pdf\">2025 &#8211; 2026 Psikoloji M\u00fcfredat<\/a><\/p>\n<p><a href=\"http:\/\/ticaret.edu.tr\/psikoloji\/wp-content\/uploads\/sites\/28\/2024\/09\/2024-2025-Psikoloji-30-Mufredat.pdf\">2024-2025 Psikoloji M\u00fcfredat<\/a><\/p>\n<p><a href=\"http:\/\/ticaret.edu.tr\/psikoloji\/wp-content\/uploads\/sites\/28\/2023\/09\/2023-2024-Psikoloji-Mufredat.pdf\">2023-2024 Psikoloji M\u00fcfredat<\/a><\/p>\n<p><a href=\"http:\/\/ticaret.edu.tr\/psikoloji\/wp-content\/uploads\/sites\/28\/2022\/08\/2022-2023_Psikoloji_30_Mu\u0308fredat.pdf\">2022-2023 Psikoloji Mu\u0308fredat<\/a><\/p>\n<p><a href=\"http:\/\/ticaret.edu.tr\/psikoloji\/wp-content\/uploads\/sites\/28\/2022\/02\/2021-2022_PSI\u0307KOLOJI\u0307_Mu\u0308fredat.pdf\">2021-2022 Psikoloji Mu\u0308fredat<\/a><\/p>\n<p><span style=\"text-decoration: underline\"><strong><a href=\"http:\/\/ticaret.edu.tr\/psikoloji\/wp-content\/uploads\/sites\/28\/2021\/09\/2020-2021_Psikoloji_30_Mufredat.pdf\">2020-2021 Psikoloji M\u00fcfredat<\/a> <\/strong><\/span><\/p>\n<p><span style=\"text-decoration: underline\"><strong><a href=\"http:\/\/ticaret.edu.tr\/psikoloji\/wp-content\/uploads\/sites\/28\/2021\/09\/2019-2020_PSI_30_Mufredat.pdf\">2019-2020 Psikoloji M\u00fcfredat<\/a> <\/strong><\/span><\/p>\n<p><span style=\"text-decoration: underline\"><strong><a href=\"http:\/\/ticaret.edu.tr\/psikoloji\/wp-content\/uploads\/sites\/28\/2021\/09\/2018-2019_PSI_30_Mufredat.pdf\">2018-2019 Psikoloji M\u00fcfredat<\/a> <\/strong><\/span><\/p>\n<p><span style=\"text-decoration: underline\"><strong><a href=\"http:\/\/ticaret.edu.tr\/psikoloji\/wp-content\/uploads\/sites\/28\/2021\/09\/2017-2018_PSI_30_Mufredat.pdf\">2017-2018 Psikoloji M\u00fcfredat<\/a> <\/strong><\/span><\/p>\n<p><span style=\"text-decoration: underline\"><strong><a href=\"http:\/\/ticaret.edu.tr\/psikoloji\/wp-content\/uploads\/sites\/28\/2021\/09\/2016-2017_PSI_30_Mufredat.pdf\">2016-2017 Psikoloji M\u00fcfredat<\/a> <\/strong><\/span><\/p>\n<p><span style=\"text-decoration: underline\"><strong><a href=\"http:\/\/ticaret.edu.tr\/psikoloji\/wp-content\/uploads\/sites\/28\/2021\/09\/2015-2016_PSI_30_Mufredat.pdf\">2015-2016 Psikoloji M\u00fcfredat<\/a> <\/strong><\/span><\/p>\n<p><span style=\"text-decoration: underline\"><strong><a href=\"http:\/\/ticaret.edu.tr\/psikoloji\/wp-content\/uploads\/sites\/28\/2021\/09\/2014-2015_PSI_30_Mufredat.pdf\">2014-2015 Psikoloji M\u00fcfredat<\/a><\/strong><\/span><\/p>\n<p><strong>Psikoloji (T\u00fcrk\u00e7e) M\u00fcfredat<\/strong><\/p>\n<p><span style=\"text-decoration: underline\"><strong><a href=\"http:\/\/ticaret.edu.tr\/psikoloji\/wp-content\/uploads\/sites\/28\/2021\/09\/2013-2014_Psikoloji_Mufredati.pdf\">2013-2014_Psikoloji_M\u00fcfredat\u0131<\/a> <\/strong><\/span><\/p>\n<p><span style=\"text-decoration: underline\"><strong><a href=\"http:\/\/ticaret.edu.tr\/psikoloji\/wp-content\/uploads\/sites\/28\/2021\/09\/2012-2013_Psikoloji_Mufredati.pdf\">2012-2013_Psikoloji_M\u00fcfredat\u0131<\/a> <\/strong><\/span><\/p>\n<p><span style=\"text-decoration: underline\"><strong><a href=\"http:\/\/ticaret.edu.tr\/psikoloji\/wp-content\/uploads\/sites\/28\/2021\/09\/2011-2012_Psikoloji_Mufredati.pdf\">2011-2012_Psikoloji_M\u00fcfredat\u0131<\/a> <\/strong><\/span><\/p>\n<p><span style=\"text-decoration: underline\"><strong><a href=\"http:\/\/ticaret.edu.tr\/psikoloji\/wp-content\/uploads\/sites\/28\/2021\/09\/2010-2011_Psikoloji_Mufredati.pdf\">2010-2011_Psikoloji_M\u00fcfredat\u0131<\/a> <\/strong><\/span><\/p>\n<p><span style=\"text-decoration: underline\"><strong><a href=\"http:\/\/ticaret.edu.tr\/psikoloji\/wp-content\/uploads\/sites\/28\/2021\/09\/2009-2010_Psikoloji_Mufredati.pdf\">2009-2010_Psikoloji_M\u00fcfredat\u0131<\/a> <\/strong><\/span><\/p>\n<p><span style=\"text-decoration: underline\"><strong><a href=\"http:\/\/ticaret.edu.tr\/psikoloji\/wp-content\/uploads\/sites\/28\/2021\/09\/2008-2009_Psikoloji_Mufredati.pdf\">2008-2009_Psikoloji_M\u00fcfredat\u0131<\/a> <\/strong><\/span><\/p>\n<p><span style=\"text-decoration: underline\"><strong><a href=\"http:\/\/ticaret.edu.tr\/psikoloji\/wp-content\/uploads\/sites\/28\/2021\/09\/2007-2008_Psikoloji_Mufredati.pdf\">2007-2008_Psikoloji_M\u00fcfredat\u0131<\/a> <\/strong><\/span><\/p>\n<p><span style=\"text-decoration: underline\"><strong><a href=\"http:\/\/ticaret.edu.tr\/psikoloji\/wp-content\/uploads\/sites\/28\/2021\/09\/2006-2007_Psikoloji_Mufredati.pdf\">2006-2007_Psikoloji_M\u00fcfredat\u0131<\/a> <\/strong><\/span><\/p>\n<p><span style=\"text-decoration: underline\"><strong><a href=\"http:\/\/ticaret.edu.tr\/psikoloji\/wp-content\/uploads\/sites\/28\/2021\/09\/2005-2006_Psikoloji_Mufredati.pdf\">2005-2006_Psikoloji_M\u00fcfredat\u0131<\/a> <\/strong><\/span><\/p>\n<p><span style=\"text-decoration: underline\"><strong><a href=\"http:\/\/ticaret.edu.tr\/psikoloji\/wp-content\/uploads\/sites\/28\/2021\/09\/2004-2005_Psikoloji_Mufredati.pdf\">2004-2005_Psikoloji_M\u00fcfredat\u0131<\/a> <\/strong><\/span><\/p>\n<p><span style=\"text-decoration: underline\"><strong><a href=\"http:\/\/ticaret.edu.tr\/psikoloji\/wp-content\/uploads\/sites\/28\/2021\/09\/2003-2004_Psikoloji_Mufredati.pdf\">2003-2004_Psikoloji_M\u00fcfredat\u0131<\/a> <\/strong><\/span><\/p>\n<p><span style=\"text-decoration: underline\"><strong><a href=\"http:\/\/ticaret.edu.tr\/psikoloji\/wp-content\/uploads\/sites\/28\/2021\/09\/2002-2003_Psikoloji_Mufredati.pdf\">2002-2003_Psikoloji_M\u00fcfredat\u0131<\/a><\/strong><\/span><\/p>\n","protected":false},"excerpt":{"rendered":"<p>2025 &#8211; 2026 Psikoloji M\u00fcfredat 2024-2025 Psikoloji M\u00fcfredat 2023-2024 Psikoloji M\u00fcfredat 2022-2023 Psikoloji Mu\u0308fredat 2021-2022 Psikoloji Mu\u0308fredat 2020-2021 Psikoloji M\u00fcfredat 2019-2020 Psikoloji M\u00fcfredat 2018-2019 Psikoloji M\u00fcfredat 2017-2018 Psikoloji M\u00fcfredat 2016-2017 Psikoloji M\u00fcfredat 2015-2016 Psikoloji M\u00fcfredat 2014-2015 Psikoloji M\u00fcfredat Psikoloji (T\u00fcrk\u00e7e) M\u00fcfredat 2013-2014_Psikoloji_M\u00fcfredat\u0131 2012-2013_Psikoloji_M\u00fcfredat\u0131 2011-2012_Psikoloji_M\u00fcfredat\u0131 2010-2011_Psikoloji_M\u00fcfredat\u0131 2009-2010_Psikoloji_M\u00fcfredat\u0131 2008-2009_Psikoloji_M\u00fcfredat\u0131 2007-2008_Psikoloji_M\u00fcfredat\u0131 2006-2007_Psikoloji_M\u00fcfredat\u0131 2005-2006_Psikoloji_M\u00fcfredat\u0131 2004-2005_Psikoloji_M\u00fcfredat\u0131 2003-2004_Psikoloji_M\u00fcfredat\u0131 2002-2003_Psikoloji_M\u00fcfredat\u0131<\/p>\n","protected":false},"author":1,"featured_media":0,"parent":0,"menu_order":0,"comment_status":"closed","ping_status":"closed","template":"genel_sayfa.php","meta":{"footnotes":""},"yoast_head":"<!-- This site is optimized with the Yoast SEO Premium plugin v22.1 (Yoast SEO v22.1) - https:\/\/yoast.com\/wordpress\/plugins\/seo\/ -->\n<title>M\u00fcfredat - Psikoloji<\/title>\n<meta name=\"description\" content=\"psikoloji m\u00fcfredat\" \/>\n<meta name=\"robots\" content=\"index, follow, max-snippet:-1, max-image-preview:large, max-video-preview:-1\" \/>\n<link rel=\"canonical\" href=\"http:\/\/ticaret.edu.tr\/psikoloji\/mufredat\/\" \/>\n<meta property=\"og:locale\" content=\"tr_TR\" \/>\n<meta property=\"og:type\" content=\"article\" \/>\n<meta property=\"og:title\" content=\"M\u00fcfredat\" \/>\n<meta property=\"og:description\" content=\"psikoloji m\u00fcfredat\" \/>\n<meta property=\"og:url\" content=\"http:\/\/ticaret.edu.tr\/psikoloji\/mufredat\/\" \/>\n<meta property=\"og:site_name\" content=\"Psikoloji\" \/>\n<meta property=\"article:publisher\" content=\"https:\/\/www.facebook.com\/ticaretedutr\" \/>\n<meta property=\"article:modified_time\" content=\"2025-10-10T06:52:15+00:00\" \/>\n<meta property=\"og:image\" content=\"http:\/\/ticaret.edu.tr\/psikoloji\/wp-content\/uploads\/sites\/28\/2021\/11\/web_logo-01.jpg\" \/>\n\t<meta property=\"og:image:width\" content=\"1250\" \/>\n\t<meta property=\"og:image:height\" content=\"833\" \/>\n\t<meta property=\"og:image:type\" content=\"image\/jpeg\" \/>\n<meta name=\"twitter:card\" content=\"summary_large_image\" \/>\n<meta name=\"twitter:site\" content=\"@ticaretedutr\" \/>\n<meta name=\"twitter:label1\" content=\"Tahmini okuma s\u00fcresi\" \/>\n\t<meta name=\"twitter:data1\" content=\"1 dakika\" \/>\n<script type=\"application\/ld+json\" class=\"yoast-schema-graph\">{\"@context\":\"https:\/\/schema.org\",\"@graph\":[{\"@type\":\"WebPage\",\"@id\":\"http:\/\/ticaret.edu.tr\/psikoloji\/mufredat\/\",\"url\":\"http:\/\/ticaret.edu.tr\/psikoloji\/mufredat\/\",\"name\":\"M\u00fcfredat - Psikoloji\",\"isPartOf\":{\"@id\":\"http:\/\/ticaret.edu.tr\/psikoloji\/#website\"},\"datePublished\":\"2020-05-03T19:02:29+00:00\",\"dateModified\":\"2025-10-10T06:52:15+00:00\",\"description\":\"psikoloji m\u00fcfredat\",\"breadcrumb\":{\"@id\":\"http:\/\/ticaret.edu.tr\/psikoloji\/mufredat\/#breadcrumb\"},\"inLanguage\":\"tr\",\"potentialAction\":[{\"@type\":\"ReadAction\",\"target\":[\"http:\/\/ticaret.edu.tr\/psikoloji\/mufredat\/\"]}]},{\"@type\":\"BreadcrumbList\",\"@id\":\"http:\/\/ticaret.edu.tr\/psikoloji\/mufredat\/#breadcrumb\",\"itemListElement\":[{\"@type\":\"ListItem\",\"position\":1,\"name\":\"Ana sayfa\",\"item\":\"http:\/\/ticaret.edu.tr\/psikoloji\/\"},{\"@type\":\"ListItem\",\"position\":2,\"name\":\"M\u00fcfredat\"}]},{\"@type\":\"WebSite\",\"@id\":\"http:\/\/ticaret.edu.tr\/psikoloji\/#website\",\"url\":\"http:\/\/ticaret.edu.tr\/psikoloji\/\",\"name\":\"Psikoloji\",\"description\":\"\",\"potentialAction\":[{\"@type\":\"SearchAction\",\"target\":{\"@type\":\"EntryPoint\",\"urlTemplate\":\"http:\/\/ticaret.edu.tr\/psikoloji\/?s={search_term_string}\"},\"query-input\":\"required name=search_term_string\"}],\"inLanguage\":\"tr\"}]}<\/script>\n<!-- \/ Yoast SEO Premium plugin. -->","yoast_head_json":{"title":"M\u00fcfredat - Psikoloji","description":"psikoloji m\u00fcfredat","robots":{"index":"index","follow":"follow","max-snippet":"max-snippet:-1","max-image-preview":"max-image-preview:large","max-video-preview":"max-video-preview:-1"},"canonical":"http:\/\/ticaret.edu.tr\/psikoloji\/mufredat\/","og_locale":"tr_TR","og_type":"article","og_title":"M\u00fcfredat","og_description":"psikoloji m\u00fcfredat","og_url":"http:\/\/ticaret.edu.tr\/psikoloji\/mufredat\/","og_site_name":"Psikoloji","article_publisher":"https:\/\/www.facebook.com\/ticaretedutr","article_modified_time":"2025-10-10T06:52:15+00:00","og_image":[{"width":1250,"height":833,"url":"http:\/\/ticaret.edu.tr\/psikoloji\/wp-content\/uploads\/sites\/28\/2021\/11\/web_logo-01.jpg","type":"image\/jpeg"}],"twitter_card":"summary_large_image","twitter_site":"@ticaretedutr","twitter_misc":{"Tahmini okuma s\u00fcresi":"1 dakika"},"schema":{"@context":"https:\/\/schema.org","@graph":[{"@type":"WebPage","@id":"http:\/\/ticaret.edu.tr\/psikoloji\/mufredat\/","url":"http:\/\/ticaret.edu.tr\/psikoloji\/mufredat\/","name":"M\u00fcfredat - Psikoloji","isPartOf":{"@id":"http:\/\/ticaret.edu.tr\/psikoloji\/#website"},"datePublished":"2020-05-03T19:02:29+00:00","dateModified":"2025-10-10T06:52:15+00:00","description":"psikoloji m\u00fcfredat","breadcrumb":{"@id":"http:\/\/ticaret.edu.tr\/psikoloji\/mufredat\/#breadcrumb"},"inLanguage":"tr","potentialAction":[{"@type":"ReadAction","target":["http:\/\/ticaret.edu.tr\/psikoloji\/mufredat\/"]}]},{"@type":"BreadcrumbList","@id":"http:\/\/ticaret.edu.tr\/psikoloji\/mufredat\/#breadcrumb","itemListElement":[{"@type":"ListItem","position":1,"name":"Ana sayfa","item":"http:\/\/ticaret.edu.tr\/psikoloji\/"},{"@type":"ListItem","position":2,"name":"M\u00fcfredat"}]},{"@type":"WebSite","@id":"http:\/\/ticaret.edu.tr\/psikoloji\/#website","url":"http:\/\/ticaret.edu.tr\/psikoloji\/","name":"Psikoloji","description":"","potentialAction":[{"@type":"SearchAction","target":{"@type":"EntryPoint","urlTemplate":"http:\/\/ticaret.edu.tr\/psikoloji\/?s={search_term_string}"},"query-input":"required name=search_term_string"}],"inLanguage":"tr"}]}},"lang":"tr","translations":{"en":757,"tr":6},"pll_sync_post":[],"_links":{"self":[{"href":"http:\/\/ticaret.edu.tr\/psikoloji\/wp-json\/wp\/v2\/pages\/6"}],"collection":[{"href":"http:\/\/ticaret.edu.tr\/psikoloji\/wp-json\/wp\/v2\/pages"}],"about":[{"href":"http:\/\/ticaret.edu.tr\/psikoloji\/wp-json\/wp\/v2\/types\/page"}],"author":[{"embeddable":true,"href":"http:\/\/ticaret.edu.tr\/psikoloji\/wp-json\/wp\/v2\/users\/1"}],"replies":[{"embeddable":true,"href":"http:\/\/ticaret.edu.tr\/psikoloji\/wp-json\/wp\/v2\/comments?post=6"}],"version-history":[{"count":22,"href":"http:\/\/ticaret.edu.tr\/psikoloji\/wp-json\/wp\/v2\/pages\/6\/revisions"}],"predecessor-version":[{"id":1862,"href":"http:\/\/ticaret.edu.tr\/psikoloji\/wp-json\/wp\/v2\/pages\/6\/revisions\/1862"}],"wp:attachment":[{"href":"http:\/\/ticaret.edu.tr\/psikoloji\/wp-json\/wp\/v2\/media?parent=6"}],"curies":[{"name":"wp","href":"https:\/\/api.w.org\/{rel}","templated":true}]}}