{"id":8,"date":"2020-05-03T22:02:19","date_gmt":"2020-05-03T19:02:19","guid":{"rendered":"http:\/\/ticaret.edu.tr\/psikoloji\/?page_id=8"},"modified":"2025-02-11T17:03:17","modified_gmt":"2025-02-11T14:03:17","slug":"projeler","status":"publish","type":"page","link":"http:\/\/ticaret.edu.tr\/psikoloji\/projeler\/","title":{"rendered":"Projeler"},"content":{"rendered":"<div class=\"BABaslik\">\n<h3><span id=\"MainContent_lblBI_Baslik\">Psikoloji Toplulu\u011fu<\/span><\/h3>\n<\/div>\n<div class=\"BAIcerik\">\n<div>\n<div>Psikoloji Toplulu\u011fu, \u0130stanbul Ticaret \u00dcniversitesi Sa\u011fl\u0131k K\u00fclt\u00fcr ve Spor Daire Ba\u015fkanl\u0131\u011f\u0131 biriminden K\u00fclt\u00fcr M\u00fcd\u00fcrl\u00fc\u011f\u00fcne ba\u011fl\u0131 olarak 2003 y\u0131l\u0131ndan bu yana \u00f6\u011frencilerin sosyal ve akademik anlamdaki etkinliklerini d\u00fczenlemede, ders d\u0131\u015f\u0131nda davet edilen konuklarla psikoloji bilimine dair genel k\u00fclt\u00fcr ve entelekt\u00fcel yanlar\u0131n\u0131 geli\u015ftirmeye yard\u0131mc\u0131 olurlar. D\u00f6nem i\u00e7erisinde y\u00f6netim kurulunu olu\u015fturan komitelerle birlikte sosyal sorumluk, sosyal etkinlik ve akademik anlamda konferans, panel, s\u00f6yle\u015fi organize etmektedirler.<\/div>\n<div><\/div>\n<div>\u0130stanbul Ticaret \u00dcniversitesi Psikoloji Toplulu\u011fu psikoloji \u00f6\u011frencilerinin olu\u015fturdu\u011fu, seminerler ve at\u00f6lyeler ile psikoloji \u00f6\u011frencilerinin hem kendilerini geli\u015ftirmelerine destek olan hem de alan\u0131nda uzman psikologlar ve akademisyenler ile ba\u011flant\u0131 kurmalar\u0131na yard\u0131mc\u0131 olan, disiplinler aras\u0131 etkinlikler ile psikoloji \u00f6\u011frencilerini ile alana ilgi duyan di\u011fer \u00f6\u011frencileri bulu\u015fturan bir topluluktur.<\/div>\n<\/div>\n<\/div>\n<div><img loading=\"lazy\" decoding=\"async\" class=\"alignnone size-medium wp-image-1190\" src=\"http:\/\/ticaret.edu.tr\/psikoloji\/wp-content\/uploads\/sites\/28\/2024\/05\/afis-240x300.jpg\" alt=\"\" width=\"240\" height=\"300\" srcset=\"http:\/\/ticaret.edu.tr\/psikoloji\/wp-content\/uploads\/sites\/28\/2024\/05\/afis-240x300.jpg 240w, http:\/\/ticaret.edu.tr\/psikoloji\/wp-content\/uploads\/sites\/28\/2024\/05\/afis-819x1024.jpg 819w, http:\/\/ticaret.edu.tr\/psikoloji\/wp-content\/uploads\/sites\/28\/2024\/05\/afis-768x960.jpg 768w, http:\/\/ticaret.edu.tr\/psikoloji\/wp-content\/uploads\/sites\/28\/2024\/05\/afis.jpg 1200w\" sizes=\"(max-width: 240px) 100vw, 240px\" \/><\/div>\n<div><\/div>\n<div><img loading=\"lazy\" decoding=\"async\" class=\"alignnone size-medium wp-image-1192\" src=\"http:\/\/ticaret.edu.tr\/psikoloji\/wp-content\/uploads\/sites\/28\/2024\/05\/akis-300x300.jpg\" alt=\"\" width=\"300\" height=\"300\" srcset=\"http:\/\/ticaret.edu.tr\/psikoloji\/wp-content\/uploads\/sites\/28\/2024\/05\/akis-300x300.jpg 300w, http:\/\/ticaret.edu.tr\/psikoloji\/wp-content\/uploads\/sites\/28\/2024\/05\/akis-1024x1024.jpg 1024w, http:\/\/ticaret.edu.tr\/psikoloji\/wp-content\/uploads\/sites\/28\/2024\/05\/akis-150x150.jpg 150w, http:\/\/ticaret.edu.tr\/psikoloji\/wp-content\/uploads\/sites\/28\/2024\/05\/akis-768x768.jpg 768w, http:\/\/ticaret.edu.tr\/psikoloji\/wp-content\/uploads\/sites\/28\/2024\/05\/akis.jpg 1080w\" sizes=\"(max-width: 300px) 100vw, 300px\" \/><\/div>\n<div><\/div>\n<div><\/div>\n<div><\/div>\n<div>\n<p><img loading=\"lazy\" decoding=\"async\" class=\" wp-image-35 aligncenter\" src=\"http:\/\/ticaret.edu.tr\/psikoloji\/wp-content\/uploads\/sites\/28\/2020\/05\/psikoloji-toplulu\u011fu-300x100.jpg\" alt=\"\" width=\"479\" height=\"160\" srcset=\"http:\/\/ticaret.edu.tr\/psikoloji\/wp-content\/uploads\/sites\/28\/2020\/05\/psikoloji-toplulu\u011fu-300x100.jpg 300w, http:\/\/ticaret.edu.tr\/psikoloji\/wp-content\/uploads\/sites\/28\/2020\/05\/psikoloji-toplulu\u011fu-1024x341.jpg 1024w, http:\/\/ticaret.edu.tr\/psikoloji\/wp-content\/uploads\/sites\/28\/2020\/05\/psikoloji-toplulu\u011fu-768x256.jpg 768w, http:\/\/ticaret.edu.tr\/psikoloji\/wp-content\/uploads\/sites\/28\/2020\/05\/psikoloji-toplulu\u011fu.jpg 1500w\" sizes=\"(max-width: 479px) 100vw, 479px\" \/><\/p>\n<div>\n<div><\/div>\n<div>Psikoloji Toplulu\u011fu etkinlikleri aras\u0131nda belgesel-film g\u00f6sterimleri ve tart\u0131\u015fmalar\u0131, psikoloji temal\u0131 sohbetler, sosyal sorumluluk projeleri bulunmaktad\u0131r. Ayr\u0131ca yine topluluk taraf\u0131ndan her sene 2 g\u00fcn boyunca, psikolojinin farkl\u0131 alanlar\u0131ndan g\u00fcncel konularla seminerler ve at\u00f6lyeler ile farkl\u0131 \u00fcniversitelerde e\u011fitim almakta olan psikoloji \u00f6\u011frencilerini bir araya getiren \u201cPsikoloji G\u00fcnleri\u201d d\u00fczenlenmektedir.<\/div>\n<div><\/div>\n<div>Psikoloji g\u00fcnleri t\u00fcm psikoloji \u00f6\u011frencilerini kapsay\u0131p kat\u0131l\u0131m\u0131 en y\u00fcksek olan etkinliklerden biridir. Alan\u0131nda uzmanla\u015fm\u0131\u015f olan isimlerin konu\u015fmac\u0131 oldu\u011fu ve her y\u0131l farkl\u0131 bir tema ile d\u00fczenlenen Psikoloji g\u00fcnlerinde di\u011fer okullarda okuyan psikoloji \u00f6\u011frencilerine ev sahipli\u011fi yap\u0131lmaktad\u0131r. \u00c7o\u011fu zaman okulumuzda ger\u00e7ekle\u015fen kongreler, toplant\u0131lar ve aktif olan sosyal medyalar\u0131yla Psikoloji Toplulu\u011fu varl\u0131\u011f\u0131n\u0131 bir\u00e7ok okul ve toplulu\u011fa duyurmay\u0131 ba\u015farm\u0131\u015ft\u0131r.<\/div>\n<div><\/div>\n<\/div>\n<\/div>\n","protected":false},"excerpt":{"rendered":"<p>Psikoloji Toplulu\u011fu Psikoloji Toplulu\u011fu, \u0130stanbul Ticaret \u00dcniversitesi Sa\u011fl\u0131k K\u00fclt\u00fcr ve Spor Daire Ba\u015fkanl\u0131\u011f\u0131 biriminden K\u00fclt\u00fcr M\u00fcd\u00fcrl\u00fc\u011f\u00fcne ba\u011fl\u0131 olarak 2003 y\u0131l\u0131ndan bu yana \u00f6\u011frencilerin sosyal ve akademik anlamdaki etkinliklerini d\u00fczenlemede, ders d\u0131\u015f\u0131nda davet edilen konuklarla psikoloji bilimine dair genel k\u00fclt\u00fcr ve entelekt\u00fcel yanlar\u0131n\u0131 geli\u015ftirmeye yard\u0131mc\u0131 olurlar. D\u00f6nem i\u00e7erisinde y\u00f6netim kurulunu olu\u015fturan komitelerle birlikte sosyal sorumluk, sosyal [&hellip;]<\/p>\n","protected":false},"author":1,"featured_media":0,"parent":0,"menu_order":0,"comment_status":"closed","ping_status":"closed","template":"genel_sayfa.php","meta":{"footnotes":""},"yoast_head":"<!-- This site is optimized with the Yoast SEO Premium plugin v22.1 (Yoast SEO v22.1) - https:\/\/yoast.com\/wordpress\/plugins\/seo\/ -->\n<title>Projeler - Psikoloji<\/title>\n<meta name=\"robots\" content=\"index, follow, max-snippet:-1, max-image-preview:large, max-video-preview:-1\" \/>\n<link rel=\"canonical\" href=\"http:\/\/ticaret.edu.tr\/psikoloji\/projeler\/\" \/>\n<meta property=\"og:locale\" content=\"tr_TR\" \/>\n<meta property=\"og:type\" content=\"article\" \/>\n<meta property=\"og:title\" content=\"Projeler\" \/>\n<meta property=\"og:description\" content=\"Psikoloji Toplulu\u011fu Psikoloji Toplulu\u011fu, \u0130stanbul Ticaret \u00dcniversitesi Sa\u011fl\u0131k K\u00fclt\u00fcr ve Spor Daire Ba\u015fkanl\u0131\u011f\u0131 biriminden K\u00fclt\u00fcr M\u00fcd\u00fcrl\u00fc\u011f\u00fcne ba\u011fl\u0131 olarak 2003 y\u0131l\u0131ndan bu yana \u00f6\u011frencilerin sosyal ve akademik anlamdaki etkinliklerini d\u00fczenlemede, ders d\u0131\u015f\u0131nda davet edilen konuklarla psikoloji bilimine dair genel k\u00fclt\u00fcr ve entelekt\u00fcel yanlar\u0131n\u0131 geli\u015ftirmeye yard\u0131mc\u0131 olurlar. D\u00f6nem i\u00e7erisinde y\u00f6netim kurulunu olu\u015fturan komitelerle birlikte sosyal sorumluk, sosyal [&hellip;]\" \/>\n<meta property=\"og:url\" content=\"http:\/\/ticaret.edu.tr\/psikoloji\/projeler\/\" \/>\n<meta property=\"og:site_name\" content=\"Psikoloji\" \/>\n<meta property=\"article:publisher\" content=\"https:\/\/www.facebook.com\/ticaretedutr\" \/>\n<meta property=\"article:modified_time\" content=\"2025-02-11T14:03:17+00:00\" \/>\n<meta property=\"og:image\" content=\"http:\/\/ticaret.edu.tr\/psikoloji\/wp-content\/uploads\/sites\/28\/2024\/05\/afis-240x300.jpg\" \/>\n<meta name=\"twitter:card\" content=\"summary_large_image\" \/>\n<meta name=\"twitter:site\" content=\"@ticaretedutr\" \/>\n<meta name=\"twitter:label1\" content=\"Tahmini okuma s\u00fcresi\" \/>\n\t<meta name=\"twitter:data1\" content=\"2 dakika\" \/>\n<script type=\"application\/ld+json\" class=\"yoast-schema-graph\">{\"@context\":\"https:\/\/schema.org\",\"@graph\":[{\"@type\":\"WebPage\",\"@id\":\"http:\/\/ticaret.edu.tr\/psikoloji\/projeler\/\",\"url\":\"http:\/\/ticaret.edu.tr\/psikoloji\/projeler\/\",\"name\":\"Projeler - Psikoloji\",\"isPartOf\":{\"@id\":\"https:\/\/ticaret.edu.tr\/psikoloji\/#website\"},\"datePublished\":\"2020-05-03T19:02:19+00:00\",\"dateModified\":\"2025-02-11T14:03:17+00:00\",\"breadcrumb\":{\"@id\":\"http:\/\/ticaret.edu.tr\/psikoloji\/projeler\/#breadcrumb\"},\"inLanguage\":\"tr\",\"potentialAction\":[{\"@type\":\"ReadAction\",\"target\":[\"http:\/\/ticaret.edu.tr\/psikoloji\/projeler\/\"]}]},{\"@type\":\"BreadcrumbList\",\"@id\":\"http:\/\/ticaret.edu.tr\/psikoloji\/projeler\/#breadcrumb\",\"itemListElement\":[{\"@type\":\"ListItem\",\"position\":1,\"name\":\"Ana sayfa\",\"item\":\"https:\/\/ticaret.edu.tr\/psikoloji\/\"},{\"@type\":\"ListItem\",\"position\":2,\"name\":\"Projeler\"}]},{\"@type\":\"WebSite\",\"@id\":\"https:\/\/ticaret.edu.tr\/psikoloji\/#website\",\"url\":\"https:\/\/ticaret.edu.tr\/psikoloji\/\",\"name\":\"Psikoloji\",\"description\":\"\",\"potentialAction\":[{\"@type\":\"SearchAction\",\"target\":{\"@type\":\"EntryPoint\",\"urlTemplate\":\"https:\/\/ticaret.edu.tr\/psikoloji\/?s={search_term_string}\"},\"query-input\":\"required name=search_term_string\"}],\"inLanguage\":\"tr\"}]}<\/script>\n<!-- \/ Yoast SEO Premium plugin. -->","yoast_head_json":{"title":"Projeler - Psikoloji","robots":{"index":"index","follow":"follow","max-snippet":"max-snippet:-1","max-image-preview":"max-image-preview:large","max-video-preview":"max-video-preview:-1"},"canonical":"http:\/\/ticaret.edu.tr\/psikoloji\/projeler\/","og_locale":"tr_TR","og_type":"article","og_title":"Projeler","og_description":"Psikoloji Toplulu\u011fu Psikoloji Toplulu\u011fu, \u0130stanbul Ticaret \u00dcniversitesi Sa\u011fl\u0131k K\u00fclt\u00fcr ve Spor Daire Ba\u015fkanl\u0131\u011f\u0131 biriminden K\u00fclt\u00fcr M\u00fcd\u00fcrl\u00fc\u011f\u00fcne ba\u011fl\u0131 olarak 2003 y\u0131l\u0131ndan bu yana \u00f6\u011frencilerin sosyal ve akademik anlamdaki etkinliklerini d\u00fczenlemede, ders d\u0131\u015f\u0131nda davet edilen konuklarla psikoloji bilimine dair genel k\u00fclt\u00fcr ve entelekt\u00fcel yanlar\u0131n\u0131 geli\u015ftirmeye yard\u0131mc\u0131 olurlar. D\u00f6nem i\u00e7erisinde y\u00f6netim kurulunu olu\u015fturan komitelerle birlikte sosyal sorumluk, sosyal [&hellip;]","og_url":"http:\/\/ticaret.edu.tr\/psikoloji\/projeler\/","og_site_name":"Psikoloji","article_publisher":"https:\/\/www.facebook.com\/ticaretedutr","article_modified_time":"2025-02-11T14:03:17+00:00","og_image":[{"url":"http:\/\/ticaret.edu.tr\/psikoloji\/wp-content\/uploads\/sites\/28\/2024\/05\/afis-240x300.jpg"}],"twitter_card":"summary_large_image","twitter_site":"@ticaretedutr","twitter_misc":{"Tahmini okuma s\u00fcresi":"2 dakika"},"schema":{"@context":"https:\/\/schema.org","@graph":[{"@type":"WebPage","@id":"http:\/\/ticaret.edu.tr\/psikoloji\/projeler\/","url":"http:\/\/ticaret.edu.tr\/psikoloji\/projeler\/","name":"Projeler - Psikoloji","isPartOf":{"@id":"https:\/\/ticaret.edu.tr\/psikoloji\/#website"},"datePublished":"2020-05-03T19:02:19+00:00","dateModified":"2025-02-11T14:03:17+00:00","breadcrumb":{"@id":"http:\/\/ticaret.edu.tr\/psikoloji\/projeler\/#breadcrumb"},"inLanguage":"tr","potentialAction":[{"@type":"ReadAction","target":["http:\/\/ticaret.edu.tr\/psikoloji\/projeler\/"]}]},{"@type":"BreadcrumbList","@id":"http:\/\/ticaret.edu.tr\/psikoloji\/projeler\/#breadcrumb","itemListElement":[{"@type":"ListItem","position":1,"name":"Ana sayfa","item":"https:\/\/ticaret.edu.tr\/psikoloji\/"},{"@type":"ListItem","position":2,"name":"Projeler"}]},{"@type":"WebSite","@id":"https:\/\/ticaret.edu.tr\/psikoloji\/#website","url":"https:\/\/ticaret.edu.tr\/psikoloji\/","name":"Psikoloji","description":"","potentialAction":[{"@type":"SearchAction","target":{"@type":"EntryPoint","urlTemplate":"https:\/\/ticaret.edu.tr\/psikoloji\/?s={search_term_string}"},"query-input":"required name=search_term_string"}],"inLanguage":"tr"}]}},"lang":"tr","translations":{"en":761,"tr":8},"pll_sync_post":[],"_links":{"self":[{"href":"http:\/\/ticaret.edu.tr\/psikoloji\/wp-json\/wp\/v2\/pages\/8"}],"collection":[{"href":"http:\/\/ticaret.edu.tr\/psikoloji\/wp-json\/wp\/v2\/pages"}],"about":[{"href":"http:\/\/ticaret.edu.tr\/psikoloji\/wp-json\/wp\/v2\/types\/page"}],"author":[{"embeddable":true,"href":"http:\/\/ticaret.edu.tr\/psikoloji\/wp-json\/wp\/v2\/users\/1"}],"replies":[{"embeddable":true,"href":"http:\/\/ticaret.edu.tr\/psikoloji\/wp-json\/wp\/v2\/comments?post=8"}],"version-history":[{"count":6,"href":"http:\/\/ticaret.edu.tr\/psikoloji\/wp-json\/wp\/v2\/pages\/8\/revisions"}],"predecessor-version":[{"id":1193,"href":"http:\/\/ticaret.edu.tr\/psikoloji\/wp-json\/wp\/v2\/pages\/8\/revisions\/1193"}],"wp:attachment":[{"href":"http:\/\/ticaret.edu.tr\/psikoloji\/wp-json\/wp\/v2\/media?parent=8"}],"curies":[{"name":"wp","href":"https:\/\/api.w.org\/{rel}","templated":true}]}}