{"id":9,"date":"2020-05-03T22:03:19","date_gmt":"2020-05-03T19:03:19","guid":{"rendered":"http:\/\/ticaret.edu.tr\/psikoloji\/?page_id=9"},"modified":"2025-02-10T15:18:06","modified_gmt":"2025-02-10T12:18:06","slug":"ana-sayfa","status":"publish","type":"page","link":"http:\/\/ticaret.edu.tr\/psikoloji\/","title":{"rendered":"Ana Sayfa"},"content":{"rendered":"<p><strong>Psikoloji B\u00f6l\u00fcm\u00fcm\u00fcz\u00fcn Vizyonu;<\/strong>\u00a0\u00f6\u011frencilerimize ulusal ve uluslararas\u0131 platformlarda yetkinlik ve g\u00fc\u00e7l\u00fc bir mesleki donan\u0131m sa\u011flayacak en iyi d\u00fczeyde e\u011fitimi sunmak; \u00fcniversitemizin bilim ara\u015ft\u0131rma, e\u011fitim\/\u00f6\u011fretim alan\u0131nda ulusal ve uluslararas\u0131 d\u00fczeyde geli\u015fimine katk\u0131da bulunmak; \u00fclkemiz ve insanl\u0131k i\u00e7in yararl\u0131 bilgi \u00fcretmektir. Bu anlamda e\u011fitim kadromuzda \u00fc\u00e7\u00fc Profes\u00f6r d\u00fczeyinde olmak \u00fczere toplam yedi \u00f6\u011fretim \u00fcyesi ve iki ara\u015ft\u0131rma g\u00f6revlimiz g\u00f6rev yapmaktad\u0131r.<\/p>\n<p><strong>B\u00f6l\u00fcm\u00fcm\u00fcz\u00fcn Misyonu;<\/strong>\u00a0\u00f6\u011frencilerin insan davran\u0131\u015flar\u0131n\u0131n temelinde yatan zihinsel, duygusal, sosyal, k\u00fclt\u00fcrel ve biyolojik s\u00fcre\u00e7leri anlamalar\u0131na yard\u0131mc\u0131 olmakt\u0131r. Bu anlamda derslerin uygulama a\u011f\u0131rl\u0131kl\u0131 olmas\u0131 g\u00f6zetilerek, \u00f6\u011frencilerimize bilgi ediniminde kullan\u0131lacak bilimsel y\u00f6ntemleri \u00f6\u011fretmek, mesleki geli\u015fimlerini sa\u011flamak, ele\u015ftirel d\u00fc\u015f\u00fcnme becerilerini g\u00fc\u00e7lendirmek, ara\u015ft\u0131rma laboratuvar\u0131m\u0131zda bilimsel uygulama ortam\u0131 olu\u015fturmak, psikoloji biliminin kurallar\u0131n\u0131 ki\u015fisel ve sosyal d\u00fczeyde kullanabilmelerini sa\u011flamak; her \u00f6\u011frencimizde etik ve sosyal sorumluluk bilincini geli\u015ftirmektir.<\/p>\n<p><strong>\u0130nsan ve Toplum Bilimleri Fak\u00fcltesine ba\u011fl\u0131 Psikoloji B\u00f6l\u00fcm\u00fcm\u00fcz\u00fcn E\u011fitim-\u00d6\u011fretim kalitesi, Y\u00fcksek\u00f6\u011fretim Kalite Kurulu (Y\u00d6KAK) taraf\u0131ndan tan\u0131nan Fen, Edebiyat, Fen-Edebiyat, Dil ve Tarih-Co\u011frafya Fak\u00fclteleri \u00d6\u011fretim Programlar\u0131 De\u011ferlendirme ve Akreditasyon Derne\u011fi (FEDEK) taraf\u0131ndan 12 May\u0131s 2020 tarihinde akredite edilmi\u015ftir.<\/strong><\/p>\n<p><img loading=\"lazy\" decoding=\"async\" class=\"alignnone size-medium wp-image-334\" src=\"http:\/\/ticaret.edu.tr\/psikoloji\/wp-content\/uploads\/sites\/28\/2021\/06\/FEDEK-Akreditasyon-Belgesi-300x169.jpg\" alt=\"\" width=\"300\" height=\"169\" srcset=\"http:\/\/ticaret.edu.tr\/psikoloji\/wp-content\/uploads\/sites\/28\/2021\/06\/FEDEK-Akreditasyon-Belgesi-300x169.jpg 300w, http:\/\/ticaret.edu.tr\/psikoloji\/wp-content\/uploads\/sites\/28\/2021\/06\/FEDEK-Akreditasyon-Belgesi-1024x576.jpg 1024w, http:\/\/ticaret.edu.tr\/psikoloji\/wp-content\/uploads\/sites\/28\/2021\/06\/FEDEK-Akreditasyon-Belgesi-768x432.jpg 768w, http:\/\/ticaret.edu.tr\/psikoloji\/wp-content\/uploads\/sites\/28\/2021\/06\/FEDEK-Akreditasyon-Belgesi-1536x864.jpg 1536w, http:\/\/ticaret.edu.tr\/psikoloji\/wp-content\/uploads\/sites\/28\/2021\/06\/FEDEK-Akreditasyon-Belgesi.jpg 1600w\" sizes=\"(max-width: 300px) 100vw, 300px\" \/><\/p>\n<div>\n<p><strong>B\u00d6L\u00dcM\u00dcM\u00dcZ\u00dcN STAJ \u0130MK\u00c2NLARI:<\/strong><\/p>\n<p>\u0130stanbul Ticaret \u00dcniversitesi \u0130nsan ve Toplum Bilimleri Fak\u00fcltesi Psikoloji B\u00f6l\u00fcm\u00fc olarak program\u0131m\u0131zda Anaokullar\u0131n\u0131n yan\u0131 s\u0131ra Ruh Sa\u011fl\u0131\u011f\u0131 ve Hastal\u0131klar\u0131 Klinikleri, Sanayi\/End\u00fcstri kurulu\u015flar\u0131, Adli psikoloji kurumlar\u0131 gibi psikolojinin alt alanlar\u0131 kapsam\u0131nda iki adet zorunlu staj mevcuttur. Bu stajlar\u0131n her biri 20 i\u015f g\u00fcn\u00fcnden olu\u015fmakta ve yaz d\u00f6nemlerinde yap\u0131lmaktad\u0131r.<\/p>\n<\/div>\n<p>&nbsp;<\/p>\n<p>&nbsp;<\/p>\n<div><\/div>\n<div><strong>\u0130leti\u015fim:<\/strong> psikoloji@ticaret.edu.tr<\/div>\n","protected":false},"excerpt":{"rendered":"<p>Psikoloji B\u00f6l\u00fcm\u00fcm\u00fcz\u00fcn Vizyonu;\u00a0\u00f6\u011frencilerimize ulusal ve uluslararas\u0131 platformlarda yetkinlik ve g\u00fc\u00e7l\u00fc bir mesleki donan\u0131m sa\u011flayacak en iyi d\u00fczeyde e\u011fitimi sunmak; \u00fcniversitemizin bilim ara\u015ft\u0131rma, e\u011fitim\/\u00f6\u011fretim alan\u0131nda ulusal ve uluslararas\u0131 d\u00fczeyde geli\u015fimine katk\u0131da bulunmak; \u00fclkemiz ve insanl\u0131k i\u00e7in yararl\u0131 bilgi \u00fcretmektir. Bu anlamda e\u011fitim kadromuzda \u00fc\u00e7\u00fc Profes\u00f6r d\u00fczeyinde olmak \u00fczere toplam yedi \u00f6\u011fretim \u00fcyesi ve iki ara\u015ft\u0131rma g\u00f6revlimiz [&hellip;]<\/p>\n","protected":false},"author":1,"featured_media":0,"parent":0,"menu_order":0,"comment_status":"closed","ping_status":"closed","template":"pages\/homepage.php","meta":{"footnotes":""},"yoast_head":"<!-- This site is optimized with the Yoast SEO Premium plugin v22.1 (Yoast SEO v22.1) - https:\/\/yoast.com\/wordpress\/plugins\/seo\/ -->\n<title>Ana Sayfa - Psikoloji<\/title>\n<meta name=\"robots\" content=\"index, follow, max-snippet:-1, max-image-preview:large, max-video-preview:-1\" \/>\n<link rel=\"canonical\" href=\"http:\/\/ticaret.edu.tr\/psikoloji\/\" \/>\n<meta property=\"og:locale\" content=\"tr_TR\" \/>\n<meta property=\"og:type\" content=\"article\" \/>\n<meta property=\"og:title\" content=\"Ana Sayfa\" \/>\n<meta property=\"og:description\" content=\"Psikoloji B\u00f6l\u00fcm\u00fcm\u00fcz\u00fcn Vizyonu;\u00a0\u00f6\u011frencilerimize ulusal ve uluslararas\u0131 platformlarda yetkinlik ve g\u00fc\u00e7l\u00fc bir mesleki donan\u0131m sa\u011flayacak en iyi d\u00fczeyde e\u011fitimi sunmak; \u00fcniversitemizin bilim ara\u015ft\u0131rma, e\u011fitim\/\u00f6\u011fretim alan\u0131nda ulusal ve uluslararas\u0131 d\u00fczeyde geli\u015fimine katk\u0131da bulunmak; \u00fclkemiz ve insanl\u0131k i\u00e7in yararl\u0131 bilgi \u00fcretmektir. Bu anlamda e\u011fitim kadromuzda \u00fc\u00e7\u00fc Profes\u00f6r d\u00fczeyinde olmak \u00fczere toplam yedi \u00f6\u011fretim \u00fcyesi ve iki ara\u015ft\u0131rma g\u00f6revlimiz [&hellip;]\" \/>\n<meta property=\"og:url\" content=\"http:\/\/ticaret.edu.tr\/psikoloji\/\" \/>\n<meta property=\"og:site_name\" content=\"Psikoloji\" \/>\n<meta property=\"article:publisher\" content=\"https:\/\/www.facebook.com\/ticaretedutr\" \/>\n<meta property=\"article:modified_time\" content=\"2025-02-10T12:18:06+00:00\" \/>\n<meta property=\"og:image\" content=\"http:\/\/ticaret.edu.tr\/psikoloji\/wp-content\/uploads\/sites\/28\/2021\/06\/FEDEK-Akreditasyon-Belgesi-300x169.jpg\" \/>\n<meta name=\"twitter:card\" content=\"summary_large_image\" \/>\n<meta name=\"twitter:site\" content=\"@ticaretedutr\" \/>\n<meta name=\"twitter:label1\" content=\"Tahmini okuma s\u00fcresi\" \/>\n\t<meta name=\"twitter:data1\" content=\"2 dakika\" \/>\n<script type=\"application\/ld+json\" class=\"yoast-schema-graph\">{\"@context\":\"https:\/\/schema.org\",\"@graph\":[{\"@type\":\"WebPage\",\"@id\":\"http:\/\/ticaret.edu.tr\/psikoloji\/\",\"url\":\"http:\/\/ticaret.edu.tr\/psikoloji\/\",\"name\":\"Ana Sayfa - Psikoloji\",\"isPartOf\":{\"@id\":\"http:\/\/ticaret.edu.tr\/psikoloji\/#website\"},\"datePublished\":\"2020-05-03T19:03:19+00:00\",\"dateModified\":\"2025-02-10T12:18:06+00:00\",\"breadcrumb\":{\"@id\":\"http:\/\/ticaret.edu.tr\/psikoloji\/#breadcrumb\"},\"inLanguage\":\"tr\",\"potentialAction\":[{\"@type\":\"ReadAction\",\"target\":[\"http:\/\/ticaret.edu.tr\/psikoloji\/\"]}]},{\"@type\":\"BreadcrumbList\",\"@id\":\"http:\/\/ticaret.edu.tr\/psikoloji\/#breadcrumb\",\"itemListElement\":[{\"@type\":\"ListItem\",\"position\":1,\"name\":\"Ana sayfa\",\"item\":\"http:\/\/ticaret.edu.tr\/psikoloji\/\"},{\"@type\":\"ListItem\",\"position\":2,\"name\":\"Ana Sayfa\"}]},{\"@type\":\"WebSite\",\"@id\":\"http:\/\/ticaret.edu.tr\/psikoloji\/#website\",\"url\":\"http:\/\/ticaret.edu.tr\/psikoloji\/\",\"name\":\"Psikoloji\",\"description\":\"\",\"potentialAction\":[{\"@type\":\"SearchAction\",\"target\":{\"@type\":\"EntryPoint\",\"urlTemplate\":\"http:\/\/ticaret.edu.tr\/psikoloji\/?s={search_term_string}\"},\"query-input\":\"required name=search_term_string\"}],\"inLanguage\":\"tr\"}]}<\/script>\n<!-- \/ Yoast SEO Premium plugin. -->","yoast_head_json":{"title":"Ana Sayfa - Psikoloji","robots":{"index":"index","follow":"follow","max-snippet":"max-snippet:-1","max-image-preview":"max-image-preview:large","max-video-preview":"max-video-preview:-1"},"canonical":"http:\/\/ticaret.edu.tr\/psikoloji\/","og_locale":"tr_TR","og_type":"article","og_title":"Ana Sayfa","og_description":"Psikoloji B\u00f6l\u00fcm\u00fcm\u00fcz\u00fcn Vizyonu;\u00a0\u00f6\u011frencilerimize ulusal ve uluslararas\u0131 platformlarda yetkinlik ve g\u00fc\u00e7l\u00fc bir mesleki donan\u0131m sa\u011flayacak en iyi d\u00fczeyde e\u011fitimi sunmak; \u00fcniversitemizin bilim ara\u015ft\u0131rma, e\u011fitim\/\u00f6\u011fretim alan\u0131nda ulusal ve uluslararas\u0131 d\u00fczeyde geli\u015fimine katk\u0131da bulunmak; \u00fclkemiz ve insanl\u0131k i\u00e7in yararl\u0131 bilgi \u00fcretmektir. Bu anlamda e\u011fitim kadromuzda \u00fc\u00e7\u00fc Profes\u00f6r d\u00fczeyinde olmak \u00fczere toplam yedi \u00f6\u011fretim \u00fcyesi ve iki ara\u015ft\u0131rma g\u00f6revlimiz [&hellip;]","og_url":"http:\/\/ticaret.edu.tr\/psikoloji\/","og_site_name":"Psikoloji","article_publisher":"https:\/\/www.facebook.com\/ticaretedutr","article_modified_time":"2025-02-10T12:18:06+00:00","og_image":[{"url":"http:\/\/ticaret.edu.tr\/psikoloji\/wp-content\/uploads\/sites\/28\/2021\/06\/FEDEK-Akreditasyon-Belgesi-300x169.jpg"}],"twitter_card":"summary_large_image","twitter_site":"@ticaretedutr","twitter_misc":{"Tahmini okuma s\u00fcresi":"2 dakika"},"schema":{"@context":"https:\/\/schema.org","@graph":[{"@type":"WebPage","@id":"http:\/\/ticaret.edu.tr\/psikoloji\/","url":"http:\/\/ticaret.edu.tr\/psikoloji\/","name":"Ana Sayfa - Psikoloji","isPartOf":{"@id":"http:\/\/ticaret.edu.tr\/psikoloji\/#website"},"datePublished":"2020-05-03T19:03:19+00:00","dateModified":"2025-02-10T12:18:06+00:00","breadcrumb":{"@id":"http:\/\/ticaret.edu.tr\/psikoloji\/#breadcrumb"},"inLanguage":"tr","potentialAction":[{"@type":"ReadAction","target":["http:\/\/ticaret.edu.tr\/psikoloji\/"]}]},{"@type":"BreadcrumbList","@id":"http:\/\/ticaret.edu.tr\/psikoloji\/#breadcrumb","itemListElement":[{"@type":"ListItem","position":1,"name":"Ana sayfa","item":"http:\/\/ticaret.edu.tr\/psikoloji\/"},{"@type":"ListItem","position":2,"name":"Ana Sayfa"}]},{"@type":"WebSite","@id":"http:\/\/ticaret.edu.tr\/psikoloji\/#website","url":"http:\/\/ticaret.edu.tr\/psikoloji\/","name":"Psikoloji","description":"","potentialAction":[{"@type":"SearchAction","target":{"@type":"EntryPoint","urlTemplate":"http:\/\/ticaret.edu.tr\/psikoloji\/?s={search_term_string}"},"query-input":"required name=search_term_string"}],"inLanguage":"tr"}]}},"lang":"tr","translations":{"en":541,"tr":9},"pll_sync_post":[],"_links":{"self":[{"href":"http:\/\/ticaret.edu.tr\/psikoloji\/wp-json\/wp\/v2\/pages\/9"}],"collection":[{"href":"http:\/\/ticaret.edu.tr\/psikoloji\/wp-json\/wp\/v2\/pages"}],"about":[{"href":"http:\/\/ticaret.edu.tr\/psikoloji\/wp-json\/wp\/v2\/types\/page"}],"author":[{"embeddable":true,"href":"http:\/\/ticaret.edu.tr\/psikoloji\/wp-json\/wp\/v2\/users\/1"}],"replies":[{"embeddable":true,"href":"http:\/\/ticaret.edu.tr\/psikoloji\/wp-json\/wp\/v2\/comments?post=9"}],"version-history":[{"count":19,"href":"http:\/\/ticaret.edu.tr\/psikoloji\/wp-json\/wp\/v2\/pages\/9\/revisions"}],"predecessor-version":[{"id":1688,"href":"http:\/\/ticaret.edu.tr\/psikoloji\/wp-json\/wp\/v2\/pages\/9\/revisions\/1688"}],"wp:attachment":[{"href":"http:\/\/ticaret.edu.tr\/psikoloji\/wp-json\/wp\/v2\/media?parent=9"}],"curies":[{"name":"wp","href":"https:\/\/api.w.org\/{rel}","templated":true}]}}