{"id":1199,"date":"2026-01-30T10:31:14","date_gmt":"2026-01-30T07:31:14","guid":{"rendered":"https:\/\/ticaret.edu.tr\/saglik-kultur-ve-spor-daire-baskanligi\/?page_id=1199"},"modified":"2026-02-12T16:53:32","modified_gmt":"2026-02-12T13:53:32","slug":"spor-salonlari","status":"publish","type":"page","link":"http:\/\/ticaret.edu.tr\/saglik-kultur-ve-spor-daire-baskanligi\/spor-salonlari\/","title":{"rendered":"Spor Salonlar\u0131"},"content":{"rendered":"<p><strong>\u00dcniversiteleraras\u0131 M\u00fcsabakalar ba\u015fl\u0131\u011f\u0131ndaki i\u00e7eriklerin haber k\u0131sm\u0131na eklenece\u011finden dolay\u0131 bu ba\u015fl\u0131k yerine spor salonlar\u0131 ba\u015fl\u0131\u011f\u0131 eklenip sonras\u0131nda t\u0131kland\u0131\u011f\u0131nda alt ba\u015fl\u0131k olarak i\u00e7eri\u011fin salon kullan\u0131m kurallar\u0131 ve salon rezarvasyon ba\u015fvuru formlar\u0131 ekletilebilir.<\/strong><\/p>\n<p>&nbsp;<\/p>\n<p><a href=\"https:\/\/ticaret.edu.tr\/saglik-kultur-ve-spor-daire-baskanligi\/wp-content\/uploads\/sites\/32\/2026\/01\/KS.FR_.12-Fitness-Salonu-Uyeligi-Basvuru-Formu-1.docx\" target=\"_blank\" rel=\"noopener\">KS.FR.12 Fitness Salonu \u00dcyeli\u011fi Ba\u015fvuru Formu<\/a><\/p>\n<p><a href=\"https:\/\/ticaret.edu.tr\/saglik-kultur-ve-spor-daire-baskanligi\/wp-content\/uploads\/sites\/32\/2026\/01\/KS.FR_.10-Spor-Salonu-Kullanimina-Iliskin-Saglik-Beyani-Ve-Sorumluluk-Taahhutnamesi-Formu.docx\" target=\"_blank\" rel=\"noopener\">KS.FR.10 Spor Salonu Kullan\u0131m\u0131na \u0130li\u015fkin Sa\u011fl\u0131k Beyan\u0131 Ve Sorumluluk Taahh\u00fctnamesi Formu<\/a><\/p>\n<p><a href=\"https:\/\/ticaret.edu.tr\/saglik-kultur-ve-spor-daire-baskanligi\/wp-content\/uploads\/sites\/32\/2026\/01\/KS.FR_.11-Fitness-Salonu-Kullanim-Kurallari-Taahhutnamesi-Formu.docx\" target=\"_blank\" rel=\"noopener\">KS.FR.11 Fitness Salonu Kullan\u0131m Kurallar\u0131 Taahh\u00fctnamesi Formu<\/a><\/p>\n<p>&nbsp;<\/p>\n<p><img loading=\"lazy\" decoding=\"async\" class=\"alignnone size-full wp-image-1262\" src=\"http:\/\/ticaret.edu.tr\/saglik-kultur-ve-spor-daire-baskanligi\/wp-content\/uploads\/sites\/32\/2026\/02\/WhatsApp-Image-2026-02-12-at-15.59.03ff.jpeg\" alt=\"\" width=\"2048\" height=\"1365\" srcset=\"http:\/\/ticaret.edu.tr\/saglik-kultur-ve-spor-daire-baskanligi\/wp-content\/uploads\/sites\/32\/2026\/02\/WhatsApp-Image-2026-02-12-at-15.59.03ff.jpeg 2048w, http:\/\/ticaret.edu.tr\/saglik-kultur-ve-spor-daire-baskanligi\/wp-content\/uploads\/sites\/32\/2026\/02\/WhatsApp-Image-2026-02-12-at-15.59.03ff-300x200.jpeg 300w, http:\/\/ticaret.edu.tr\/saglik-kultur-ve-spor-daire-baskanligi\/wp-content\/uploads\/sites\/32\/2026\/02\/WhatsApp-Image-2026-02-12-at-15.59.03ff-1024x683.jpeg 1024w, http:\/\/ticaret.edu.tr\/saglik-kultur-ve-spor-daire-baskanligi\/wp-content\/uploads\/sites\/32\/2026\/02\/WhatsApp-Image-2026-02-12-at-15.59.03ff-768x512.jpeg 768w, http:\/\/ticaret.edu.tr\/saglik-kultur-ve-spor-daire-baskanligi\/wp-content\/uploads\/sites\/32\/2026\/02\/WhatsApp-Image-2026-02-12-at-15.59.03ff-1536x1024.jpeg 1536w\" sizes=\"(max-width: 2048px) 100vw, 2048px\" \/> <img loading=\"lazy\" decoding=\"async\" class=\"alignnone size-full wp-image-1263\" src=\"http:\/\/ticaret.edu.tr\/saglik-kultur-ve-spor-daire-baskanligi\/wp-content\/uploads\/sites\/32\/2026\/02\/WhatsApp-Image-2026-02-12-at-15.59.02.jpeg\" alt=\"\" width=\"2048\" height=\"1365\" srcset=\"http:\/\/ticaret.edu.tr\/saglik-kultur-ve-spor-daire-baskanligi\/wp-content\/uploads\/sites\/32\/2026\/02\/WhatsApp-Image-2026-02-12-at-15.59.02.jpeg 2048w, http:\/\/ticaret.edu.tr\/saglik-kultur-ve-spor-daire-baskanligi\/wp-content\/uploads\/sites\/32\/2026\/02\/WhatsApp-Image-2026-02-12-at-15.59.02-300x200.jpeg 300w, http:\/\/ticaret.edu.tr\/saglik-kultur-ve-spor-daire-baskanligi\/wp-content\/uploads\/sites\/32\/2026\/02\/WhatsApp-Image-2026-02-12-at-15.59.02-1024x683.jpeg 1024w, http:\/\/ticaret.edu.tr\/saglik-kultur-ve-spor-daire-baskanligi\/wp-content\/uploads\/sites\/32\/2026\/02\/WhatsApp-Image-2026-02-12-at-15.59.02-768x512.jpeg 768w, http:\/\/ticaret.edu.tr\/saglik-kultur-ve-spor-daire-baskanligi\/wp-content\/uploads\/sites\/32\/2026\/02\/WhatsApp-Image-2026-02-12-at-15.59.02-1536x1024.jpeg 1536w\" sizes=\"(max-width: 2048px) 100vw, 2048px\" \/> <img loading=\"lazy\" decoding=\"async\" class=\"alignnone size-full wp-image-1264\" src=\"http:\/\/ticaret.edu.tr\/saglik-kultur-ve-spor-daire-baskanligi\/wp-content\/uploads\/sites\/32\/2026\/02\/WhatsApp-Image-2026-02-12-at-15.59.02e.jpeg\" alt=\"\" width=\"2048\" height=\"1365\" srcset=\"http:\/\/ticaret.edu.tr\/saglik-kultur-ve-spor-daire-baskanligi\/wp-content\/uploads\/sites\/32\/2026\/02\/WhatsApp-Image-2026-02-12-at-15.59.02e.jpeg 2048w, http:\/\/ticaret.edu.tr\/saglik-kultur-ve-spor-daire-baskanligi\/wp-content\/uploads\/sites\/32\/2026\/02\/WhatsApp-Image-2026-02-12-at-15.59.02e-300x200.jpeg 300w, http:\/\/ticaret.edu.tr\/saglik-kultur-ve-spor-daire-baskanligi\/wp-content\/uploads\/sites\/32\/2026\/02\/WhatsApp-Image-2026-02-12-at-15.59.02e-1024x683.jpeg 1024w, http:\/\/ticaret.edu.tr\/saglik-kultur-ve-spor-daire-baskanligi\/wp-content\/uploads\/sites\/32\/2026\/02\/WhatsApp-Image-2026-02-12-at-15.59.02e-768x512.jpeg 768w, http:\/\/ticaret.edu.tr\/saglik-kultur-ve-spor-daire-baskanligi\/wp-content\/uploads\/sites\/32\/2026\/02\/WhatsApp-Image-2026-02-12-at-15.59.02e-1536x1024.jpeg 1536w\" sizes=\"(max-width: 2048px) 100vw, 2048px\" \/> <img loading=\"lazy\" decoding=\"async\" class=\"alignnone size-full wp-image-1265\" src=\"http:\/\/ticaret.edu.tr\/saglik-kultur-ve-spor-daire-baskanligi\/wp-content\/uploads\/sites\/32\/2026\/02\/WhatsApp-Image-2026-02-12-at-15.59.02w.jpeg\" alt=\"\" width=\"2048\" height=\"1365\" srcset=\"http:\/\/ticaret.edu.tr\/saglik-kultur-ve-spor-daire-baskanligi\/wp-content\/uploads\/sites\/32\/2026\/02\/WhatsApp-Image-2026-02-12-at-15.59.02w.jpeg 2048w, http:\/\/ticaret.edu.tr\/saglik-kultur-ve-spor-daire-baskanligi\/wp-content\/uploads\/sites\/32\/2026\/02\/WhatsApp-Image-2026-02-12-at-15.59.02w-300x200.jpeg 300w, http:\/\/ticaret.edu.tr\/saglik-kultur-ve-spor-daire-baskanligi\/wp-content\/uploads\/sites\/32\/2026\/02\/WhatsApp-Image-2026-02-12-at-15.59.02w-1024x683.jpeg 1024w, http:\/\/ticaret.edu.tr\/saglik-kultur-ve-spor-daire-baskanligi\/wp-content\/uploads\/sites\/32\/2026\/02\/WhatsApp-Image-2026-02-12-at-15.59.02w-768x512.jpeg 768w, http:\/\/ticaret.edu.tr\/saglik-kultur-ve-spor-daire-baskanligi\/wp-content\/uploads\/sites\/32\/2026\/02\/WhatsApp-Image-2026-02-12-at-15.59.02w-1536x1024.jpeg 1536w\" sizes=\"(max-width: 2048px) 100vw, 2048px\" \/> <img loading=\"lazy\" decoding=\"async\" class=\"alignnone size-full wp-image-1266\" src=\"http:\/\/ticaret.edu.tr\/saglik-kultur-ve-spor-daire-baskanligi\/wp-content\/uploads\/sites\/32\/2026\/02\/WhatsApp-Image-2026-02-12-at-15.59.02ww.jpeg\" alt=\"\" width=\"2048\" height=\"1365\" srcset=\"http:\/\/ticaret.edu.tr\/saglik-kultur-ve-spor-daire-baskanligi\/wp-content\/uploads\/sites\/32\/2026\/02\/WhatsApp-Image-2026-02-12-at-15.59.02ww.jpeg 2048w, http:\/\/ticaret.edu.tr\/saglik-kultur-ve-spor-daire-baskanligi\/wp-content\/uploads\/sites\/32\/2026\/02\/WhatsApp-Image-2026-02-12-at-15.59.02ww-300x200.jpeg 300w, http:\/\/ticaret.edu.tr\/saglik-kultur-ve-spor-daire-baskanligi\/wp-content\/uploads\/sites\/32\/2026\/02\/WhatsApp-Image-2026-02-12-at-15.59.02ww-1024x683.jpeg 1024w, http:\/\/ticaret.edu.tr\/saglik-kultur-ve-spor-daire-baskanligi\/wp-content\/uploads\/sites\/32\/2026\/02\/WhatsApp-Image-2026-02-12-at-15.59.02ww-768x512.jpeg 768w, http:\/\/ticaret.edu.tr\/saglik-kultur-ve-spor-daire-baskanligi\/wp-content\/uploads\/sites\/32\/2026\/02\/WhatsApp-Image-2026-02-12-at-15.59.02ww-1536x1024.jpeg 1536w\" sizes=\"(max-width: 2048px) 100vw, 2048px\" \/> <img loading=\"lazy\" decoding=\"async\" class=\"alignnone size-full wp-image-1267\" src=\"http:\/\/ticaret.edu.tr\/saglik-kultur-ve-spor-daire-baskanligi\/wp-content\/uploads\/sites\/32\/2026\/02\/WhatsApp-Image-2026-02-12-at-15.59.03s.jpeg\" alt=\"\" width=\"2048\" height=\"1365\" srcset=\"http:\/\/ticaret.edu.tr\/saglik-kultur-ve-spor-daire-baskanligi\/wp-content\/uploads\/sites\/32\/2026\/02\/WhatsApp-Image-2026-02-12-at-15.59.03s.jpeg 2048w, http:\/\/ticaret.edu.tr\/saglik-kultur-ve-spor-daire-baskanligi\/wp-content\/uploads\/sites\/32\/2026\/02\/WhatsApp-Image-2026-02-12-at-15.59.03s-300x200.jpeg 300w, http:\/\/ticaret.edu.tr\/saglik-kultur-ve-spor-daire-baskanligi\/wp-content\/uploads\/sites\/32\/2026\/02\/WhatsApp-Image-2026-02-12-at-15.59.03s-1024x683.jpeg 1024w, http:\/\/ticaret.edu.tr\/saglik-kultur-ve-spor-daire-baskanligi\/wp-content\/uploads\/sites\/32\/2026\/02\/WhatsApp-Image-2026-02-12-at-15.59.03s-768x512.jpeg 768w, http:\/\/ticaret.edu.tr\/saglik-kultur-ve-spor-daire-baskanligi\/wp-content\/uploads\/sites\/32\/2026\/02\/WhatsApp-Image-2026-02-12-at-15.59.03s-1536x1024.jpeg 1536w\" sizes=\"(max-width: 2048px) 100vw, 2048px\" \/> <img loading=\"lazy\" decoding=\"async\" class=\"alignnone size-full wp-image-1268\" src=\"http:\/\/ticaret.edu.tr\/saglik-kultur-ve-spor-daire-baskanligi\/wp-content\/uploads\/sites\/32\/2026\/02\/WhatsApp-Image-2026-02-12-at-15.59.03a.jpeg\" alt=\"\" width=\"2048\" height=\"1152\" srcset=\"http:\/\/ticaret.edu.tr\/saglik-kultur-ve-spor-daire-baskanligi\/wp-content\/uploads\/sites\/32\/2026\/02\/WhatsApp-Image-2026-02-12-at-15.59.03a.jpeg 2048w, http:\/\/ticaret.edu.tr\/saglik-kultur-ve-spor-daire-baskanligi\/wp-content\/uploads\/sites\/32\/2026\/02\/WhatsApp-Image-2026-02-12-at-15.59.03a-300x169.jpeg 300w, http:\/\/ticaret.edu.tr\/saglik-kultur-ve-spor-daire-baskanligi\/wp-content\/uploads\/sites\/32\/2026\/02\/WhatsApp-Image-2026-02-12-at-15.59.03a-1024x576.jpeg 1024w, http:\/\/ticaret.edu.tr\/saglik-kultur-ve-spor-daire-baskanligi\/wp-content\/uploads\/sites\/32\/2026\/02\/WhatsApp-Image-2026-02-12-at-15.59.03a-768x432.jpeg 768w, http:\/\/ticaret.edu.tr\/saglik-kultur-ve-spor-daire-baskanligi\/wp-content\/uploads\/sites\/32\/2026\/02\/WhatsApp-Image-2026-02-12-at-15.59.03a-1536x864.jpeg 1536w\" sizes=\"(max-width: 2048px) 100vw, 2048px\" \/> <img loading=\"lazy\" decoding=\"async\" class=\"alignnone size-full wp-image-1269\" src=\"http:\/\/ticaret.edu.tr\/saglik-kultur-ve-spor-daire-baskanligi\/wp-content\/uploads\/sites\/32\/2026\/02\/WhatsApp-Image-2026-02-12-at-15.59.03f.jpeg\" alt=\"\" width=\"2048\" height=\"1365\" srcset=\"http:\/\/ticaret.edu.tr\/saglik-kultur-ve-spor-daire-baskanligi\/wp-content\/uploads\/sites\/32\/2026\/02\/WhatsApp-Image-2026-02-12-at-15.59.03f.jpeg 2048w, http:\/\/ticaret.edu.tr\/saglik-kultur-ve-spor-daire-baskanligi\/wp-content\/uploads\/sites\/32\/2026\/02\/WhatsApp-Image-2026-02-12-at-15.59.03f-300x200.jpeg 300w, http:\/\/ticaret.edu.tr\/saglik-kultur-ve-spor-daire-baskanligi\/wp-content\/uploads\/sites\/32\/2026\/02\/WhatsApp-Image-2026-02-12-at-15.59.03f-1024x683.jpeg 1024w, http:\/\/ticaret.edu.tr\/saglik-kultur-ve-spor-daire-baskanligi\/wp-content\/uploads\/sites\/32\/2026\/02\/WhatsApp-Image-2026-02-12-at-15.59.03f-768x512.jpeg 768w, http:\/\/ticaret.edu.tr\/saglik-kultur-ve-spor-daire-baskanligi\/wp-content\/uploads\/sites\/32\/2026\/02\/WhatsApp-Image-2026-02-12-at-15.59.03f-1536x1024.jpeg 1536w\" sizes=\"(max-width: 2048px) 100vw, 2048px\" \/> <img loading=\"lazy\" decoding=\"async\" class=\"alignnone size-full wp-image-1270\" src=\"http:\/\/ticaret.edu.tr\/saglik-kultur-ve-spor-daire-baskanligi\/wp-content\/uploads\/sites\/32\/2026\/02\/WhatsApp-Image-2026-02-12-at-15.59.03ss.jpeg\" alt=\"\" width=\"2048\" height=\"1365\" srcset=\"http:\/\/ticaret.edu.tr\/saglik-kultur-ve-spor-daire-baskanligi\/wp-content\/uploads\/sites\/32\/2026\/02\/WhatsApp-Image-2026-02-12-at-15.59.03ss.jpeg 2048w, http:\/\/ticaret.edu.tr\/saglik-kultur-ve-spor-daire-baskanligi\/wp-content\/uploads\/sites\/32\/2026\/02\/WhatsApp-Image-2026-02-12-at-15.59.03ss-300x200.jpeg 300w, http:\/\/ticaret.edu.tr\/saglik-kultur-ve-spor-daire-baskanligi\/wp-content\/uploads\/sites\/32\/2026\/02\/WhatsApp-Image-2026-02-12-at-15.59.03ss-1024x683.jpeg 1024w, http:\/\/ticaret.edu.tr\/saglik-kultur-ve-spor-daire-baskanligi\/wp-content\/uploads\/sites\/32\/2026\/02\/WhatsApp-Image-2026-02-12-at-15.59.03ss-768x512.jpeg 768w, http:\/\/ticaret.edu.tr\/saglik-kultur-ve-spor-daire-baskanligi\/wp-content\/uploads\/sites\/32\/2026\/02\/WhatsApp-Image-2026-02-12-at-15.59.03ss-1536x1024.jpeg 1536w\" sizes=\"(max-width: 2048px) 100vw, 2048px\" \/><\/p>\n","protected":false},"excerpt":{"rendered":"<p>\u00dcniversiteleraras\u0131 M\u00fcsabakalar ba\u015fl\u0131\u011f\u0131ndaki i\u00e7eriklerin haber k\u0131sm\u0131na eklenece\u011finden dolay\u0131 bu ba\u015fl\u0131k yerine spor salonlar\u0131 ba\u015fl\u0131\u011f\u0131 eklenip sonras\u0131nda t\u0131kland\u0131\u011f\u0131nda alt ba\u015fl\u0131k olarak i\u00e7eri\u011fin salon kullan\u0131m kurallar\u0131 ve salon rezarvasyon ba\u015fvuru formlar\u0131 ekletilebilir. &nbsp; KS.FR.12 Fitness Salonu \u00dcyeli\u011fi Ba\u015fvuru Formu KS.FR.10 Spor Salonu Kullan\u0131m\u0131na \u0130li\u015fkin Sa\u011fl\u0131k Beyan\u0131 Ve Sorumluluk Taahh\u00fctnamesi Formu KS.FR.11 Fitness Salonu Kullan\u0131m Kurallar\u0131 Taahh\u00fctnamesi Formu [&hellip;]<\/p>\n","protected":false},"author":242,"featured_media":0,"parent":0,"menu_order":0,"comment_status":"closed","ping_status":"closed","template":"genel_sayfa.php","meta":{"footnotes":""},"yoast_head":"<!-- This site is optimized with the Yoast SEO Premium plugin v22.1 (Yoast SEO v22.1) - https:\/\/yoast.com\/wordpress\/plugins\/seo\/ -->\n<title>Spor Salonlar\u0131 - Sa\u011fl\u0131k K\u00fclt\u00fcr ve Spor Daire Ba\u015fkanl\u0131\u011f\u0131<\/title>\n<meta name=\"robots\" content=\"index, follow, max-snippet:-1, max-image-preview:large, max-video-preview:-1\" \/>\n<link rel=\"canonical\" href=\"https:\/\/ticaret.edu.tr\/saglik-kultur-ve-spor-daire-baskanligi\/spor-salonlari\/\" \/>\n<meta property=\"og:locale\" content=\"tr_TR\" \/>\n<meta property=\"og:type\" content=\"article\" \/>\n<meta property=\"og:title\" content=\"Spor Salonlar\u0131\" \/>\n<meta property=\"og:description\" content=\"\u00dcniversiteleraras\u0131 M\u00fcsabakalar ba\u015fl\u0131\u011f\u0131ndaki i\u00e7eriklerin haber k\u0131sm\u0131na eklenece\u011finden dolay\u0131 bu ba\u015fl\u0131k yerine spor salonlar\u0131 ba\u015fl\u0131\u011f\u0131 eklenip sonras\u0131nda t\u0131kland\u0131\u011f\u0131nda alt ba\u015fl\u0131k olarak i\u00e7eri\u011fin salon kullan\u0131m kurallar\u0131 ve salon rezarvasyon ba\u015fvuru formlar\u0131 ekletilebilir. &nbsp; KS.FR.12 Fitness Salonu \u00dcyeli\u011fi Ba\u015fvuru Formu KS.FR.10 Spor Salonu Kullan\u0131m\u0131na \u0130li\u015fkin Sa\u011fl\u0131k Beyan\u0131 Ve Sorumluluk Taahh\u00fctnamesi Formu KS.FR.11 Fitness Salonu Kullan\u0131m Kurallar\u0131 Taahh\u00fctnamesi Formu [&hellip;]\" \/>\n<meta property=\"og:url\" content=\"https:\/\/ticaret.edu.tr\/saglik-kultur-ve-spor-daire-baskanligi\/spor-salonlari\/\" \/>\n<meta property=\"og:site_name\" content=\"Sa\u011fl\u0131k K\u00fclt\u00fcr ve Spor Daire Ba\u015fkanl\u0131\u011f\u0131\" \/>\n<meta property=\"article:publisher\" content=\"https:\/\/www.facebook.com\/ticaretedutr\" \/>\n<meta property=\"article:modified_time\" content=\"2026-02-12T13:53:32+00:00\" \/>\n<meta property=\"og:image\" content=\"http:\/\/ticaret.edu.tr\/saglik-kultur-ve-spor-daire-baskanligi\/wp-content\/uploads\/sites\/32\/2026\/02\/WhatsApp-Image-2026-02-12-at-15.59.03ff.jpeg\" \/>\n<meta name=\"twitter:card\" content=\"summary_large_image\" \/>\n<meta name=\"twitter:site\" content=\"@ticaretedutr\" \/>\n<meta name=\"twitter:label1\" content=\"Tahmini okuma s\u00fcresi\" \/>\n\t<meta name=\"twitter:data1\" content=\"3 dakika\" \/>\n<script type=\"application\/ld+json\" class=\"yoast-schema-graph\">{\"@context\":\"https:\/\/schema.org\",\"@graph\":[{\"@type\":\"WebPage\",\"@id\":\"https:\/\/ticaret.edu.tr\/saglik-kultur-ve-spor-daire-baskanligi\/spor-salonlari\/\",\"url\":\"https:\/\/ticaret.edu.tr\/saglik-kultur-ve-spor-daire-baskanligi\/spor-salonlari\/\",\"name\":\"Spor Salonlar\u0131 - Sa\u011fl\u0131k K\u00fclt\u00fcr ve Spor Daire Ba\u015fkanl\u0131\u011f\u0131\",\"isPartOf\":{\"@id\":\"https:\/\/ticaret.edu.tr\/saglik-kultur-ve-spor-daire-baskanligi\/#website\"},\"datePublished\":\"2026-01-30T07:31:14+00:00\",\"dateModified\":\"2026-02-12T13:53:32+00:00\",\"breadcrumb\":{\"@id\":\"https:\/\/ticaret.edu.tr\/saglik-kultur-ve-spor-daire-baskanligi\/spor-salonlari\/#breadcrumb\"},\"inLanguage\":\"tr\",\"potentialAction\":[{\"@type\":\"ReadAction\",\"target\":[\"https:\/\/ticaret.edu.tr\/saglik-kultur-ve-spor-daire-baskanligi\/spor-salonlari\/\"]}]},{\"@type\":\"BreadcrumbList\",\"@id\":\"https:\/\/ticaret.edu.tr\/saglik-kultur-ve-spor-daire-baskanligi\/spor-salonlari\/#breadcrumb\",\"itemListElement\":[{\"@type\":\"ListItem\",\"position\":1,\"name\":\"Ana sayfa\",\"item\":\"https:\/\/ticaret.edu.tr\/saglik-kultur-ve-spor-daire-baskanligi\/\"},{\"@type\":\"ListItem\",\"position\":2,\"name\":\"Spor Salonlar\u0131\"}]},{\"@type\":\"WebSite\",\"@id\":\"https:\/\/ticaret.edu.tr\/saglik-kultur-ve-spor-daire-baskanligi\/#website\",\"url\":\"https:\/\/ticaret.edu.tr\/saglik-kultur-ve-spor-daire-baskanligi\/\",\"name\":\"Sa\u011fl\u0131k K\u00fclt\u00fcr ve Spor Daire Ba\u015fkanl\u0131\u011f\u0131\",\"description\":\"\",\"potentialAction\":[{\"@type\":\"SearchAction\",\"target\":{\"@type\":\"EntryPoint\",\"urlTemplate\":\"https:\/\/ticaret.edu.tr\/saglik-kultur-ve-spor-daire-baskanligi\/?s={search_term_string}\"},\"query-input\":\"required name=search_term_string\"}],\"inLanguage\":\"tr\"}]}<\/script>\n<!-- \/ Yoast SEO Premium plugin. -->","yoast_head_json":{"title":"Spor Salonlar\u0131 - Sa\u011fl\u0131k K\u00fclt\u00fcr ve Spor Daire Ba\u015fkanl\u0131\u011f\u0131","robots":{"index":"index","follow":"follow","max-snippet":"max-snippet:-1","max-image-preview":"max-image-preview:large","max-video-preview":"max-video-preview:-1"},"canonical":"https:\/\/ticaret.edu.tr\/saglik-kultur-ve-spor-daire-baskanligi\/spor-salonlari\/","og_locale":"tr_TR","og_type":"article","og_title":"Spor Salonlar\u0131","og_description":"\u00dcniversiteleraras\u0131 M\u00fcsabakalar ba\u015fl\u0131\u011f\u0131ndaki i\u00e7eriklerin haber k\u0131sm\u0131na eklenece\u011finden dolay\u0131 bu ba\u015fl\u0131k yerine spor salonlar\u0131 ba\u015fl\u0131\u011f\u0131 eklenip sonras\u0131nda t\u0131kland\u0131\u011f\u0131nda alt ba\u015fl\u0131k olarak i\u00e7eri\u011fin salon kullan\u0131m kurallar\u0131 ve salon rezarvasyon ba\u015fvuru formlar\u0131 ekletilebilir. &nbsp; KS.FR.12 Fitness Salonu \u00dcyeli\u011fi Ba\u015fvuru Formu KS.FR.10 Spor Salonu Kullan\u0131m\u0131na \u0130li\u015fkin Sa\u011fl\u0131k Beyan\u0131 Ve Sorumluluk Taahh\u00fctnamesi Formu KS.FR.11 Fitness Salonu Kullan\u0131m Kurallar\u0131 Taahh\u00fctnamesi Formu [&hellip;]","og_url":"https:\/\/ticaret.edu.tr\/saglik-kultur-ve-spor-daire-baskanligi\/spor-salonlari\/","og_site_name":"Sa\u011fl\u0131k K\u00fclt\u00fcr ve Spor Daire Ba\u015fkanl\u0131\u011f\u0131","article_publisher":"https:\/\/www.facebook.com\/ticaretedutr","article_modified_time":"2026-02-12T13:53:32+00:00","og_image":[{"url":"http:\/\/ticaret.edu.tr\/saglik-kultur-ve-spor-daire-baskanligi\/wp-content\/uploads\/sites\/32\/2026\/02\/WhatsApp-Image-2026-02-12-at-15.59.03ff.jpeg"}],"twitter_card":"summary_large_image","twitter_site":"@ticaretedutr","twitter_misc":{"Tahmini okuma s\u00fcresi":"3 dakika"},"schema":{"@context":"https:\/\/schema.org","@graph":[{"@type":"WebPage","@id":"https:\/\/ticaret.edu.tr\/saglik-kultur-ve-spor-daire-baskanligi\/spor-salonlari\/","url":"https:\/\/ticaret.edu.tr\/saglik-kultur-ve-spor-daire-baskanligi\/spor-salonlari\/","name":"Spor Salonlar\u0131 - Sa\u011fl\u0131k K\u00fclt\u00fcr ve Spor Daire Ba\u015fkanl\u0131\u011f\u0131","isPartOf":{"@id":"https:\/\/ticaret.edu.tr\/saglik-kultur-ve-spor-daire-baskanligi\/#website"},"datePublished":"2026-01-30T07:31:14+00:00","dateModified":"2026-02-12T13:53:32+00:00","breadcrumb":{"@id":"https:\/\/ticaret.edu.tr\/saglik-kultur-ve-spor-daire-baskanligi\/spor-salonlari\/#breadcrumb"},"inLanguage":"tr","potentialAction":[{"@type":"ReadAction","target":["https:\/\/ticaret.edu.tr\/saglik-kultur-ve-spor-daire-baskanligi\/spor-salonlari\/"]}]},{"@type":"BreadcrumbList","@id":"https:\/\/ticaret.edu.tr\/saglik-kultur-ve-spor-daire-baskanligi\/spor-salonlari\/#breadcrumb","itemListElement":[{"@type":"ListItem","position":1,"name":"Ana sayfa","item":"https:\/\/ticaret.edu.tr\/saglik-kultur-ve-spor-daire-baskanligi\/"},{"@type":"ListItem","position":2,"name":"Spor Salonlar\u0131"}]},{"@type":"WebSite","@id":"https:\/\/ticaret.edu.tr\/saglik-kultur-ve-spor-daire-baskanligi\/#website","url":"https:\/\/ticaret.edu.tr\/saglik-kultur-ve-spor-daire-baskanligi\/","name":"Sa\u011fl\u0131k K\u00fclt\u00fcr ve Spor Daire Ba\u015fkanl\u0131\u011f\u0131","description":"","potentialAction":[{"@type":"SearchAction","target":{"@type":"EntryPoint","urlTemplate":"https:\/\/ticaret.edu.tr\/saglik-kultur-ve-spor-daire-baskanligi\/?s={search_term_string}"},"query-input":"required name=search_term_string"}],"inLanguage":"tr"}]}},"lang":"tr","translations":{"tr":1199},"pll_sync_post":[],"_links":{"self":[{"href":"http:\/\/ticaret.edu.tr\/saglik-kultur-ve-spor-daire-baskanligi\/wp-json\/wp\/v2\/pages\/1199"}],"collection":[{"href":"http:\/\/ticaret.edu.tr\/saglik-kultur-ve-spor-daire-baskanligi\/wp-json\/wp\/v2\/pages"}],"about":[{"href":"http:\/\/ticaret.edu.tr\/saglik-kultur-ve-spor-daire-baskanligi\/wp-json\/wp\/v2\/types\/page"}],"author":[{"embeddable":true,"href":"http:\/\/ticaret.edu.tr\/saglik-kultur-ve-spor-daire-baskanligi\/wp-json\/wp\/v2\/users\/242"}],"replies":[{"embeddable":true,"href":"http:\/\/ticaret.edu.tr\/saglik-kultur-ve-spor-daire-baskanligi\/wp-json\/wp\/v2\/comments?post=1199"}],"version-history":[{"count":4,"href":"http:\/\/ticaret.edu.tr\/saglik-kultur-ve-spor-daire-baskanligi\/wp-json\/wp\/v2\/pages\/1199\/revisions"}],"predecessor-version":[{"id":1271,"href":"http:\/\/ticaret.edu.tr\/saglik-kultur-ve-spor-daire-baskanligi\/wp-json\/wp\/v2\/pages\/1199\/revisions\/1271"}],"wp:attachment":[{"href":"http:\/\/ticaret.edu.tr\/saglik-kultur-ve-spor-daire-baskanligi\/wp-json\/wp\/v2\/media?parent=1199"}],"curies":[{"name":"wp","href":"https:\/\/api.w.org\/{rel}","templated":true}]}}