{"id":1357,"date":"2026-04-10T13:35:58","date_gmt":"2026-04-10T10:35:58","guid":{"rendered":"https:\/\/ticaret.edu.tr\/saglik-kultur-ve-spor-daire-baskanligi\/?page_id=1357"},"modified":"2026-04-10T14:49:10","modified_gmt":"2026-04-10T11:49:10","slug":"kisisel-verilerin-islenmesine-iliskin-acik-riza-formu","status":"publish","type":"page","link":"http:\/\/ticaret.edu.tr\/saglik-kultur-ve-spor-daire-baskanligi\/kisisel-verilerin-islenmesine-iliskin-acik-riza-formu\/","title":{"rendered":"Ki\u015fisel Verilerin \u0130\u015flenmesine \u0130li\u015fkin A\u00e7\u0131k R\u0131za Formu"},"content":{"rendered":"<div class='fluentform fluentform_wrapper_3'><form data-form_id=\"3\" id=\"fluentform_3\" class=\"frm-fluent-form fluent_form_3 ff-el-form-top ff_form_instance_3_1 ff-form-loading\" data-form_instance=\"ff_form_instance_3_1\" ><input type='hidden' name='__fluent_form_embded_post_id' value='1357' \/><input type=\"hidden\" id=\"_fluentform_3_fluentformnonce\" name=\"_fluentform_3_fluentformnonce\" value=\"525102d682\" \/><input type=\"hidden\" name=\"_wp_http_referer\" value=\"\/saglik-kultur-ve-spor-daire-baskanligi\/wp-json\/wp\/v2\/pages\/1357\" \/><div data-name=\"ff_cn_id_1\"  class='ff-t-container ff-column-container ff_columns_total_1 acik_riza_metni '><div class='ff-t-cell ff-t-column-1'><div class='ff-el-group' data-name=\"custom_html-3_1\" ><p>6698 say\u0131l\u0131 Ki\u015fisel Verilerin Korunmas\u0131 Kanunu (KVKK) kapsam\u0131nda, \u0130stanbul Ticaret \u00dcniversitesi taraf\u0131ndan d\u00fczenlenen etkinliklerde yer alan konu\u015fmac\u0131 ve kat\u0131l\u0131mc\u0131lara ait baz\u0131 ki\u015fisel verilerin i\u015flenmesi s\u00f6z konusu olabilmektedir.<\/p>\n<p>Bu kapsamda a\u015fa\u011f\u0131da belirtilen ki\u015fisel verileriniz;<\/p>\n<ul style=\"margin-bottom: 20px;\">\n<li style=\"line-height: 1.8;\">\u00dcniversitemiz taraf\u0131ndan d\u00fczenlenen etkinliklerin duyurulmas\u0131,<\/li>\n<li style=\"line-height: 1.8;\">Etkinliklerin \u00fcniversite web sitesi, sosyal medya hesaplar\u0131 ve di\u011fer ileti\u015fim kanallar\u0131nda payla\u015f\u0131lmas\u0131,<\/li>\n<li style=\"line-height: 1.8;\">Kurumsal tan\u0131t\u0131m faaliyetlerinin y\u00fcr\u00fct\u00fclmesi,<\/li>\n<li style=\"line-height: 1.8;\">Etkinliklerin ar\u015fivlenmesi ve raporlanmas\u0131 ama\u00e7lar\u0131yla i\u015flenebilecektir.<\/li>\n<\/ul>\n<h3>\u0130\u015flenebilecek Ki\u015fisel Veriler<\/h3>\n<p>A\u015fa\u011f\u0131da yer alan ki\u015fisel verileriniz i\u015flenebilecektir:<\/p>\n<ul>\n<li style=\"line-height: 1.8;\">Ad \u2013 Soyad<\/li>\n<li style=\"line-height: 1.8;\">Unvan \/ Kurum Bilgisi<\/li>\n<li style=\"line-height: 1.8;\">Foto\u011fraf ve Video G\u00f6r\u00fcnt\u00fcleri<\/li>\n<li style=\"line-height: 1.8;\">Ses Kayd\u0131<\/li>\n<li style=\"line-height: 1.8;\">Etkinlik Kapsam\u0131nda Kullan\u0131lan G\u00f6rseller ve Konu\u015fma Kay\u0131tlar\u0131<\/li>\n<\/ul>\n<p>Bu veriler;<\/p>\n<ul>\n<li style=\"line-height: 1.8;\">\u0130stanbul Ticaret \u00dcniversitesi resmi web sitesi<\/li>\n<li style=\"line-height: 1.8;\">\u00dcniversitenin resmi sosyal medya hesaplar\u0131<\/li>\n<li style=\"line-height: 1.8;\">Bas\u0131l\u0131 veya dijital tan\u0131t\u0131m materyalleri<\/li>\n<li style=\"line-height: 1.8;\">\u00dcniversite ar\u015fiv kay\u0131tlar\u0131 kapsam\u0131nda kullan\u0131labilecektir.<\/li>\n<\/ul>\n<p>\u0130stanbul Ticaret \u00dcniversitesi b\u00fcnyesinde faaliyet g\u00f6steren \u00f6\u011frenci kul\u00fcpleri taraf\u0131ndan d\u00fczenlenen etkinlikler kapsam\u0131nda taraf\u0131m\u0131n konu\u015fmac\u0131 olarak kat\u0131l\u0131m\u0131 s\u0131ras\u0131nda;<\/p>\n<ul>\n<li style=\"line-height: 1.8;\">Foto\u011fraf\u0131m\u0131n \u00e7ekilmesine,<\/li>\n<li style=\"line-height: 1.8;\">Video ve\/veya ses kayd\u0131m\u0131n al\u0131nmas\u0131na,<\/li>\n<li style=\"line-height: 1.8;\">Ad\u0131m, soyad\u0131m ve unvan\u0131m\u0131n etkinlik duyurular\u0131 ve etkinlik haberlerinde kullan\u0131lmas\u0131na,<\/li>\n<li style=\"line-height: 1.8;\">S\u00f6z konusu foto\u011fraf, video ve kay\u0131tlar\u0131n \u00dcniversitenin internet sitesi, sosyal medya hesaplar\u0131 ve kurumsal tan\u0131t\u0131m faaliyetlerinde kullan\u0131lmas\u0131na<\/li>\n<\/ul><\/div><div class='ff-el-group acik_riza_container'><div class='ff-el-input--label ff-el-is-required asterisk-right'><label >6698 say\u0131l\u0131 Ki\u015fisel Verilerin Korunmas\u0131 Kanunu kapsam\u0131nda izin verdi\u011fimi, ayr\u0131ca s\u00f6z konusu g\u00f6rsel ve i\u015fitsel kay\u0131tlar\u0131n \u00dcniversitenin etkinlik tan\u0131t\u0131m\u0131, duyurusu ve ar\u015fiv faaliyetleri kapsam\u0131nda kullan\u0131labilece\u011fini bildi\u011fimi kabul ediyor, bu kapsamda ki\u015fisel verilerimin yukar\u0131da belirtilen ama\u00e7larla \u0130stanbul Ticaret \u00dcniversitesi taraf\u0131ndan i\u015flenmesine...<\/label> <\/div><div class='ff-el-input--content'><div class='ff-el-form-check ff-el-form-check-'><label class='ff-el-form-check-label' for=input_radio_1_c44066d787758691d1a72bcb53181198><input type=\"radio\" name=\"input_radio_1\" data-name=\"input_radio_1\" class=\"ff-el-form-check-input ff-el-form-check-radio\" value=\"A\u00e7\u0131k R\u0131za Veriyorum\"  id='input_radio_1_c44066d787758691d1a72bcb53181198'> <span>A\u00e7\u0131k R\u0131za Veriyorum<\/span><\/label><\/div><div class='ff-el-form-check ff-el-form-check-'><label class='ff-el-form-check-label' for=input_radio_1_16301eed038f15970293414146a8dfa3><input type=\"radio\" name=\"input_radio_1\" data-name=\"input_radio_1\" class=\"ff-el-form-check-input ff-el-form-check-radio\" value=\"A\u00e7\u0131k R\u0131za Vermiyorum\"  id='input_radio_1_16301eed038f15970293414146a8dfa3'> <span>A\u00e7\u0131k R\u0131za Vermiyorum<\/span><\/label><\/div><\/div><\/div><\/div><\/div><div data-type=\"name-element\" data-name=\"names\" class=\" ff-field_container ff-name-field-wrapper\" ><div class='ff-t-container'><div class='ff-t-cell '><div class='ff-el-group'><div class='ff-el-input--label ff-el-is-required asterisk-right'><label for='ff_3_names_first_name_'>Ad Soyad<\/label> <\/div><div class='ff-el-input--content'><input type=\"text\" name=\"names[first_name]\" id=\"ff_3_names_first_name_\" class=\"ff-el-form-control\" placeholder=\"Ad\u0131n\u0131z ve Soyad\u0131n\u0131z\" ><\/div><\/div><\/div><div class='ff-t-cell '><div class='ff-el-group'><div class='ff-el-input--label ff-el-is-required asterisk-right'><label for='ff_3_names_last_name_'>Unvan \/ Kurum<\/label> <\/div><div class='ff-el-input--content'><input type=\"text\" name=\"names[last_name]\" id=\"ff_3_names_last_name_\" class=\"ff-el-form-control\" placeholder=\"Unvan \/ Kurum Bilgileriniz\" ><\/div><\/div><\/div><\/div><\/div><div data-name=\"ff_cn_id_2\"  class='ff-t-container ff-column-container ff_columns_total_2  '><div class='ff-t-cell ff-t-column-1'><div class='ff-el-group'><div class='ff-el-input--label asterisk-right'><label for='ff_3_email'>E-posta<\/label> <\/div><div class='ff-el-input--content'><input type=\"email\" name=\"email\" id=\"ff_3_email\" class=\"ff-el-form-control\" placeholder=\"E-posta Adresiniz\" data-name=\"email\" ><\/div><\/div><\/div><div class='ff-t-cell ff-t-column-2'><div class='ff-el-group'><div class='ff-el-input--label asterisk-right'><label for='ff_3_input_text'>Telefon<\/label> <\/div><div class='ff-el-input--content'><input type=\"text\" name=\"input_text\" class=\"ff-el-form-control\" placeholder=\"Telefon Numaran\u0131z\" data-name=\"input_text\" id=\"ff_3_input_text\" ><\/div><\/div><\/div><\/div><div class='ff-el-group ff-text-center ff_submit_btn_wrapper'><button type=\"submit\" class=\"ff-btn ff-btn-submit   ff-btn-md\" >G\u00f6nder<\/button><\/div><\/form><div id='fluentform_3_errors' class='ff-errors-in-stack ff_form_instance_3_1 ff-form-loading_errors ff_form_instance_3_1_errors'><\/div><\/div>        <script type=\"text\/javascript\">\n            window.fluent_form_ff_form_instance_3_1 = {\"id\":\"3\",\"settings\":{\"layout\":{\"labelPlacement\":\"top\",\"helpMessagePlacement\":\"with_label\",\"errorMessagePlacement\":\"inline\",\"cssClassName\":\"\"},\"restrictions\":{\"denyEmptySubmission\":{\"enabled\":false}}},\"form_instance\":\"ff_form_instance_3_1\",\"form_id_selector\":\"fluentform_3\",\"rules\":{\"input_radio_1\":{\"required\":{\"value\":true,\"message\":\"Bu alan zorunludur\"}},\"names[first_name]\":{\"required\":{\"value\":true,\"message\":\"This field is required\"}},\"names[middle_name]\":{\"required\":{\"value\":false,\"message\":\"This field is required\"}},\"names[last_name]\":{\"required\":{\"value\":true,\"message\":\"This field is required\"}},\"email\":{\"required\":{\"value\":false,\"message\":\"This field is required\"},\"email\":{\"value\":true,\"message\":\"This field must contain a valid email\"}},\"input_text\":{\"required\":{\"value\":false,\"message\":\"This field is required\"}}}};\n                    <\/script>\n        \n","protected":false},"excerpt":{"rendered":"","protected":false},"author":228,"featured_media":0,"parent":0,"menu_order":0,"comment_status":"closed","ping_status":"closed","template":"genel_sayfa.php","meta":{"footnotes":""},"yoast_head":"<!-- This site is optimized with the Yoast SEO Premium plugin v22.1 (Yoast SEO v22.1) - https:\/\/yoast.com\/wordpress\/plugins\/seo\/ -->\n<title>Ki\u015fisel Verilerin \u0130\u015flenmesine \u0130li\u015fkin A\u00e7\u0131k R\u0131za Formu - Sa\u011fl\u0131k K\u00fclt\u00fcr ve Spor Daire Ba\u015fkanl\u0131\u011f\u0131<\/title>\n<meta name=\"robots\" content=\"index, follow, max-snippet:-1, max-image-preview:large, max-video-preview:-1\" \/>\n<link rel=\"canonical\" href=\"http:\/\/ticaret.edu.tr\/saglik-kultur-ve-spor-daire-baskanligi\/kisisel-verilerin-islenmesine-iliskin-acik-riza-formu\/\" \/>\n<meta property=\"og:locale\" content=\"tr_TR\" \/>\n<meta property=\"og:type\" content=\"article\" \/>\n<meta property=\"og:title\" content=\"Ki\u015fisel Verilerin \u0130\u015flenmesine \u0130li\u015fkin A\u00e7\u0131k R\u0131za Formu\" \/>\n<meta property=\"og:url\" content=\"http:\/\/ticaret.edu.tr\/saglik-kultur-ve-spor-daire-baskanligi\/kisisel-verilerin-islenmesine-iliskin-acik-riza-formu\/\" \/>\n<meta property=\"og:site_name\" content=\"Sa\u011fl\u0131k K\u00fclt\u00fcr ve Spor Daire Ba\u015fkanl\u0131\u011f\u0131\" \/>\n<meta property=\"article:publisher\" content=\"https:\/\/www.facebook.com\/ticaretedutr\" \/>\n<meta property=\"article:modified_time\" content=\"2026-04-10T11:49:10+00:00\" \/>\n<meta property=\"og:image\" content=\"http:\/\/ticaret.edu.tr\/saglik-kultur-ve-spor-daire-baskanligi\/wp-content\/uploads\/sites\/32\/2021\/11\/web_logo-01.jpg\" \/>\n\t<meta property=\"og:image:width\" content=\"1250\" \/>\n\t<meta property=\"og:image:height\" content=\"833\" \/>\n\t<meta property=\"og:image:type\" content=\"image\/jpeg\" \/>\n<meta name=\"twitter:card\" content=\"summary_large_image\" \/>\n<meta name=\"twitter:site\" content=\"@ticaretedutr\" \/>\n<meta name=\"twitter:label1\" content=\"Tahmini okuma s\u00fcresi\" \/>\n\t<meta name=\"twitter:data1\" content=\"1 dakika\" \/>\n<script type=\"application\/ld+json\" class=\"yoast-schema-graph\">{\"@context\":\"https:\/\/schema.org\",\"@graph\":[{\"@type\":\"WebPage\",\"@id\":\"http:\/\/ticaret.edu.tr\/saglik-kultur-ve-spor-daire-baskanligi\/kisisel-verilerin-islenmesine-iliskin-acik-riza-formu\/\",\"url\":\"http:\/\/ticaret.edu.tr\/saglik-kultur-ve-spor-daire-baskanligi\/kisisel-verilerin-islenmesine-iliskin-acik-riza-formu\/\",\"name\":\"Ki\u015fisel Verilerin \u0130\u015flenmesine \u0130li\u015fkin A\u00e7\u0131k R\u0131za Formu - Sa\u011fl\u0131k K\u00fclt\u00fcr ve Spor Daire Ba\u015fkanl\u0131\u011f\u0131\",\"isPartOf\":{\"@id\":\"http:\/\/ticaret.edu.tr\/saglik-kultur-ve-spor-daire-baskanligi\/#website\"},\"datePublished\":\"2026-04-10T10:35:58+00:00\",\"dateModified\":\"2026-04-10T11:49:10+00:00\",\"breadcrumb\":{\"@id\":\"http:\/\/ticaret.edu.tr\/saglik-kultur-ve-spor-daire-baskanligi\/kisisel-verilerin-islenmesine-iliskin-acik-riza-formu\/#breadcrumb\"},\"inLanguage\":\"tr\",\"potentialAction\":[{\"@type\":\"ReadAction\",\"target\":[\"http:\/\/ticaret.edu.tr\/saglik-kultur-ve-spor-daire-baskanligi\/kisisel-verilerin-islenmesine-iliskin-acik-riza-formu\/\"]}]},{\"@type\":\"BreadcrumbList\",\"@id\":\"http:\/\/ticaret.edu.tr\/saglik-kultur-ve-spor-daire-baskanligi\/kisisel-verilerin-islenmesine-iliskin-acik-riza-formu\/#breadcrumb\",\"itemListElement\":[{\"@type\":\"ListItem\",\"position\":1,\"name\":\"Ana sayfa\",\"item\":\"http:\/\/ticaret.edu.tr\/saglik-kultur-ve-spor-daire-baskanligi\/\"},{\"@type\":\"ListItem\",\"position\":2,\"name\":\"Ki\u015fisel Verilerin \u0130\u015flenmesine \u0130li\u015fkin A\u00e7\u0131k R\u0131za Formu\"}]},{\"@type\":\"WebSite\",\"@id\":\"http:\/\/ticaret.edu.tr\/saglik-kultur-ve-spor-daire-baskanligi\/#website\",\"url\":\"http:\/\/ticaret.edu.tr\/saglik-kultur-ve-spor-daire-baskanligi\/\",\"name\":\"Sa\u011fl\u0131k K\u00fclt\u00fcr ve Spor Daire Ba\u015fkanl\u0131\u011f\u0131\",\"description\":\"\",\"potentialAction\":[{\"@type\":\"SearchAction\",\"target\":{\"@type\":\"EntryPoint\",\"urlTemplate\":\"http:\/\/ticaret.edu.tr\/saglik-kultur-ve-spor-daire-baskanligi\/?s={search_term_string}\"},\"query-input\":\"required name=search_term_string\"}],\"inLanguage\":\"tr\"}]}<\/script>\n<!-- \/ Yoast SEO Premium plugin. -->","yoast_head_json":{"title":"Ki\u015fisel Verilerin \u0130\u015flenmesine \u0130li\u015fkin A\u00e7\u0131k R\u0131za Formu - Sa\u011fl\u0131k K\u00fclt\u00fcr ve Spor Daire Ba\u015fkanl\u0131\u011f\u0131","robots":{"index":"index","follow":"follow","max-snippet":"max-snippet:-1","max-image-preview":"max-image-preview:large","max-video-preview":"max-video-preview:-1"},"canonical":"http:\/\/ticaret.edu.tr\/saglik-kultur-ve-spor-daire-baskanligi\/kisisel-verilerin-islenmesine-iliskin-acik-riza-formu\/","og_locale":"tr_TR","og_type":"article","og_title":"Ki\u015fisel Verilerin \u0130\u015flenmesine \u0130li\u015fkin A\u00e7\u0131k R\u0131za Formu","og_url":"http:\/\/ticaret.edu.tr\/saglik-kultur-ve-spor-daire-baskanligi\/kisisel-verilerin-islenmesine-iliskin-acik-riza-formu\/","og_site_name":"Sa\u011fl\u0131k K\u00fclt\u00fcr ve Spor Daire Ba\u015fkanl\u0131\u011f\u0131","article_publisher":"https:\/\/www.facebook.com\/ticaretedutr","article_modified_time":"2026-04-10T11:49:10+00:00","og_image":[{"width":1250,"height":833,"url":"http:\/\/ticaret.edu.tr\/saglik-kultur-ve-spor-daire-baskanligi\/wp-content\/uploads\/sites\/32\/2021\/11\/web_logo-01.jpg","type":"image\/jpeg"}],"twitter_card":"summary_large_image","twitter_site":"@ticaretedutr","twitter_misc":{"Tahmini okuma s\u00fcresi":"1 dakika"},"schema":{"@context":"https:\/\/schema.org","@graph":[{"@type":"WebPage","@id":"http:\/\/ticaret.edu.tr\/saglik-kultur-ve-spor-daire-baskanligi\/kisisel-verilerin-islenmesine-iliskin-acik-riza-formu\/","url":"http:\/\/ticaret.edu.tr\/saglik-kultur-ve-spor-daire-baskanligi\/kisisel-verilerin-islenmesine-iliskin-acik-riza-formu\/","name":"Ki\u015fisel Verilerin \u0130\u015flenmesine \u0130li\u015fkin A\u00e7\u0131k R\u0131za Formu - Sa\u011fl\u0131k K\u00fclt\u00fcr ve Spor Daire Ba\u015fkanl\u0131\u011f\u0131","isPartOf":{"@id":"http:\/\/ticaret.edu.tr\/saglik-kultur-ve-spor-daire-baskanligi\/#website"},"datePublished":"2026-04-10T10:35:58+00:00","dateModified":"2026-04-10T11:49:10+00:00","breadcrumb":{"@id":"http:\/\/ticaret.edu.tr\/saglik-kultur-ve-spor-daire-baskanligi\/kisisel-verilerin-islenmesine-iliskin-acik-riza-formu\/#breadcrumb"},"inLanguage":"tr","potentialAction":[{"@type":"ReadAction","target":["http:\/\/ticaret.edu.tr\/saglik-kultur-ve-spor-daire-baskanligi\/kisisel-verilerin-islenmesine-iliskin-acik-riza-formu\/"]}]},{"@type":"BreadcrumbList","@id":"http:\/\/ticaret.edu.tr\/saglik-kultur-ve-spor-daire-baskanligi\/kisisel-verilerin-islenmesine-iliskin-acik-riza-formu\/#breadcrumb","itemListElement":[{"@type":"ListItem","position":1,"name":"Ana sayfa","item":"http:\/\/ticaret.edu.tr\/saglik-kultur-ve-spor-daire-baskanligi\/"},{"@type":"ListItem","position":2,"name":"Ki\u015fisel Verilerin \u0130\u015flenmesine \u0130li\u015fkin A\u00e7\u0131k R\u0131za Formu"}]},{"@type":"WebSite","@id":"http:\/\/ticaret.edu.tr\/saglik-kultur-ve-spor-daire-baskanligi\/#website","url":"http:\/\/ticaret.edu.tr\/saglik-kultur-ve-spor-daire-baskanligi\/","name":"Sa\u011fl\u0131k K\u00fclt\u00fcr ve Spor Daire Ba\u015fkanl\u0131\u011f\u0131","description":"","potentialAction":[{"@type":"SearchAction","target":{"@type":"EntryPoint","urlTemplate":"http:\/\/ticaret.edu.tr\/saglik-kultur-ve-spor-daire-baskanligi\/?s={search_term_string}"},"query-input":"required name=search_term_string"}],"inLanguage":"tr"}]}},"lang":"tr","translations":{"tr":1357},"pll_sync_post":[],"_links":{"self":[{"href":"http:\/\/ticaret.edu.tr\/saglik-kultur-ve-spor-daire-baskanligi\/wp-json\/wp\/v2\/pages\/1357"}],"collection":[{"href":"http:\/\/ticaret.edu.tr\/saglik-kultur-ve-spor-daire-baskanligi\/wp-json\/wp\/v2\/pages"}],"about":[{"href":"http:\/\/ticaret.edu.tr\/saglik-kultur-ve-spor-daire-baskanligi\/wp-json\/wp\/v2\/types\/page"}],"author":[{"embeddable":true,"href":"http:\/\/ticaret.edu.tr\/saglik-kultur-ve-spor-daire-baskanligi\/wp-json\/wp\/v2\/users\/228"}],"replies":[{"embeddable":true,"href":"http:\/\/ticaret.edu.tr\/saglik-kultur-ve-spor-daire-baskanligi\/wp-json\/wp\/v2\/comments?post=1357"}],"version-history":[{"count":4,"href":"http:\/\/ticaret.edu.tr\/saglik-kultur-ve-spor-daire-baskanligi\/wp-json\/wp\/v2\/pages\/1357\/revisions"}],"predecessor-version":[{"id":1367,"href":"http:\/\/ticaret.edu.tr\/saglik-kultur-ve-spor-daire-baskanligi\/wp-json\/wp\/v2\/pages\/1357\/revisions\/1367"}],"wp:attachment":[{"href":"http:\/\/ticaret.edu.tr\/saglik-kultur-ve-spor-daire-baskanligi\/wp-json\/wp\/v2\/media?parent=1357"}],"curies":[{"name":"wp","href":"https:\/\/api.w.org\/{rel}","templated":true}]}}