{"id":27,"date":"2020-05-05T13:25:54","date_gmt":"2020-05-05T10:25:54","guid":{"rendered":"http:\/\/ticaret.edu.tr\/sks\/?page_id=27"},"modified":"2026-01-23T09:35:11","modified_gmt":"2026-01-23T06:35:11","slug":"muayene-basvurusu","status":"publish","type":"page","link":"http:\/\/ticaret.edu.tr\/saglik-kultur-ve-spor-daire-baskanligi\/muayene-basvurusu\/","title":{"rendered":"Muayene Ba\u015fvurusu"},"content":{"rendered":"<ul>\n<li>Hastalar randevu gereksinimi olmadan Sa\u011fl\u0131k Merkezine ba\u015fvuru yapabilmektedir.<\/li>\n<li>Muayene sonucuna g\u00f6re gerekli t\u0131bbi m\u00fcdahale yap\u0131lmaktad\u0131r.<\/li>\n<li>Gerekli g\u00f6r\u00fclen durumlarda hastalar kontrole \u00e7a\u011f\u0131r\u0131lmaktad\u0131r.<\/li>\n<li>G\u00f6zetim gerekti\u011fi durumlarda, hasta revire al\u0131narak \u00a0g\u00f6zlem alt\u0131nda tutulmakta, ihtiya\u00e7 halinde bilgilendirilerek 112 Acil Servise haber verilmekte ve bir \u00fcst sa\u011fl\u0131k kurulu\u015funa sevk edilmektedir.<\/li>\n<li>Hem\u015fireler hastalara re\u00e7ete, tedavi ve bak\u0131m s\u00fcre\u00e7leri hakk\u0131nda bilgilendirme yapmaktad\u0131r.<\/li>\n<li>Hastan\u0131n psikolojik deste\u011fe ihtiya\u00e7 duydu\u011fu durumlarda Psikolojik Dan\u0131\u015fmanl\u0131k ve Rehberlik Birimine y\u00f6nlendirilmektedir.<\/li>\n<\/ul>\n<p>&nbsp;<\/p>\n<table width=\"636\">\n<tbody>\n<tr>\n<td colspan=\"2\" width=\"636\"><strong>Doktor Muayene Ba\u015fvuru Saatleri<\/strong><\/td>\n<\/tr>\n<tr>\n<td width=\"218\"><strong>S\u00e2d\u00e2b\u00e2d Kamp\u00fcs\u00fc S\u00fctl\u00fcce<\/strong><\/td>\n<td width=\"208\"><strong>Hezarfen Kamp\u00fcs\u00fc K\u00fc\u00e7\u00fckyal\u0131 <\/strong><\/td>\n<\/tr>\n<tr>\n<td width=\"218\">Pazartesi:\u00a0\u00a0\u00a0 08:30-13:00<\/td>\n<td width=\"208\">Sal\u0131:\u00a0\u00a0\u00a0\u00a0\u00a0\u00a0\u00a0\u00a0\u00a0\u00a0\u00a0\u00a0\u00a0 08:30-13:00<\/td>\n<\/tr>\n<tr>\n<td width=\"218\">\u00c7ar\u015famba: 08:30-13:00<\/td>\n<td width=\"208\">Per\u015fembe: 08:30-13:00<\/td>\n<\/tr>\n<tr>\n<td width=\"218\">Cuma:\u00a0\u00a0\u00a0\u00a0\u00a0\u00a0\u00a0\u00a0\u00a0 08:30-13:00<\/td>\n<td width=\"208\"><\/td>\n<\/tr>\n<\/tbody>\n<\/table>\n<p>&nbsp;<\/p>\n<table width=\"636\">\n<tbody>\n<tr>\n<td colspan=\"3\" width=\"636\"><strong>Hem\u015fire \u00c7al\u0131\u015fma Saatleri<\/strong><\/td>\n<\/tr>\n<tr>\n<td width=\"218\"><strong>S\u00e2d\u00e2b\u00e2d Kamp\u00fcs\u00fc S\u00fctl\u00fcce<\/strong><\/td>\n<td width=\"208\"><strong>Hezarfen Kamp\u00fcs\u00fc K\u00fc\u00e7\u00fckyal\u0131 <\/strong><\/td>\n<td width=\"210\"><strong>Ah\u00ee \u00c7elebi Kamp\u00fcs\u00fc Emin\u00f6n\u00fc<\/strong><\/td>\n<\/tr>\n<tr>\n<td width=\"218\">Pazartesi:\u00a0\u00a0\u00a0 13:00-17:30<\/td>\n<td width=\"208\">Pazartesi:\u00a0 \u00a0 \u00a008:30-17:30<\/td>\n<td width=\"210\">\u00a0Pazartesi:\u00a0 \u00a0 \u00a008:30-12:00<\/td>\n<\/tr>\n<tr>\n<td width=\"218\">Sal\u0131: 08:30-17:30<\/td>\n<td width=\"208\">Sal\u0131:\u00a0 \u00a0 \u00a0 08:30-17:30<\/td>\n<td width=\"210\">\u00a0\u00c7ar\u015famba: 08:30-12:00<\/td>\n<\/tr>\n<tr>\n<td width=\"218\">\u00c7ar\u015famba:\u00a0 \u00a013:00-17:30<\/td>\n<td width=\"208\">\u00c7ar\u015famba:\u00a0 \u00a008:30-17:30<\/td>\n<td width=\"210\">\u00a0Cuma:\u00a0 \u00a008:30-12:00<\/td>\n<\/tr>\n<tr>\n<td width=\"218\">Per\u015fembe:\u00a0 \u00a008:30-17:30<\/td>\n<td width=\"208\">Per\u015fembe:\u00a0 \u00a008:30-17:30<\/td>\n<td width=\"210\"><\/td>\n<\/tr>\n<tr>\n<td width=\"218\">Cuma:\u00a0 \u00a013:00-17:30<\/td>\n<td width=\"208\">Cuma:\u00a0 \u00a008:30-17:30<\/td>\n<td width=\"210\"><\/td>\n<\/tr>\n<\/tbody>\n<\/table>\n<p>&nbsp;<\/p>\n<h3>Hizmetler<\/h3>\n<ul>\n<li>Hem\u015firelik hizmetleri kapsam\u0131nda; yara ve yan\u0131k tedavileri, pansumanlar ve enjeksiyon uygulamalar\u0131 (tam te\u015fekk\u00fcll\u00fc sa\u011fl\u0131k kurumlar\u0131nda uygulanmas\u0131 gereken ila\u00e7 gruplar\u0131 hari\u00e7) ger\u00e7ekle\u015ftirilmektedir.<\/li>\n<li>Tedaviler yaln\u0131z re\u00e7eteli ila\u00e7larla uygulanmakta olup re\u00e7etesiz i\u015flem yap\u0131lmamaktad\u0131r.<\/li>\n<li>Hastan\u0131n tedavisinin d\u0131\u015far\u0131dan bir doktor taraf\u0131ndan re\u00e7ete edildi\u011fi baz\u0131 enjeksiyonlar uygulanabilmektedir. Ancak, hasta g\u00fcvenli\u011fi gerek\u00e7esiyle baz\u0131 ila\u00e7 gruplar\u0131 re\u00e7eteli dahi olsa uygulanmamaktad\u0131r. ( Bu t\u00fcr ila\u00e7lar\u0131n sadece tam te\u015fekk\u00fcll\u00fc sa\u011fl\u0131k kurulu\u015flar\u0131nda uygulanmas\u0131 uygun bulunmaktad\u0131r.)<\/li>\n<li>Kronik hastal\u0131\u011f\u0131 olan bireylerin (Diyabet, Hipertansiyon vs.)\u00a0d\u00fczenli takibi yap\u0131lmakta, gerekli tedaviler uygulanmakta ve hastalara e\u011fitim verilmektedir.<\/li>\n<li>Yeni i\u015fe ba\u015flayan personelin i\u015fe giri\u015f sa\u011fl\u0131k muayeneleri yap\u0131lmakta ve gerekli durumlarda periyodik kontroller sa\u011flanmaktad\u0131r.<\/li>\n<li>\u0130\u015f kazas\u0131 raporlar\u0131 d\u00fczenlenmektedir.<\/li>\n<li>\u00dcniversite b\u00fcnyesinde hizmet veren kafeterya ve restoranlar, lavabo ve tuvaletler sa\u011fl\u0131k standartlar\u0131na uygunluk a\u00e7\u0131s\u0131ndan denetlenmekte, personelin sa\u011fl\u0131k muayeneleri ve tetkikleri de\u011ferlendirilerek kay\u0131t alt\u0131na al\u0131nmaktad\u0131r.<\/li>\n<\/ul>\n","protected":false},"excerpt":{"rendered":"<p>Hastalar randevu gereksinimi olmadan Sa\u011fl\u0131k Merkezine ba\u015fvuru yapabilmektedir. Muayene sonucuna g\u00f6re gerekli t\u0131bbi m\u00fcdahale yap\u0131lmaktad\u0131r. Gerekli g\u00f6r\u00fclen durumlarda hastalar kontrole \u00e7a\u011f\u0131r\u0131lmaktad\u0131r. G\u00f6zetim gerekti\u011fi durumlarda, hasta revire al\u0131narak \u00a0g\u00f6zlem alt\u0131nda tutulmakta, ihtiya\u00e7 halinde bilgilendirilerek 112 Acil Servise haber verilmekte ve bir \u00fcst sa\u011fl\u0131k kurulu\u015funa sevk edilmektedir. Hem\u015fireler hastalara re\u00e7ete, tedavi ve bak\u0131m s\u00fcre\u00e7leri hakk\u0131nda bilgilendirme yapmaktad\u0131r. [&hellip;]<\/p>\n","protected":false},"author":1,"featured_media":0,"parent":0,"menu_order":0,"comment_status":"closed","ping_status":"closed","template":"genel_sayfa.php","meta":{"footnotes":""},"yoast_head":"<!-- This site is optimized with the Yoast SEO Premium plugin v22.1 (Yoast SEO v22.1) - https:\/\/yoast.com\/wordpress\/plugins\/seo\/ -->\n<title>Muayene Ba\u015fvurusu - Sa\u011fl\u0131k K\u00fclt\u00fcr ve Spor Daire Ba\u015fkanl\u0131\u011f\u0131<\/title>\n<meta name=\"robots\" content=\"index, follow, max-snippet:-1, max-image-preview:large, max-video-preview:-1\" \/>\n<link rel=\"canonical\" href=\"https:\/\/ticaret.edu.tr\/saglik-kultur-ve-spor-daire-baskanligi\/muayene-basvurusu\/\" \/>\n<meta property=\"og:locale\" content=\"tr_TR\" \/>\n<meta property=\"og:type\" content=\"article\" \/>\n<meta property=\"og:title\" content=\"Muayene Ba\u015fvurusu\" \/>\n<meta property=\"og:description\" content=\"Hastalar randevu gereksinimi olmadan Sa\u011fl\u0131k Merkezine ba\u015fvuru yapabilmektedir. Muayene sonucuna g\u00f6re gerekli t\u0131bbi m\u00fcdahale yap\u0131lmaktad\u0131r. Gerekli g\u00f6r\u00fclen durumlarda hastalar kontrole \u00e7a\u011f\u0131r\u0131lmaktad\u0131r. G\u00f6zetim gerekti\u011fi durumlarda, hasta revire al\u0131narak \u00a0g\u00f6zlem alt\u0131nda tutulmakta, ihtiya\u00e7 halinde bilgilendirilerek 112 Acil Servise haber verilmekte ve bir \u00fcst sa\u011fl\u0131k kurulu\u015funa sevk edilmektedir. Hem\u015fireler hastalara re\u00e7ete, tedavi ve bak\u0131m s\u00fcre\u00e7leri hakk\u0131nda bilgilendirme yapmaktad\u0131r. [&hellip;]\" \/>\n<meta property=\"og:url\" content=\"https:\/\/ticaret.edu.tr\/saglik-kultur-ve-spor-daire-baskanligi\/muayene-basvurusu\/\" \/>\n<meta property=\"og:site_name\" content=\"Sa\u011fl\u0131k K\u00fclt\u00fcr ve Spor Daire Ba\u015fkanl\u0131\u011f\u0131\" \/>\n<meta property=\"article:publisher\" content=\"https:\/\/www.facebook.com\/ticaretedutr\" \/>\n<meta property=\"article:modified_time\" content=\"2026-01-23T06:35:11+00:00\" \/>\n<meta property=\"og:image\" content=\"http:\/\/ticaret.edu.tr\/saglik-kultur-ve-spor-daire-baskanligi\/wp-content\/uploads\/sites\/32\/2021\/11\/web_logo-01.jpg\" \/>\n\t<meta property=\"og:image:width\" content=\"1250\" \/>\n\t<meta property=\"og:image:height\" content=\"833\" \/>\n\t<meta property=\"og:image:type\" content=\"image\/jpeg\" \/>\n<meta name=\"twitter:card\" content=\"summary_large_image\" \/>\n<meta name=\"twitter:site\" content=\"@ticaretedutr\" \/>\n<meta name=\"twitter:label1\" content=\"Tahmini okuma s\u00fcresi\" \/>\n\t<meta name=\"twitter:data1\" content=\"2 dakika\" \/>\n<script type=\"application\/ld+json\" class=\"yoast-schema-graph\">{\"@context\":\"https:\/\/schema.org\",\"@graph\":[{\"@type\":\"WebPage\",\"@id\":\"https:\/\/ticaret.edu.tr\/saglik-kultur-ve-spor-daire-baskanligi\/muayene-basvurusu\/\",\"url\":\"https:\/\/ticaret.edu.tr\/saglik-kultur-ve-spor-daire-baskanligi\/muayene-basvurusu\/\",\"name\":\"Muayene Ba\u015fvurusu - Sa\u011fl\u0131k K\u00fclt\u00fcr ve Spor Daire Ba\u015fkanl\u0131\u011f\u0131\",\"isPartOf\":{\"@id\":\"https:\/\/ticaret.edu.tr\/saglik-kultur-ve-spor-daire-baskanligi\/#website\"},\"datePublished\":\"2020-05-05T10:25:54+00:00\",\"dateModified\":\"2026-01-23T06:35:11+00:00\",\"breadcrumb\":{\"@id\":\"https:\/\/ticaret.edu.tr\/saglik-kultur-ve-spor-daire-baskanligi\/muayene-basvurusu\/#breadcrumb\"},\"inLanguage\":\"tr\",\"potentialAction\":[{\"@type\":\"ReadAction\",\"target\":[\"https:\/\/ticaret.edu.tr\/saglik-kultur-ve-spor-daire-baskanligi\/muayene-basvurusu\/\"]}]},{\"@type\":\"BreadcrumbList\",\"@id\":\"https:\/\/ticaret.edu.tr\/saglik-kultur-ve-spor-daire-baskanligi\/muayene-basvurusu\/#breadcrumb\",\"itemListElement\":[{\"@type\":\"ListItem\",\"position\":1,\"name\":\"Ana sayfa\",\"item\":\"https:\/\/ticaret.edu.tr\/saglik-kultur-ve-spor-daire-baskanligi\/\"},{\"@type\":\"ListItem\",\"position\":2,\"name\":\"Muayene Ba\u015fvurusu\"}]},{\"@type\":\"WebSite\",\"@id\":\"https:\/\/ticaret.edu.tr\/saglik-kultur-ve-spor-daire-baskanligi\/#website\",\"url\":\"https:\/\/ticaret.edu.tr\/saglik-kultur-ve-spor-daire-baskanligi\/\",\"name\":\"Sa\u011fl\u0131k K\u00fclt\u00fcr ve Spor Daire Ba\u015fkanl\u0131\u011f\u0131\",\"description\":\"\",\"potentialAction\":[{\"@type\":\"SearchAction\",\"target\":{\"@type\":\"EntryPoint\",\"urlTemplate\":\"https:\/\/ticaret.edu.tr\/saglik-kultur-ve-spor-daire-baskanligi\/?s={search_term_string}\"},\"query-input\":\"required name=search_term_string\"}],\"inLanguage\":\"tr\"}]}<\/script>\n<!-- \/ Yoast SEO Premium plugin. -->","yoast_head_json":{"title":"Muayene Ba\u015fvurusu - Sa\u011fl\u0131k K\u00fclt\u00fcr ve Spor Daire Ba\u015fkanl\u0131\u011f\u0131","robots":{"index":"index","follow":"follow","max-snippet":"max-snippet:-1","max-image-preview":"max-image-preview:large","max-video-preview":"max-video-preview:-1"},"canonical":"https:\/\/ticaret.edu.tr\/saglik-kultur-ve-spor-daire-baskanligi\/muayene-basvurusu\/","og_locale":"tr_TR","og_type":"article","og_title":"Muayene Ba\u015fvurusu","og_description":"Hastalar randevu gereksinimi olmadan Sa\u011fl\u0131k Merkezine ba\u015fvuru yapabilmektedir. Muayene sonucuna g\u00f6re gerekli t\u0131bbi m\u00fcdahale yap\u0131lmaktad\u0131r. Gerekli g\u00f6r\u00fclen durumlarda hastalar kontrole \u00e7a\u011f\u0131r\u0131lmaktad\u0131r. G\u00f6zetim gerekti\u011fi durumlarda, hasta revire al\u0131narak \u00a0g\u00f6zlem alt\u0131nda tutulmakta, ihtiya\u00e7 halinde bilgilendirilerek 112 Acil Servise haber verilmekte ve bir \u00fcst sa\u011fl\u0131k kurulu\u015funa sevk edilmektedir. Hem\u015fireler hastalara re\u00e7ete, tedavi ve bak\u0131m s\u00fcre\u00e7leri hakk\u0131nda bilgilendirme yapmaktad\u0131r. [&hellip;]","og_url":"https:\/\/ticaret.edu.tr\/saglik-kultur-ve-spor-daire-baskanligi\/muayene-basvurusu\/","og_site_name":"Sa\u011fl\u0131k K\u00fclt\u00fcr ve Spor Daire Ba\u015fkanl\u0131\u011f\u0131","article_publisher":"https:\/\/www.facebook.com\/ticaretedutr","article_modified_time":"2026-01-23T06:35:11+00:00","og_image":[{"width":1250,"height":833,"url":"http:\/\/ticaret.edu.tr\/saglik-kultur-ve-spor-daire-baskanligi\/wp-content\/uploads\/sites\/32\/2021\/11\/web_logo-01.jpg","type":"image\/jpeg"}],"twitter_card":"summary_large_image","twitter_site":"@ticaretedutr","twitter_misc":{"Tahmini okuma s\u00fcresi":"2 dakika"},"schema":{"@context":"https:\/\/schema.org","@graph":[{"@type":"WebPage","@id":"https:\/\/ticaret.edu.tr\/saglik-kultur-ve-spor-daire-baskanligi\/muayene-basvurusu\/","url":"https:\/\/ticaret.edu.tr\/saglik-kultur-ve-spor-daire-baskanligi\/muayene-basvurusu\/","name":"Muayene Ba\u015fvurusu - Sa\u011fl\u0131k K\u00fclt\u00fcr ve Spor Daire Ba\u015fkanl\u0131\u011f\u0131","isPartOf":{"@id":"https:\/\/ticaret.edu.tr\/saglik-kultur-ve-spor-daire-baskanligi\/#website"},"datePublished":"2020-05-05T10:25:54+00:00","dateModified":"2026-01-23T06:35:11+00:00","breadcrumb":{"@id":"https:\/\/ticaret.edu.tr\/saglik-kultur-ve-spor-daire-baskanligi\/muayene-basvurusu\/#breadcrumb"},"inLanguage":"tr","potentialAction":[{"@type":"ReadAction","target":["https:\/\/ticaret.edu.tr\/saglik-kultur-ve-spor-daire-baskanligi\/muayene-basvurusu\/"]}]},{"@type":"BreadcrumbList","@id":"https:\/\/ticaret.edu.tr\/saglik-kultur-ve-spor-daire-baskanligi\/muayene-basvurusu\/#breadcrumb","itemListElement":[{"@type":"ListItem","position":1,"name":"Ana sayfa","item":"https:\/\/ticaret.edu.tr\/saglik-kultur-ve-spor-daire-baskanligi\/"},{"@type":"ListItem","position":2,"name":"Muayene Ba\u015fvurusu"}]},{"@type":"WebSite","@id":"https:\/\/ticaret.edu.tr\/saglik-kultur-ve-spor-daire-baskanligi\/#website","url":"https:\/\/ticaret.edu.tr\/saglik-kultur-ve-spor-daire-baskanligi\/","name":"Sa\u011fl\u0131k K\u00fclt\u00fcr ve Spor Daire Ba\u015fkanl\u0131\u011f\u0131","description":"","potentialAction":[{"@type":"SearchAction","target":{"@type":"EntryPoint","urlTemplate":"https:\/\/ticaret.edu.tr\/saglik-kultur-ve-spor-daire-baskanligi\/?s={search_term_string}"},"query-input":"required name=search_term_string"}],"inLanguage":"tr"}]}},"lang":"tr","translations":{"en":494,"tr":27},"pll_sync_post":[],"_links":{"self":[{"href":"http:\/\/ticaret.edu.tr\/saglik-kultur-ve-spor-daire-baskanligi\/wp-json\/wp\/v2\/pages\/27"}],"collection":[{"href":"http:\/\/ticaret.edu.tr\/saglik-kultur-ve-spor-daire-baskanligi\/wp-json\/wp\/v2\/pages"}],"about":[{"href":"http:\/\/ticaret.edu.tr\/saglik-kultur-ve-spor-daire-baskanligi\/wp-json\/wp\/v2\/types\/page"}],"author":[{"embeddable":true,"href":"http:\/\/ticaret.edu.tr\/saglik-kultur-ve-spor-daire-baskanligi\/wp-json\/wp\/v2\/users\/1"}],"replies":[{"embeddable":true,"href":"http:\/\/ticaret.edu.tr\/saglik-kultur-ve-spor-daire-baskanligi\/wp-json\/wp\/v2\/comments?post=27"}],"version-history":[{"count":25,"href":"http:\/\/ticaret.edu.tr\/saglik-kultur-ve-spor-daire-baskanligi\/wp-json\/wp\/v2\/pages\/27\/revisions"}],"predecessor-version":[{"id":1196,"href":"http:\/\/ticaret.edu.tr\/saglik-kultur-ve-spor-daire-baskanligi\/wp-json\/wp\/v2\/pages\/27\/revisions\/1196"}],"wp:attachment":[{"href":"http:\/\/ticaret.edu.tr\/saglik-kultur-ve-spor-daire-baskanligi\/wp-json\/wp\/v2\/media?parent=27"}],"curies":[{"name":"wp","href":"https:\/\/api.w.org\/{rel}","templated":true}]}}