{"id":331,"date":"2021-04-08T12:49:01","date_gmt":"2021-04-08T09:49:01","guid":{"rendered":"http:\/\/ticaret.edu.tr\/sks\/?page_id=331"},"modified":"2026-01-21T16:55:22","modified_gmt":"2026-01-21T13:55:22","slug":"topluluk-etkinlikleri","status":"publish","type":"page","link":"http:\/\/ticaret.edu.tr\/saglik-kultur-ve-spor-daire-baskanligi\/topluluk-etkinlikleri\/","title":{"rendered":"Topluluk Etkinlikleri"},"content":{"rendered":"<p><span style=\"text-decoration: underline;\"><strong><a href=\"http:\/\/ticaret.edu.tr\/saglik-kultur-ve-spor-daire-baskanligi\/wp-content\/uploads\/sites\/32\/2023\/02\/ufc9ggiy5e-kronolojik-etkinlik-tablosu.pdf\">Topluluk Etkinlikleri<\/a><br \/>\n<\/strong><\/span><\/p>\n<div style=\"padding-bottom: 20px;\"><a href=\"https:\/\/ticaret.edu.tr\/saglik-kultur-ve-spor-daire-baskanligi\/wp-content\/uploads\/sites\/32\/2025\/05\/sks-ocak-bulten.pdf\" target=\"_blank\" rel=\"noopener\"><img decoding=\"async\" class=\"sks-bulten-icon\" src=\"http:\/\/ticaret.edu.tr\/saglik-kultur-ve-spor-daire-baskanligi\/wp-content\/uploads\/sites\/32\/2025\/05\/bulten-ikon.png\" alt=\"\" width=\"40px\" \/><span style=\"position: absolute; margin-left: 20px; font-size: 16px; margin-top: 0px;\">SKS B\u00fclten<br \/>\n<b>Ocak 2025 SKS B\u00fclten<\/b><\/span><\/a><\/div>\n<hr \/>\n<div style=\"padding-top: 20px; padding-bottom: 20px;\"><a href=\"https:\/\/ticaret.edu.tr\/saglik-kultur-ve-spor-daire-baskanligi\/wp-content\/uploads\/sites\/32\/2025\/05\/sks-subat-bulten.pdf\" target=\"_blank\" rel=\"noopener\"><img decoding=\"async\" class=\"sks-bulten-icon\" src=\"http:\/\/ticaret.edu.tr\/saglik-kultur-ve-spor-daire-baskanligi\/wp-content\/uploads\/sites\/32\/2025\/05\/bulten-ikon.png\" alt=\"\" width=\"40px\" \/><span style=\"position: absolute; margin-left: 20px; font-size: 16px; margin-top: 0px;\">SKS B\u00fclten<br \/>\n<b>\u015eubat 2025 SKS B\u00fclten<\/b><\/span><\/a><\/div>\n<hr \/>\n<div style=\"padding-top: 20px; padding-bottom: 20px;\"><a href=\"https:\/\/ticaret.edu.tr\/saglik-kultur-ve-spor-daire-baskanligi\/wp-content\/uploads\/sites\/32\/2025\/05\/sks-mart-bulten.pdf\" target=\"_blank\" rel=\"noopener\"><img decoding=\"async\" class=\"sks-bulten-icon\" src=\"http:\/\/ticaret.edu.tr\/saglik-kultur-ve-spor-daire-baskanligi\/wp-content\/uploads\/sites\/32\/2025\/05\/bulten-ikon.png\" alt=\"\" width=\"40px\" \/><span style=\"position: absolute; margin-left: 20px; font-size: 16px; margin-top: 0px;\">SKS B\u00fclten<br \/>\n<b>Mart 2025 SKS B\u00fclten<\/b><\/span><\/a><\/div>\n<hr \/>\n<div style=\"padding-top: 20px; padding-bottom: 20px;\"><a href=\"https:\/\/ticaret.edu.tr\/saglik-kultur-ve-spor-daire-baskanligi\/wp-content\/uploads\/sites\/32\/2025\/06\/iticu-sks-nisan-bulten.pdf\" target=\"_blank\" rel=\"noopener\"><img decoding=\"async\" class=\"sks-bulten-icon\" src=\"http:\/\/ticaret.edu.tr\/saglik-kultur-ve-spor-daire-baskanligi\/wp-content\/uploads\/sites\/32\/2025\/05\/bulten-ikon.png\" alt=\"\" width=\"40px\" \/><span style=\"position: absolute; margin-left: 20px; font-size: 16px; margin-top: 0px;\">SKS B\u00fclten<br \/>\n<b>Nisan 2025 SKS B\u00fclten<\/b><\/span><\/a><\/div>\n<hr \/>\n<div style=\"padding-top: 20px; padding-bottom: 20px;\"><a href=\"http:\/\/ticaret.edu.tr\/saglik-kultur-ve-spor-daire-baskanligi\/wp-content\/uploads\/sites\/32\/2025\/06\/iticu-sks-mayis-bulten.pdf\" target=\"_blank\" rel=\"noopener\"><img decoding=\"async\" class=\"sks-bulten-icon\" src=\"http:\/\/ticaret.edu.tr\/saglik-kultur-ve-spor-daire-baskanligi\/wp-content\/uploads\/sites\/32\/2025\/05\/bulten-ikon.png\" alt=\"\" width=\"40px\" \/><span style=\"position: absolute; margin-left: 20px; font-size: 16px; margin-top: 0px;\">SKS B\u00fclten<br \/>\n<b>May\u0131s 2025 SKS B\u00fclten<\/b><\/span><\/a><\/div>\n<hr \/>\n","protected":false},"excerpt":{"rendered":"<p>Topluluk Etkinlikleri SKS B\u00fclten Ocak 2025 SKS B\u00fclten SKS B\u00fclten \u015eubat 2025 SKS B\u00fclten SKS B\u00fclten Mart 2025 SKS B\u00fclten SKS B\u00fclten Nisan 2025 SKS B\u00fclten SKS B\u00fclten May\u0131s 2025 SKS B\u00fclten<\/p>\n","protected":false},"author":149,"featured_media":0,"parent":0,"menu_order":0,"comment_status":"closed","ping_status":"closed","template":"genel_sayfa.php","meta":{"footnotes":""},"yoast_head":"<!-- This site is optimized with the Yoast SEO Premium plugin v22.1 (Yoast SEO v22.1) - https:\/\/yoast.com\/wordpress\/plugins\/seo\/ -->\n<title>Topluluk Etkinlikleri - Sa\u011fl\u0131k K\u00fclt\u00fcr ve Spor Daire Ba\u015fkanl\u0131\u011f\u0131<\/title>\n<meta name=\"robots\" content=\"index, follow, max-snippet:-1, max-image-preview:large, max-video-preview:-1\" \/>\n<link rel=\"canonical\" href=\"https:\/\/ticaret.edu.tr\/saglik-kultur-ve-spor-daire-baskanligi\/topluluk-etkinlikleri\/\" \/>\n<meta property=\"og:locale\" content=\"tr_TR\" \/>\n<meta property=\"og:type\" content=\"article\" \/>\n<meta property=\"og:title\" content=\"Topluluk Etkinlikleri\" \/>\n<meta property=\"og:description\" content=\"Topluluk Etkinlikleri SKS B\u00fclten Ocak 2025 SKS B\u00fclten SKS B\u00fclten \u015eubat 2025 SKS B\u00fclten SKS B\u00fclten Mart 2025 SKS B\u00fclten SKS B\u00fclten Nisan 2025 SKS B\u00fclten SKS B\u00fclten May\u0131s 2025 SKS B\u00fclten\" \/>\n<meta property=\"og:url\" content=\"https:\/\/ticaret.edu.tr\/saglik-kultur-ve-spor-daire-baskanligi\/topluluk-etkinlikleri\/\" \/>\n<meta property=\"og:site_name\" content=\"Sa\u011fl\u0131k K\u00fclt\u00fcr ve Spor Daire Ba\u015fkanl\u0131\u011f\u0131\" \/>\n<meta property=\"article:publisher\" content=\"https:\/\/www.facebook.com\/ticaretedutr\" \/>\n<meta property=\"article:modified_time\" content=\"2026-01-21T13:55:22+00:00\" \/>\n<meta property=\"og:image\" content=\"http:\/\/ticaret.edu.tr\/saglik-kultur-ve-spor-daire-baskanligi\/wp-content\/uploads\/sites\/32\/2025\/05\/bulten-ikon.png\" \/>\n<meta name=\"twitter:card\" content=\"summary_large_image\" \/>\n<meta name=\"twitter:site\" content=\"@ticaretedutr\" \/>\n<meta name=\"twitter:label1\" content=\"Tahmini okuma s\u00fcresi\" \/>\n\t<meta name=\"twitter:data1\" content=\"2 dakika\" \/>\n<script type=\"application\/ld+json\" class=\"yoast-schema-graph\">{\"@context\":\"https:\/\/schema.org\",\"@graph\":[{\"@type\":\"WebPage\",\"@id\":\"https:\/\/ticaret.edu.tr\/saglik-kultur-ve-spor-daire-baskanligi\/topluluk-etkinlikleri\/\",\"url\":\"https:\/\/ticaret.edu.tr\/saglik-kultur-ve-spor-daire-baskanligi\/topluluk-etkinlikleri\/\",\"name\":\"Topluluk Etkinlikleri - Sa\u011fl\u0131k K\u00fclt\u00fcr ve Spor Daire Ba\u015fkanl\u0131\u011f\u0131\",\"isPartOf\":{\"@id\":\"https:\/\/ticaret.edu.tr\/saglik-kultur-ve-spor-daire-baskanligi\/#website\"},\"datePublished\":\"2021-04-08T09:49:01+00:00\",\"dateModified\":\"2026-01-21T13:55:22+00:00\",\"breadcrumb\":{\"@id\":\"https:\/\/ticaret.edu.tr\/saglik-kultur-ve-spor-daire-baskanligi\/topluluk-etkinlikleri\/#breadcrumb\"},\"inLanguage\":\"tr\",\"potentialAction\":[{\"@type\":\"ReadAction\",\"target\":[\"https:\/\/ticaret.edu.tr\/saglik-kultur-ve-spor-daire-baskanligi\/topluluk-etkinlikleri\/\"]}]},{\"@type\":\"BreadcrumbList\",\"@id\":\"https:\/\/ticaret.edu.tr\/saglik-kultur-ve-spor-daire-baskanligi\/topluluk-etkinlikleri\/#breadcrumb\",\"itemListElement\":[{\"@type\":\"ListItem\",\"position\":1,\"name\":\"Ana sayfa\",\"item\":\"https:\/\/ticaret.edu.tr\/saglik-kultur-ve-spor-daire-baskanligi\/\"},{\"@type\":\"ListItem\",\"position\":2,\"name\":\"Topluluk Etkinlikleri\"}]},{\"@type\":\"WebSite\",\"@id\":\"https:\/\/ticaret.edu.tr\/saglik-kultur-ve-spor-daire-baskanligi\/#website\",\"url\":\"https:\/\/ticaret.edu.tr\/saglik-kultur-ve-spor-daire-baskanligi\/\",\"name\":\"Sa\u011fl\u0131k K\u00fclt\u00fcr ve Spor Daire Ba\u015fkanl\u0131\u011f\u0131\",\"description\":\"\",\"potentialAction\":[{\"@type\":\"SearchAction\",\"target\":{\"@type\":\"EntryPoint\",\"urlTemplate\":\"https:\/\/ticaret.edu.tr\/saglik-kultur-ve-spor-daire-baskanligi\/?s={search_term_string}\"},\"query-input\":\"required name=search_term_string\"}],\"inLanguage\":\"tr\"}]}<\/script>\n<!-- \/ Yoast SEO Premium plugin. -->","yoast_head_json":{"title":"Topluluk Etkinlikleri - Sa\u011fl\u0131k K\u00fclt\u00fcr ve Spor Daire Ba\u015fkanl\u0131\u011f\u0131","robots":{"index":"index","follow":"follow","max-snippet":"max-snippet:-1","max-image-preview":"max-image-preview:large","max-video-preview":"max-video-preview:-1"},"canonical":"https:\/\/ticaret.edu.tr\/saglik-kultur-ve-spor-daire-baskanligi\/topluluk-etkinlikleri\/","og_locale":"tr_TR","og_type":"article","og_title":"Topluluk Etkinlikleri","og_description":"Topluluk Etkinlikleri SKS B\u00fclten Ocak 2025 SKS B\u00fclten SKS B\u00fclten \u015eubat 2025 SKS B\u00fclten SKS B\u00fclten Mart 2025 SKS B\u00fclten SKS B\u00fclten Nisan 2025 SKS B\u00fclten SKS B\u00fclten May\u0131s 2025 SKS B\u00fclten","og_url":"https:\/\/ticaret.edu.tr\/saglik-kultur-ve-spor-daire-baskanligi\/topluluk-etkinlikleri\/","og_site_name":"Sa\u011fl\u0131k K\u00fclt\u00fcr ve Spor Daire Ba\u015fkanl\u0131\u011f\u0131","article_publisher":"https:\/\/www.facebook.com\/ticaretedutr","article_modified_time":"2026-01-21T13:55:22+00:00","og_image":[{"url":"http:\/\/ticaret.edu.tr\/saglik-kultur-ve-spor-daire-baskanligi\/wp-content\/uploads\/sites\/32\/2025\/05\/bulten-ikon.png"}],"twitter_card":"summary_large_image","twitter_site":"@ticaretedutr","twitter_misc":{"Tahmini okuma s\u00fcresi":"2 dakika"},"schema":{"@context":"https:\/\/schema.org","@graph":[{"@type":"WebPage","@id":"https:\/\/ticaret.edu.tr\/saglik-kultur-ve-spor-daire-baskanligi\/topluluk-etkinlikleri\/","url":"https:\/\/ticaret.edu.tr\/saglik-kultur-ve-spor-daire-baskanligi\/topluluk-etkinlikleri\/","name":"Topluluk Etkinlikleri - Sa\u011fl\u0131k K\u00fclt\u00fcr ve Spor Daire Ba\u015fkanl\u0131\u011f\u0131","isPartOf":{"@id":"https:\/\/ticaret.edu.tr\/saglik-kultur-ve-spor-daire-baskanligi\/#website"},"datePublished":"2021-04-08T09:49:01+00:00","dateModified":"2026-01-21T13:55:22+00:00","breadcrumb":{"@id":"https:\/\/ticaret.edu.tr\/saglik-kultur-ve-spor-daire-baskanligi\/topluluk-etkinlikleri\/#breadcrumb"},"inLanguage":"tr","potentialAction":[{"@type":"ReadAction","target":["https:\/\/ticaret.edu.tr\/saglik-kultur-ve-spor-daire-baskanligi\/topluluk-etkinlikleri\/"]}]},{"@type":"BreadcrumbList","@id":"https:\/\/ticaret.edu.tr\/saglik-kultur-ve-spor-daire-baskanligi\/topluluk-etkinlikleri\/#breadcrumb","itemListElement":[{"@type":"ListItem","position":1,"name":"Ana sayfa","item":"https:\/\/ticaret.edu.tr\/saglik-kultur-ve-spor-daire-baskanligi\/"},{"@type":"ListItem","position":2,"name":"Topluluk Etkinlikleri"}]},{"@type":"WebSite","@id":"https:\/\/ticaret.edu.tr\/saglik-kultur-ve-spor-daire-baskanligi\/#website","url":"https:\/\/ticaret.edu.tr\/saglik-kultur-ve-spor-daire-baskanligi\/","name":"Sa\u011fl\u0131k K\u00fclt\u00fcr ve Spor Daire Ba\u015fkanl\u0131\u011f\u0131","description":"","potentialAction":[{"@type":"SearchAction","target":{"@type":"EntryPoint","urlTemplate":"https:\/\/ticaret.edu.tr\/saglik-kultur-ve-spor-daire-baskanligi\/?s={search_term_string}"},"query-input":"required name=search_term_string"}],"inLanguage":"tr"}]}},"lang":"tr","translations":{"tr":331},"pll_sync_post":[],"_links":{"self":[{"href":"http:\/\/ticaret.edu.tr\/saglik-kultur-ve-spor-daire-baskanligi\/wp-json\/wp\/v2\/pages\/331"}],"collection":[{"href":"http:\/\/ticaret.edu.tr\/saglik-kultur-ve-spor-daire-baskanligi\/wp-json\/wp\/v2\/pages"}],"about":[{"href":"http:\/\/ticaret.edu.tr\/saglik-kultur-ve-spor-daire-baskanligi\/wp-json\/wp\/v2\/types\/page"}],"author":[{"embeddable":true,"href":"http:\/\/ticaret.edu.tr\/saglik-kultur-ve-spor-daire-baskanligi\/wp-json\/wp\/v2\/users\/149"}],"replies":[{"embeddable":true,"href":"http:\/\/ticaret.edu.tr\/saglik-kultur-ve-spor-daire-baskanligi\/wp-json\/wp\/v2\/comments?post=331"}],"version-history":[{"count":59,"href":"http:\/\/ticaret.edu.tr\/saglik-kultur-ve-spor-daire-baskanligi\/wp-json\/wp\/v2\/pages\/331\/revisions"}],"predecessor-version":[{"id":1186,"href":"http:\/\/ticaret.edu.tr\/saglik-kultur-ve-spor-daire-baskanligi\/wp-json\/wp\/v2\/pages\/331\/revisions\/1186"}],"wp:attachment":[{"href":"http:\/\/ticaret.edu.tr\/saglik-kultur-ve-spor-daire-baskanligi\/wp-json\/wp\/v2\/media?parent=331"}],"curies":[{"name":"wp","href":"https:\/\/api.w.org\/{rel}","templated":true}]}}